{"id":5902,"date":"2022-02-22T08:09:55","date_gmt":"2022-02-22T08:09:55","guid":{"rendered":"https:\/\/medicinasinc.com\/da\/?post_type=product&#038;p=5902"},"modified":"2022-03-19T21:06:00","modified_gmt":"2022-03-19T21:06:00","slug":"kob-5f-adb","status":"publish","type":"product","link":"https:\/\/medicinasinc.com\/da\/product\/kob-5f-adb\/","title":{"rendered":"K\u00f8b 5F-ADB"},"content":{"rendered":"<p>5F-ADB (alternativt stavet 5F-MDMB-PINACA) er et syntetisk cannabinoid afledt af indazol, der er blevet brugt som en aktiv ingrediens i syntetiske cannabisprodukter og solgt online som et designerl\u00e6gemiddel.<\/p>\n<p>5F -ADB er en st\u00e6rk agonist af CB1-receptoren, omend dens selektivitet for denne receptor er ukendt. 5F-ADB blev fundet for f\u00f8rste gang i november 2014 ved hj\u00e6lp af obduktionspr\u00f8ver erhvervet fra en person, der d\u00f8de efter at have taget et produkt indeholdende dette l\u00e6gemiddel. Efterf\u00f8lgende test viste, at 5F-ADB blev p\u00e5vist hos i alt ti mennesker, der d\u00f8de i Japan mellem september og december 2014 af uforklarlige overdoser af medicin. Baseret p\u00e5 de relativt lave niveauer, der er opdaget i v\u00e6vstest, menes 5F-ADB at v\u00e6re ekstraordin\u00e6rt st\u00e6rk og ser ud til at v\u00e6re v\u00e6sentligt mere farlig end tidligere solgt syntetisk cannabismedicin.<\/p>\n<p>N-[[1-(5- fluorpentyl)-1H-indazol-3-yl]carbonyl]<\/p>\n<p>-3-methyl-D-valin methylester (5F-ADB) er en meget st\u00e6rk syntetisk cannabis, der for\u00e5rsager alvorlige psykotiske symptomer hos mennesker, lejlighedsvis fatalt.<\/p>\n<p>For at belyse de neuronale mekanismer bag 5F-toksicitet har ADB&#8217;er unders\u00f8gt dets virkninger p\u00e5 mellemhjernens dopaminerge og serotonerge kredsl\u00f8b, som regulerer en r\u00e6kke fundamentale hjernefunktioner, inklusive dem, der er forbundet med bel\u00f8nningsrelateret adf\u00e6rd. Ex vivo elektrofysiologiske teknikker blev brugt til at registrere \u00e6ndringer i den spontane affyringsaktivitet af dopaminerge og serotonerge neuroner produceret af 5F-ADB.<\/p>\n<p>5F-ADB (1 M) \u00f8gede dramatisk den spontane affyringshastighed af dopaminerge neuroner, men undlod at aktivere dem i n\u00e6rv\u00e6relse af CB1-antagonisten AM251 (1 M). Den samme koncentration af 5F-ADB havde p\u00e5 den anden side ingen effekt p\u00e5 serotonerge neuronaktivitet. Disse resultater viser, at 5F-ADB aktiverer lokale CB1-receptorer og forbedrer dopaminerge systemer i mellemhjernen, mens det ikke har nogen effekt p\u00e5 serotonerge systemer i mellemhjernen.<\/p>\n","protected":false},"excerpt":{"rendered":"<p>K\u00f8b 5F-ADB til salg Storbritannien, Europa, Kina (ogs\u00e5 kendt som 5F-MDMB-PINACA) er en indazol-baseret syntetisk cannabinoid fra indazol-3-carboxamid-familien, tilg\u00e6ngelig engrosordre<\/p>\n","protected":false},"featured_media":5933,"comment_status":"open","ping_status":"closed","template":"","meta":[],"product_brand":[],"product_cat":[2596],"product_tag":[4066,4068,4067,4069,4073,4070,4071,4074,4076,4072,4075],"class_list":{"0":"post-5902","1":"product","2":"type-product","3":"status-publish","4":"has-post-thumbnail","6":"product_cat-cannabinoider-til-salg","7":"product_tag-5f-adb","8":"product_tag-5f-adb-pulver","9":"product_tag-5f-adb-til-salg","10":"product_tag-5f-mdmb-pinaca","11":"product_tag-bestil-5f-adb-online","12":"product_tag-buy-5f-adb-online","13":"product_tag-c20h28fn3o3","14":"product_tag-det-bedste-at-kbe-5f-adb-online","15":"product_tag-hvor-kan-kbes-5f-adb-online","16":"product_tag-sdan-kber-man-5f-adb-online","17":"product_tag-v1715016-75-3","19":"first","20":"instock","21":"featured","22":"shipping-taxable","23":"purchasable","24":"product-type-variable"},"yoast_head":"<!-- This site is optimized with the Yoast SEO plugin v27.3 - https:\/\/yoast.com\/product\/yoast-seo-wordpress\/ -->\n<title>K\u00f8b 5F-ADB - 5F-MDMB-PINACA - Bedste bedste globale medicin<\/title>\n<meta name=\"description\" content=\"K\u00f8b 5F-ADB til salg Storbritannien, Europa\u00a0(ogs\u00e5 kendt som\u00a05F-MDMB-PINACA) er en\u00a0indazol-baseret syntetisk\u00a0cannabinoid\u00a0fra indazol-3-carboxamid-familien, engrosordre tilg\u00e6ngelig\" \/>\n<meta name=\"robots\" content=\"index, follow, max-snippet:-1, max-image-preview:large, max-video-preview:-1\" \/>\n<link rel=\"canonical\" href=\"https:\/\/medicinasinc.com\/da\/product\/kob-5f-adb\/\" \/>\n<meta property=\"og:locale\" content=\"en_US\" \/>\n<meta property=\"og:type\" content=\"article\" \/>\n<meta property=\"og:title\" content=\"K\u00f8b 5F-ADB - 5F-MDMB-PINACA - Bedste bedste globale medicin\" \/>\n<meta property=\"og:description\" content=\"K\u00f8b 5F-ADB til salg Storbritannien, Europa\u00a0(ogs\u00e5 kendt som\u00a05F-MDMB-PINACA) er en\u00a0indazol-baseret syntetisk\u00a0cannabinoid\u00a0fra indazol-3-carboxamid-familien, engrosordre tilg\u00e6ngelig\" \/>\n<meta property=\"og:url\" content=\"https:\/\/medicinasinc.com\/da\/product\/kob-5f-adb\/\" \/>\n<meta property=\"og:site_name\" content=\"Medicinas Inc\" \/>\n<meta property=\"article:modified_time\" content=\"2022-03-19T21:06:00+00:00\" \/>\n<meta property=\"og:image\" content=\"https:\/\/medicinasinc.com\/da\/wp-content\/uploads\/sites\/8\/2022\/02\/Buy-5F-ADB.jpeg\" \/>\n\t<meta property=\"og:image:width\" content=\"800\" \/>\n\t<meta property=\"og:image:height\" content=\"450\" \/>\n\t<meta property=\"og:image:type\" content=\"image\/jpeg\" \/>\n<meta name=\"twitter:card\" content=\"summary_large_image\" \/>\n<meta name=\"twitter:label1\" content=\"Est. reading time\" \/>\n\t<meta name=\"twitter:data1\" content=\"2 minutes\" \/>\n<script type=\"application\/ld+json\" class=\"yoast-schema-graph\">{\"@context\":\"https:\\\/\\\/schema.org\",\"@graph\":[{\"@type\":\"WebPage\",\"@id\":\"https:\\\/\\\/medicinasinc.com\\\/da\\\/product\\\/kob-5f-adb\\\/\",\"url\":\"https:\\\/\\\/medicinasinc.com\\\/da\\\/product\\\/kob-5f-adb\\\/\",\"name\":\"K\u00f8b 5F-ADB - 5F-MDMB-PINACA - Bedste bedste globale medicin\",\"isPartOf\":{\"@id\":\"https:\\\/\\\/medicinasinc.com\\\/da\\\/#website\"},\"primaryImageOfPage\":{\"@id\":\"https:\\\/\\\/medicinasinc.com\\\/da\\\/product\\\/kob-5f-adb\\\/#primaryimage\"},\"image\":{\"@id\":\"https:\\\/\\\/medicinasinc.com\\\/da\\\/product\\\/kob-5f-adb\\\/#primaryimage\"},\"thumbnailUrl\":\"https:\\\/\\\/medicinasinc.com\\\/da\\\/wp-content\\\/uploads\\\/sites\\\/8\\\/2022\\\/02\\\/Buy-5F-ADB.jpeg\",\"datePublished\":\"2022-02-22T08:09:55+00:00\",\"dateModified\":\"2022-03-19T21:06:00+00:00\",\"description\":\"K\u00f8b 5F-ADB til salg Storbritannien, Europa\u00a0(ogs\u00e5 kendt som\u00a05F-MDMB-PINACA) er en\u00a0indazol-baseret syntetisk\u00a0cannabinoid\u00a0fra indazol-3-carboxamid-familien, engrosordre tilg\u00e6ngelig\",\"breadcrumb\":{\"@id\":\"https:\\\/\\\/medicinasinc.com\\\/da\\\/product\\\/kob-5f-adb\\\/#breadcrumb\"},\"inLanguage\":\"en-US\",\"potentialAction\":[{\"@type\":\"ReadAction\",\"target\":[\"https:\\\/\\\/medicinasinc.com\\\/da\\\/product\\\/kob-5f-adb\\\/\"]}]},{\"@type\":\"ImageObject\",\"inLanguage\":\"en-US\",\"@id\":\"https:\\\/\\\/medicinasinc.com\\\/da\\\/product\\\/kob-5f-adb\\\/#primaryimage\",\"url\":\"https:\\\/\\\/medicinasinc.com\\\/da\\\/wp-content\\\/uploads\\\/sites\\\/8\\\/2022\\\/02\\\/Buy-5F-ADB.jpeg\",\"contentUrl\":\"https:\\\/\\\/medicinasinc.com\\\/da\\\/wp-content\\\/uploads\\\/sites\\\/8\\\/2022\\\/02\\\/Buy-5F-ADB.jpeg\",\"width\":800,\"height\":450},{\"@type\":\"BreadcrumbList\",\"@id\":\"https:\\\/\\\/medicinasinc.com\\\/da\\\/product\\\/kob-5f-adb\\\/#breadcrumb\",\"itemListElement\":[{\"@type\":\"ListItem\",\"position\":1,\"name\":\"Butik\",\"item\":\"https:\\\/\\\/medicinasinc.com\\\/da\\\/butik\\\/\"},{\"@type\":\"ListItem\",\"position\":2,\"name\":\"K\u00f8b 5F-ADB\"}]},{\"@type\":\"WebSite\",\"@id\":\"https:\\\/\\\/medicinasinc.com\\\/da\\\/#website\",\"url\":\"https:\\\/\\\/medicinasinc.com\\\/da\\\/\",\"name\":\"Medicinas Inc\",\"description\":\"Health Medical Clinic\",\"potentialAction\":[{\"@type\":\"SearchAction\",\"target\":{\"@type\":\"EntryPoint\",\"urlTemplate\":\"https:\\\/\\\/medicinasinc.com\\\/da\\\/?s={search_term_string}\"},\"query-input\":{\"@type\":\"PropertyValueSpecification\",\"valueRequired\":true,\"valueName\":\"search_term_string\"}}],\"inLanguage\":\"en-US\"}]}<\/script>\n<!-- \/ Yoast SEO plugin. -->","yoast_head_json":{"title":"K\u00f8b 5F-ADB - 5F-MDMB-PINACA - Bedste bedste globale medicin","description":"K\u00f8b 5F-ADB til salg Storbritannien, Europa\u00a0(ogs\u00e5 kendt som\u00a05F-MDMB-PINACA) er en\u00a0indazol-baseret syntetisk\u00a0cannabinoid\u00a0fra indazol-3-carboxamid-familien, engrosordre tilg\u00e6ngelig","robots":{"index":"index","follow":"follow","max-snippet":"max-snippet:-1","max-image-preview":"max-image-preview:large","max-video-preview":"max-video-preview:-1"},"canonical":"https:\/\/medicinasinc.com\/da\/product\/kob-5f-adb\/","og_locale":"en_US","og_type":"article","og_title":"K\u00f8b 5F-ADB - 5F-MDMB-PINACA - Bedste bedste globale medicin","og_description":"K\u00f8b 5F-ADB til salg Storbritannien, Europa\u00a0(ogs\u00e5 kendt som\u00a05F-MDMB-PINACA) er en\u00a0indazol-baseret syntetisk\u00a0cannabinoid\u00a0fra indazol-3-carboxamid-familien, engrosordre tilg\u00e6ngelig","og_url":"https:\/\/medicinasinc.com\/da\/product\/kob-5f-adb\/","og_site_name":"Medicinas Inc","article_modified_time":"2022-03-19T21:06:00+00:00","og_image":[{"width":800,"height":450,"url":"https:\/\/medicinasinc.com\/da\/wp-content\/uploads\/sites\/8\/2022\/02\/Buy-5F-ADB.jpeg","type":"image\/jpeg"}],"twitter_card":"summary_large_image","twitter_misc":{"Est. reading time":"2 minutes"},"schema":{"@context":"https:\/\/schema.org","@graph":[{"@type":"WebPage","@id":"https:\/\/medicinasinc.com\/da\/product\/kob-5f-adb\/","url":"https:\/\/medicinasinc.com\/da\/product\/kob-5f-adb\/","name":"K\u00f8b 5F-ADB - 5F-MDMB-PINACA - Bedste bedste globale medicin","isPartOf":{"@id":"https:\/\/medicinasinc.com\/da\/#website"},"primaryImageOfPage":{"@id":"https:\/\/medicinasinc.com\/da\/product\/kob-5f-adb\/#primaryimage"},"image":{"@id":"https:\/\/medicinasinc.com\/da\/product\/kob-5f-adb\/#primaryimage"},"thumbnailUrl":"https:\/\/medicinasinc.com\/da\/wp-content\/uploads\/sites\/8\/2022\/02\/Buy-5F-ADB.jpeg","datePublished":"2022-02-22T08:09:55+00:00","dateModified":"2022-03-19T21:06:00+00:00","description":"K\u00f8b 5F-ADB til salg Storbritannien, Europa\u00a0(ogs\u00e5 kendt som\u00a05F-MDMB-PINACA) er en\u00a0indazol-baseret syntetisk\u00a0cannabinoid\u00a0fra indazol-3-carboxamid-familien, engrosordre tilg\u00e6ngelig","breadcrumb":{"@id":"https:\/\/medicinasinc.com\/da\/product\/kob-5f-adb\/#breadcrumb"},"inLanguage":"en-US","potentialAction":[{"@type":"ReadAction","target":["https:\/\/medicinasinc.com\/da\/product\/kob-5f-adb\/"]}]},{"@type":"ImageObject","inLanguage":"en-US","@id":"https:\/\/medicinasinc.com\/da\/product\/kob-5f-adb\/#primaryimage","url":"https:\/\/medicinasinc.com\/da\/wp-content\/uploads\/sites\/8\/2022\/02\/Buy-5F-ADB.jpeg","contentUrl":"https:\/\/medicinasinc.com\/da\/wp-content\/uploads\/sites\/8\/2022\/02\/Buy-5F-ADB.jpeg","width":800,"height":450},{"@type":"BreadcrumbList","@id":"https:\/\/medicinasinc.com\/da\/product\/kob-5f-adb\/#breadcrumb","itemListElement":[{"@type":"ListItem","position":1,"name":"Butik","item":"https:\/\/medicinasinc.com\/da\/butik\/"},{"@type":"ListItem","position":2,"name":"K\u00f8b 5F-ADB"}]},{"@type":"WebSite","@id":"https:\/\/medicinasinc.com\/da\/#website","url":"https:\/\/medicinasinc.com\/da\/","name":"Medicinas Inc","description":"Health Medical Clinic","potentialAction":[{"@type":"SearchAction","target":{"@type":"EntryPoint","urlTemplate":"https:\/\/medicinasinc.com\/da\/?s={search_term_string}"},"query-input":{"@type":"PropertyValueSpecification","valueRequired":true,"valueName":"search_term_string"}}],"inLanguage":"en-US"}]}},"_links":{"self":[{"href":"https:\/\/medicinasinc.com\/da\/wp-json\/wp\/v2\/product\/5902","targetHints":{"allow":["GET"]}}],"collection":[{"href":"https:\/\/medicinasinc.com\/da\/wp-json\/wp\/v2\/product"}],"about":[{"href":"https:\/\/medicinasinc.com\/da\/wp-json\/wp\/v2\/types\/product"}],"replies":[{"embeddable":true,"href":"https:\/\/medicinasinc.com\/da\/wp-json\/wp\/v2\/comments?post=5902"}],"wp:featuredmedia":[{"embeddable":true,"href":"https:\/\/medicinasinc.com\/da\/wp-json\/wp\/v2\/media\/5933"}],"wp:attachment":[{"href":"https:\/\/medicinasinc.com\/da\/wp-json\/wp\/v2\/media?parent=5902"}],"wp:term":[{"taxonomy":"product_brand","embeddable":true,"href":"https:\/\/medicinasinc.com\/da\/wp-json\/wp\/v2\/product_brand?post=5902"},{"taxonomy":"product_cat","embeddable":true,"href":"https:\/\/medicinasinc.com\/da\/wp-json\/wp\/v2\/product_cat?post=5902"},{"taxonomy":"product_tag","embeddable":true,"href":"https:\/\/medicinasinc.com\/da\/wp-json\/wp\/v2\/product_tag?post=5902"}],"curies":[{"name":"wp","href":"https:\/\/api.w.org\/{rel}","templated":true}]}}