{"id":5897,"date":"2022-02-22T08:07:13","date_gmt":"2022-02-22T08:07:13","guid":{"rendered":"https:\/\/medicinasinc.com\/da\/?post_type=product&#038;p=5897"},"modified":"2022-03-19T21:06:17","modified_gmt":"2022-03-19T21:06:17","slug":"kob-5c-akb48","status":"publish","type":"product","link":"https:\/\/medicinasinc.com\/da\/product\/kob-5c-akb48\/","title":{"rendered":"K\u00f8b 5C-AKB48"},"content":{"rendered":"<p>Hvad er 5C-AKB48-koden?<\/p>\n<p>5C-AKB48 er et syntetisk cannabinoid, der tilh\u00f8rer indazolcarboxamidklassen. Det er 5-chloranalogen af \u200b\u200b5F-AKB48 (ofte omtalt som AKB48, 5F-APINACA eller 5F-AKB48), den mere kendte syntetiske cannabinoid, der er opdaget i Sydkorea.<\/p>\n<p>Europas st\u00f8rste forhandler af 5C-AKB48-pulver.<\/p>\n<p>5C-AKB48 kan k\u00f8bes online ved hj\u00e6lp af Bitcoin. 5C-AKB48 er en st\u00e6rkere version af AKB-48, der opererer p\u00e5 cannabinoidreceptorer.<\/p>\n<p>5C-AKB48 h\u00e6vdes at have lignende, men mere potente, virkninger end 5F-AKB48, og ligesom alle syntetiske cannabinoider, det har en h\u00f8j affinitet for CB1- og CB2-receptorerne.<\/p>\n<p>5C-AKB48 kemiske egenskaber<\/p>\n<p>C23H30CIN3O<\/p>\n<p>N-(adamantan-1-yl)<\/p>\n<p> p&gt; <\/p>\n<p>-1-(5-chlorpentyl)-1H-indazol<\/p>\n<p>-3-carboxamid<\/p>\n<p>Molekylv\u00e6gt: 400,00 g\/mol<\/p>\n<p>Renhed : mere end 98 procent<\/p>\n<p>5C-AKB48 er et syntetisk cannabinoid, der tilh\u00f8rer indazol-3-carboxamid-familien. Det deler lignende molekyl\u00e6re egenskaber med 5F-ABD. Som det er tilf\u00e6ldet med mange cannabinoider, har det en h\u00f8j affinitet til CB1- og CB2-receptorerne, hvilket bidrager til dets euforiske egenskaber. Som det er tilf\u00e6ldet med de fleste cannabinoider, er det uopl\u00f8seligt i vand og stabilt ved stuetemperatur. Som det er tilf\u00e6ldet med st\u00f8rstedelen af \u200b\u200bcannabinoider, har 5C-AKB48 et betydeligt potentiale til brug som smertestillende og appetitstimulerende middel. Selvom der ikke er udf\u00f8rt menneskelige fors\u00f8g, er det rimeligt at antage, at 5C-AKB48 har de samme syntetiske cannabinoideffekter som andre kemikalier i samme klasse. Det skal n\u00e6vnes, at dette l\u00e6gemiddels sikkerhedsprofil ikke er blevet grundigt evalueret, og at det ikke er beregnet til konsum.<\/p>\n<p>Hvad er de sandsynlige bivirkninger og forholdsregler forbundet med 5C-AKB48?<\/p>\n<p>5C-psykoaktive AKB48&#8217;s virkninger er sammenlignelige med virkningerne af andre naturlige og syntetiske cannabinoider, is\u00e6r 5F-ABD.<\/p>\n<p>Sedation: M\u00e5ske den mest kendte effekt af cannabinoider, forbrugere rapporterer en dyb f\u00f8lelse af ro og nedsatte energiniveauer efter 5C-AKB48-forbrug.<\/p>\n<p>Reducer inflammation: I \u00e5rtusinder er naturligt forekommende cannabinoider blevet brugt p\u00e5 grund af deres antiinflammatoriske egenskaber. CBD (en ikke-psykoaktiv cannabinoid) har for nylig vundet popularitet som smerte- og bet\u00e6ndelsesmiddel. Selvom der ikke er foretaget officielle unders\u00f8gelser, er det rimeligt at antage, at 5C-AKB48 besidder de anti-inflammatoriske egenskaber forbundet med cannabinoider.<\/p>\n<p>Anti-kvalme og opkastningsegenskaber: Cannabinoider har anti-kvalme og opkastningsegenskaber, der er blevet set klinisk i mange \u00e5r [1], med rutinem\u00e6ssigt ordineret medicin s\u00e5som Marinol, Syndros og Nabilone indeholdende syntetiske cannabinoider.<\/p>\n<p>Cannabinoider har l\u00e6nge v\u00e6ret anerkendt for deres evne til betydeligt at mindske sv\u00e6rhedsgraden af \u200b\u200bmigr\u00e6ne og kronisk hovedpine hos mennesker [2]. Desv\u00e6rre er der ikke udf\u00f8rt kontrollerede unders\u00f8gelser af anvendeligheden af \u200b\u200b5C-AKB48 til behandling af hovedpine, og der eksisterer kun f\u00e5 anekdotiske rapporter.<\/p>\n<p>Som tidligere angivet, er der ikke foretaget nogen formel forskning p\u00e5 5C-AKB48 , og derfor er dens sikkerhedsprofil uklar i \u00f8jeblikket. P\u00e5 trods af frav\u00e6ret af test, kan vi forvente, at det vil udvise de typiske bivirkninger af cannabis. Som et resultat er det vigtigt at huske, at 5C-AKB48 kun er beregnet til forskningsbrug og ikke er beregnet til konsum. Det b\u00f8r ikke h\u00e5ndteres uden brug af passende laboratorieudstyr, inklusive \u00f8jenbeskyttelse og handsker.<\/p>\n<p>Hvor kan jeg k\u00f8be det?<\/p>\n<p>Chemical Planet er stolte af at tilbyde 5C- af h\u00f8jeste kvalitet AKB48 p\u00e5 markedet. Chemical Planet er ogs\u00e5 en nr. 1 trov\u00e6rdig udbyder, der leverer hurtig, diskret forsendelse til en r\u00e6kke steder i hele verden.<\/p>\n<p>For at k\u00f8be 5C-AKB48 skal du v\u00e6re mindst 18 \u00e5r gammel og alle almindelige kreditkort samt bitcoin accepteres. Alle produkter, inklusive 5C-AKB48, er udelukkende beregnet til forskningsbrug og er ikke beregnet til konsum.<\/p>\n","protected":false},"excerpt":{"rendered":"<p>K\u00f8b 5c-akb48 til salg, engros 5c-akb48 UK, bestil 5cakb48 Europa-leverand\u00f8r. 5c-akb48 er en indazol-baseret syntetisk cannabinoid, der er blevet solgt online som et designerl\u00e6gemiddel.<\/p>\n","protected":false},"featured_media":5928,"comment_status":"open","ping_status":"closed","template":"","meta":[],"product_brand":[],"product_cat":[2596],"product_tag":[4052,4053,4054,4055,4056,2600,2616,4059,4057,4058,2615,4060,4061,4064,4065,4062,4063],"class_list":{"0":"post-5897","1":"product","2":"type-product","3":"status-publish","4":"has-post-thumbnail","6":"product_cat-cannabinoider-til-salg","7":"product_tag-5c-akb48","8":"product_tag-5c-akb48-til-salg","9":"product_tag-5cakb48","10":"product_tag-5f-mdmb-2201-5f-mdmb-2201-cannabinoid","11":"product_tag-5f-mdmb-2201-psykonaut","12":"product_tag-5f-mdmb-2201","13":"product_tag-5f-mdmb-2201-gennemgang","14":"product_tag-5f-mdmb-2201-anmeldelser","15":"product_tag-5f-mdmb-2201-cayman","16":"product_tag-5f-mdmb-2201-dosering","17":"product_tag-5f-mdmb-2201-reddit","18":"product_tag-5f-mdmb-2201-wiki","19":"product_tag-5fmdmb2201-5f-mdmb-2201-kannabinoid","20":"product_tag-det-bedste-at-kbe-5c-akb48-online","21":"product_tag-hvor-kan-kbes-5c-akb48-online","22":"product_tag-kb-5c-akb48-online","23":"product_tag-purchase-5c-akb48-online","25":"first","26":"instock","27":"shipping-taxable","28":"purchasable","29":"product-type-variable"},"yoast_head":"<!-- This site is optimized with the Yoast SEO plugin v27.3 - https:\/\/yoast.com\/product\/yoast-seo-wordpress\/ -->\n<title>K\u00f8b 5c-akb48 fra en p\u00e5lidelig leverand\u00f8r - Cannabinoider - bedste globale medicin<\/title>\n<meta name=\"description\" content=\"K\u00f8b 5c-akb48 til salg, engros 5c-akb48 UK, Bestil 5cakb48 Europa leverand\u00f8r. 5c-akb48 er en indazol-baseret syntetisk cannabinoid, der er blevet solgt online som et designerl\u00e6gemiddel.\" \/>\n<meta name=\"robots\" content=\"index, follow, max-snippet:-1, max-image-preview:large, max-video-preview:-1\" \/>\n<link rel=\"canonical\" href=\"https:\/\/medicinasinc.com\/da\/product\/kob-5c-akb48\/\" \/>\n<meta property=\"og:locale\" content=\"en_US\" \/>\n<meta property=\"og:type\" content=\"article\" \/>\n<meta property=\"og:title\" content=\"K\u00f8b 5c-akb48 fra en p\u00e5lidelig leverand\u00f8r - Cannabinoider - bedste globale medicin\" \/>\n<meta property=\"og:description\" content=\"K\u00f8b 5c-akb48 til salg, engros 5c-akb48 UK, Bestil 5cakb48 Europa leverand\u00f8r. 5c-akb48 er en indazol-baseret syntetisk cannabinoid, der er blevet solgt online som et designerl\u00e6gemiddel.\" \/>\n<meta property=\"og:url\" content=\"https:\/\/medicinasinc.com\/da\/product\/kob-5c-akb48\/\" \/>\n<meta property=\"og:site_name\" content=\"Medicinas Inc\" \/>\n<meta property=\"article:modified_time\" content=\"2022-03-19T21:06:17+00:00\" \/>\n<meta property=\"og:image\" content=\"https:\/\/medicinasinc.com\/da\/wp-content\/uploads\/sites\/8\/2022\/02\/Buy-5C-AKB48.png\" \/>\n\t<meta property=\"og:image:width\" content=\"500\" \/>\n\t<meta property=\"og:image:height\" content=\"500\" \/>\n\t<meta property=\"og:image:type\" content=\"image\/png\" \/>\n<meta name=\"twitter:card\" content=\"summary_large_image\" \/>\n<meta name=\"twitter:label1\" content=\"Est. reading time\" \/>\n\t<meta name=\"twitter:data1\" content=\"3 minutes\" \/>\n<script type=\"application\/ld+json\" class=\"yoast-schema-graph\">{\"@context\":\"https:\\\/\\\/schema.org\",\"@graph\":[{\"@type\":\"WebPage\",\"@id\":\"https:\\\/\\\/medicinasinc.com\\\/da\\\/product\\\/kob-5c-akb48\\\/\",\"url\":\"https:\\\/\\\/medicinasinc.com\\\/da\\\/product\\\/kob-5c-akb48\\\/\",\"name\":\"K\u00f8b 5c-akb48 fra en p\u00e5lidelig leverand\u00f8r - Cannabinoider - bedste globale medicin\",\"isPartOf\":{\"@id\":\"https:\\\/\\\/medicinasinc.com\\\/da\\\/#website\"},\"primaryImageOfPage\":{\"@id\":\"https:\\\/\\\/medicinasinc.com\\\/da\\\/product\\\/kob-5c-akb48\\\/#primaryimage\"},\"image\":{\"@id\":\"https:\\\/\\\/medicinasinc.com\\\/da\\\/product\\\/kob-5c-akb48\\\/#primaryimage\"},\"thumbnailUrl\":\"https:\\\/\\\/medicinasinc.com\\\/da\\\/wp-content\\\/uploads\\\/sites\\\/8\\\/2022\\\/02\\\/Buy-5C-AKB48.png\",\"datePublished\":\"2022-02-22T08:07:13+00:00\",\"dateModified\":\"2022-03-19T21:06:17+00:00\",\"description\":\"K\u00f8b 5c-akb48 til salg, engros 5c-akb48 UK, Bestil 5cakb48 Europa leverand\u00f8r. 5c-akb48 er en indazol-baseret syntetisk cannabinoid, der er blevet solgt online som et designerl\u00e6gemiddel.\",\"breadcrumb\":{\"@id\":\"https:\\\/\\\/medicinasinc.com\\\/da\\\/product\\\/kob-5c-akb48\\\/#breadcrumb\"},\"inLanguage\":\"en-US\",\"potentialAction\":[{\"@type\":\"ReadAction\",\"target\":[\"https:\\\/\\\/medicinasinc.com\\\/da\\\/product\\\/kob-5c-akb48\\\/\"]}]},{\"@type\":\"ImageObject\",\"inLanguage\":\"en-US\",\"@id\":\"https:\\\/\\\/medicinasinc.com\\\/da\\\/product\\\/kob-5c-akb48\\\/#primaryimage\",\"url\":\"https:\\\/\\\/medicinasinc.com\\\/da\\\/wp-content\\\/uploads\\\/sites\\\/8\\\/2022\\\/02\\\/Buy-5C-AKB48.png\",\"contentUrl\":\"https:\\\/\\\/medicinasinc.com\\\/da\\\/wp-content\\\/uploads\\\/sites\\\/8\\\/2022\\\/02\\\/Buy-5C-AKB48.png\",\"width\":500,\"height\":500},{\"@type\":\"BreadcrumbList\",\"@id\":\"https:\\\/\\\/medicinasinc.com\\\/da\\\/product\\\/kob-5c-akb48\\\/#breadcrumb\",\"itemListElement\":[{\"@type\":\"ListItem\",\"position\":1,\"name\":\"Butik\",\"item\":\"https:\\\/\\\/medicinasinc.com\\\/da\\\/butik\\\/\"},{\"@type\":\"ListItem\",\"position\":2,\"name\":\"K\u00f8b 5C-AKB48\"}]},{\"@type\":\"WebSite\",\"@id\":\"https:\\\/\\\/medicinasinc.com\\\/da\\\/#website\",\"url\":\"https:\\\/\\\/medicinasinc.com\\\/da\\\/\",\"name\":\"Medicinas Inc\",\"description\":\"Health Medical Clinic\",\"potentialAction\":[{\"@type\":\"SearchAction\",\"target\":{\"@type\":\"EntryPoint\",\"urlTemplate\":\"https:\\\/\\\/medicinasinc.com\\\/da\\\/?s={search_term_string}\"},\"query-input\":{\"@type\":\"PropertyValueSpecification\",\"valueRequired\":true,\"valueName\":\"search_term_string\"}}],\"inLanguage\":\"en-US\"}]}<\/script>\n<!-- \/ Yoast SEO plugin. -->","yoast_head_json":{"title":"K\u00f8b 5c-akb48 fra en p\u00e5lidelig leverand\u00f8r - Cannabinoider - bedste globale medicin","description":"K\u00f8b 5c-akb48 til salg, engros 5c-akb48 UK, Bestil 5cakb48 Europa leverand\u00f8r. 5c-akb48 er en indazol-baseret syntetisk cannabinoid, der er blevet solgt online som et designerl\u00e6gemiddel.","robots":{"index":"index","follow":"follow","max-snippet":"max-snippet:-1","max-image-preview":"max-image-preview:large","max-video-preview":"max-video-preview:-1"},"canonical":"https:\/\/medicinasinc.com\/da\/product\/kob-5c-akb48\/","og_locale":"en_US","og_type":"article","og_title":"K\u00f8b 5c-akb48 fra en p\u00e5lidelig leverand\u00f8r - Cannabinoider - bedste globale medicin","og_description":"K\u00f8b 5c-akb48 til salg, engros 5c-akb48 UK, Bestil 5cakb48 Europa leverand\u00f8r. 5c-akb48 er en indazol-baseret syntetisk cannabinoid, der er blevet solgt online som et designerl\u00e6gemiddel.","og_url":"https:\/\/medicinasinc.com\/da\/product\/kob-5c-akb48\/","og_site_name":"Medicinas Inc","article_modified_time":"2022-03-19T21:06:17+00:00","og_image":[{"width":500,"height":500,"url":"https:\/\/medicinasinc.com\/da\/wp-content\/uploads\/sites\/8\/2022\/02\/Buy-5C-AKB48.png","type":"image\/png"}],"twitter_card":"summary_large_image","twitter_misc":{"Est. reading time":"3 minutes"},"schema":{"@context":"https:\/\/schema.org","@graph":[{"@type":"WebPage","@id":"https:\/\/medicinasinc.com\/da\/product\/kob-5c-akb48\/","url":"https:\/\/medicinasinc.com\/da\/product\/kob-5c-akb48\/","name":"K\u00f8b 5c-akb48 fra en p\u00e5lidelig leverand\u00f8r - Cannabinoider - bedste globale medicin","isPartOf":{"@id":"https:\/\/medicinasinc.com\/da\/#website"},"primaryImageOfPage":{"@id":"https:\/\/medicinasinc.com\/da\/product\/kob-5c-akb48\/#primaryimage"},"image":{"@id":"https:\/\/medicinasinc.com\/da\/product\/kob-5c-akb48\/#primaryimage"},"thumbnailUrl":"https:\/\/medicinasinc.com\/da\/wp-content\/uploads\/sites\/8\/2022\/02\/Buy-5C-AKB48.png","datePublished":"2022-02-22T08:07:13+00:00","dateModified":"2022-03-19T21:06:17+00:00","description":"K\u00f8b 5c-akb48 til salg, engros 5c-akb48 UK, Bestil 5cakb48 Europa leverand\u00f8r. 5c-akb48 er en indazol-baseret syntetisk cannabinoid, der er blevet solgt online som et designerl\u00e6gemiddel.","breadcrumb":{"@id":"https:\/\/medicinasinc.com\/da\/product\/kob-5c-akb48\/#breadcrumb"},"inLanguage":"en-US","potentialAction":[{"@type":"ReadAction","target":["https:\/\/medicinasinc.com\/da\/product\/kob-5c-akb48\/"]}]},{"@type":"ImageObject","inLanguage":"en-US","@id":"https:\/\/medicinasinc.com\/da\/product\/kob-5c-akb48\/#primaryimage","url":"https:\/\/medicinasinc.com\/da\/wp-content\/uploads\/sites\/8\/2022\/02\/Buy-5C-AKB48.png","contentUrl":"https:\/\/medicinasinc.com\/da\/wp-content\/uploads\/sites\/8\/2022\/02\/Buy-5C-AKB48.png","width":500,"height":500},{"@type":"BreadcrumbList","@id":"https:\/\/medicinasinc.com\/da\/product\/kob-5c-akb48\/#breadcrumb","itemListElement":[{"@type":"ListItem","position":1,"name":"Butik","item":"https:\/\/medicinasinc.com\/da\/butik\/"},{"@type":"ListItem","position":2,"name":"K\u00f8b 5C-AKB48"}]},{"@type":"WebSite","@id":"https:\/\/medicinasinc.com\/da\/#website","url":"https:\/\/medicinasinc.com\/da\/","name":"Medicinas Inc","description":"Health Medical Clinic","potentialAction":[{"@type":"SearchAction","target":{"@type":"EntryPoint","urlTemplate":"https:\/\/medicinasinc.com\/da\/?s={search_term_string}"},"query-input":{"@type":"PropertyValueSpecification","valueRequired":true,"valueName":"search_term_string"}}],"inLanguage":"en-US"}]}},"_links":{"self":[{"href":"https:\/\/medicinasinc.com\/da\/wp-json\/wp\/v2\/product\/5897","targetHints":{"allow":["GET"]}}],"collection":[{"href":"https:\/\/medicinasinc.com\/da\/wp-json\/wp\/v2\/product"}],"about":[{"href":"https:\/\/medicinasinc.com\/da\/wp-json\/wp\/v2\/types\/product"}],"replies":[{"embeddable":true,"href":"https:\/\/medicinasinc.com\/da\/wp-json\/wp\/v2\/comments?post=5897"}],"wp:featuredmedia":[{"embeddable":true,"href":"https:\/\/medicinasinc.com\/da\/wp-json\/wp\/v2\/media\/5928"}],"wp:attachment":[{"href":"https:\/\/medicinasinc.com\/da\/wp-json\/wp\/v2\/media?parent=5897"}],"wp:term":[{"taxonomy":"product_brand","embeddable":true,"href":"https:\/\/medicinasinc.com\/da\/wp-json\/wp\/v2\/product_brand?post=5897"},{"taxonomy":"product_cat","embeddable":true,"href":"https:\/\/medicinasinc.com\/da\/wp-json\/wp\/v2\/product_cat?post=5897"},{"taxonomy":"product_tag","embeddable":true,"href":"https:\/\/medicinasinc.com\/da\/wp-json\/wp\/v2\/product_tag?post=5897"}],"curies":[{"name":"wp","href":"https:\/\/api.w.org\/{rel}","templated":true}]}}