{"id":5893,"date":"2022-02-22T08:05:19","date_gmt":"2022-02-22T08:05:19","guid":{"rendered":"https:\/\/medicinasinc.com\/da\/?post_type=product&#038;p=5893"},"modified":"2022-03-19T21:06:38","modified_gmt":"2022-03-19T21:06:38","slug":"kob-benzyl-methyl-keton-bmk-pulver-online","status":"publish","type":"product","link":"https:\/\/medicinasinc.com\/da\/product\/kob-benzyl-methyl-keton-bmk-pulver-online\/","title":{"rendered":"K\u00f8b Benzyl Methyl Ketone (BMK) Powder Online"},"content":{"rendered":"<p>Online k\u00f8b af BMK pulver<\/p>\n<p>BMK pulver kan k\u00f8bes online. Den kemiske formel for phenylacetone er C6H5CH2COCH3. Det er en olie, der er farvel\u00f8s og opl\u00f8selig i organiske opl\u00f8sningsmidler. Dette kemikalie omtales generelt som P2P, da det bruges til fremstilling af metamfetamin og amfetamin. Phenylacetone produceres hos mennesker som en metabolit af amfetamin og metamfetamin via oxidativ deaminering medieret af FMO3.<\/p>\n<p>Phenylacetone, ogs\u00e5 kendt som benzylmethylketon (BMK) eller P2P, var forl\u00f8beren for produktionen af \u200b\u200bamfetamin. Det er reguleret af Den Europ\u00e6iske Union (EU) i henhold til forordning (EF) 273\/2004 om narkotikapr\u00e6kursorer og R\u00e5dets forordning (EF) 111\/2005 om udveksling af narkotikapr\u00e6kursorer. Som f\u00f8lge heraf skal administratorer indhente autorisation fra dygtige specialister for at eje, importere eller transportere det. For nylig har der ikke v\u00e6ret nogen storstilet BMK-fangster inden for EU. Vi har en rigtig god kundetilfredshedsvurdering og er parate til at v\u00e6re de bedste onlineleverand\u00f8rer af phenylacetoneolie.<\/p>\n<p>Phenylacetone kan ogs\u00e5 syntetiseres fra pr\u00e6kursorer som APAAN (alpha-phenylacetoacetonitril). For nylig har importen af \u200b\u200bAPAAN v\u00e6ret p\u00e5 et rekordh\u00f8jt niveau, og som f\u00f8lge heraf blev den udlignet i EU i slutningen af \u200b\u200b2013. I marts 2014 stemte FN&#8217;s Kommission for Narkotiske Narkotika enstemmigt for at regulere det globalt. <\/p>\n<p>Vores forsendelses- og leveringsmetoder er fuldst\u00e6ndig sikre og enkle til k\u00f8b af phenylacetoneolie online. Vi er parate til at s\u00e6lge sm\u00e5 m\u00e6ngder s\u00e5vel som enorme m\u00e6ngder af vores phenylacetoneolie online. Vores phenylacetoneolie online kvalitet er uovertruffen, og vi s\u00e6lger i sm\u00e5\/store m\u00e6ngder med forsikring om diskret levering i tide, efter du har k\u00f8bt phenylacetone olie online. Forsendelse via DHL, TNT eller FedEx, blandt andre. Derudover er det afh\u00e6ngigt af kundens transportform, n\u00e5r du bestiller phenylacetoneolie online. T\u00f8v ikke med at kontakte os, n\u00e5r du er klar til at k\u00f8be phenylacetone, da vi tilbyder den billigste pris.<\/p>\n<p>Det er meningen, at vi skal g\u00f8re k\u00f8b af en bred vifte af vores produkter ligetil. N\u00e5r du har afgivet en ordre p\u00e5 phenylacetoneolie online hos os, vil vi r\u00e5dgive dig om dit k\u00f8b. Vi sikrer, at vores kunder modtager deres pakke og phenylacetoneolie af h\u00f8j kvalitet, samt at de n\u00e5r deres m\u00e5l ved at sikre, at vores varer er korrekt behandlet.<\/p>\n","protected":false},"excerpt":{"rendered":"<p>K\u00f8b Benzyl Methyl Ketone (BMK) Powder Online. Vores BMK Powder er 100% laboratorietestet. Vi sender vores BMK Powder som diskret og ekspresforsendelse<\/p>\n","protected":false},"featured_media":5922,"comment_status":"open","ping_status":"closed","template":"","meta":[],"product_brand":[],"product_cat":[2014],"product_tag":[],"class_list":{"0":"post-5893","1":"product","2":"type-product","3":"status-publish","4":"has-post-thumbnail","6":"product_cat-kb-forskningskemikalier","8":"first","9":"instock","10":"shipping-taxable","11":"purchasable","12":"product-type-variable"},"yoast_head":"<!-- This site is optimized with the Yoast SEO plugin v27.3 - https:\/\/yoast.com\/product\/yoast-seo-wordpress\/ -->\n<title>K\u00f8b Benzyl Methyl Ketone (BMK) Powder Online - Bedste globale medicin<\/title>\n<meta name=\"description\" content=\"K\u00f8b Benzyl Methyl Ketone (BMK) Powder Online. Vores BMK Powder er 100% laboratorietestet. Vi sender vores BMK Powder som diskret og ekspresforsendelse\" \/>\n<meta name=\"robots\" content=\"index, follow, max-snippet:-1, max-image-preview:large, max-video-preview:-1\" \/>\n<link rel=\"canonical\" href=\"https:\/\/medicinasinc.com\/da\/product\/kob-benzyl-methyl-keton-bmk-pulver-online\/\" \/>\n<meta property=\"og:locale\" content=\"en_US\" \/>\n<meta property=\"og:type\" content=\"article\" \/>\n<meta property=\"og:title\" content=\"K\u00f8b Benzyl Methyl Ketone (BMK) Powder Online - Bedste globale medicin\" \/>\n<meta property=\"og:description\" content=\"K\u00f8b Benzyl Methyl Ketone (BMK) Powder Online. Vores BMK Powder er 100% laboratorietestet. Vi sender vores BMK Powder som diskret og ekspresforsendelse\" \/>\n<meta property=\"og:url\" content=\"https:\/\/medicinasinc.com\/da\/product\/kob-benzyl-methyl-keton-bmk-pulver-online\/\" \/>\n<meta property=\"og:site_name\" content=\"Medicinas Inc\" \/>\n<meta property=\"article:modified_time\" content=\"2022-03-19T21:06:38+00:00\" \/>\n<meta property=\"og:image\" content=\"https:\/\/medicinasinc.com\/da\/wp-content\/uploads\/sites\/8\/2022\/02\/buy-bmk-powder.jpg\" \/>\n\t<meta property=\"og:image:width\" content=\"447\" \/>\n\t<meta property=\"og:image:height\" content=\"389\" \/>\n\t<meta property=\"og:image:type\" content=\"image\/jpeg\" \/>\n<meta name=\"twitter:card\" content=\"summary_large_image\" \/>\n<meta name=\"twitter:label1\" content=\"Est. reading time\" \/>\n\t<meta name=\"twitter:data1\" content=\"2 minutes\" \/>\n<script type=\"application\/ld+json\" class=\"yoast-schema-graph\">{\"@context\":\"https:\\\/\\\/schema.org\",\"@graph\":[{\"@type\":\"WebPage\",\"@id\":\"https:\\\/\\\/medicinasinc.com\\\/da\\\/product\\\/kob-benzyl-methyl-keton-bmk-pulver-online\\\/\",\"url\":\"https:\\\/\\\/medicinasinc.com\\\/da\\\/product\\\/kob-benzyl-methyl-keton-bmk-pulver-online\\\/\",\"name\":\"K\u00f8b Benzyl Methyl Ketone (BMK) Powder Online - Bedste globale medicin\",\"isPartOf\":{\"@id\":\"https:\\\/\\\/medicinasinc.com\\\/da\\\/#website\"},\"primaryImageOfPage\":{\"@id\":\"https:\\\/\\\/medicinasinc.com\\\/da\\\/product\\\/kob-benzyl-methyl-keton-bmk-pulver-online\\\/#primaryimage\"},\"image\":{\"@id\":\"https:\\\/\\\/medicinasinc.com\\\/da\\\/product\\\/kob-benzyl-methyl-keton-bmk-pulver-online\\\/#primaryimage\"},\"thumbnailUrl\":\"https:\\\/\\\/medicinasinc.com\\\/da\\\/wp-content\\\/uploads\\\/sites\\\/8\\\/2022\\\/02\\\/buy-bmk-powder.jpg\",\"datePublished\":\"2022-02-22T08:05:19+00:00\",\"dateModified\":\"2022-03-19T21:06:38+00:00\",\"description\":\"K\u00f8b Benzyl Methyl Ketone (BMK) Powder Online. Vores BMK Powder er 100% laboratorietestet. Vi sender vores BMK Powder som diskret og ekspresforsendelse\",\"breadcrumb\":{\"@id\":\"https:\\\/\\\/medicinasinc.com\\\/da\\\/product\\\/kob-benzyl-methyl-keton-bmk-pulver-online\\\/#breadcrumb\"},\"inLanguage\":\"en-US\",\"potentialAction\":[{\"@type\":\"ReadAction\",\"target\":[\"https:\\\/\\\/medicinasinc.com\\\/da\\\/product\\\/kob-benzyl-methyl-keton-bmk-pulver-online\\\/\"]}]},{\"@type\":\"ImageObject\",\"inLanguage\":\"en-US\",\"@id\":\"https:\\\/\\\/medicinasinc.com\\\/da\\\/product\\\/kob-benzyl-methyl-keton-bmk-pulver-online\\\/#primaryimage\",\"url\":\"https:\\\/\\\/medicinasinc.com\\\/da\\\/wp-content\\\/uploads\\\/sites\\\/8\\\/2022\\\/02\\\/buy-bmk-powder.jpg\",\"contentUrl\":\"https:\\\/\\\/medicinasinc.com\\\/da\\\/wp-content\\\/uploads\\\/sites\\\/8\\\/2022\\\/02\\\/buy-bmk-powder.jpg\",\"width\":447,\"height\":389},{\"@type\":\"BreadcrumbList\",\"@id\":\"https:\\\/\\\/medicinasinc.com\\\/da\\\/product\\\/kob-benzyl-methyl-keton-bmk-pulver-online\\\/#breadcrumb\",\"itemListElement\":[{\"@type\":\"ListItem\",\"position\":1,\"name\":\"Butik\",\"item\":\"https:\\\/\\\/medicinasinc.com\\\/da\\\/butik\\\/\"},{\"@type\":\"ListItem\",\"position\":2,\"name\":\"K\u00f8b Benzyl Methyl Ketone (BMK) Powder Online\"}]},{\"@type\":\"WebSite\",\"@id\":\"https:\\\/\\\/medicinasinc.com\\\/da\\\/#website\",\"url\":\"https:\\\/\\\/medicinasinc.com\\\/da\\\/\",\"name\":\"Medicinas Inc\",\"description\":\"Health Medical Clinic\",\"potentialAction\":[{\"@type\":\"SearchAction\",\"target\":{\"@type\":\"EntryPoint\",\"urlTemplate\":\"https:\\\/\\\/medicinasinc.com\\\/da\\\/?s={search_term_string}\"},\"query-input\":{\"@type\":\"PropertyValueSpecification\",\"valueRequired\":true,\"valueName\":\"search_term_string\"}}],\"inLanguage\":\"en-US\"}]}<\/script>\n<!-- \/ Yoast SEO plugin. -->","yoast_head_json":{"title":"K\u00f8b Benzyl Methyl Ketone (BMK) Powder Online - Bedste globale medicin","description":"K\u00f8b Benzyl Methyl Ketone (BMK) Powder Online. Vores BMK Powder er 100% laboratorietestet. Vi sender vores BMK Powder som diskret og ekspresforsendelse","robots":{"index":"index","follow":"follow","max-snippet":"max-snippet:-1","max-image-preview":"max-image-preview:large","max-video-preview":"max-video-preview:-1"},"canonical":"https:\/\/medicinasinc.com\/da\/product\/kob-benzyl-methyl-keton-bmk-pulver-online\/","og_locale":"en_US","og_type":"article","og_title":"K\u00f8b Benzyl Methyl Ketone (BMK) Powder Online - Bedste globale medicin","og_description":"K\u00f8b Benzyl Methyl Ketone (BMK) Powder Online. Vores BMK Powder er 100% laboratorietestet. Vi sender vores BMK Powder som diskret og ekspresforsendelse","og_url":"https:\/\/medicinasinc.com\/da\/product\/kob-benzyl-methyl-keton-bmk-pulver-online\/","og_site_name":"Medicinas Inc","article_modified_time":"2022-03-19T21:06:38+00:00","og_image":[{"width":447,"height":389,"url":"https:\/\/medicinasinc.com\/da\/wp-content\/uploads\/sites\/8\/2022\/02\/buy-bmk-powder.jpg","type":"image\/jpeg"}],"twitter_card":"summary_large_image","twitter_misc":{"Est. reading time":"2 minutes"},"schema":{"@context":"https:\/\/schema.org","@graph":[{"@type":"WebPage","@id":"https:\/\/medicinasinc.com\/da\/product\/kob-benzyl-methyl-keton-bmk-pulver-online\/","url":"https:\/\/medicinasinc.com\/da\/product\/kob-benzyl-methyl-keton-bmk-pulver-online\/","name":"K\u00f8b Benzyl Methyl Ketone (BMK) Powder Online - Bedste globale medicin","isPartOf":{"@id":"https:\/\/medicinasinc.com\/da\/#website"},"primaryImageOfPage":{"@id":"https:\/\/medicinasinc.com\/da\/product\/kob-benzyl-methyl-keton-bmk-pulver-online\/#primaryimage"},"image":{"@id":"https:\/\/medicinasinc.com\/da\/product\/kob-benzyl-methyl-keton-bmk-pulver-online\/#primaryimage"},"thumbnailUrl":"https:\/\/medicinasinc.com\/da\/wp-content\/uploads\/sites\/8\/2022\/02\/buy-bmk-powder.jpg","datePublished":"2022-02-22T08:05:19+00:00","dateModified":"2022-03-19T21:06:38+00:00","description":"K\u00f8b Benzyl Methyl Ketone (BMK) Powder Online. Vores BMK Powder er 100% laboratorietestet. Vi sender vores BMK Powder som diskret og ekspresforsendelse","breadcrumb":{"@id":"https:\/\/medicinasinc.com\/da\/product\/kob-benzyl-methyl-keton-bmk-pulver-online\/#breadcrumb"},"inLanguage":"en-US","potentialAction":[{"@type":"ReadAction","target":["https:\/\/medicinasinc.com\/da\/product\/kob-benzyl-methyl-keton-bmk-pulver-online\/"]}]},{"@type":"ImageObject","inLanguage":"en-US","@id":"https:\/\/medicinasinc.com\/da\/product\/kob-benzyl-methyl-keton-bmk-pulver-online\/#primaryimage","url":"https:\/\/medicinasinc.com\/da\/wp-content\/uploads\/sites\/8\/2022\/02\/buy-bmk-powder.jpg","contentUrl":"https:\/\/medicinasinc.com\/da\/wp-content\/uploads\/sites\/8\/2022\/02\/buy-bmk-powder.jpg","width":447,"height":389},{"@type":"BreadcrumbList","@id":"https:\/\/medicinasinc.com\/da\/product\/kob-benzyl-methyl-keton-bmk-pulver-online\/#breadcrumb","itemListElement":[{"@type":"ListItem","position":1,"name":"Butik","item":"https:\/\/medicinasinc.com\/da\/butik\/"},{"@type":"ListItem","position":2,"name":"K\u00f8b Benzyl Methyl Ketone (BMK) Powder Online"}]},{"@type":"WebSite","@id":"https:\/\/medicinasinc.com\/da\/#website","url":"https:\/\/medicinasinc.com\/da\/","name":"Medicinas Inc","description":"Health Medical Clinic","potentialAction":[{"@type":"SearchAction","target":{"@type":"EntryPoint","urlTemplate":"https:\/\/medicinasinc.com\/da\/?s={search_term_string}"},"query-input":{"@type":"PropertyValueSpecification","valueRequired":true,"valueName":"search_term_string"}}],"inLanguage":"en-US"}]}},"_links":{"self":[{"href":"https:\/\/medicinasinc.com\/da\/wp-json\/wp\/v2\/product\/5893","targetHints":{"allow":["GET"]}}],"collection":[{"href":"https:\/\/medicinasinc.com\/da\/wp-json\/wp\/v2\/product"}],"about":[{"href":"https:\/\/medicinasinc.com\/da\/wp-json\/wp\/v2\/types\/product"}],"replies":[{"embeddable":true,"href":"https:\/\/medicinasinc.com\/da\/wp-json\/wp\/v2\/comments?post=5893"}],"wp:featuredmedia":[{"embeddable":true,"href":"https:\/\/medicinasinc.com\/da\/wp-json\/wp\/v2\/media\/5922"}],"wp:attachment":[{"href":"https:\/\/medicinasinc.com\/da\/wp-json\/wp\/v2\/media?parent=5893"}],"wp:term":[{"taxonomy":"product_brand","embeddable":true,"href":"https:\/\/medicinasinc.com\/da\/wp-json\/wp\/v2\/product_brand?post=5893"},{"taxonomy":"product_cat","embeddable":true,"href":"https:\/\/medicinasinc.com\/da\/wp-json\/wp\/v2\/product_cat?post=5893"},{"taxonomy":"product_tag","embeddable":true,"href":"https:\/\/medicinasinc.com\/da\/wp-json\/wp\/v2\/product_tag?post=5893"}],"curies":[{"name":"wp","href":"https:\/\/api.w.org\/{rel}","templated":true}]}}