{"id":5890,"date":"2022-02-22T08:03:24","date_gmt":"2022-02-22T08:03:24","guid":{"rendered":"https:\/\/medicinasinc.com\/da\/?post_type=product&#038;p=5890"},"modified":"2022-03-19T21:07:16","modified_gmt":"2022-03-19T21:07:16","slug":"kob-apaan-online-alpha-phenylacetoacetonitril","status":"publish","type":"product","link":"https:\/\/medicinasinc.com\/da\/product\/kob-apaan-online-alpha-phenylacetoacetonitril\/","title":{"rendered":"K\u00f8b APAAN online (alfa-phenylacetoacetonitril)"},"content":{"rendered":"<p>K\u00f8b APAAN fra et velrenommeret onlineapotek.<\/p>\n<p>APAAN, CAS-registreringsnummer 4468-48-8, er et krystallinsk pulver i farven fra hvid til lysegul, som er syntetiseret ud fra benzylcyanid.<\/p>\n<p>Hvad er APAAN (Alpha-Phenylacetoacetonitril)?<\/p>\n<p>Alpha-Phenylacetoacetonitril er et kemikalie med CAS-nummeret 4468-48-8, som loven om kontrollerede stoffer klassificerer som et skema I-stof (CSA). Det er opdaget, at det bliver brugt i hemmelige kemiske laboratorier til ulovligt at fremstille et stof, der er begr\u00e6nset til skema II, kendt som phenyl-2-propanon eller P2P), metamfetamin og amfetamin. Som f\u00f8lge heraf har DEA anmodet om at blive klassificeret som et kontrolleret stof.<\/p>\n<p>Enhver kemisk blanding, der indeholder Alpha-Phenylacetoacetonitril, er reguleret af CSA, undtagen under begr\u00e6nsede omst\u00e6ndigheder.<\/p>\n<p>Hvad er nogle alfa-phenylacetoacetonitril-synonymer?<\/p>\n<p>Derudover omtales alfa-phenylacetoacetonitril med f\u00f8lgende navne:<\/p>\n<p>NSC 11777 NSC 25183 NSC 55206 APAAN 2-Phenylacetoacetonitril, hvad er de mange<br \/> typer af alfa-phenylacetoacetonitril tilg\u00e6ngelige?<\/p>\n<p>Dette kemikalie er tilg\u00e6ngeligt i pulverform, gul, brun eller hvid, s\u00e5vel som krystallinske former med en svag str\u00e5gul nuance.<\/p>\n<p>Hvordan kan jeg k\u00f8be Alpha Phenylacetoacetonitril?<\/p>\n<p>Alpha Phenylacetoacetonitril kan k\u00f8bes gennem vores online butik. Vores kemikalie er ekstremt rent. Ikke nok med det, men du vil ogs\u00e5 modtage det fra os til en markant lavere pris end de fleste andre leverand\u00f8rer p\u00e5 markedet. Et andet overbevisende incitament til at handle i vores onlinebutik er, at vi distribuerer det diskret og sikkert til vores kunder mange steder over hele verden via vores betroede kurerpartnere.<\/p>\n<p>Hvilke kvaliteter har Alpha Phenylacetoacetonitril?<br \/> F\u00f8lgende er de specifikke egenskaber ved dette kemikalie:<\/p>\n<p>Brug en tabel for denne del (f.eks. smeltepunkt, kogepunkt, massefylde, CAS-nummer, renhed og molekylv\u00e6gt).<\/p>\n<p>Hvilke anvendelser har Alpha Phenylacetoacetonitril?<\/p>\n<p>Alpha Phenylacetoacetonitril har ingen autoriseret brug udover til forsknings- og udviklingsform\u00e5l samt analytiske form\u00e5l i laboratorier.<\/p>\n<p>Flere velkendte leverand\u00f8rer af dette kemikalie omfatter f\u00f8lgende:<br \/> F\u00f8lgende er en liste over leverand\u00f8rer af Alpha Phenylacetoacetonitril:<br \/> Aurum Pharmatech LLC Activate Scientific<br \/> Heterocyclics Research Chemicals and Building Blocks MolPort<br \/> Kemisk forskning og udvikling af Ulve<br \/> AK Scienti fic, Inc. (AKSCI) Alfa Chemistry Oakwood-produkter<br \/> APIChem Technology Vitas-M Laboratory LabNetwork, et WuXi AppTec-selskab Chemieliva Pharmaceutical Co., Ltd. Hangzhou APIChem Technology Vitas-M Laboratory<br \/> Hvordan syntetiseres Alpha Phenylacetoacetonitril eller forberedt?<\/p>\n<p>60 gm rent natrium med en masse p\u00e5 2,6 gramatomer kombineres med 700cc absolut alkohol. En natriumethoxidopl\u00f8sning fremstilles ved hj\u00e6lp af denne metode i en 2-1 rundbundet kolbe udstyret med en tilbagesvaler. Til denne opvarmede opl\u00f8sning tils\u00e6ttes 234 g eller 2 mol rent benzylcyanid og 264 g eller 3 mol t\u00f8rt ethylacetat og rystes ordentligt. Kondensatoren er forseglet med et calciumchloridr\u00f8r. Opl\u00f8sningen koges i et dampbad i to timer og efterlades derefter natten over. Den f\u00f8lgende morgen vil du bem\u00e6rke, at der er dannet klumper i blandingen. Som et resultat bruges en tr\u00e6stang til at omr\u00f8re v\u00e6sken, hvilket f\u00e5r klumperne til at splintre. Derefter bruges en fryseblanding til at afk\u00f8le den til en temperatur p\u00e5 10\u00b0. Temperaturen holdes derefter p\u00e5 dette niveau i to timer. En 6-tommer. B\u00fcchner-tragten bruges til at opsamle natriumsaltet, som skylles fire gange i tragten med 250-cc. dele af ether. Du vil opdage en farvel\u00f8s filterkage svarende til 250\u2013275 g. t\u00f8rt natriumsalt eller 69-76 % af den forudsagte m\u00e6ngde. Kombiner filtraterne og tils\u00e6t dem til fryseblandingen.<\/p>\n<p>Opl\u00f8s natriumsaltet, der stadig er v\u00e5dt med ether, ved stuetemperatur i 1,3 l destilleret vand og afk\u00f8l derefter opl\u00f8sningen til 0\u00b0. Udf\u00e6ld nitril ved forsigtigt at tils\u00e6tte 90cc iseddike og ryste kraftigt. Separer bundfaldet ved hj\u00e6lp af sugefiltrering og vask det fire gange i 250 cc vand med en tragt. Du skulle nu have en fugtig kage af -Phenylacetoacetonitril med en v\u00e6gt p\u00e5 300 g (188-206 g). Det er 59\u201364 procent t\u00f8rt og har et smeltepunkt p\u00e5 87\u201389\u00b0, hvilket er velegnet til de fleste anvendelser.<\/p>\n<p>Hvis der \u00f8nskes omkrystallisering af r\u00e5kemikaliet, opl\u00f8ses den fugtige kage i 100 cc. kogende methylalkohol. Filtrer opl\u00f8sningen og afk\u00f8l den til en temperatur p\u00e5 10\u00b0 ved omr\u00f8ring. Sugfiltrer krystallerne og vask dem \u00e9n gang med 40 cc methylalkohol afk\u00f8let til 10\u00b0. Produktet vejer 173-191 g (54%-60%), n\u00e5r det er t\u00f8rt og har et smeltepunkt p\u00e5 88,5-89,5\u00b0. I en 5-1. kolbe, kombiner filtraterne og vaskev\u00e6skene fra natriumsaltseparationen. Du kan fortynde det med iskoldt vand indtil det punkt, hvor kolben er helt fyldt. Fjern det nederste lag helt ved at h\u00e6ve. En betydelig del af etheren kan fjernes ved dekantering, og resten adskilles ved hj\u00e6lp af en skilletragt.<\/p>\n<p>Ekstraher det vandige lag to gange mere med 500 cc dele ether, og kasser derefter etherekstrakterne.<\/p>\n<p>Ved reduceret tryk kan du fjerne eventuelle rester af \u00e6ter i det vandige lag ved at suge luft gennem opl\u00f8sningen i en time ved hj\u00e6lp af en sugepumpe. Ved at tils\u00e6tte 60 cc iseddike, udf\u00e6ldes -Phenylacetoacetonitril.<\/p>\n<p>Hvis olie kasseres, neds\u00e6nkes kolben i et isbad, indtil bundfaldet krystalliserer. Adskil krystallerne ved hj\u00e6lp af sugefiltrering og vask dem fire gange i en tragt fyldt med 50 cc vand. Det gyldenbrune materiale vejer 50-55g og har et smeltepunkt p\u00e5 83-86\u00b0, n\u00e5r det er t\u00f8rret. Derefter opl\u00f8ses det i methylalkoholmoderluden, der er tilbage fra det foreg\u00e5ende partis krystallisation. Den resulterende opl\u00f8sning opvarmes derefter i n\u00e6rv\u00e6relse af et spor af Norite. Det filtreres og afk\u00f8les til en temperatur p\u00e5 10\u00b0. Saml krystallerne skabt med et filter og vask dem med 10 cc kold methylalkohol, efterfulgt af t\u00f8rring. Derefter opn\u00e5s et 43\u201348 grams stof med en bleg str\u00e5farve og et smeltepunkt p\u00e5 87\u201389\u00b0. Det omkrystalliseres fra en opl\u00f8sning af 25 cc ren methylalkohol og 10 cc kold methylalkohol. Der produceres et 37-41 g materiale med et smeltepunkt p\u00e5 88,5-89,5\u00b0. Dette resulterer i, at et samlet materiale af denne renhed vejer mellem 210 og 232 g, eller 66-73 procent af den teoretiske m\u00e6ngde.<\/p>\n<p>Hvilke kvaliteter har Alpha Phenylacetoacetonitril?<\/p>\n<p>F\u00f8lgende er de specifikke egenskaber ved dette kemikalie:<\/p>\n<p>Molekylv\u00e6gt: 159,188 g\/mol Pr\u00e6cis masse: 159,068 g\/mol CAS: 4468-48-8<br \/> 99,8 % renhed<br \/> Hvor meget koster Alpha Omkostningerne ved phenylacetoacetonitril?<\/p>\n<p>Omkostningerne ved dette kemikalie varierer afh\u00e6ngigt af udbyderen. Den faktiske pris bestemmes af rabatten givet af en online forhandler og m\u00e6ngden af \u200b\u200bk\u00f8bt kemikalie. Vi kan sikre dig, at du finder den til den bedste pris p\u00e5 markedet i vores butik. Derudover garanterer vi produktets kvalitet og fremskynder levering til dit hjem.<\/p>\n<p>Hvordan klassificeres Alpha Phenylacetoacetonitril lovligt?<\/p>\n<p>P\u00e5 grund af det faktum, at Alpha Phenylacetoacetonitril er et Schedule I kemikalie, er alle transaktioner involverer det, uanset deres m\u00e6ngde, er kontrolleret.<\/p>\n<p>Producenter af blandinger, der indeholder dette kemikalie, som ikke er berettiget til automatisk dispensation, skal indgive en ans\u00f8gning om dispensation, da alle kemiske blandinger inklusive det i enhver koncentration er reguleret. <\/p>\n<p>Hvilke advarsler er forbundet med dette kemikalie, som du skal overholde?<\/p>\n<p>Der skal udvises visse omhu for at beskytte din sikkerhed, n\u00e5r du h\u00e5ndterer dette stof. F\u00f8lgende er advarslerne og forholdsreglerne:<\/p>\n<p>Hvis det spises oralt, er dette kemikalie ekstremt farligt. Undg\u00e5 det derfor for enhver pris.<br \/> Fordi det er farligt, hvis det kommer i kontakt med dit k\u00f8d, skal du h\u00e5ndtere dem med ekstrem forsigtighed og b\u00e6re handsker for at beskytte din hud.<br \/> Du vil oplever hudirritation, og det kan endda \u00e6tse, s\u00e5 undg\u00e5 t\u00e6t ber\u00f8ring.<br \/> Fordi kemikaliet er kendt for at for\u00e5rsage alvorlig irritation og skader p\u00e5 \u00f8jnene, er det afg\u00f8rende at bruge beskyttelsesbriller, der d\u00e6kker \u00f8jnene fuldst\u00e6ndigt og derved forhindre utilsigtet kontakt med \u00f8jnene.<br \/> Det viste sig at v\u00e6re ekstremt farligt ved ind\u00e5nding. Ansigtet skal s\u00e5ledes d\u00e6kkes for at forhindre utilsigtet ind\u00e5nding af kemikaliet, mens der udf\u00f8res forskning, udvikling eller analyse.<br \/> Medicinen er tilstr\u00e6kkelig kraftig til at fremkalde \u00e5ndedr\u00e6tsbesv\u00e6r. Selv en enkelt eksponering for det kan producere toksicitet for m\u00e5lorganet. Alvorlig bet\u00e6ndelse, is\u00e6r i luftvejene, er mulig.<\/p>\n<p>K\u00f8b APAAN Online | K\u00f8b APAAN Til salg | K\u00f8b APAAN online | K\u00f8b APAAN online (USA, KINA, UK, WORLDWIDE)<\/p>\n","protected":false},"excerpt":{"rendered":"<p>K\u00f8b APAAN (alfa-phenylacetoacetonitril) til salg Europa, Storbritannien online uden recept. Bestil APAAN (alfa-phenylacetoacetonitril) online.<\/p>\n<p>APAAN (alpha-phenylacetoacetonitril) er en analytisk referencestandard med en strukturel lighed med amfetamin.<\/p>\n<p>-acetylbenzenacetonitril<\/p>\n<p> 4468-48-8 CAS-nr.<\/p>\n<p>Synonymer :APAAN ,2-Phenylacetoacetonitril<\/p>\n<p>Molekylformel :C10H9NO<\/p>\n<p>Formelv\u00e6gt:159,2<\/p>\n<p>Renhed:\u226598%<\/p>\n<p>Formulering: Et krystallinsk fast stof<\/p>\n<p>\u03bbmax:264 nm<\/p>\n<p>Opbevaring:-20\u00b0C<\/p>\n<p>Stabilitet :\u2265 2 \u00e5r<\/p>\n","protected":false},"featured_media":5916,"comment_status":"open","ping_status":"closed","template":"","meta":[],"product_brand":[],"product_cat":[703],"product_tag":[],"class_list":{"0":"post-5890","1":"product","2":"type-product","3":"status-publish","4":"has-post-thumbnail","6":"product_cat-kbe-psykedeliske-stoffer","8":"first","9":"instock","10":"shipping-taxable","11":"purchasable","12":"product-type-variable"},"yoast_head":"<!-- This site is optimized with the Yoast SEO plugin v27.3 - https:\/\/yoast.com\/product\/yoast-seo-wordpress\/ -->\n<title>K\u00f8b APAAN online (alfa-phenylacetoacetonitril) - bedste globale medicin<\/title>\n<meta name=\"description\" content=\"K\u00f8b APAAN (alfa-phenylacetoacetonitril) til salg Europa, Storbritannien online uden recept. Bestil APAAN (alfa-phenylacetoacetonitril) online.\" \/>\n<meta name=\"robots\" content=\"index, follow, max-snippet:-1, max-image-preview:large, max-video-preview:-1\" \/>\n<link rel=\"canonical\" href=\"https:\/\/medicinasinc.com\/da\/product\/kob-apaan-online-alpha-phenylacetoacetonitril\/\" \/>\n<meta property=\"og:locale\" content=\"en_US\" \/>\n<meta property=\"og:type\" content=\"article\" \/>\n<meta property=\"og:title\" content=\"K\u00f8b APAAN online (alfa-phenylacetoacetonitril) - bedste globale medicin\" \/>\n<meta property=\"og:description\" content=\"K\u00f8b APAAN (alfa-phenylacetoacetonitril) til salg Europa, Storbritannien online uden recept. Bestil APAAN (alfa-phenylacetoacetonitril) online.\" \/>\n<meta property=\"og:url\" content=\"https:\/\/medicinasinc.com\/da\/product\/kob-apaan-online-alpha-phenylacetoacetonitril\/\" \/>\n<meta property=\"og:site_name\" content=\"Medicinas Inc\" \/>\n<meta property=\"article:modified_time\" content=\"2022-03-19T21:07:16+00:00\" \/>\n<meta property=\"og:image\" content=\"https:\/\/medicinasinc.com\/da\/wp-content\/uploads\/sites\/8\/2022\/02\/buy-apaan-alpha-phenylacetoacetonitrile.jpg\" \/>\n\t<meta property=\"og:image:width\" content=\"600\" \/>\n\t<meta property=\"og:image:height\" content=\"600\" \/>\n\t<meta property=\"og:image:type\" content=\"image\/jpeg\" \/>\n<meta name=\"twitter:card\" content=\"summary_large_image\" \/>\n<meta name=\"twitter:label1\" content=\"Est. reading time\" \/>\n\t<meta name=\"twitter:data1\" content=\"6 minutes\" \/>\n<script type=\"application\/ld+json\" class=\"yoast-schema-graph\">{\"@context\":\"https:\\\/\\\/schema.org\",\"@graph\":[{\"@type\":\"WebPage\",\"@id\":\"https:\\\/\\\/medicinasinc.com\\\/da\\\/product\\\/kob-apaan-online-alpha-phenylacetoacetonitril\\\/\",\"url\":\"https:\\\/\\\/medicinasinc.com\\\/da\\\/product\\\/kob-apaan-online-alpha-phenylacetoacetonitril\\\/\",\"name\":\"K\u00f8b APAAN online (alfa-phenylacetoacetonitril) - bedste globale medicin\",\"isPartOf\":{\"@id\":\"https:\\\/\\\/medicinasinc.com\\\/da\\\/#website\"},\"primaryImageOfPage\":{\"@id\":\"https:\\\/\\\/medicinasinc.com\\\/da\\\/product\\\/kob-apaan-online-alpha-phenylacetoacetonitril\\\/#primaryimage\"},\"image\":{\"@id\":\"https:\\\/\\\/medicinasinc.com\\\/da\\\/product\\\/kob-apaan-online-alpha-phenylacetoacetonitril\\\/#primaryimage\"},\"thumbnailUrl\":\"https:\\\/\\\/medicinasinc.com\\\/da\\\/wp-content\\\/uploads\\\/sites\\\/8\\\/2022\\\/02\\\/buy-apaan-alpha-phenylacetoacetonitrile.jpg\",\"datePublished\":\"2022-02-22T08:03:24+00:00\",\"dateModified\":\"2022-03-19T21:07:16+00:00\",\"description\":\"K\u00f8b APAAN (alfa-phenylacetoacetonitril) til salg Europa, Storbritannien online uden recept. Bestil APAAN (alfa-phenylacetoacetonitril) online.\",\"breadcrumb\":{\"@id\":\"https:\\\/\\\/medicinasinc.com\\\/da\\\/product\\\/kob-apaan-online-alpha-phenylacetoacetonitril\\\/#breadcrumb\"},\"inLanguage\":\"en-US\",\"potentialAction\":[{\"@type\":\"ReadAction\",\"target\":[\"https:\\\/\\\/medicinasinc.com\\\/da\\\/product\\\/kob-apaan-online-alpha-phenylacetoacetonitril\\\/\"]}]},{\"@type\":\"ImageObject\",\"inLanguage\":\"en-US\",\"@id\":\"https:\\\/\\\/medicinasinc.com\\\/da\\\/product\\\/kob-apaan-online-alpha-phenylacetoacetonitril\\\/#primaryimage\",\"url\":\"https:\\\/\\\/medicinasinc.com\\\/da\\\/wp-content\\\/uploads\\\/sites\\\/8\\\/2022\\\/02\\\/buy-apaan-alpha-phenylacetoacetonitrile.jpg\",\"contentUrl\":\"https:\\\/\\\/medicinasinc.com\\\/da\\\/wp-content\\\/uploads\\\/sites\\\/8\\\/2022\\\/02\\\/buy-apaan-alpha-phenylacetoacetonitrile.jpg\",\"width\":600,\"height\":600},{\"@type\":\"BreadcrumbList\",\"@id\":\"https:\\\/\\\/medicinasinc.com\\\/da\\\/product\\\/kob-apaan-online-alpha-phenylacetoacetonitril\\\/#breadcrumb\",\"itemListElement\":[{\"@type\":\"ListItem\",\"position\":1,\"name\":\"Butik\",\"item\":\"https:\\\/\\\/medicinasinc.com\\\/da\\\/butik\\\/\"},{\"@type\":\"ListItem\",\"position\":2,\"name\":\"K\u00f8b APAAN online (alfa-phenylacetoacetonitril)\"}]},{\"@type\":\"WebSite\",\"@id\":\"https:\\\/\\\/medicinasinc.com\\\/da\\\/#website\",\"url\":\"https:\\\/\\\/medicinasinc.com\\\/da\\\/\",\"name\":\"Medicinas Inc\",\"description\":\"Health Medical Clinic\",\"potentialAction\":[{\"@type\":\"SearchAction\",\"target\":{\"@type\":\"EntryPoint\",\"urlTemplate\":\"https:\\\/\\\/medicinasinc.com\\\/da\\\/?s={search_term_string}\"},\"query-input\":{\"@type\":\"PropertyValueSpecification\",\"valueRequired\":true,\"valueName\":\"search_term_string\"}}],\"inLanguage\":\"en-US\"}]}<\/script>\n<!-- \/ Yoast SEO plugin. -->","yoast_head_json":{"title":"K\u00f8b APAAN online (alfa-phenylacetoacetonitril) - bedste globale medicin","description":"K\u00f8b APAAN (alfa-phenylacetoacetonitril) til salg Europa, Storbritannien online uden recept. Bestil APAAN (alfa-phenylacetoacetonitril) online.","robots":{"index":"index","follow":"follow","max-snippet":"max-snippet:-1","max-image-preview":"max-image-preview:large","max-video-preview":"max-video-preview:-1"},"canonical":"https:\/\/medicinasinc.com\/da\/product\/kob-apaan-online-alpha-phenylacetoacetonitril\/","og_locale":"en_US","og_type":"article","og_title":"K\u00f8b APAAN online (alfa-phenylacetoacetonitril) - bedste globale medicin","og_description":"K\u00f8b APAAN (alfa-phenylacetoacetonitril) til salg Europa, Storbritannien online uden recept. Bestil APAAN (alfa-phenylacetoacetonitril) online.","og_url":"https:\/\/medicinasinc.com\/da\/product\/kob-apaan-online-alpha-phenylacetoacetonitril\/","og_site_name":"Medicinas Inc","article_modified_time":"2022-03-19T21:07:16+00:00","og_image":[{"width":600,"height":600,"url":"https:\/\/medicinasinc.com\/da\/wp-content\/uploads\/sites\/8\/2022\/02\/buy-apaan-alpha-phenylacetoacetonitrile.jpg","type":"image\/jpeg"}],"twitter_card":"summary_large_image","twitter_misc":{"Est. reading time":"6 minutes"},"schema":{"@context":"https:\/\/schema.org","@graph":[{"@type":"WebPage","@id":"https:\/\/medicinasinc.com\/da\/product\/kob-apaan-online-alpha-phenylacetoacetonitril\/","url":"https:\/\/medicinasinc.com\/da\/product\/kob-apaan-online-alpha-phenylacetoacetonitril\/","name":"K\u00f8b APAAN online (alfa-phenylacetoacetonitril) - bedste globale medicin","isPartOf":{"@id":"https:\/\/medicinasinc.com\/da\/#website"},"primaryImageOfPage":{"@id":"https:\/\/medicinasinc.com\/da\/product\/kob-apaan-online-alpha-phenylacetoacetonitril\/#primaryimage"},"image":{"@id":"https:\/\/medicinasinc.com\/da\/product\/kob-apaan-online-alpha-phenylacetoacetonitril\/#primaryimage"},"thumbnailUrl":"https:\/\/medicinasinc.com\/da\/wp-content\/uploads\/sites\/8\/2022\/02\/buy-apaan-alpha-phenylacetoacetonitrile.jpg","datePublished":"2022-02-22T08:03:24+00:00","dateModified":"2022-03-19T21:07:16+00:00","description":"K\u00f8b APAAN (alfa-phenylacetoacetonitril) til salg Europa, Storbritannien online uden recept. Bestil APAAN (alfa-phenylacetoacetonitril) online.","breadcrumb":{"@id":"https:\/\/medicinasinc.com\/da\/product\/kob-apaan-online-alpha-phenylacetoacetonitril\/#breadcrumb"},"inLanguage":"en-US","potentialAction":[{"@type":"ReadAction","target":["https:\/\/medicinasinc.com\/da\/product\/kob-apaan-online-alpha-phenylacetoacetonitril\/"]}]},{"@type":"ImageObject","inLanguage":"en-US","@id":"https:\/\/medicinasinc.com\/da\/product\/kob-apaan-online-alpha-phenylacetoacetonitril\/#primaryimage","url":"https:\/\/medicinasinc.com\/da\/wp-content\/uploads\/sites\/8\/2022\/02\/buy-apaan-alpha-phenylacetoacetonitrile.jpg","contentUrl":"https:\/\/medicinasinc.com\/da\/wp-content\/uploads\/sites\/8\/2022\/02\/buy-apaan-alpha-phenylacetoacetonitrile.jpg","width":600,"height":600},{"@type":"BreadcrumbList","@id":"https:\/\/medicinasinc.com\/da\/product\/kob-apaan-online-alpha-phenylacetoacetonitril\/#breadcrumb","itemListElement":[{"@type":"ListItem","position":1,"name":"Butik","item":"https:\/\/medicinasinc.com\/da\/butik\/"},{"@type":"ListItem","position":2,"name":"K\u00f8b APAAN online (alfa-phenylacetoacetonitril)"}]},{"@type":"WebSite","@id":"https:\/\/medicinasinc.com\/da\/#website","url":"https:\/\/medicinasinc.com\/da\/","name":"Medicinas Inc","description":"Health Medical Clinic","potentialAction":[{"@type":"SearchAction","target":{"@type":"EntryPoint","urlTemplate":"https:\/\/medicinasinc.com\/da\/?s={search_term_string}"},"query-input":{"@type":"PropertyValueSpecification","valueRequired":true,"valueName":"search_term_string"}}],"inLanguage":"en-US"}]}},"_links":{"self":[{"href":"https:\/\/medicinasinc.com\/da\/wp-json\/wp\/v2\/product\/5890","targetHints":{"allow":["GET"]}}],"collection":[{"href":"https:\/\/medicinasinc.com\/da\/wp-json\/wp\/v2\/product"}],"about":[{"href":"https:\/\/medicinasinc.com\/da\/wp-json\/wp\/v2\/types\/product"}],"replies":[{"embeddable":true,"href":"https:\/\/medicinasinc.com\/da\/wp-json\/wp\/v2\/comments?post=5890"}],"wp:featuredmedia":[{"embeddable":true,"href":"https:\/\/medicinasinc.com\/da\/wp-json\/wp\/v2\/media\/5916"}],"wp:attachment":[{"href":"https:\/\/medicinasinc.com\/da\/wp-json\/wp\/v2\/media?parent=5890"}],"wp:term":[{"taxonomy":"product_brand","embeddable":true,"href":"https:\/\/medicinasinc.com\/da\/wp-json\/wp\/v2\/product_brand?post=5890"},{"taxonomy":"product_cat","embeddable":true,"href":"https:\/\/medicinasinc.com\/da\/wp-json\/wp\/v2\/product_cat?post=5890"},{"taxonomy":"product_tag","embeddable":true,"href":"https:\/\/medicinasinc.com\/da\/wp-json\/wp\/v2\/product_tag?post=5890"}],"curies":[{"name":"wp","href":"https:\/\/api.w.org\/{rel}","templated":true}]}}