{"id":5881,"date":"2022-02-22T07:53:30","date_gmt":"2022-02-22T07:53:30","guid":{"rendered":"https:\/\/medicinasinc.com\/da\/?post_type=product&#038;p=5881"},"modified":"2022-09-16T12:12:39","modified_gmt":"2022-09-16T12:12:39","slug":"kob-dilaudid-8-mg","status":"publish","type":"product","link":"https:\/\/medicinasinc.com\/da\/product\/kob-dilaudid-8-mg\/","title":{"rendered":"K\u00f8b Dilaudid 8 mg"},"content":{"rendered":"<p>Hydromorphone er en opioid smertestillende medicin, som kan k\u00f8bes online. Et opioid omtales af og til som et narkotikum.<\/p>\n<p>Dilaudid 8 mg er en receptpligtig medicin, der bruges til at behandle moderate til sv\u00e6re smerter.<\/p>\n<p>Denne medicin er tilg\u00e6ngelig i en formulering med forl\u00e6nget frigivelse til behandling af moderate til sv\u00e6re smerter 24 timer i d\u00f8gnet. Denne doseringsform af Dilaudid 8 mg er ikke beregnet til brug efter behov for smerte.<\/p>\n<p>Hydromorphone Dilaudid 8 mg kan ogs\u00e5 bruges til andre form\u00e5l, der ikke er inkluderet i denne l\u00e6gemiddelvejledning.<\/p>\n<p>Hvad er den mest kritiske information, jeg b\u00f8r v\u00e6re opm\u00e6rksom p\u00e5 vedr\u00f8rende hydromorfon?<\/p>\n<p>Hvis du har alvorlige luftvejsproblemer eller en blokering i din mave eller tarm, b\u00f8r du ikke bruge hydromorfon.<\/p>\n<p>8 mg dilaudid Hydromorphone kan for\u00e5rsage hurtigt eller fuldst\u00e6ndigt vejrtr\u00e6kningsoph\u00f8r og kan udvikle vane. For at undg\u00e5 en potentielt d\u00f8delig dosis skal du kun tage den ordinerede dosis og sluge en pille med forl\u00e6nget frigivelse hel. Giv aldrig en anden person Dilaudid 8 mg.<\/p>\n<p>&nbsp;<\/p>\n<p>FEJLLIG BRUG AF NARKOTISK MEDICIN KAN RESULTERE I AFH\u00c6NGIGHED, OVERDOSERING ELLER D\u00d8D, is\u00e6r hos b\u00f8rn eller andre personer, der f\u00e5r medicinen uden en recept.<\/p>\n<p>Hvis moderen tog Dilaudid 8 mg under graviditeten, kan den nyf\u00f8dte opleve livstruende abstinenssymptomer.<\/p>\n<p>Indtag ingen alkoholiske drikke.<\/p>\n<p>Der er en mulighed for farlige bivirkninger, herunder d\u00f8d.<\/p>\n<p>Hvad skal jeg diskutere med min l\u00e6ge, inden jeg p\u00e5begynder behandling med hydromorfon?<\/p>\n<p>Du b\u00f8r ikke tage denne medicin, hvis du nogensinde har haft en negativ reaktion p\u00e5 hydromorfon eller anden narkotisk medicin, eller hvis du har en af \u200b\u200bf\u00f8lgende tilstande:<\/p>\n<p>alvorlig astma eller vejrtr\u00e6kningsbesv\u00e6r; en blokering i din mave eller tarme; eller paralytisk ileus, en tarmobstruktion.<\/p>\n<p>Hvis du har brugt en MAO-h\u00e6mmer inden for de sidste 14 dage, m\u00e5 du ikke tage Dilaudid 8 mg hydromorphon. En potentielt skadelig medicininteraktion kan forekomme. Isocarboxazid, linezolid, methylenbl\u00e5t injektion, phenelzin, rasagilin, selegilin og tranylcypromin er alle MAO-h\u00e6mmere.<\/p>\n<p>Vis medicin kan interagere med hydromorfon, hvilket resulterer i en potentielt d\u00f8delig sygdom kaldet serotonergt syndrom. S\u00f8rg for, at din l\u00e6ge er opm\u00e6rksom p\u00e5 enhver medicin, du tager mod depression, psykisk sygdom, Parkinsons sygdom, migr\u00e6nehovedpine, alvorlige infektioner eller forebyggelse af kvalme og opkastning. Kontakt din l\u00e6ge, f\u00f8r du foretager \u00e6ndringer i m\u00e5den eller hyppigheden, hvormed du tager din medicin.<\/p>\n<p>Du kan muligvis ikke tage Dilaudid 8 mg hydromorfon, hvis du ikke i \u00f8jeblikket bruger opioid (narkotisk) smertestillende medicin og er tolerante over for det. Kontakt din l\u00e6ge, hvis du er usikker p\u00e5, om du er opioidtolerant.<\/p>\n<p>For at sikre, at hydromorfon er sikkert for dig, skal du informere din l\u00e6ge, hvis du har nogen af \u200b\u200bf\u00f8lgende:<\/p>\n<p>enhver type af vejrtr\u00e6kningsbesv\u00e6r eller lungesygdom; en historie med hjernerystelse, hjernetumor eller anfald; en historie med stofmisbrug, alkoholisme eller psykisk sygdom; vandladningsproblemer; lever- eller nyresygdom; sulfitallergi; Addisons sygdom eller andre binyrelidelser; problemer med galdebl\u00e6ren, bugspytkirtlen eller skjoldbruskkirtlen; eller hvis du tager et beroligende middel s\u00e5som Valium (diazepam, alprazolam, lorazepam, Ativan, Klonopin, Restoril, Tranxene, Versed, Xanax og andre).<\/p>\n","protected":false},"excerpt":{"rendered":"<p>K\u00f8b dilaudid 8 mg til salg i Storbritannien, Europa, USA i vores bestglobalmeds.com onlinebutik med hurtig levering over hele verden! Den bedste Dilaudid 8 mg til bestilling finder du her!<\/p>\n<p><b>Dilaudid 8 mg Hydromorphone kan bremse eller stoppe din vejrtr\u00e6kning og kan v\u00e6re vanedannende.<\/b>\u00a0Brug kun din ordinerede dosis, og synke en pille med forl\u00e6nget frigivelse hel for at undg\u00e5 en potentielt d\u00f8delig dosis. Del aldrig Dilaudid 8 mg med en anden person.<\/p>\n","protected":false},"featured_media":5909,"comment_status":"open","ping_status":"closed","template":"","meta":[],"product_brand":[],"product_cat":[1117],"product_tag":[4041,4038,4039,4040,4044,4042,4043],"class_list":{"0":"post-5881","1":"product","2":"type-product","3":"status-publish","4":"has-post-thumbnail","6":"product_cat-kob-smerte-sove-sex-piller","7":"product_tag-bestil-dilaudid-8-mg-online","8":"product_tag-buy-dilaudid-8-mg-online","9":"product_tag-dilaudid-8-mg-til-salg","10":"product_tag-how-to-buy-dilaudid-8-mg-online","11":"product_tag-hvor-kan-kbes-dilaudid-8-mg-online","12":"product_tag-kb-dilaudid-8-mg-online","13":"product_tag-the-bets-place-to-buy-dilaudid-8-mg-online","15":"first","16":"instock","17":"shipping-taxable","18":"purchasable","19":"product-type-variable"},"yoast_head":"<!-- This site is optimized with the Yoast SEO plugin v27.2 - https:\/\/yoast.com\/product\/yoast-seo-wordpress\/ -->\n<title>K\u00f8b Dilaudid 8 mg - Bedste globale medicin<\/title>\n<meta name=\"description\" content=\"K\u00f8b dilaudid 8 mg til salg UK, Europa, USA i vores bestglobalmeds.com online shop med hurtig levering over hele verden! Den bedste Dilaudid 8 mg til bestilling finder du her!\" \/>\n<meta name=\"robots\" content=\"index, follow, max-snippet:-1, max-image-preview:large, max-video-preview:-1\" \/>\n<link rel=\"canonical\" href=\"https:\/\/medicinasinc.com\/da\/product\/kob-dilaudid-8-mg\/\" \/>\n<meta property=\"og:locale\" content=\"en_US\" \/>\n<meta property=\"og:type\" content=\"article\" \/>\n<meta property=\"og:title\" content=\"K\u00f8b Dilaudid 8 mg - Bedste globale medicin\" \/>\n<meta property=\"og:description\" content=\"K\u00f8b dilaudid 8 mg til salg UK, Europa, USA i vores bestglobalmeds.com online shop med hurtig levering over hele verden! Den bedste Dilaudid 8 mg til bestilling finder du her!\" \/>\n<meta property=\"og:url\" content=\"https:\/\/medicinasinc.com\/da\/product\/kob-dilaudid-8-mg\/\" \/>\n<meta property=\"og:site_name\" content=\"Medicinas Inc\" \/>\n<meta property=\"article:modified_time\" content=\"2022-09-16T12:12:39+00:00\" \/>\n<meta property=\"og:image\" content=\"https:\/\/medicinasinc.com\/da\/wp-content\/uploads\/sites\/8\/2022\/02\/Dilaudid-8-mg.jpg\" \/>\n\t<meta property=\"og:image:width\" content=\"300\" \/>\n\t<meta property=\"og:image:height\" content=\"300\" \/>\n\t<meta property=\"og:image:type\" content=\"image\/jpeg\" \/>\n<meta name=\"twitter:card\" content=\"summary_large_image\" \/>\n<meta name=\"twitter:label1\" content=\"Est. reading time\" \/>\n\t<meta name=\"twitter:data1\" content=\"3 minutes\" \/>\n<script type=\"application\/ld+json\" class=\"yoast-schema-graph\">{\"@context\":\"https:\/\/schema.org\",\"@graph\":[{\"@type\":\"WebPage\",\"@id\":\"https:\/\/medicinasinc.com\/da\/product\/kob-dilaudid-8-mg\/\",\"url\":\"https:\/\/medicinasinc.com\/da\/product\/kob-dilaudid-8-mg\/\",\"name\":\"K\u00f8b Dilaudid 8 mg - Bedste globale medicin\",\"isPartOf\":{\"@id\":\"https:\/\/medicinasinc.com\/da\/#website\"},\"primaryImageOfPage\":{\"@id\":\"https:\/\/medicinasinc.com\/da\/product\/kob-dilaudid-8-mg\/#primaryimage\"},\"image\":{\"@id\":\"https:\/\/medicinasinc.com\/da\/product\/kob-dilaudid-8-mg\/#primaryimage\"},\"thumbnailUrl\":\"https:\/\/medicinasinc.com\/da\/wp-content\/uploads\/sites\/8\/2022\/02\/Dilaudid-8-mg.jpg\",\"datePublished\":\"2022-02-22T07:53:30+00:00\",\"dateModified\":\"2022-09-16T12:12:39+00:00\",\"description\":\"K\u00f8b dilaudid 8 mg til salg UK, Europa, USA i vores bestglobalmeds.com online shop med hurtig levering over hele verden! Den bedste Dilaudid 8 mg til bestilling finder du her!\",\"breadcrumb\":{\"@id\":\"https:\/\/medicinasinc.com\/da\/product\/kob-dilaudid-8-mg\/#breadcrumb\"},\"inLanguage\":\"en-US\",\"potentialAction\":[{\"@type\":\"ReadAction\",\"target\":[\"https:\/\/medicinasinc.com\/da\/product\/kob-dilaudid-8-mg\/\"]}]},{\"@type\":\"ImageObject\",\"inLanguage\":\"en-US\",\"@id\":\"https:\/\/medicinasinc.com\/da\/product\/kob-dilaudid-8-mg\/#primaryimage\",\"url\":\"https:\/\/medicinasinc.com\/da\/wp-content\/uploads\/sites\/8\/2022\/02\/Dilaudid-8-mg.jpg\",\"contentUrl\":\"https:\/\/medicinasinc.com\/da\/wp-content\/uploads\/sites\/8\/2022\/02\/Dilaudid-8-mg.jpg\",\"width\":300,\"height\":300},{\"@type\":\"BreadcrumbList\",\"@id\":\"https:\/\/medicinasinc.com\/da\/product\/kob-dilaudid-8-mg\/#breadcrumb\",\"itemListElement\":[{\"@type\":\"ListItem\",\"position\":1,\"name\":\"Butik\",\"item\":\"https:\/\/medicinasinc.com\/da\/butik\/\"},{\"@type\":\"ListItem\",\"position\":2,\"name\":\"K\u00f8b Dilaudid 8 mg\"}]},{\"@type\":\"WebSite\",\"@id\":\"https:\/\/medicinasinc.com\/da\/#website\",\"url\":\"https:\/\/medicinasinc.com\/da\/\",\"name\":\"Medicinas Inc\",\"description\":\"Health Medical Clinic\",\"potentialAction\":[{\"@type\":\"SearchAction\",\"target\":{\"@type\":\"EntryPoint\",\"urlTemplate\":\"https:\/\/medicinasinc.com\/da\/?s={search_term_string}\"},\"query-input\":{\"@type\":\"PropertyValueSpecification\",\"valueRequired\":true,\"valueName\":\"search_term_string\"}}],\"inLanguage\":\"en-US\"}]}<\/script>\n<!-- \/ Yoast SEO plugin. -->","yoast_head_json":{"title":"K\u00f8b Dilaudid 8 mg - Bedste globale medicin","description":"K\u00f8b dilaudid 8 mg til salg UK, Europa, USA i vores bestglobalmeds.com online shop med hurtig levering over hele verden! Den bedste Dilaudid 8 mg til bestilling finder du her!","robots":{"index":"index","follow":"follow","max-snippet":"max-snippet:-1","max-image-preview":"max-image-preview:large","max-video-preview":"max-video-preview:-1"},"canonical":"https:\/\/medicinasinc.com\/da\/product\/kob-dilaudid-8-mg\/","og_locale":"en_US","og_type":"article","og_title":"K\u00f8b Dilaudid 8 mg - Bedste globale medicin","og_description":"K\u00f8b dilaudid 8 mg til salg UK, Europa, USA i vores bestglobalmeds.com online shop med hurtig levering over hele verden! Den bedste Dilaudid 8 mg til bestilling finder du her!","og_url":"https:\/\/medicinasinc.com\/da\/product\/kob-dilaudid-8-mg\/","og_site_name":"Medicinas Inc","article_modified_time":"2022-09-16T12:12:39+00:00","og_image":[{"width":300,"height":300,"url":"https:\/\/medicinasinc.com\/da\/wp-content\/uploads\/sites\/8\/2022\/02\/Dilaudid-8-mg.jpg","type":"image\/jpeg"}],"twitter_card":"summary_large_image","twitter_misc":{"Est. reading time":"3 minutes"},"schema":{"@context":"https:\/\/schema.org","@graph":[{"@type":"WebPage","@id":"https:\/\/medicinasinc.com\/da\/product\/kob-dilaudid-8-mg\/","url":"https:\/\/medicinasinc.com\/da\/product\/kob-dilaudid-8-mg\/","name":"K\u00f8b Dilaudid 8 mg - Bedste globale medicin","isPartOf":{"@id":"https:\/\/medicinasinc.com\/da\/#website"},"primaryImageOfPage":{"@id":"https:\/\/medicinasinc.com\/da\/product\/kob-dilaudid-8-mg\/#primaryimage"},"image":{"@id":"https:\/\/medicinasinc.com\/da\/product\/kob-dilaudid-8-mg\/#primaryimage"},"thumbnailUrl":"https:\/\/medicinasinc.com\/da\/wp-content\/uploads\/sites\/8\/2022\/02\/Dilaudid-8-mg.jpg","datePublished":"2022-02-22T07:53:30+00:00","dateModified":"2022-09-16T12:12:39+00:00","description":"K\u00f8b dilaudid 8 mg til salg UK, Europa, USA i vores bestglobalmeds.com online shop med hurtig levering over hele verden! Den bedste Dilaudid 8 mg til bestilling finder du her!","breadcrumb":{"@id":"https:\/\/medicinasinc.com\/da\/product\/kob-dilaudid-8-mg\/#breadcrumb"},"inLanguage":"en-US","potentialAction":[{"@type":"ReadAction","target":["https:\/\/medicinasinc.com\/da\/product\/kob-dilaudid-8-mg\/"]}]},{"@type":"ImageObject","inLanguage":"en-US","@id":"https:\/\/medicinasinc.com\/da\/product\/kob-dilaudid-8-mg\/#primaryimage","url":"https:\/\/medicinasinc.com\/da\/wp-content\/uploads\/sites\/8\/2022\/02\/Dilaudid-8-mg.jpg","contentUrl":"https:\/\/medicinasinc.com\/da\/wp-content\/uploads\/sites\/8\/2022\/02\/Dilaudid-8-mg.jpg","width":300,"height":300},{"@type":"BreadcrumbList","@id":"https:\/\/medicinasinc.com\/da\/product\/kob-dilaudid-8-mg\/#breadcrumb","itemListElement":[{"@type":"ListItem","position":1,"name":"Butik","item":"https:\/\/medicinasinc.com\/da\/butik\/"},{"@type":"ListItem","position":2,"name":"K\u00f8b Dilaudid 8 mg"}]},{"@type":"WebSite","@id":"https:\/\/medicinasinc.com\/da\/#website","url":"https:\/\/medicinasinc.com\/da\/","name":"Medicinas Inc","description":"Health Medical Clinic","potentialAction":[{"@type":"SearchAction","target":{"@type":"EntryPoint","urlTemplate":"https:\/\/medicinasinc.com\/da\/?s={search_term_string}"},"query-input":{"@type":"PropertyValueSpecification","valueRequired":true,"valueName":"search_term_string"}}],"inLanguage":"en-US"}]}},"_links":{"self":[{"href":"https:\/\/medicinasinc.com\/da\/wp-json\/wp\/v2\/product\/5881","targetHints":{"allow":["GET"]}}],"collection":[{"href":"https:\/\/medicinasinc.com\/da\/wp-json\/wp\/v2\/product"}],"about":[{"href":"https:\/\/medicinasinc.com\/da\/wp-json\/wp\/v2\/types\/product"}],"replies":[{"embeddable":true,"href":"https:\/\/medicinasinc.com\/da\/wp-json\/wp\/v2\/comments?post=5881"}],"wp:featuredmedia":[{"embeddable":true,"href":"https:\/\/medicinasinc.com\/da\/wp-json\/wp\/v2\/media\/5909"}],"wp:attachment":[{"href":"https:\/\/medicinasinc.com\/da\/wp-json\/wp\/v2\/media?parent=5881"}],"wp:term":[{"taxonomy":"product_brand","embeddable":true,"href":"https:\/\/medicinasinc.com\/da\/wp-json\/wp\/v2\/product_brand?post=5881"},{"taxonomy":"product_cat","embeddable":true,"href":"https:\/\/medicinasinc.com\/da\/wp-json\/wp\/v2\/product_cat?post=5881"},{"taxonomy":"product_tag","embeddable":true,"href":"https:\/\/medicinasinc.com\/da\/wp-json\/wp\/v2\/product_tag?post=5881"}],"curies":[{"name":"wp","href":"https:\/\/api.w.org\/{rel}","templated":true}]}}