{"id":5875,"date":"2022-02-22T07:46:55","date_gmt":"2022-02-22T07:46:55","guid":{"rendered":"https:\/\/medicinasinc.com\/da\/?post_type=product&#038;p=5875"},"modified":"2022-03-19T21:08:34","modified_gmt":"2022-03-19T21:08:34","slug":"kob-gamma-butyrolactone","status":"publish","type":"product","link":"https:\/\/medicinasinc.com\/da\/product\/kob-gamma-butyrolactone\/","title":{"rendered":"K\u00f8b Gamma-Butyrolactone"},"content":{"rendered":"<p>Gamma-Butyrolactone (-butyrolactone eller GBL) er en hvid hygroskopisk v\u00e6ske med en svag karakteristisk lugt, der er vandopl\u00f8selig. GBL er et udbredt opl\u00f8sningsmiddel og reagens i kemi, s\u00e5vel som et smagsstof, et reng\u00f8ringsopl\u00f8sningsmiddel, en superlimfjerner og et opl\u00f8sningsmiddel i nogle v\u00e5de aluminiumelektrolytiske kondensatorer.<\/p>\n<p>K\u00f8b gamma\u2013butyrolactone (GBL) 1,0 mg\/ml i acetonitril-referencestandarder afledt af GHB og lignende forbindelser. Kan k\u00f8bes online<\/p>\n<p>Gamma butyrolactone til salg online, gbl (gamma-butyrolactone) til salg, gamma butyrolactone til salg i Storbritannien, gamma butyrolactone rensemiddel til salg<\/p>\n<p>Det fungerer som en forl\u00f8ber for GHB i mennesker og bruges som rekreativt rusmiddel med virkninger, der kan sammenlignes med alkohol.<\/p>\n<p>GBL er p\u00e5vist i ekstrakter fra rene vinpr\u00f8ver. Denne forskning tyder p\u00e5, at GBL forekommer naturligt i nogle vine og kan forekomme i sammenlignelige produkter. Den opdagede koncentration var omkring 5 g\/ml, hvilket simpelthen blev bestemt ved hj\u00e6lp af en simpel ekstraktionsmetode efterfulgt af GC\/MS-analyse.<\/p>\n<p>GBL kan p\u00e5vises i ostearomaer, men det endelige f\u00f8devareprodukt har normalt mindre end 0,0002 procent GBL.<\/p>\n<p>GBL er klassificeret som en lacton. Det hydrolyseres til natrium-gamma-hydroxybutyrat, natriumsaltet af gamma-hydroxysm\u00f8rsyre, under basiske betingelser, for eksempel i en natriumhydroxidopl\u00f8sning. Det genererer en ligev\u00e6gtskombination af begge kemikalier under sure forhold. Herefter kan disse kemikalier kombineres for at skabe en polymer. N\u00e5r en ikke-nukleofil base, s\u00e5som lithiumdiisopropylamid, anvendes,<\/p>\n<p>GBL har potentialet til at fungere som en alfa-carbon nukleofil. Caprolacton, et lignende kemikalie, kan bruges p\u00e5 denne m\u00e5de til at skabe en polyester.<\/p>\n<p>GBL er ikke et aktivt stof i sig selv; dets virkningsmekanisme er afledt af dets status som et prodrug af GHB. GHB&#8217;s hypnotiske effekt forst\u00e6rkes, n\u00e5r det kombineres med alkohol. I et rottestudie fra 2003 blev GBL fundet at have en forst\u00e6rket hypnotisk effekt, n\u00e5r det kombineres med ethanol, da s\u00f8vntidsm\u00e5lingen var l\u00e6ngere end summen af \u200b\u200bde to uafh\u00e6ngige komponenter.<\/p>\n","protected":false},"excerpt":{"rendered":"<p>Du kan k\u00f8be Gamma-Butyrolactone fra leverand\u00f8rer, vi har tillid til, og vi samarbejder med disse leverand\u00f8rer for at f\u00e5 adgang til at k\u00f8be Gamma-Butyrolactone til salg Storbritannien, Europa<\/p>\n<p>Alle pyrrolidoner syntetiseres ved hj\u00e6lp af GBL som en kemisk mellemmand . Det kan bruges til at lave insekticider, herbicider og v\u00e6kstregulatorer til planter.<\/p>\n","protected":false},"featured_media":5885,"comment_status":"open","ping_status":"closed","template":"","meta":[],"product_brand":[],"product_cat":[2014],"product_tag":[4034,4036,4032,4037,4031,4035,4033],"class_list":{"0":"post-5875","1":"product","2":"type-product","3":"status-publish","4":"has-post-thumbnail","6":"product_cat-kb-forskningskemikalier","7":"product_tag-bestil-gamma-butyrolactone-online","8":"product_tag-det-bedste-sted-at-kbe-gamma-butyrolactone-online","9":"product_tag-gamma-butyrolactone-for-sale","10":"product_tag-hvor-kan-kbes-gamma-butyrolactone-online","11":"product_tag-kb-gamma-butyrolactone-online","12":"product_tag-purchase-gamma-butyrolactone-online","13":"product_tag-hvordan-man-kber-man-gamma-butyrolactone-online","15":"first","16":"instock","17":"featured","18":"shipping-taxable","19":"purchasable","20":"product-type-variable"},"yoast_head":"<!-- This site is optimized with the Yoast SEO plugin v27.3 - https:\/\/yoast.com\/product\/yoast-seo-wordpress\/ -->\n<title>K\u00f8b Gamma-Butyrolactone - Bedste bedste globale medicin<\/title>\n<meta name=\"description\" content=\"Du kan k\u00f8be Gamma-Butyrolactone fra leverand\u00f8rer, vi har tillid til, og vi samarbejder med disse leverand\u00f8rer for at f\u00e5 adgang til at k\u00f8be Gamma-Butyrolactone til salg UK, Europa\" \/>\n<meta name=\"robots\" content=\"index, follow, max-snippet:-1, max-image-preview:large, max-video-preview:-1\" \/>\n<link rel=\"canonical\" href=\"https:\/\/medicinasinc.com\/da\/product\/kob-gamma-butyrolactone\/\" \/>\n<meta property=\"og:locale\" content=\"en_US\" \/>\n<meta property=\"og:type\" content=\"article\" \/>\n<meta property=\"og:title\" content=\"K\u00f8b Gamma-Butyrolactone - Bedste bedste globale medicin\" \/>\n<meta property=\"og:description\" content=\"Du kan k\u00f8be Gamma-Butyrolactone fra leverand\u00f8rer, vi har tillid til, og vi samarbejder med disse leverand\u00f8rer for at f\u00e5 adgang til at k\u00f8be Gamma-Butyrolactone til salg UK, Europa\" \/>\n<meta property=\"og:url\" content=\"https:\/\/medicinasinc.com\/da\/product\/kob-gamma-butyrolactone\/\" \/>\n<meta property=\"og:site_name\" content=\"Medicinas Inc\" \/>\n<meta property=\"article:modified_time\" content=\"2022-03-19T21:08:34+00:00\" \/>\n<meta property=\"og:image\" content=\"https:\/\/medicinasinc.com\/da\/wp-content\/uploads\/sites\/8\/2022\/02\/Buy-Gamma-Butyrolactone.jpg\" \/>\n\t<meta property=\"og:image:width\" content=\"500\" \/>\n\t<meta property=\"og:image:height\" content=\"500\" \/>\n\t<meta property=\"og:image:type\" content=\"image\/jpeg\" \/>\n<meta name=\"twitter:card\" content=\"summary_large_image\" \/>\n<meta name=\"twitter:label1\" content=\"Est. reading time\" \/>\n\t<meta name=\"twitter:data1\" content=\"2 minutes\" \/>\n<script type=\"application\/ld+json\" class=\"yoast-schema-graph\">{\"@context\":\"https:\\\/\\\/schema.org\",\"@graph\":[{\"@type\":\"WebPage\",\"@id\":\"https:\\\/\\\/medicinasinc.com\\\/da\\\/product\\\/kob-gamma-butyrolactone\\\/\",\"url\":\"https:\\\/\\\/medicinasinc.com\\\/da\\\/product\\\/kob-gamma-butyrolactone\\\/\",\"name\":\"K\u00f8b Gamma-Butyrolactone - Bedste bedste globale medicin\",\"isPartOf\":{\"@id\":\"https:\\\/\\\/medicinasinc.com\\\/da\\\/#website\"},\"primaryImageOfPage\":{\"@id\":\"https:\\\/\\\/medicinasinc.com\\\/da\\\/product\\\/kob-gamma-butyrolactone\\\/#primaryimage\"},\"image\":{\"@id\":\"https:\\\/\\\/medicinasinc.com\\\/da\\\/product\\\/kob-gamma-butyrolactone\\\/#primaryimage\"},\"thumbnailUrl\":\"https:\\\/\\\/medicinasinc.com\\\/da\\\/wp-content\\\/uploads\\\/sites\\\/8\\\/2022\\\/02\\\/Buy-Gamma-Butyrolactone.jpg\",\"datePublished\":\"2022-02-22T07:46:55+00:00\",\"dateModified\":\"2022-03-19T21:08:34+00:00\",\"description\":\"Du kan k\u00f8be Gamma-Butyrolactone fra leverand\u00f8rer, vi har tillid til, og vi samarbejder med disse leverand\u00f8rer for at f\u00e5 adgang til at k\u00f8be Gamma-Butyrolactone til salg UK, Europa\",\"breadcrumb\":{\"@id\":\"https:\\\/\\\/medicinasinc.com\\\/da\\\/product\\\/kob-gamma-butyrolactone\\\/#breadcrumb\"},\"inLanguage\":\"en-US\",\"potentialAction\":[{\"@type\":\"ReadAction\",\"target\":[\"https:\\\/\\\/medicinasinc.com\\\/da\\\/product\\\/kob-gamma-butyrolactone\\\/\"]}]},{\"@type\":\"ImageObject\",\"inLanguage\":\"en-US\",\"@id\":\"https:\\\/\\\/medicinasinc.com\\\/da\\\/product\\\/kob-gamma-butyrolactone\\\/#primaryimage\",\"url\":\"https:\\\/\\\/medicinasinc.com\\\/da\\\/wp-content\\\/uploads\\\/sites\\\/8\\\/2022\\\/02\\\/Buy-Gamma-Butyrolactone.jpg\",\"contentUrl\":\"https:\\\/\\\/medicinasinc.com\\\/da\\\/wp-content\\\/uploads\\\/sites\\\/8\\\/2022\\\/02\\\/Buy-Gamma-Butyrolactone.jpg\",\"width\":500,\"height\":500},{\"@type\":\"BreadcrumbList\",\"@id\":\"https:\\\/\\\/medicinasinc.com\\\/da\\\/product\\\/kob-gamma-butyrolactone\\\/#breadcrumb\",\"itemListElement\":[{\"@type\":\"ListItem\",\"position\":1,\"name\":\"Butik\",\"item\":\"https:\\\/\\\/medicinasinc.com\\\/da\\\/butik\\\/\"},{\"@type\":\"ListItem\",\"position\":2,\"name\":\"K\u00f8b Gamma-Butyrolactone\"}]},{\"@type\":\"WebSite\",\"@id\":\"https:\\\/\\\/medicinasinc.com\\\/da\\\/#website\",\"url\":\"https:\\\/\\\/medicinasinc.com\\\/da\\\/\",\"name\":\"Medicinas Inc\",\"description\":\"Health Medical Clinic\",\"potentialAction\":[{\"@type\":\"SearchAction\",\"target\":{\"@type\":\"EntryPoint\",\"urlTemplate\":\"https:\\\/\\\/medicinasinc.com\\\/da\\\/?s={search_term_string}\"},\"query-input\":{\"@type\":\"PropertyValueSpecification\",\"valueRequired\":true,\"valueName\":\"search_term_string\"}}],\"inLanguage\":\"en-US\"}]}<\/script>\n<!-- \/ Yoast SEO plugin. -->","yoast_head_json":{"title":"K\u00f8b Gamma-Butyrolactone - Bedste bedste globale medicin","description":"Du kan k\u00f8be Gamma-Butyrolactone fra leverand\u00f8rer, vi har tillid til, og vi samarbejder med disse leverand\u00f8rer for at f\u00e5 adgang til at k\u00f8be Gamma-Butyrolactone til salg UK, Europa","robots":{"index":"index","follow":"follow","max-snippet":"max-snippet:-1","max-image-preview":"max-image-preview:large","max-video-preview":"max-video-preview:-1"},"canonical":"https:\/\/medicinasinc.com\/da\/product\/kob-gamma-butyrolactone\/","og_locale":"en_US","og_type":"article","og_title":"K\u00f8b Gamma-Butyrolactone - Bedste bedste globale medicin","og_description":"Du kan k\u00f8be Gamma-Butyrolactone fra leverand\u00f8rer, vi har tillid til, og vi samarbejder med disse leverand\u00f8rer for at f\u00e5 adgang til at k\u00f8be Gamma-Butyrolactone til salg UK, Europa","og_url":"https:\/\/medicinasinc.com\/da\/product\/kob-gamma-butyrolactone\/","og_site_name":"Medicinas Inc","article_modified_time":"2022-03-19T21:08:34+00:00","og_image":[{"width":500,"height":500,"url":"https:\/\/medicinasinc.com\/da\/wp-content\/uploads\/sites\/8\/2022\/02\/Buy-Gamma-Butyrolactone.jpg","type":"image\/jpeg"}],"twitter_card":"summary_large_image","twitter_misc":{"Est. reading time":"2 minutes"},"schema":{"@context":"https:\/\/schema.org","@graph":[{"@type":"WebPage","@id":"https:\/\/medicinasinc.com\/da\/product\/kob-gamma-butyrolactone\/","url":"https:\/\/medicinasinc.com\/da\/product\/kob-gamma-butyrolactone\/","name":"K\u00f8b Gamma-Butyrolactone - Bedste bedste globale medicin","isPartOf":{"@id":"https:\/\/medicinasinc.com\/da\/#website"},"primaryImageOfPage":{"@id":"https:\/\/medicinasinc.com\/da\/product\/kob-gamma-butyrolactone\/#primaryimage"},"image":{"@id":"https:\/\/medicinasinc.com\/da\/product\/kob-gamma-butyrolactone\/#primaryimage"},"thumbnailUrl":"https:\/\/medicinasinc.com\/da\/wp-content\/uploads\/sites\/8\/2022\/02\/Buy-Gamma-Butyrolactone.jpg","datePublished":"2022-02-22T07:46:55+00:00","dateModified":"2022-03-19T21:08:34+00:00","description":"Du kan k\u00f8be Gamma-Butyrolactone fra leverand\u00f8rer, vi har tillid til, og vi samarbejder med disse leverand\u00f8rer for at f\u00e5 adgang til at k\u00f8be Gamma-Butyrolactone til salg UK, Europa","breadcrumb":{"@id":"https:\/\/medicinasinc.com\/da\/product\/kob-gamma-butyrolactone\/#breadcrumb"},"inLanguage":"en-US","potentialAction":[{"@type":"ReadAction","target":["https:\/\/medicinasinc.com\/da\/product\/kob-gamma-butyrolactone\/"]}]},{"@type":"ImageObject","inLanguage":"en-US","@id":"https:\/\/medicinasinc.com\/da\/product\/kob-gamma-butyrolactone\/#primaryimage","url":"https:\/\/medicinasinc.com\/da\/wp-content\/uploads\/sites\/8\/2022\/02\/Buy-Gamma-Butyrolactone.jpg","contentUrl":"https:\/\/medicinasinc.com\/da\/wp-content\/uploads\/sites\/8\/2022\/02\/Buy-Gamma-Butyrolactone.jpg","width":500,"height":500},{"@type":"BreadcrumbList","@id":"https:\/\/medicinasinc.com\/da\/product\/kob-gamma-butyrolactone\/#breadcrumb","itemListElement":[{"@type":"ListItem","position":1,"name":"Butik","item":"https:\/\/medicinasinc.com\/da\/butik\/"},{"@type":"ListItem","position":2,"name":"K\u00f8b Gamma-Butyrolactone"}]},{"@type":"WebSite","@id":"https:\/\/medicinasinc.com\/da\/#website","url":"https:\/\/medicinasinc.com\/da\/","name":"Medicinas Inc","description":"Health Medical Clinic","potentialAction":[{"@type":"SearchAction","target":{"@type":"EntryPoint","urlTemplate":"https:\/\/medicinasinc.com\/da\/?s={search_term_string}"},"query-input":{"@type":"PropertyValueSpecification","valueRequired":true,"valueName":"search_term_string"}}],"inLanguage":"en-US"}]}},"_links":{"self":[{"href":"https:\/\/medicinasinc.com\/da\/wp-json\/wp\/v2\/product\/5875","targetHints":{"allow":["GET"]}}],"collection":[{"href":"https:\/\/medicinasinc.com\/da\/wp-json\/wp\/v2\/product"}],"about":[{"href":"https:\/\/medicinasinc.com\/da\/wp-json\/wp\/v2\/types\/product"}],"replies":[{"embeddable":true,"href":"https:\/\/medicinasinc.com\/da\/wp-json\/wp\/v2\/comments?post=5875"}],"wp:featuredmedia":[{"embeddable":true,"href":"https:\/\/medicinasinc.com\/da\/wp-json\/wp\/v2\/media\/5885"}],"wp:attachment":[{"href":"https:\/\/medicinasinc.com\/da\/wp-json\/wp\/v2\/media?parent=5875"}],"wp:term":[{"taxonomy":"product_brand","embeddable":true,"href":"https:\/\/medicinasinc.com\/da\/wp-json\/wp\/v2\/product_brand?post=5875"},{"taxonomy":"product_cat","embeddable":true,"href":"https:\/\/medicinasinc.com\/da\/wp-json\/wp\/v2\/product_cat?post=5875"},{"taxonomy":"product_tag","embeddable":true,"href":"https:\/\/medicinasinc.com\/da\/wp-json\/wp\/v2\/product_tag?post=5875"}],"curies":[{"name":"wp","href":"https:\/\/api.w.org\/{rel}","templated":true}]}}