{"id":5870,"date":"2022-02-22T07:42:43","date_gmt":"2022-02-22T07:42:43","guid":{"rendered":"https:\/\/medicinasinc.com\/da\/?post_type=product&#038;p=5870"},"modified":"2022-03-19T21:09:01","modified_gmt":"2022-03-19T21:09:01","slug":"kob-3-cmc-krystal","status":"publish","type":"product","link":"https:\/\/medicinasinc.com\/da\/product\/kob-3-cmc-krystal\/","title":{"rendered":"K\u00f8b 3-cmc krystal"},"content":{"rendered":"<p>K\u00f8b 3-CMC CRYSTAL, k\u00f8b 3 CMC CRYSTAL, k\u00f8b 3 CMC CRYSTAL, k\u00f8b 3-CMC CRYSTAL<\/p>\n<p>CRYSTAL OF 3-CMC, Der er nu s\u00e5 mange cathinoner tilg\u00e6ngelige, som det fremg\u00e5r af en tr\u00e5d hvor brugerne gennemgik deres oplevelser med alt, hvad de har pr\u00f8vet. Uden at g\u00e5 i dybden med hver af dem, her er min rangering:<br \/> bk-MDMA (Methylone) &gt; bk-MBDB (butylon) &gt; 4-MEC &gt; MABP (Buphedrone)<\/p>\n<p>De eneste, jeg nogensinde ville overveje at besidde igen, er den berygtede Mephedrone og Methylone, som begge har v\u00e6ret mere eller mindre forbudte globalt i de senere \u00e5r.<\/p>\n<p>Jeg fik denne rangering fra en person, der er godt vidende om denne klasse af RC&#8217;er, som jeg syntes var sp\u00e6ndende:<\/p>\n<p>KRYSTALFORM AF 3-CMC, 4-MMC &gt; bk-MDMA &gt; 4-CMC &gt; 3-CMC &gt; 3-MMC &gt; 5-methylethylon &gt; Butylon &gt; Ethylon<br \/> Denne &#8220;Clephedrone&#8221; (4-CMC), der ikke har haft stor indflydelse p\u00e5 RC-markedet, ser ud til at v\u00e6re en god ting. Og, AFAIK, ikke specifikt planlagt p\u00e5 de fleste steder. Sikkerhedsprofilen er dog for det meste ukendt, og mange er bange, da amfetaminanalogen, 4-CA, er kendt for at v\u00e6re ekstremt neurotoksisk.<\/p>\n<p>De eneste, jeg nogensinde ville overveje at besidde igen, er berygtede Mephedrone og Methylone, som begge har v\u00e6ret mere eller mindre forbudte globalt i de senere \u00e5r.<br \/> Jeg fik denne rangering fra en person, der ved godt om denne klasse af RC&#8217;er, hvilket jeg syntes var sp\u00e6ndende:<\/p>\n<p>KRYSTALFORM AF 3-CMC, 4-MMC &gt; bk-MDMA &gt; 4-CMC &gt; 3-CMC &gt; 3-MMC &gt; 5-methylethylon &gt; Butylon &gt; Ethylon<br \/> Denne &#8220;Clephedrone&#8221; (4-CMC), der ikke har haft stor indflydelse p\u00e5 RC-markedet, ser ud til at v\u00e6re en god ting. Og, AFAIK, ikke specifikt planlagt p\u00e5 de fleste steder. Sikkerhedsprofilen er dog for det meste ukendt, og mange er bange, da amfetaminanalogen, 4-CA, er kendt for at v\u00e6re ekstremt neurotoksisk.<\/p>\n","protected":false},"excerpt":{"rendered":"<p>K\u00f8b 3-CMC CRYSTAL Powder til salg i Storbritannien, Europa i vores bestglobalmeds.com onlinebutik med hurtig levering over hele verden! Den bedste 3-CMC CRYSTAL til bestilling finder du her!<\/p>\n<p>bk-MDMA &gt; 4-CMC &gt; 3-CMC &gt; 3-MMC &gt; 5-methylethylon &gt; Butylon &gt; Ethylon<br \/> If\u00f8lge rapporter er denne &#8220;Clephedrone&#8221; (4-CMC), der ikke har gjort en stor tilstedev\u00e6relse p\u00e5 RC-markedet, er faktisk ret god. Og, AFAIK, ikke specifikt planlagt de fleste steder. Selvom sikkerhedsprofilen hovedsageligt er ukendt,<\/p>\n","protected":false},"featured_media":5880,"comment_status":"open","ping_status":"closed","template":"","meta":[],"product_brand":[],"product_cat":[2014],"product_tag":[4024,4027,4025,4029,4026,4030,4028],"class_list":{"0":"post-5870","1":"product","2":"type-product","3":"status-publish","4":"has-post-thumbnail","6":"product_cat-kb-forskningskemikalier","7":"product_tag-3-cmc-krystal-til-salg","8":"product_tag-bestil-3-cmc-krystal-online","9":"product_tag-buy-3-cmc-crystal-online","10":"product_tag-det-bedste-sted-at-kbe-3-cmc-krystal-online","11":"product_tag-how-to-buy-3-cmc-crystal-online","12":"product_tag-hvor-kan-kbes-3-cmc-krystal-online","13":"product_tag-kb-3-cmc-krystal-online","15":"first","16":"instock","17":"featured","18":"shipping-taxable","19":"purchasable","20":"product-type-variable"},"yoast_head":"<!-- This site is optimized with the Yoast SEO plugin v27.3 - https:\/\/yoast.com\/product\/yoast-seo-wordpress\/ -->\n<title>K\u00f8b 3-cmc krystal - Beat Best Global Meds<\/title>\n<meta name=\"description\" content=\"K\u00f8b 3-CMC CRYSTAL Powder til salg i Storbritannien, Europa i vores bestglobalmeds.com online butik med hurtig levering over hele verden! Den bedste 3-CMC CRYSTAL til bestilling finder du her!\" \/>\n<meta name=\"robots\" content=\"index, follow, max-snippet:-1, max-image-preview:large, max-video-preview:-1\" \/>\n<link rel=\"canonical\" href=\"https:\/\/medicinasinc.com\/da\/product\/kob-3-cmc-krystal\/\" \/>\n<meta property=\"og:locale\" content=\"en_US\" \/>\n<meta property=\"og:type\" content=\"article\" \/>\n<meta property=\"og:title\" content=\"K\u00f8b 3-cmc krystal - Beat Best Global Meds\" \/>\n<meta property=\"og:description\" content=\"K\u00f8b 3-CMC CRYSTAL Powder til salg i Storbritannien, Europa i vores bestglobalmeds.com online butik med hurtig levering over hele verden! Den bedste 3-CMC CRYSTAL til bestilling finder du her!\" \/>\n<meta property=\"og:url\" content=\"https:\/\/medicinasinc.com\/da\/product\/kob-3-cmc-krystal\/\" \/>\n<meta property=\"og:site_name\" content=\"Medicinas Inc\" \/>\n<meta property=\"article:modified_time\" content=\"2022-03-19T21:09:01+00:00\" \/>\n<meta property=\"og:image\" content=\"https:\/\/medicinasinc.com\/da\/wp-content\/uploads\/sites\/8\/2022\/02\/Buy-3-CMC-CRYSTAL.jpg\" \/>\n\t<meta property=\"og:image:width\" content=\"720\" \/>\n\t<meta property=\"og:image:height\" content=\"600\" \/>\n\t<meta property=\"og:image:type\" content=\"image\/jpeg\" \/>\n<meta name=\"twitter:card\" content=\"summary_large_image\" \/>\n<meta name=\"twitter:label1\" content=\"Est. reading time\" \/>\n\t<meta name=\"twitter:data1\" content=\"2 minutes\" \/>\n<script type=\"application\/ld+json\" class=\"yoast-schema-graph\">{\"@context\":\"https:\\\/\\\/schema.org\",\"@graph\":[{\"@type\":\"WebPage\",\"@id\":\"https:\\\/\\\/medicinasinc.com\\\/da\\\/product\\\/kob-3-cmc-krystal\\\/\",\"url\":\"https:\\\/\\\/medicinasinc.com\\\/da\\\/product\\\/kob-3-cmc-krystal\\\/\",\"name\":\"K\u00f8b 3-cmc krystal - Beat Best Global Meds\",\"isPartOf\":{\"@id\":\"https:\\\/\\\/medicinasinc.com\\\/da\\\/#website\"},\"primaryImageOfPage\":{\"@id\":\"https:\\\/\\\/medicinasinc.com\\\/da\\\/product\\\/kob-3-cmc-krystal\\\/#primaryimage\"},\"image\":{\"@id\":\"https:\\\/\\\/medicinasinc.com\\\/da\\\/product\\\/kob-3-cmc-krystal\\\/#primaryimage\"},\"thumbnailUrl\":\"https:\\\/\\\/medicinasinc.com\\\/da\\\/wp-content\\\/uploads\\\/sites\\\/8\\\/2022\\\/02\\\/Buy-3-CMC-CRYSTAL.jpg\",\"datePublished\":\"2022-02-22T07:42:43+00:00\",\"dateModified\":\"2022-03-19T21:09:01+00:00\",\"description\":\"K\u00f8b 3-CMC CRYSTAL Powder til salg i Storbritannien, Europa i vores bestglobalmeds.com online butik med hurtig levering over hele verden! Den bedste 3-CMC CRYSTAL til bestilling finder du her!\",\"breadcrumb\":{\"@id\":\"https:\\\/\\\/medicinasinc.com\\\/da\\\/product\\\/kob-3-cmc-krystal\\\/#breadcrumb\"},\"inLanguage\":\"en-US\",\"potentialAction\":[{\"@type\":\"ReadAction\",\"target\":[\"https:\\\/\\\/medicinasinc.com\\\/da\\\/product\\\/kob-3-cmc-krystal\\\/\"]}]},{\"@type\":\"ImageObject\",\"inLanguage\":\"en-US\",\"@id\":\"https:\\\/\\\/medicinasinc.com\\\/da\\\/product\\\/kob-3-cmc-krystal\\\/#primaryimage\",\"url\":\"https:\\\/\\\/medicinasinc.com\\\/da\\\/wp-content\\\/uploads\\\/sites\\\/8\\\/2022\\\/02\\\/Buy-3-CMC-CRYSTAL.jpg\",\"contentUrl\":\"https:\\\/\\\/medicinasinc.com\\\/da\\\/wp-content\\\/uploads\\\/sites\\\/8\\\/2022\\\/02\\\/Buy-3-CMC-CRYSTAL.jpg\",\"width\":720,\"height\":600},{\"@type\":\"BreadcrumbList\",\"@id\":\"https:\\\/\\\/medicinasinc.com\\\/da\\\/product\\\/kob-3-cmc-krystal\\\/#breadcrumb\",\"itemListElement\":[{\"@type\":\"ListItem\",\"position\":1,\"name\":\"Butik\",\"item\":\"https:\\\/\\\/medicinasinc.com\\\/da\\\/butik\\\/\"},{\"@type\":\"ListItem\",\"position\":2,\"name\":\"K\u00f8b 3-cmc krystal\"}]},{\"@type\":\"WebSite\",\"@id\":\"https:\\\/\\\/medicinasinc.com\\\/da\\\/#website\",\"url\":\"https:\\\/\\\/medicinasinc.com\\\/da\\\/\",\"name\":\"Medicinas Inc\",\"description\":\"Health Medical Clinic\",\"potentialAction\":[{\"@type\":\"SearchAction\",\"target\":{\"@type\":\"EntryPoint\",\"urlTemplate\":\"https:\\\/\\\/medicinasinc.com\\\/da\\\/?s={search_term_string}\"},\"query-input\":{\"@type\":\"PropertyValueSpecification\",\"valueRequired\":true,\"valueName\":\"search_term_string\"}}],\"inLanguage\":\"en-US\"}]}<\/script>\n<!-- \/ Yoast SEO plugin. -->","yoast_head_json":{"title":"K\u00f8b 3-cmc krystal - Beat Best Global Meds","description":"K\u00f8b 3-CMC CRYSTAL Powder til salg i Storbritannien, Europa i vores bestglobalmeds.com online butik med hurtig levering over hele verden! Den bedste 3-CMC CRYSTAL til bestilling finder du her!","robots":{"index":"index","follow":"follow","max-snippet":"max-snippet:-1","max-image-preview":"max-image-preview:large","max-video-preview":"max-video-preview:-1"},"canonical":"https:\/\/medicinasinc.com\/da\/product\/kob-3-cmc-krystal\/","og_locale":"en_US","og_type":"article","og_title":"K\u00f8b 3-cmc krystal - Beat Best Global Meds","og_description":"K\u00f8b 3-CMC CRYSTAL Powder til salg i Storbritannien, Europa i vores bestglobalmeds.com online butik med hurtig levering over hele verden! Den bedste 3-CMC CRYSTAL til bestilling finder du her!","og_url":"https:\/\/medicinasinc.com\/da\/product\/kob-3-cmc-krystal\/","og_site_name":"Medicinas Inc","article_modified_time":"2022-03-19T21:09:01+00:00","og_image":[{"width":720,"height":600,"url":"https:\/\/medicinasinc.com\/da\/wp-content\/uploads\/sites\/8\/2022\/02\/Buy-3-CMC-CRYSTAL.jpg","type":"image\/jpeg"}],"twitter_card":"summary_large_image","twitter_misc":{"Est. reading time":"2 minutes"},"schema":{"@context":"https:\/\/schema.org","@graph":[{"@type":"WebPage","@id":"https:\/\/medicinasinc.com\/da\/product\/kob-3-cmc-krystal\/","url":"https:\/\/medicinasinc.com\/da\/product\/kob-3-cmc-krystal\/","name":"K\u00f8b 3-cmc krystal - Beat Best Global Meds","isPartOf":{"@id":"https:\/\/medicinasinc.com\/da\/#website"},"primaryImageOfPage":{"@id":"https:\/\/medicinasinc.com\/da\/product\/kob-3-cmc-krystal\/#primaryimage"},"image":{"@id":"https:\/\/medicinasinc.com\/da\/product\/kob-3-cmc-krystal\/#primaryimage"},"thumbnailUrl":"https:\/\/medicinasinc.com\/da\/wp-content\/uploads\/sites\/8\/2022\/02\/Buy-3-CMC-CRYSTAL.jpg","datePublished":"2022-02-22T07:42:43+00:00","dateModified":"2022-03-19T21:09:01+00:00","description":"K\u00f8b 3-CMC CRYSTAL Powder til salg i Storbritannien, Europa i vores bestglobalmeds.com online butik med hurtig levering over hele verden! Den bedste 3-CMC CRYSTAL til bestilling finder du her!","breadcrumb":{"@id":"https:\/\/medicinasinc.com\/da\/product\/kob-3-cmc-krystal\/#breadcrumb"},"inLanguage":"en-US","potentialAction":[{"@type":"ReadAction","target":["https:\/\/medicinasinc.com\/da\/product\/kob-3-cmc-krystal\/"]}]},{"@type":"ImageObject","inLanguage":"en-US","@id":"https:\/\/medicinasinc.com\/da\/product\/kob-3-cmc-krystal\/#primaryimage","url":"https:\/\/medicinasinc.com\/da\/wp-content\/uploads\/sites\/8\/2022\/02\/Buy-3-CMC-CRYSTAL.jpg","contentUrl":"https:\/\/medicinasinc.com\/da\/wp-content\/uploads\/sites\/8\/2022\/02\/Buy-3-CMC-CRYSTAL.jpg","width":720,"height":600},{"@type":"BreadcrumbList","@id":"https:\/\/medicinasinc.com\/da\/product\/kob-3-cmc-krystal\/#breadcrumb","itemListElement":[{"@type":"ListItem","position":1,"name":"Butik","item":"https:\/\/medicinasinc.com\/da\/butik\/"},{"@type":"ListItem","position":2,"name":"K\u00f8b 3-cmc krystal"}]},{"@type":"WebSite","@id":"https:\/\/medicinasinc.com\/da\/#website","url":"https:\/\/medicinasinc.com\/da\/","name":"Medicinas Inc","description":"Health Medical Clinic","potentialAction":[{"@type":"SearchAction","target":{"@type":"EntryPoint","urlTemplate":"https:\/\/medicinasinc.com\/da\/?s={search_term_string}"},"query-input":{"@type":"PropertyValueSpecification","valueRequired":true,"valueName":"search_term_string"}}],"inLanguage":"en-US"}]}},"_links":{"self":[{"href":"https:\/\/medicinasinc.com\/da\/wp-json\/wp\/v2\/product\/5870","targetHints":{"allow":["GET"]}}],"collection":[{"href":"https:\/\/medicinasinc.com\/da\/wp-json\/wp\/v2\/product"}],"about":[{"href":"https:\/\/medicinasinc.com\/da\/wp-json\/wp\/v2\/types\/product"}],"replies":[{"embeddable":true,"href":"https:\/\/medicinasinc.com\/da\/wp-json\/wp\/v2\/comments?post=5870"}],"wp:featuredmedia":[{"embeddable":true,"href":"https:\/\/medicinasinc.com\/da\/wp-json\/wp\/v2\/media\/5880"}],"wp:attachment":[{"href":"https:\/\/medicinasinc.com\/da\/wp-json\/wp\/v2\/media?parent=5870"}],"wp:term":[{"taxonomy":"product_brand","embeddable":true,"href":"https:\/\/medicinasinc.com\/da\/wp-json\/wp\/v2\/product_brand?post=5870"},{"taxonomy":"product_cat","embeddable":true,"href":"https:\/\/medicinasinc.com\/da\/wp-json\/wp\/v2\/product_cat?post=5870"},{"taxonomy":"product_tag","embeddable":true,"href":"https:\/\/medicinasinc.com\/da\/wp-json\/wp\/v2\/product_tag?post=5870"}],"curies":[{"name":"wp","href":"https:\/\/api.w.org\/{rel}","templated":true}]}}