{"id":5863,"date":"2022-02-22T07:36:01","date_gmt":"2022-02-22T07:36:01","guid":{"rendered":"https:\/\/medicinasinc.com\/da\/?post_type=product&#038;p=5863"},"modified":"2022-03-19T21:11:52","modified_gmt":"2022-03-19T21:11:52","slug":"kob-gamma-hydroxybutyrat-ghb-pulver","status":"publish","type":"product","link":"https:\/\/medicinasinc.com\/da\/product\/kob-gamma-hydroxybutyrat-ghb-pulver\/","title":{"rendered":"K\u00f8b gamma hydroxybutyrat (GHB) pulver"},"content":{"rendered":"<p>K\u00f8b online af GHB-pulver<\/p>\n<p>K\u00f8b GHB-pulver online. GHB er et syntetisk bed\u00f8velsesmiddel. Den f\u00e5s som en gennemsigtig v\u00e6ske eller et pulver og har en let salt smag. Fordi styrken varierer, er der ikke noget, der hedder en &#8216;sikker dosis&#8217;. GBL (gamma-butyrolactone) og 1,4-butandiol er kommercielt tilg\u00e6ngelige som GHB-alternativer. Disse er lovligt tilg\u00e6ngelige som reng\u00f8ringsopl\u00f8sningsmidler, og n\u00e5r de sluges, omdannes de naturligt til GHB.<\/p>\n<p>Gamma-butyrolacton bruges til at forbedre atletisk pr\u00e6station, s\u00f8vnkvalitet og seksuel pr\u00e6station og nydelse. Derudover bruger de det til at behandle depression og stress, til at forl\u00e6nge livet, til at fremme klar t\u00e6nkning, til at fremkalde afslapning og til at frigive v\u00e6ksthormon. Derudover bruges GBL til at reducere kropsfedt og som en krops- eller muskelopbygger. Visse personer bruger det rekreativt.<\/p>\n<p>GHB eller GBL Chemicals for Research<\/p>\n<p>(alternative navne: gammahydroxybutyrat, flydende ecstasy, flydende X, gammahydroxybutyrat)<\/p>\n<p>Typisk, GHB tilbydes i sm\u00e5 h\u00e6tteglas som en klar v\u00e6ske med en noget tykkere konsistens end vand.<br \/> Doser indgives i sm\u00e5 m\u00e6ngder, kaldet &#8220;h\u00e6tter&#8221; eller &#8220;h\u00e6tter af G.&#8221;<br \/> Selvom det kan indtages hel, fortyndes det typisk i vand eller juice og nippes til.<br \/> GHB har ingen lugt og har ingen m\u00e6rkbar smag.<br \/> GBL har en mild salt, kemisk smag og lugt, der let kan maskeres, n\u00e5r det blandes med andre v\u00e6sker . GBL er en mere potent version af medicinen.<br \/> Begr\u00e6ns dig selv til ekstremt lave doser af GHB. Det er ret potent, og styrken kan variere betydeligt p\u00e5 tv\u00e6rs af partier, selv blandt erfarne brugere. Det anbefales at vente mellem doser. Visse kilder anbefaler at vente op til to timer mellem doseringerne for at undg\u00e5 at g\u00e5 ud.<\/p>\n<p>GHB&#8217;s effekter<\/p>\n<p>Effekterne begynder cirka tyve minutter efter indtagelse og kan vare op til fire timer.<br \/> Mindre, mildere m\u00e6ngder fremkalder afslapning og ro.<br \/> Hvis du tager st\u00f8rre m\u00e6ngder, kan du f\u00e5 s\u00f8vnighed, svimmelhed og forvirring. Derudover kan du opleve kvalme, opkastning og muskelspasmer.<br \/> Kan resultere i kramper, bevidsthedstab, koma og \u00e5ndedr\u00e6tsbesv\u00e6r<br \/> Mulighed for \u00f8get muskelv\u00e6kst hos bodybuildere<\/p>\n<p>Sex med GHB<\/p>\n<p>I lighed med alkohol reducerer det h\u00e6mninger og \u00f8ger samtidig selvtillid og omg\u00e6ngelighed.<br \/> \u00d8get taktil f\u00f8lsomhed og f\u00f8lsomhed over for stimuli<br \/> Visse m\u00e6nd har st\u00e6rkere erektioner.<br \/> Orgasmer, der er ret intens, selvom dette er dosisafh\u00e6ngig<br \/> GHB i overskud kan for\u00e5rsage tr\u00e6thed og besvime under sex.<br \/> GHB omtales som en &#8220;date-voldt\u00e6gt&#8221; medicin, fordi det \u00f8ger din vilje til at engagere sig i seksuel aktiviteter og forringer din evne til at etablere og h\u00e6vde seksuelle gr\u00e6nser. Det er is\u00e6r vigtigt at bekr\u00e6fte samtykke med partnere, der er p\u00e5 G. Oprethold kontakt under en seksuel session. Seksuel kontakt med en, der er bevidstl\u00f8s, kan opfattes som seksuelle overgreb.<\/p>\n","protected":false},"excerpt":{"rendered":"<p>K\u00f8b Gamma-Hydroxybutyric\u00a0GHB-pulver til salg\u00a0i Storbritannien, Europa, Japan, UAE, Kina, Asien fra den bedste GHB-grossistleverand\u00f8r. Vi garanterer diskret levering over hele verden<\/p>\n","protected":false},"featured_media":5873,"comment_status":"open","ping_status":"closed","template":"","meta":[],"product_brand":[],"product_cat":[2014],"product_tag":[4015,4016,4023,4019,4020,4018,4021,4022,4014,4017],"class_list":{"0":"post-5863","1":"product","2":"type-product","3":"status-publish","4":"has-post-thumbnail","6":"product_cat-kb-forskningskemikalier","7":"product_tag-buy-ghb","8":"product_tag-buy-ghb-online","9":"product_tag-buy-ghb-powder","10":"product_tag-gamma-hydroxysmrsyre-antidepressivum","11":"product_tag-gamma-hydroxysmrsyre-bodybuilding","12":"product_tag-gamma-hydroxysmrsyre-og-vkst-hormon","13":"product_tag-gamma-hydroxysmrsyre-pris","14":"product_tag-ghb-til-salg","15":"product_tag-kb-gamma-hydroxybutyrat-online","16":"product_tag-medicin","18":"first","19":"instock","20":"shipping-taxable","21":"purchasable","22":"product-type-variable"},"yoast_head":"<!-- This site is optimized with the Yoast SEO plugin v27.3 - https:\/\/yoast.com\/product\/yoast-seo-wordpress\/ -->\n<title>K\u00f8b gamma hydroxybutyrat (GHB) pulver - bedste bedste globale medicin<\/title>\n<meta name=\"description\" content=\"K\u00f8b Gamma-Hydroxybutyric\u00a0GHB-pulver til salg\u00a0i Storbritannien, Europa, Japan, UAE, Kina, Asien fra den bedste GHB-grossistleverand\u00f8r, vi garanterer diskret levering over hele verden\" \/>\n<meta name=\"robots\" content=\"index, follow, max-snippet:-1, max-image-preview:large, max-video-preview:-1\" \/>\n<link rel=\"canonical\" href=\"https:\/\/medicinasinc.com\/da\/product\/kob-gamma-hydroxybutyrat-ghb-pulver\/\" \/>\n<meta property=\"og:locale\" content=\"en_US\" \/>\n<meta property=\"og:type\" content=\"article\" \/>\n<meta property=\"og:title\" content=\"K\u00f8b gamma hydroxybutyrat (GHB) pulver - bedste bedste globale medicin\" \/>\n<meta property=\"og:description\" content=\"K\u00f8b Gamma-Hydroxybutyric\u00a0GHB-pulver til salg\u00a0i Storbritannien, Europa, Japan, UAE, Kina, Asien fra den bedste GHB-grossistleverand\u00f8r, vi garanterer diskret levering over hele verden\" \/>\n<meta property=\"og:url\" content=\"https:\/\/medicinasinc.com\/da\/product\/kob-gamma-hydroxybutyrat-ghb-pulver\/\" \/>\n<meta property=\"og:site_name\" content=\"Medicinas Inc\" \/>\n<meta property=\"article:modified_time\" content=\"2022-03-19T21:11:52+00:00\" \/>\n<meta property=\"og:image\" content=\"https:\/\/medicinasinc.com\/da\/wp-content\/uploads\/sites\/8\/2022\/02\/buy-GHB-powder-1.jpg\" \/>\n\t<meta property=\"og:image:width\" content=\"612\" \/>\n\t<meta property=\"og:image:height\" content=\"408\" \/>\n\t<meta property=\"og:image:type\" content=\"image\/jpeg\" \/>\n<meta name=\"twitter:card\" content=\"summary_large_image\" \/>\n<meta name=\"twitter:label1\" content=\"Est. reading time\" \/>\n\t<meta name=\"twitter:data1\" content=\"2 minutes\" \/>\n<script type=\"application\/ld+json\" class=\"yoast-schema-graph\">{\"@context\":\"https:\\\/\\\/schema.org\",\"@graph\":[{\"@type\":\"WebPage\",\"@id\":\"https:\\\/\\\/medicinasinc.com\\\/da\\\/product\\\/kob-gamma-hydroxybutyrat-ghb-pulver\\\/\",\"url\":\"https:\\\/\\\/medicinasinc.com\\\/da\\\/product\\\/kob-gamma-hydroxybutyrat-ghb-pulver\\\/\",\"name\":\"K\u00f8b gamma hydroxybutyrat (GHB) pulver - bedste bedste globale medicin\",\"isPartOf\":{\"@id\":\"https:\\\/\\\/medicinasinc.com\\\/da\\\/#website\"},\"primaryImageOfPage\":{\"@id\":\"https:\\\/\\\/medicinasinc.com\\\/da\\\/product\\\/kob-gamma-hydroxybutyrat-ghb-pulver\\\/#primaryimage\"},\"image\":{\"@id\":\"https:\\\/\\\/medicinasinc.com\\\/da\\\/product\\\/kob-gamma-hydroxybutyrat-ghb-pulver\\\/#primaryimage\"},\"thumbnailUrl\":\"https:\\\/\\\/medicinasinc.com\\\/da\\\/wp-content\\\/uploads\\\/sites\\\/8\\\/2022\\\/02\\\/buy-GHB-powder-1.jpg\",\"datePublished\":\"2022-02-22T07:36:01+00:00\",\"dateModified\":\"2022-03-19T21:11:52+00:00\",\"description\":\"K\u00f8b Gamma-Hydroxybutyric\u00a0GHB-pulver til salg\u00a0i Storbritannien, Europa, Japan, UAE, Kina, Asien fra den bedste GHB-grossistleverand\u00f8r, vi garanterer diskret levering over hele verden\",\"breadcrumb\":{\"@id\":\"https:\\\/\\\/medicinasinc.com\\\/da\\\/product\\\/kob-gamma-hydroxybutyrat-ghb-pulver\\\/#breadcrumb\"},\"inLanguage\":\"en-US\",\"potentialAction\":[{\"@type\":\"ReadAction\",\"target\":[\"https:\\\/\\\/medicinasinc.com\\\/da\\\/product\\\/kob-gamma-hydroxybutyrat-ghb-pulver\\\/\"]}]},{\"@type\":\"ImageObject\",\"inLanguage\":\"en-US\",\"@id\":\"https:\\\/\\\/medicinasinc.com\\\/da\\\/product\\\/kob-gamma-hydroxybutyrat-ghb-pulver\\\/#primaryimage\",\"url\":\"https:\\\/\\\/medicinasinc.com\\\/da\\\/wp-content\\\/uploads\\\/sites\\\/8\\\/2022\\\/02\\\/buy-GHB-powder-1.jpg\",\"contentUrl\":\"https:\\\/\\\/medicinasinc.com\\\/da\\\/wp-content\\\/uploads\\\/sites\\\/8\\\/2022\\\/02\\\/buy-GHB-powder-1.jpg\",\"width\":612,\"height\":408},{\"@type\":\"BreadcrumbList\",\"@id\":\"https:\\\/\\\/medicinasinc.com\\\/da\\\/product\\\/kob-gamma-hydroxybutyrat-ghb-pulver\\\/#breadcrumb\",\"itemListElement\":[{\"@type\":\"ListItem\",\"position\":1,\"name\":\"Butik\",\"item\":\"https:\\\/\\\/medicinasinc.com\\\/da\\\/butik\\\/\"},{\"@type\":\"ListItem\",\"position\":2,\"name\":\"K\u00f8b gamma hydroxybutyrat (GHB) pulver\"}]},{\"@type\":\"WebSite\",\"@id\":\"https:\\\/\\\/medicinasinc.com\\\/da\\\/#website\",\"url\":\"https:\\\/\\\/medicinasinc.com\\\/da\\\/\",\"name\":\"Medicinas Inc\",\"description\":\"Health Medical Clinic\",\"potentialAction\":[{\"@type\":\"SearchAction\",\"target\":{\"@type\":\"EntryPoint\",\"urlTemplate\":\"https:\\\/\\\/medicinasinc.com\\\/da\\\/?s={search_term_string}\"},\"query-input\":{\"@type\":\"PropertyValueSpecification\",\"valueRequired\":true,\"valueName\":\"search_term_string\"}}],\"inLanguage\":\"en-US\"}]}<\/script>\n<!-- \/ Yoast SEO plugin. -->","yoast_head_json":{"title":"K\u00f8b gamma hydroxybutyrat (GHB) pulver - bedste bedste globale medicin","description":"K\u00f8b Gamma-Hydroxybutyric\u00a0GHB-pulver til salg\u00a0i Storbritannien, Europa, Japan, UAE, Kina, Asien fra den bedste GHB-grossistleverand\u00f8r, vi garanterer diskret levering over hele verden","robots":{"index":"index","follow":"follow","max-snippet":"max-snippet:-1","max-image-preview":"max-image-preview:large","max-video-preview":"max-video-preview:-1"},"canonical":"https:\/\/medicinasinc.com\/da\/product\/kob-gamma-hydroxybutyrat-ghb-pulver\/","og_locale":"en_US","og_type":"article","og_title":"K\u00f8b gamma hydroxybutyrat (GHB) pulver - bedste bedste globale medicin","og_description":"K\u00f8b Gamma-Hydroxybutyric\u00a0GHB-pulver til salg\u00a0i Storbritannien, Europa, Japan, UAE, Kina, Asien fra den bedste GHB-grossistleverand\u00f8r, vi garanterer diskret levering over hele verden","og_url":"https:\/\/medicinasinc.com\/da\/product\/kob-gamma-hydroxybutyrat-ghb-pulver\/","og_site_name":"Medicinas Inc","article_modified_time":"2022-03-19T21:11:52+00:00","og_image":[{"width":612,"height":408,"url":"https:\/\/medicinasinc.com\/da\/wp-content\/uploads\/sites\/8\/2022\/02\/buy-GHB-powder-1.jpg","type":"image\/jpeg"}],"twitter_card":"summary_large_image","twitter_misc":{"Est. reading time":"2 minutes"},"schema":{"@context":"https:\/\/schema.org","@graph":[{"@type":"WebPage","@id":"https:\/\/medicinasinc.com\/da\/product\/kob-gamma-hydroxybutyrat-ghb-pulver\/","url":"https:\/\/medicinasinc.com\/da\/product\/kob-gamma-hydroxybutyrat-ghb-pulver\/","name":"K\u00f8b gamma hydroxybutyrat (GHB) pulver - bedste bedste globale medicin","isPartOf":{"@id":"https:\/\/medicinasinc.com\/da\/#website"},"primaryImageOfPage":{"@id":"https:\/\/medicinasinc.com\/da\/product\/kob-gamma-hydroxybutyrat-ghb-pulver\/#primaryimage"},"image":{"@id":"https:\/\/medicinasinc.com\/da\/product\/kob-gamma-hydroxybutyrat-ghb-pulver\/#primaryimage"},"thumbnailUrl":"https:\/\/medicinasinc.com\/da\/wp-content\/uploads\/sites\/8\/2022\/02\/buy-GHB-powder-1.jpg","datePublished":"2022-02-22T07:36:01+00:00","dateModified":"2022-03-19T21:11:52+00:00","description":"K\u00f8b Gamma-Hydroxybutyric\u00a0GHB-pulver til salg\u00a0i Storbritannien, Europa, Japan, UAE, Kina, Asien fra den bedste GHB-grossistleverand\u00f8r, vi garanterer diskret levering over hele verden","breadcrumb":{"@id":"https:\/\/medicinasinc.com\/da\/product\/kob-gamma-hydroxybutyrat-ghb-pulver\/#breadcrumb"},"inLanguage":"en-US","potentialAction":[{"@type":"ReadAction","target":["https:\/\/medicinasinc.com\/da\/product\/kob-gamma-hydroxybutyrat-ghb-pulver\/"]}]},{"@type":"ImageObject","inLanguage":"en-US","@id":"https:\/\/medicinasinc.com\/da\/product\/kob-gamma-hydroxybutyrat-ghb-pulver\/#primaryimage","url":"https:\/\/medicinasinc.com\/da\/wp-content\/uploads\/sites\/8\/2022\/02\/buy-GHB-powder-1.jpg","contentUrl":"https:\/\/medicinasinc.com\/da\/wp-content\/uploads\/sites\/8\/2022\/02\/buy-GHB-powder-1.jpg","width":612,"height":408},{"@type":"BreadcrumbList","@id":"https:\/\/medicinasinc.com\/da\/product\/kob-gamma-hydroxybutyrat-ghb-pulver\/#breadcrumb","itemListElement":[{"@type":"ListItem","position":1,"name":"Butik","item":"https:\/\/medicinasinc.com\/da\/butik\/"},{"@type":"ListItem","position":2,"name":"K\u00f8b gamma hydroxybutyrat (GHB) pulver"}]},{"@type":"WebSite","@id":"https:\/\/medicinasinc.com\/da\/#website","url":"https:\/\/medicinasinc.com\/da\/","name":"Medicinas Inc","description":"Health Medical Clinic","potentialAction":[{"@type":"SearchAction","target":{"@type":"EntryPoint","urlTemplate":"https:\/\/medicinasinc.com\/da\/?s={search_term_string}"},"query-input":{"@type":"PropertyValueSpecification","valueRequired":true,"valueName":"search_term_string"}}],"inLanguage":"en-US"}]}},"_links":{"self":[{"href":"https:\/\/medicinasinc.com\/da\/wp-json\/wp\/v2\/product\/5863","targetHints":{"allow":["GET"]}}],"collection":[{"href":"https:\/\/medicinasinc.com\/da\/wp-json\/wp\/v2\/product"}],"about":[{"href":"https:\/\/medicinasinc.com\/da\/wp-json\/wp\/v2\/types\/product"}],"replies":[{"embeddable":true,"href":"https:\/\/medicinasinc.com\/da\/wp-json\/wp\/v2\/comments?post=5863"}],"wp:featuredmedia":[{"embeddable":true,"href":"https:\/\/medicinasinc.com\/da\/wp-json\/wp\/v2\/media\/5873"}],"wp:attachment":[{"href":"https:\/\/medicinasinc.com\/da\/wp-json\/wp\/v2\/media?parent=5863"}],"wp:term":[{"taxonomy":"product_brand","embeddable":true,"href":"https:\/\/medicinasinc.com\/da\/wp-json\/wp\/v2\/product_brand?post=5863"},{"taxonomy":"product_cat","embeddable":true,"href":"https:\/\/medicinasinc.com\/da\/wp-json\/wp\/v2\/product_cat?post=5863"},{"taxonomy":"product_tag","embeddable":true,"href":"https:\/\/medicinasinc.com\/da\/wp-json\/wp\/v2\/product_tag?post=5863"}],"curies":[{"name":"wp","href":"https:\/\/api.w.org\/{rel}","templated":true}]}}