{"id":5858,"date":"2022-02-22T07:31:17","date_gmt":"2022-02-22T07:31:17","guid":{"rendered":"https:\/\/medicinasinc.com\/da\/?post_type=product&#038;p=5858"},"modified":"2022-03-19T21:12:12","modified_gmt":"2022-03-19T21:12:12","slug":"kob-gamma-hydroxybutyrat-ghb-vaeske","status":"publish","type":"product","link":"https:\/\/medicinasinc.com\/da\/product\/kob-gamma-hydroxybutyrat-ghb-vaeske\/","title":{"rendered":"K\u00f8b gamma hydroxybutyrat (GHB) v\u00e6ske"},"content":{"rendered":"<p>Gamma-Hydroxybutyric GHB til salg i Storbritannien, Europa, Japan, De Forenede Arabiske Emirater, Kina og Asien fra den bedste GHB-engroskilde. Vi lover diskret international forsendelse.<\/p>\n<p>-Hydroxybutyric acid (GHB), ogs\u00e5 kendt som 4-hydroxybutansyre, er en naturligt forekommende neurotransmitter og hallucinogent stof. P\u00e5 specifikke hjerneplaceringer fungerer det som en forl\u00f8ber for GABA, glutamat og glycin. Det er en beskeden agonist ved GABAB-receptoren og virker p\u00e5 GHB-receptoren. GHB er blevet brugt som et generel bed\u00f8velsesmiddel og som en behandling af katapleksi, narkolepsi og alkoholisme i medicinske omgivelser. Derudover bruges det ulovligt som et rusmiddel, et pr\u00e6stationsfremmende middel, et daddel-voldt\u00e6gtsstof og et rekreativt stof.<\/p>\n<p>Det bruges ofte som et salt i form af natrium-hydroxybutyrat (NaGHB, natrium). oxybat eller Xyrem) eller kalium-hydroxybutyrat (KGHB, kaliumoxybat). GHB dannes ogs\u00e5 under g\u00e6ring og findes i sporm\u00e6ngder i en r\u00e6kke forskellige \u00f8l og vine, s\u00e5vel som oksek\u00f8d og sm\u00e5 citrusfrugter.<\/p>\n<p>GHB bruges medicinsk til behandling af narkolepsi og, mere sj\u00e6ldent, alkoholisme, selvom dets effektivitet i sammenligning med andre farmakoterapier mod alkoholisme forbliver ukendt.<\/p>\n<p>Det bruges lejlighedsvis off-label til behandling af fibromyalgi.<\/p>\n<p>Natriumoxybat er et receptpligtigt l\u00e6gemiddel, der indeholder den aktive komponent GHB (Xyrem). US Food and Drug Administration har godkendt natriumoxybat til behandling af katapleksi forbundet med narkolepsi og overdreven s\u00f8vnighed i dagtimerne (EDS) forbundet med narkolepsi.<\/p>\n<p>I modificerede multiple s\u00f8vnlatenstest har GHB vist sig at booste p\u00e5lideligt slow-wave s\u00f8vn og mindske tilb\u00f8jeligheden til REM-s\u00f8vn.<\/p>\n<p>Den FDA-godkendte m\u00e6rkning for natriumoxybat indikerer, at der ikke er bevis for, at GHB er kr\u00e6ftfremkaldende, teratogent eller hepatotoksisk. Dens overlegne sikkerhedsprofil i forhold til ethanol kan forklare, hvorfor GHB stadig udforskes] som en mulig alkoholerstatning.<\/p>\n","protected":false},"excerpt":{"rendered":"<p>K\u00f8b Gamma-Hydroxybutyric GHB-v\u00e6ske til salg i Storbritannien, Europa, Japan, UAE, Kina, Asien fra den bedste GHB-grossistleverand\u00f8r, vi garanterer diskret levering over hele verden<\/p>\n<p>Minimumsm\u00e6ngde\u00a0 200ml<\/p>\n","protected":false},"featured_media":5868,"comment_status":"open","ping_status":"closed","template":"","meta":[],"product_brand":[],"product_cat":[2014],"product_tag":[4015,4016,4019,4020,4018,4021,4022,4014,4017],"class_list":{"0":"post-5858","1":"product","2":"type-product","3":"status-publish","4":"has-post-thumbnail","6":"product_cat-kb-forskningskemikalier","7":"product_tag-buy-ghb","8":"product_tag-buy-ghb-online","9":"product_tag-gamma-hydroxysmrsyre-antidepressivum","10":"product_tag-gamma-hydroxysmrsyre-bodybuilding","11":"product_tag-gamma-hydroxysmrsyre-og-vkst-hormon","12":"product_tag-gamma-hydroxysmrsyre-pris","13":"product_tag-ghb-til-salg","14":"product_tag-kb-gamma-hydroxybutyrat-online","15":"product_tag-medicin","17":"first","18":"instock","19":"shipping-taxable","20":"purchasable","21":"product-type-variable"},"yoast_head":"<!-- This site is optimized with the Yoast SEO plugin v27.3 - https:\/\/yoast.com\/product\/yoast-seo-wordpress\/ -->\n<title>K\u00f8b gamma hydroxybutyrat (GHB) - Bedste bedste globale medicin<\/title>\n<meta name=\"description\" content=\"K\u00f8b Gamma-Hydroxybutyric GHB-v\u00e6ske til salg i Storbritannien, Europa, Japan, UAE, Kina, Asien fra den bedste GHB-grossistleverand\u00f8r, vi garanterer diskret levering over hele verden\" \/>\n<meta name=\"robots\" content=\"index, follow, max-snippet:-1, max-image-preview:large, max-video-preview:-1\" \/>\n<link rel=\"canonical\" href=\"https:\/\/medicinasinc.com\/da\/product\/kob-gamma-hydroxybutyrat-ghb-vaeske\/\" \/>\n<meta property=\"og:locale\" content=\"en_US\" \/>\n<meta property=\"og:type\" content=\"article\" \/>\n<meta property=\"og:title\" content=\"K\u00f8b gamma hydroxybutyrat (GHB) - Bedste bedste globale medicin\" \/>\n<meta property=\"og:description\" content=\"K\u00f8b Gamma-Hydroxybutyric GHB-v\u00e6ske til salg i Storbritannien, Europa, Japan, UAE, Kina, Asien fra den bedste GHB-grossistleverand\u00f8r, vi garanterer diskret levering over hele verden\" \/>\n<meta property=\"og:url\" content=\"https:\/\/medicinasinc.com\/da\/product\/kob-gamma-hydroxybutyrat-ghb-vaeske\/\" \/>\n<meta property=\"og:site_name\" content=\"Medicinas Inc\" \/>\n<meta property=\"article:modified_time\" content=\"2022-03-19T21:12:12+00:00\" \/>\n<meta property=\"og:image\" content=\"https:\/\/medicinasinc.com\/da\/wp-content\/uploads\/sites\/8\/2022\/02\/Buy-gamma-hydroxybutyrate.jpg\" \/>\n\t<meta property=\"og:image:width\" content=\"600\" \/>\n\t<meta property=\"og:image:height\" content=\"450\" \/>\n\t<meta property=\"og:image:type\" content=\"image\/jpeg\" \/>\n<meta name=\"twitter:card\" content=\"summary_large_image\" \/>\n<meta name=\"twitter:label1\" content=\"Est. reading time\" \/>\n\t<meta name=\"twitter:data1\" content=\"2 minutes\" \/>\n<script type=\"application\/ld+json\" class=\"yoast-schema-graph\">{\"@context\":\"https:\\\/\\\/schema.org\",\"@graph\":[{\"@type\":\"WebPage\",\"@id\":\"https:\\\/\\\/medicinasinc.com\\\/da\\\/product\\\/kob-gamma-hydroxybutyrat-ghb-vaeske\\\/\",\"url\":\"https:\\\/\\\/medicinasinc.com\\\/da\\\/product\\\/kob-gamma-hydroxybutyrat-ghb-vaeske\\\/\",\"name\":\"K\u00f8b gamma hydroxybutyrat (GHB) - Bedste bedste globale medicin\",\"isPartOf\":{\"@id\":\"https:\\\/\\\/medicinasinc.com\\\/da\\\/#website\"},\"primaryImageOfPage\":{\"@id\":\"https:\\\/\\\/medicinasinc.com\\\/da\\\/product\\\/kob-gamma-hydroxybutyrat-ghb-vaeske\\\/#primaryimage\"},\"image\":{\"@id\":\"https:\\\/\\\/medicinasinc.com\\\/da\\\/product\\\/kob-gamma-hydroxybutyrat-ghb-vaeske\\\/#primaryimage\"},\"thumbnailUrl\":\"https:\\\/\\\/medicinasinc.com\\\/da\\\/wp-content\\\/uploads\\\/sites\\\/8\\\/2022\\\/02\\\/Buy-gamma-hydroxybutyrate.jpg\",\"datePublished\":\"2022-02-22T07:31:17+00:00\",\"dateModified\":\"2022-03-19T21:12:12+00:00\",\"description\":\"K\u00f8b Gamma-Hydroxybutyric GHB-v\u00e6ske til salg i Storbritannien, Europa, Japan, UAE, Kina, Asien fra den bedste GHB-grossistleverand\u00f8r, vi garanterer diskret levering over hele verden\",\"breadcrumb\":{\"@id\":\"https:\\\/\\\/medicinasinc.com\\\/da\\\/product\\\/kob-gamma-hydroxybutyrat-ghb-vaeske\\\/#breadcrumb\"},\"inLanguage\":\"en-US\",\"potentialAction\":[{\"@type\":\"ReadAction\",\"target\":[\"https:\\\/\\\/medicinasinc.com\\\/da\\\/product\\\/kob-gamma-hydroxybutyrat-ghb-vaeske\\\/\"]}]},{\"@type\":\"ImageObject\",\"inLanguage\":\"en-US\",\"@id\":\"https:\\\/\\\/medicinasinc.com\\\/da\\\/product\\\/kob-gamma-hydroxybutyrat-ghb-vaeske\\\/#primaryimage\",\"url\":\"https:\\\/\\\/medicinasinc.com\\\/da\\\/wp-content\\\/uploads\\\/sites\\\/8\\\/2022\\\/02\\\/Buy-gamma-hydroxybutyrate.jpg\",\"contentUrl\":\"https:\\\/\\\/medicinasinc.com\\\/da\\\/wp-content\\\/uploads\\\/sites\\\/8\\\/2022\\\/02\\\/Buy-gamma-hydroxybutyrate.jpg\",\"width\":600,\"height\":450},{\"@type\":\"BreadcrumbList\",\"@id\":\"https:\\\/\\\/medicinasinc.com\\\/da\\\/product\\\/kob-gamma-hydroxybutyrat-ghb-vaeske\\\/#breadcrumb\",\"itemListElement\":[{\"@type\":\"ListItem\",\"position\":1,\"name\":\"Butik\",\"item\":\"https:\\\/\\\/medicinasinc.com\\\/da\\\/butik\\\/\"},{\"@type\":\"ListItem\",\"position\":2,\"name\":\"K\u00f8b gamma hydroxybutyrat (GHB) v\u00e6ske\"}]},{\"@type\":\"WebSite\",\"@id\":\"https:\\\/\\\/medicinasinc.com\\\/da\\\/#website\",\"url\":\"https:\\\/\\\/medicinasinc.com\\\/da\\\/\",\"name\":\"Medicinas Inc\",\"description\":\"Health Medical Clinic\",\"potentialAction\":[{\"@type\":\"SearchAction\",\"target\":{\"@type\":\"EntryPoint\",\"urlTemplate\":\"https:\\\/\\\/medicinasinc.com\\\/da\\\/?s={search_term_string}\"},\"query-input\":{\"@type\":\"PropertyValueSpecification\",\"valueRequired\":true,\"valueName\":\"search_term_string\"}}],\"inLanguage\":\"en-US\"}]}<\/script>\n<!-- \/ Yoast SEO plugin. -->","yoast_head_json":{"title":"K\u00f8b gamma hydroxybutyrat (GHB) - Bedste bedste globale medicin","description":"K\u00f8b Gamma-Hydroxybutyric GHB-v\u00e6ske til salg i Storbritannien, Europa, Japan, UAE, Kina, Asien fra den bedste GHB-grossistleverand\u00f8r, vi garanterer diskret levering over hele verden","robots":{"index":"index","follow":"follow","max-snippet":"max-snippet:-1","max-image-preview":"max-image-preview:large","max-video-preview":"max-video-preview:-1"},"canonical":"https:\/\/medicinasinc.com\/da\/product\/kob-gamma-hydroxybutyrat-ghb-vaeske\/","og_locale":"en_US","og_type":"article","og_title":"K\u00f8b gamma hydroxybutyrat (GHB) - Bedste bedste globale medicin","og_description":"K\u00f8b Gamma-Hydroxybutyric GHB-v\u00e6ske til salg i Storbritannien, Europa, Japan, UAE, Kina, Asien fra den bedste GHB-grossistleverand\u00f8r, vi garanterer diskret levering over hele verden","og_url":"https:\/\/medicinasinc.com\/da\/product\/kob-gamma-hydroxybutyrat-ghb-vaeske\/","og_site_name":"Medicinas Inc","article_modified_time":"2022-03-19T21:12:12+00:00","og_image":[{"width":600,"height":450,"url":"https:\/\/medicinasinc.com\/da\/wp-content\/uploads\/sites\/8\/2022\/02\/Buy-gamma-hydroxybutyrate.jpg","type":"image\/jpeg"}],"twitter_card":"summary_large_image","twitter_misc":{"Est. reading time":"2 minutes"},"schema":{"@context":"https:\/\/schema.org","@graph":[{"@type":"WebPage","@id":"https:\/\/medicinasinc.com\/da\/product\/kob-gamma-hydroxybutyrat-ghb-vaeske\/","url":"https:\/\/medicinasinc.com\/da\/product\/kob-gamma-hydroxybutyrat-ghb-vaeske\/","name":"K\u00f8b gamma hydroxybutyrat (GHB) - Bedste bedste globale medicin","isPartOf":{"@id":"https:\/\/medicinasinc.com\/da\/#website"},"primaryImageOfPage":{"@id":"https:\/\/medicinasinc.com\/da\/product\/kob-gamma-hydroxybutyrat-ghb-vaeske\/#primaryimage"},"image":{"@id":"https:\/\/medicinasinc.com\/da\/product\/kob-gamma-hydroxybutyrat-ghb-vaeske\/#primaryimage"},"thumbnailUrl":"https:\/\/medicinasinc.com\/da\/wp-content\/uploads\/sites\/8\/2022\/02\/Buy-gamma-hydroxybutyrate.jpg","datePublished":"2022-02-22T07:31:17+00:00","dateModified":"2022-03-19T21:12:12+00:00","description":"K\u00f8b Gamma-Hydroxybutyric GHB-v\u00e6ske til salg i Storbritannien, Europa, Japan, UAE, Kina, Asien fra den bedste GHB-grossistleverand\u00f8r, vi garanterer diskret levering over hele verden","breadcrumb":{"@id":"https:\/\/medicinasinc.com\/da\/product\/kob-gamma-hydroxybutyrat-ghb-vaeske\/#breadcrumb"},"inLanguage":"en-US","potentialAction":[{"@type":"ReadAction","target":["https:\/\/medicinasinc.com\/da\/product\/kob-gamma-hydroxybutyrat-ghb-vaeske\/"]}]},{"@type":"ImageObject","inLanguage":"en-US","@id":"https:\/\/medicinasinc.com\/da\/product\/kob-gamma-hydroxybutyrat-ghb-vaeske\/#primaryimage","url":"https:\/\/medicinasinc.com\/da\/wp-content\/uploads\/sites\/8\/2022\/02\/Buy-gamma-hydroxybutyrate.jpg","contentUrl":"https:\/\/medicinasinc.com\/da\/wp-content\/uploads\/sites\/8\/2022\/02\/Buy-gamma-hydroxybutyrate.jpg","width":600,"height":450},{"@type":"BreadcrumbList","@id":"https:\/\/medicinasinc.com\/da\/product\/kob-gamma-hydroxybutyrat-ghb-vaeske\/#breadcrumb","itemListElement":[{"@type":"ListItem","position":1,"name":"Butik","item":"https:\/\/medicinasinc.com\/da\/butik\/"},{"@type":"ListItem","position":2,"name":"K\u00f8b gamma hydroxybutyrat (GHB) v\u00e6ske"}]},{"@type":"WebSite","@id":"https:\/\/medicinasinc.com\/da\/#website","url":"https:\/\/medicinasinc.com\/da\/","name":"Medicinas Inc","description":"Health Medical Clinic","potentialAction":[{"@type":"SearchAction","target":{"@type":"EntryPoint","urlTemplate":"https:\/\/medicinasinc.com\/da\/?s={search_term_string}"},"query-input":{"@type":"PropertyValueSpecification","valueRequired":true,"valueName":"search_term_string"}}],"inLanguage":"en-US"}]}},"_links":{"self":[{"href":"https:\/\/medicinasinc.com\/da\/wp-json\/wp\/v2\/product\/5858","targetHints":{"allow":["GET"]}}],"collection":[{"href":"https:\/\/medicinasinc.com\/da\/wp-json\/wp\/v2\/product"}],"about":[{"href":"https:\/\/medicinasinc.com\/da\/wp-json\/wp\/v2\/types\/product"}],"replies":[{"embeddable":true,"href":"https:\/\/medicinasinc.com\/da\/wp-json\/wp\/v2\/comments?post=5858"}],"wp:featuredmedia":[{"embeddable":true,"href":"https:\/\/medicinasinc.com\/da\/wp-json\/wp\/v2\/media\/5868"}],"wp:attachment":[{"href":"https:\/\/medicinasinc.com\/da\/wp-json\/wp\/v2\/media?parent=5858"}],"wp:term":[{"taxonomy":"product_brand","embeddable":true,"href":"https:\/\/medicinasinc.com\/da\/wp-json\/wp\/v2\/product_brand?post=5858"},{"taxonomy":"product_cat","embeddable":true,"href":"https:\/\/medicinasinc.com\/da\/wp-json\/wp\/v2\/product_cat?post=5858"},{"taxonomy":"product_tag","embeddable":true,"href":"https:\/\/medicinasinc.com\/da\/wp-json\/wp\/v2\/product_tag?post=5858"}],"curies":[{"name":"wp","href":"https:\/\/api.w.org\/{rel}","templated":true}]}}