{"id":5852,"date":"2022-02-22T07:25:44","date_gmt":"2022-02-22T07:25:44","guid":{"rendered":"https:\/\/medicinasinc.com\/da\/?post_type=product&#038;p=5852"},"modified":"2022-03-19T21:12:54","modified_gmt":"2022-03-19T21:12:54","slug":"kob-amfetamin-pulver","status":"publish","type":"product","link":"https:\/\/medicinasinc.com\/da\/product\/kob-amfetamin-pulver\/","title":{"rendered":"K\u00f8b amfetaminpulver"},"content":{"rendered":"<p>Amfetaminpulver kan k\u00f8bes online.<\/p>\n<p>Amfetaminpulver online i Storbritannien, Europa og EU, Amfetaminpulver postordre, Amfetamin er stimulerende medicin, hvilket betyder, at de fremskynder transmissionen af \u200b\u200bbeskeder mellem hjernen og kroppen.<\/p>\n<p>Amfetamin er stimulerende medicin, som fremskynder overf\u00f8rslen af \u200b\u200binformation mellem hjernen og kroppen.<\/p>\n<p>Du er m\u00e5ske ogs\u00e5 interesseret i at l\u00e6re mere om p\u00e5virkningerne og sundhedsrisici forbundet med amfetaminpulver. Det kan manifestere sig p\u00e5 samme m\u00e5de, som talrige andre l\u00e6gemidler g\u00f8r.<\/p>\n<p>Visse klasser af amfetaminer er lovligt anbefalet af l\u00e6ger til behandling af sygdomme som opm\u00e6rksomhedsunderskud hyperaktivitetsforstyrrelse (ADHD) og narkolepsi (hvor en person har en ukontrollabel trang til at sove). Andre former for amfetamin, s\u00e5som speed, fremstilles og s\u00e6lges ulovligt. Et separat faktaark er dedikeret til den mere potente form for metamfetamin, krystalmetamfetamin (is).<\/p>\n<p>Amfetamin findes i en r\u00e6kke forskellige former. Disse l\u00e6gemidler er tilg\u00e6ngelige i pulver-, tablet-, krystal- og kapselform. N\u00e5r de s\u00e6lges ulovligt, kan de v\u00e6re pakket i &#8216;folier&#8217; (aluminiumsfolie), plastikposer eller miniatureballoner.<\/p>\n<p>Amfetaminpulver varierer i farve fra hvid til brun og indeholder nogle gange spor af gr\u00e5t eller pink. Den har en skarp aroma og en bitter smag. Kapsler og tabletter, der indeholder amfetamin, varierer betydeligt i st\u00f8rrelse og farve.<\/p>\n<p>Amfetamin -Ulovligt fremstillede amfetaminer kan indeholde en kombination af stoffer, bindemidler, koffein og sukker. Derudover kan nye psykoaktive stoffer tilf\u00f8jes.<\/p>\n<p>Slangbegreber<\/p>\n<p>Hastighed, hurtig, stigende, overdel, louee, sl\u00f8v og sus.<\/p>\n<p>Hvad form\u00e5l de tjener?<\/p>\n<p>Generelt indtages, injiceres eller ryges amfetamin. Derudover prustes de.<\/p>\n<p>Amfetamins virkning<\/p>\n<p>Amfetaminer har en variabel effekt p\u00e5 hver enkelt person, afh\u00e6ngig af:<\/p>\n<p>Body mass index, v\u00e6gt og helbred <br \/> Om den enkelte er vant til at tage det<br \/> Om der tages anden medicin samtidig<br \/> Den h\u00e6vede sum<br \/> L\u00e6gemidlets styrke (varierer fra batch til batch med ulovligt producerede l\u00e6gemidler)<\/p>\n<p>Amfetaminer ud\u00f8ver deres virkning \u00f8jeblikkeligt (uanset om de injiceres eller r\u00f8ges) eller inden for 30 minutter (hvis de prustes eller sluges).<\/p>\n<p>F\u00f8lgende p\u00e5virkninger kan forekomme:<\/p>\n<p>Gl\u00e6de og selvtillid -sikkerhed<br \/> At tale mere og f\u00f8le sig mere energisk<br \/> Gentagelse af simple handlinger som kl\u00f8e og kl\u00f8e<br \/> Store pupiller og mundt\u00f8rhed<br \/> Hurtig hjerterytme og \u00e5ndedr\u00e6t<br \/> Slibning af t\u00e6nder <br \/> Undertrykkelse af appetit<br \/> Overdreven sveden<br \/> \u00d8get seksuel ophidselse<br \/> Overdosering<\/p>\n<p>Hvis der indtages en betydelig m\u00e6ngde eller en s\u00e6rlig potent batch, kan det evt. ogs\u00e5 resultere i en overdosis. Hvis et af f\u00f8lgende symptomer opst\u00e5r, skal en ambulance straks tilkaldes ved at taste tredobbelt nul (000). Ambulancebetjente er ikke forpligtet til at r\u00e5df\u00f8re sig med politiet.<\/p>\n<p>Passer til et pulserende hjerteslag<br \/> Slagtilf\u00e6lde, hjerteanfald og d\u00f8d<\/p>\n<p>Amfetamin, der prustes, kan irritere n\u00e6sepassagerne og resultere i n\u00e6seblod.<\/p>\n<p>Injektion af amfetamin og deling af n\u00e5le kan \u00f8ge din risiko for at f\u00e5 f\u00f8lgende:<\/p>\n<p>Virus Hepatitis B<br \/> HIV\/AIDS Hepatitis C<br \/> Tetanus<br \/> Faldende<\/p>\n<p>Efter brug af amfetamin kan f\u00f8lgende virkninger forekomme:<\/p>\n<p>S\u00f8vnl\u00f8shed og udmattelse<br \/> Hovedpine<br \/> Desorientering og sl\u00f8ret syn<br \/> Forvirring, paranoia, og hallucinationer<br \/> Irritabilitet, hum\u00f8rsvingninger og depression er alle symptomer p\u00e5 depression.<\/p>\n<p>Brug af et depressivt middel s\u00e5som alkohol, benzodiazepiner eller cannabis til at hj\u00e6lpe med at &#8220;komme ned&#8221;-processen kan kulminere i en cyklus af afh\u00e6ngighed af begge typer stoffer.<\/p>\n<p>Langsigtede konsekvenser<\/p>\n<p>Regelm\u00e6ssig brug af amfetamin kan i sidste ende resultere i f\u00f8lgende:<\/p>\n<p>Appetittundertrykkelse og hurtigt v\u00e6gttab<br \/> S\u00f8vnl\u00f8s s\u00f8vn<br \/> Tandproblemer og mundt\u00f8rhed<br \/> Fork\u00f8lelse og influenza er almindelige.<br \/> Koncentrationsbesv\u00e6r<br \/> \u00c5ndedr\u00e6tsbesv\u00e6r<br \/> Muskelstivhed<br \/> Panikanfald og paranoia<br \/> Depression<br \/> Hjerte-kar- og nyreproblemer<br \/> Risiko for slagtilf\u00e6lde \u00f8ges<br \/> At skulle bruge mere for at opn\u00e5 den \u00f8nskede effekt<br \/> Afh\u00e6ngighed af amfetamin<br \/> \u00d8konomiske, erhvervsm\u00e6ssige og sociale vanskeligheder<br \/> Psykose for\u00e5rsaget af amfetamin<\/p>\n<p>Derudover kan h\u00f8je doser og gentagen kraftig brug resultere i en &#8216;amfetaminpsykose&#8217;, som er karakteriseret ved paranoide vrangforestillinger, hallucinationer og ude af karakter aggressiv eller voldelig adf\u00e6rd. Disse symptomer aftager ofte inden for f\u00e5 dage efter, at den enkelte er oph\u00f8rt med at bruge amfetamin.<\/p>\n<p>Amfetamin i kombination med anden medicin<\/p>\n<p>Interaktionerne mellem amfetamin og andre stoffer, s\u00e5som over-the- t\u00e6ller eller receptpligtige l\u00e6gemidler, kan v\u00e6re uforudsigelige og d\u00f8delige og kan resultere i f\u00f8lgende:<\/p>\n<p>Amfetaminer og visse antidepressiva for\u00e5rsager hypertension, som kan resultere i uregelm\u00e6ssig puls, hjertesvigt og slagtilf\u00e6lde.<\/p>\n<p>4<\/p>\n<p>Amfetamin brugt sammen med alkohol, cannabis eller benzodiazepiner s\u00e6tter kroppen under ekstrem stress, da den s\u00f8ger at klare de modstridende virkninger af de to stoffer, hvilket kan resultere i en overdosis.<\/p>\n<p>Tilbagetr\u00e6kning<\/p>\n<p>At opgive amfetamin efter l\u00e6ngere tids brug er sv\u00e6rt, da kroppen skal v\u00e6nne sig til at fungere uden dem. Abstinenssymptomer b\u00f8r aftage inden for en uge og b\u00f8r v\u00e6re helt v\u00e6k efter en m\u00e5ned. Symptomerne omfatter f\u00f8lgende:<\/p>\n<p>Amfetamintrang<br \/> Stimulering af appetit<br \/> Forvirring og irritation<br \/> Bl\u00e5 m\u00e6rker og \u00f8mhed<br \/> Udmattelse<br \/> S\u00f8vnl\u00f8shed og mareridt<br \/> Affektive lidelser s\u00e5som angst, depression og paranoia<\/p>\n","protected":false},"excerpt":{"rendered":"<p>K\u00f8b amfetaminpulver til salg Storbritannien, Europa billige generiske piller og m\u00e6rke piller i Sapporo. Du kan k\u00f8be amfetaminpulver til salg online ved at bruge Bitcoin (BTC)<\/p>\n<p>Amfetaminpulver er en st\u00e6rk stimulans for centralnervesystemet system (hjerne- og rygmarvsneuroner) og er blevet brugt medicinsk til at behandle en r\u00e6kke forskellige tilstande. Derudover er det ekstremt vanedannende og har en historie med misbrug.<\/p>\n<p>Amfetaminpulver er en receptpligtig medicin, der bruges til at behandle opm\u00e6rksomhedsunderskudshyperaktivitetsforstyrrelser (ADHD).<\/p>\n","protected":false},"featured_media":5862,"comment_status":"open","ping_status":"closed","template":"","meta":[],"product_brand":[],"product_cat":[703,2014],"product_tag":[4007,4008,4010,4009,4012,4013,4011],"class_list":{"0":"post-5852","1":"product","2":"type-product","3":"status-publish","4":"has-post-thumbnail","6":"product_cat-kbe-psykedeliske-stoffer","7":"product_cat-kb-forskningskemikalier","8":"product_tag-amfetamin-pulver","9":"product_tag-amfetamin-pulver-til-salg","10":"product_tag-bestille-amfetamin-pulver-online","11":"product_tag-buy-amphetamine-powder-online","12":"product_tag-det-bedste-sted-at-kbe-amfetamin-pulver-online","13":"product_tag-hvor-kan-kbes-amfetamin-pulver-online","14":"product_tag-kb-amfetamin-pulver-online","16":"first","17":"instock","18":"shipping-taxable","19":"purchasable","20":"product-type-variable"},"yoast_head":"<!-- This site is optimized with the Yoast SEO plugin v27.3 - https:\/\/yoast.com\/product\/yoast-seo-wordpress\/ -->\n<title>K\u00f8b amfetaminpulver - bedste bedste globale medicin<\/title>\n<meta name=\"description\" content=\"K\u00f8b amfetaminpulver til salg Storbritannien, Europa billige generiske og m\u00e6rke piller i Sapporo, du kan bestille amfetaminpulver til salg online ved at bruge Bitcoin (BTC)\" \/>\n<meta name=\"robots\" content=\"index, follow, max-snippet:-1, max-image-preview:large, max-video-preview:-1\" \/>\n<link rel=\"canonical\" href=\"https:\/\/medicinasinc.com\/da\/product\/kob-amfetamin-pulver\/\" \/>\n<meta property=\"og:locale\" content=\"en_US\" \/>\n<meta property=\"og:type\" content=\"article\" \/>\n<meta property=\"og:title\" content=\"K\u00f8b amfetaminpulver - bedste bedste globale medicin\" \/>\n<meta property=\"og:description\" content=\"K\u00f8b amfetaminpulver til salg Storbritannien, Europa billige generiske og m\u00e6rke piller i Sapporo, du kan bestille amfetaminpulver til salg online ved at bruge Bitcoin (BTC)\" \/>\n<meta property=\"og:url\" content=\"https:\/\/medicinasinc.com\/da\/product\/kob-amfetamin-pulver\/\" \/>\n<meta property=\"og:site_name\" content=\"Medicinas Inc\" \/>\n<meta property=\"article:modified_time\" content=\"2022-03-19T21:12:54+00:00\" \/>\n<meta property=\"og:image\" content=\"https:\/\/medicinasinc.com\/da\/wp-content\/uploads\/sites\/8\/2022\/02\/Buy-Amphetamine-Powder.png\" \/>\n\t<meta property=\"og:image:width\" content=\"412\" \/>\n\t<meta property=\"og:image:height\" content=\"550\" \/>\n\t<meta property=\"og:image:type\" content=\"image\/png\" \/>\n<meta name=\"twitter:card\" content=\"summary_large_image\" \/>\n<meta name=\"twitter:label1\" content=\"Est. reading time\" \/>\n\t<meta name=\"twitter:data1\" content=\"4 minutes\" \/>\n<script type=\"application\/ld+json\" class=\"yoast-schema-graph\">{\"@context\":\"https:\\\/\\\/schema.org\",\"@graph\":[{\"@type\":\"WebPage\",\"@id\":\"https:\\\/\\\/medicinasinc.com\\\/da\\\/product\\\/kob-amfetamin-pulver\\\/\",\"url\":\"https:\\\/\\\/medicinasinc.com\\\/da\\\/product\\\/kob-amfetamin-pulver\\\/\",\"name\":\"K\u00f8b amfetaminpulver - bedste bedste globale medicin\",\"isPartOf\":{\"@id\":\"https:\\\/\\\/medicinasinc.com\\\/da\\\/#website\"},\"primaryImageOfPage\":{\"@id\":\"https:\\\/\\\/medicinasinc.com\\\/da\\\/product\\\/kob-amfetamin-pulver\\\/#primaryimage\"},\"image\":{\"@id\":\"https:\\\/\\\/medicinasinc.com\\\/da\\\/product\\\/kob-amfetamin-pulver\\\/#primaryimage\"},\"thumbnailUrl\":\"https:\\\/\\\/medicinasinc.com\\\/da\\\/wp-content\\\/uploads\\\/sites\\\/8\\\/2022\\\/02\\\/Buy-Amphetamine-Powder.png\",\"datePublished\":\"2022-02-22T07:25:44+00:00\",\"dateModified\":\"2022-03-19T21:12:54+00:00\",\"description\":\"K\u00f8b amfetaminpulver til salg Storbritannien, Europa billige generiske og m\u00e6rke piller i Sapporo, du kan bestille amfetaminpulver til salg online ved at bruge Bitcoin (BTC)\",\"breadcrumb\":{\"@id\":\"https:\\\/\\\/medicinasinc.com\\\/da\\\/product\\\/kob-amfetamin-pulver\\\/#breadcrumb\"},\"inLanguage\":\"en-US\",\"potentialAction\":[{\"@type\":\"ReadAction\",\"target\":[\"https:\\\/\\\/medicinasinc.com\\\/da\\\/product\\\/kob-amfetamin-pulver\\\/\"]}]},{\"@type\":\"ImageObject\",\"inLanguage\":\"en-US\",\"@id\":\"https:\\\/\\\/medicinasinc.com\\\/da\\\/product\\\/kob-amfetamin-pulver\\\/#primaryimage\",\"url\":\"https:\\\/\\\/medicinasinc.com\\\/da\\\/wp-content\\\/uploads\\\/sites\\\/8\\\/2022\\\/02\\\/Buy-Amphetamine-Powder.png\",\"contentUrl\":\"https:\\\/\\\/medicinasinc.com\\\/da\\\/wp-content\\\/uploads\\\/sites\\\/8\\\/2022\\\/02\\\/Buy-Amphetamine-Powder.png\",\"width\":412,\"height\":550},{\"@type\":\"BreadcrumbList\",\"@id\":\"https:\\\/\\\/medicinasinc.com\\\/da\\\/product\\\/kob-amfetamin-pulver\\\/#breadcrumb\",\"itemListElement\":[{\"@type\":\"ListItem\",\"position\":1,\"name\":\"Butik\",\"item\":\"https:\\\/\\\/medicinasinc.com\\\/da\\\/butik\\\/\"},{\"@type\":\"ListItem\",\"position\":2,\"name\":\"K\u00f8b amfetaminpulver\"}]},{\"@type\":\"WebSite\",\"@id\":\"https:\\\/\\\/medicinasinc.com\\\/da\\\/#website\",\"url\":\"https:\\\/\\\/medicinasinc.com\\\/da\\\/\",\"name\":\"Medicinas Inc\",\"description\":\"Health Medical Clinic\",\"potentialAction\":[{\"@type\":\"SearchAction\",\"target\":{\"@type\":\"EntryPoint\",\"urlTemplate\":\"https:\\\/\\\/medicinasinc.com\\\/da\\\/?s={search_term_string}\"},\"query-input\":{\"@type\":\"PropertyValueSpecification\",\"valueRequired\":true,\"valueName\":\"search_term_string\"}}],\"inLanguage\":\"en-US\"}]}<\/script>\n<!-- \/ Yoast SEO plugin. -->","yoast_head_json":{"title":"K\u00f8b amfetaminpulver - bedste bedste globale medicin","description":"K\u00f8b amfetaminpulver til salg Storbritannien, Europa billige generiske og m\u00e6rke piller i Sapporo, du kan bestille amfetaminpulver til salg online ved at bruge Bitcoin (BTC)","robots":{"index":"index","follow":"follow","max-snippet":"max-snippet:-1","max-image-preview":"max-image-preview:large","max-video-preview":"max-video-preview:-1"},"canonical":"https:\/\/medicinasinc.com\/da\/product\/kob-amfetamin-pulver\/","og_locale":"en_US","og_type":"article","og_title":"K\u00f8b amfetaminpulver - bedste bedste globale medicin","og_description":"K\u00f8b amfetaminpulver til salg Storbritannien, Europa billige generiske og m\u00e6rke piller i Sapporo, du kan bestille amfetaminpulver til salg online ved at bruge Bitcoin (BTC)","og_url":"https:\/\/medicinasinc.com\/da\/product\/kob-amfetamin-pulver\/","og_site_name":"Medicinas Inc","article_modified_time":"2022-03-19T21:12:54+00:00","og_image":[{"width":412,"height":550,"url":"https:\/\/medicinasinc.com\/da\/wp-content\/uploads\/sites\/8\/2022\/02\/Buy-Amphetamine-Powder.png","type":"image\/png"}],"twitter_card":"summary_large_image","twitter_misc":{"Est. reading time":"4 minutes"},"schema":{"@context":"https:\/\/schema.org","@graph":[{"@type":"WebPage","@id":"https:\/\/medicinasinc.com\/da\/product\/kob-amfetamin-pulver\/","url":"https:\/\/medicinasinc.com\/da\/product\/kob-amfetamin-pulver\/","name":"K\u00f8b amfetaminpulver - bedste bedste globale medicin","isPartOf":{"@id":"https:\/\/medicinasinc.com\/da\/#website"},"primaryImageOfPage":{"@id":"https:\/\/medicinasinc.com\/da\/product\/kob-amfetamin-pulver\/#primaryimage"},"image":{"@id":"https:\/\/medicinasinc.com\/da\/product\/kob-amfetamin-pulver\/#primaryimage"},"thumbnailUrl":"https:\/\/medicinasinc.com\/da\/wp-content\/uploads\/sites\/8\/2022\/02\/Buy-Amphetamine-Powder.png","datePublished":"2022-02-22T07:25:44+00:00","dateModified":"2022-03-19T21:12:54+00:00","description":"K\u00f8b amfetaminpulver til salg Storbritannien, Europa billige generiske og m\u00e6rke piller i Sapporo, du kan bestille amfetaminpulver til salg online ved at bruge Bitcoin (BTC)","breadcrumb":{"@id":"https:\/\/medicinasinc.com\/da\/product\/kob-amfetamin-pulver\/#breadcrumb"},"inLanguage":"en-US","potentialAction":[{"@type":"ReadAction","target":["https:\/\/medicinasinc.com\/da\/product\/kob-amfetamin-pulver\/"]}]},{"@type":"ImageObject","inLanguage":"en-US","@id":"https:\/\/medicinasinc.com\/da\/product\/kob-amfetamin-pulver\/#primaryimage","url":"https:\/\/medicinasinc.com\/da\/wp-content\/uploads\/sites\/8\/2022\/02\/Buy-Amphetamine-Powder.png","contentUrl":"https:\/\/medicinasinc.com\/da\/wp-content\/uploads\/sites\/8\/2022\/02\/Buy-Amphetamine-Powder.png","width":412,"height":550},{"@type":"BreadcrumbList","@id":"https:\/\/medicinasinc.com\/da\/product\/kob-amfetamin-pulver\/#breadcrumb","itemListElement":[{"@type":"ListItem","position":1,"name":"Butik","item":"https:\/\/medicinasinc.com\/da\/butik\/"},{"@type":"ListItem","position":2,"name":"K\u00f8b amfetaminpulver"}]},{"@type":"WebSite","@id":"https:\/\/medicinasinc.com\/da\/#website","url":"https:\/\/medicinasinc.com\/da\/","name":"Medicinas Inc","description":"Health Medical Clinic","potentialAction":[{"@type":"SearchAction","target":{"@type":"EntryPoint","urlTemplate":"https:\/\/medicinasinc.com\/da\/?s={search_term_string}"},"query-input":{"@type":"PropertyValueSpecification","valueRequired":true,"valueName":"search_term_string"}}],"inLanguage":"en-US"}]}},"_links":{"self":[{"href":"https:\/\/medicinasinc.com\/da\/wp-json\/wp\/v2\/product\/5852","targetHints":{"allow":["GET"]}}],"collection":[{"href":"https:\/\/medicinasinc.com\/da\/wp-json\/wp\/v2\/product"}],"about":[{"href":"https:\/\/medicinasinc.com\/da\/wp-json\/wp\/v2\/types\/product"}],"replies":[{"embeddable":true,"href":"https:\/\/medicinasinc.com\/da\/wp-json\/wp\/v2\/comments?post=5852"}],"wp:featuredmedia":[{"embeddable":true,"href":"https:\/\/medicinasinc.com\/da\/wp-json\/wp\/v2\/media\/5862"}],"wp:attachment":[{"href":"https:\/\/medicinasinc.com\/da\/wp-json\/wp\/v2\/media?parent=5852"}],"wp:term":[{"taxonomy":"product_brand","embeddable":true,"href":"https:\/\/medicinasinc.com\/da\/wp-json\/wp\/v2\/product_brand?post=5852"},{"taxonomy":"product_cat","embeddable":true,"href":"https:\/\/medicinasinc.com\/da\/wp-json\/wp\/v2\/product_cat?post=5852"},{"taxonomy":"product_tag","embeddable":true,"href":"https:\/\/medicinasinc.com\/da\/wp-json\/wp\/v2\/product_tag?post=5852"}],"curies":[{"name":"wp","href":"https:\/\/api.w.org\/{rel}","templated":true}]}}