{"id":5846,"date":"2022-02-22T07:19:31","date_gmt":"2022-02-22T07:19:31","guid":{"rendered":"https:\/\/medicinasinc.com\/da\/?post_type=product&#038;p=5846"},"modified":"2022-03-19T21:13:50","modified_gmt":"2022-03-19T21:13:50","slug":"approvebitone","status":"publish","type":"product","link":"https:\/\/medicinasinc.com\/da\/product\/approvebitone\/","title":{"rendered":"godkende barbitone"},"content":{"rendered":"<p>Aprobarbiton kan k\u00f8bes online fra et f\u00f8rsteklasses online-Nembutal-apotek<\/p>\n<p>Online-Nembutal-apoteket har v\u00e6ret i drift i lang tid. Vi har nu en grundig forst\u00e5else af synspunkter og forventninger fra kunder over hele verden. Vi er her for at opfylde alle dine Aprobarbitone-krav. Hvis du \u00f8nsker at k\u00f8be Aprobarbitone online, er vores apotek det bedste sted at g\u00f8re det. Vi tilbyder denne terapeutiske medicin til en rimelig pris. Du kan nemt k\u00f8be det hos os, og vi vil levere det inden for den angivne tidsramme.<\/p>\n<p>Hvad er Aprobarbitones rolle i dit helbred?<\/p>\n<p>Aprobarbitone kan hj\u00e6lpe dig med at f\u00e5 en god nats s\u00f8vn . I en n\u00f8ddeskal er det en ideel kur til s\u00f8vnl\u00f8se. Det er kendt for dets ekstraordin\u00e6re beroligende, hypnotiske og antikonvulsive egenskaber.<\/p>\n<p>Hvorfor skal du k\u00f8be Aprobarbitone online hos os?<\/p>\n<p>Vi er en h\u00f8jt specialiseret gruppe af personer med stor erfaring inden for medicin og medicin. Derudover udvider vi adgangen til Aprobarbitone og andre l\u00e6gemidler i hele verden. Du kan nu f\u00e5 Aprobarbitone online til den billigste pris fra dit eget hjem. Vi er kun et museklik v\u00e6k. Send din ordre for at k\u00f8be Aprobarbitone online i dag, og den vil blive leveret til din angivne adresse inden l\u00e6nge.<\/p>\n","protected":false},"excerpt":{"rendered":"<p>Hvordan k\u00f8ber man Aprobarbitone online fra et Nembutal-apotek?<\/p>\n<p>Nembutal Online-apotek er det ideelle sted til at opfylde alle dine Aprobarbitone-behov og krav. Du skal blot tilf\u00f8je din medicin til kurven, forts\u00e6tte gennem betalingsprocessen og afgive din bestilling p\u00e5 vores hjemmeside. Nu er det tid til at kontakte vores apotek og f\u00e5 den bedst mulige pleje til dit helbred. K\u00f8b Aprobarbital nu!<\/p>\n","protected":false},"featured_media":5856,"comment_status":"open","ping_status":"closed","template":"","meta":[],"product_brand":[],"product_cat":[3818],"product_tag":[],"class_list":{"0":"post-5846","1":"product","2":"type-product","3":"status-publish","4":"has-post-thumbnail","6":"product_cat-pentobarbital-til-salg","8":"first","9":"instock","10":"featured","11":"shipping-taxable","12":"purchasable","13":"product-type-variable"},"yoast_head":"<!-- This site is optimized with the Yoast SEO plugin v27.3 - https:\/\/yoast.com\/product\/yoast-seo-wordpress\/ -->\n<title>K\u00f8b Aprobarbitone - Bedste bedste globale medicin<\/title>\n<meta name=\"robots\" content=\"index, follow, max-snippet:-1, max-image-preview:large, max-video-preview:-1\" \/>\n<link rel=\"canonical\" href=\"https:\/\/medicinasinc.com\/da\/product\/approvebitone\/\" \/>\n<meta property=\"og:locale\" content=\"en_US\" \/>\n<meta property=\"og:type\" content=\"article\" \/>\n<meta property=\"og:title\" content=\"K\u00f8b Aprobarbitone - Bedste bedste globale medicin\" \/>\n<meta property=\"og:description\" content=\"Hvordan k\u00f8ber man Aprobarbitone online fra et Nembutal-apotek? Nembutal Online-apotek er det ideelle sted til at opfylde alle dine Aprobarbitone-behov og krav. Du skal blot tilf\u00f8je din medicin til kurven, forts\u00e6tte gennem betalingsprocessen og afgive din bestilling p\u00e5 vores hjemmeside. Nu er det tid til at kontakte vores apotek og f\u00e5 den bedst mulige pleje til dit helbred. K\u00f8b Aprobarbital nu!\" \/>\n<meta property=\"og:url\" content=\"https:\/\/medicinasinc.com\/da\/product\/approvebitone\/\" \/>\n<meta property=\"og:site_name\" content=\"Medicinas Inc\" \/>\n<meta property=\"article:modified_time\" content=\"2022-03-19T21:13:50+00:00\" \/>\n<meta property=\"og:image\" content=\"https:\/\/medicinasinc.com\/da\/wp-content\/uploads\/sites\/8\/2022\/02\/Aprobarbitone.jpg\" \/>\n\t<meta property=\"og:image:width\" content=\"600\" \/>\n\t<meta property=\"og:image:height\" content=\"600\" \/>\n\t<meta property=\"og:image:type\" content=\"image\/jpeg\" \/>\n<meta name=\"twitter:card\" content=\"summary_large_image\" \/>\n<meta name=\"twitter:label1\" content=\"Est. reading time\" \/>\n\t<meta name=\"twitter:data1\" content=\"1 minute\" \/>\n<script type=\"application\/ld+json\" class=\"yoast-schema-graph\">{\"@context\":\"https:\\\/\\\/schema.org\",\"@graph\":[{\"@type\":\"WebPage\",\"@id\":\"https:\\\/\\\/medicinasinc.com\\\/da\\\/product\\\/approvebitone\\\/\",\"url\":\"https:\\\/\\\/medicinasinc.com\\\/da\\\/product\\\/approvebitone\\\/\",\"name\":\"K\u00f8b Aprobarbitone - Bedste bedste globale medicin\",\"isPartOf\":{\"@id\":\"https:\\\/\\\/medicinasinc.com\\\/da\\\/#website\"},\"primaryImageOfPage\":{\"@id\":\"https:\\\/\\\/medicinasinc.com\\\/da\\\/product\\\/approvebitone\\\/#primaryimage\"},\"image\":{\"@id\":\"https:\\\/\\\/medicinasinc.com\\\/da\\\/product\\\/approvebitone\\\/#primaryimage\"},\"thumbnailUrl\":\"https:\\\/\\\/medicinasinc.com\\\/da\\\/wp-content\\\/uploads\\\/sites\\\/8\\\/2022\\\/02\\\/Aprobarbitone.jpg\",\"datePublished\":\"2022-02-22T07:19:31+00:00\",\"dateModified\":\"2022-03-19T21:13:50+00:00\",\"breadcrumb\":{\"@id\":\"https:\\\/\\\/medicinasinc.com\\\/da\\\/product\\\/approvebitone\\\/#breadcrumb\"},\"inLanguage\":\"en-US\",\"potentialAction\":[{\"@type\":\"ReadAction\",\"target\":[\"https:\\\/\\\/medicinasinc.com\\\/da\\\/product\\\/approvebitone\\\/\"]}]},{\"@type\":\"ImageObject\",\"inLanguage\":\"en-US\",\"@id\":\"https:\\\/\\\/medicinasinc.com\\\/da\\\/product\\\/approvebitone\\\/#primaryimage\",\"url\":\"https:\\\/\\\/medicinasinc.com\\\/da\\\/wp-content\\\/uploads\\\/sites\\\/8\\\/2022\\\/02\\\/Aprobarbitone.jpg\",\"contentUrl\":\"https:\\\/\\\/medicinasinc.com\\\/da\\\/wp-content\\\/uploads\\\/sites\\\/8\\\/2022\\\/02\\\/Aprobarbitone.jpg\",\"width\":600,\"height\":600},{\"@type\":\"BreadcrumbList\",\"@id\":\"https:\\\/\\\/medicinasinc.com\\\/da\\\/product\\\/approvebitone\\\/#breadcrumb\",\"itemListElement\":[{\"@type\":\"ListItem\",\"position\":1,\"name\":\"Butik\",\"item\":\"https:\\\/\\\/medicinasinc.com\\\/da\\\/butik\\\/\"},{\"@type\":\"ListItem\",\"position\":2,\"name\":\"godkende barbitone\"}]},{\"@type\":\"WebSite\",\"@id\":\"https:\\\/\\\/medicinasinc.com\\\/da\\\/#website\",\"url\":\"https:\\\/\\\/medicinasinc.com\\\/da\\\/\",\"name\":\"Medicinas Inc\",\"description\":\"Health Medical Clinic\",\"potentialAction\":[{\"@type\":\"SearchAction\",\"target\":{\"@type\":\"EntryPoint\",\"urlTemplate\":\"https:\\\/\\\/medicinasinc.com\\\/da\\\/?s={search_term_string}\"},\"query-input\":{\"@type\":\"PropertyValueSpecification\",\"valueRequired\":true,\"valueName\":\"search_term_string\"}}],\"inLanguage\":\"en-US\"}]}<\/script>\n<!-- \/ Yoast SEO plugin. -->","yoast_head_json":{"title":"K\u00f8b Aprobarbitone - Bedste bedste globale medicin","robots":{"index":"index","follow":"follow","max-snippet":"max-snippet:-1","max-image-preview":"max-image-preview:large","max-video-preview":"max-video-preview:-1"},"canonical":"https:\/\/medicinasinc.com\/da\/product\/approvebitone\/","og_locale":"en_US","og_type":"article","og_title":"K\u00f8b Aprobarbitone - Bedste bedste globale medicin","og_description":"Hvordan k\u00f8ber man Aprobarbitone online fra et Nembutal-apotek? Nembutal Online-apotek er det ideelle sted til at opfylde alle dine Aprobarbitone-behov og krav. Du skal blot tilf\u00f8je din medicin til kurven, forts\u00e6tte gennem betalingsprocessen og afgive din bestilling p\u00e5 vores hjemmeside. Nu er det tid til at kontakte vores apotek og f\u00e5 den bedst mulige pleje til dit helbred. K\u00f8b Aprobarbital nu!","og_url":"https:\/\/medicinasinc.com\/da\/product\/approvebitone\/","og_site_name":"Medicinas Inc","article_modified_time":"2022-03-19T21:13:50+00:00","og_image":[{"width":600,"height":600,"url":"https:\/\/medicinasinc.com\/da\/wp-content\/uploads\/sites\/8\/2022\/02\/Aprobarbitone.jpg","type":"image\/jpeg"}],"twitter_card":"summary_large_image","twitter_misc":{"Est. reading time":"1 minute"},"schema":{"@context":"https:\/\/schema.org","@graph":[{"@type":"WebPage","@id":"https:\/\/medicinasinc.com\/da\/product\/approvebitone\/","url":"https:\/\/medicinasinc.com\/da\/product\/approvebitone\/","name":"K\u00f8b Aprobarbitone - Bedste bedste globale medicin","isPartOf":{"@id":"https:\/\/medicinasinc.com\/da\/#website"},"primaryImageOfPage":{"@id":"https:\/\/medicinasinc.com\/da\/product\/approvebitone\/#primaryimage"},"image":{"@id":"https:\/\/medicinasinc.com\/da\/product\/approvebitone\/#primaryimage"},"thumbnailUrl":"https:\/\/medicinasinc.com\/da\/wp-content\/uploads\/sites\/8\/2022\/02\/Aprobarbitone.jpg","datePublished":"2022-02-22T07:19:31+00:00","dateModified":"2022-03-19T21:13:50+00:00","breadcrumb":{"@id":"https:\/\/medicinasinc.com\/da\/product\/approvebitone\/#breadcrumb"},"inLanguage":"en-US","potentialAction":[{"@type":"ReadAction","target":["https:\/\/medicinasinc.com\/da\/product\/approvebitone\/"]}]},{"@type":"ImageObject","inLanguage":"en-US","@id":"https:\/\/medicinasinc.com\/da\/product\/approvebitone\/#primaryimage","url":"https:\/\/medicinasinc.com\/da\/wp-content\/uploads\/sites\/8\/2022\/02\/Aprobarbitone.jpg","contentUrl":"https:\/\/medicinasinc.com\/da\/wp-content\/uploads\/sites\/8\/2022\/02\/Aprobarbitone.jpg","width":600,"height":600},{"@type":"BreadcrumbList","@id":"https:\/\/medicinasinc.com\/da\/product\/approvebitone\/#breadcrumb","itemListElement":[{"@type":"ListItem","position":1,"name":"Butik","item":"https:\/\/medicinasinc.com\/da\/butik\/"},{"@type":"ListItem","position":2,"name":"godkende barbitone"}]},{"@type":"WebSite","@id":"https:\/\/medicinasinc.com\/da\/#website","url":"https:\/\/medicinasinc.com\/da\/","name":"Medicinas Inc","description":"Health Medical Clinic","potentialAction":[{"@type":"SearchAction","target":{"@type":"EntryPoint","urlTemplate":"https:\/\/medicinasinc.com\/da\/?s={search_term_string}"},"query-input":{"@type":"PropertyValueSpecification","valueRequired":true,"valueName":"search_term_string"}}],"inLanguage":"en-US"}]}},"_links":{"self":[{"href":"https:\/\/medicinasinc.com\/da\/wp-json\/wp\/v2\/product\/5846","targetHints":{"allow":["GET"]}}],"collection":[{"href":"https:\/\/medicinasinc.com\/da\/wp-json\/wp\/v2\/product"}],"about":[{"href":"https:\/\/medicinasinc.com\/da\/wp-json\/wp\/v2\/types\/product"}],"replies":[{"embeddable":true,"href":"https:\/\/medicinasinc.com\/da\/wp-json\/wp\/v2\/comments?post=5846"}],"wp:featuredmedia":[{"embeddable":true,"href":"https:\/\/medicinasinc.com\/da\/wp-json\/wp\/v2\/media\/5856"}],"wp:attachment":[{"href":"https:\/\/medicinasinc.com\/da\/wp-json\/wp\/v2\/media?parent=5846"}],"wp:term":[{"taxonomy":"product_brand","embeddable":true,"href":"https:\/\/medicinasinc.com\/da\/wp-json\/wp\/v2\/product_brand?post=5846"},{"taxonomy":"product_cat","embeddable":true,"href":"https:\/\/medicinasinc.com\/da\/wp-json\/wp\/v2\/product_cat?post=5846"},{"taxonomy":"product_tag","embeddable":true,"href":"https:\/\/medicinasinc.com\/da\/wp-json\/wp\/v2\/product_tag?post=5846"}],"curies":[{"name":"wp","href":"https:\/\/api.w.org\/{rel}","templated":true}]}}