{"id":5840,"date":"2022-02-22T07:12:38","date_gmt":"2022-02-22T07:12:38","guid":{"rendered":"https:\/\/medicinasinc.com\/da\/?post_type=product&#038;p=5840"},"modified":"2022-03-19T21:14:06","modified_gmt":"2022-03-19T21:14:06","slug":"brallobarbital-vesparax","status":"publish","type":"product","link":"https:\/\/medicinasinc.com\/da\/product\/brallobarbital-vesparax\/","title":{"rendered":"Brallobarbital (Vesparax)"},"content":{"rendered":"<p>Brallobarbital (Vesparax) K\u00f8b online fra et velrenommeret apotek<\/p>\n<p>Internet Nembutal apotek besk\u00e6ftiger sig med Brallobarbital (Vesparax) p\u00e5 onlineplatformen og leverer det til forbrugere, der har bestilt det inden for den angivne tidsramme. Vi er et velrenommeret onlineapotek, hvorfra du kan f\u00e5 Vesparax til den lavest mulige pris. Vores priser er uovertrufne og tilg\u00e6ngelige for alle. Derudover har vi et team, der vil opfylde dine krav og specifikationer til Nembutal Brallobarbital rettidigt. Du kan nu nemt bestille Nembutal Brallobarbital fra vores apotek og f\u00e5 det leveret til dit hjem inden for et par dage.<\/p>\n<p>Hvordan bruges Brallobarbital (Vesparax)?<\/p>\n<p>Vesparax omtales ofte som et atypisk antipsykotikum. Det fungerer ved at \u00e6ndre aktiviteten af \u200b\u200bhjernens neurotransmittere. Denne medicin er blevet bestemt til kun at v\u00e6re egnet til brug af voksne og b\u00f8r ikke gives til nogen under 18 \u00e5r.<\/p>\n<p>Vesparax har en r\u00e6kke forskellige anvendelser, herunder f\u00f8lgende:<\/p>\n<p>Bidrager til behandling af voksne og b\u00f8rn med skizofreni<br \/> Indiceret til behandling af bipolar lidelse hos voksne og b\u00f8rn, samt til behandling af sv\u00e6r depressiv lidelse hos voksne i kombination med antidepressiva.<\/p>\n","protected":false},"excerpt":{"rendered":"<p>Kontakt et online Nembutal-apotek<\/p>\n<p>Online-Nembutal-apotek er nu tilg\u00e6ngeligt med kun et par klik! Du kan kontakte os via telefon, sms eller e-mail for at f\u00e5 besvaret dine sp\u00f8rgsm\u00e5l. Vi garanterer, at vi vil fuldf\u00f8re din anmodning inden for den angivne tidsramme. Placer din ordre for at k\u00f8be Vesparax online lige nu!<\/p>\n","protected":false},"featured_media":5850,"comment_status":"open","ping_status":"closed","template":"","meta":[],"product_brand":[],"product_cat":[3818],"product_tag":[],"class_list":{"0":"post-5840","1":"product","2":"type-product","3":"status-publish","4":"has-post-thumbnail","6":"product_cat-pentobarbital-til-salg","8":"first","9":"instock","10":"shipping-taxable","11":"purchasable","12":"product-type-variable"},"yoast_head":"<!-- This site is optimized with the Yoast SEO plugin v27.3 - https:\/\/yoast.com\/product\/yoast-seo-wordpress\/ -->\n<title>Brallobarbital (Vesparax) - Bedste globale medicin<\/title>\n<meta name=\"robots\" content=\"index, follow, max-snippet:-1, max-image-preview:large, max-video-preview:-1\" \/>\n<link rel=\"canonical\" href=\"https:\/\/medicinasinc.com\/da\/product\/brallobarbital-vesparax\/\" \/>\n<meta property=\"og:locale\" content=\"en_US\" \/>\n<meta property=\"og:type\" content=\"article\" \/>\n<meta property=\"og:title\" content=\"Brallobarbital (Vesparax) - Bedste globale medicin\" \/>\n<meta property=\"og:description\" content=\"Kontakt et online Nembutal-apotek Online-Nembutal-apotek er nu tilg\u00e6ngeligt med kun et par klik! Du kan kontakte os via telefon, sms eller e-mail for at f\u00e5 besvaret dine sp\u00f8rgsm\u00e5l. Vi garanterer, at vi vil fuldf\u00f8re din anmodning inden for den angivne tidsramme. Placer din ordre for at k\u00f8be Vesparax online lige nu!\" \/>\n<meta property=\"og:url\" content=\"https:\/\/medicinasinc.com\/da\/product\/brallobarbital-vesparax\/\" \/>\n<meta property=\"og:site_name\" content=\"Medicinas Inc\" \/>\n<meta property=\"article:modified_time\" content=\"2022-03-19T21:14:06+00:00\" \/>\n<meta property=\"og:image\" content=\"https:\/\/medicinasinc.com\/da\/wp-content\/uploads\/sites\/8\/2022\/02\/Brallobarbital-Vesparax.jpg\" \/>\n\t<meta property=\"og:image:width\" content=\"600\" \/>\n\t<meta property=\"og:image:height\" content=\"600\" \/>\n\t<meta property=\"og:image:type\" content=\"image\/jpeg\" \/>\n<meta name=\"twitter:card\" content=\"summary_large_image\" \/>\n<meta name=\"twitter:label1\" content=\"Est. reading time\" \/>\n\t<meta name=\"twitter:data1\" content=\"1 minute\" \/>\n<script type=\"application\/ld+json\" class=\"yoast-schema-graph\">{\"@context\":\"https:\\\/\\\/schema.org\",\"@graph\":[{\"@type\":\"WebPage\",\"@id\":\"https:\\\/\\\/medicinasinc.com\\\/da\\\/product\\\/brallobarbital-vesparax\\\/\",\"url\":\"https:\\\/\\\/medicinasinc.com\\\/da\\\/product\\\/brallobarbital-vesparax\\\/\",\"name\":\"Brallobarbital (Vesparax) - Bedste globale medicin\",\"isPartOf\":{\"@id\":\"https:\\\/\\\/medicinasinc.com\\\/da\\\/#website\"},\"primaryImageOfPage\":{\"@id\":\"https:\\\/\\\/medicinasinc.com\\\/da\\\/product\\\/brallobarbital-vesparax\\\/#primaryimage\"},\"image\":{\"@id\":\"https:\\\/\\\/medicinasinc.com\\\/da\\\/product\\\/brallobarbital-vesparax\\\/#primaryimage\"},\"thumbnailUrl\":\"https:\\\/\\\/medicinasinc.com\\\/da\\\/wp-content\\\/uploads\\\/sites\\\/8\\\/2022\\\/02\\\/Brallobarbital-Vesparax.jpg\",\"datePublished\":\"2022-02-22T07:12:38+00:00\",\"dateModified\":\"2022-03-19T21:14:06+00:00\",\"breadcrumb\":{\"@id\":\"https:\\\/\\\/medicinasinc.com\\\/da\\\/product\\\/brallobarbital-vesparax\\\/#breadcrumb\"},\"inLanguage\":\"en-US\",\"potentialAction\":[{\"@type\":\"ReadAction\",\"target\":[\"https:\\\/\\\/medicinasinc.com\\\/da\\\/product\\\/brallobarbital-vesparax\\\/\"]}]},{\"@type\":\"ImageObject\",\"inLanguage\":\"en-US\",\"@id\":\"https:\\\/\\\/medicinasinc.com\\\/da\\\/product\\\/brallobarbital-vesparax\\\/#primaryimage\",\"url\":\"https:\\\/\\\/medicinasinc.com\\\/da\\\/wp-content\\\/uploads\\\/sites\\\/8\\\/2022\\\/02\\\/Brallobarbital-Vesparax.jpg\",\"contentUrl\":\"https:\\\/\\\/medicinasinc.com\\\/da\\\/wp-content\\\/uploads\\\/sites\\\/8\\\/2022\\\/02\\\/Brallobarbital-Vesparax.jpg\",\"width\":600,\"height\":600},{\"@type\":\"BreadcrumbList\",\"@id\":\"https:\\\/\\\/medicinasinc.com\\\/da\\\/product\\\/brallobarbital-vesparax\\\/#breadcrumb\",\"itemListElement\":[{\"@type\":\"ListItem\",\"position\":1,\"name\":\"Butik\",\"item\":\"https:\\\/\\\/medicinasinc.com\\\/da\\\/butik\\\/\"},{\"@type\":\"ListItem\",\"position\":2,\"name\":\"Brallobarbital (Vesparax)\"}]},{\"@type\":\"WebSite\",\"@id\":\"https:\\\/\\\/medicinasinc.com\\\/da\\\/#website\",\"url\":\"https:\\\/\\\/medicinasinc.com\\\/da\\\/\",\"name\":\"Medicinas Inc\",\"description\":\"Health Medical Clinic\",\"potentialAction\":[{\"@type\":\"SearchAction\",\"target\":{\"@type\":\"EntryPoint\",\"urlTemplate\":\"https:\\\/\\\/medicinasinc.com\\\/da\\\/?s={search_term_string}\"},\"query-input\":{\"@type\":\"PropertyValueSpecification\",\"valueRequired\":true,\"valueName\":\"search_term_string\"}}],\"inLanguage\":\"en-US\"}]}<\/script>\n<!-- \/ Yoast SEO plugin. -->","yoast_head_json":{"title":"Brallobarbital (Vesparax) - Bedste globale medicin","robots":{"index":"index","follow":"follow","max-snippet":"max-snippet:-1","max-image-preview":"max-image-preview:large","max-video-preview":"max-video-preview:-1"},"canonical":"https:\/\/medicinasinc.com\/da\/product\/brallobarbital-vesparax\/","og_locale":"en_US","og_type":"article","og_title":"Brallobarbital (Vesparax) - Bedste globale medicin","og_description":"Kontakt et online Nembutal-apotek Online-Nembutal-apotek er nu tilg\u00e6ngeligt med kun et par klik! Du kan kontakte os via telefon, sms eller e-mail for at f\u00e5 besvaret dine sp\u00f8rgsm\u00e5l. Vi garanterer, at vi vil fuldf\u00f8re din anmodning inden for den angivne tidsramme. Placer din ordre for at k\u00f8be Vesparax online lige nu!","og_url":"https:\/\/medicinasinc.com\/da\/product\/brallobarbital-vesparax\/","og_site_name":"Medicinas Inc","article_modified_time":"2022-03-19T21:14:06+00:00","og_image":[{"width":600,"height":600,"url":"https:\/\/medicinasinc.com\/da\/wp-content\/uploads\/sites\/8\/2022\/02\/Brallobarbital-Vesparax.jpg","type":"image\/jpeg"}],"twitter_card":"summary_large_image","twitter_misc":{"Est. reading time":"1 minute"},"schema":{"@context":"https:\/\/schema.org","@graph":[{"@type":"WebPage","@id":"https:\/\/medicinasinc.com\/da\/product\/brallobarbital-vesparax\/","url":"https:\/\/medicinasinc.com\/da\/product\/brallobarbital-vesparax\/","name":"Brallobarbital (Vesparax) - Bedste globale medicin","isPartOf":{"@id":"https:\/\/medicinasinc.com\/da\/#website"},"primaryImageOfPage":{"@id":"https:\/\/medicinasinc.com\/da\/product\/brallobarbital-vesparax\/#primaryimage"},"image":{"@id":"https:\/\/medicinasinc.com\/da\/product\/brallobarbital-vesparax\/#primaryimage"},"thumbnailUrl":"https:\/\/medicinasinc.com\/da\/wp-content\/uploads\/sites\/8\/2022\/02\/Brallobarbital-Vesparax.jpg","datePublished":"2022-02-22T07:12:38+00:00","dateModified":"2022-03-19T21:14:06+00:00","breadcrumb":{"@id":"https:\/\/medicinasinc.com\/da\/product\/brallobarbital-vesparax\/#breadcrumb"},"inLanguage":"en-US","potentialAction":[{"@type":"ReadAction","target":["https:\/\/medicinasinc.com\/da\/product\/brallobarbital-vesparax\/"]}]},{"@type":"ImageObject","inLanguage":"en-US","@id":"https:\/\/medicinasinc.com\/da\/product\/brallobarbital-vesparax\/#primaryimage","url":"https:\/\/medicinasinc.com\/da\/wp-content\/uploads\/sites\/8\/2022\/02\/Brallobarbital-Vesparax.jpg","contentUrl":"https:\/\/medicinasinc.com\/da\/wp-content\/uploads\/sites\/8\/2022\/02\/Brallobarbital-Vesparax.jpg","width":600,"height":600},{"@type":"BreadcrumbList","@id":"https:\/\/medicinasinc.com\/da\/product\/brallobarbital-vesparax\/#breadcrumb","itemListElement":[{"@type":"ListItem","position":1,"name":"Butik","item":"https:\/\/medicinasinc.com\/da\/butik\/"},{"@type":"ListItem","position":2,"name":"Brallobarbital (Vesparax)"}]},{"@type":"WebSite","@id":"https:\/\/medicinasinc.com\/da\/#website","url":"https:\/\/medicinasinc.com\/da\/","name":"Medicinas Inc","description":"Health Medical Clinic","potentialAction":[{"@type":"SearchAction","target":{"@type":"EntryPoint","urlTemplate":"https:\/\/medicinasinc.com\/da\/?s={search_term_string}"},"query-input":{"@type":"PropertyValueSpecification","valueRequired":true,"valueName":"search_term_string"}}],"inLanguage":"en-US"}]}},"_links":{"self":[{"href":"https:\/\/medicinasinc.com\/da\/wp-json\/wp\/v2\/product\/5840","targetHints":{"allow":["GET"]}}],"collection":[{"href":"https:\/\/medicinasinc.com\/da\/wp-json\/wp\/v2\/product"}],"about":[{"href":"https:\/\/medicinasinc.com\/da\/wp-json\/wp\/v2\/types\/product"}],"replies":[{"embeddable":true,"href":"https:\/\/medicinasinc.com\/da\/wp-json\/wp\/v2\/comments?post=5840"}],"wp:featuredmedia":[{"embeddable":true,"href":"https:\/\/medicinasinc.com\/da\/wp-json\/wp\/v2\/media\/5850"}],"wp:attachment":[{"href":"https:\/\/medicinasinc.com\/da\/wp-json\/wp\/v2\/media?parent=5840"}],"wp:term":[{"taxonomy":"product_brand","embeddable":true,"href":"https:\/\/medicinasinc.com\/da\/wp-json\/wp\/v2\/product_brand?post=5840"},{"taxonomy":"product_cat","embeddable":true,"href":"https:\/\/medicinasinc.com\/da\/wp-json\/wp\/v2\/product_cat?post=5840"},{"taxonomy":"product_tag","embeddable":true,"href":"https:\/\/medicinasinc.com\/da\/wp-json\/wp\/v2\/product_tag?post=5840"}],"curies":[{"name":"wp","href":"https:\/\/api.w.org\/{rel}","templated":true}]}}