{"id":5834,"date":"2022-02-22T07:05:31","date_gmt":"2022-02-22T07:05:31","guid":{"rendered":"https:\/\/medicinasinc.com\/da\/?post_type=product&#038;p=5834"},"modified":"2022-03-19T21:14:38","modified_gmt":"2022-03-19T21:14:38","slug":"kob-butabarbital-online","status":"publish","type":"product","link":"https:\/\/medicinasinc.com\/da\/product\/kob-butabarbital-online\/","title":{"rendered":"K\u00f8b Butabarbital online"},"content":{"rendered":"<p>K\u00f8b Butabarbital Sodium 50 mg tabletter fra The Best Pharmacy Online.<\/p>\n<p>Nembutal Online Pharmacy er det bedste sted at k\u00f8be Butabarbital Sodium 50 mg tabletter til de laveste omkostninger. Vi har v\u00e6ret i medicinalindustrien i en lang periode. Du kan regne med, at vi yder den bedst mulige pleje til dit helbred. Vores dygtige teammedlemmer vil g\u00f8re alt for at overg\u00e5 dine forventninger. K\u00f8b med det samme!<\/p>\n<p>Hvordan skal du bruge butabarbitalnatrium, efter du har k\u00f8bt det hos os?<\/p>\n<p>Butabarbitalnatrium er en fremragende medicin til behandling af s\u00f8vnl\u00f8shed hos mennesker. Typisk er det en kortvarig medicin. Dette stof kan bruges i den medicinske industri som et beroligende middel f\u00f8r enhver operation.<\/p>\n<p>For at sikre korrekt administration af butabarbitalnatrium giver vi vores kunder en manuel vejledning. Denne manual indeholder alle medicinens instruktioner. Du kan nemt l\u00e6se dem \u00e9n efter \u00e9n og bruge dem af de \u00e5rsager, som de er beregnet til. Du kan have fuld tillid til vores velrenommerede onlineapotek. Vi overvejer konsekvent vores v\u00e6rdsatte forbrugeres bedste interesser. Vi er konstant bekymrede over vores kunders sundhed og inspicerer alle produkter f\u00f8r levering.<\/p>\n<p>Du kan kontakte os for at f\u00e5 den bedste pris p\u00e5 Butabarbital Sodium. Vores eksperter vil overs\u00e6tte din ordre og arrangere den til omg\u00e5ende levering. Dine l\u00e6gemidler vil blive sendt til dig inden for den tidsramme, der er angivet af vores onlineapotek. Nembutal er tilg\u00e6ngelig til en rabatpris lige nu!<\/p>\n","protected":false},"excerpt":{"rendered":"<p>Hvordan kan jeg f\u00e5 butabarbitalnatrium fra et Nembutal-onlineapotek?<\/p>\n<p>Online-Nembutal-apoteket er nu tilg\u00e6ngeligt. Indsend dine ordreoplysninger og betaling for Butabarbital Sodium 50 mg tabletter p\u00e5 vores officielle hjemmeside. N\u00e5r en ordre er afgivet, vil den blive behandlet inden for den angivne tidsramme. Bestil i dag!<\/p>\n","protected":false},"featured_media":5844,"comment_status":"open","ping_status":"closed","template":"","meta":[],"product_brand":[],"product_cat":[3818],"product_tag":[],"class_list":{"0":"post-5834","1":"product","2":"type-product","3":"status-publish","4":"has-post-thumbnail","6":"product_cat-pentobarbital-til-salg","8":"first","9":"instock","10":"shipping-taxable","11":"purchasable","12":"product-type-variable"},"yoast_head":"<!-- This site is optimized with the Yoast SEO plugin v27.3 - https:\/\/yoast.com\/product\/yoast-seo-wordpress\/ -->\n<title>K\u00f8b Butabarbital online - bedste bedste globale medicin<\/title>\n<meta name=\"robots\" content=\"index, follow, max-snippet:-1, max-image-preview:large, max-video-preview:-1\" \/>\n<link rel=\"canonical\" href=\"https:\/\/medicinasinc.com\/da\/product\/kob-butabarbital-online\/\" \/>\n<meta property=\"og:locale\" content=\"en_US\" \/>\n<meta property=\"og:type\" content=\"article\" \/>\n<meta property=\"og:title\" content=\"K\u00f8b Butabarbital online - bedste bedste globale medicin\" \/>\n<meta property=\"og:description\" content=\"Hvordan kan jeg f\u00e5 butabarbitalnatrium fra et Nembutal-onlineapotek? Online-Nembutal-apoteket er nu tilg\u00e6ngeligt. Indsend dine ordreoplysninger og betaling for Butabarbital Sodium 50 mg tabletter p\u00e5 vores officielle hjemmeside. N\u00e5r en ordre er afgivet, vil den blive behandlet inden for den angivne tidsramme. Bestil i dag!\" \/>\n<meta property=\"og:url\" content=\"https:\/\/medicinasinc.com\/da\/product\/kob-butabarbital-online\/\" \/>\n<meta property=\"og:site_name\" content=\"Medicinas Inc\" \/>\n<meta property=\"article:modified_time\" content=\"2022-03-19T21:14:38+00:00\" \/>\n<meta property=\"og:image\" content=\"https:\/\/medicinasinc.com\/da\/wp-content\/uploads\/sites\/8\/2022\/02\/Buy-Butabarbital.jpg\" \/>\n\t<meta property=\"og:image:width\" content=\"600\" \/>\n\t<meta property=\"og:image:height\" content=\"600\" \/>\n\t<meta property=\"og:image:type\" content=\"image\/jpeg\" \/>\n<meta name=\"twitter:card\" content=\"summary_large_image\" \/>\n<meta name=\"twitter:label1\" content=\"Est. reading time\" \/>\n\t<meta name=\"twitter:data1\" content=\"2 minutes\" \/>\n<script type=\"application\/ld+json\" class=\"yoast-schema-graph\">{\"@context\":\"https:\\\/\\\/schema.org\",\"@graph\":[{\"@type\":\"WebPage\",\"@id\":\"https:\\\/\\\/medicinasinc.com\\\/da\\\/product\\\/kob-butabarbital-online\\\/\",\"url\":\"https:\\\/\\\/medicinasinc.com\\\/da\\\/product\\\/kob-butabarbital-online\\\/\",\"name\":\"K\u00f8b Butabarbital online - bedste bedste globale medicin\",\"isPartOf\":{\"@id\":\"https:\\\/\\\/medicinasinc.com\\\/da\\\/#website\"},\"primaryImageOfPage\":{\"@id\":\"https:\\\/\\\/medicinasinc.com\\\/da\\\/product\\\/kob-butabarbital-online\\\/#primaryimage\"},\"image\":{\"@id\":\"https:\\\/\\\/medicinasinc.com\\\/da\\\/product\\\/kob-butabarbital-online\\\/#primaryimage\"},\"thumbnailUrl\":\"https:\\\/\\\/medicinasinc.com\\\/da\\\/wp-content\\\/uploads\\\/sites\\\/8\\\/2022\\\/02\\\/Buy-Butabarbital.jpg\",\"datePublished\":\"2022-02-22T07:05:31+00:00\",\"dateModified\":\"2022-03-19T21:14:38+00:00\",\"breadcrumb\":{\"@id\":\"https:\\\/\\\/medicinasinc.com\\\/da\\\/product\\\/kob-butabarbital-online\\\/#breadcrumb\"},\"inLanguage\":\"en-US\",\"potentialAction\":[{\"@type\":\"ReadAction\",\"target\":[\"https:\\\/\\\/medicinasinc.com\\\/da\\\/product\\\/kob-butabarbital-online\\\/\"]}]},{\"@type\":\"ImageObject\",\"inLanguage\":\"en-US\",\"@id\":\"https:\\\/\\\/medicinasinc.com\\\/da\\\/product\\\/kob-butabarbital-online\\\/#primaryimage\",\"url\":\"https:\\\/\\\/medicinasinc.com\\\/da\\\/wp-content\\\/uploads\\\/sites\\\/8\\\/2022\\\/02\\\/Buy-Butabarbital.jpg\",\"contentUrl\":\"https:\\\/\\\/medicinasinc.com\\\/da\\\/wp-content\\\/uploads\\\/sites\\\/8\\\/2022\\\/02\\\/Buy-Butabarbital.jpg\",\"width\":600,\"height\":600},{\"@type\":\"BreadcrumbList\",\"@id\":\"https:\\\/\\\/medicinasinc.com\\\/da\\\/product\\\/kob-butabarbital-online\\\/#breadcrumb\",\"itemListElement\":[{\"@type\":\"ListItem\",\"position\":1,\"name\":\"Butik\",\"item\":\"https:\\\/\\\/medicinasinc.com\\\/da\\\/butik\\\/\"},{\"@type\":\"ListItem\",\"position\":2,\"name\":\"K\u00f8b Butabarbital online\"}]},{\"@type\":\"WebSite\",\"@id\":\"https:\\\/\\\/medicinasinc.com\\\/da\\\/#website\",\"url\":\"https:\\\/\\\/medicinasinc.com\\\/da\\\/\",\"name\":\"Medicinas Inc\",\"description\":\"Health Medical Clinic\",\"potentialAction\":[{\"@type\":\"SearchAction\",\"target\":{\"@type\":\"EntryPoint\",\"urlTemplate\":\"https:\\\/\\\/medicinasinc.com\\\/da\\\/?s={search_term_string}\"},\"query-input\":{\"@type\":\"PropertyValueSpecification\",\"valueRequired\":true,\"valueName\":\"search_term_string\"}}],\"inLanguage\":\"en-US\"}]}<\/script>\n<!-- \/ Yoast SEO plugin. -->","yoast_head_json":{"title":"K\u00f8b Butabarbital online - bedste bedste globale medicin","robots":{"index":"index","follow":"follow","max-snippet":"max-snippet:-1","max-image-preview":"max-image-preview:large","max-video-preview":"max-video-preview:-1"},"canonical":"https:\/\/medicinasinc.com\/da\/product\/kob-butabarbital-online\/","og_locale":"en_US","og_type":"article","og_title":"K\u00f8b Butabarbital online - bedste bedste globale medicin","og_description":"Hvordan kan jeg f\u00e5 butabarbitalnatrium fra et Nembutal-onlineapotek? Online-Nembutal-apoteket er nu tilg\u00e6ngeligt. Indsend dine ordreoplysninger og betaling for Butabarbital Sodium 50 mg tabletter p\u00e5 vores officielle hjemmeside. N\u00e5r en ordre er afgivet, vil den blive behandlet inden for den angivne tidsramme. Bestil i dag!","og_url":"https:\/\/medicinasinc.com\/da\/product\/kob-butabarbital-online\/","og_site_name":"Medicinas Inc","article_modified_time":"2022-03-19T21:14:38+00:00","og_image":[{"width":600,"height":600,"url":"https:\/\/medicinasinc.com\/da\/wp-content\/uploads\/sites\/8\/2022\/02\/Buy-Butabarbital.jpg","type":"image\/jpeg"}],"twitter_card":"summary_large_image","twitter_misc":{"Est. reading time":"2 minutes"},"schema":{"@context":"https:\/\/schema.org","@graph":[{"@type":"WebPage","@id":"https:\/\/medicinasinc.com\/da\/product\/kob-butabarbital-online\/","url":"https:\/\/medicinasinc.com\/da\/product\/kob-butabarbital-online\/","name":"K\u00f8b Butabarbital online - bedste bedste globale medicin","isPartOf":{"@id":"https:\/\/medicinasinc.com\/da\/#website"},"primaryImageOfPage":{"@id":"https:\/\/medicinasinc.com\/da\/product\/kob-butabarbital-online\/#primaryimage"},"image":{"@id":"https:\/\/medicinasinc.com\/da\/product\/kob-butabarbital-online\/#primaryimage"},"thumbnailUrl":"https:\/\/medicinasinc.com\/da\/wp-content\/uploads\/sites\/8\/2022\/02\/Buy-Butabarbital.jpg","datePublished":"2022-02-22T07:05:31+00:00","dateModified":"2022-03-19T21:14:38+00:00","breadcrumb":{"@id":"https:\/\/medicinasinc.com\/da\/product\/kob-butabarbital-online\/#breadcrumb"},"inLanguage":"en-US","potentialAction":[{"@type":"ReadAction","target":["https:\/\/medicinasinc.com\/da\/product\/kob-butabarbital-online\/"]}]},{"@type":"ImageObject","inLanguage":"en-US","@id":"https:\/\/medicinasinc.com\/da\/product\/kob-butabarbital-online\/#primaryimage","url":"https:\/\/medicinasinc.com\/da\/wp-content\/uploads\/sites\/8\/2022\/02\/Buy-Butabarbital.jpg","contentUrl":"https:\/\/medicinasinc.com\/da\/wp-content\/uploads\/sites\/8\/2022\/02\/Buy-Butabarbital.jpg","width":600,"height":600},{"@type":"BreadcrumbList","@id":"https:\/\/medicinasinc.com\/da\/product\/kob-butabarbital-online\/#breadcrumb","itemListElement":[{"@type":"ListItem","position":1,"name":"Butik","item":"https:\/\/medicinasinc.com\/da\/butik\/"},{"@type":"ListItem","position":2,"name":"K\u00f8b Butabarbital online"}]},{"@type":"WebSite","@id":"https:\/\/medicinasinc.com\/da\/#website","url":"https:\/\/medicinasinc.com\/da\/","name":"Medicinas Inc","description":"Health Medical Clinic","potentialAction":[{"@type":"SearchAction","target":{"@type":"EntryPoint","urlTemplate":"https:\/\/medicinasinc.com\/da\/?s={search_term_string}"},"query-input":{"@type":"PropertyValueSpecification","valueRequired":true,"valueName":"search_term_string"}}],"inLanguage":"en-US"}]}},"_links":{"self":[{"href":"https:\/\/medicinasinc.com\/da\/wp-json\/wp\/v2\/product\/5834","targetHints":{"allow":["GET"]}}],"collection":[{"href":"https:\/\/medicinasinc.com\/da\/wp-json\/wp\/v2\/product"}],"about":[{"href":"https:\/\/medicinasinc.com\/da\/wp-json\/wp\/v2\/types\/product"}],"replies":[{"embeddable":true,"href":"https:\/\/medicinasinc.com\/da\/wp-json\/wp\/v2\/comments?post=5834"}],"wp:featuredmedia":[{"embeddable":true,"href":"https:\/\/medicinasinc.com\/da\/wp-json\/wp\/v2\/media\/5844"}],"wp:attachment":[{"href":"https:\/\/medicinasinc.com\/da\/wp-json\/wp\/v2\/media?parent=5834"}],"wp:term":[{"taxonomy":"product_brand","embeddable":true,"href":"https:\/\/medicinasinc.com\/da\/wp-json\/wp\/v2\/product_brand?post=5834"},{"taxonomy":"product_cat","embeddable":true,"href":"https:\/\/medicinasinc.com\/da\/wp-json\/wp\/v2\/product_cat?post=5834"},{"taxonomy":"product_tag","embeddable":true,"href":"https:\/\/medicinasinc.com\/da\/wp-json\/wp\/v2\/product_tag?post=5834"}],"curies":[{"name":"wp","href":"https:\/\/api.w.org\/{rel}","templated":true}]}}