{"id":5828,"date":"2022-02-22T06:59:00","date_gmt":"2022-02-22T06:59:00","guid":{"rendered":"https:\/\/medicinasinc.com\/da\/?post_type=product&#038;p=5828"},"modified":"2022-03-19T21:14:47","modified_gmt":"2022-03-19T21:14:47","slug":"kob-butalbital-online","status":"publish","type":"product","link":"https:\/\/medicinasinc.com\/da\/product\/kob-butalbital-online\/","title":{"rendered":"K\u00f8b Butalbital online"},"content":{"rendered":"<div class=\"mkdf-single-product-content\">\n<div class=\"mkdf-single-product-summary\">\n<div class=\"summary entry-summary\">\n<div class=\"woocommerce-tabs wc-tabs -wrapper\">\n<div id=\"tab-description\" class=\"woocommerce-Tabs-panel woocommerce-Tabs-panel--description panel entry-content wc-tab\" role=\"tabpanel\" aria-labelledby=\"tab-title -description\">\n<div id=\"ftwp-postcontent\">\n<p>Uden en recept, k\u00f8b Nembutal Butalbital fra det bedste onlineapotek<\/p>\n<p>Online Nembutal Pharmacy er et velrenommeret onlineapotek, der er kendt for dets professionalisme og h\u00f8jkvalitetsmedicin. Du kan nemt f\u00e5 Nembutal Butalbital online uden recept fra denne side. Vi er forpligtet til at levere et produkt af h\u00f8j kvalitet til kunder over hele verden. Vi tager os af hver enkelt kundes behov og behov og opfylder dem altid til tiden.<\/p>\n<p>Du kan hurtigt kontakte os via internetplatformen og erhverve den \u00f8nskede medicin inden for kort tid. I dag kan du bestille Butalbital online!<\/p>\n<p>Hvad er fordelene ved Nembutal Butalbital?<\/p>\n<p>Butalbital er et receptpligtigt l\u00e6gemiddel, der bruges i en kort periode. Denne medicin kan bruges sammen med anden medicin s\u00e5som paracetamol (acetaminophen) eller aspirin for at lindre smerter og hovedpine. Derudover er den blevet godkendt til behandling af sp\u00e6ndingshovedpine.<\/p>\n<p>For at k\u00f8be Butalbital online til den bedste pris, skal du begynde med at l\u00e6gge den til din indk\u00f8bskurv. N\u00e5r du har gennemf\u00f8rt tilf\u00f8jelsen, kan du forts\u00e6tte med at gennemf\u00f8re betalingen. Vi har inkluderet en r\u00e6kke betalingsgateways. Du kan v\u00e6lge den mest passende og fuldf\u00f8re betalingsprocessen for din ordre.<\/p>\n<p>Hvor kan jeg k\u00f8be Nembutal Butalbital online til den bedste pris?<\/p>\n<p>Hvis du har f\u00e5et ordineret Butalbital, er det er det tid til at k\u00f8be Butalbital online fra vores Nembutal-apotek.<\/p>\n<p>Det har aldrig v\u00e6ret nemmere at f\u00e5 forbindelse til vores onlineapotek. Vores hjemmeside er ekstremt grundl\u00e6ggende og brugervenlig, hvilket hj\u00e6lper vores forbrugere med at f\u00f8le sig godt tilpas, mens de bestiller deres produkter.<\/p>\n<\/p><\/div><\/div><\/div><\/div><\/div><\/div>\n","protected":false},"excerpt":{"rendered":"<p>Vores onlineapotek modtager din ordre straks efter afgivelse. Vi vil prioritere det og f\u00e6rdigg\u00f8re det hurtigst muligt. Vi tager typisk 5 dage om at levere varen, hvilket kun d\u00e6kker hverdage. Inden for en uge vil du modtage Nembutal Butalbital i bedst mulig stand. Foretag dit k\u00f8b med det samme!<\/p>\n","protected":false},"featured_media":5838,"comment_status":"open","ping_status":"closed","template":"","meta":[],"product_brand":[],"product_cat":[3818],"product_tag":[4002,1051,3974,3977,3978,3973,3980,3840,3982,4004,4005,4006,3979,3981,3983,3975,3928,3976,3845,3984,3985,3986,3987,3988,3992,3934,3989,3990,3999,3991,3993,3994,3865,3995,3936,3996,4000,3997,3847,3998,3972,4001,4003],"class_list":{"0":"post-5828","1":"product","2":"type-product","3":"status-publish","4":"has-post-thumbnail","6":"product_cat-pentobarbital-til-salg","7":"product_tag-bestille-nembutal-online","8":"product_tag-buy-nembutal","9":"product_tag-buy-nembutal-canada","10":"product_tag-buying-nembutal-online","11":"product_tag-drugs-prescribed-to-reduce-insomnia","12":"product_tag-er","13":"product_tag-how-much-nembutal-is-fatal","14":"product_tag-how-to-acquire-nembutal","15":"product_tag-how-to-make-nembutal","16":"product_tag-hvad-er-nembutal","17":"product_tag-hvor-kan-jeg-kbe-nembutal","18":"product_tag-hvor-kan-kbes-nembutal-i-mexico","19":"product_tag-hvor-meget-koster-nembutal","20":"product_tag-how-to-f-c3-a5r-nembutal","21":"product_tag-hvordan-man-tager-nembutal-at-d","22":"product_tag-kb-nembutal-mexico","23":"product_tag-kb-nembutal-online","24":"product_tag-kbe-nembutal","25":"product_tag-nembutal","26":"product_tag-nembutal-capsules","27":"product_tag-nembutal-china","28":"product_tag-nembutal-death","29":"product_tag-nembutal-definition","30":"product_tag-nembutal-letal-dosis","31":"product_tag-nembutal-hndkb","32":"product_tag-nembutal-kb-online","33":"product_tag-nembutal-mexico","34":"product_tag-nembutal-mexico-2018","35":"product_tag-nembutal-natrium","36":"product_tag-nembutal-online","37":"product_tag-nembutal-pentobarbital","38":"product_tag-nembutal-pille","39":"product_tag-nembutal-piller-til-salg","40":"product_tag-nembutal-pris","41":"product_tag-nonbutal-pulver","42":"product_tag-nembutal-reddit","43":"product_tag-nembutal-suppository","44":"product_tag-nembutal-skema","45":"product_tag-nembutal-til-salg","46":"product_tag-nembutale-bivirkninger","47":"product_tag-og-amytal","48":"product_tag-opn-nembutal","49":"product_tag-sekundrt","51":"first","52":"instock","53":"shipping-taxable","54":"purchasable","55":"product-type-variable"},"yoast_head":"<!-- This site is optimized with the Yoast SEO plugin v27.3 - https:\/\/yoast.com\/product\/yoast-seo-wordpress\/ -->\n<title>K\u00f8b Butalbital Online - Bedste bedste globale medicin<\/title>\n<meta name=\"robots\" content=\"index, follow, max-snippet:-1, max-image-preview:large, max-video-preview:-1\" \/>\n<link rel=\"canonical\" href=\"https:\/\/medicinasinc.com\/da\/product\/kob-butalbital-online\/\" \/>\n<meta property=\"og:locale\" content=\"en_US\" \/>\n<meta property=\"og:type\" content=\"article\" \/>\n<meta property=\"og:title\" content=\"K\u00f8b Butalbital Online - Bedste bedste globale medicin\" \/>\n<meta property=\"og:description\" content=\"Vores onlineapotek modtager din ordre straks efter afgivelse. Vi vil prioritere det og f\u00e6rdigg\u00f8re det hurtigst muligt. Vi tager typisk 5 dage om at levere varen, hvilket kun d\u00e6kker hverdage. Inden for en uge vil du modtage Nembutal Butalbital i bedst mulig stand. Foretag dit k\u00f8b med det samme!\" \/>\n<meta property=\"og:url\" content=\"https:\/\/medicinasinc.com\/da\/product\/kob-butalbital-online\/\" \/>\n<meta property=\"og:site_name\" content=\"Medicinas Inc\" \/>\n<meta property=\"article:modified_time\" content=\"2022-03-19T21:14:47+00:00\" \/>\n<meta property=\"og:image\" content=\"https:\/\/medicinasinc.com\/da\/wp-content\/uploads\/sites\/8\/2022\/02\/Buy-Butalbital-Online.jpg\" \/>\n\t<meta property=\"og:image:width\" content=\"600\" \/>\n\t<meta property=\"og:image:height\" content=\"600\" \/>\n\t<meta property=\"og:image:type\" content=\"image\/jpeg\" \/>\n<meta name=\"twitter:card\" content=\"summary_large_image\" \/>\n<meta name=\"twitter:label1\" content=\"Est. reading time\" \/>\n\t<meta name=\"twitter:data1\" content=\"2 minutes\" \/>\n<script type=\"application\/ld+json\" class=\"yoast-schema-graph\">{\"@context\":\"https:\\\/\\\/schema.org\",\"@graph\":[{\"@type\":\"WebPage\",\"@id\":\"https:\\\/\\\/medicinasinc.com\\\/da\\\/product\\\/kob-butalbital-online\\\/\",\"url\":\"https:\\\/\\\/medicinasinc.com\\\/da\\\/product\\\/kob-butalbital-online\\\/\",\"name\":\"K\u00f8b Butalbital Online - Bedste bedste globale medicin\",\"isPartOf\":{\"@id\":\"https:\\\/\\\/medicinasinc.com\\\/da\\\/#website\"},\"primaryImageOfPage\":{\"@id\":\"https:\\\/\\\/medicinasinc.com\\\/da\\\/product\\\/kob-butalbital-online\\\/#primaryimage\"},\"image\":{\"@id\":\"https:\\\/\\\/medicinasinc.com\\\/da\\\/product\\\/kob-butalbital-online\\\/#primaryimage\"},\"thumbnailUrl\":\"https:\\\/\\\/medicinasinc.com\\\/da\\\/wp-content\\\/uploads\\\/sites\\\/8\\\/2022\\\/02\\\/Buy-Butalbital-Online.jpg\",\"datePublished\":\"2022-02-22T06:59:00+00:00\",\"dateModified\":\"2022-03-19T21:14:47+00:00\",\"breadcrumb\":{\"@id\":\"https:\\\/\\\/medicinasinc.com\\\/da\\\/product\\\/kob-butalbital-online\\\/#breadcrumb\"},\"inLanguage\":\"en-US\",\"potentialAction\":[{\"@type\":\"ReadAction\",\"target\":[\"https:\\\/\\\/medicinasinc.com\\\/da\\\/product\\\/kob-butalbital-online\\\/\"]}]},{\"@type\":\"ImageObject\",\"inLanguage\":\"en-US\",\"@id\":\"https:\\\/\\\/medicinasinc.com\\\/da\\\/product\\\/kob-butalbital-online\\\/#primaryimage\",\"url\":\"https:\\\/\\\/medicinasinc.com\\\/da\\\/wp-content\\\/uploads\\\/sites\\\/8\\\/2022\\\/02\\\/Buy-Butalbital-Online.jpg\",\"contentUrl\":\"https:\\\/\\\/medicinasinc.com\\\/da\\\/wp-content\\\/uploads\\\/sites\\\/8\\\/2022\\\/02\\\/Buy-Butalbital-Online.jpg\",\"width\":600,\"height\":600},{\"@type\":\"BreadcrumbList\",\"@id\":\"https:\\\/\\\/medicinasinc.com\\\/da\\\/product\\\/kob-butalbital-online\\\/#breadcrumb\",\"itemListElement\":[{\"@type\":\"ListItem\",\"position\":1,\"name\":\"Butik\",\"item\":\"https:\\\/\\\/medicinasinc.com\\\/da\\\/butik\\\/\"},{\"@type\":\"ListItem\",\"position\":2,\"name\":\"K\u00f8b Butalbital online\"}]},{\"@type\":\"WebSite\",\"@id\":\"https:\\\/\\\/medicinasinc.com\\\/da\\\/#website\",\"url\":\"https:\\\/\\\/medicinasinc.com\\\/da\\\/\",\"name\":\"Medicinas Inc\",\"description\":\"Health Medical Clinic\",\"potentialAction\":[{\"@type\":\"SearchAction\",\"target\":{\"@type\":\"EntryPoint\",\"urlTemplate\":\"https:\\\/\\\/medicinasinc.com\\\/da\\\/?s={search_term_string}\"},\"query-input\":{\"@type\":\"PropertyValueSpecification\",\"valueRequired\":true,\"valueName\":\"search_term_string\"}}],\"inLanguage\":\"en-US\"}]}<\/script>\n<!-- \/ Yoast SEO plugin. -->","yoast_head_json":{"title":"K\u00f8b Butalbital Online - Bedste bedste globale medicin","robots":{"index":"index","follow":"follow","max-snippet":"max-snippet:-1","max-image-preview":"max-image-preview:large","max-video-preview":"max-video-preview:-1"},"canonical":"https:\/\/medicinasinc.com\/da\/product\/kob-butalbital-online\/","og_locale":"en_US","og_type":"article","og_title":"K\u00f8b Butalbital Online - Bedste bedste globale medicin","og_description":"Vores onlineapotek modtager din ordre straks efter afgivelse. Vi vil prioritere det og f\u00e6rdigg\u00f8re det hurtigst muligt. Vi tager typisk 5 dage om at levere varen, hvilket kun d\u00e6kker hverdage. Inden for en uge vil du modtage Nembutal Butalbital i bedst mulig stand. Foretag dit k\u00f8b med det samme!","og_url":"https:\/\/medicinasinc.com\/da\/product\/kob-butalbital-online\/","og_site_name":"Medicinas Inc","article_modified_time":"2022-03-19T21:14:47+00:00","og_image":[{"width":600,"height":600,"url":"https:\/\/medicinasinc.com\/da\/wp-content\/uploads\/sites\/8\/2022\/02\/Buy-Butalbital-Online.jpg","type":"image\/jpeg"}],"twitter_card":"summary_large_image","twitter_misc":{"Est. reading time":"2 minutes"},"schema":{"@context":"https:\/\/schema.org","@graph":[{"@type":"WebPage","@id":"https:\/\/medicinasinc.com\/da\/product\/kob-butalbital-online\/","url":"https:\/\/medicinasinc.com\/da\/product\/kob-butalbital-online\/","name":"K\u00f8b Butalbital Online - Bedste bedste globale medicin","isPartOf":{"@id":"https:\/\/medicinasinc.com\/da\/#website"},"primaryImageOfPage":{"@id":"https:\/\/medicinasinc.com\/da\/product\/kob-butalbital-online\/#primaryimage"},"image":{"@id":"https:\/\/medicinasinc.com\/da\/product\/kob-butalbital-online\/#primaryimage"},"thumbnailUrl":"https:\/\/medicinasinc.com\/da\/wp-content\/uploads\/sites\/8\/2022\/02\/Buy-Butalbital-Online.jpg","datePublished":"2022-02-22T06:59:00+00:00","dateModified":"2022-03-19T21:14:47+00:00","breadcrumb":{"@id":"https:\/\/medicinasinc.com\/da\/product\/kob-butalbital-online\/#breadcrumb"},"inLanguage":"en-US","potentialAction":[{"@type":"ReadAction","target":["https:\/\/medicinasinc.com\/da\/product\/kob-butalbital-online\/"]}]},{"@type":"ImageObject","inLanguage":"en-US","@id":"https:\/\/medicinasinc.com\/da\/product\/kob-butalbital-online\/#primaryimage","url":"https:\/\/medicinasinc.com\/da\/wp-content\/uploads\/sites\/8\/2022\/02\/Buy-Butalbital-Online.jpg","contentUrl":"https:\/\/medicinasinc.com\/da\/wp-content\/uploads\/sites\/8\/2022\/02\/Buy-Butalbital-Online.jpg","width":600,"height":600},{"@type":"BreadcrumbList","@id":"https:\/\/medicinasinc.com\/da\/product\/kob-butalbital-online\/#breadcrumb","itemListElement":[{"@type":"ListItem","position":1,"name":"Butik","item":"https:\/\/medicinasinc.com\/da\/butik\/"},{"@type":"ListItem","position":2,"name":"K\u00f8b Butalbital online"}]},{"@type":"WebSite","@id":"https:\/\/medicinasinc.com\/da\/#website","url":"https:\/\/medicinasinc.com\/da\/","name":"Medicinas Inc","description":"Health Medical Clinic","potentialAction":[{"@type":"SearchAction","target":{"@type":"EntryPoint","urlTemplate":"https:\/\/medicinasinc.com\/da\/?s={search_term_string}"},"query-input":{"@type":"PropertyValueSpecification","valueRequired":true,"valueName":"search_term_string"}}],"inLanguage":"en-US"}]}},"_links":{"self":[{"href":"https:\/\/medicinasinc.com\/da\/wp-json\/wp\/v2\/product\/5828","targetHints":{"allow":["GET"]}}],"collection":[{"href":"https:\/\/medicinasinc.com\/da\/wp-json\/wp\/v2\/product"}],"about":[{"href":"https:\/\/medicinasinc.com\/da\/wp-json\/wp\/v2\/types\/product"}],"replies":[{"embeddable":true,"href":"https:\/\/medicinasinc.com\/da\/wp-json\/wp\/v2\/comments?post=5828"}],"wp:featuredmedia":[{"embeddable":true,"href":"https:\/\/medicinasinc.com\/da\/wp-json\/wp\/v2\/media\/5838"}],"wp:attachment":[{"href":"https:\/\/medicinasinc.com\/da\/wp-json\/wp\/v2\/media?parent=5828"}],"wp:term":[{"taxonomy":"product_brand","embeddable":true,"href":"https:\/\/medicinasinc.com\/da\/wp-json\/wp\/v2\/product_brand?post=5828"},{"taxonomy":"product_cat","embeddable":true,"href":"https:\/\/medicinasinc.com\/da\/wp-json\/wp\/v2\/product_cat?post=5828"},{"taxonomy":"product_tag","embeddable":true,"href":"https:\/\/medicinasinc.com\/da\/wp-json\/wp\/v2\/product_tag?post=5828"}],"curies":[{"name":"wp","href":"https:\/\/api.w.org\/{rel}","templated":true}]}}