{"id":5822,"date":"2022-02-22T06:52:56","date_gmt":"2022-02-22T06:52:56","guid":{"rendered":"https:\/\/medicinasinc.com\/da\/?post_type=product&#038;p=5822"},"modified":"2022-03-20T00:26:27","modified_gmt":"2022-03-20T00:26:27","slug":"kob-nembutal-pentobarbital","status":"publish","type":"product","link":"https:\/\/medicinasinc.com\/da\/product\/kob-nembutal-pentobarbital\/","title":{"rendered":"K\u00f8b Nembutal Pentobarbital"},"content":{"rendered":"<p>Online k\u00f8b af Nembutal Pentobarbital fra The Best Global Meds<\/p>\n<p>Online Nembutal Pharmacy er den eneste velrenommerede kilde til at k\u00f8be Nembutal Pentobarbital online til de lavest mulige omkostninger.<\/p>\n<p>S\u00e5 snart vi modtager dine ordredata, begynder vi forberedelsesprocessen, efterfulgt af levering. Vores teammedlemmer vil sikkert pakke din medicin og hurtigt levere dem til dig. Du kan forvente intet mindre end det bedste fra os med hensyn til kvaliteten og aktualiteten af \u200b\u200bNembutal Pentobarbital.<\/p>\n<p>Hvad skal du k\u00f8be, n\u00e5r du k\u00f8ber Nembutal Pentobarbital? Hvilket sted er det passende at k\u00f8be det?<\/p>\n<p>Nembutal Pentobarbital er en effektiv anfaldsmedicin, der typisk bruges sammen med anden receptpligtig medicin. Hvis du har en anfaldssygdom, er denne medicin perfekt til dig. Du kan g\u00e5 din dag med fuld vitalitet uden at bekymre dig om anfaldsepisoden. Det har en effekt p\u00e5 adskillige omr\u00e5der af hjernen, hvilket resulterer i en tilstand af sindsro i kroppen.<\/p>\n<p>Nembutal Pentobarbital Online Pharmacy er det bedste sted at k\u00f8be Nembutal Pentobarbital online til den laveste pris. Dette l\u00e6gemiddel s\u00e6lges her i den bedst mulige stand og med den st\u00f8rste omhu. Al vores medicin er laboratorietestet og udsat for en r\u00e6kke tests. Vi har indg\u00e5et et samarbejde med verdens f\u00f8rende l\u00e6gemiddelproducenter. Hvis du f\u00e5r medicin fra os, er der ingen grund til at bekymre dig om noget. Du vil uden tvivl modtage den st\u00f8rst mulige omsorg for dit helbred!<\/p>\n","protected":false},"excerpt":{"rendered":"<p>Hvilke Nembutal Phenobarbital doseringsformer har du brug for?<\/p>\n<p>Alle i verden kan k\u00f8be Nembutal online fra et onlineapotek. N\u00e5r som helst, hvor som helst, kan du kontakte os. Eventuelle sp\u00f8rgsm\u00e5l eller bekymringer, som vores kunder har, vil omg\u00e5ende blive behandlet af en af \u200b\u200bvores kundeservicerepr\u00e6sentanter. Kvaliteten af \u200b\u200bdin medicin eller status for din levering er aldrig et problem, n\u00e5r du arbejder med os. Nembutal Phenobarbital til salg kan k\u00f8bes via telefon, e-mail eller sms. Nu er det tid til at oprette forbindelse!<\/p>\n","protected":false},"featured_media":5832,"comment_status":"open","ping_status":"closed","template":"","meta":[],"product_brand":[],"product_cat":[3818],"product_tag":[],"class_list":{"0":"post-5822","1":"product","2":"type-product","3":"status-publish","4":"has-post-thumbnail","6":"product_cat-pentobarbital-til-salg","8":"first","9":"instock","10":"shipping-taxable","11":"purchasable","12":"product-type-variable"},"yoast_head":"<!-- This site is optimized with the Yoast SEO plugin v27.3 - https:\/\/yoast.com\/product\/yoast-seo-wordpress\/ -->\n<title>K\u00f8b Nembutal Pentobarbital - Bedste globale medicin<\/title>\n<meta name=\"robots\" content=\"index, follow, max-snippet:-1, max-image-preview:large, max-video-preview:-1\" \/>\n<link rel=\"canonical\" href=\"https:\/\/medicinasinc.com\/da\/product\/kob-nembutal-pentobarbital\/\" \/>\n<meta property=\"og:locale\" content=\"en_US\" \/>\n<meta property=\"og:type\" content=\"article\" \/>\n<meta property=\"og:title\" content=\"K\u00f8b Nembutal Pentobarbital - Bedste globale medicin\" \/>\n<meta property=\"og:description\" content=\"Hvilke Nembutal Phenobarbital doseringsformer har du brug for? Alle i verden kan k\u00f8be Nembutal online fra et onlineapotek. N\u00e5r som helst, hvor som helst, kan du kontakte os. Eventuelle sp\u00f8rgsm\u00e5l eller bekymringer, som vores kunder har, vil omg\u00e5ende blive behandlet af en af \u200b\u200bvores kundeservicerepr\u00e6sentanter. Kvaliteten af \u200b\u200bdin medicin eller status for din levering er aldrig et problem, n\u00e5r du arbejder med os. Nembutal Phenobarbital til salg kan k\u00f8bes via telefon, e-mail eller sms. Nu er det tid til at oprette forbindelse!\" \/>\n<meta property=\"og:url\" content=\"https:\/\/medicinasinc.com\/da\/product\/kob-nembutal-pentobarbital\/\" \/>\n<meta property=\"og:site_name\" content=\"Medicinas Inc\" \/>\n<meta property=\"article:modified_time\" content=\"2022-03-20T00:26:27+00:00\" \/>\n<meta property=\"og:image\" content=\"https:\/\/medicinasinc.com\/da\/wp-content\/uploads\/sites\/8\/2022\/02\/buy-Nembutal-Pentobarbital-1.jpg\" \/>\n\t<meta property=\"og:image:width\" content=\"600\" \/>\n\t<meta property=\"og:image:height\" content=\"600\" \/>\n\t<meta property=\"og:image:type\" content=\"image\/jpeg\" \/>\n<meta name=\"twitter:card\" content=\"summary_large_image\" \/>\n<meta name=\"twitter:label1\" content=\"Est. reading time\" \/>\n\t<meta name=\"twitter:data1\" content=\"2 minutes\" \/>\n<script type=\"application\/ld+json\" class=\"yoast-schema-graph\">{\"@context\":\"https:\\\/\\\/schema.org\",\"@graph\":[{\"@type\":\"WebPage\",\"@id\":\"https:\\\/\\\/medicinasinc.com\\\/da\\\/product\\\/kob-nembutal-pentobarbital\\\/\",\"url\":\"https:\\\/\\\/medicinasinc.com\\\/da\\\/product\\\/kob-nembutal-pentobarbital\\\/\",\"name\":\"K\u00f8b Nembutal Pentobarbital - Bedste globale medicin\",\"isPartOf\":{\"@id\":\"https:\\\/\\\/medicinasinc.com\\\/da\\\/#website\"},\"primaryImageOfPage\":{\"@id\":\"https:\\\/\\\/medicinasinc.com\\\/da\\\/product\\\/kob-nembutal-pentobarbital\\\/#primaryimage\"},\"image\":{\"@id\":\"https:\\\/\\\/medicinasinc.com\\\/da\\\/product\\\/kob-nembutal-pentobarbital\\\/#primaryimage\"},\"thumbnailUrl\":\"https:\\\/\\\/medicinasinc.com\\\/da\\\/wp-content\\\/uploads\\\/sites\\\/8\\\/2022\\\/02\\\/buy-Nembutal-Pentobarbital-1.jpg\",\"datePublished\":\"2022-02-22T06:52:56+00:00\",\"dateModified\":\"2022-03-20T00:26:27+00:00\",\"breadcrumb\":{\"@id\":\"https:\\\/\\\/medicinasinc.com\\\/da\\\/product\\\/kob-nembutal-pentobarbital\\\/#breadcrumb\"},\"inLanguage\":\"en-US\",\"potentialAction\":[{\"@type\":\"ReadAction\",\"target\":[\"https:\\\/\\\/medicinasinc.com\\\/da\\\/product\\\/kob-nembutal-pentobarbital\\\/\"]}]},{\"@type\":\"ImageObject\",\"inLanguage\":\"en-US\",\"@id\":\"https:\\\/\\\/medicinasinc.com\\\/da\\\/product\\\/kob-nembutal-pentobarbital\\\/#primaryimage\",\"url\":\"https:\\\/\\\/medicinasinc.com\\\/da\\\/wp-content\\\/uploads\\\/sites\\\/8\\\/2022\\\/02\\\/buy-Nembutal-Pentobarbital-1.jpg\",\"contentUrl\":\"https:\\\/\\\/medicinasinc.com\\\/da\\\/wp-content\\\/uploads\\\/sites\\\/8\\\/2022\\\/02\\\/buy-Nembutal-Pentobarbital-1.jpg\",\"width\":600,\"height\":600},{\"@type\":\"BreadcrumbList\",\"@id\":\"https:\\\/\\\/medicinasinc.com\\\/da\\\/product\\\/kob-nembutal-pentobarbital\\\/#breadcrumb\",\"itemListElement\":[{\"@type\":\"ListItem\",\"position\":1,\"name\":\"Butik\",\"item\":\"https:\\\/\\\/medicinasinc.com\\\/da\\\/butik\\\/\"},{\"@type\":\"ListItem\",\"position\":2,\"name\":\"K\u00f8b Nembutal Pentobarbital\"}]},{\"@type\":\"WebSite\",\"@id\":\"https:\\\/\\\/medicinasinc.com\\\/da\\\/#website\",\"url\":\"https:\\\/\\\/medicinasinc.com\\\/da\\\/\",\"name\":\"Medicinas Inc\",\"description\":\"Health Medical Clinic\",\"potentialAction\":[{\"@type\":\"SearchAction\",\"target\":{\"@type\":\"EntryPoint\",\"urlTemplate\":\"https:\\\/\\\/medicinasinc.com\\\/da\\\/?s={search_term_string}\"},\"query-input\":{\"@type\":\"PropertyValueSpecification\",\"valueRequired\":true,\"valueName\":\"search_term_string\"}}],\"inLanguage\":\"en-US\"}]}<\/script>\n<!-- \/ Yoast SEO plugin. -->","yoast_head_json":{"title":"K\u00f8b Nembutal Pentobarbital - Bedste globale medicin","robots":{"index":"index","follow":"follow","max-snippet":"max-snippet:-1","max-image-preview":"max-image-preview:large","max-video-preview":"max-video-preview:-1"},"canonical":"https:\/\/medicinasinc.com\/da\/product\/kob-nembutal-pentobarbital\/","og_locale":"en_US","og_type":"article","og_title":"K\u00f8b Nembutal Pentobarbital - Bedste globale medicin","og_description":"Hvilke Nembutal Phenobarbital doseringsformer har du brug for? Alle i verden kan k\u00f8be Nembutal online fra et onlineapotek. N\u00e5r som helst, hvor som helst, kan du kontakte os. Eventuelle sp\u00f8rgsm\u00e5l eller bekymringer, som vores kunder har, vil omg\u00e5ende blive behandlet af en af \u200b\u200bvores kundeservicerepr\u00e6sentanter. Kvaliteten af \u200b\u200bdin medicin eller status for din levering er aldrig et problem, n\u00e5r du arbejder med os. Nembutal Phenobarbital til salg kan k\u00f8bes via telefon, e-mail eller sms. Nu er det tid til at oprette forbindelse!","og_url":"https:\/\/medicinasinc.com\/da\/product\/kob-nembutal-pentobarbital\/","og_site_name":"Medicinas Inc","article_modified_time":"2022-03-20T00:26:27+00:00","og_image":[{"width":600,"height":600,"url":"https:\/\/medicinasinc.com\/da\/wp-content\/uploads\/sites\/8\/2022\/02\/buy-Nembutal-Pentobarbital-1.jpg","type":"image\/jpeg"}],"twitter_card":"summary_large_image","twitter_misc":{"Est. reading time":"2 minutes"},"schema":{"@context":"https:\/\/schema.org","@graph":[{"@type":"WebPage","@id":"https:\/\/medicinasinc.com\/da\/product\/kob-nembutal-pentobarbital\/","url":"https:\/\/medicinasinc.com\/da\/product\/kob-nembutal-pentobarbital\/","name":"K\u00f8b Nembutal Pentobarbital - Bedste globale medicin","isPartOf":{"@id":"https:\/\/medicinasinc.com\/da\/#website"},"primaryImageOfPage":{"@id":"https:\/\/medicinasinc.com\/da\/product\/kob-nembutal-pentobarbital\/#primaryimage"},"image":{"@id":"https:\/\/medicinasinc.com\/da\/product\/kob-nembutal-pentobarbital\/#primaryimage"},"thumbnailUrl":"https:\/\/medicinasinc.com\/da\/wp-content\/uploads\/sites\/8\/2022\/02\/buy-Nembutal-Pentobarbital-1.jpg","datePublished":"2022-02-22T06:52:56+00:00","dateModified":"2022-03-20T00:26:27+00:00","breadcrumb":{"@id":"https:\/\/medicinasinc.com\/da\/product\/kob-nembutal-pentobarbital\/#breadcrumb"},"inLanguage":"en-US","potentialAction":[{"@type":"ReadAction","target":["https:\/\/medicinasinc.com\/da\/product\/kob-nembutal-pentobarbital\/"]}]},{"@type":"ImageObject","inLanguage":"en-US","@id":"https:\/\/medicinasinc.com\/da\/product\/kob-nembutal-pentobarbital\/#primaryimage","url":"https:\/\/medicinasinc.com\/da\/wp-content\/uploads\/sites\/8\/2022\/02\/buy-Nembutal-Pentobarbital-1.jpg","contentUrl":"https:\/\/medicinasinc.com\/da\/wp-content\/uploads\/sites\/8\/2022\/02\/buy-Nembutal-Pentobarbital-1.jpg","width":600,"height":600},{"@type":"BreadcrumbList","@id":"https:\/\/medicinasinc.com\/da\/product\/kob-nembutal-pentobarbital\/#breadcrumb","itemListElement":[{"@type":"ListItem","position":1,"name":"Butik","item":"https:\/\/medicinasinc.com\/da\/butik\/"},{"@type":"ListItem","position":2,"name":"K\u00f8b Nembutal Pentobarbital"}]},{"@type":"WebSite","@id":"https:\/\/medicinasinc.com\/da\/#website","url":"https:\/\/medicinasinc.com\/da\/","name":"Medicinas Inc","description":"Health Medical Clinic","potentialAction":[{"@type":"SearchAction","target":{"@type":"EntryPoint","urlTemplate":"https:\/\/medicinasinc.com\/da\/?s={search_term_string}"},"query-input":{"@type":"PropertyValueSpecification","valueRequired":true,"valueName":"search_term_string"}}],"inLanguage":"en-US"}]}},"_links":{"self":[{"href":"https:\/\/medicinasinc.com\/da\/wp-json\/wp\/v2\/product\/5822","targetHints":{"allow":["GET"]}}],"collection":[{"href":"https:\/\/medicinasinc.com\/da\/wp-json\/wp\/v2\/product"}],"about":[{"href":"https:\/\/medicinasinc.com\/da\/wp-json\/wp\/v2\/types\/product"}],"replies":[{"embeddable":true,"href":"https:\/\/medicinasinc.com\/da\/wp-json\/wp\/v2\/comments?post=5822"}],"wp:featuredmedia":[{"embeddable":true,"href":"https:\/\/medicinasinc.com\/da\/wp-json\/wp\/v2\/media\/5832"}],"wp:attachment":[{"href":"https:\/\/medicinasinc.com\/da\/wp-json\/wp\/v2\/media?parent=5822"}],"wp:term":[{"taxonomy":"product_brand","embeddable":true,"href":"https:\/\/medicinasinc.com\/da\/wp-json\/wp\/v2\/product_brand?post=5822"},{"taxonomy":"product_cat","embeddable":true,"href":"https:\/\/medicinasinc.com\/da\/wp-json\/wp\/v2\/product_cat?post=5822"},{"taxonomy":"product_tag","embeddable":true,"href":"https:\/\/medicinasinc.com\/da\/wp-json\/wp\/v2\/product_tag?post=5822"}],"curies":[{"name":"wp","href":"https:\/\/api.w.org\/{rel}","templated":true}]}}