{"id":5816,"date":"2022-02-22T06:47:51","date_gmt":"2022-02-22T06:47:51","guid":{"rendered":"https:\/\/medicinasinc.com\/da\/?post_type=product&#038;p=5816"},"modified":"2022-03-20T00:26:35","modified_gmt":"2022-03-20T00:26:35","slug":"kob-nembutal-piller","status":"publish","type":"product","link":"https:\/\/medicinasinc.com\/da\/product\/kob-nembutal-piller\/","title":{"rendered":"K\u00f8b Nembutal piller"},"content":{"rendered":"<p>Nembutal-piller til salg fra det bedste onlineapotek til lave priser<\/p>\n<p>Du kan nu k\u00f8be Nembutal-tabletter hos Best Global Meds og bruge dem til deres fulde potentiale for dit helbred. Vi tager din ordre i betragtning og s\u00f8rger for, at den n\u00e5r derhen, hvor den skal hen. Hvis du gerne vil k\u00f8be Nembutal-piller til salg, s\u00e5 kontakt os i dag.<\/p>\n<p>Vi er i stand til at levere Nembutal-tabletter p\u00e5 en pr\u00e6cis metode p\u00e5 grund af vores fantastiske ry i branchen. For at sikre, at vores kunder modtager deres ordrer s\u00e5 hurtigt som muligt, anvender vi en enkel og hensigtsm\u00e6ssig forsendelsesproces. Vi g\u00f8r alt for at sikre, at vores kunder ikke skal vente p\u00e5 deres produkter.<\/p>\n<p>Som et professionelt onlineapotek g\u00e5r vi ikke glip af et slag, n\u00e5r det kommer til at sikre, at din ordre ankommer til tiden . For at sikre, at intet bliver overset, overv\u00e5ger et medlem af vores team alt 24 timer i d\u00f8gnet. Vi \u00f8nsker, at vores forbrugere skal have den st\u00f8rst mulige omsorg for deres velv\u00e6re.<\/p>\n<p>Hvad er form\u00e5let med Nembutal-piller?<\/p>\n<p>At k\u00f8be Nembutal-piller fra en lokal apotek eller apotek vil ikke f\u00e5 du simpelthen noget gammelt stof. Ved behandling af s\u00f8vnmangel er det et narkotikum, der bruges i h\u00f8je doser. Patienter p\u00e5 hospitaler og medicinske klinikker bliver lagt i s\u00f8vn med Nembutal-piller af l\u00e6ger og kirurger for at forts\u00e6tte med processen. For dem, der har brug for Nembutal-piller, kan du kontakte Online Nembutal Pharmacy, et top-tier internetapotek. Her finder du det bedste af det bedste. Kontakt os med det samme!<\/p>\n","protected":false},"excerpt":{"rendered":"<p>Hvordan finder man det bedste onlineapotek til at k\u00f8be Nembutal-piller?<\/p>\n<p>K\u00f8b Nembutal [Piller fra vores udvalg af Pentobarbital-natrium-piller og -injektioner, barbiturater-medicin og Nembutal til salg i n\u00e6rheden af \u200b\u200bmig med sikker transport.<\/p>\n<p>Hvis du er usikker p\u00e5, hvordan du f\u00e5r forbindelse til det bedste onlineapotek for at k\u00f8be Nembutal-tabletter online, er Pentobarbital Global Meds altid tilg\u00e6ngelig til at hj\u00e6lpe dig. Vi er her for at hj\u00e6lpe dig med at k\u00f8be Nembutal-piller online til den lavest mulige pris. Du kan afgive din ordre her og vente p\u00e5, at den bliver gennemf\u00f8rt rettidigt. Vi forsinker ikke leveringen p\u00e5 nogen m\u00e5de, der er un\u00f8dvendig. Kontakt os med det samme!<\/p>\n","protected":false},"featured_media":5826,"comment_status":"open","ping_status":"closed","template":"","meta":[],"product_brand":[],"product_cat":[3818],"product_tag":[3871,3825,3832,3837,3915,3839,3857,3864,3858,3861,3862,3859,3860,3863,3868,3867,3865],"class_list":{"0":"post-5816","1":"product","2":"type-product","3":"status-publish","4":"has-post-thumbnail","6":"product_cat-pentobarbital-til-salg","7":"product_tag-bestille-nembutal-piller","8":"product_tag-buy-nembutal-pills-online","9":"product_tag-can-i-order-nembutal-online","10":"product_tag-how-can-i-order-nembutal-pills","11":"product_tag-hvor-kan-jeg-kbe-nembutal-piller","12":"product_tag-hvordan-kan-jeg-tage-nembutal","13":"product_tag-nembutal-piller","14":"product_tag-nembutal-piller-dosis","15":"product_tag-nembutal-piller-kb","16":"product_tag-nembutal-piller-kb-europa","17":"product_tag-nembutal-piller-kb-online","18":"product_tag-nembutal-piller-kb-australien","19":"product_tag-nembutal-piller-kb-strig","20":"product_tag-nembutal-piller-kb-dk","21":"product_tag-nembutal-piller-leverandr","22":"product_tag-nembutal-piller-overdosis","23":"product_tag-nembutal-piller-til-salg","25":"first","26":"instock","27":"shipping-taxable","28":"purchasable","29":"product-type-variable"},"yoast_head":"<!-- This site is optimized with the Yoast SEO plugin v27.3 - https:\/\/yoast.com\/product\/yoast-seo-wordpress\/ -->\n<title>K\u00f8b Nembutal-piller - Bedste bedste globale medicin<\/title>\n<meta name=\"description\" content=\"K\u00f8b Nembutal [Piller fra vores Pentobarbital Sodium piller &amp; injektioner, barbiturater og Nembutal til salg i n\u00e6rheden af \u200b\u200bmig med sikker forsendelse.\" \/>\n<meta name=\"robots\" content=\"index, follow, max-snippet:-1, max-image-preview:large, max-video-preview:-1\" \/>\n<link rel=\"canonical\" href=\"https:\/\/medicinasinc.com\/da\/product\/kob-nembutal-piller\/\" \/>\n<meta property=\"og:locale\" content=\"en_US\" \/>\n<meta property=\"og:type\" content=\"article\" \/>\n<meta property=\"og:title\" content=\"K\u00f8b Nembutal-piller - Bedste bedste globale medicin\" \/>\n<meta property=\"og:description\" content=\"K\u00f8b Nembutal [Piller fra vores Pentobarbital Sodium piller &amp; injektioner, barbiturater og Nembutal til salg i n\u00e6rheden af \u200b\u200bmig med sikker forsendelse.\" \/>\n<meta property=\"og:url\" content=\"https:\/\/medicinasinc.com\/da\/product\/kob-nembutal-piller\/\" \/>\n<meta property=\"og:site_name\" content=\"Medicinas Inc\" \/>\n<meta property=\"article:modified_time\" content=\"2022-03-20T00:26:35+00:00\" \/>\n<meta property=\"og:image\" content=\"https:\/\/medicinasinc.com\/da\/wp-content\/uploads\/sites\/8\/2022\/02\/Buy-Nembutal-Pills.jpg\" \/>\n\t<meta property=\"og:image:width\" content=\"600\" \/>\n\t<meta property=\"og:image:height\" content=\"600\" \/>\n\t<meta property=\"og:image:type\" content=\"image\/jpeg\" \/>\n<meta name=\"twitter:card\" content=\"summary_large_image\" \/>\n<meta name=\"twitter:label1\" content=\"Est. reading time\" \/>\n\t<meta name=\"twitter:data1\" content=\"2 minutes\" \/>\n<script type=\"application\/ld+json\" class=\"yoast-schema-graph\">{\"@context\":\"https:\\\/\\\/schema.org\",\"@graph\":[{\"@type\":\"WebPage\",\"@id\":\"https:\\\/\\\/medicinasinc.com\\\/da\\\/product\\\/kob-nembutal-piller\\\/\",\"url\":\"https:\\\/\\\/medicinasinc.com\\\/da\\\/product\\\/kob-nembutal-piller\\\/\",\"name\":\"K\u00f8b Nembutal-piller - Bedste bedste globale medicin\",\"isPartOf\":{\"@id\":\"https:\\\/\\\/medicinasinc.com\\\/da\\\/#website\"},\"primaryImageOfPage\":{\"@id\":\"https:\\\/\\\/medicinasinc.com\\\/da\\\/product\\\/kob-nembutal-piller\\\/#primaryimage\"},\"image\":{\"@id\":\"https:\\\/\\\/medicinasinc.com\\\/da\\\/product\\\/kob-nembutal-piller\\\/#primaryimage\"},\"thumbnailUrl\":\"https:\\\/\\\/medicinasinc.com\\\/da\\\/wp-content\\\/uploads\\\/sites\\\/8\\\/2022\\\/02\\\/Buy-Nembutal-Pills.jpg\",\"datePublished\":\"2022-02-22T06:47:51+00:00\",\"dateModified\":\"2022-03-20T00:26:35+00:00\",\"description\":\"K\u00f8b Nembutal [Piller fra vores Pentobarbital Sodium piller &amp; injektioner, barbiturater og Nembutal til salg i n\u00e6rheden af \u200b\u200bmig med sikker forsendelse.\",\"breadcrumb\":{\"@id\":\"https:\\\/\\\/medicinasinc.com\\\/da\\\/product\\\/kob-nembutal-piller\\\/#breadcrumb\"},\"inLanguage\":\"en-US\",\"potentialAction\":[{\"@type\":\"ReadAction\",\"target\":[\"https:\\\/\\\/medicinasinc.com\\\/da\\\/product\\\/kob-nembutal-piller\\\/\"]}]},{\"@type\":\"ImageObject\",\"inLanguage\":\"en-US\",\"@id\":\"https:\\\/\\\/medicinasinc.com\\\/da\\\/product\\\/kob-nembutal-piller\\\/#primaryimage\",\"url\":\"https:\\\/\\\/medicinasinc.com\\\/da\\\/wp-content\\\/uploads\\\/sites\\\/8\\\/2022\\\/02\\\/Buy-Nembutal-Pills.jpg\",\"contentUrl\":\"https:\\\/\\\/medicinasinc.com\\\/da\\\/wp-content\\\/uploads\\\/sites\\\/8\\\/2022\\\/02\\\/Buy-Nembutal-Pills.jpg\",\"width\":600,\"height\":600},{\"@type\":\"BreadcrumbList\",\"@id\":\"https:\\\/\\\/medicinasinc.com\\\/da\\\/product\\\/kob-nembutal-piller\\\/#breadcrumb\",\"itemListElement\":[{\"@type\":\"ListItem\",\"position\":1,\"name\":\"Butik\",\"item\":\"https:\\\/\\\/medicinasinc.com\\\/da\\\/butik\\\/\"},{\"@type\":\"ListItem\",\"position\":2,\"name\":\"K\u00f8b Nembutal piller\"}]},{\"@type\":\"WebSite\",\"@id\":\"https:\\\/\\\/medicinasinc.com\\\/da\\\/#website\",\"url\":\"https:\\\/\\\/medicinasinc.com\\\/da\\\/\",\"name\":\"Medicinas Inc\",\"description\":\"Health Medical Clinic\",\"potentialAction\":[{\"@type\":\"SearchAction\",\"target\":{\"@type\":\"EntryPoint\",\"urlTemplate\":\"https:\\\/\\\/medicinasinc.com\\\/da\\\/?s={search_term_string}\"},\"query-input\":{\"@type\":\"PropertyValueSpecification\",\"valueRequired\":true,\"valueName\":\"search_term_string\"}}],\"inLanguage\":\"en-US\"}]}<\/script>\n<!-- \/ Yoast SEO plugin. -->","yoast_head_json":{"title":"K\u00f8b Nembutal-piller - Bedste bedste globale medicin","description":"K\u00f8b Nembutal [Piller fra vores Pentobarbital Sodium piller &amp; injektioner, barbiturater og Nembutal til salg i n\u00e6rheden af \u200b\u200bmig med sikker forsendelse.","robots":{"index":"index","follow":"follow","max-snippet":"max-snippet:-1","max-image-preview":"max-image-preview:large","max-video-preview":"max-video-preview:-1"},"canonical":"https:\/\/medicinasinc.com\/da\/product\/kob-nembutal-piller\/","og_locale":"en_US","og_type":"article","og_title":"K\u00f8b Nembutal-piller - Bedste bedste globale medicin","og_description":"K\u00f8b Nembutal [Piller fra vores Pentobarbital Sodium piller &amp; injektioner, barbiturater og Nembutal til salg i n\u00e6rheden af \u200b\u200bmig med sikker forsendelse.","og_url":"https:\/\/medicinasinc.com\/da\/product\/kob-nembutal-piller\/","og_site_name":"Medicinas Inc","article_modified_time":"2022-03-20T00:26:35+00:00","og_image":[{"width":600,"height":600,"url":"https:\/\/medicinasinc.com\/da\/wp-content\/uploads\/sites\/8\/2022\/02\/Buy-Nembutal-Pills.jpg","type":"image\/jpeg"}],"twitter_card":"summary_large_image","twitter_misc":{"Est. reading time":"2 minutes"},"schema":{"@context":"https:\/\/schema.org","@graph":[{"@type":"WebPage","@id":"https:\/\/medicinasinc.com\/da\/product\/kob-nembutal-piller\/","url":"https:\/\/medicinasinc.com\/da\/product\/kob-nembutal-piller\/","name":"K\u00f8b Nembutal-piller - Bedste bedste globale medicin","isPartOf":{"@id":"https:\/\/medicinasinc.com\/da\/#website"},"primaryImageOfPage":{"@id":"https:\/\/medicinasinc.com\/da\/product\/kob-nembutal-piller\/#primaryimage"},"image":{"@id":"https:\/\/medicinasinc.com\/da\/product\/kob-nembutal-piller\/#primaryimage"},"thumbnailUrl":"https:\/\/medicinasinc.com\/da\/wp-content\/uploads\/sites\/8\/2022\/02\/Buy-Nembutal-Pills.jpg","datePublished":"2022-02-22T06:47:51+00:00","dateModified":"2022-03-20T00:26:35+00:00","description":"K\u00f8b Nembutal [Piller fra vores Pentobarbital Sodium piller &amp; injektioner, barbiturater og Nembutal til salg i n\u00e6rheden af \u200b\u200bmig med sikker forsendelse.","breadcrumb":{"@id":"https:\/\/medicinasinc.com\/da\/product\/kob-nembutal-piller\/#breadcrumb"},"inLanguage":"en-US","potentialAction":[{"@type":"ReadAction","target":["https:\/\/medicinasinc.com\/da\/product\/kob-nembutal-piller\/"]}]},{"@type":"ImageObject","inLanguage":"en-US","@id":"https:\/\/medicinasinc.com\/da\/product\/kob-nembutal-piller\/#primaryimage","url":"https:\/\/medicinasinc.com\/da\/wp-content\/uploads\/sites\/8\/2022\/02\/Buy-Nembutal-Pills.jpg","contentUrl":"https:\/\/medicinasinc.com\/da\/wp-content\/uploads\/sites\/8\/2022\/02\/Buy-Nembutal-Pills.jpg","width":600,"height":600},{"@type":"BreadcrumbList","@id":"https:\/\/medicinasinc.com\/da\/product\/kob-nembutal-piller\/#breadcrumb","itemListElement":[{"@type":"ListItem","position":1,"name":"Butik","item":"https:\/\/medicinasinc.com\/da\/butik\/"},{"@type":"ListItem","position":2,"name":"K\u00f8b Nembutal piller"}]},{"@type":"WebSite","@id":"https:\/\/medicinasinc.com\/da\/#website","url":"https:\/\/medicinasinc.com\/da\/","name":"Medicinas Inc","description":"Health Medical Clinic","potentialAction":[{"@type":"SearchAction","target":{"@type":"EntryPoint","urlTemplate":"https:\/\/medicinasinc.com\/da\/?s={search_term_string}"},"query-input":{"@type":"PropertyValueSpecification","valueRequired":true,"valueName":"search_term_string"}}],"inLanguage":"en-US"}]}},"_links":{"self":[{"href":"https:\/\/medicinasinc.com\/da\/wp-json\/wp\/v2\/product\/5816","targetHints":{"allow":["GET"]}}],"collection":[{"href":"https:\/\/medicinasinc.com\/da\/wp-json\/wp\/v2\/product"}],"about":[{"href":"https:\/\/medicinasinc.com\/da\/wp-json\/wp\/v2\/types\/product"}],"replies":[{"embeddable":true,"href":"https:\/\/medicinasinc.com\/da\/wp-json\/wp\/v2\/comments?post=5816"}],"wp:featuredmedia":[{"embeddable":true,"href":"https:\/\/medicinasinc.com\/da\/wp-json\/wp\/v2\/media\/5826"}],"wp:attachment":[{"href":"https:\/\/medicinasinc.com\/da\/wp-json\/wp\/v2\/media?parent=5816"}],"wp:term":[{"taxonomy":"product_brand","embeddable":true,"href":"https:\/\/medicinasinc.com\/da\/wp-json\/wp\/v2\/product_brand?post=5816"},{"taxonomy":"product_cat","embeddable":true,"href":"https:\/\/medicinasinc.com\/da\/wp-json\/wp\/v2\/product_cat?post=5816"},{"taxonomy":"product_tag","embeddable":true,"href":"https:\/\/medicinasinc.com\/da\/wp-json\/wp\/v2\/product_tag?post=5816"}],"curies":[{"name":"wp","href":"https:\/\/api.w.org\/{rel}","templated":true}]}}