{"id":5810,"date":"2022-02-22T06:41:43","date_gmt":"2022-02-22T06:41:43","guid":{"rendered":"https:\/\/medicinasinc.com\/da\/?post_type=product&#038;p=5810"},"modified":"2022-03-20T00:26:42","modified_gmt":"2022-03-20T00:26:42","slug":"kob-nembutal-tabletter","status":"publish","type":"product","link":"https:\/\/medicinasinc.com\/da\/product\/kob-nembutal-tabletter\/","title":{"rendered":"K\u00f8b Nembutal-tabletter"},"content":{"rendered":"<p>Nembutal-tabletter til salg online til de laveste priser fra vores velrenommerede onlineapotek<\/p>\n<p>Online-platformen har gjort det enkelt og ligetil for alle at anskaffe Nembutal-tabletter. Hvis du ogs\u00e5 er interesseret i at k\u00f8be Nembutal-tabletter online, kan du kontakte Online Nembutal Pharmacy. Vores apotek er et engageret, p\u00e5lideligt og \u00f8konomisk sted, hvor du kan opfylde dine Nembutal-krav.<\/p>\n<p>Vi tror p\u00e5 vigtigheden af \u200b\u200bvarer af h\u00f8j kvalitet og str\u00e6ber efter at give dem til vores kunder. Vi vil straks fuldf\u00f8re din anmodning om at k\u00f8be Nembutal-tabletter online til den bedste pris. Vi vil ikke lade dig vente p\u00e5 ubestemt tid. Vores onlineapotek sender dine produkter omg\u00e5ende. Vores distributionssystem er diskret og sikkert. Vi giver ikke plads til fejl. Alle ordrer udf\u00f8res kyndigt her. K\u00f8b med det samme!<\/p>\n<p>Nembutal-tabletter &#8211; Uddan dig selv om dets sikre anvendelser med hj\u00e6lp fra vores professionelle team<\/p>\n<p>Nembutal-tabletter ordineres i vid udstr\u00e6kning til behandling af s\u00f8vnl\u00f8shed, sedation og anfaldssygdomme. I en lang periode har vi leveret Nembutal-tabletter til hele verden. I visse tilf\u00e6lde bruger kirurger denne medicin til at berolige patienter, f\u00f8r de udf\u00f8rer operation p\u00e5 dem. Vi udf\u00f8rer periodiske tests p\u00e5 disse tabletter for at sikre deres effektivitet.<\/p>\n<p>Vi inkluderer en medicinvejledning med Nembutal-tabletter. Dette hj\u00e6lper vores klienter med at administrere l\u00e6gemidlet korrekt og forst\u00e5 den passende dosis baseret p\u00e5 deres v\u00e6gt, alder og medicinske tilstand. Derudover mener vi, at Nembutal-tabletter er den nemmeste og mest effektive medicin til personer, der har sv\u00e6rt ved at sove.<\/p>\n<p>Vores fagfolk er der 24 timer i d\u00f8gnet for at hj\u00e6lpe dig med at forst\u00e5 alt vedr\u00f8rende Nembutal-tabletterne. Vores Nembutal-tabletter er rimelige priser. Du beh\u00f8ver dog ikke v\u00e6re bekymret over prisen p\u00e5 dette produkt. Bestil dine krav med det samme!<\/p>\n","protected":false},"excerpt":{"rendered":"<p>Hvordan kan vi hj\u00e6lpe dig med at k\u00f8be Nembutal-tabletter Phenobarbital til salg i Storbritannien, Europa online? Online Nembutal Pharmacy er tilg\u00e6ngeligt for alle mennesker globalt. Du kan n\u00e5 os n\u00e5r som helst og hvor som helst.<\/p>\n<p>P\u00e5 Online Nembutal Apotek kan du k\u00f8be Nembutal tabletter og f\u00e5 dem leveret til din angivne adresse inden for f\u00e5 dage. Nembutal tabletter skal tilf\u00f8jes til din online indk\u00f8bskurv for at gennemf\u00f8re transaktionen. G\u00e5 til betalingssektionen og betal for det, n\u00e5r du har tilf\u00f8jet det. Du vil v\u00e6re i stand til at afgive din ordre, s\u00e5 snart du har foretaget din betaling. Vi leverer din ordre til dig, s\u00e5 snart den er modtaget af vores onlineapotek. Afgiv din ordre p\u00e5 dette tidspunkt!<\/p>\n","protected":false},"featured_media":5820,"comment_status":"open","ping_status":"closed","template":"","meta":[],"product_brand":[],"product_cat":[3818],"product_tag":[],"class_list":{"0":"post-5810","1":"product","2":"type-product","3":"status-publish","4":"has-post-thumbnail","6":"product_cat-pentobarbital-til-salg","8":"first","9":"instock","10":"shipping-taxable","11":"purchasable","12":"product-type-variable"},"yoast_head":"<!-- This site is optimized with the Yoast SEO plugin v27.3 - https:\/\/yoast.com\/product\/yoast-seo-wordpress\/ -->\n<title>K\u00f8b Nembutal-tabletter - bedste globale medicin<\/title>\n<meta name=\"description\" content=\"Hvordan kan vi hj\u00e6lpe dig med at k\u00f8be Nembutal-tabletter Phenobarbital til salg i Storbritannien, Europa online? Online Nembutal Pharmacy er tilg\u00e6ngeligt for alle mennesker globalt. Du kan n\u00e5 os n\u00e5r som helst og hvor som helst.\" \/>\n<meta name=\"robots\" content=\"index, follow, max-snippet:-1, max-image-preview:large, max-video-preview:-1\" \/>\n<link rel=\"canonical\" href=\"https:\/\/medicinasinc.com\/da\/product\/kob-nembutal-tabletter\/\" \/>\n<meta property=\"og:locale\" content=\"en_US\" \/>\n<meta property=\"og:type\" content=\"article\" \/>\n<meta property=\"og:title\" content=\"K\u00f8b Nembutal-tabletter - bedste globale medicin\" \/>\n<meta property=\"og:description\" content=\"Hvordan kan vi hj\u00e6lpe dig med at k\u00f8be Nembutal-tabletter Phenobarbital til salg i Storbritannien, Europa online? Online Nembutal Pharmacy er tilg\u00e6ngeligt for alle mennesker globalt. Du kan n\u00e5 os n\u00e5r som helst og hvor som helst.\" \/>\n<meta property=\"og:url\" content=\"https:\/\/medicinasinc.com\/da\/product\/kob-nembutal-tabletter\/\" \/>\n<meta property=\"og:site_name\" content=\"Medicinas Inc\" \/>\n<meta property=\"article:modified_time\" content=\"2022-03-20T00:26:42+00:00\" \/>\n<meta property=\"og:image\" content=\"https:\/\/medicinasinc.com\/da\/wp-content\/uploads\/sites\/8\/2022\/02\/Buy-Nembutal-Tablets.jpg\" \/>\n\t<meta property=\"og:image:width\" content=\"600\" \/>\n\t<meta property=\"og:image:height\" content=\"600\" \/>\n\t<meta property=\"og:image:type\" content=\"image\/jpeg\" \/>\n<meta name=\"twitter:card\" content=\"summary_large_image\" \/>\n<meta name=\"twitter:label1\" content=\"Est. reading time\" \/>\n\t<meta name=\"twitter:data1\" content=\"2 minutes\" \/>\n<script type=\"application\/ld+json\" class=\"yoast-schema-graph\">{\"@context\":\"https:\\\/\\\/schema.org\",\"@graph\":[{\"@type\":\"WebPage\",\"@id\":\"https:\\\/\\\/medicinasinc.com\\\/da\\\/product\\\/kob-nembutal-tabletter\\\/\",\"url\":\"https:\\\/\\\/medicinasinc.com\\\/da\\\/product\\\/kob-nembutal-tabletter\\\/\",\"name\":\"K\u00f8b Nembutal-tabletter - bedste globale medicin\",\"isPartOf\":{\"@id\":\"https:\\\/\\\/medicinasinc.com\\\/da\\\/#website\"},\"primaryImageOfPage\":{\"@id\":\"https:\\\/\\\/medicinasinc.com\\\/da\\\/product\\\/kob-nembutal-tabletter\\\/#primaryimage\"},\"image\":{\"@id\":\"https:\\\/\\\/medicinasinc.com\\\/da\\\/product\\\/kob-nembutal-tabletter\\\/#primaryimage\"},\"thumbnailUrl\":\"https:\\\/\\\/medicinasinc.com\\\/da\\\/wp-content\\\/uploads\\\/sites\\\/8\\\/2022\\\/02\\\/Buy-Nembutal-Tablets.jpg\",\"datePublished\":\"2022-02-22T06:41:43+00:00\",\"dateModified\":\"2022-03-20T00:26:42+00:00\",\"description\":\"Hvordan kan vi hj\u00e6lpe dig med at k\u00f8be Nembutal-tabletter Phenobarbital til salg i Storbritannien, Europa online? Online Nembutal Pharmacy er tilg\u00e6ngeligt for alle mennesker globalt. Du kan n\u00e5 os n\u00e5r som helst og hvor som helst.\",\"breadcrumb\":{\"@id\":\"https:\\\/\\\/medicinasinc.com\\\/da\\\/product\\\/kob-nembutal-tabletter\\\/#breadcrumb\"},\"inLanguage\":\"en-US\",\"potentialAction\":[{\"@type\":\"ReadAction\",\"target\":[\"https:\\\/\\\/medicinasinc.com\\\/da\\\/product\\\/kob-nembutal-tabletter\\\/\"]}]},{\"@type\":\"ImageObject\",\"inLanguage\":\"en-US\",\"@id\":\"https:\\\/\\\/medicinasinc.com\\\/da\\\/product\\\/kob-nembutal-tabletter\\\/#primaryimage\",\"url\":\"https:\\\/\\\/medicinasinc.com\\\/da\\\/wp-content\\\/uploads\\\/sites\\\/8\\\/2022\\\/02\\\/Buy-Nembutal-Tablets.jpg\",\"contentUrl\":\"https:\\\/\\\/medicinasinc.com\\\/da\\\/wp-content\\\/uploads\\\/sites\\\/8\\\/2022\\\/02\\\/Buy-Nembutal-Tablets.jpg\",\"width\":600,\"height\":600},{\"@type\":\"BreadcrumbList\",\"@id\":\"https:\\\/\\\/medicinasinc.com\\\/da\\\/product\\\/kob-nembutal-tabletter\\\/#breadcrumb\",\"itemListElement\":[{\"@type\":\"ListItem\",\"position\":1,\"name\":\"Butik\",\"item\":\"https:\\\/\\\/medicinasinc.com\\\/da\\\/butik\\\/\"},{\"@type\":\"ListItem\",\"position\":2,\"name\":\"K\u00f8b Nembutal-tabletter\"}]},{\"@type\":\"WebSite\",\"@id\":\"https:\\\/\\\/medicinasinc.com\\\/da\\\/#website\",\"url\":\"https:\\\/\\\/medicinasinc.com\\\/da\\\/\",\"name\":\"Medicinas Inc\",\"description\":\"Health Medical Clinic\",\"potentialAction\":[{\"@type\":\"SearchAction\",\"target\":{\"@type\":\"EntryPoint\",\"urlTemplate\":\"https:\\\/\\\/medicinasinc.com\\\/da\\\/?s={search_term_string}\"},\"query-input\":{\"@type\":\"PropertyValueSpecification\",\"valueRequired\":true,\"valueName\":\"search_term_string\"}}],\"inLanguage\":\"en-US\"}]}<\/script>\n<!-- \/ Yoast SEO plugin. -->","yoast_head_json":{"title":"K\u00f8b Nembutal-tabletter - bedste globale medicin","description":"Hvordan kan vi hj\u00e6lpe dig med at k\u00f8be Nembutal-tabletter Phenobarbital til salg i Storbritannien, Europa online? Online Nembutal Pharmacy er tilg\u00e6ngeligt for alle mennesker globalt. Du kan n\u00e5 os n\u00e5r som helst og hvor som helst.","robots":{"index":"index","follow":"follow","max-snippet":"max-snippet:-1","max-image-preview":"max-image-preview:large","max-video-preview":"max-video-preview:-1"},"canonical":"https:\/\/medicinasinc.com\/da\/product\/kob-nembutal-tabletter\/","og_locale":"en_US","og_type":"article","og_title":"K\u00f8b Nembutal-tabletter - bedste globale medicin","og_description":"Hvordan kan vi hj\u00e6lpe dig med at k\u00f8be Nembutal-tabletter Phenobarbital til salg i Storbritannien, Europa online? Online Nembutal Pharmacy er tilg\u00e6ngeligt for alle mennesker globalt. Du kan n\u00e5 os n\u00e5r som helst og hvor som helst.","og_url":"https:\/\/medicinasinc.com\/da\/product\/kob-nembutal-tabletter\/","og_site_name":"Medicinas Inc","article_modified_time":"2022-03-20T00:26:42+00:00","og_image":[{"width":600,"height":600,"url":"https:\/\/medicinasinc.com\/da\/wp-content\/uploads\/sites\/8\/2022\/02\/Buy-Nembutal-Tablets.jpg","type":"image\/jpeg"}],"twitter_card":"summary_large_image","twitter_misc":{"Est. reading time":"2 minutes"},"schema":{"@context":"https:\/\/schema.org","@graph":[{"@type":"WebPage","@id":"https:\/\/medicinasinc.com\/da\/product\/kob-nembutal-tabletter\/","url":"https:\/\/medicinasinc.com\/da\/product\/kob-nembutal-tabletter\/","name":"K\u00f8b Nembutal-tabletter - bedste globale medicin","isPartOf":{"@id":"https:\/\/medicinasinc.com\/da\/#website"},"primaryImageOfPage":{"@id":"https:\/\/medicinasinc.com\/da\/product\/kob-nembutal-tabletter\/#primaryimage"},"image":{"@id":"https:\/\/medicinasinc.com\/da\/product\/kob-nembutal-tabletter\/#primaryimage"},"thumbnailUrl":"https:\/\/medicinasinc.com\/da\/wp-content\/uploads\/sites\/8\/2022\/02\/Buy-Nembutal-Tablets.jpg","datePublished":"2022-02-22T06:41:43+00:00","dateModified":"2022-03-20T00:26:42+00:00","description":"Hvordan kan vi hj\u00e6lpe dig med at k\u00f8be Nembutal-tabletter Phenobarbital til salg i Storbritannien, Europa online? Online Nembutal Pharmacy er tilg\u00e6ngeligt for alle mennesker globalt. Du kan n\u00e5 os n\u00e5r som helst og hvor som helst.","breadcrumb":{"@id":"https:\/\/medicinasinc.com\/da\/product\/kob-nembutal-tabletter\/#breadcrumb"},"inLanguage":"en-US","potentialAction":[{"@type":"ReadAction","target":["https:\/\/medicinasinc.com\/da\/product\/kob-nembutal-tabletter\/"]}]},{"@type":"ImageObject","inLanguage":"en-US","@id":"https:\/\/medicinasinc.com\/da\/product\/kob-nembutal-tabletter\/#primaryimage","url":"https:\/\/medicinasinc.com\/da\/wp-content\/uploads\/sites\/8\/2022\/02\/Buy-Nembutal-Tablets.jpg","contentUrl":"https:\/\/medicinasinc.com\/da\/wp-content\/uploads\/sites\/8\/2022\/02\/Buy-Nembutal-Tablets.jpg","width":600,"height":600},{"@type":"BreadcrumbList","@id":"https:\/\/medicinasinc.com\/da\/product\/kob-nembutal-tabletter\/#breadcrumb","itemListElement":[{"@type":"ListItem","position":1,"name":"Butik","item":"https:\/\/medicinasinc.com\/da\/butik\/"},{"@type":"ListItem","position":2,"name":"K\u00f8b Nembutal-tabletter"}]},{"@type":"WebSite","@id":"https:\/\/medicinasinc.com\/da\/#website","url":"https:\/\/medicinasinc.com\/da\/","name":"Medicinas Inc","description":"Health Medical Clinic","potentialAction":[{"@type":"SearchAction","target":{"@type":"EntryPoint","urlTemplate":"https:\/\/medicinasinc.com\/da\/?s={search_term_string}"},"query-input":{"@type":"PropertyValueSpecification","valueRequired":true,"valueName":"search_term_string"}}],"inLanguage":"en-US"}]}},"_links":{"self":[{"href":"https:\/\/medicinasinc.com\/da\/wp-json\/wp\/v2\/product\/5810","targetHints":{"allow":["GET"]}}],"collection":[{"href":"https:\/\/medicinasinc.com\/da\/wp-json\/wp\/v2\/product"}],"about":[{"href":"https:\/\/medicinasinc.com\/da\/wp-json\/wp\/v2\/types\/product"}],"replies":[{"embeddable":true,"href":"https:\/\/medicinasinc.com\/da\/wp-json\/wp\/v2\/comments?post=5810"}],"wp:featuredmedia":[{"embeddable":true,"href":"https:\/\/medicinasinc.com\/da\/wp-json\/wp\/v2\/media\/5820"}],"wp:attachment":[{"href":"https:\/\/medicinasinc.com\/da\/wp-json\/wp\/v2\/media?parent=5810"}],"wp:term":[{"taxonomy":"product_brand","embeddable":true,"href":"https:\/\/medicinasinc.com\/da\/wp-json\/wp\/v2\/product_brand?post=5810"},{"taxonomy":"product_cat","embeddable":true,"href":"https:\/\/medicinasinc.com\/da\/wp-json\/wp\/v2\/product_cat?post=5810"},{"taxonomy":"product_tag","embeddable":true,"href":"https:\/\/medicinasinc.com\/da\/wp-json\/wp\/v2\/product_tag?post=5810"}],"curies":[{"name":"wp","href":"https:\/\/api.w.org\/{rel}","templated":true}]}}