{"id":5804,"date":"2022-02-22T06:35:00","date_gmt":"2022-02-22T06:35:00","guid":{"rendered":"https:\/\/medicinasinc.com\/da\/?post_type=product&#038;p=5804"},"modified":"2022-03-20T00:26:50","modified_gmt":"2022-03-20T00:26:50","slug":"kob-pentobarbital-natrium-online","status":"publish","type":"product","link":"https:\/\/medicinasinc.com\/da\/product\/kob-pentobarbital-natrium-online\/","title":{"rendered":"K\u00f8b Pentobarbital Sodium Online"},"content":{"rendered":"<p>K\u00f8b Pentobarbital Natrium online.<\/p>\n<p>En intraven\u00f8s eller intramuskul\u00e6r injektion af NEMBUTAL Natriumopl\u00f8sning (pentobarbitalnatriuminjektion) er sikker og nem at bruge denne sterile opl\u00f8sning. Til injektion omfatter hver milliliter 50 milligram natriumpentobarbital opl\u00f8st i propylenglycol 40 procent, ethanol 10 procent og vand. Med saltsyre eller natriumhydroxid kan pH-v\u00e6rdien bringes op p\u00e5 9,5. Det kan injiceres i patientens muskel eller vene. Onlinek\u00f8b af natriumpentobarbital til aflivning af dyr, natriumpentobarbital til aflivning af dyr, natriumpentobarbitalgruppe, natriumpentobarbitalv\u00e6ske.<\/p>\n<p>Hos Best Global Meds kan du nu k\u00f8be natriumpentobarbital online. Bestil Pentobarbital Sodium Injection online og f\u00e5 det leveret til dit d\u00f8rtrin inden for den givne tidsramme. Kontakt os venligst med det samme! Natriumpentobarbital til aflivning af dyr, Pentobarbital natrium v\u00e6ske<\/p>\n<p>Pentobarbital: Hvad er det, og hvordan bruges det?<\/p>\n<p>Kortvarig brug af Pentobarbital, et barbiturat, bruges til at behandle s\u00f8vnl\u00f8shed. For at f\u00e5 patienter til at sove til operation kan pentobarbital ogs\u00e5 bruges som akutbehandling. Onlinek\u00f8b af pentobarbitalnatrium, natriumpentobarbital til aflivning af dyr og pentobarbitalnatrium<\/p>\n<p>Pentobarbital kan for\u00e5rsage \u00e5ndedr\u00e6tsstop i h\u00f8je doser, hvilket f\u00f8rer til d\u00f8den. Nogle stater og den f\u00f8derale regering i USA bruger det til henrettelse af kriminelle s\u00e5vel som til aflivning af dyr. K\u00f8b Pentobarbital Sodium online.<\/p>\n<p>N\u00e5r det administreres i d\u00f8delige m\u00e6ngder, er pentobarbital d\u00f8deligt. Dyre- og menneskelig aflivning kan udf\u00f8res med dette l\u00e6gemiddel. I kommercielle dyreaflivningsinjektioner kan det bruges alene eller sammen med andre l\u00e6gemidler, s\u00e5som phenytoin.<\/p>\n<p>Eutanasi med pentobarbital<\/p>\n<p>Et af de mest almindeligt anvendte barbiturater til an\u00e6stesi og d\u00f8dshj\u00e6lp p\u00e5 det veterin\u00e6re omr\u00e5de er pentobarbital (Nembutal). Hvis du \u00f8nsker at d\u00f8 fredeligt, er dette et glimrende valg til eutanasi eller assisteret selvmord. K\u00f8b Pentobarbital Natrium online.<\/p>\n<p>Pentobarbital Natrium leveres p\u00e5 hvilken m\u00e5de?<br \/> Pentobarbital er et beroligende middel, der kan gives intraven\u00f8st \u200b\u200beller intraperitonealt. Pentobarbital kan indgives som en bolus (Borkowski et al., 1990) eller CRI, n\u00e5r det anvendes som et generel an\u00e6stetikum. Ubehag ved injektion og tromboflebitis er mulige bivirkninger af propylenglycol, en hyppig ingrediens i kommercielle behandlinger. K\u00f8b pentobarbitalnatrium online.<\/p>\n<p>&nbsp;<\/p>\n<p>K\u00f8b af natriumpentobarbital i Storbritannien, k\u00f8b af pentobarbitalnatrium til hunde, k\u00f8b af sovepiller indeholdende pentobarbitalnatrium, k\u00f8b af nembutalnatriumpentobarbital og k\u00f8b af pentobarbitalnatrium h\u00e5ndk\u00f8b er alle mulige muligheder. At k\u00f8be natriumpentobarbital i Storbritannien er ogs\u00e5 en mulighed. Brugen af \u200b\u200bl\u00e6gemidlet pentobarbital, ogs\u00e5 kendt som pentobarbitalsalt, er et beroligende middel, der bruges til at behandle anfald hos hunde. Pentobarbital Sodium Online, Pentobarbital Sodium Buy, Pentobarbital Sodium China, Pentobarbital Sodium Death, Pentobarbital Sodium Dosage, Pentobarbital Sodium Injection For Dogs, Pentobarbital Sodium Injection For Humans, Pentobarbital Sodium Group, Pentobarbital Sodium Injection, Pentobarb Injection For Dogs, Pentobarbital Sodium Injection For Dogs<\/p>\n","protected":false},"excerpt":{"rendered":"<p>Nembutal Pentobarbital til salg UK, Europa online til de bedste priser kan kun findes p\u00e5 Online Nembutal Pharmacy.<\/p>\n<p>Til intraven\u00f8s eller intramuskul\u00e6r brug er pentobarbitalnatriuminjektion steril. Til injektion omfatter hver milliliter 50 milligram natriumpentobarbital opl\u00f8st i propylenglycol 40 procent, ethanol 10 procent og vand. Med saltsyre eller natriumhydroxid kan pH-v\u00e6rdien bringes op p\u00e5 9,5.<\/p>\n","protected":false},"featured_media":5814,"comment_status":"open","ping_status":"closed","template":"","meta":[],"product_brand":[],"product_cat":[3818],"product_tag":[],"class_list":{"0":"post-5804","1":"product","2":"type-product","3":"status-publish","4":"has-post-thumbnail","6":"product_cat-pentobarbital-til-salg","8":"first","9":"instock","10":"shipping-taxable","11":"purchasable","12":"product-type-variable"},"yoast_head":"<!-- This site is optimized with the Yoast SEO plugin v27.3 - https:\/\/yoast.com\/product\/yoast-seo-wordpress\/ -->\n<title>K\u00f8b Pentobarbital Sodium Online - Bedste globale medicin<\/title>\n<meta name=\"description\" content=\"Online Nembutal Pharmacy er den eneste p\u00e5lidelige destination, hvorfra du kan k\u00f8be Nembutal Pentobarbital til salg i Storbritannien, Europa online til de bedste tilg\u00e6ngelige priser.\" \/>\n<meta name=\"robots\" content=\"index, follow, max-snippet:-1, max-image-preview:large, max-video-preview:-1\" \/>\n<link rel=\"canonical\" href=\"https:\/\/medicinasinc.com\/da\/product\/kob-pentobarbital-natrium-online\/\" \/>\n<meta property=\"og:locale\" content=\"en_US\" \/>\n<meta property=\"og:type\" content=\"article\" \/>\n<meta property=\"og:title\" content=\"K\u00f8b Pentobarbital Sodium Online - Bedste globale medicin\" \/>\n<meta property=\"og:description\" content=\"Online Nembutal Pharmacy er den eneste p\u00e5lidelige destination, hvorfra du kan k\u00f8be Nembutal Pentobarbital til salg i Storbritannien, Europa online til de bedste tilg\u00e6ngelige priser.\" \/>\n<meta property=\"og:url\" content=\"https:\/\/medicinasinc.com\/da\/product\/kob-pentobarbital-natrium-online\/\" \/>\n<meta property=\"og:site_name\" content=\"Medicinas Inc\" \/>\n<meta property=\"article:modified_time\" content=\"2022-03-20T00:26:50+00:00\" \/>\n<meta property=\"og:image\" content=\"https:\/\/medicinasinc.com\/da\/wp-content\/uploads\/sites\/8\/2022\/02\/buy-Nembutal-Pentobarbital.jpg\" \/>\n\t<meta property=\"og:image:width\" content=\"600\" \/>\n\t<meta property=\"og:image:height\" content=\"600\" \/>\n\t<meta property=\"og:image:type\" content=\"image\/jpeg\" \/>\n<meta name=\"twitter:card\" content=\"summary_large_image\" \/>\n<meta name=\"twitter:label1\" content=\"Est. reading time\" \/>\n\t<meta name=\"twitter:data1\" content=\"3 minutes\" \/>\n<script type=\"application\/ld+json\" class=\"yoast-schema-graph\">{\"@context\":\"https:\\\/\\\/schema.org\",\"@graph\":[{\"@type\":\"WebPage\",\"@id\":\"https:\\\/\\\/medicinasinc.com\\\/da\\\/product\\\/kob-pentobarbital-natrium-online\\\/\",\"url\":\"https:\\\/\\\/medicinasinc.com\\\/da\\\/product\\\/kob-pentobarbital-natrium-online\\\/\",\"name\":\"K\u00f8b Pentobarbital Sodium Online - Bedste globale medicin\",\"isPartOf\":{\"@id\":\"https:\\\/\\\/medicinasinc.com\\\/da\\\/#website\"},\"primaryImageOfPage\":{\"@id\":\"https:\\\/\\\/medicinasinc.com\\\/da\\\/product\\\/kob-pentobarbital-natrium-online\\\/#primaryimage\"},\"image\":{\"@id\":\"https:\\\/\\\/medicinasinc.com\\\/da\\\/product\\\/kob-pentobarbital-natrium-online\\\/#primaryimage\"},\"thumbnailUrl\":\"https:\\\/\\\/medicinasinc.com\\\/da\\\/wp-content\\\/uploads\\\/sites\\\/8\\\/2022\\\/02\\\/buy-Nembutal-Pentobarbital.jpg\",\"datePublished\":\"2022-02-22T06:35:00+00:00\",\"dateModified\":\"2022-03-20T00:26:50+00:00\",\"description\":\"Online Nembutal Pharmacy er den eneste p\u00e5lidelige destination, hvorfra du kan k\u00f8be Nembutal Pentobarbital til salg i Storbritannien, Europa online til de bedste tilg\u00e6ngelige priser.\",\"breadcrumb\":{\"@id\":\"https:\\\/\\\/medicinasinc.com\\\/da\\\/product\\\/kob-pentobarbital-natrium-online\\\/#breadcrumb\"},\"inLanguage\":\"en-US\",\"potentialAction\":[{\"@type\":\"ReadAction\",\"target\":[\"https:\\\/\\\/medicinasinc.com\\\/da\\\/product\\\/kob-pentobarbital-natrium-online\\\/\"]}]},{\"@type\":\"ImageObject\",\"inLanguage\":\"en-US\",\"@id\":\"https:\\\/\\\/medicinasinc.com\\\/da\\\/product\\\/kob-pentobarbital-natrium-online\\\/#primaryimage\",\"url\":\"https:\\\/\\\/medicinasinc.com\\\/da\\\/wp-content\\\/uploads\\\/sites\\\/8\\\/2022\\\/02\\\/buy-Nembutal-Pentobarbital.jpg\",\"contentUrl\":\"https:\\\/\\\/medicinasinc.com\\\/da\\\/wp-content\\\/uploads\\\/sites\\\/8\\\/2022\\\/02\\\/buy-Nembutal-Pentobarbital.jpg\",\"width\":600,\"height\":600,\"caption\":\"Buy Nembutal Online\"},{\"@type\":\"BreadcrumbList\",\"@id\":\"https:\\\/\\\/medicinasinc.com\\\/da\\\/product\\\/kob-pentobarbital-natrium-online\\\/#breadcrumb\",\"itemListElement\":[{\"@type\":\"ListItem\",\"position\":1,\"name\":\"Butik\",\"item\":\"https:\\\/\\\/medicinasinc.com\\\/da\\\/butik\\\/\"},{\"@type\":\"ListItem\",\"position\":2,\"name\":\"K\u00f8b Pentobarbital Sodium Online\"}]},{\"@type\":\"WebSite\",\"@id\":\"https:\\\/\\\/medicinasinc.com\\\/da\\\/#website\",\"url\":\"https:\\\/\\\/medicinasinc.com\\\/da\\\/\",\"name\":\"Medicinas Inc\",\"description\":\"Health Medical Clinic\",\"potentialAction\":[{\"@type\":\"SearchAction\",\"target\":{\"@type\":\"EntryPoint\",\"urlTemplate\":\"https:\\\/\\\/medicinasinc.com\\\/da\\\/?s={search_term_string}\"},\"query-input\":{\"@type\":\"PropertyValueSpecification\",\"valueRequired\":true,\"valueName\":\"search_term_string\"}}],\"inLanguage\":\"en-US\"}]}<\/script>\n<!-- \/ Yoast SEO plugin. -->","yoast_head_json":{"title":"K\u00f8b Pentobarbital Sodium Online - Bedste globale medicin","description":"Online Nembutal Pharmacy er den eneste p\u00e5lidelige destination, hvorfra du kan k\u00f8be Nembutal Pentobarbital til salg i Storbritannien, Europa online til de bedste tilg\u00e6ngelige priser.","robots":{"index":"index","follow":"follow","max-snippet":"max-snippet:-1","max-image-preview":"max-image-preview:large","max-video-preview":"max-video-preview:-1"},"canonical":"https:\/\/medicinasinc.com\/da\/product\/kob-pentobarbital-natrium-online\/","og_locale":"en_US","og_type":"article","og_title":"K\u00f8b Pentobarbital Sodium Online - Bedste globale medicin","og_description":"Online Nembutal Pharmacy er den eneste p\u00e5lidelige destination, hvorfra du kan k\u00f8be Nembutal Pentobarbital til salg i Storbritannien, Europa online til de bedste tilg\u00e6ngelige priser.","og_url":"https:\/\/medicinasinc.com\/da\/product\/kob-pentobarbital-natrium-online\/","og_site_name":"Medicinas Inc","article_modified_time":"2022-03-20T00:26:50+00:00","og_image":[{"width":600,"height":600,"url":"https:\/\/medicinasinc.com\/da\/wp-content\/uploads\/sites\/8\/2022\/02\/buy-Nembutal-Pentobarbital.jpg","type":"image\/jpeg"}],"twitter_card":"summary_large_image","twitter_misc":{"Est. reading time":"3 minutes"},"schema":{"@context":"https:\/\/schema.org","@graph":[{"@type":"WebPage","@id":"https:\/\/medicinasinc.com\/da\/product\/kob-pentobarbital-natrium-online\/","url":"https:\/\/medicinasinc.com\/da\/product\/kob-pentobarbital-natrium-online\/","name":"K\u00f8b Pentobarbital Sodium Online - Bedste globale medicin","isPartOf":{"@id":"https:\/\/medicinasinc.com\/da\/#website"},"primaryImageOfPage":{"@id":"https:\/\/medicinasinc.com\/da\/product\/kob-pentobarbital-natrium-online\/#primaryimage"},"image":{"@id":"https:\/\/medicinasinc.com\/da\/product\/kob-pentobarbital-natrium-online\/#primaryimage"},"thumbnailUrl":"https:\/\/medicinasinc.com\/da\/wp-content\/uploads\/sites\/8\/2022\/02\/buy-Nembutal-Pentobarbital.jpg","datePublished":"2022-02-22T06:35:00+00:00","dateModified":"2022-03-20T00:26:50+00:00","description":"Online Nembutal Pharmacy er den eneste p\u00e5lidelige destination, hvorfra du kan k\u00f8be Nembutal Pentobarbital til salg i Storbritannien, Europa online til de bedste tilg\u00e6ngelige priser.","breadcrumb":{"@id":"https:\/\/medicinasinc.com\/da\/product\/kob-pentobarbital-natrium-online\/#breadcrumb"},"inLanguage":"en-US","potentialAction":[{"@type":"ReadAction","target":["https:\/\/medicinasinc.com\/da\/product\/kob-pentobarbital-natrium-online\/"]}]},{"@type":"ImageObject","inLanguage":"en-US","@id":"https:\/\/medicinasinc.com\/da\/product\/kob-pentobarbital-natrium-online\/#primaryimage","url":"https:\/\/medicinasinc.com\/da\/wp-content\/uploads\/sites\/8\/2022\/02\/buy-Nembutal-Pentobarbital.jpg","contentUrl":"https:\/\/medicinasinc.com\/da\/wp-content\/uploads\/sites\/8\/2022\/02\/buy-Nembutal-Pentobarbital.jpg","width":600,"height":600,"caption":"Buy Nembutal Online"},{"@type":"BreadcrumbList","@id":"https:\/\/medicinasinc.com\/da\/product\/kob-pentobarbital-natrium-online\/#breadcrumb","itemListElement":[{"@type":"ListItem","position":1,"name":"Butik","item":"https:\/\/medicinasinc.com\/da\/butik\/"},{"@type":"ListItem","position":2,"name":"K\u00f8b Pentobarbital Sodium Online"}]},{"@type":"WebSite","@id":"https:\/\/medicinasinc.com\/da\/#website","url":"https:\/\/medicinasinc.com\/da\/","name":"Medicinas Inc","description":"Health Medical Clinic","potentialAction":[{"@type":"SearchAction","target":{"@type":"EntryPoint","urlTemplate":"https:\/\/medicinasinc.com\/da\/?s={search_term_string}"},"query-input":{"@type":"PropertyValueSpecification","valueRequired":true,"valueName":"search_term_string"}}],"inLanguage":"en-US"}]}},"_links":{"self":[{"href":"https:\/\/medicinasinc.com\/da\/wp-json\/wp\/v2\/product\/5804","targetHints":{"allow":["GET"]}}],"collection":[{"href":"https:\/\/medicinasinc.com\/da\/wp-json\/wp\/v2\/product"}],"about":[{"href":"https:\/\/medicinasinc.com\/da\/wp-json\/wp\/v2\/types\/product"}],"replies":[{"embeddable":true,"href":"https:\/\/medicinasinc.com\/da\/wp-json\/wp\/v2\/comments?post=5804"}],"wp:featuredmedia":[{"embeddable":true,"href":"https:\/\/medicinasinc.com\/da\/wp-json\/wp\/v2\/media\/5814"}],"wp:attachment":[{"href":"https:\/\/medicinasinc.com\/da\/wp-json\/wp\/v2\/media?parent=5804"}],"wp:term":[{"taxonomy":"product_brand","embeddable":true,"href":"https:\/\/medicinasinc.com\/da\/wp-json\/wp\/v2\/product_brand?post=5804"},{"taxonomy":"product_cat","embeddable":true,"href":"https:\/\/medicinasinc.com\/da\/wp-json\/wp\/v2\/product_cat?post=5804"},{"taxonomy":"product_tag","embeddable":true,"href":"https:\/\/medicinasinc.com\/da\/wp-json\/wp\/v2\/product_tag?post=5804"}],"curies":[{"name":"wp","href":"https:\/\/api.w.org\/{rel}","templated":true}]}}