{"id":5798,"date":"2022-02-22T06:27:38","date_gmt":"2022-02-22T06:27:38","guid":{"rendered":"https:\/\/medicinasinc.com\/da\/?post_type=product&#038;p=5798"},"modified":"2022-03-20T00:27:02","modified_gmt":"2022-03-20T00:27:02","slug":"kob-phenobarbital-phenobarbital-luminal","status":"publish","type":"product","link":"https:\/\/medicinasinc.com\/da\/product\/kob-phenobarbital-phenobarbital-luminal\/","title":{"rendered":"K\u00f8b Phenobarbital (Phenobarbital) \/ Luminal"},"content":{"rendered":"<p>K\u00f8b billigt Phenobarbital Luminal Phenobarbital Luminal online fra et velrenommeret apotek til den bedste pris<\/p>\n<p>Brug af et onlineapotek som Nembutal Pharmacy er en bekvem m\u00e5de for forbrugerne at f\u00e5 deres recepter og medicin. Phenobarbital Luminal online kan til enhver tid k\u00f8bes fra vores hjemmeside, s\u00e5 g\u00e5 ikke glip af det. Her kan du k\u00f8be denne medicin til en rimelig pris.<\/p>\n<p>Med vores onlineapotek kan du v\u00e6re sikker p\u00e5, at du altid f\u00e5r medicin af h\u00f8j kvalitet. Kunder kan forvente, at deres recepter ankommer til tiden p\u00e5 dette apotek. Vi tolererer ikke nogen form for tr\u00e6ghed i vores arbejde og l\u00f8ser hver opgave hurtigt. Kontakt os med det samme for at bestille Phenobarbital Luminal online til den bedste pris og f\u00e5 det leveret hurtigt, hvis du leder efter et onlineapotek som vores!<\/p>\n<p>Luminal Phenobarbital: Hvad kan vi g\u00f8re for at sikre, at du bruger det Sikkert?<\/p>\n<p>Phenobarbital Luminal er en veletableret medicin til behandling af epileptiske anfald. Du kan ogs\u00e5 tage denne medicin til at behandle angst, s\u00f8vnl\u00f8shed og andre tilstande. F\u00f8r du tager denne medicin, b\u00f8r du r\u00e5df\u00f8re dig med din l\u00e6ge. Phenobarbital Luminal b\u00f8r kun startes efter en grundig dr\u00f8ftelse med din l\u00e6ge.<\/p>\n<p>Med hver ordre giver vores onlineapotek en detaljeret medicinvejledning. P\u00e5 grund af dette kan du sikkert f\u00f8lge medicinens instruktioner og bruge den. Vi er her for at g\u00f8re det s\u00e5 enkelt som muligt for dig at bestille Phenobarbital Luminal online. Udnyt fordelene ved denne medicin ved at kontakte os med det samme. Vi er her for at hj\u00e6lpe dig hele tiden.<\/p>\n","protected":false},"excerpt":{"rendered":"<p>Hvilket onlineapotek tilbyder den billigste Phenobarbital Luminal?<\/p>\n<p>Vores onlineapotek s\u00e6lger i \u00f8jeblikket Phenobarbital Luminal-piller. Phenobarbital Luminal til salgsordrer behandles s\u00e5 hurtigt som muligt. Du skal blot kontakte os i dag, s\u00e5 sender vi din medicin til dig s\u00e5 hurtigt som muligt. Nu er det tid til at oprette forbindelse!<\/p>\n","protected":false},"featured_media":5808,"comment_status":"open","ping_status":"closed","template":"","meta":[],"product_brand":[],"product_cat":[3818],"product_tag":[3955,3956,3969,3970,3971,3957,3966,3967,3959,3961,3960,3964,3958,3965,3963,3962,3968],"class_list":{"0":"post-5798","1":"product","2":"type-product","3":"status-publish","4":"has-post-thumbnail","6":"product_cat-pentobarbital-til-salg","7":"product_tag-barbiturat-bivirkning","8":"product_tag-cost-of-phenobarbital-for-dogs","9":"product_tag-hvad-bruges-phenobarb-til","10":"product_tag-hvad-er-phenobarbital","11":"product_tag-hvad-er-po-i-medicinske-termer","12":"product_tag-phenobarb-overdosis","13":"product_tag-phenobarbital-bivirkninger","14":"product_tag-fnobarbital-bivirkninger-hunde","15":"product_tag-phenobarbital-controlled-substance","16":"product_tag-phenobarbital-doser","17":"product_tag-phenobarbital-dosering","18":"product_tag-phenobarbital-level","19":"product_tag-phenobarbital-mrkenavn","20":"product_tag-phenobarbital-overdosis","21":"product_tag-phenobarbital-til-hunde-bivirkninger","22":"product_tag-phenobarbital-til-hunde-dosering","23":"product_tag-phenobarbiton-niveau","25":"first","26":"instock","27":"shipping-taxable","28":"purchasable","29":"product-type-variable"},"yoast_head":"<!-- This site is optimized with the Yoast SEO plugin v27.3 - https:\/\/yoast.com\/product\/yoast-seo-wordpress\/ -->\n<title>K\u00f8b Phenobarbital (Phenobarbital) \/ Luminal - Bedste globale medicin<\/title>\n<meta name=\"description\" content=\"Du kan nu k\u00f8be Phenobarbital Luminal-tabletter p\u00e5 Online Nembutal Apotek. Din ordre til Phenobarbital Luminal til salg vil blive gennemf\u00f8rt p\u00e5 kortest mulig tid. Alt du skal g\u00f8re er at ringe til os, sende en sms eller e-mail i dag og f\u00e5 leveret dine stoffer snart. Tilslut nu!\" \/>\n<meta name=\"robots\" content=\"index, follow, max-snippet:-1, max-image-preview:large, max-video-preview:-1\" \/>\n<link rel=\"canonical\" href=\"https:\/\/medicinasinc.com\/da\/product\/kob-phenobarbital-phenobarbital-luminal\/\" \/>\n<meta property=\"og:locale\" content=\"en_US\" \/>\n<meta property=\"og:type\" content=\"article\" \/>\n<meta property=\"og:title\" content=\"K\u00f8b Phenobarbital (Phenobarbital) \/ Luminal - Bedste globale medicin\" \/>\n<meta property=\"og:description\" content=\"Du kan nu k\u00f8be Phenobarbital Luminal-tabletter p\u00e5 Online Nembutal Apotek. Din ordre til Phenobarbital Luminal til salg vil blive gennemf\u00f8rt p\u00e5 kortest mulig tid. Alt du skal g\u00f8re er at ringe til os, sende en sms eller e-mail i dag og f\u00e5 leveret dine stoffer snart. Tilslut nu!\" \/>\n<meta property=\"og:url\" content=\"https:\/\/medicinasinc.com\/da\/product\/kob-phenobarbital-phenobarbital-luminal\/\" \/>\n<meta property=\"og:site_name\" content=\"Medicinas Inc\" \/>\n<meta property=\"article:modified_time\" content=\"2022-03-20T00:27:02+00:00\" \/>\n<meta property=\"og:image\" content=\"https:\/\/medicinasinc.com\/da\/wp-content\/uploads\/sites\/8\/2022\/02\/Buy-Phenobarbital-Tablets.jpg\" \/>\n\t<meta property=\"og:image:width\" content=\"600\" \/>\n\t<meta property=\"og:image:height\" content=\"600\" \/>\n\t<meta property=\"og:image:type\" content=\"image\/jpeg\" \/>\n<meta name=\"twitter:card\" content=\"summary_large_image\" \/>\n<meta name=\"twitter:label1\" content=\"Est. reading time\" \/>\n\t<meta name=\"twitter:data1\" content=\"2 minutes\" \/>\n<script type=\"application\/ld+json\" class=\"yoast-schema-graph\">{\"@context\":\"https:\\\/\\\/schema.org\",\"@graph\":[{\"@type\":\"WebPage\",\"@id\":\"https:\\\/\\\/medicinasinc.com\\\/da\\\/product\\\/kob-phenobarbital-phenobarbital-luminal\\\/\",\"url\":\"https:\\\/\\\/medicinasinc.com\\\/da\\\/product\\\/kob-phenobarbital-phenobarbital-luminal\\\/\",\"name\":\"K\u00f8b Phenobarbital (Phenobarbital) \\\/ Luminal - Bedste globale medicin\",\"isPartOf\":{\"@id\":\"https:\\\/\\\/medicinasinc.com\\\/da\\\/#website\"},\"primaryImageOfPage\":{\"@id\":\"https:\\\/\\\/medicinasinc.com\\\/da\\\/product\\\/kob-phenobarbital-phenobarbital-luminal\\\/#primaryimage\"},\"image\":{\"@id\":\"https:\\\/\\\/medicinasinc.com\\\/da\\\/product\\\/kob-phenobarbital-phenobarbital-luminal\\\/#primaryimage\"},\"thumbnailUrl\":\"https:\\\/\\\/medicinasinc.com\\\/da\\\/wp-content\\\/uploads\\\/sites\\\/8\\\/2022\\\/02\\\/Buy-Phenobarbital-Tablets.jpg\",\"datePublished\":\"2022-02-22T06:27:38+00:00\",\"dateModified\":\"2022-03-20T00:27:02+00:00\",\"description\":\"Du kan nu k\u00f8be Phenobarbital Luminal-tabletter p\u00e5 Online Nembutal Apotek. Din ordre til Phenobarbital Luminal til salg vil blive gennemf\u00f8rt p\u00e5 kortest mulig tid. Alt du skal g\u00f8re er at ringe til os, sende en sms eller e-mail i dag og f\u00e5 leveret dine stoffer snart. Tilslut nu!\",\"breadcrumb\":{\"@id\":\"https:\\\/\\\/medicinasinc.com\\\/da\\\/product\\\/kob-phenobarbital-phenobarbital-luminal\\\/#breadcrumb\"},\"inLanguage\":\"en-US\",\"potentialAction\":[{\"@type\":\"ReadAction\",\"target\":[\"https:\\\/\\\/medicinasinc.com\\\/da\\\/product\\\/kob-phenobarbital-phenobarbital-luminal\\\/\"]}]},{\"@type\":\"ImageObject\",\"inLanguage\":\"en-US\",\"@id\":\"https:\\\/\\\/medicinasinc.com\\\/da\\\/product\\\/kob-phenobarbital-phenobarbital-luminal\\\/#primaryimage\",\"url\":\"https:\\\/\\\/medicinasinc.com\\\/da\\\/wp-content\\\/uploads\\\/sites\\\/8\\\/2022\\\/02\\\/Buy-Phenobarbital-Tablets.jpg\",\"contentUrl\":\"https:\\\/\\\/medicinasinc.com\\\/da\\\/wp-content\\\/uploads\\\/sites\\\/8\\\/2022\\\/02\\\/Buy-Phenobarbital-Tablets.jpg\",\"width\":600,\"height\":600},{\"@type\":\"BreadcrumbList\",\"@id\":\"https:\\\/\\\/medicinasinc.com\\\/da\\\/product\\\/kob-phenobarbital-phenobarbital-luminal\\\/#breadcrumb\",\"itemListElement\":[{\"@type\":\"ListItem\",\"position\":1,\"name\":\"Butik\",\"item\":\"https:\\\/\\\/medicinasinc.com\\\/da\\\/butik\\\/\"},{\"@type\":\"ListItem\",\"position\":2,\"name\":\"K\u00f8b Phenobarbital (Phenobarbital) \\\/ Luminal\"}]},{\"@type\":\"WebSite\",\"@id\":\"https:\\\/\\\/medicinasinc.com\\\/da\\\/#website\",\"url\":\"https:\\\/\\\/medicinasinc.com\\\/da\\\/\",\"name\":\"Medicinas Inc\",\"description\":\"Health Medical Clinic\",\"potentialAction\":[{\"@type\":\"SearchAction\",\"target\":{\"@type\":\"EntryPoint\",\"urlTemplate\":\"https:\\\/\\\/medicinasinc.com\\\/da\\\/?s={search_term_string}\"},\"query-input\":{\"@type\":\"PropertyValueSpecification\",\"valueRequired\":true,\"valueName\":\"search_term_string\"}}],\"inLanguage\":\"en-US\"}]}<\/script>\n<!-- \/ Yoast SEO plugin. -->","yoast_head_json":{"title":"K\u00f8b Phenobarbital (Phenobarbital) \/ Luminal - Bedste globale medicin","description":"Du kan nu k\u00f8be Phenobarbital Luminal-tabletter p\u00e5 Online Nembutal Apotek. Din ordre til Phenobarbital Luminal til salg vil blive gennemf\u00f8rt p\u00e5 kortest mulig tid. Alt du skal g\u00f8re er at ringe til os, sende en sms eller e-mail i dag og f\u00e5 leveret dine stoffer snart. Tilslut nu!","robots":{"index":"index","follow":"follow","max-snippet":"max-snippet:-1","max-image-preview":"max-image-preview:large","max-video-preview":"max-video-preview:-1"},"canonical":"https:\/\/medicinasinc.com\/da\/product\/kob-phenobarbital-phenobarbital-luminal\/","og_locale":"en_US","og_type":"article","og_title":"K\u00f8b Phenobarbital (Phenobarbital) \/ Luminal - Bedste globale medicin","og_description":"Du kan nu k\u00f8be Phenobarbital Luminal-tabletter p\u00e5 Online Nembutal Apotek. Din ordre til Phenobarbital Luminal til salg vil blive gennemf\u00f8rt p\u00e5 kortest mulig tid. Alt du skal g\u00f8re er at ringe til os, sende en sms eller e-mail i dag og f\u00e5 leveret dine stoffer snart. Tilslut nu!","og_url":"https:\/\/medicinasinc.com\/da\/product\/kob-phenobarbital-phenobarbital-luminal\/","og_site_name":"Medicinas Inc","article_modified_time":"2022-03-20T00:27:02+00:00","og_image":[{"width":600,"height":600,"url":"https:\/\/medicinasinc.com\/da\/wp-content\/uploads\/sites\/8\/2022\/02\/Buy-Phenobarbital-Tablets.jpg","type":"image\/jpeg"}],"twitter_card":"summary_large_image","twitter_misc":{"Est. reading time":"2 minutes"},"schema":{"@context":"https:\/\/schema.org","@graph":[{"@type":"WebPage","@id":"https:\/\/medicinasinc.com\/da\/product\/kob-phenobarbital-phenobarbital-luminal\/","url":"https:\/\/medicinasinc.com\/da\/product\/kob-phenobarbital-phenobarbital-luminal\/","name":"K\u00f8b Phenobarbital (Phenobarbital) \/ Luminal - Bedste globale medicin","isPartOf":{"@id":"https:\/\/medicinasinc.com\/da\/#website"},"primaryImageOfPage":{"@id":"https:\/\/medicinasinc.com\/da\/product\/kob-phenobarbital-phenobarbital-luminal\/#primaryimage"},"image":{"@id":"https:\/\/medicinasinc.com\/da\/product\/kob-phenobarbital-phenobarbital-luminal\/#primaryimage"},"thumbnailUrl":"https:\/\/medicinasinc.com\/da\/wp-content\/uploads\/sites\/8\/2022\/02\/Buy-Phenobarbital-Tablets.jpg","datePublished":"2022-02-22T06:27:38+00:00","dateModified":"2022-03-20T00:27:02+00:00","description":"Du kan nu k\u00f8be Phenobarbital Luminal-tabletter p\u00e5 Online Nembutal Apotek. Din ordre til Phenobarbital Luminal til salg vil blive gennemf\u00f8rt p\u00e5 kortest mulig tid. Alt du skal g\u00f8re er at ringe til os, sende en sms eller e-mail i dag og f\u00e5 leveret dine stoffer snart. Tilslut nu!","breadcrumb":{"@id":"https:\/\/medicinasinc.com\/da\/product\/kob-phenobarbital-phenobarbital-luminal\/#breadcrumb"},"inLanguage":"en-US","potentialAction":[{"@type":"ReadAction","target":["https:\/\/medicinasinc.com\/da\/product\/kob-phenobarbital-phenobarbital-luminal\/"]}]},{"@type":"ImageObject","inLanguage":"en-US","@id":"https:\/\/medicinasinc.com\/da\/product\/kob-phenobarbital-phenobarbital-luminal\/#primaryimage","url":"https:\/\/medicinasinc.com\/da\/wp-content\/uploads\/sites\/8\/2022\/02\/Buy-Phenobarbital-Tablets.jpg","contentUrl":"https:\/\/medicinasinc.com\/da\/wp-content\/uploads\/sites\/8\/2022\/02\/Buy-Phenobarbital-Tablets.jpg","width":600,"height":600},{"@type":"BreadcrumbList","@id":"https:\/\/medicinasinc.com\/da\/product\/kob-phenobarbital-phenobarbital-luminal\/#breadcrumb","itemListElement":[{"@type":"ListItem","position":1,"name":"Butik","item":"https:\/\/medicinasinc.com\/da\/butik\/"},{"@type":"ListItem","position":2,"name":"K\u00f8b Phenobarbital (Phenobarbital) \/ Luminal"}]},{"@type":"WebSite","@id":"https:\/\/medicinasinc.com\/da\/#website","url":"https:\/\/medicinasinc.com\/da\/","name":"Medicinas Inc","description":"Health Medical Clinic","potentialAction":[{"@type":"SearchAction","target":{"@type":"EntryPoint","urlTemplate":"https:\/\/medicinasinc.com\/da\/?s={search_term_string}"},"query-input":{"@type":"PropertyValueSpecification","valueRequired":true,"valueName":"search_term_string"}}],"inLanguage":"en-US"}]}},"_links":{"self":[{"href":"https:\/\/medicinasinc.com\/da\/wp-json\/wp\/v2\/product\/5798","targetHints":{"allow":["GET"]}}],"collection":[{"href":"https:\/\/medicinasinc.com\/da\/wp-json\/wp\/v2\/product"}],"about":[{"href":"https:\/\/medicinasinc.com\/da\/wp-json\/wp\/v2\/types\/product"}],"replies":[{"embeddable":true,"href":"https:\/\/medicinasinc.com\/da\/wp-json\/wp\/v2\/comments?post=5798"}],"wp:featuredmedia":[{"embeddable":true,"href":"https:\/\/medicinasinc.com\/da\/wp-json\/wp\/v2\/media\/5808"}],"wp:attachment":[{"href":"https:\/\/medicinasinc.com\/da\/wp-json\/wp\/v2\/media?parent=5798"}],"wp:term":[{"taxonomy":"product_brand","embeddable":true,"href":"https:\/\/medicinasinc.com\/da\/wp-json\/wp\/v2\/product_brand?post=5798"},{"taxonomy":"product_cat","embeddable":true,"href":"https:\/\/medicinasinc.com\/da\/wp-json\/wp\/v2\/product_cat?post=5798"},{"taxonomy":"product_tag","embeddable":true,"href":"https:\/\/medicinasinc.com\/da\/wp-json\/wp\/v2\/product_tag?post=5798"}],"curies":[{"name":"wp","href":"https:\/\/api.w.org\/{rel}","templated":true}]}}