{"id":5792,"date":"2022-02-22T06:20:38","date_gmt":"2022-02-22T06:20:38","guid":{"rendered":"https:\/\/medicinasinc.com\/da\/?post_type=product&#038;p=5792"},"modified":"2022-03-20T00:27:10","modified_gmt":"2022-03-20T00:27:10","slug":"kob-seconal-natrium","status":"publish","type":"product","link":"https:\/\/medicinasinc.com\/da\/product\/kob-seconal-natrium\/","title":{"rendered":"K\u00f8b Seconal Sodium"},"content":{"rendered":"<p>Bestil Seconal Sodium online fra det bedste apotek. \u2013<\/p>\n<p>Det er nu muligt at k\u00f8be Nembutal online med Seconal Sodium til de laveste omkostninger. P\u00e5 vores onlineapotek kan du bestille Seconal Sodium og f\u00e5 det leveret til din hovedd\u00f8r i l\u00f8bet af f\u00e5 dage. For at modtage hurtig levering af din Seconal Sodium skal du blot placere en ordre hos os, og et af vores teammedlemmer vil forberede og pakke det for dig. Da vi har v\u00e6ret i denne branche s\u00e5 l\u00e6nge, \u200b\u200bhar vi opbygget et solidt ry som et p\u00e5lideligt apotek. Med hensyn til at anskaffe de bedste kvalitetsl\u00e6gemidler kan du stole p\u00e5, at vi leverer dem til tiden.<\/p>\n<p>Hvad er fordelene ved Seconal Sodium? Hvorfor skal du k\u00f8be det hos os?<\/p>\n<p>F\u00f8r operation bruges Seconal Sodium til at hj\u00e6lpe dig med at slappe af. Det tilh\u00f8rer klassen af \u200b\u200bl\u00e6gemidler kendt som barbiturat hypnotika, som omfatter Seconal. Det beroliger dig ved at p\u00e5virke bestemte dele af din hjerne. Seniorer b\u00f8r diskutere fordelene og farerne ved denne medicin, s\u00e5vel som dem ved mere potent, men muligvis sikrere medicin, med deres l\u00e6ge eller l\u00e6gemiddelspecialist. F\u00f8r du begynder at tage Seconal Sodium, og hver gang du f\u00e5r en refill, skal du l\u00e6se medicinvejledningen fra vores onlineapotek. Kontakt din l\u00e6ge eller en l\u00e6gemiddelspecialist, hvis du har sp\u00f8rgsm\u00e5l. F\u00f8r operationen skal du f\u00f8lge din l\u00e6ges anvisninger og tage denne recept gennem munden med et glas vand p\u00e5 tom mave.<\/p>\n<p>En lidelse, som Seconal Sodium udelukkende bruges til, er den, der er anf\u00f8rt nedenfor:<\/p>\n<p>ekstra bed\u00f8velsesinjektioner<br \/> ekstra an\u00e6stesifremkaldende middel<\/p>\n<p>Vores online Nembutal-apotek s\u00e6lger og leverer Seconal Sodium Secobarbital til dit \u00f8nskede sted s\u00e5 hurtigt som muligt. Den bedste m\u00e5de, vi kan betjene dig p\u00e5, er at give os lov til det. Det er sikkert at stole p\u00e5 vores Online Nembutal-apotek. Vi er her konstant for at hj\u00e6lpe vores vigtige kunder med at n\u00e5 deres m\u00e5l og opfylde deres kriterier. Kontakt os venligst hurtigst muligt!<\/p>\n","protected":false},"excerpt":{"rendered":"<p>R\u00e6k ud til et online nembutal-apotek for at f\u00e5 hj\u00e6lp<\/p>\n<p>K\u00f8b Seconal Sodium til salg i Storbritannien, Europa og resten af \u200b\u200bverden til den bedst mulige pris ved at bestille online. Vores online Seconal Sodium apotek tilbyder en bred vifte af h\u00f8jkvalitets vitaminer og l\u00e6gemidler. G\u00e5 til webstedet for at afgive en ordre.<\/p>\n<p>Alle i verden kan k\u00f8be Nembutal online fra et onlineapotek. N\u00e5r som helst, hvor som helst, kan du kontakte os. Eventuelle sp\u00f8rgsm\u00e5l eller bekymringer, som vores kunder har, vil omg\u00e5ende blive behandlet af en af \u200b\u200bvores kundeservicerepr\u00e6sentanter. Vi begynder at pakke dit produkt, s\u00e5 snart vi modtager dine ordredata fra dig. Vi s\u00f8rger for, at alle vores kunder&#8217; medicin ankommer i sikker og forsvarlig emballage, og at ingen af \u200b\u200bdem er blevet pillet ved. Kvaliteten af \u200b\u200bdin medicin eller status for din levering er aldrig et problem, n\u00e5r du arbejder med os. Vi er her for at p\u00e5tage os det fulde ansvar for alt. Herfra kan du ikke forvente andet end det bedste for dit velv\u00e6re. Du kan komme i kontakt med os p\u00e5 telefon, e-mail eller sms. K\u00f8b Seconal Sodium Secobarbital 100 mg fra Online Nembutal Pharmacy i dag, og f\u00e5 det leveret i l\u00f8bet af kort tid.<\/p>\n","protected":false},"featured_media":5802,"comment_status":"open","ping_status":"closed","template":"","meta":[],"product_brand":[],"product_cat":[59,3818],"product_tag":[3819,3950,3903,3820,3821,3824,3826,3827,3828,3831,3834,3835,3843,3844,3882,3840,3841,3842,3920,3916,3918,3919,3927,3923,3954,3925,3922,3926,3830,3822,3823,3952,3829,3953,3906,3911,3907,3910,3909,3908,3845,3866,3869,3949,3913,3874,3875,3878,3881,3885,3886,3880,3894,3901,3898,3879,3884,3889,3890,3895,3896,3897,3902,3876,3893,3888,3891,3892,3899,3900,3883,3887,3951,3904,3948,3921],"class_list":{"0":"post-5792","1":"product","2":"type-product","3":"status-publish","4":"has-post-thumbnail","6":"product_cat-ukategoriseret","7":"product_cat-pentobarbital-til-salg","8":"product_tag-bedste-stof-til-selvmord-overdosis","9":"product_tag-bestille-nembutal-vske-online","10":"product_tag-pentobarbital-brug","11":"product_tag-buy-cheap-nembutal-liquid-online","12":"product_tag-buy-cheap-nembutal-online","13":"product_tag-buy-nembutal-pentobarbital-sodium","14":"product_tag-buy-nembutal-sodium-online","15":"product_tag-buy-pentobarbital-sodium","16":"product_tag-buy-pentobarbital-sodium-2021","17":"product_tag-can-i-buy-pentobarbital","18":"product_tag-can-you-buy-pentobarbital-sodium-over-the-counter","19":"product_tag-can-you-buy-sodium-pentobarbital","20":"product_tag-det-er-nemt-at-kbe-nembutal-online","21":"product_tag-ddelig-injection-buy-online","22":"product_tag-pentobarbital-natrium-dosering","23":"product_tag-how-to-acquire-nembutal","24":"product_tag-how-to-buy-nembutal-online","25":"product_tag-how-to-order-nembutal-by-mail","26":"product_tag-hvor-kan-jeg-kbe-natrium-pentobarbital","27":"product_tag-hvor-kan-jeg-kbe-nembutal-natrium-pentobarbital","28":"product_tag-hvor-kan-jeg-kbe-pentobarbital-natrium","29":"product_tag-hvor-kan-jeg-kbe-pentobarbital-natrium-sovepiller","30":"product_tag-hvor-kan-hentes-pentobarbital-natrium","31":"product_tag-hvor-kan-kbes-billigt-nembutal-online","32":"product_tag-hvor-kan-kbes-nembutal-vske-online","33":"product_tag-hvor-kan-kbes-pentobarbital-natrium","34":"product_tag-hvor-kan-du-kbe-pentobarbital-natrium","35":"product_tag-hvor-kan-kbes-pentobarbital-natrium-til-hunde","36":"product_tag-kb-natrium-pentobarbital-uk","37":"product_tag-kb-nembutal-her","38":"product_tag-k-c3-b8b-nembutal-v-c3-a6ske-online","39":"product_tag-kb-nembutal-vske-online","40":"product_tag-kb-pentobarbital-natrium-pentobarbital-natrium-salt","41":"product_tag-natrium","42":"product_tag-natrium-pentobarbital-nembutal","43":"product_tag-natrium-pentobarbital-holdbarhed","44":"product_tag-natrium-pentobarbital-omkostninger","45":"product_tag-natrium-pentobarbital-producenter","46":"product_tag-natrium-pentobarbital-til-eutanasi","47":"product_tag-natrium-pentobarbital-til-dyre-aflivning","48":"product_tag-nembutal","49":"product_tag-nembutal-piller-online","50":"product_tag-nembutal-suicide-dose","51":"product_tag-nembutal-vske-til-salg","52":"product_tag-nsker-at-kbe-nembutal","53":"product_tag-pentobarbital","54":"product_tag-pentobarbital-de-natrium-dosis-letale","55":"product_tag-pentobarbital-natrium-anstesi","56":"product_tag-pentobarbital-natrium-dd","57":"product_tag-pentobarbital-natrium-gruppe","58":"product_tag-pentobarbital-natrium-injektion-til-hunde","59":"product_tag-pentobarbital-natrium-kina","60":"product_tag-pentobarbital-natrium-piller","61":"product_tag-pentobarbital-natrium-tabletter","62":"product_tag-pentobarbital-natrium-salt","63":"product_tag-pentobarbital-sodium-buy","64":"product_tag-pentobarbital-sodium-for-humans","65":"product_tag-pentobarbital-sodium-injection-usp","66":"product_tag-pentobarbital-sodium-liquid","67":"product_tag-pentobarbital-sodium-powder","68":"product_tag-pentobarbital-sodium-prescription","69":"product_tag-pentobarbital-sodium-price","70":"product_tag-pentobarbital-sodium-where-to-buy","71":"product_tag-pentobarbital-til-eutanasi","72":"product_tag-pentobarbital-natrium-i-hndkb","73":"product_tag-pentobarbital-natrium-injektionervske","74":"product_tag-pentobarbital-natrium-nz","75":"product_tag-pentobarbital-natrium-oral","76":"product_tag-pentobarbital-natrium-sovepiller","77":"product_tag-pentobarbital-natrium-sovepiller-i-hndkb","78":"product_tag-pentobarbital-natrium-til-hunde","79":"product_tag-pentobarbital-natrium-injektion-til-mennesker","80":"product_tag-phenobarbital-natrium-intravens","81":"product_tag-purchase-nembutal-online","82":"product_tag-hvordan-man-kber-man-nembutal-vske-online","83":"product_tag-where-can-i-purchase-nembutal","85":"first","86":"instock","87":"shipping-taxable","88":"purchasable","89":"product-type-variable"},"yoast_head":"<!-- This site is optimized with the Yoast SEO plugin v27.3 - https:\/\/yoast.com\/product\/yoast-seo-wordpress\/ -->\n<title>K\u00f8b Seconal Sodium - Bedste bedste globale medicin<\/title>\n<meta name=\"description\" content=\"K\u00f8b Seconal Sodium til salg UK, Europa 100mg online til den bedste pris. K\u00e6mpe udvalg af kosttilskud og medicin af h\u00f8j kvalitet p\u00e5 vores online Seconal Sodium apotek. Bestil online.\" \/>\n<meta name=\"robots\" content=\"index, follow, max-snippet:-1, max-image-preview:large, max-video-preview:-1\" \/>\n<link rel=\"canonical\" href=\"https:\/\/medicinasinc.com\/da\/product\/kob-seconal-natrium\/\" \/>\n<meta property=\"og:locale\" content=\"en_US\" \/>\n<meta property=\"og:type\" content=\"article\" \/>\n<meta property=\"og:title\" content=\"K\u00f8b Seconal Sodium - Bedste bedste globale medicin\" \/>\n<meta property=\"og:description\" content=\"K\u00f8b Seconal Sodium til salg UK, Europa 100mg online til den bedste pris. K\u00e6mpe udvalg af kosttilskud og medicin af h\u00f8j kvalitet p\u00e5 vores online Seconal Sodium apotek. Bestil online.\" \/>\n<meta property=\"og:url\" content=\"https:\/\/medicinasinc.com\/da\/product\/kob-seconal-natrium\/\" \/>\n<meta property=\"og:site_name\" content=\"Medicinas Inc\" \/>\n<meta property=\"article:modified_time\" content=\"2022-03-20T00:27:10+00:00\" \/>\n<meta property=\"og:image\" content=\"https:\/\/medicinasinc.com\/da\/wp-content\/uploads\/sites\/8\/2022\/02\/Buy-Seconal-Sodium.jpg\" \/>\n\t<meta property=\"og:image:width\" content=\"600\" \/>\n\t<meta property=\"og:image:height\" content=\"600\" \/>\n\t<meta property=\"og:image:type\" content=\"image\/jpeg\" \/>\n<meta name=\"twitter:card\" content=\"summary_large_image\" \/>\n<meta name=\"twitter:label1\" content=\"Est. reading time\" \/>\n\t<meta name=\"twitter:data1\" content=\"2 minutes\" \/>\n<script type=\"application\/ld+json\" class=\"yoast-schema-graph\">{\"@context\":\"https:\\\/\\\/schema.org\",\"@graph\":[{\"@type\":\"WebPage\",\"@id\":\"https:\\\/\\\/medicinasinc.com\\\/da\\\/product\\\/kob-seconal-natrium\\\/\",\"url\":\"https:\\\/\\\/medicinasinc.com\\\/da\\\/product\\\/kob-seconal-natrium\\\/\",\"name\":\"K\u00f8b Seconal Sodium - Bedste bedste globale medicin\",\"isPartOf\":{\"@id\":\"https:\\\/\\\/medicinasinc.com\\\/da\\\/#website\"},\"primaryImageOfPage\":{\"@id\":\"https:\\\/\\\/medicinasinc.com\\\/da\\\/product\\\/kob-seconal-natrium\\\/#primaryimage\"},\"image\":{\"@id\":\"https:\\\/\\\/medicinasinc.com\\\/da\\\/product\\\/kob-seconal-natrium\\\/#primaryimage\"},\"thumbnailUrl\":\"https:\\\/\\\/medicinasinc.com\\\/da\\\/wp-content\\\/uploads\\\/sites\\\/8\\\/2022\\\/02\\\/Buy-Seconal-Sodium.jpg\",\"datePublished\":\"2022-02-22T06:20:38+00:00\",\"dateModified\":\"2022-03-20T00:27:10+00:00\",\"description\":\"K\u00f8b Seconal Sodium til salg UK, Europa 100mg online til den bedste pris. K\u00e6mpe udvalg af kosttilskud og medicin af h\u00f8j kvalitet p\u00e5 vores online Seconal Sodium apotek. Bestil online.\",\"breadcrumb\":{\"@id\":\"https:\\\/\\\/medicinasinc.com\\\/da\\\/product\\\/kob-seconal-natrium\\\/#breadcrumb\"},\"inLanguage\":\"en-US\",\"potentialAction\":[{\"@type\":\"ReadAction\",\"target\":[\"https:\\\/\\\/medicinasinc.com\\\/da\\\/product\\\/kob-seconal-natrium\\\/\"]}]},{\"@type\":\"ImageObject\",\"inLanguage\":\"en-US\",\"@id\":\"https:\\\/\\\/medicinasinc.com\\\/da\\\/product\\\/kob-seconal-natrium\\\/#primaryimage\",\"url\":\"https:\\\/\\\/medicinasinc.com\\\/da\\\/wp-content\\\/uploads\\\/sites\\\/8\\\/2022\\\/02\\\/Buy-Seconal-Sodium.jpg\",\"contentUrl\":\"https:\\\/\\\/medicinasinc.com\\\/da\\\/wp-content\\\/uploads\\\/sites\\\/8\\\/2022\\\/02\\\/Buy-Seconal-Sodium.jpg\",\"width\":600,\"height\":600},{\"@type\":\"BreadcrumbList\",\"@id\":\"https:\\\/\\\/medicinasinc.com\\\/da\\\/product\\\/kob-seconal-natrium\\\/#breadcrumb\",\"itemListElement\":[{\"@type\":\"ListItem\",\"position\":1,\"name\":\"Butik\",\"item\":\"https:\\\/\\\/medicinasinc.com\\\/da\\\/butik\\\/\"},{\"@type\":\"ListItem\",\"position\":2,\"name\":\"K\u00f8b Seconal Sodium\"}]},{\"@type\":\"WebSite\",\"@id\":\"https:\\\/\\\/medicinasinc.com\\\/da\\\/#website\",\"url\":\"https:\\\/\\\/medicinasinc.com\\\/da\\\/\",\"name\":\"Medicinas Inc\",\"description\":\"Health Medical Clinic\",\"potentialAction\":[{\"@type\":\"SearchAction\",\"target\":{\"@type\":\"EntryPoint\",\"urlTemplate\":\"https:\\\/\\\/medicinasinc.com\\\/da\\\/?s={search_term_string}\"},\"query-input\":{\"@type\":\"PropertyValueSpecification\",\"valueRequired\":true,\"valueName\":\"search_term_string\"}}],\"inLanguage\":\"en-US\"}]}<\/script>\n<!-- \/ Yoast SEO plugin. -->","yoast_head_json":{"title":"K\u00f8b Seconal Sodium - Bedste bedste globale medicin","description":"K\u00f8b Seconal Sodium til salg UK, Europa 100mg online til den bedste pris. K\u00e6mpe udvalg af kosttilskud og medicin af h\u00f8j kvalitet p\u00e5 vores online Seconal Sodium apotek. Bestil online.","robots":{"index":"index","follow":"follow","max-snippet":"max-snippet:-1","max-image-preview":"max-image-preview:large","max-video-preview":"max-video-preview:-1"},"canonical":"https:\/\/medicinasinc.com\/da\/product\/kob-seconal-natrium\/","og_locale":"en_US","og_type":"article","og_title":"K\u00f8b Seconal Sodium - Bedste bedste globale medicin","og_description":"K\u00f8b Seconal Sodium til salg UK, Europa 100mg online til den bedste pris. K\u00e6mpe udvalg af kosttilskud og medicin af h\u00f8j kvalitet p\u00e5 vores online Seconal Sodium apotek. Bestil online.","og_url":"https:\/\/medicinasinc.com\/da\/product\/kob-seconal-natrium\/","og_site_name":"Medicinas Inc","article_modified_time":"2022-03-20T00:27:10+00:00","og_image":[{"width":600,"height":600,"url":"https:\/\/medicinasinc.com\/da\/wp-content\/uploads\/sites\/8\/2022\/02\/Buy-Seconal-Sodium.jpg","type":"image\/jpeg"}],"twitter_card":"summary_large_image","twitter_misc":{"Est. reading time":"2 minutes"},"schema":{"@context":"https:\/\/schema.org","@graph":[{"@type":"WebPage","@id":"https:\/\/medicinasinc.com\/da\/product\/kob-seconal-natrium\/","url":"https:\/\/medicinasinc.com\/da\/product\/kob-seconal-natrium\/","name":"K\u00f8b Seconal Sodium - Bedste bedste globale medicin","isPartOf":{"@id":"https:\/\/medicinasinc.com\/da\/#website"},"primaryImageOfPage":{"@id":"https:\/\/medicinasinc.com\/da\/product\/kob-seconal-natrium\/#primaryimage"},"image":{"@id":"https:\/\/medicinasinc.com\/da\/product\/kob-seconal-natrium\/#primaryimage"},"thumbnailUrl":"https:\/\/medicinasinc.com\/da\/wp-content\/uploads\/sites\/8\/2022\/02\/Buy-Seconal-Sodium.jpg","datePublished":"2022-02-22T06:20:38+00:00","dateModified":"2022-03-20T00:27:10+00:00","description":"K\u00f8b Seconal Sodium til salg UK, Europa 100mg online til den bedste pris. K\u00e6mpe udvalg af kosttilskud og medicin af h\u00f8j kvalitet p\u00e5 vores online Seconal Sodium apotek. Bestil online.","breadcrumb":{"@id":"https:\/\/medicinasinc.com\/da\/product\/kob-seconal-natrium\/#breadcrumb"},"inLanguage":"en-US","potentialAction":[{"@type":"ReadAction","target":["https:\/\/medicinasinc.com\/da\/product\/kob-seconal-natrium\/"]}]},{"@type":"ImageObject","inLanguage":"en-US","@id":"https:\/\/medicinasinc.com\/da\/product\/kob-seconal-natrium\/#primaryimage","url":"https:\/\/medicinasinc.com\/da\/wp-content\/uploads\/sites\/8\/2022\/02\/Buy-Seconal-Sodium.jpg","contentUrl":"https:\/\/medicinasinc.com\/da\/wp-content\/uploads\/sites\/8\/2022\/02\/Buy-Seconal-Sodium.jpg","width":600,"height":600},{"@type":"BreadcrumbList","@id":"https:\/\/medicinasinc.com\/da\/product\/kob-seconal-natrium\/#breadcrumb","itemListElement":[{"@type":"ListItem","position":1,"name":"Butik","item":"https:\/\/medicinasinc.com\/da\/butik\/"},{"@type":"ListItem","position":2,"name":"K\u00f8b Seconal Sodium"}]},{"@type":"WebSite","@id":"https:\/\/medicinasinc.com\/da\/#website","url":"https:\/\/medicinasinc.com\/da\/","name":"Medicinas Inc","description":"Health Medical Clinic","potentialAction":[{"@type":"SearchAction","target":{"@type":"EntryPoint","urlTemplate":"https:\/\/medicinasinc.com\/da\/?s={search_term_string}"},"query-input":{"@type":"PropertyValueSpecification","valueRequired":true,"valueName":"search_term_string"}}],"inLanguage":"en-US"}]}},"_links":{"self":[{"href":"https:\/\/medicinasinc.com\/da\/wp-json\/wp\/v2\/product\/5792","targetHints":{"allow":["GET"]}}],"collection":[{"href":"https:\/\/medicinasinc.com\/da\/wp-json\/wp\/v2\/product"}],"about":[{"href":"https:\/\/medicinasinc.com\/da\/wp-json\/wp\/v2\/types\/product"}],"replies":[{"embeddable":true,"href":"https:\/\/medicinasinc.com\/da\/wp-json\/wp\/v2\/comments?post=5792"}],"wp:featuredmedia":[{"embeddable":true,"href":"https:\/\/medicinasinc.com\/da\/wp-json\/wp\/v2\/media\/5802"}],"wp:attachment":[{"href":"https:\/\/medicinasinc.com\/da\/wp-json\/wp\/v2\/media?parent=5792"}],"wp:term":[{"taxonomy":"product_brand","embeddable":true,"href":"https:\/\/medicinasinc.com\/da\/wp-json\/wp\/v2\/product_brand?post=5792"},{"taxonomy":"product_cat","embeddable":true,"href":"https:\/\/medicinasinc.com\/da\/wp-json\/wp\/v2\/product_cat?post=5792"},{"taxonomy":"product_tag","embeddable":true,"href":"https:\/\/medicinasinc.com\/da\/wp-json\/wp\/v2\/product_tag?post=5792"}],"curies":[{"name":"wp","href":"https:\/\/api.w.org\/{rel}","templated":true}]}}