{"id":5785,"date":"2022-02-22T06:12:06","date_gmt":"2022-02-22T06:12:06","guid":{"rendered":"https:\/\/medicinasinc.com\/da\/?post_type=product&#038;p=5785"},"modified":"2022-03-20T00:27:19","modified_gmt":"2022-03-20T00:27:19","slug":"kob-nembutal-pentobarbital-natrium","status":"publish","type":"product","link":"https:\/\/medicinasinc.com\/da\/product\/kob-nembutal-pentobarbital-natrium\/","title":{"rendered":"K\u00f8b Nembutal Pentobarbital Sodium"},"content":{"rendered":"<p>Best Global Med tilbyder den bedste pris og kvalitet p\u00e5 Nembutal Pentobarbital Sodium til salg. Indsend en online anmodning p\u00e5 vores hjemmeside.<\/p>\n<p>Der er flere grunde til, at folk v\u00e6lger Nembutal Pentobarbital til oral brug, men en af \u200b\u200bde mest almindelige er den flydende form.<\/p>\n<p>En flydende form. af Nembutal Phenobarbital (ogs\u00e5 kendt som Nembutal) er en barbituratmedicin. Mens det blev brugt i vid udstr\u00e6kning som s\u00f8vnhj\u00e6lp i 1940&#8217;erne og 1950&#8217;erne, blev hypnotisering ogs\u00e5 brugt som en form for angstd\u00e6mpende stof (for eksempel narkotikum). Overdosering af Nembutal er langt mere d\u00f8deligt, end det er med nutidens s\u00f8vnmidler. Det er et af de bedste stoffer til assisteret selvmord, fordi det er solidt og stille. Nembutal bruges af bevidste udryddelsesorganisationer i USA (Oregon Death With Dignity Act), Schweiz (Dignitas) og Holland.<\/p>\n<p>Nembutal blev fjernet fra markedet, fordi det var s\u00e5 nemt at overdosere det. (uanset om det er tilf\u00e6ldigt eller planlagt), s\u00e5 det blev erstattet af mere sikre sovemedicin. For \u00e5ret 1998 blev Nembutal fjernet fra den australske regerings liste over anbefalede medicin. Nembutal bliver derimod stadig brugt af dyrl\u00e6ger til at afslutte livet for st\u00f8rre dyr. Mange mennesker var i stand til at f\u00e5 veterin\u00e6r Nembutal for at afslutte deres liv. Marilyn Monroe, den legendariske amerikanske skuespillerinde og sangerinde, dr\u00e6bte sig tilsyneladende med en d\u00f8delig dosis Nembutal.<\/p>\n<p>Da Dr. John S. Lundy f\u00f8rst begyndte at bruge natriumsaltligningen &#8211; Na (natrium) + ethyl + methyl + butyl + al\u2014i 1930 fik det m\u00e6rkenavnet &#8220;Nembutal&#8221; (normalt postfix for barbiturater). I Danmark ejer Lundbeck varem\u00e6rket og fremstiller Nembutal.<\/p>\n<p>Korttidsvirkende barbiturater omfatter phenobarbital (amerikansk engelsk) og pentobarbiton (engelsk engelsk). N\u00e5r det kommer til phenobarbital, kommer det i en r\u00e6kke forskellige former, herunder frit \u00e6tsende og salte af forskellige bestanddele, s\u00e5som natrium og calcium. I vand og ethanol er det frie \u00e6tsende kun lidt opl\u00f8seligt. Nembutal er et af l\u00e6gemidlets m\u00e6rkenavne.<\/p>\n<p>Den kemiske formel for C11H18N2O3 er som f\u00f8lger:<\/p>\n<p>Leveren er involveret i metaboliske processer.<\/p>\n<p>Halveringstid af organiske forbindelser: 15\u201348 timer. Pulveriseret v\u00e6ske, piller<\/p>\n","protected":false},"excerpt":{"rendered":"<p>K\u00f8b Nembutal Pentobarbital Sodium online fra vores Bestglobalmeds.com-butik og f\u00e5 det leveret til din d\u00f8r med det samme! Du finder det bedste sted at k\u00f8be Nembutal online lige her!<\/p>\n<p>Du kan k\u00f8be Nembutal online fra Best Global Meds, som leverer til din d\u00f8r. Nembutal uden recept er tilg\u00e6ngelig her til de laveste omkostninger.<\/p>\n<p>Da overdoser af Nembutal var s\u00e5 almindelige, blev l\u00e6gemidlet trukket tilbage fra markedet og erstattet med mere sikre sovemidler. Australiere fik ikke l\u00e6ngere lov til at anbefale Nembutal som en behandlingsmulighed i 1998. Under alle omst\u00e6ndigheder forts\u00e6tter veteraner med at tage Nembutal.<\/p>\n","protected":false},"featured_media":5796,"comment_status":"open","ping_status":"closed","template":"","meta":[],"product_brand":[],"product_cat":[3818],"product_tag":[3819,3950,3903,3820,3821,3824,3826,3827,3828,3831,3834,3835,3843,3844,3882,3840,3841,3842,3920,3916,3918,3919,3927,3923,3954,3922,3925,3926,3830,3822,3823,3952,3829,3953,3906,3911,3907,3910,3909,3908,3845,3866,3869,3949,3913,3874,3875,3878,3881,3885,3886,3880,3894,3901,3898,3879,3884,3889,3890,3895,3896,3897,3902,3876,3893,3888,3891,3892,3899,3900,3883,3887,3951,3904,3948,3921],"class_list":{"0":"post-5785","1":"product","2":"type-product","3":"status-publish","4":"has-post-thumbnail","6":"product_cat-pentobarbital-til-salg","7":"product_tag-bedste-stof-til-selvmord-overdosis","8":"product_tag-bestille-nembutal-vske-online","9":"product_tag-pentobarbital-brug","10":"product_tag-buy-cheap-nembutal-liquid-online","11":"product_tag-buy-cheap-nembutal-online","12":"product_tag-buy-nembutal-pentobarbital-sodium","13":"product_tag-buy-nembutal-sodium-online","14":"product_tag-buy-pentobarbital-sodium","15":"product_tag-buy-pentobarbital-sodium-2021","16":"product_tag-can-i-buy-pentobarbital","17":"product_tag-can-you-buy-pentobarbital-sodium-over-the-counter","18":"product_tag-can-you-buy-sodium-pentobarbital","19":"product_tag-det-er-nemt-at-kbe-nembutal-online","20":"product_tag-ddelig-injection-buy-online","21":"product_tag-pentobarbital-natrium-dosering","22":"product_tag-how-to-acquire-nembutal","23":"product_tag-how-to-buy-nembutal-online","24":"product_tag-how-to-order-nembutal-by-mail","25":"product_tag-hvor-kan-jeg-kbe-natrium-pentobarbital","26":"product_tag-hvor-kan-jeg-kbe-nembutal-natrium-pentobarbital","27":"product_tag-hvor-kan-jeg-kbe-pentobarbital-natrium","28":"product_tag-hvor-kan-jeg-kbe-pentobarbital-natrium-sovepiller","29":"product_tag-hvor-kan-hentes-pentobarbital-natrium","30":"product_tag-hvor-kan-kbes-billigt-nembutal-online","31":"product_tag-hvor-kan-kbes-nembutal-vske-online","32":"product_tag-hvor-kan-du-kbe-pentobarbital-natrium","33":"product_tag-hvor-kan-kbes-pentobarbital-natrium","34":"product_tag-hvor-kan-kbes-pentobarbital-natrium-til-hunde","35":"product_tag-kb-natrium-pentobarbital-uk","36":"product_tag-kb-nembutal-her","37":"product_tag-k-c3-b8b-nembutal-v-c3-a6ske-online","38":"product_tag-kb-nembutal-vske-online","39":"product_tag-kb-pentobarbital-natrium-pentobarbital-natrium-salt","40":"product_tag-natrium","41":"product_tag-natrium-pentobarbital-nembutal","42":"product_tag-natrium-pentobarbital-holdbarhed","43":"product_tag-natrium-pentobarbital-omkostninger","44":"product_tag-natrium-pentobarbital-producenter","45":"product_tag-natrium-pentobarbital-til-eutanasi","46":"product_tag-natrium-pentobarbital-til-dyre-aflivning","47":"product_tag-nembutal","48":"product_tag-nembutal-piller-online","49":"product_tag-nembutal-suicide-dose","50":"product_tag-nembutal-vske-til-salg","51":"product_tag-nsker-at-kbe-nembutal","52":"product_tag-pentobarbital","53":"product_tag-pentobarbital-de-natrium-dosis-letale","54":"product_tag-pentobarbital-natrium-anstesi","55":"product_tag-pentobarbital-natrium-dd","56":"product_tag-pentobarbital-natrium-gruppe","57":"product_tag-pentobarbital-natrium-injektion-til-hunde","58":"product_tag-pentobarbital-natrium-kina","59":"product_tag-pentobarbital-natrium-piller","60":"product_tag-pentobarbital-natrium-tabletter","61":"product_tag-pentobarbital-natrium-salt","62":"product_tag-pentobarbital-sodium-buy","63":"product_tag-pentobarbital-sodium-for-humans","64":"product_tag-pentobarbital-sodium-injection-usp","65":"product_tag-pentobarbital-sodium-liquid","66":"product_tag-pentobarbital-sodium-powder","67":"product_tag-pentobarbital-sodium-prescription","68":"product_tag-pentobarbital-sodium-price","69":"product_tag-pentobarbital-sodium-where-to-buy","70":"product_tag-pentobarbital-til-eutanasi","71":"product_tag-pentobarbital-natrium-i-hndkb","72":"product_tag-pentobarbital-natrium-injektionervske","73":"product_tag-pentobarbital-natrium-nz","74":"product_tag-pentobarbital-natrium-oral","75":"product_tag-pentobarbital-natrium-sovepiller","76":"product_tag-pentobarbital-natrium-sovepiller-i-hndkb","77":"product_tag-pentobarbital-natrium-til-hunde","78":"product_tag-pentobarbital-natrium-injektion-til-mennesker","79":"product_tag-phenobarbital-natrium-intravens","80":"product_tag-purchase-nembutal-online","81":"product_tag-hvordan-man-kber-man-nembutal-vske-online","82":"product_tag-where-can-i-purchase-nembutal","84":"first","85":"instock","86":"shipping-taxable","87":"purchasable","88":"product-type-variable"},"yoast_head":"<!-- This site is optimized with the Yoast SEO plugin v27.3 - https:\/\/yoast.com\/product\/yoast-seo-wordpress\/ -->\n<title>K\u00f8b Nembutal Pentobarbital Sodium - Bedste globale medicin<\/title>\n<meta name=\"description\" content=\"K\u00f8b Nembutal Pentobarbital Sodium UK, Europa, Asien, Kina i vores Bestglobalmeds.com online shop med hurtig levering over hele verden! Den bedste Nembutal til bestilling finder du her!\" \/>\n<meta name=\"robots\" content=\"index, follow, max-snippet:-1, max-image-preview:large, max-video-preview:-1\" \/>\n<link rel=\"canonical\" href=\"https:\/\/medicinasinc.com\/da\/product\/kob-nembutal-pentobarbital-natrium\/\" \/>\n<meta property=\"og:locale\" content=\"en_US\" \/>\n<meta property=\"og:type\" content=\"article\" \/>\n<meta property=\"og:title\" content=\"K\u00f8b Nembutal Pentobarbital Sodium - Bedste globale medicin\" \/>\n<meta property=\"og:description\" content=\"K\u00f8b Nembutal Pentobarbital Sodium UK, Europa, Asien, Kina i vores Bestglobalmeds.com online shop med hurtig levering over hele verden! Den bedste Nembutal til bestilling finder du her!\" \/>\n<meta property=\"og:url\" content=\"https:\/\/medicinasinc.com\/da\/product\/kob-nembutal-pentobarbital-natrium\/\" \/>\n<meta property=\"og:site_name\" content=\"Medicinas Inc\" \/>\n<meta property=\"article:modified_time\" content=\"2022-03-20T00:27:19+00:00\" \/>\n<meta property=\"og:image\" content=\"https:\/\/medicinasinc.com\/da\/wp-content\/uploads\/sites\/8\/2022\/02\/Buy-Pentobarbital-Sodium-1.jpg\" \/>\n\t<meta property=\"og:image:width\" content=\"356\" \/>\n\t<meta property=\"og:image:height\" content=\"540\" \/>\n\t<meta property=\"og:image:type\" content=\"image\/jpeg\" \/>\n<meta name=\"twitter:card\" content=\"summary_large_image\" \/>\n<meta name=\"twitter:label1\" content=\"Est. reading time\" \/>\n\t<meta name=\"twitter:data1\" content=\"2 minutes\" \/>\n<script type=\"application\/ld+json\" class=\"yoast-schema-graph\">{\"@context\":\"https:\\\/\\\/schema.org\",\"@graph\":[{\"@type\":\"WebPage\",\"@id\":\"https:\\\/\\\/medicinasinc.com\\\/da\\\/product\\\/kob-nembutal-pentobarbital-natrium\\\/\",\"url\":\"https:\\\/\\\/medicinasinc.com\\\/da\\\/product\\\/kob-nembutal-pentobarbital-natrium\\\/\",\"name\":\"K\u00f8b Nembutal Pentobarbital Sodium - Bedste globale medicin\",\"isPartOf\":{\"@id\":\"https:\\\/\\\/medicinasinc.com\\\/da\\\/#website\"},\"primaryImageOfPage\":{\"@id\":\"https:\\\/\\\/medicinasinc.com\\\/da\\\/product\\\/kob-nembutal-pentobarbital-natrium\\\/#primaryimage\"},\"image\":{\"@id\":\"https:\\\/\\\/medicinasinc.com\\\/da\\\/product\\\/kob-nembutal-pentobarbital-natrium\\\/#primaryimage\"},\"thumbnailUrl\":\"https:\\\/\\\/medicinasinc.com\\\/da\\\/wp-content\\\/uploads\\\/sites\\\/8\\\/2022\\\/02\\\/Buy-Pentobarbital-Sodium-1.jpg\",\"datePublished\":\"2022-02-22T06:12:06+00:00\",\"dateModified\":\"2022-03-20T00:27:19+00:00\",\"description\":\"K\u00f8b Nembutal Pentobarbital Sodium UK, Europa, Asien, Kina i vores Bestglobalmeds.com online shop med hurtig levering over hele verden! Den bedste Nembutal til bestilling finder du her!\",\"breadcrumb\":{\"@id\":\"https:\\\/\\\/medicinasinc.com\\\/da\\\/product\\\/kob-nembutal-pentobarbital-natrium\\\/#breadcrumb\"},\"inLanguage\":\"en-US\",\"potentialAction\":[{\"@type\":\"ReadAction\",\"target\":[\"https:\\\/\\\/medicinasinc.com\\\/da\\\/product\\\/kob-nembutal-pentobarbital-natrium\\\/\"]}]},{\"@type\":\"ImageObject\",\"inLanguage\":\"en-US\",\"@id\":\"https:\\\/\\\/medicinasinc.com\\\/da\\\/product\\\/kob-nembutal-pentobarbital-natrium\\\/#primaryimage\",\"url\":\"https:\\\/\\\/medicinasinc.com\\\/da\\\/wp-content\\\/uploads\\\/sites\\\/8\\\/2022\\\/02\\\/Buy-Pentobarbital-Sodium-1.jpg\",\"contentUrl\":\"https:\\\/\\\/medicinasinc.com\\\/da\\\/wp-content\\\/uploads\\\/sites\\\/8\\\/2022\\\/02\\\/Buy-Pentobarbital-Sodium-1.jpg\",\"width\":356,\"height\":540},{\"@type\":\"BreadcrumbList\",\"@id\":\"https:\\\/\\\/medicinasinc.com\\\/da\\\/product\\\/kob-nembutal-pentobarbital-natrium\\\/#breadcrumb\",\"itemListElement\":[{\"@type\":\"ListItem\",\"position\":1,\"name\":\"Butik\",\"item\":\"https:\\\/\\\/medicinasinc.com\\\/da\\\/butik\\\/\"},{\"@type\":\"ListItem\",\"position\":2,\"name\":\"K\u00f8b Nembutal Pentobarbital Sodium\"}]},{\"@type\":\"WebSite\",\"@id\":\"https:\\\/\\\/medicinasinc.com\\\/da\\\/#website\",\"url\":\"https:\\\/\\\/medicinasinc.com\\\/da\\\/\",\"name\":\"Medicinas Inc\",\"description\":\"Health Medical Clinic\",\"potentialAction\":[{\"@type\":\"SearchAction\",\"target\":{\"@type\":\"EntryPoint\",\"urlTemplate\":\"https:\\\/\\\/medicinasinc.com\\\/da\\\/?s={search_term_string}\"},\"query-input\":{\"@type\":\"PropertyValueSpecification\",\"valueRequired\":true,\"valueName\":\"search_term_string\"}}],\"inLanguage\":\"en-US\"}]}<\/script>\n<!-- \/ Yoast SEO plugin. -->","yoast_head_json":{"title":"K\u00f8b Nembutal Pentobarbital Sodium - Bedste globale medicin","description":"K\u00f8b Nembutal Pentobarbital Sodium UK, Europa, Asien, Kina i vores Bestglobalmeds.com online shop med hurtig levering over hele verden! Den bedste Nembutal til bestilling finder du her!","robots":{"index":"index","follow":"follow","max-snippet":"max-snippet:-1","max-image-preview":"max-image-preview:large","max-video-preview":"max-video-preview:-1"},"canonical":"https:\/\/medicinasinc.com\/da\/product\/kob-nembutal-pentobarbital-natrium\/","og_locale":"en_US","og_type":"article","og_title":"K\u00f8b Nembutal Pentobarbital Sodium - Bedste globale medicin","og_description":"K\u00f8b Nembutal Pentobarbital Sodium UK, Europa, Asien, Kina i vores Bestglobalmeds.com online shop med hurtig levering over hele verden! Den bedste Nembutal til bestilling finder du her!","og_url":"https:\/\/medicinasinc.com\/da\/product\/kob-nembutal-pentobarbital-natrium\/","og_site_name":"Medicinas Inc","article_modified_time":"2022-03-20T00:27:19+00:00","og_image":[{"width":356,"height":540,"url":"https:\/\/medicinasinc.com\/da\/wp-content\/uploads\/sites\/8\/2022\/02\/Buy-Pentobarbital-Sodium-1.jpg","type":"image\/jpeg"}],"twitter_card":"summary_large_image","twitter_misc":{"Est. reading time":"2 minutes"},"schema":{"@context":"https:\/\/schema.org","@graph":[{"@type":"WebPage","@id":"https:\/\/medicinasinc.com\/da\/product\/kob-nembutal-pentobarbital-natrium\/","url":"https:\/\/medicinasinc.com\/da\/product\/kob-nembutal-pentobarbital-natrium\/","name":"K\u00f8b Nembutal Pentobarbital Sodium - Bedste globale medicin","isPartOf":{"@id":"https:\/\/medicinasinc.com\/da\/#website"},"primaryImageOfPage":{"@id":"https:\/\/medicinasinc.com\/da\/product\/kob-nembutal-pentobarbital-natrium\/#primaryimage"},"image":{"@id":"https:\/\/medicinasinc.com\/da\/product\/kob-nembutal-pentobarbital-natrium\/#primaryimage"},"thumbnailUrl":"https:\/\/medicinasinc.com\/da\/wp-content\/uploads\/sites\/8\/2022\/02\/Buy-Pentobarbital-Sodium-1.jpg","datePublished":"2022-02-22T06:12:06+00:00","dateModified":"2022-03-20T00:27:19+00:00","description":"K\u00f8b Nembutal Pentobarbital Sodium UK, Europa, Asien, Kina i vores Bestglobalmeds.com online shop med hurtig levering over hele verden! Den bedste Nembutal til bestilling finder du her!","breadcrumb":{"@id":"https:\/\/medicinasinc.com\/da\/product\/kob-nembutal-pentobarbital-natrium\/#breadcrumb"},"inLanguage":"en-US","potentialAction":[{"@type":"ReadAction","target":["https:\/\/medicinasinc.com\/da\/product\/kob-nembutal-pentobarbital-natrium\/"]}]},{"@type":"ImageObject","inLanguage":"en-US","@id":"https:\/\/medicinasinc.com\/da\/product\/kob-nembutal-pentobarbital-natrium\/#primaryimage","url":"https:\/\/medicinasinc.com\/da\/wp-content\/uploads\/sites\/8\/2022\/02\/Buy-Pentobarbital-Sodium-1.jpg","contentUrl":"https:\/\/medicinasinc.com\/da\/wp-content\/uploads\/sites\/8\/2022\/02\/Buy-Pentobarbital-Sodium-1.jpg","width":356,"height":540},{"@type":"BreadcrumbList","@id":"https:\/\/medicinasinc.com\/da\/product\/kob-nembutal-pentobarbital-natrium\/#breadcrumb","itemListElement":[{"@type":"ListItem","position":1,"name":"Butik","item":"https:\/\/medicinasinc.com\/da\/butik\/"},{"@type":"ListItem","position":2,"name":"K\u00f8b Nembutal Pentobarbital Sodium"}]},{"@type":"WebSite","@id":"https:\/\/medicinasinc.com\/da\/#website","url":"https:\/\/medicinasinc.com\/da\/","name":"Medicinas Inc","description":"Health Medical Clinic","potentialAction":[{"@type":"SearchAction","target":{"@type":"EntryPoint","urlTemplate":"https:\/\/medicinasinc.com\/da\/?s={search_term_string}"},"query-input":{"@type":"PropertyValueSpecification","valueRequired":true,"valueName":"search_term_string"}}],"inLanguage":"en-US"}]}},"_links":{"self":[{"href":"https:\/\/medicinasinc.com\/da\/wp-json\/wp\/v2\/product\/5785","targetHints":{"allow":["GET"]}}],"collection":[{"href":"https:\/\/medicinasinc.com\/da\/wp-json\/wp\/v2\/product"}],"about":[{"href":"https:\/\/medicinasinc.com\/da\/wp-json\/wp\/v2\/types\/product"}],"replies":[{"embeddable":true,"href":"https:\/\/medicinasinc.com\/da\/wp-json\/wp\/v2\/comments?post=5785"}],"wp:featuredmedia":[{"embeddable":true,"href":"https:\/\/medicinasinc.com\/da\/wp-json\/wp\/v2\/media\/5796"}],"wp:attachment":[{"href":"https:\/\/medicinasinc.com\/da\/wp-json\/wp\/v2\/media?parent=5785"}],"wp:term":[{"taxonomy":"product_brand","embeddable":true,"href":"https:\/\/medicinasinc.com\/da\/wp-json\/wp\/v2\/product_brand?post=5785"},{"taxonomy":"product_cat","embeddable":true,"href":"https:\/\/medicinasinc.com\/da\/wp-json\/wp\/v2\/product_cat?post=5785"},{"taxonomy":"product_tag","embeddable":true,"href":"https:\/\/medicinasinc.com\/da\/wp-json\/wp\/v2\/product_tag?post=5785"}],"curies":[{"name":"wp","href":"https:\/\/api.w.org\/{rel}","templated":true}]}}