{"id":5781,"date":"2022-02-22T06:07:08","date_gmt":"2022-02-22T06:07:08","guid":{"rendered":"https:\/\/medicinasinc.com\/da\/?post_type=product&#038;p=5781"},"modified":"2022-03-20T00:27:29","modified_gmt":"2022-03-20T00:27:29","slug":"kob-nembutal-pulver","status":"publish","type":"product","link":"https:\/\/medicinasinc.com\/da\/product\/kob-nembutal-pulver\/","title":{"rendered":"K\u00f8b Nembutal Powder"},"content":{"rendered":"<p>Nembutalpulver fra de bedste leverand\u00f8rer til de laveste priser<\/p>\n<p>P\u00e5 onlinemarkedet kan du finde h\u00f8jkvalitetsmedicin og l\u00e6gemidler p\u00e5 Online Nembutal Pharmacy. For at f\u00e5 Nembutal Powder fra de bedste Nembutal Powder leverand\u00f8rer, b\u00f8r du komme til vores apotek. Kontakt os i dag, s\u00e5 l\u00f8ser vi dit arbejde med det samme. Din medicin vil blive leveret til den adresse, du angiver. For at f\u00e5 det bedste tilbud p\u00e5 Nembutal pulver skal du afgive din bestilling med det samme!<\/p>\n<p>Ved brug af Nembutal Powder, hvad kan du forvente at vinde?<\/p>\n<p>Nembutal Powder er kendt for at hj\u00e6lpe s\u00f8vnl\u00f8se og dem, der finder det er sv\u00e6rt at sove, f\u00e5 nogle lukkede \u00f8jne. I mange tilf\u00e6lde bruges det som en anti-angst medicin. Vores onlineapotek er det bedste sted at erhverve Nembutal Powder, hvis du har de samme m\u00e5l i tankerne.<\/p>\n<p>Hvilken netbutik s\u00e6lger det bedste Nembutal Powder?<\/p>\n<p>Uanset din grund til at bestille Nembutal Powder , kan du altid stole p\u00e5 Online Nembutal Pharmacy for at f\u00e5 arbejdet gjort rigtigt for dig.<\/p>\n<p>Vi forst\u00e5r vores kunders behov og forventninger p\u00e5 grund af vores mange\u00e5rige ekspertise. Vi har aldrig adgang til eller opbevarer nogen af \u200b\u200bdine kreditkort- eller personlige oplysninger. Alle oplysninger holdes private. Det betyder, at du kan k\u00f8be Nembutal-pulver online hos os til den bedste pris.<\/p>\n<p>Hvis du foretager et k\u00f8b fra vores onlineapotek, vil du v\u00e6re et skridt foran konkurrenterne. Med tiden har vi f\u00e5et mange potentielle forbrugere. Hvis du leder efter det bedste, s\u00e5 t\u00f8v ikke med at kontakte os til enhver tid.<\/p>\n","protected":false},"excerpt":{"rendered":"<p>Der er en r\u00e6kke onlineapoteker, der s\u00e6lger Nembutal Powder pentobarbitalnatrium til salg, herunder bestglobalmeds.com. Du finder det bedste sted at k\u00f8be Nembutal online lige her! Det er nu muligt at f\u00e5 et Nembutal-apotek online fra dit eget hjem. Nembutal Powder til salg til de lavest mulige omkostninger kan findes her.<\/p>\n<p>Best Global Meds tilbyder Nembutal Powder til salg online til overkommelige priser. Nembutal piller, tabletter og kapsler af h\u00f8jeste kvalitet kan k\u00f8bes til de st\u00f8rste omkostninger. T\u00f8v ikke med at kontakte os med det samme!<\/p>\n","protected":false},"featured_media":5791,"comment_status":"open","ping_status":"closed","template":"","meta":[],"product_brand":[],"product_cat":[3818],"product_tag":[3943,3942,3929,3832,3945,3930,3931,3946,3947,3839,3928,3944,3845,3934,3933,3935,3932,3939,3940,3941,3936,3938,3937],"class_list":{"0":"post-5781","1":"product","2":"type-product","3":"status-publish","4":"has-post-thumbnail","6":"product_cat-pentobarbital-til-salg","7":"product_tag-bestil-nembutal-pulver-online","8":"product_tag-ordre-nembutal-pulver","9":"product_tag-buy-nembutal-powder-online","10":"product_tag-can-i-order-nembutal-online","11":"product_tag-det-bedste-sted-at-kbe-nembutal-pulver-online","12":"product_tag-how-can-i-order-nembutal-powder","13":"product_tag-how-to-buy-nembutal-powder-online","14":"product_tag-hvor-kan-jeg-kbe-nembutal-pulver","15":"product_tag-hvor-kan-kbes-nembutal-pulver-online","16":"product_tag-hvordan-kan-jeg-tage-nembutal","17":"product_tag-kb-nembutal-online","18":"product_tag-kb-nembutal-pulver-online","19":"product_tag-nembutal","20":"product_tag-nembutal-kb-online","21":"product_tag-nembutal-kb-strig","22":"product_tag-nembutal-buy-uk","23":"product_tag-nembutal-kb-australien","24":"product_tag-nembutal-powder-for-sale","25":"product_tag-nembutal-powder-overdose","26":"product_tag-nembutal-powder-supplier","27":"product_tag-nonbutal-pulver","28":"product_tag-nembutal-pulver-dosis","29":"product_tag-nembutal-pulver-kb","31":"first","32":"instock","33":"shipping-taxable","34":"purchasable","35":"product-type-variable"},"yoast_head":"<!-- This site is optimized with the Yoast SEO plugin v27.3 - https:\/\/yoast.com\/product\/yoast-seo-wordpress\/ -->\n<title>K\u00f8b Nembutal Powder - Pentobarbital sodium - Best Global Meds<\/title>\n<meta name=\"description\" content=\"K\u00f8b Nembutal Powder pentobarbitalnatrium til salg i Storbritannien, UAE, Europa, Kina i vores bestglobalmeds.com onlinebutik med hurtig levering over hele verden! Den bedste Nembutal til bestilling finder du her!\" \/>\n<meta name=\"robots\" content=\"index, follow, max-snippet:-1, max-image-preview:large, max-video-preview:-1\" \/>\n<link rel=\"canonical\" href=\"https:\/\/medicinasinc.com\/da\/product\/kob-nembutal-pulver\/\" \/>\n<meta property=\"og:locale\" content=\"en_US\" \/>\n<meta property=\"og:type\" content=\"article\" \/>\n<meta property=\"og:title\" content=\"K\u00f8b Nembutal Powder - Pentobarbital sodium - Best Global Meds\" \/>\n<meta property=\"og:description\" content=\"K\u00f8b Nembutal Powder pentobarbitalnatrium til salg i Storbritannien, UAE, Europa, Kina i vores bestglobalmeds.com onlinebutik med hurtig levering over hele verden! Den bedste Nembutal til bestilling finder du her!\" \/>\n<meta property=\"og:url\" content=\"https:\/\/medicinasinc.com\/da\/product\/kob-nembutal-pulver\/\" \/>\n<meta property=\"og:site_name\" content=\"Medicinas Inc\" \/>\n<meta property=\"article:modified_time\" content=\"2022-03-20T00:27:29+00:00\" \/>\n<meta property=\"og:image\" content=\"https:\/\/medicinasinc.com\/da\/wp-content\/uploads\/sites\/8\/2022\/02\/Buy-Nembutal-Powder-2.jpg\" \/>\n\t<meta property=\"og:image:width\" content=\"600\" \/>\n\t<meta property=\"og:image:height\" content=\"600\" \/>\n\t<meta property=\"og:image:type\" content=\"image\/jpeg\" \/>\n<meta name=\"twitter:card\" content=\"summary_large_image\" \/>\n<meta name=\"twitter:label1\" content=\"Est. reading time\" \/>\n\t<meta name=\"twitter:data1\" content=\"2 minutes\" \/>\n<script type=\"application\/ld+json\" class=\"yoast-schema-graph\">{\"@context\":\"https:\\\/\\\/schema.org\",\"@graph\":[{\"@type\":\"WebPage\",\"@id\":\"https:\\\/\\\/medicinasinc.com\\\/da\\\/product\\\/kob-nembutal-pulver\\\/\",\"url\":\"https:\\\/\\\/medicinasinc.com\\\/da\\\/product\\\/kob-nembutal-pulver\\\/\",\"name\":\"K\u00f8b Nembutal Powder - Pentobarbital sodium - Best Global Meds\",\"isPartOf\":{\"@id\":\"https:\\\/\\\/medicinasinc.com\\\/da\\\/#website\"},\"primaryImageOfPage\":{\"@id\":\"https:\\\/\\\/medicinasinc.com\\\/da\\\/product\\\/kob-nembutal-pulver\\\/#primaryimage\"},\"image\":{\"@id\":\"https:\\\/\\\/medicinasinc.com\\\/da\\\/product\\\/kob-nembutal-pulver\\\/#primaryimage\"},\"thumbnailUrl\":\"https:\\\/\\\/medicinasinc.com\\\/da\\\/wp-content\\\/uploads\\\/sites\\\/8\\\/2022\\\/02\\\/Buy-Nembutal-Powder-2.jpg\",\"datePublished\":\"2022-02-22T06:07:08+00:00\",\"dateModified\":\"2022-03-20T00:27:29+00:00\",\"description\":\"K\u00f8b Nembutal Powder pentobarbitalnatrium til salg i Storbritannien, UAE, Europa, Kina i vores bestglobalmeds.com onlinebutik med hurtig levering over hele verden! Den bedste Nembutal til bestilling finder du her!\",\"breadcrumb\":{\"@id\":\"https:\\\/\\\/medicinasinc.com\\\/da\\\/product\\\/kob-nembutal-pulver\\\/#breadcrumb\"},\"inLanguage\":\"en-US\",\"potentialAction\":[{\"@type\":\"ReadAction\",\"target\":[\"https:\\\/\\\/medicinasinc.com\\\/da\\\/product\\\/kob-nembutal-pulver\\\/\"]}]},{\"@type\":\"ImageObject\",\"inLanguage\":\"en-US\",\"@id\":\"https:\\\/\\\/medicinasinc.com\\\/da\\\/product\\\/kob-nembutal-pulver\\\/#primaryimage\",\"url\":\"https:\\\/\\\/medicinasinc.com\\\/da\\\/wp-content\\\/uploads\\\/sites\\\/8\\\/2022\\\/02\\\/Buy-Nembutal-Powder-2.jpg\",\"contentUrl\":\"https:\\\/\\\/medicinasinc.com\\\/da\\\/wp-content\\\/uploads\\\/sites\\\/8\\\/2022\\\/02\\\/Buy-Nembutal-Powder-2.jpg\",\"width\":600,\"height\":600},{\"@type\":\"BreadcrumbList\",\"@id\":\"https:\\\/\\\/medicinasinc.com\\\/da\\\/product\\\/kob-nembutal-pulver\\\/#breadcrumb\",\"itemListElement\":[{\"@type\":\"ListItem\",\"position\":1,\"name\":\"Butik\",\"item\":\"https:\\\/\\\/medicinasinc.com\\\/da\\\/butik\\\/\"},{\"@type\":\"ListItem\",\"position\":2,\"name\":\"K\u00f8b Nembutal Powder\"}]},{\"@type\":\"WebSite\",\"@id\":\"https:\\\/\\\/medicinasinc.com\\\/da\\\/#website\",\"url\":\"https:\\\/\\\/medicinasinc.com\\\/da\\\/\",\"name\":\"Medicinas Inc\",\"description\":\"Health Medical Clinic\",\"potentialAction\":[{\"@type\":\"SearchAction\",\"target\":{\"@type\":\"EntryPoint\",\"urlTemplate\":\"https:\\\/\\\/medicinasinc.com\\\/da\\\/?s={search_term_string}\"},\"query-input\":{\"@type\":\"PropertyValueSpecification\",\"valueRequired\":true,\"valueName\":\"search_term_string\"}}],\"inLanguage\":\"en-US\"}]}<\/script>\n<!-- \/ Yoast SEO plugin. -->","yoast_head_json":{"title":"K\u00f8b Nembutal Powder - Pentobarbital sodium - Best Global Meds","description":"K\u00f8b Nembutal Powder pentobarbitalnatrium til salg i Storbritannien, UAE, Europa, Kina i vores bestglobalmeds.com onlinebutik med hurtig levering over hele verden! Den bedste Nembutal til bestilling finder du her!","robots":{"index":"index","follow":"follow","max-snippet":"max-snippet:-1","max-image-preview":"max-image-preview:large","max-video-preview":"max-video-preview:-1"},"canonical":"https:\/\/medicinasinc.com\/da\/product\/kob-nembutal-pulver\/","og_locale":"en_US","og_type":"article","og_title":"K\u00f8b Nembutal Powder - Pentobarbital sodium - Best Global Meds","og_description":"K\u00f8b Nembutal Powder pentobarbitalnatrium til salg i Storbritannien, UAE, Europa, Kina i vores bestglobalmeds.com onlinebutik med hurtig levering over hele verden! Den bedste Nembutal til bestilling finder du her!","og_url":"https:\/\/medicinasinc.com\/da\/product\/kob-nembutal-pulver\/","og_site_name":"Medicinas Inc","article_modified_time":"2022-03-20T00:27:29+00:00","og_image":[{"width":600,"height":600,"url":"https:\/\/medicinasinc.com\/da\/wp-content\/uploads\/sites\/8\/2022\/02\/Buy-Nembutal-Powder-2.jpg","type":"image\/jpeg"}],"twitter_card":"summary_large_image","twitter_misc":{"Est. reading time":"2 minutes"},"schema":{"@context":"https:\/\/schema.org","@graph":[{"@type":"WebPage","@id":"https:\/\/medicinasinc.com\/da\/product\/kob-nembutal-pulver\/","url":"https:\/\/medicinasinc.com\/da\/product\/kob-nembutal-pulver\/","name":"K\u00f8b Nembutal Powder - Pentobarbital sodium - Best Global Meds","isPartOf":{"@id":"https:\/\/medicinasinc.com\/da\/#website"},"primaryImageOfPage":{"@id":"https:\/\/medicinasinc.com\/da\/product\/kob-nembutal-pulver\/#primaryimage"},"image":{"@id":"https:\/\/medicinasinc.com\/da\/product\/kob-nembutal-pulver\/#primaryimage"},"thumbnailUrl":"https:\/\/medicinasinc.com\/da\/wp-content\/uploads\/sites\/8\/2022\/02\/Buy-Nembutal-Powder-2.jpg","datePublished":"2022-02-22T06:07:08+00:00","dateModified":"2022-03-20T00:27:29+00:00","description":"K\u00f8b Nembutal Powder pentobarbitalnatrium til salg i Storbritannien, UAE, Europa, Kina i vores bestglobalmeds.com onlinebutik med hurtig levering over hele verden! Den bedste Nembutal til bestilling finder du her!","breadcrumb":{"@id":"https:\/\/medicinasinc.com\/da\/product\/kob-nembutal-pulver\/#breadcrumb"},"inLanguage":"en-US","potentialAction":[{"@type":"ReadAction","target":["https:\/\/medicinasinc.com\/da\/product\/kob-nembutal-pulver\/"]}]},{"@type":"ImageObject","inLanguage":"en-US","@id":"https:\/\/medicinasinc.com\/da\/product\/kob-nembutal-pulver\/#primaryimage","url":"https:\/\/medicinasinc.com\/da\/wp-content\/uploads\/sites\/8\/2022\/02\/Buy-Nembutal-Powder-2.jpg","contentUrl":"https:\/\/medicinasinc.com\/da\/wp-content\/uploads\/sites\/8\/2022\/02\/Buy-Nembutal-Powder-2.jpg","width":600,"height":600},{"@type":"BreadcrumbList","@id":"https:\/\/medicinasinc.com\/da\/product\/kob-nembutal-pulver\/#breadcrumb","itemListElement":[{"@type":"ListItem","position":1,"name":"Butik","item":"https:\/\/medicinasinc.com\/da\/butik\/"},{"@type":"ListItem","position":2,"name":"K\u00f8b Nembutal Powder"}]},{"@type":"WebSite","@id":"https:\/\/medicinasinc.com\/da\/#website","url":"https:\/\/medicinasinc.com\/da\/","name":"Medicinas Inc","description":"Health Medical Clinic","potentialAction":[{"@type":"SearchAction","target":{"@type":"EntryPoint","urlTemplate":"https:\/\/medicinasinc.com\/da\/?s={search_term_string}"},"query-input":{"@type":"PropertyValueSpecification","valueRequired":true,"valueName":"search_term_string"}}],"inLanguage":"en-US"}]}},"_links":{"self":[{"href":"https:\/\/medicinasinc.com\/da\/wp-json\/wp\/v2\/product\/5781","targetHints":{"allow":["GET"]}}],"collection":[{"href":"https:\/\/medicinasinc.com\/da\/wp-json\/wp\/v2\/product"}],"about":[{"href":"https:\/\/medicinasinc.com\/da\/wp-json\/wp\/v2\/types\/product"}],"replies":[{"embeddable":true,"href":"https:\/\/medicinasinc.com\/da\/wp-json\/wp\/v2\/comments?post=5781"}],"wp:featuredmedia":[{"embeddable":true,"href":"https:\/\/medicinasinc.com\/da\/wp-json\/wp\/v2\/media\/5791"}],"wp:attachment":[{"href":"https:\/\/medicinasinc.com\/da\/wp-json\/wp\/v2\/media?parent=5781"}],"wp:term":[{"taxonomy":"product_brand","embeddable":true,"href":"https:\/\/medicinasinc.com\/da\/wp-json\/wp\/v2\/product_brand?post=5781"},{"taxonomy":"product_cat","embeddable":true,"href":"https:\/\/medicinasinc.com\/da\/wp-json\/wp\/v2\/product_cat?post=5781"},{"taxonomy":"product_tag","embeddable":true,"href":"https:\/\/medicinasinc.com\/da\/wp-json\/wp\/v2\/product_tag?post=5781"}],"curies":[{"name":"wp","href":"https:\/\/api.w.org\/{rel}","templated":true}]}}