{"id":5777,"date":"2022-02-22T05:58:59","date_gmt":"2022-02-22T05:58:59","guid":{"rendered":"https:\/\/medicinasinc.com\/da\/?post_type=product&#038;p=5777"},"modified":"2022-03-20T00:27:40","modified_gmt":"2022-03-20T00:27:40","slug":"kob-nembutal-kapsler","status":"publish","type":"product","link":"https:\/\/medicinasinc.com\/da\/product\/kob-nembutal-kapsler\/","title":{"rendered":"K\u00f8b Nembutal kapsler"},"content":{"rendered":"<p>Find de bedste leverand\u00f8rer og forhandlere af Nembutal-kapsler p\u00e5 vores Nembutal-apotek online<\/p>\n<p>Fors\u00f8ger du at finde et velrenommeret onlineapotek, hvor du kan f\u00e5 det bedste tilbud p\u00e5 Nembutal-kapsler? Ja? S\u00e5 er dette det ideelle sted for dig. Kendt som Online Nembutal Pharmacy, vi er et velkendt onlineapotek. Vi har f\u00e5et en masse hengivne kunder takket v\u00e6re vores ry som en af \u200b\u200bde f\u00f8rende online forhandlere og udbydere af Nembutal-kapsler.<\/p>\n<p>Bliv ikke bekymret, hvis det er f\u00f8rste gang, du k\u00f8ber Nembutal-kapsler fra vores onlineapotek. . Du kan ikke forvente andet end det bedste her. Vi er altid her for at hj\u00e6lpe dig med at finde de Nembutal-kapsler, du har brug for, og f\u00e5 dem til dig s\u00e5 hurtigt som muligt. I overensstemmelse med branchenormer opfylder eller overg\u00e5r vi vores kunders forventninger. Nembutal-kapsler p\u00e5 vores onlineapotek er af h\u00f8jeste kvalitet, og dette inkluderer ogs\u00e5 emballage og forsendelse. Kontakt os i dag, hvis du er interesseret i at anskaffe Nembutal-kapsler, og vi vil im\u00f8dekomme dine behov rettidigt.<\/p>\n<p>Hvorfor er det bedste valg at k\u00f8be Nembutal-kapsler fra et Nembutal-apotek?<\/p>\n<p> Vores virksomhed er den bedste mulighed, hvis du \u00f8nsker Nembutal Kapsler p\u00e5 en pr\u00e6cis m\u00e5de med en kvalitetskontrolleret og hurtig leveringsservice. Nembutal-kapsler af den bedste kvalitet er tilg\u00e6ngelige til billige priser fra Nembutal-apoteket online. Fordi vi ikke bruger nogen mellemled, er vi i stand til at holde alting gnidningsl\u00f8st. Kundeservice er en prioritet for os, og vi sikrer, at ordrer bliver leveret til tiden.<\/p>\n<p>Vi har f\u00e5et stor feedback og vurderinger fra vores forbrugere, fordi vi har arbejdet med dette felt i lang tid. Nembutal kapsler sendes til kunderne p\u00e5 en sikker m\u00e5de af vores team. Vi inkluderer et s\u00e6t instruktioner med hver vare, du k\u00f8ber hos os. Disse anvisninger viser dig, hvordan du sikkert tager din Nembutal-kapsler-recept.<\/p>\n<p>Du kan altid stole p\u00e5 vores f\u00f8rsteklasses tjenester. Vores onlineapotek kan hj\u00e6lpe dig med at l\u00e6re mere om l\u00e6gemidlet Nembutal Capsules. Nembutal-kapsler plejede at v\u00e6re sv\u00e6re at f\u00e5 fat i f\u00f8rhen. Men som tiden er skredet frem, har vores onlineapotek v\u00e6ret i stand til at tilbyde Nembutal-varer online. Du kan f\u00e5 dem, n\u00e5r du vil.<\/p>\n","protected":false},"excerpt":{"rendered":"<p>Bestilling af Nembutal-kapsler online: Hvad er trinene at tage?<\/p>\n<p>Du kan indsende din anmodning om at k\u00f8be Nembutal-kapsler online til den bedste pris p\u00e5 vores officielle hjemmeside og f\u00e5 det gennemf\u00f8rt inden for kort tid. . Vi er ansvarlige for at udf\u00f8re din ordre. Du kan k\u00f8be Nembutal Capsules fra os lige nu, hvis du kontakter os i dag!<\/p>\n<p>I vores BestGlobalMedicines.com online shop kan du f\u00e5 Nembutal Capsules, pills Europe og Pentobarbital til salg i Storbritannien med hurtig levering over hele verden! Du finder det bedste sted at k\u00f8be Nembutal online lige her!<\/p>\n","protected":false},"featured_media":5786,"comment_status":"open","ping_status":"closed","template":"","meta":[],"product_brand":[],"product_cat":[3818],"product_tag":[3819,3872,3871,3870,3873,3903,3820,3821,3824,3825,3826,3827,3828,3831,3832,3833,3834,3835,3912,3843,3844,3882,3837,3840,3841,3842,3920,3916,3915,3914,3917,3918,3919,3927,3923,3924,3922,3925,3926,3836,3838,3839,3830,3822,3823,3905,3829,3906,3911,3907,3910,3909,3908,3845,3846,3853,3850,3851,3855,3856,3857,3864,3858,3861,3862,3859,3860,3863,3868,3866,3867,3865,3869,3847,3848,3852,3849,3854,3913,3874,3875,3877,3878,3881,3885,3886,3880,3894,3901,3898,3879,3884,3889,3890,3895,3896,3897,3902,3876,3893,3888,3891,3892,3899,3900,3883,3887,3904,3921],"class_list":{"0":"post-5777","1":"product","2":"type-product","3":"status-publish","4":"has-post-thumbnail","6":"product_cat-pentobarbital-til-salg","7":"product_tag-bedste-stof-til-selvmord-overdosis","8":"product_tag-bestille-nembutal-piller-online","9":"product_tag-bestille-nembutal-piller","10":"product_tag-ordre-nembutal-vske","11":"product_tag-orden-pentobarbital-natrium","12":"product_tag-pentobarbital-brug","13":"product_tag-buy-cheap-nembutal-liquid-online","14":"product_tag-buy-cheap-nembutal-online","15":"product_tag-buy-nembutal-pentobarbital-sodium","16":"product_tag-buy-nembutal-pills-online","17":"product_tag-buy-nembutal-sodium-online","18":"product_tag-buy-pentobarbital-sodium","19":"product_tag-buy-pentobarbital-sodium-2021","20":"product_tag-can-i-buy-pentobarbital","21":"product_tag-can-i-order-nembutal-online","22":"product_tag-can-i-order-pentobarbital-online","23":"product_tag-can-you-buy-pentobarbital-sodium-over-the-counter","24":"product_tag-can-you-buy-sodium-pentobarbital","25":"product_tag-det-bedste-sted-at-kbe-nembutal-piller-online","26":"product_tag-det-er-nemt-at-kbe-nembutal-online","27":"product_tag-ddelig-injection-buy-online","28":"product_tag-pentobarbital-natrium-dosering","29":"product_tag-how-can-i-order-nembutal-pills","30":"product_tag-how-to-acquire-nembutal","31":"product_tag-how-to-buy-nembutal-online","32":"product_tag-how-to-order-nembutal-by-mail","33":"product_tag-hvor-kan-jeg-kbe-natrium-pentobarbital","34":"product_tag-hvor-kan-jeg-kbe-nembutal-natrium-pentobarbital","35":"product_tag-hvor-kan-jeg-kbe-nembutal-piller","36":"product_tag-hvor-kan-jeg-kbe-nembutal-vske","37":"product_tag-hvor-kan-jeg-kbe-pentobarbital","38":"product_tag-hvor-kan-jeg-kbe-pentobarbital-natrium","39":"product_tag-hvor-kan-jeg-kbe-pentobarbital-natrium-sovepiller","40":"product_tag-hvor-kan-hentes-pentobarbital-natrium","41":"product_tag-hvor-kan-kbes-billigt-nembutal-online","42":"product_tag-hvor-kan-kbes-nembutal-piller-online","43":"product_tag-hvor-kan-du-kbe-pentobarbital-natrium","44":"product_tag-hvor-kan-kbes-pentobarbital-natrium","45":"product_tag-hvor-kan-kbes-pentobarbital-natrium-til-hunde","46":"product_tag-hvordan-kan-jeg-bestille-nembutal-v-c3-a6ske","47":"product_tag-hvordan-kan-jeg-bestille-pentobarbital-natrium","48":"product_tag-hvordan-kan-jeg-tage-nembutal","49":"product_tag-kb-natrium-pentobarbital-uk","50":"product_tag-kb-nembutal-her","51":"product_tag-k-c3-b8b-nembutal-v-c3-a6ske-online","52":"product_tag-kb-nembutal-piller-online","53":"product_tag-kb-pentobarbital-natrium-pentobarbital-natrium-salt","54":"product_tag-natrium-pentobarbital-nembutal","55":"product_tag-natrium-pentobarbital-holdbarhed","56":"product_tag-natrium-pentobarbital-omkostninger","57":"product_tag-natrium-pentobarbital-producenter","58":"product_tag-natrium-pentobarbital-til-eutanasi","59":"product_tag-natrium-pentobarbital-til-dyre-aflivning","60":"product_tag-nembutal","61":"product_tag-nembutal-capsule","62":"product_tag-nembutal-vske-dosis","63":"product_tag-nembutal-liquid-buy-austria","64":"product_tag-nembutal-liquid-buy-europe","65":"product_tag-nembutal-liquid-supplier","66":"product_tag-nembutal-pentobarbital-natrium-kb","67":"product_tag-nembutal-piller","68":"product_tag-nembutal-piller-dosis","69":"product_tag-nembutal-piller-kb","70":"product_tag-nembutal-piller-kb-europa","71":"product_tag-nembutal-piller-kb-online","72":"product_tag-nembutal-piller-kb-australien","73":"product_tag-nembutal-piller-kb-strig","74":"product_tag-nembutal-piller-kb-dk","75":"product_tag-nembutal-piller-leverandr","76":"product_tag-nembutal-piller-online","77":"product_tag-nembutal-piller-overdosis","78":"product_tag-nembutal-piller-til-salg","79":"product_tag-nembutal-suicide-dose","80":"product_tag-nembutal-til-salg","81":"product_tag-nembutal-v-c3-a6ske-k-c3-b8b","82":"product_tag-nembutal-liquid-buy-uk","83":"product_tag-nembutal-v-c3-a6ske-k-c3-b8b-australien","84":"product_tag-nembutal-v-c3-a6ske-overdosis","85":"product_tag-nsker-at-kbe-nembutal","86":"product_tag-pentobarbital","87":"product_tag-pentobarbital-de-natrium-dosis-letale","88":"product_tag-pentobarbital-nr-mig","89":"product_tag-pentobarbital-natrium-anstesi","90":"product_tag-pentobarbital-natrium-dd","91":"product_tag-pentobarbital-natrium-gruppe","92":"product_tag-pentobarbital-natrium-injektion-til-hunde","93":"product_tag-pentobarbital-natrium-kina","94":"product_tag-pentobarbital-natrium-piller","95":"product_tag-pentobarbital-natrium-tabletter","96":"product_tag-pentobarbital-natrium-salt","97":"product_tag-pentobarbital-sodium-buy","98":"product_tag-pentobarbital-sodium-for-humans","99":"product_tag-pentobarbital-sodium-injection-usp","100":"product_tag-pentobarbital-sodium-liquid","101":"product_tag-pentobarbital-sodium-powder","102":"product_tag-pentobarbital-sodium-prescription","103":"product_tag-pentobarbital-sodium-price","104":"product_tag-pentobarbital-sodium-where-to-buy","105":"product_tag-pentobarbital-til-eutanasi","106":"product_tag-pentobarbital-natrium-i-hndkb","107":"product_tag-pentobarbital-natrium-injektionervske","108":"product_tag-pentobarbital-natrium-nz","109":"product_tag-pentobarbital-natrium-oral","110":"product_tag-pentobarbital-natrium-sovepiller","111":"product_tag-pentobarbital-natrium-sovepiller-i-hndkb","112":"product_tag-pentobarbital-natrium-til-hunde","113":"product_tag-pentobarbital-natrium-injektion-til-mennesker","114":"product_tag-purchase-nembutal-online","115":"product_tag-where-can-i-purchase-nembutal","117":"first","118":"instock","119":"shipping-taxable","120":"purchasable","121":"product-type-variable"},"yoast_head":"<!-- This site is optimized with the Yoast SEO plugin v27.3 - https:\/\/yoast.com\/product\/yoast-seo-wordpress\/ -->\n<title>K\u00f8b Nembutal-kapsler - Bestil Nembutal-kapsler - Bedste globale medicin<\/title>\n<meta name=\"description\" content=\"K\u00f8b\/bestil Nembutal-kapsler, piller til salg Storbritannien, Europa, Kina, Japan, Israel fra et velrenommeret onlineapotek uden recept og garanteret diskret forsendelse.\" \/>\n<meta name=\"robots\" content=\"index, follow, max-snippet:-1, max-image-preview:large, max-video-preview:-1\" \/>\n<link rel=\"canonical\" href=\"https:\/\/medicinasinc.com\/da\/product\/kob-nembutal-kapsler\/\" \/>\n<meta property=\"og:locale\" content=\"en_US\" \/>\n<meta property=\"og:type\" content=\"article\" \/>\n<meta property=\"og:title\" content=\"K\u00f8b Nembutal-kapsler - Bestil Nembutal-kapsler - Bedste globale medicin\" \/>\n<meta property=\"og:description\" content=\"K\u00f8b\/bestil Nembutal-kapsler, piller til salg Storbritannien, Europa, Kina, Japan, Israel fra et velrenommeret onlineapotek uden recept og garanteret diskret forsendelse.\" \/>\n<meta property=\"og:url\" content=\"https:\/\/medicinasinc.com\/da\/product\/kob-nembutal-kapsler\/\" \/>\n<meta property=\"og:site_name\" content=\"Medicinas Inc\" \/>\n<meta property=\"article:modified_time\" content=\"2022-03-20T00:27:40+00:00\" \/>\n<meta property=\"og:image\" content=\"https:\/\/medicinasinc.com\/da\/wp-content\/uploads\/sites\/8\/2022\/02\/Buy-Nembutal-Capsules.jpg\" \/>\n\t<meta property=\"og:image:width\" content=\"600\" \/>\n\t<meta property=\"og:image:height\" content=\"600\" \/>\n\t<meta property=\"og:image:type\" content=\"image\/jpeg\" \/>\n<meta name=\"twitter:card\" content=\"summary_large_image\" \/>\n<meta name=\"twitter:label1\" content=\"Est. reading time\" \/>\n\t<meta name=\"twitter:data1\" content=\"2 minutes\" \/>\n<script type=\"application\/ld+json\" class=\"yoast-schema-graph\">{\"@context\":\"https:\\\/\\\/schema.org\",\"@graph\":[{\"@type\":\"WebPage\",\"@id\":\"https:\\\/\\\/medicinasinc.com\\\/da\\\/product\\\/kob-nembutal-kapsler\\\/\",\"url\":\"https:\\\/\\\/medicinasinc.com\\\/da\\\/product\\\/kob-nembutal-kapsler\\\/\",\"name\":\"K\u00f8b Nembutal-kapsler - Bestil Nembutal-kapsler - Bedste globale medicin\",\"isPartOf\":{\"@id\":\"https:\\\/\\\/medicinasinc.com\\\/da\\\/#website\"},\"primaryImageOfPage\":{\"@id\":\"https:\\\/\\\/medicinasinc.com\\\/da\\\/product\\\/kob-nembutal-kapsler\\\/#primaryimage\"},\"image\":{\"@id\":\"https:\\\/\\\/medicinasinc.com\\\/da\\\/product\\\/kob-nembutal-kapsler\\\/#primaryimage\"},\"thumbnailUrl\":\"https:\\\/\\\/medicinasinc.com\\\/da\\\/wp-content\\\/uploads\\\/sites\\\/8\\\/2022\\\/02\\\/Buy-Nembutal-Capsules.jpg\",\"datePublished\":\"2022-02-22T05:58:59+00:00\",\"dateModified\":\"2022-03-20T00:27:40+00:00\",\"description\":\"K\u00f8b\\\/bestil Nembutal-kapsler, piller til salg Storbritannien, Europa, Kina, Japan, Israel fra et velrenommeret onlineapotek uden recept og garanteret diskret forsendelse.\",\"breadcrumb\":{\"@id\":\"https:\\\/\\\/medicinasinc.com\\\/da\\\/product\\\/kob-nembutal-kapsler\\\/#breadcrumb\"},\"inLanguage\":\"en-US\",\"potentialAction\":[{\"@type\":\"ReadAction\",\"target\":[\"https:\\\/\\\/medicinasinc.com\\\/da\\\/product\\\/kob-nembutal-kapsler\\\/\"]}]},{\"@type\":\"ImageObject\",\"inLanguage\":\"en-US\",\"@id\":\"https:\\\/\\\/medicinasinc.com\\\/da\\\/product\\\/kob-nembutal-kapsler\\\/#primaryimage\",\"url\":\"https:\\\/\\\/medicinasinc.com\\\/da\\\/wp-content\\\/uploads\\\/sites\\\/8\\\/2022\\\/02\\\/Buy-Nembutal-Capsules.jpg\",\"contentUrl\":\"https:\\\/\\\/medicinasinc.com\\\/da\\\/wp-content\\\/uploads\\\/sites\\\/8\\\/2022\\\/02\\\/Buy-Nembutal-Capsules.jpg\",\"width\":600,\"height\":600},{\"@type\":\"BreadcrumbList\",\"@id\":\"https:\\\/\\\/medicinasinc.com\\\/da\\\/product\\\/kob-nembutal-kapsler\\\/#breadcrumb\",\"itemListElement\":[{\"@type\":\"ListItem\",\"position\":1,\"name\":\"Butik\",\"item\":\"https:\\\/\\\/medicinasinc.com\\\/da\\\/butik\\\/\"},{\"@type\":\"ListItem\",\"position\":2,\"name\":\"K\u00f8b Nembutal kapsler\"}]},{\"@type\":\"WebSite\",\"@id\":\"https:\\\/\\\/medicinasinc.com\\\/da\\\/#website\",\"url\":\"https:\\\/\\\/medicinasinc.com\\\/da\\\/\",\"name\":\"Medicinas Inc\",\"description\":\"Health Medical Clinic\",\"potentialAction\":[{\"@type\":\"SearchAction\",\"target\":{\"@type\":\"EntryPoint\",\"urlTemplate\":\"https:\\\/\\\/medicinasinc.com\\\/da\\\/?s={search_term_string}\"},\"query-input\":{\"@type\":\"PropertyValueSpecification\",\"valueRequired\":true,\"valueName\":\"search_term_string\"}}],\"inLanguage\":\"en-US\"}]}<\/script>\n<!-- \/ Yoast SEO plugin. -->","yoast_head_json":{"title":"K\u00f8b Nembutal-kapsler - Bestil Nembutal-kapsler - Bedste globale medicin","description":"K\u00f8b\/bestil Nembutal-kapsler, piller til salg Storbritannien, Europa, Kina, Japan, Israel fra et velrenommeret onlineapotek uden recept og garanteret diskret forsendelse.","robots":{"index":"index","follow":"follow","max-snippet":"max-snippet:-1","max-image-preview":"max-image-preview:large","max-video-preview":"max-video-preview:-1"},"canonical":"https:\/\/medicinasinc.com\/da\/product\/kob-nembutal-kapsler\/","og_locale":"en_US","og_type":"article","og_title":"K\u00f8b Nembutal-kapsler - Bestil Nembutal-kapsler - Bedste globale medicin","og_description":"K\u00f8b\/bestil Nembutal-kapsler, piller til salg Storbritannien, Europa, Kina, Japan, Israel fra et velrenommeret onlineapotek uden recept og garanteret diskret forsendelse.","og_url":"https:\/\/medicinasinc.com\/da\/product\/kob-nembutal-kapsler\/","og_site_name":"Medicinas Inc","article_modified_time":"2022-03-20T00:27:40+00:00","og_image":[{"width":600,"height":600,"url":"https:\/\/medicinasinc.com\/da\/wp-content\/uploads\/sites\/8\/2022\/02\/Buy-Nembutal-Capsules.jpg","type":"image\/jpeg"}],"twitter_card":"summary_large_image","twitter_misc":{"Est. reading time":"2 minutes"},"schema":{"@context":"https:\/\/schema.org","@graph":[{"@type":"WebPage","@id":"https:\/\/medicinasinc.com\/da\/product\/kob-nembutal-kapsler\/","url":"https:\/\/medicinasinc.com\/da\/product\/kob-nembutal-kapsler\/","name":"K\u00f8b Nembutal-kapsler - Bestil Nembutal-kapsler - Bedste globale medicin","isPartOf":{"@id":"https:\/\/medicinasinc.com\/da\/#website"},"primaryImageOfPage":{"@id":"https:\/\/medicinasinc.com\/da\/product\/kob-nembutal-kapsler\/#primaryimage"},"image":{"@id":"https:\/\/medicinasinc.com\/da\/product\/kob-nembutal-kapsler\/#primaryimage"},"thumbnailUrl":"https:\/\/medicinasinc.com\/da\/wp-content\/uploads\/sites\/8\/2022\/02\/Buy-Nembutal-Capsules.jpg","datePublished":"2022-02-22T05:58:59+00:00","dateModified":"2022-03-20T00:27:40+00:00","description":"K\u00f8b\/bestil Nembutal-kapsler, piller til salg Storbritannien, Europa, Kina, Japan, Israel fra et velrenommeret onlineapotek uden recept og garanteret diskret forsendelse.","breadcrumb":{"@id":"https:\/\/medicinasinc.com\/da\/product\/kob-nembutal-kapsler\/#breadcrumb"},"inLanguage":"en-US","potentialAction":[{"@type":"ReadAction","target":["https:\/\/medicinasinc.com\/da\/product\/kob-nembutal-kapsler\/"]}]},{"@type":"ImageObject","inLanguage":"en-US","@id":"https:\/\/medicinasinc.com\/da\/product\/kob-nembutal-kapsler\/#primaryimage","url":"https:\/\/medicinasinc.com\/da\/wp-content\/uploads\/sites\/8\/2022\/02\/Buy-Nembutal-Capsules.jpg","contentUrl":"https:\/\/medicinasinc.com\/da\/wp-content\/uploads\/sites\/8\/2022\/02\/Buy-Nembutal-Capsules.jpg","width":600,"height":600},{"@type":"BreadcrumbList","@id":"https:\/\/medicinasinc.com\/da\/product\/kob-nembutal-kapsler\/#breadcrumb","itemListElement":[{"@type":"ListItem","position":1,"name":"Butik","item":"https:\/\/medicinasinc.com\/da\/butik\/"},{"@type":"ListItem","position":2,"name":"K\u00f8b Nembutal kapsler"}]},{"@type":"WebSite","@id":"https:\/\/medicinasinc.com\/da\/#website","url":"https:\/\/medicinasinc.com\/da\/","name":"Medicinas Inc","description":"Health Medical Clinic","potentialAction":[{"@type":"SearchAction","target":{"@type":"EntryPoint","urlTemplate":"https:\/\/medicinasinc.com\/da\/?s={search_term_string}"},"query-input":{"@type":"PropertyValueSpecification","valueRequired":true,"valueName":"search_term_string"}}],"inLanguage":"en-US"}]}},"_links":{"self":[{"href":"https:\/\/medicinasinc.com\/da\/wp-json\/wp\/v2\/product\/5777","targetHints":{"allow":["GET"]}}],"collection":[{"href":"https:\/\/medicinasinc.com\/da\/wp-json\/wp\/v2\/product"}],"about":[{"href":"https:\/\/medicinasinc.com\/da\/wp-json\/wp\/v2\/types\/product"}],"replies":[{"embeddable":true,"href":"https:\/\/medicinasinc.com\/da\/wp-json\/wp\/v2\/comments?post=5777"}],"wp:featuredmedia":[{"embeddable":true,"href":"https:\/\/medicinasinc.com\/da\/wp-json\/wp\/v2\/media\/5786"}],"wp:attachment":[{"href":"https:\/\/medicinasinc.com\/da\/wp-json\/wp\/v2\/media?parent=5777"}],"wp:term":[{"taxonomy":"product_brand","embeddable":true,"href":"https:\/\/medicinasinc.com\/da\/wp-json\/wp\/v2\/product_brand?post=5777"},{"taxonomy":"product_cat","embeddable":true,"href":"https:\/\/medicinasinc.com\/da\/wp-json\/wp\/v2\/product_cat?post=5777"},{"taxonomy":"product_tag","embeddable":true,"href":"https:\/\/medicinasinc.com\/da\/wp-json\/wp\/v2\/product_tag?post=5777"}],"curies":[{"name":"wp","href":"https:\/\/api.w.org\/{rel}","templated":true}]}}