{"id":5739,"date":"2022-02-22T05:15:21","date_gmt":"2022-02-22T05:15:21","guid":{"rendered":"https:\/\/medicinasinc.com\/da\/?post_type=product&#038;p=5739"},"modified":"2022-03-20T00:27:50","modified_gmt":"2022-03-20T00:27:50","slug":"kob-pyrazolam-0-5-mg-pellets","status":"publish","type":"product","link":"https:\/\/medicinasinc.com\/da\/product\/kob-pyrazolam-0-5-mg-pellets\/","title":{"rendered":"K\u00f8b Pyrazolam 0,5 mg pellets"},"content":{"rendered":"<p>Pyrazolam 0,5 mg pellets til salg i Storbritannien, Europa, Australien og EU. Pyrazolam Pris, Pyrazolam Overnight Delivery, og Hvor kan man k\u00f8be Kvalitet Pyrazolam.<\/p>\n<p>Bitcoin kan bruges til at k\u00f8be 1mg Pyrazolam Pellets online. C16H12BrN5 er den molekyl\u00e6re struktur af denne pressepellet. Pyrazolam kan v\u00e6re sv\u00e6rt at f\u00e5 fat i.<\/p>\n<p>Benzodiazepinklassen af \u200b\u200bl\u00e6gemidler omfatter pyrazolam, et helt nyt depressionsmiddel. Afslapning, h\u00e6mningsl\u00f8shed og eufori er blot nogle f\u00e5 af de positive bivirkninger, folk rapporterer. K\u00f8b og bestil billige 2022 Pyrazolam Pellets p\u00e5 internettet.<\/p>\n<p>Benzodiazepiner som pyrazolam og diazepam har mindre eufori og er mere beroligende, s\u00e5 de er ikke almindeligt brugt til rekreative form\u00e5l.<\/p>\n<p> L\u00e6gemidler Bestil billige 2022 Pyrazolam Pellets Online<\/p>\n<p>Der er mange forskellige virkninger, der kan frembringes ved at tage benzoer, fordi de binder til benzodiazepinreceptorstedet og forbedrer gamma-aminosm\u00f8rsyres effektivitet og virkninger p\u00e5 dens receptorer.<\/p>\n<p>Pyazolams beroligende eller beroligende virkning p\u00e5 nervesystemet kan tilskrives dets modulering af dette sted, som er hjernens mest produktive h\u00e6mmende receptors\u00e6t.<\/p>\n<p>K\u00f8b af Pyrazolam fra en velrenommeret leverand\u00f8r sikrer, at du vil modtag din bestilling i tide til \u00e5r 2021.<\/p>\n<p>I stedet for benzodiazepinreceptorer kan de krampestillende virkninger af benzodiazepiner skyldes deres binding til sp\u00e6ndingsafh\u00e6ngige natriumkanaler.<\/p>\n<p>Effekter p\u00e5 Krops<br \/> Svimmelhed<br \/> tab af motorisk funktion<br \/> Afsp\u00e6nding af muskler<br \/> Depression af \u00e5ndedr\u00e6tssystemet<br \/> Pyazolam er mindre beroligende end andre benzodiazepiner, medmindre det tages i h\u00f8je doser, hvorfor det ofte ordineres til behandling af s\u00f8vnl\u00f8shed.<br \/> P\u00e5virker sindet<\/p>\n<p>Pyrazolams kognitive virkninger kan nedbrydes i flere komponenter, der \u00f8ges i intensitet, efterh\u00e5nden som dosis \u00f8ges.<\/p>\n<p>K\u00f8b af Pyrazolam fra en velrenommeret leverand\u00f8r sikrer, at du vil modtage din r\u00e6kkef\u00f8lge i tide til \u00e5r 2021.<\/p>\n<p>Mange beskriver pyrazolams generelle effekt p\u00e5 sindet som mild sedation, men med en tilsvarende kraftig reduktion af angst. Det har et stort antal kognitive virkninger, der almindeligvis er forbundet med depression.<\/p>\n<p>Generelt omfatter de mest m\u00e6rkbare kognitive effekter:<\/p>\n<p>Amnesi<br \/> Undertrykkelse af angst<br \/> Opbremsning af sindet<br \/> Undertrykkelse af dataanalyse<br \/> Disinhibition<br \/> Gentagen gentagelse af ens egne fejl<br \/> N\u00f8gternhed-vrangforestilling: Trods \u00e5benlyse beviser for det modsatte, s\u00e5som alvorlig kognitiv sv\u00e6kkelse og en manglende evne til fuldt ud at kommunikere med andre, den falske tro p\u00e5, at man er fuldst\u00e6ndig \u00e6dru, forts\u00e6tter hos individet.<br \/> Dr\u00f8mmefor\u00f8gelse<br \/> Forbl\u00f8ffende kontraster<br \/> Bestil Pyrazolam Pellets 2021, K\u00f8b Pyrazolam Online billigt 2021<\/p>\n<p>Det er ikke ualmindeligt, at personer, der tager benzodiazepiner, oplever us\u00e6dvanlige bivirkninger s\u00e5som en stigning i anfaldshyppighed, aggression, irritabilitet og selvmordstanker.<\/p>\n<p>Rekreative stofbrugere, mennesker med psykiske lidelser, b\u00f8rn, og patienter i h\u00f8jdosis regimer er mere tilb\u00f8jelige til at opleve e disse paradoksale virkninger.<\/p>\n<p>Afh\u00e6ngighed og tolerancepotentiale<\/p>\n<p>Pyrazolam har et h\u00f8jt niveau af fysisk og mental afh\u00e6ngighed.<br \/> Tolerance over for de beroligende-hypnotiske virkninger vil udvikle sig inden for f\u00e5 dage med at bruge l\u00e6gemidlet p\u00e5 regelm\u00e6ssig basis.<\/p>\n<p>Tolerancen vender tilbage til normal inden for 7 til 14 dage efter oph\u00f8r. Det er dog muligt, at afh\u00e6ngigt af hvor l\u00e6nge og hvor h\u00e5rdt du bruger det, kan det tage betydeligt l\u00e6ngere tid.<\/p>\n<p>Efter et par uger eller l\u00e6ngere med konstant dosering, kan der opst\u00e5 abstinenssymptomer eller rebound-symptomer, hvilket n\u00f8dvendigg\u00f8r en gradvis dosisreduktion.<\/p>\n<p>Interaktioner, der kan v\u00e6re skadelige. K\u00f8b Pyrazolam Online, Bestil Pyrazolam Pellets 2022<\/p>\n<p>Mange l\u00e6gemidler er sikre alene, men n\u00e5r de kombineres med andre stoffer, kan de v\u00e6re farlige og endda livstruende. Et par af de farligste kombinationer er angivet nedenfor, men dette er af ikke en udt\u00f8mmende liste.<\/p>\n<p>Selv i lave doser kan visse kombinationer dog \u00f8ge risikoen for d\u00f8d. F\u00f8r du indtager en blanding af to eller flere stoffer, b\u00f8r der udf\u00f8res uafh\u00e6ngig forskning for at sikre, at det er sikkert.<\/p>\n<p>Kombinering af et depressivt middel med et andet depressivt middel kan f\u00f8re til farlig eller endda d\u00f8delig respirationsdepression. Ved h\u00f8je doser kan den muskelafsp\u00e6nding, sedation og hukommelsestab, som hvert af disse l\u00e6gemidler for\u00e5rsager, forst\u00e6rkes til et uventet tab af bevidsthed.<\/p>\n<p>Som et resultat af denne kombination er risikoen for opkastning og d\u00f8d ved kv\u00e6lning under bevidstl\u00f8shed \u00f8ges. Folk, der oplever dette, b\u00f8r pr\u00f8ve at sove i bedringsstilling eller f\u00e5 en ven til at flytte dem ind i den.<\/p>\n<p>Benzodiazepiner og stimulanser b\u00f8r ikke kombineres p\u00e5 grund af risikoen for overdreven forgiftning. Benzodiazepinernes beroligende virkning formindskes af stimulanser, hvilket er den prim\u00e6re overvejelse for de fleste mennesker, n\u00e5r de skal m\u00e5le deres niveau af forgiftning.<\/p>\n","protected":false},"excerpt":{"rendered":"<p>I Storbritannien, Europa, Australien og EU kan Pyrazolam 0,5 mg pellets k\u00f8bes. K\u00f8b Pyrazolam Online, Pyrazolam Overnight Shipping, Pyrazolam Pris.<\/p>\n<p>K\u00f8b 1 mg Pyrazolam Pellets med Bitcoin fra et onlineapotek. C16H12BrN5 er den molekyl\u00e6re struktur af denne kemiske pressepellet. pyrazolam kan v\u00e6re sv\u00e6rt at f\u00e5 fat i.<\/p>\n<p>Pyrazolam 0,5 mg pellets kan k\u00f8bes online. If\u00f8lge teorien forventes Pyrazolam at for\u00e5rsage mindre ataksi og sedation end andre midler. Fordi det ikke har nogen aktive metabolitter, har pyrazolam en l\u00e6ngere halveringstid (6 timer i gennemsnit) og en mere line\u00e6r effekt end de fleste andre benzodiazepiner.<\/p>\n","protected":false},"featured_media":5751,"comment_status":"open","ping_status":"closed","template":"","meta":[],"product_brand":[],"product_cat":[2014],"product_tag":[3797,3804,3805,3806,3799,3800,3801,3802,3816,3817,3803,3807,3809,3808,3798,3810,3815,3814,3812,3813,3811],"class_list":{"0":"post-5739","1":"product","2":"type-product","3":"status-publish","4":"has-post-thumbnail","6":"product_cat-kb-forskningskemikalier","7":"product_tag-best-place-to-order-pyrazolam-0-5-mg-paller","8":"product_tag-ordre-pyrazolam","9":"product_tag-ordre-pyrazolam-0-5-paller","10":"product_tag-ordre-pyrazolam-uk","11":"product_tag-buy-pyrazolam-0-5-mg","12":"product_tag-buy-pyrazolam-0-5-mg-pellets","13":"product_tag-buy-pyrazolam-europe","14":"product_tag-buy-pyrazolam-near-me","15":"product_tag-hvor-kan-jeg-fine-pyrazolam-paller","16":"product_tag-hvor-kan-kbes-pyrazolam-0-5-mg","17":"product_tag-kb-pyrazolam-online","18":"product_tag-kb-pyrazolam","19":"product_tag-pyrazolam-0-5-mg-gennemgang","20":"product_tag-pyrazolam-0-5-mg-til-salg","21":"product_tag-bedste-kvalitet-pyrazolam","22":"product_tag-pyrazolam-effekt","23":"product_tag-pyrazolam-engros","24":"product_tag-pyrazolam-leverandr","25":"product_tag-pyrazolam-pris","26":"product_tag-pyrazolam-udsalg","27":"product_tag-pyrazolam-til-salg","29":"first","30":"instock","31":"shipping-taxable","32":"purchasable","33":"product-type-variable","34":"has-default-attributes"},"yoast_head":"<!-- This site is optimized with the Yoast SEO plugin v27.3 - https:\/\/yoast.com\/product\/yoast-seo-wordpress\/ -->\n<title>K\u00f8b Pyrazolam 0,5 mg pellets - Pyrazolam 0,5 mg - Bedste globale medicin<\/title>\n<meta name=\"description\" content=\"K\u00f8b Pyrazolam 0,5 mg pellets til salg i Storbritannien, Europa, AU, EU, bestil billige Pyrazolam Pellets 2022, hvor kan du k\u00f8be Pyrazolam af h\u00f8j kvalitet natten over, Pyrazolam Pris.\" \/>\n<meta name=\"robots\" content=\"index, follow, max-snippet:-1, max-image-preview:large, max-video-preview:-1\" \/>\n<link rel=\"canonical\" href=\"https:\/\/medicinasinc.com\/da\/product\/kob-pyrazolam-0-5-mg-pellets\/\" \/>\n<meta property=\"og:locale\" content=\"en_US\" \/>\n<meta property=\"og:type\" content=\"article\" \/>\n<meta property=\"og:title\" content=\"K\u00f8b Pyrazolam 0,5 mg pellets - Pyrazolam 0,5 mg - Bedste globale medicin\" \/>\n<meta property=\"og:description\" content=\"K\u00f8b Pyrazolam 0,5 mg pellets til salg i Storbritannien, Europa, AU, EU, bestil billige Pyrazolam Pellets 2022, hvor kan du k\u00f8be Pyrazolam af h\u00f8j kvalitet natten over, Pyrazolam Pris.\" \/>\n<meta property=\"og:url\" content=\"https:\/\/medicinasinc.com\/da\/product\/kob-pyrazolam-0-5-mg-pellets\/\" \/>\n<meta property=\"og:site_name\" content=\"Medicinas Inc\" \/>\n<meta property=\"article:modified_time\" content=\"2022-03-20T00:27:50+00:00\" \/>\n<meta property=\"og:image\" content=\"https:\/\/medicinasinc.com\/da\/wp-content\/uploads\/sites\/8\/2022\/02\/buy-pyrazolam-0-5-mg-pellets-online.jpg\" \/>\n\t<meta property=\"og:image:width\" content=\"600\" \/>\n\t<meta property=\"og:image:height\" content=\"600\" \/>\n\t<meta property=\"og:image:type\" content=\"image\/jpeg\" \/>\n<meta name=\"twitter:card\" content=\"summary_large_image\" \/>\n<meta name=\"twitter:label1\" content=\"Est. reading time\" \/>\n\t<meta name=\"twitter:data1\" content=\"4 minutes\" \/>\n<script type=\"application\/ld+json\" class=\"yoast-schema-graph\">{\"@context\":\"https:\\\/\\\/schema.org\",\"@graph\":[{\"@type\":\"WebPage\",\"@id\":\"https:\\\/\\\/medicinasinc.com\\\/da\\\/product\\\/kob-pyrazolam-0-5-mg-pellets\\\/\",\"url\":\"https:\\\/\\\/medicinasinc.com\\\/da\\\/product\\\/kob-pyrazolam-0-5-mg-pellets\\\/\",\"name\":\"K\u00f8b Pyrazolam 0,5 mg pellets - Pyrazolam 0,5 mg - Bedste globale medicin\",\"isPartOf\":{\"@id\":\"https:\\\/\\\/medicinasinc.com\\\/da\\\/#website\"},\"primaryImageOfPage\":{\"@id\":\"https:\\\/\\\/medicinasinc.com\\\/da\\\/product\\\/kob-pyrazolam-0-5-mg-pellets\\\/#primaryimage\"},\"image\":{\"@id\":\"https:\\\/\\\/medicinasinc.com\\\/da\\\/product\\\/kob-pyrazolam-0-5-mg-pellets\\\/#primaryimage\"},\"thumbnailUrl\":\"https:\\\/\\\/medicinasinc.com\\\/da\\\/wp-content\\\/uploads\\\/sites\\\/8\\\/2022\\\/02\\\/buy-pyrazolam-0-5-mg-pellets-online.jpg\",\"datePublished\":\"2022-02-22T05:15:21+00:00\",\"dateModified\":\"2022-03-20T00:27:50+00:00\",\"description\":\"K\u00f8b Pyrazolam 0,5 mg pellets til salg i Storbritannien, Europa, AU, EU, bestil billige Pyrazolam Pellets 2022, hvor kan du k\u00f8be Pyrazolam af h\u00f8j kvalitet natten over, Pyrazolam Pris.\",\"breadcrumb\":{\"@id\":\"https:\\\/\\\/medicinasinc.com\\\/da\\\/product\\\/kob-pyrazolam-0-5-mg-pellets\\\/#breadcrumb\"},\"inLanguage\":\"en-US\",\"potentialAction\":[{\"@type\":\"ReadAction\",\"target\":[\"https:\\\/\\\/medicinasinc.com\\\/da\\\/product\\\/kob-pyrazolam-0-5-mg-pellets\\\/\"]}]},{\"@type\":\"ImageObject\",\"inLanguage\":\"en-US\",\"@id\":\"https:\\\/\\\/medicinasinc.com\\\/da\\\/product\\\/kob-pyrazolam-0-5-mg-pellets\\\/#primaryimage\",\"url\":\"https:\\\/\\\/medicinasinc.com\\\/da\\\/wp-content\\\/uploads\\\/sites\\\/8\\\/2022\\\/02\\\/buy-pyrazolam-0-5-mg-pellets-online.jpg\",\"contentUrl\":\"https:\\\/\\\/medicinasinc.com\\\/da\\\/wp-content\\\/uploads\\\/sites\\\/8\\\/2022\\\/02\\\/buy-pyrazolam-0-5-mg-pellets-online.jpg\",\"width\":600,\"height\":600},{\"@type\":\"BreadcrumbList\",\"@id\":\"https:\\\/\\\/medicinasinc.com\\\/da\\\/product\\\/kob-pyrazolam-0-5-mg-pellets\\\/#breadcrumb\",\"itemListElement\":[{\"@type\":\"ListItem\",\"position\":1,\"name\":\"Butik\",\"item\":\"https:\\\/\\\/medicinasinc.com\\\/da\\\/butik\\\/\"},{\"@type\":\"ListItem\",\"position\":2,\"name\":\"K\u00f8b Pyrazolam 0,5 mg pellets\"}]},{\"@type\":\"WebSite\",\"@id\":\"https:\\\/\\\/medicinasinc.com\\\/da\\\/#website\",\"url\":\"https:\\\/\\\/medicinasinc.com\\\/da\\\/\",\"name\":\"Medicinas Inc\",\"description\":\"Health Medical Clinic\",\"potentialAction\":[{\"@type\":\"SearchAction\",\"target\":{\"@type\":\"EntryPoint\",\"urlTemplate\":\"https:\\\/\\\/medicinasinc.com\\\/da\\\/?s={search_term_string}\"},\"query-input\":{\"@type\":\"PropertyValueSpecification\",\"valueRequired\":true,\"valueName\":\"search_term_string\"}}],\"inLanguage\":\"en-US\"}]}<\/script>\n<!-- \/ Yoast SEO plugin. -->","yoast_head_json":{"title":"K\u00f8b Pyrazolam 0,5 mg pellets - Pyrazolam 0,5 mg - Bedste globale medicin","description":"K\u00f8b Pyrazolam 0,5 mg pellets til salg i Storbritannien, Europa, AU, EU, bestil billige Pyrazolam Pellets 2022, hvor kan du k\u00f8be Pyrazolam af h\u00f8j kvalitet natten over, Pyrazolam Pris.","robots":{"index":"index","follow":"follow","max-snippet":"max-snippet:-1","max-image-preview":"max-image-preview:large","max-video-preview":"max-video-preview:-1"},"canonical":"https:\/\/medicinasinc.com\/da\/product\/kob-pyrazolam-0-5-mg-pellets\/","og_locale":"en_US","og_type":"article","og_title":"K\u00f8b Pyrazolam 0,5 mg pellets - Pyrazolam 0,5 mg - Bedste globale medicin","og_description":"K\u00f8b Pyrazolam 0,5 mg pellets til salg i Storbritannien, Europa, AU, EU, bestil billige Pyrazolam Pellets 2022, hvor kan du k\u00f8be Pyrazolam af h\u00f8j kvalitet natten over, Pyrazolam Pris.","og_url":"https:\/\/medicinasinc.com\/da\/product\/kob-pyrazolam-0-5-mg-pellets\/","og_site_name":"Medicinas Inc","article_modified_time":"2022-03-20T00:27:50+00:00","og_image":[{"width":600,"height":600,"url":"https:\/\/medicinasinc.com\/da\/wp-content\/uploads\/sites\/8\/2022\/02\/buy-pyrazolam-0-5-mg-pellets-online.jpg","type":"image\/jpeg"}],"twitter_card":"summary_large_image","twitter_misc":{"Est. reading time":"4 minutes"},"schema":{"@context":"https:\/\/schema.org","@graph":[{"@type":"WebPage","@id":"https:\/\/medicinasinc.com\/da\/product\/kob-pyrazolam-0-5-mg-pellets\/","url":"https:\/\/medicinasinc.com\/da\/product\/kob-pyrazolam-0-5-mg-pellets\/","name":"K\u00f8b Pyrazolam 0,5 mg pellets - Pyrazolam 0,5 mg - Bedste globale medicin","isPartOf":{"@id":"https:\/\/medicinasinc.com\/da\/#website"},"primaryImageOfPage":{"@id":"https:\/\/medicinasinc.com\/da\/product\/kob-pyrazolam-0-5-mg-pellets\/#primaryimage"},"image":{"@id":"https:\/\/medicinasinc.com\/da\/product\/kob-pyrazolam-0-5-mg-pellets\/#primaryimage"},"thumbnailUrl":"https:\/\/medicinasinc.com\/da\/wp-content\/uploads\/sites\/8\/2022\/02\/buy-pyrazolam-0-5-mg-pellets-online.jpg","datePublished":"2022-02-22T05:15:21+00:00","dateModified":"2022-03-20T00:27:50+00:00","description":"K\u00f8b Pyrazolam 0,5 mg pellets til salg i Storbritannien, Europa, AU, EU, bestil billige Pyrazolam Pellets 2022, hvor kan du k\u00f8be Pyrazolam af h\u00f8j kvalitet natten over, Pyrazolam Pris.","breadcrumb":{"@id":"https:\/\/medicinasinc.com\/da\/product\/kob-pyrazolam-0-5-mg-pellets\/#breadcrumb"},"inLanguage":"en-US","potentialAction":[{"@type":"ReadAction","target":["https:\/\/medicinasinc.com\/da\/product\/kob-pyrazolam-0-5-mg-pellets\/"]}]},{"@type":"ImageObject","inLanguage":"en-US","@id":"https:\/\/medicinasinc.com\/da\/product\/kob-pyrazolam-0-5-mg-pellets\/#primaryimage","url":"https:\/\/medicinasinc.com\/da\/wp-content\/uploads\/sites\/8\/2022\/02\/buy-pyrazolam-0-5-mg-pellets-online.jpg","contentUrl":"https:\/\/medicinasinc.com\/da\/wp-content\/uploads\/sites\/8\/2022\/02\/buy-pyrazolam-0-5-mg-pellets-online.jpg","width":600,"height":600},{"@type":"BreadcrumbList","@id":"https:\/\/medicinasinc.com\/da\/product\/kob-pyrazolam-0-5-mg-pellets\/#breadcrumb","itemListElement":[{"@type":"ListItem","position":1,"name":"Butik","item":"https:\/\/medicinasinc.com\/da\/butik\/"},{"@type":"ListItem","position":2,"name":"K\u00f8b Pyrazolam 0,5 mg pellets"}]},{"@type":"WebSite","@id":"https:\/\/medicinasinc.com\/da\/#website","url":"https:\/\/medicinasinc.com\/da\/","name":"Medicinas Inc","description":"Health Medical Clinic","potentialAction":[{"@type":"SearchAction","target":{"@type":"EntryPoint","urlTemplate":"https:\/\/medicinasinc.com\/da\/?s={search_term_string}"},"query-input":{"@type":"PropertyValueSpecification","valueRequired":true,"valueName":"search_term_string"}}],"inLanguage":"en-US"}]}},"_links":{"self":[{"href":"https:\/\/medicinasinc.com\/da\/wp-json\/wp\/v2\/product\/5739","targetHints":{"allow":["GET"]}}],"collection":[{"href":"https:\/\/medicinasinc.com\/da\/wp-json\/wp\/v2\/product"}],"about":[{"href":"https:\/\/medicinasinc.com\/da\/wp-json\/wp\/v2\/types\/product"}],"replies":[{"embeddable":true,"href":"https:\/\/medicinasinc.com\/da\/wp-json\/wp\/v2\/comments?post=5739"}],"wp:featuredmedia":[{"embeddable":true,"href":"https:\/\/medicinasinc.com\/da\/wp-json\/wp\/v2\/media\/5751"}],"wp:attachment":[{"href":"https:\/\/medicinasinc.com\/da\/wp-json\/wp\/v2\/media?parent=5739"}],"wp:term":[{"taxonomy":"product_brand","embeddable":true,"href":"https:\/\/medicinasinc.com\/da\/wp-json\/wp\/v2\/product_brand?post=5739"},{"taxonomy":"product_cat","embeddable":true,"href":"https:\/\/medicinasinc.com\/da\/wp-json\/wp\/v2\/product_cat?post=5739"},{"taxonomy":"product_tag","embeddable":true,"href":"https:\/\/medicinasinc.com\/da\/wp-json\/wp\/v2\/product_tag?post=5739"}],"curies":[{"name":"wp","href":"https:\/\/api.w.org\/{rel}","templated":true}]}}