{"id":5735,"date":"2022-02-22T05:09:43","date_gmt":"2022-02-22T05:09:43","guid":{"rendered":"https:\/\/medicinasinc.com\/da\/?post_type=product&#038;p=5735"},"modified":"2022-03-20T00:27:58","modified_gmt":"2022-03-20T00:27:58","slug":"kob-al-lad-pulver","status":"publish","type":"product","link":"https:\/\/medicinasinc.com\/da\/product\/kob-al-lad-pulver\/","title":{"rendered":"K\u00f8b al-lad pulver"},"content":{"rendered":"<p>K\u00f8b al-lad-pulver i Storbritannien, Europa, Australien og EU, og f\u00e5 det inden 2022 til en billig pris. Al-lad pulver salg, hvor man kan k\u00f8be al-lad pulver levering natten over.<\/p>\n<p>Pulveret AL-LAD. Grossist og leverand\u00f8r af 99 procent rene farmaceutiske r\u00e5varer, forskningskemikalier og generiske l\u00e6gemidler, herunder AL-LAD Powder. Emballage, der er b\u00e5de sikker og diskret, samt forsendelse, der er blevet sporet.<\/p>\n<p>En analog af lysergsyrediethylamid kendt som AL-LAD eller 6-allyl-6-nor-LSD, er et kemikalie forbindelse (LSD). Et LSD-lignende psykoaktivt stof af lysergamid-klassen, det administreres for at frembringe de samme psykedeliske virkninger.<\/p>\n<p>Information, der er hurtig og beskidt<\/p>\n<p>AL-LAD er produktnavnet.<br \/> 6-6-nor-6-allyl-6-nor, AL-LAD<br \/> -LSD<br \/> CAS-nummer: 65527-61-9<br \/> C22H27N3O er molekylformlen<br \/> The International Union of Pure and Applied Chemistry (6aR,9R)<br \/> -N,N-diethyl-7-prop<br \/> -2-enyl-6,6a,8,9<br \/> -tetrahydro- 4H-indolo[4,3-fg]<br \/> quinolin-9-carboxamid<br \/> Molekylv\u00e6gten er 349,5 g\/mol.<br \/> 99,5 procent fri for urenheder<br \/> Hvid eller r\u00e5hvid krystallinsk pulver i udseende<\/p>\n<p>Leverand\u00f8r af AL-LAD Powder<\/p>\n<p>P\u00e5 markedet for farmaceutiske r\u00e5varer er vi kendt for det brede udvalg af produkter, vi tilbyder, og for at levere p\u00e5lidelige drop- forsendelsestjenester for generiske l\u00e6gemidler af h\u00f8jeste kaliber. AL-LAD Powder Wholesalers m\u00e5l er at give kunderne produkter af h\u00f8j kvalitet til konkurrencedygtige priser.<\/p>\n","protected":false},"excerpt":{"rendered":"<div class=\"woocommerce-product-details__short-description\">\n<p>K\u00f8b al-lad pulver til salg i Storbritannien, Europa, AU, EU, bestil billigt al-lad pulver 2022, hvor kan man k\u00f8be al-lad af h\u00f8j kvalitet powder Overnight Delivery, al-lad powder-salg.<\/p>\n<p>K\u00f8b AL-LAD Powder Europe fra en p\u00e5lidelig leverand\u00f8r af forskningskemikalier. AL-LAD Powder s\u00e6lges af en grossist, der sender fra EU.<\/p>\n<p>Folk, der \u00f8nsker at k\u00f8be AL-LAD Powder, kan f\u00e5 det til de bedste priser. Det har lysergamider af h\u00f8j kvalitet og andre forbindelser. De laveste priser. Der er rabat. Verdensomsp\u00e6ndende forsendelse er hurtig.<\/p>\n<p>K\u00f8b Al-lad Powder Online. 6-allyl-6-nor-lysergic acid diethylamid, ogs\u00e5 kendt som Aladdin, er et semisyntetisk hallucinogent stof, der kan f\u00e5 folk til at g\u00e5 amok.<\/p>\n<table class=\"table\" style=\"height: 249px\" width=\"455\">\n<tbody>\n<tr>\n<th><\/th>\n<td><\/td>\n<\/tr>\n<tr>\n<th>Min. ordrem\u00e6ngde:<\/th>\n<td>20 g<\/td>\n<\/tr>\n<tr>\n<th>Forsyningsevne:<\/th>\n<td>100 kg\/m\u00e5ned<\/td>\n<\/tr>\n<tr>\n<th>Port:<\/th>\n<td> Warszawa, Holland<\/td>\n<\/tr>\n<tr>\n<th>Betalingsbetingelser:<\/th>\n<td>Bankoverf\u00f8rsel, Bitcoin, WU\/MG, Andet<\/td>\n<\/tr>\n<tr>\n<th>Emballeringsdetaljer:<\/th>\n<td>P\u00e5 kundeanmodning<\/td>\n<\/tr>\n<tr>\n<th>Leveringsdetaljer:<\/th>\n<td>Express Shipping, DPD, Pharma Courier EU<\/td>\n<\/tr>\n<\/tbody>\n<\/table><\/div>\n","protected":false},"featured_media":5747,"comment_status":"open","ping_status":"closed","template":"","meta":[],"product_brand":[],"product_cat":[2014],"product_tag":[3758,3757,3759,3760,3761,3762,3763,3764,3767,3768,3773,3774,3775,3776,3772,3777,3766,3765,3771,3769,3770,3778,3779,3780,3781,3782,3791,3783,3785,3786,3787,3790,3796,3794,3795,3789,3784,3788,3793,3792],"class_list":{"0":"post-5735","1":"product","2":"type-product","3":"status-publish","4":"has-post-thumbnail","6":"product_cat-kb-forskningskemikalier","7":"product_tag-al-lad-leverandr","8":"product_tag-al-lad-sikkerhed","9":"product_tag-al-lad-buy","10":"product_tag-al-lad-dosage","11":"product_tag-al-lad-drug","12":"product_tag-al-lad-effects","13":"product_tag-al-lad-erowid","14":"product_tag-al-lad-oplevelse","15":"product_tag-al-lad-powder-effect","16":"product_tag-al-lad-powder-europe","17":"product_tag-al-lad-powder-reviews","18":"product_tag-al-lad-powder-sale","19":"product_tag-al-lad-powder-sales","20":"product_tag-al-lad-powder-supplier","21":"product_tag-al-lad-powder-anmeldelse","22":"product_tag-al-lad-pulver-engros","23":"product_tag-al-lad-pudder-kina","24":"product_tag-al-lad-powder-buy","25":"product_tag-al-lad-pulver-priser","26":"product_tag-al-lad-pulver-til-salg","27":"product_tag-al-lad-pulver-til-salg-online","28":"product_tag-al-lad-reddit","29":"product_tag-al-lad-tur-rapport","30":"product_tag-al-lad-vendor","31":"product_tag-allerede-lad-lovlighed","32":"product_tag-bedste-kvalitet-al-lad-pulver","33":"product_tag-bestille-al-lad-pulver","34":"product_tag-buy-al-lad-canada","35":"product_tag-buy-al-lad-uk","36":"product_tag-buy-al-lad-online","37":"product_tag-buy-al-lad-powder-australia","38":"product_tag-easychems-anmeldelse","39":"product_tag-hvor-kan-bestilles-al-lad-pulver","40":"product_tag-hvor-kan-kbes-al-lad","41":"product_tag-hvor-kan-kbes-al-lad-pulver","42":"product_tag-easy-chems-anmeldelse","43":"product_tag-kb-al-lad-pulver","44":"product_tag-buy-al-lad-powder-europa","45":"product_tag-prve-al-lad-pulver","46":"product_tag-purchase-al-lad-powder","48":"first","49":"instock","50":"shipping-taxable","51":"purchasable","52":"product-type-variable","53":"has-default-attributes"},"yoast_head":"<!-- This site is optimized with the Yoast SEO plugin v27.3 - https:\/\/yoast.com\/product\/yoast-seo-wordpress\/ -->\n<title>K\u00f8b al-lad pulver - Al-lad pulver til salg - Bedste globale medicin<\/title>\n<meta name=\"description\" content=\"K\u00f8b al-lad pulver til salg i Storbritannien, Europa, AU, EU, Bestil billigt al-lad pulver 2022, Hvor kan man k\u00f8be al-lad pulver af h\u00f8j kvalitet Overnight Delivery, al-lad pulver salg.\" \/>\n<meta name=\"robots\" content=\"index, follow, max-snippet:-1, max-image-preview:large, max-video-preview:-1\" \/>\n<link rel=\"canonical\" href=\"https:\/\/medicinasinc.com\/da\/product\/kob-al-lad-pulver\/\" \/>\n<meta property=\"og:locale\" content=\"en_US\" \/>\n<meta property=\"og:type\" content=\"article\" \/>\n<meta property=\"og:title\" content=\"K\u00f8b al-lad pulver - Al-lad pulver til salg - Bedste globale medicin\" \/>\n<meta property=\"og:description\" content=\"K\u00f8b al-lad pulver til salg i Storbritannien, Europa, AU, EU, Bestil billigt al-lad pulver 2022, Hvor kan man k\u00f8be al-lad pulver af h\u00f8j kvalitet Overnight Delivery, al-lad pulver salg.\" \/>\n<meta property=\"og:url\" content=\"https:\/\/medicinasinc.com\/da\/product\/kob-al-lad-pulver\/\" \/>\n<meta property=\"og:site_name\" content=\"Medicinas Inc\" \/>\n<meta property=\"article:modified_time\" content=\"2022-03-20T00:27:58+00:00\" \/>\n<meta property=\"og:image\" content=\"https:\/\/medicinasinc.com\/da\/wp-content\/uploads\/sites\/8\/2022\/02\/Buy-al-lad-powder.jpg\" \/>\n\t<meta property=\"og:image:width\" content=\"931\" \/>\n\t<meta property=\"og:image:height\" content=\"799\" \/>\n\t<meta property=\"og:image:type\" content=\"image\/jpeg\" \/>\n<meta name=\"twitter:card\" content=\"summary_large_image\" \/>\n<meta name=\"twitter:label1\" content=\"Est. reading time\" \/>\n\t<meta name=\"twitter:data1\" content=\"1 minute\" \/>\n<script type=\"application\/ld+json\" class=\"yoast-schema-graph\">{\"@context\":\"https:\\\/\\\/schema.org\",\"@graph\":[{\"@type\":\"WebPage\",\"@id\":\"https:\\\/\\\/medicinasinc.com\\\/da\\\/product\\\/kob-al-lad-pulver\\\/\",\"url\":\"https:\\\/\\\/medicinasinc.com\\\/da\\\/product\\\/kob-al-lad-pulver\\\/\",\"name\":\"K\u00f8b al-lad pulver - Al-lad pulver til salg - Bedste globale medicin\",\"isPartOf\":{\"@id\":\"https:\\\/\\\/medicinasinc.com\\\/da\\\/#website\"},\"primaryImageOfPage\":{\"@id\":\"https:\\\/\\\/medicinasinc.com\\\/da\\\/product\\\/kob-al-lad-pulver\\\/#primaryimage\"},\"image\":{\"@id\":\"https:\\\/\\\/medicinasinc.com\\\/da\\\/product\\\/kob-al-lad-pulver\\\/#primaryimage\"},\"thumbnailUrl\":\"https:\\\/\\\/medicinasinc.com\\\/da\\\/wp-content\\\/uploads\\\/sites\\\/8\\\/2022\\\/02\\\/Buy-al-lad-powder.jpg\",\"datePublished\":\"2022-02-22T05:09:43+00:00\",\"dateModified\":\"2022-03-20T00:27:58+00:00\",\"description\":\"K\u00f8b al-lad pulver til salg i Storbritannien, Europa, AU, EU, Bestil billigt al-lad pulver 2022, Hvor kan man k\u00f8be al-lad pulver af h\u00f8j kvalitet Overnight Delivery, al-lad pulver salg.\",\"breadcrumb\":{\"@id\":\"https:\\\/\\\/medicinasinc.com\\\/da\\\/product\\\/kob-al-lad-pulver\\\/#breadcrumb\"},\"inLanguage\":\"en-US\",\"potentialAction\":[{\"@type\":\"ReadAction\",\"target\":[\"https:\\\/\\\/medicinasinc.com\\\/da\\\/product\\\/kob-al-lad-pulver\\\/\"]}]},{\"@type\":\"ImageObject\",\"inLanguage\":\"en-US\",\"@id\":\"https:\\\/\\\/medicinasinc.com\\\/da\\\/product\\\/kob-al-lad-pulver\\\/#primaryimage\",\"url\":\"https:\\\/\\\/medicinasinc.com\\\/da\\\/wp-content\\\/uploads\\\/sites\\\/8\\\/2022\\\/02\\\/Buy-al-lad-powder.jpg\",\"contentUrl\":\"https:\\\/\\\/medicinasinc.com\\\/da\\\/wp-content\\\/uploads\\\/sites\\\/8\\\/2022\\\/02\\\/Buy-al-lad-powder.jpg\",\"width\":931,\"height\":799},{\"@type\":\"BreadcrumbList\",\"@id\":\"https:\\\/\\\/medicinasinc.com\\\/da\\\/product\\\/kob-al-lad-pulver\\\/#breadcrumb\",\"itemListElement\":[{\"@type\":\"ListItem\",\"position\":1,\"name\":\"Butik\",\"item\":\"https:\\\/\\\/medicinasinc.com\\\/da\\\/butik\\\/\"},{\"@type\":\"ListItem\",\"position\":2,\"name\":\"K\u00f8b al-lad pulver\"}]},{\"@type\":\"WebSite\",\"@id\":\"https:\\\/\\\/medicinasinc.com\\\/da\\\/#website\",\"url\":\"https:\\\/\\\/medicinasinc.com\\\/da\\\/\",\"name\":\"Medicinas Inc\",\"description\":\"Health Medical Clinic\",\"potentialAction\":[{\"@type\":\"SearchAction\",\"target\":{\"@type\":\"EntryPoint\",\"urlTemplate\":\"https:\\\/\\\/medicinasinc.com\\\/da\\\/?s={search_term_string}\"},\"query-input\":{\"@type\":\"PropertyValueSpecification\",\"valueRequired\":true,\"valueName\":\"search_term_string\"}}],\"inLanguage\":\"en-US\"}]}<\/script>\n<!-- \/ Yoast SEO plugin. -->","yoast_head_json":{"title":"K\u00f8b al-lad pulver - Al-lad pulver til salg - Bedste globale medicin","description":"K\u00f8b al-lad pulver til salg i Storbritannien, Europa, AU, EU, Bestil billigt al-lad pulver 2022, Hvor kan man k\u00f8be al-lad pulver af h\u00f8j kvalitet Overnight Delivery, al-lad pulver salg.","robots":{"index":"index","follow":"follow","max-snippet":"max-snippet:-1","max-image-preview":"max-image-preview:large","max-video-preview":"max-video-preview:-1"},"canonical":"https:\/\/medicinasinc.com\/da\/product\/kob-al-lad-pulver\/","og_locale":"en_US","og_type":"article","og_title":"K\u00f8b al-lad pulver - Al-lad pulver til salg - Bedste globale medicin","og_description":"K\u00f8b al-lad pulver til salg i Storbritannien, Europa, AU, EU, Bestil billigt al-lad pulver 2022, Hvor kan man k\u00f8be al-lad pulver af h\u00f8j kvalitet Overnight Delivery, al-lad pulver salg.","og_url":"https:\/\/medicinasinc.com\/da\/product\/kob-al-lad-pulver\/","og_site_name":"Medicinas Inc","article_modified_time":"2022-03-20T00:27:58+00:00","og_image":[{"width":931,"height":799,"url":"https:\/\/medicinasinc.com\/da\/wp-content\/uploads\/sites\/8\/2022\/02\/Buy-al-lad-powder.jpg","type":"image\/jpeg"}],"twitter_card":"summary_large_image","twitter_misc":{"Est. reading time":"1 minute"},"schema":{"@context":"https:\/\/schema.org","@graph":[{"@type":"WebPage","@id":"https:\/\/medicinasinc.com\/da\/product\/kob-al-lad-pulver\/","url":"https:\/\/medicinasinc.com\/da\/product\/kob-al-lad-pulver\/","name":"K\u00f8b al-lad pulver - Al-lad pulver til salg - Bedste globale medicin","isPartOf":{"@id":"https:\/\/medicinasinc.com\/da\/#website"},"primaryImageOfPage":{"@id":"https:\/\/medicinasinc.com\/da\/product\/kob-al-lad-pulver\/#primaryimage"},"image":{"@id":"https:\/\/medicinasinc.com\/da\/product\/kob-al-lad-pulver\/#primaryimage"},"thumbnailUrl":"https:\/\/medicinasinc.com\/da\/wp-content\/uploads\/sites\/8\/2022\/02\/Buy-al-lad-powder.jpg","datePublished":"2022-02-22T05:09:43+00:00","dateModified":"2022-03-20T00:27:58+00:00","description":"K\u00f8b al-lad pulver til salg i Storbritannien, Europa, AU, EU, Bestil billigt al-lad pulver 2022, Hvor kan man k\u00f8be al-lad pulver af h\u00f8j kvalitet Overnight Delivery, al-lad pulver salg.","breadcrumb":{"@id":"https:\/\/medicinasinc.com\/da\/product\/kob-al-lad-pulver\/#breadcrumb"},"inLanguage":"en-US","potentialAction":[{"@type":"ReadAction","target":["https:\/\/medicinasinc.com\/da\/product\/kob-al-lad-pulver\/"]}]},{"@type":"ImageObject","inLanguage":"en-US","@id":"https:\/\/medicinasinc.com\/da\/product\/kob-al-lad-pulver\/#primaryimage","url":"https:\/\/medicinasinc.com\/da\/wp-content\/uploads\/sites\/8\/2022\/02\/Buy-al-lad-powder.jpg","contentUrl":"https:\/\/medicinasinc.com\/da\/wp-content\/uploads\/sites\/8\/2022\/02\/Buy-al-lad-powder.jpg","width":931,"height":799},{"@type":"BreadcrumbList","@id":"https:\/\/medicinasinc.com\/da\/product\/kob-al-lad-pulver\/#breadcrumb","itemListElement":[{"@type":"ListItem","position":1,"name":"Butik","item":"https:\/\/medicinasinc.com\/da\/butik\/"},{"@type":"ListItem","position":2,"name":"K\u00f8b al-lad pulver"}]},{"@type":"WebSite","@id":"https:\/\/medicinasinc.com\/da\/#website","url":"https:\/\/medicinasinc.com\/da\/","name":"Medicinas Inc","description":"Health Medical Clinic","potentialAction":[{"@type":"SearchAction","target":{"@type":"EntryPoint","urlTemplate":"https:\/\/medicinasinc.com\/da\/?s={search_term_string}"},"query-input":{"@type":"PropertyValueSpecification","valueRequired":true,"valueName":"search_term_string"}}],"inLanguage":"en-US"}]}},"_links":{"self":[{"href":"https:\/\/medicinasinc.com\/da\/wp-json\/wp\/v2\/product\/5735","targetHints":{"allow":["GET"]}}],"collection":[{"href":"https:\/\/medicinasinc.com\/da\/wp-json\/wp\/v2\/product"}],"about":[{"href":"https:\/\/medicinasinc.com\/da\/wp-json\/wp\/v2\/types\/product"}],"replies":[{"embeddable":true,"href":"https:\/\/medicinasinc.com\/da\/wp-json\/wp\/v2\/comments?post=5735"}],"wp:featuredmedia":[{"embeddable":true,"href":"https:\/\/medicinasinc.com\/da\/wp-json\/wp\/v2\/media\/5747"}],"wp:attachment":[{"href":"https:\/\/medicinasinc.com\/da\/wp-json\/wp\/v2\/media?parent=5735"}],"wp:term":[{"taxonomy":"product_brand","embeddable":true,"href":"https:\/\/medicinasinc.com\/da\/wp-json\/wp\/v2\/product_brand?post=5735"},{"taxonomy":"product_cat","embeddable":true,"href":"https:\/\/medicinasinc.com\/da\/wp-json\/wp\/v2\/product_cat?post=5735"},{"taxonomy":"product_tag","embeddable":true,"href":"https:\/\/medicinasinc.com\/da\/wp-json\/wp\/v2\/product_tag?post=5735"}],"curies":[{"name":"wp","href":"https:\/\/api.w.org\/{rel}","templated":true}]}}