{"id":5731,"date":"2022-02-22T05:03:24","date_gmt":"2022-02-22T05:03:24","guid":{"rendered":"https:\/\/medicinasinc.com\/da\/?post_type=product&#038;p=5731"},"modified":"2022-03-20T00:28:06","modified_gmt":"2022-03-20T00:28:06","slug":"kob-sextacy-pulver","status":"publish","type":"product","link":"https:\/\/medicinasinc.com\/da\/product\/kob-sextacy-pulver\/","title":{"rendered":"K\u00f8b Sextacy Powder"},"content":{"rendered":"<p>S\u00f8rg for at k\u00f8be Sextacy Powder.<\/p>\n<p>Shop efter Sextacy Powder online i l\u00f8s v\u00e6gt og k\u00f8b det i store m\u00e6ngder.<\/p>\n<p>Sextacy powder er et nyt og sp\u00e6ndende m\u00e6rkevareprodukt, som du kan k\u00f8be.<br \/> Hvis du vil bruge Sextacy, skal du k\u00f8be det i pulverform. Hovedingrediensen er a-PVP.<\/p>\n<p>Styrken er 5\/5. Sextacy Det bedste pulver, der er lovligt at bruge.<br \/> Det er tid til at f\u00e5 fat i laboratoriet med dette nye og fantastiske produkt.<\/p>\n<p>Du kan k\u00f8be rent Sextacy Powder online.<\/p>\n<div class=\"product-next-previous\">\n<div class=\"product-prev\"><\/div><\/div>\n","protected":false},"excerpt":{"rendered":"<p>Pure Quality Sextacy Powder til salg i Europa, Storbritannien og Australien kan k\u00f8bes p\u00e5 internettet. Hvis du vil bruge Sextacy, skal du k\u00f8be det i pulverform. Hovedingrediensen er a-PVP.<\/p>\n<p>K\u00f8b Sextacy Legal High Powder p\u00e5 internettet. Du kan g\u00f8re dette<\/p>\n<p>K\u00f8b meget p\u00e5 \u00e9n gang Sextacy er et nyt og sp\u00e6ndende m\u00e6rkevareprodukt, som du kan k\u00f8be. Sextacy er en PVP, og det er hvad det er.<\/p>\n<p>Der er mange hjemmesider, hvor du kan k\u00f8be en masse badesalt for mange penge.<\/p>\n<p>Online, du kan k\u00f8be sextacy badesalt fra Global Medicine. Sextacy badesalt til salgspriser kan findes ved at l\u00e6se denne tekst<\/p>\n","protected":false},"featured_media":5742,"comment_status":"open","ping_status":"closed","template":"","meta":[],"product_brand":[],"product_cat":[2014],"product_tag":[3731,3732,3736,3734,3735,3756,3733,3545,3737,3739,3741,3742,3747,3748,3749,3750,3755,3744,3751,3740,3753,3743,3746,3738,3754,3745,3752],"class_list":{"0":"post-5731","1":"product","2":"type-product","3":"status-publish","4":"has-post-thumbnail","6":"product_cat-kb-forskningskemikalier","7":"product_tag-bedste-kvalitet-sextacy-pulver","8":"product_tag-bedste-sextacy-pulver-online","9":"product_tag-orden-sextacy-pulver","10":"product_tag-buy-sextacy-powder-europe","11":"product_tag-buy-sextacy-powder-online","12":"product_tag-hvor-kan-kbes-sextacy-pulver","13":"product_tag-kb-sextacy-pulver","14":"product_tag-kbe-methoxetamin","15":"product_tag-purchase-sextacy-powder","16":"product_tag-sekstacy-pulver-effekt","17":"product_tag-sextacy-powder-for-sale","18":"product_tag-sextacy-powder-for-sale-online","19":"product_tag-sextacy-powder-online","20":"product_tag-sextacy-powder-order","21":"product_tag-sextacy-powder-over-night","22":"product_tag-sextacy-powder-purchase","23":"product_tag-sextacy-powder-wholesale","24":"product_tag-sextacy-powder-mail","25":"product_tag-sextacy-powder-anmeldelser","26":"product_tag-sextacy-powder-europa","27":"product_tag-sextacy-powder-shipping","28":"product_tag-sextacy-powder-google","29":"product_tag-sextacy-powder-n-c3-a6r-mig","30":"product_tag-sextacy-powder-buy","31":"product_tag-sextacy-pulver-levering-c3-b8r","32":"product_tag-sextacy-pulver-postordre","33":"product_tag-sextacy-pulver-udsalg","35":"first","36":"instock","37":"shipping-taxable","38":"purchasable","39":"product-type-variable","40":"has-default-attributes"},"yoast_head":"<!-- This site is optimized with the Yoast SEO plugin v27.3 - https:\/\/yoast.com\/product\/yoast-seo-wordpress\/ -->\n<title>K\u00f8b Sextacy Powder - Sextacy Powder salg - Bedste globale medicin<\/title>\n<meta name=\"description\" content=\"K\u00f8b Pure Quality Sextacy Powder til salg i Europa, UK, AU Online. Den aktive ingrediens i Sextacy er a-PVP, og dette produkt kommer kun i pulverform! Bestil Sextacy Powder\" \/>\n<meta name=\"robots\" content=\"index, follow, max-snippet:-1, max-image-preview:large, max-video-preview:-1\" \/>\n<link rel=\"canonical\" href=\"https:\/\/medicinasinc.com\/da\/product\/kob-sextacy-pulver\/\" \/>\n<meta property=\"og:locale\" content=\"en_US\" \/>\n<meta property=\"og:type\" content=\"article\" \/>\n<meta property=\"og:title\" content=\"K\u00f8b Sextacy Powder - Sextacy Powder salg - Bedste globale medicin\" \/>\n<meta property=\"og:description\" content=\"K\u00f8b Pure Quality Sextacy Powder til salg i Europa, UK, AU Online. Den aktive ingrediens i Sextacy er a-PVP, og dette produkt kommer kun i pulverform! Bestil Sextacy Powder\" \/>\n<meta property=\"og:url\" content=\"https:\/\/medicinasinc.com\/da\/product\/kob-sextacy-pulver\/\" \/>\n<meta property=\"og:site_name\" content=\"Medicinas Inc\" \/>\n<meta property=\"article:modified_time\" content=\"2022-03-20T00:28:06+00:00\" \/>\n<meta property=\"og:image\" content=\"https:\/\/medicinasinc.com\/da\/wp-content\/uploads\/sites\/8\/2022\/02\/Buy-Sextacy-Powder.jpg\" \/>\n\t<meta property=\"og:image:width\" content=\"300\" \/>\n\t<meta property=\"og:image:height\" content=\"300\" \/>\n\t<meta property=\"og:image:type\" content=\"image\/jpeg\" \/>\n<meta name=\"twitter:card\" content=\"summary_large_image\" \/>\n<meta name=\"twitter:label1\" content=\"Est. reading time\" \/>\n\t<meta name=\"twitter:data1\" content=\"1 minute\" \/>\n<script type=\"application\/ld+json\" class=\"yoast-schema-graph\">{\"@context\":\"https:\\\/\\\/schema.org\",\"@graph\":[{\"@type\":\"WebPage\",\"@id\":\"https:\\\/\\\/medicinasinc.com\\\/da\\\/product\\\/kob-sextacy-pulver\\\/\",\"url\":\"https:\\\/\\\/medicinasinc.com\\\/da\\\/product\\\/kob-sextacy-pulver\\\/\",\"name\":\"K\u00f8b Sextacy Powder - Sextacy Powder salg - Bedste globale medicin\",\"isPartOf\":{\"@id\":\"https:\\\/\\\/medicinasinc.com\\\/da\\\/#website\"},\"primaryImageOfPage\":{\"@id\":\"https:\\\/\\\/medicinasinc.com\\\/da\\\/product\\\/kob-sextacy-pulver\\\/#primaryimage\"},\"image\":{\"@id\":\"https:\\\/\\\/medicinasinc.com\\\/da\\\/product\\\/kob-sextacy-pulver\\\/#primaryimage\"},\"thumbnailUrl\":\"https:\\\/\\\/medicinasinc.com\\\/da\\\/wp-content\\\/uploads\\\/sites\\\/8\\\/2022\\\/02\\\/Buy-Sextacy-Powder.jpg\",\"datePublished\":\"2022-02-22T05:03:24+00:00\",\"dateModified\":\"2022-03-20T00:28:06+00:00\",\"description\":\"K\u00f8b Pure Quality Sextacy Powder til salg i Europa, UK, AU Online. Den aktive ingrediens i Sextacy er a-PVP, og dette produkt kommer kun i pulverform! Bestil Sextacy Powder\",\"breadcrumb\":{\"@id\":\"https:\\\/\\\/medicinasinc.com\\\/da\\\/product\\\/kob-sextacy-pulver\\\/#breadcrumb\"},\"inLanguage\":\"en-US\",\"potentialAction\":[{\"@type\":\"ReadAction\",\"target\":[\"https:\\\/\\\/medicinasinc.com\\\/da\\\/product\\\/kob-sextacy-pulver\\\/\"]}]},{\"@type\":\"ImageObject\",\"inLanguage\":\"en-US\",\"@id\":\"https:\\\/\\\/medicinasinc.com\\\/da\\\/product\\\/kob-sextacy-pulver\\\/#primaryimage\",\"url\":\"https:\\\/\\\/medicinasinc.com\\\/da\\\/wp-content\\\/uploads\\\/sites\\\/8\\\/2022\\\/02\\\/Buy-Sextacy-Powder.jpg\",\"contentUrl\":\"https:\\\/\\\/medicinasinc.com\\\/da\\\/wp-content\\\/uploads\\\/sites\\\/8\\\/2022\\\/02\\\/Buy-Sextacy-Powder.jpg\",\"width\":300,\"height\":300},{\"@type\":\"BreadcrumbList\",\"@id\":\"https:\\\/\\\/medicinasinc.com\\\/da\\\/product\\\/kob-sextacy-pulver\\\/#breadcrumb\",\"itemListElement\":[{\"@type\":\"ListItem\",\"position\":1,\"name\":\"Butik\",\"item\":\"https:\\\/\\\/medicinasinc.com\\\/da\\\/butik\\\/\"},{\"@type\":\"ListItem\",\"position\":2,\"name\":\"K\u00f8b Sextacy Powder\"}]},{\"@type\":\"WebSite\",\"@id\":\"https:\\\/\\\/medicinasinc.com\\\/da\\\/#website\",\"url\":\"https:\\\/\\\/medicinasinc.com\\\/da\\\/\",\"name\":\"Medicinas Inc\",\"description\":\"Health Medical Clinic\",\"potentialAction\":[{\"@type\":\"SearchAction\",\"target\":{\"@type\":\"EntryPoint\",\"urlTemplate\":\"https:\\\/\\\/medicinasinc.com\\\/da\\\/?s={search_term_string}\"},\"query-input\":{\"@type\":\"PropertyValueSpecification\",\"valueRequired\":true,\"valueName\":\"search_term_string\"}}],\"inLanguage\":\"en-US\"}]}<\/script>\n<!-- \/ Yoast SEO plugin. -->","yoast_head_json":{"title":"K\u00f8b Sextacy Powder - Sextacy Powder salg - Bedste globale medicin","description":"K\u00f8b Pure Quality Sextacy Powder til salg i Europa, UK, AU Online. Den aktive ingrediens i Sextacy er a-PVP, og dette produkt kommer kun i pulverform! Bestil Sextacy Powder","robots":{"index":"index","follow":"follow","max-snippet":"max-snippet:-1","max-image-preview":"max-image-preview:large","max-video-preview":"max-video-preview:-1"},"canonical":"https:\/\/medicinasinc.com\/da\/product\/kob-sextacy-pulver\/","og_locale":"en_US","og_type":"article","og_title":"K\u00f8b Sextacy Powder - Sextacy Powder salg - Bedste globale medicin","og_description":"K\u00f8b Pure Quality Sextacy Powder til salg i Europa, UK, AU Online. Den aktive ingrediens i Sextacy er a-PVP, og dette produkt kommer kun i pulverform! Bestil Sextacy Powder","og_url":"https:\/\/medicinasinc.com\/da\/product\/kob-sextacy-pulver\/","og_site_name":"Medicinas Inc","article_modified_time":"2022-03-20T00:28:06+00:00","og_image":[{"width":300,"height":300,"url":"https:\/\/medicinasinc.com\/da\/wp-content\/uploads\/sites\/8\/2022\/02\/Buy-Sextacy-Powder.jpg","type":"image\/jpeg"}],"twitter_card":"summary_large_image","twitter_misc":{"Est. reading time":"1 minute"},"schema":{"@context":"https:\/\/schema.org","@graph":[{"@type":"WebPage","@id":"https:\/\/medicinasinc.com\/da\/product\/kob-sextacy-pulver\/","url":"https:\/\/medicinasinc.com\/da\/product\/kob-sextacy-pulver\/","name":"K\u00f8b Sextacy Powder - Sextacy Powder salg - Bedste globale medicin","isPartOf":{"@id":"https:\/\/medicinasinc.com\/da\/#website"},"primaryImageOfPage":{"@id":"https:\/\/medicinasinc.com\/da\/product\/kob-sextacy-pulver\/#primaryimage"},"image":{"@id":"https:\/\/medicinasinc.com\/da\/product\/kob-sextacy-pulver\/#primaryimage"},"thumbnailUrl":"https:\/\/medicinasinc.com\/da\/wp-content\/uploads\/sites\/8\/2022\/02\/Buy-Sextacy-Powder.jpg","datePublished":"2022-02-22T05:03:24+00:00","dateModified":"2022-03-20T00:28:06+00:00","description":"K\u00f8b Pure Quality Sextacy Powder til salg i Europa, UK, AU Online. Den aktive ingrediens i Sextacy er a-PVP, og dette produkt kommer kun i pulverform! Bestil Sextacy Powder","breadcrumb":{"@id":"https:\/\/medicinasinc.com\/da\/product\/kob-sextacy-pulver\/#breadcrumb"},"inLanguage":"en-US","potentialAction":[{"@type":"ReadAction","target":["https:\/\/medicinasinc.com\/da\/product\/kob-sextacy-pulver\/"]}]},{"@type":"ImageObject","inLanguage":"en-US","@id":"https:\/\/medicinasinc.com\/da\/product\/kob-sextacy-pulver\/#primaryimage","url":"https:\/\/medicinasinc.com\/da\/wp-content\/uploads\/sites\/8\/2022\/02\/Buy-Sextacy-Powder.jpg","contentUrl":"https:\/\/medicinasinc.com\/da\/wp-content\/uploads\/sites\/8\/2022\/02\/Buy-Sextacy-Powder.jpg","width":300,"height":300},{"@type":"BreadcrumbList","@id":"https:\/\/medicinasinc.com\/da\/product\/kob-sextacy-pulver\/#breadcrumb","itemListElement":[{"@type":"ListItem","position":1,"name":"Butik","item":"https:\/\/medicinasinc.com\/da\/butik\/"},{"@type":"ListItem","position":2,"name":"K\u00f8b Sextacy Powder"}]},{"@type":"WebSite","@id":"https:\/\/medicinasinc.com\/da\/#website","url":"https:\/\/medicinasinc.com\/da\/","name":"Medicinas Inc","description":"Health Medical Clinic","potentialAction":[{"@type":"SearchAction","target":{"@type":"EntryPoint","urlTemplate":"https:\/\/medicinasinc.com\/da\/?s={search_term_string}"},"query-input":{"@type":"PropertyValueSpecification","valueRequired":true,"valueName":"search_term_string"}}],"inLanguage":"en-US"}]}},"_links":{"self":[{"href":"https:\/\/medicinasinc.com\/da\/wp-json\/wp\/v2\/product\/5731","targetHints":{"allow":["GET"]}}],"collection":[{"href":"https:\/\/medicinasinc.com\/da\/wp-json\/wp\/v2\/product"}],"about":[{"href":"https:\/\/medicinasinc.com\/da\/wp-json\/wp\/v2\/types\/product"}],"replies":[{"embeddable":true,"href":"https:\/\/medicinasinc.com\/da\/wp-json\/wp\/v2\/comments?post=5731"}],"wp:featuredmedia":[{"embeddable":true,"href":"https:\/\/medicinasinc.com\/da\/wp-json\/wp\/v2\/media\/5742"}],"wp:attachment":[{"href":"https:\/\/medicinasinc.com\/da\/wp-json\/wp\/v2\/media?parent=5731"}],"wp:term":[{"taxonomy":"product_brand","embeddable":true,"href":"https:\/\/medicinasinc.com\/da\/wp-json\/wp\/v2\/product_brand?post=5731"},{"taxonomy":"product_cat","embeddable":true,"href":"https:\/\/medicinasinc.com\/da\/wp-json\/wp\/v2\/product_cat?post=5731"},{"taxonomy":"product_tag","embeddable":true,"href":"https:\/\/medicinasinc.com\/da\/wp-json\/wp\/v2\/product_tag?post=5731"}],"curies":[{"name":"wp","href":"https:\/\/api.w.org\/{rel}","templated":true}]}}