{"id":5730,"date":"2022-02-22T05:01:35","date_gmt":"2022-02-22T05:01:35","guid":{"rendered":"https:\/\/medicinasinc.com\/da\/?post_type=product&#038;p=5730"},"modified":"2022-03-20T00:28:17","modified_gmt":"2022-03-20T00:28:17","slug":"kob-rent-mdma-pulver","status":"publish","type":"product","link":"https:\/\/medicinasinc.com\/da\/product\/kob-rent-mdma-pulver\/","title":{"rendered":"K\u00f8b rent mdma pulver"},"content":{"rendered":"<p>K\u00f8b MDMA i pulverform<\/p>\n<p>MDMA-pulver, MDMA-krystaller og ecstasy<\/p>\n<p>Med dets stimulerende og hallucinogene egenskaber i lige grad er MDMA-pulverkrystaller en af \u200b\u200bde mest popul\u00e6re rekreative stoffer p\u00e5 markedet i dag.<\/p>\n<p>1,2 Typisk kan<\/p>\n<p>MDMA-pulver k\u00f8bes online.<\/p>\n<p>MDMA-pulver til salg i sin reneste form, online. <\/p>\n<p>Vi s\u00e6lger kun MDMA (Ecstasy\/Molly)-pulver af h\u00f8jeste kvalitet online p\u00e5.<\/p>\n<p>Rent MDMA-pulver kan k\u00f8bes online.<\/p>\n<p>Det billigste sted at k\u00f8be Ecstasy\/Molly Powder<\/p>\n<p>Har MDMA-pulvere nogen fordele eller ulemper sammenlignet med piller?<\/p>\n<p>Knuste MDMA-krystaller eller -pulver er en anden m\u00e5de at f\u00e5 stoffet p\u00e5.<\/p>\n<p>Oralt administreret MDMA (forkortelse for 3,4-methylendioxymetamfetamin), hvis kemiske navn er 3,4-methylendioxymetamfetamin, har en halveringstid p\u00e5 3 til 6 timer. En til to MDMA-tabletter, som hver b\u00e6rer 60 til 120 milligram MDMA, er den hyppigst rapporterede dosis. 1 Efterh\u00e5nden som virkningerne af den f\u00f8rste dosis begynder at aftage, er det ikke us\u00e6dvanligt, at brugere tager en anden dosis af l\u00e6gemidlet.<\/p>\n","protected":false},"excerpt":{"rendered":"<p>K\u00f8b kvalitets Mdma Powder til salg i Storbritannien, Europa, AU i vores Bestglobalmeds.com onlinebutik med hurtig levering over hele verden! Det bedste Mdma-pulver til bestilling finder du her!<\/p>\n<ul>\n<li>K\u00f8b rent MDMA-pulver online<\/li>\n<li>Rent MDMA-pulver online<\/li>\n<li>Ecstasy\/Molly-pulver til salg <\/li>\n<li>\u00a0k\u00f8b Ecstasy\/Molly Powder online<\/li>\n<\/ul>\n","protected":false},"featured_media":5740,"comment_status":"open","ping_status":"closed","template":"","meta":[],"product_brand":[],"product_cat":[2014],"product_tag":[3702,3701,3724,3723,3647,3703,3727,3708,3730,3729,3728,3726,3725,3705,3704,3706,3707,3709,3710,3714,3715,3716,3717,3721,3722,3659,3720,3711,3713,3609,3718,3719,3662,3712],"class_list":{"0":"post-5730","1":"product","2":"type-product","3":"status-publish","4":"has-post-thumbnail","6":"product_cat-kb-forskningskemikalier","7":"product_tag-bedste-kvalitet-mdma-pulver","8":"product_tag-bedste-mdma-pulver","9":"product_tag-bestil-mdma-pulver-krystal-online","10":"product_tag-ordre-mdma-pulver","11":"product_tag-buy-mdma-powder","12":"product_tag-buy-mdma-powder-crystal-online","13":"product_tag-det-bedste-sted-at-kbe-mdma-pulver-krystal-online","14":"product_tag-how-to-buy-mdma-powder-crystal-online","15":"product_tag-hvor-kan-bestilles-mdma-pulver","16":"product_tag-hvor-kan-kbes-mdma-pulver-krystal-online","17":"product_tag-hvor-kan-kbes-mdma-pulver","18":"product_tag-kb-mdma-pulver-krystal-online","19":"product_tag-kb-mdma-pulver","20":"product_tag-k-c3-b8b-mdma-pulver-europa","21":"product_tag-k-c3-b8b-mdma-pulver-mig","22":"product_tag-k-c3-b8b-mdma-pulver-n-c3-a6r-mig","23":"product_tag-kb-mdma-pulver-online","24":"product_tag-mdma-pulver-krystal-til-salg","25":"product_tag-mdma-powder-effect","26":"product_tag-mdma-powder-mail-order","27":"product_tag-mdma-powder-near-me","28":"product_tag-mdma-powder-online","29":"product_tag-mdma-powder-over-night","30":"product_tag-mdma-powder-reviews","31":"product_tag-mdma-powder-shipping","32":"product_tag-mdma-pulver","33":"product_tag-mdma-pulver-anmeldelse","34":"product_tag-mdma-pulver-europa","35":"product_tag-mdma-pulver-google","36":"product_tag-mdma-pulver-kb","37":"product_tag-mdma-pulver-pris","38":"product_tag-mdma-powder-reddit","39":"product_tag-mdma-pulver-til-salg","40":"product_tag-mdma-pulver-til-salg-online","42":"first","43":"instock","44":"shipping-taxable","45":"purchasable","46":"product-type-variable","47":"has-default-attributes"},"yoast_head":"<!-- This site is optimized with the Yoast SEO plugin v27.3 - https:\/\/yoast.com\/product\/yoast-seo-wordpress\/ -->\n<title>K\u00f8b rent mdma pulver - mdma pulver til salg - Best Global Meds<\/title>\n<meta name=\"description\" content=\"K\u00f8b kvalitets Mdma Powder til salg i Storbritannien, Europa, AU i vores Bestglobalmeds.com online shop med hurtig levering over hele verden! Det bedste Mdma Powder til bestilling finder du her!\" \/>\n<meta name=\"robots\" content=\"index, follow, max-snippet:-1, max-image-preview:large, max-video-preview:-1\" \/>\n<link rel=\"canonical\" href=\"https:\/\/medicinasinc.com\/da\/product\/kob-rent-mdma-pulver\/\" \/>\n<meta property=\"og:locale\" content=\"en_US\" \/>\n<meta property=\"og:type\" content=\"article\" \/>\n<meta property=\"og:title\" content=\"K\u00f8b rent mdma pulver - mdma pulver til salg - Best Global Meds\" \/>\n<meta property=\"og:description\" content=\"K\u00f8b kvalitets Mdma Powder til salg i Storbritannien, Europa, AU i vores Bestglobalmeds.com online shop med hurtig levering over hele verden! Det bedste Mdma Powder til bestilling finder du her!\" \/>\n<meta property=\"og:url\" content=\"https:\/\/medicinasinc.com\/da\/product\/kob-rent-mdma-pulver\/\" \/>\n<meta property=\"og:site_name\" content=\"Medicinas Inc\" \/>\n<meta property=\"article:modified_time\" content=\"2022-03-20T00:28:17+00:00\" \/>\n<meta property=\"og:image\" content=\"https:\/\/medicinasinc.com\/da\/wp-content\/uploads\/sites\/8\/2022\/02\/Buy-pure-mdma-powder.jpg\" \/>\n\t<meta property=\"og:image:width\" content=\"1500\" \/>\n\t<meta property=\"og:image:height\" content=\"1496\" \/>\n\t<meta property=\"og:image:type\" content=\"image\/jpeg\" \/>\n<meta name=\"twitter:card\" content=\"summary_large_image\" \/>\n<meta name=\"twitter:label1\" content=\"Est. reading time\" \/>\n\t<meta name=\"twitter:data1\" content=\"1 minute\" \/>\n<script type=\"application\/ld+json\" class=\"yoast-schema-graph\">{\"@context\":\"https:\\\/\\\/schema.org\",\"@graph\":[{\"@type\":\"WebPage\",\"@id\":\"https:\\\/\\\/medicinasinc.com\\\/da\\\/product\\\/kob-rent-mdma-pulver\\\/\",\"url\":\"https:\\\/\\\/medicinasinc.com\\\/da\\\/product\\\/kob-rent-mdma-pulver\\\/\",\"name\":\"K\u00f8b rent mdma pulver - mdma pulver til salg - Best Global Meds\",\"isPartOf\":{\"@id\":\"https:\\\/\\\/medicinasinc.com\\\/da\\\/#website\"},\"primaryImageOfPage\":{\"@id\":\"https:\\\/\\\/medicinasinc.com\\\/da\\\/product\\\/kob-rent-mdma-pulver\\\/#primaryimage\"},\"image\":{\"@id\":\"https:\\\/\\\/medicinasinc.com\\\/da\\\/product\\\/kob-rent-mdma-pulver\\\/#primaryimage\"},\"thumbnailUrl\":\"https:\\\/\\\/medicinasinc.com\\\/da\\\/wp-content\\\/uploads\\\/sites\\\/8\\\/2022\\\/02\\\/Buy-pure-mdma-powder.jpg\",\"datePublished\":\"2022-02-22T05:01:35+00:00\",\"dateModified\":\"2022-03-20T00:28:17+00:00\",\"description\":\"K\u00f8b kvalitets Mdma Powder til salg i Storbritannien, Europa, AU i vores Bestglobalmeds.com online shop med hurtig levering over hele verden! Det bedste Mdma Powder til bestilling finder du her!\",\"breadcrumb\":{\"@id\":\"https:\\\/\\\/medicinasinc.com\\\/da\\\/product\\\/kob-rent-mdma-pulver\\\/#breadcrumb\"},\"inLanguage\":\"en-US\",\"potentialAction\":[{\"@type\":\"ReadAction\",\"target\":[\"https:\\\/\\\/medicinasinc.com\\\/da\\\/product\\\/kob-rent-mdma-pulver\\\/\"]}]},{\"@type\":\"ImageObject\",\"inLanguage\":\"en-US\",\"@id\":\"https:\\\/\\\/medicinasinc.com\\\/da\\\/product\\\/kob-rent-mdma-pulver\\\/#primaryimage\",\"url\":\"https:\\\/\\\/medicinasinc.com\\\/da\\\/wp-content\\\/uploads\\\/sites\\\/8\\\/2022\\\/02\\\/Buy-pure-mdma-powder.jpg\",\"contentUrl\":\"https:\\\/\\\/medicinasinc.com\\\/da\\\/wp-content\\\/uploads\\\/sites\\\/8\\\/2022\\\/02\\\/Buy-pure-mdma-powder.jpg\",\"width\":1500,\"height\":1496},{\"@type\":\"BreadcrumbList\",\"@id\":\"https:\\\/\\\/medicinasinc.com\\\/da\\\/product\\\/kob-rent-mdma-pulver\\\/#breadcrumb\",\"itemListElement\":[{\"@type\":\"ListItem\",\"position\":1,\"name\":\"Butik\",\"item\":\"https:\\\/\\\/medicinasinc.com\\\/da\\\/butik\\\/\"},{\"@type\":\"ListItem\",\"position\":2,\"name\":\"K\u00f8b rent mdma pulver\"}]},{\"@type\":\"WebSite\",\"@id\":\"https:\\\/\\\/medicinasinc.com\\\/da\\\/#website\",\"url\":\"https:\\\/\\\/medicinasinc.com\\\/da\\\/\",\"name\":\"Medicinas Inc\",\"description\":\"Health Medical Clinic\",\"potentialAction\":[{\"@type\":\"SearchAction\",\"target\":{\"@type\":\"EntryPoint\",\"urlTemplate\":\"https:\\\/\\\/medicinasinc.com\\\/da\\\/?s={search_term_string}\"},\"query-input\":{\"@type\":\"PropertyValueSpecification\",\"valueRequired\":true,\"valueName\":\"search_term_string\"}}],\"inLanguage\":\"en-US\"}]}<\/script>\n<!-- \/ Yoast SEO plugin. -->","yoast_head_json":{"title":"K\u00f8b rent mdma pulver - mdma pulver til salg - Best Global Meds","description":"K\u00f8b kvalitets Mdma Powder til salg i Storbritannien, Europa, AU i vores Bestglobalmeds.com online shop med hurtig levering over hele verden! Det bedste Mdma Powder til bestilling finder du her!","robots":{"index":"index","follow":"follow","max-snippet":"max-snippet:-1","max-image-preview":"max-image-preview:large","max-video-preview":"max-video-preview:-1"},"canonical":"https:\/\/medicinasinc.com\/da\/product\/kob-rent-mdma-pulver\/","og_locale":"en_US","og_type":"article","og_title":"K\u00f8b rent mdma pulver - mdma pulver til salg - Best Global Meds","og_description":"K\u00f8b kvalitets Mdma Powder til salg i Storbritannien, Europa, AU i vores Bestglobalmeds.com online shop med hurtig levering over hele verden! Det bedste Mdma Powder til bestilling finder du her!","og_url":"https:\/\/medicinasinc.com\/da\/product\/kob-rent-mdma-pulver\/","og_site_name":"Medicinas Inc","article_modified_time":"2022-03-20T00:28:17+00:00","og_image":[{"width":1500,"height":1496,"url":"https:\/\/medicinasinc.com\/da\/wp-content\/uploads\/sites\/8\/2022\/02\/Buy-pure-mdma-powder.jpg","type":"image\/jpeg"}],"twitter_card":"summary_large_image","twitter_misc":{"Est. reading time":"1 minute"},"schema":{"@context":"https:\/\/schema.org","@graph":[{"@type":"WebPage","@id":"https:\/\/medicinasinc.com\/da\/product\/kob-rent-mdma-pulver\/","url":"https:\/\/medicinasinc.com\/da\/product\/kob-rent-mdma-pulver\/","name":"K\u00f8b rent mdma pulver - mdma pulver til salg - Best Global Meds","isPartOf":{"@id":"https:\/\/medicinasinc.com\/da\/#website"},"primaryImageOfPage":{"@id":"https:\/\/medicinasinc.com\/da\/product\/kob-rent-mdma-pulver\/#primaryimage"},"image":{"@id":"https:\/\/medicinasinc.com\/da\/product\/kob-rent-mdma-pulver\/#primaryimage"},"thumbnailUrl":"https:\/\/medicinasinc.com\/da\/wp-content\/uploads\/sites\/8\/2022\/02\/Buy-pure-mdma-powder.jpg","datePublished":"2022-02-22T05:01:35+00:00","dateModified":"2022-03-20T00:28:17+00:00","description":"K\u00f8b kvalitets Mdma Powder til salg i Storbritannien, Europa, AU i vores Bestglobalmeds.com online shop med hurtig levering over hele verden! Det bedste Mdma Powder til bestilling finder du her!","breadcrumb":{"@id":"https:\/\/medicinasinc.com\/da\/product\/kob-rent-mdma-pulver\/#breadcrumb"},"inLanguage":"en-US","potentialAction":[{"@type":"ReadAction","target":["https:\/\/medicinasinc.com\/da\/product\/kob-rent-mdma-pulver\/"]}]},{"@type":"ImageObject","inLanguage":"en-US","@id":"https:\/\/medicinasinc.com\/da\/product\/kob-rent-mdma-pulver\/#primaryimage","url":"https:\/\/medicinasinc.com\/da\/wp-content\/uploads\/sites\/8\/2022\/02\/Buy-pure-mdma-powder.jpg","contentUrl":"https:\/\/medicinasinc.com\/da\/wp-content\/uploads\/sites\/8\/2022\/02\/Buy-pure-mdma-powder.jpg","width":1500,"height":1496},{"@type":"BreadcrumbList","@id":"https:\/\/medicinasinc.com\/da\/product\/kob-rent-mdma-pulver\/#breadcrumb","itemListElement":[{"@type":"ListItem","position":1,"name":"Butik","item":"https:\/\/medicinasinc.com\/da\/butik\/"},{"@type":"ListItem","position":2,"name":"K\u00f8b rent mdma pulver"}]},{"@type":"WebSite","@id":"https:\/\/medicinasinc.com\/da\/#website","url":"https:\/\/medicinasinc.com\/da\/","name":"Medicinas Inc","description":"Health Medical Clinic","potentialAction":[{"@type":"SearchAction","target":{"@type":"EntryPoint","urlTemplate":"https:\/\/medicinasinc.com\/da\/?s={search_term_string}"},"query-input":{"@type":"PropertyValueSpecification","valueRequired":true,"valueName":"search_term_string"}}],"inLanguage":"en-US"}]}},"_links":{"self":[{"href":"https:\/\/medicinasinc.com\/da\/wp-json\/wp\/v2\/product\/5730","targetHints":{"allow":["GET"]}}],"collection":[{"href":"https:\/\/medicinasinc.com\/da\/wp-json\/wp\/v2\/product"}],"about":[{"href":"https:\/\/medicinasinc.com\/da\/wp-json\/wp\/v2\/types\/product"}],"replies":[{"embeddable":true,"href":"https:\/\/medicinasinc.com\/da\/wp-json\/wp\/v2\/comments?post=5730"}],"wp:featuredmedia":[{"embeddable":true,"href":"https:\/\/medicinasinc.com\/da\/wp-json\/wp\/v2\/media\/5740"}],"wp:attachment":[{"href":"https:\/\/medicinasinc.com\/da\/wp-json\/wp\/v2\/media?parent=5730"}],"wp:term":[{"taxonomy":"product_brand","embeddable":true,"href":"https:\/\/medicinasinc.com\/da\/wp-json\/wp\/v2\/product_brand?post=5730"},{"taxonomy":"product_cat","embeddable":true,"href":"https:\/\/medicinasinc.com\/da\/wp-json\/wp\/v2\/product_cat?post=5730"},{"taxonomy":"product_tag","embeddable":true,"href":"https:\/\/medicinasinc.com\/da\/wp-json\/wp\/v2\/product_tag?post=5730"}],"curies":[{"name":"wp","href":"https:\/\/api.w.org\/{rel}","templated":true}]}}