{"id":5729,"date":"2022-02-22T04:59:37","date_gmt":"2022-02-22T04:59:37","guid":{"rendered":"https:\/\/medicinasinc.com\/da\/?post_type=product&#038;p=5729"},"modified":"2022-03-20T00:28:26","modified_gmt":"2022-03-20T00:28:26","slug":"kobe-hydrocodon-pulver","status":"publish","type":"product","link":"https:\/\/medicinasinc.com\/da\/product\/kobe-hydrocodon-pulver\/","title":{"rendered":"K\u00f8b Hydrocodone Powder"},"content":{"rendered":"<p>For at k\u00f8be Hydrocodone Powder online, klik her.<br \/> Online kan du k\u00f8be Hydrocodone Powder i l\u00f8s v\u00e6gt til en god pris til engrospriser. Hydrocodone, som s\u00e6lges under varem\u00e6rket Hysingla og andre navne, er et opioid, der kan bruges til at behandle smerter, der varer l\u00e6nge, \u200b\u200bhvis andre behandlinger ikke virker. Som hosted\u00e6mpende middel bruges det ogs\u00e5 af personer over 18 \u00e5r. Folk spiser det. Acetaminophen og hydrocodon s\u00e6lges normalt sammen. Ibuprofen og hydrocodon s\u00e6lges ogs\u00e5 normalt sammen. I sig selv kommer det i en langtidsvirkende form, som du kan k\u00f8be.<\/p>\n<p>Der er to typer hydrocodonsalt eller pulver:<\/p>\n<p>Hydrocodon er et semisyntetisk opioid, der kommer fra kodeinplanten. Hydrocodon kan tages gennem munden for at lindre smerter og stoppe hosten, ofte med paracetamol eller ibuprofen. Der er mange recepter p\u00e5 hydrocodon i USA.<\/p>\n","protected":false},"excerpt":{"rendered":"<p>Hydrocodonpulver til salg i Europa, Storbritannien og Australien. Kodein bruges til at fremstille hydrocodonpulver, et semisyntetisk opioid. Billigste priser p\u00e5 Hydrocodone Powder.<\/p>\n<p>K\u00f8b Hydrocodone Powder Online fra en p\u00e5lidelig kilde.<\/p>\n<p>Det er et semisyntetisk opioid afledt af kodein. Hydrocodonpulver<\/p>\n","protected":false},"featured_media":5738,"comment_status":"open","ping_status":"closed","template":"","meta":[],"product_brand":[],"product_cat":[2014],"product_tag":[3695,3671,3672,3675,3685,3699,3698,3700,3676,3684,3677,3687,3679,3678,3682,3683,3688,3689,3681,3686,3680,3674,3670,3673,3691,3692,3690,3693,3694,3696,3697],"class_list":{"0":"post-5729","1":"product","2":"type-product","3":"status-publish","4":"has-post-thumbnail","6":"product_cat-kb-forskningskemikalier","7":"product_tag-blanding-kratom-og-hydrocodon","8":"product_tag-buy-hydrocodone-online-usa","9":"product_tag-buy-hydrocodone-online-without-rx","10":"product_tag-gr-hydrocodon-forrsager-forstoppelse","11":"product_tag-hydrocodon-pulver-gennemgang","12":"product_tag-hvad-er-hydrocodon-sammensat-af","13":"product_tag-hvad-sker-nr-du-snorker-hydrocodon","14":"product_tag-hvor-kan-kbes-hydrocodon-piller","15":"product_tag-hydrocodon-hcl","16":"product_tag-hydrocodon-powder-reddit","17":"product_tag-hydrocodon-pulver","18":"product_tag-hydrocodon-pulver-anvendelser","19":"product_tag-hydrocodon-pulver-effekt","20":"product_tag-hydrocodon-pulver-kb","21":"product_tag-hydrocodon-pulver-orden","22":"product_tag-hydrocodon-pulver-pris","23":"product_tag-hydrocodon-vs-kratom","24":"product_tag-hydrocodon-vs-vicodin","25":"product_tag-hydrocodone-powder-for-sale","26":"product_tag-hydrocodon-pulver-salg","27":"product_tag-hydrocodonpulver-sammen-c3-a6tning","28":"product_tag-kan-hydrocodon-drber-dig","29":"product_tag-kbe-hydrocodon-acetaminophen","30":"product_tag-kbe-hydrocodon-pulver","31":"product_tag-kratom-and-hydrocodone-combination","32":"product_tag-kratom-bali-sammenlignet-med-hydrocodon","33":"product_tag-kratom-og-hydrocodon","34":"product_tag-kratom-sammenlignet-med-norco","35":"product_tag-kratom-vs-hydrocodon-styrke","36":"product_tag-pure-hydrocodone-powder-for-sale","37":"product_tag-r-hydrocodon-pulver","39":"first","40":"instock","41":"shipping-taxable","42":"purchasable","43":"product-type-variable","44":"has-default-attributes"},"yoast_head":"<!-- This site is optimized with the Yoast SEO plugin v27.3 - https:\/\/yoast.com\/product\/yoast-seo-wordpress\/ -->\n<title>K\u00f8b Hydrocodone Powder - Hydrocodone Powder - Bedste globale medicin<\/title>\n<meta name=\"description\" content=\"K\u00f8b kvalitetshydrocodonpulver til salg i Europa, Storbritannien, AU online. Hydrocodonpulver er et semisyntetisk opioid afledt af kodein. Bestil Hydrocodone Powder til de bedste priser\" \/>\n<meta name=\"robots\" content=\"index, follow, max-snippet:-1, max-image-preview:large, max-video-preview:-1\" \/>\n<link rel=\"canonical\" href=\"https:\/\/medicinasinc.com\/da\/product\/kobe-hydrocodon-pulver\/\" \/>\n<meta property=\"og:locale\" content=\"en_US\" \/>\n<meta property=\"og:type\" content=\"article\" \/>\n<meta property=\"og:title\" content=\"K\u00f8b Hydrocodone Powder - Hydrocodone Powder - Bedste globale medicin\" \/>\n<meta property=\"og:description\" content=\"K\u00f8b kvalitetshydrocodonpulver til salg i Europa, Storbritannien, AU online. Hydrocodonpulver er et semisyntetisk opioid afledt af kodein. Bestil Hydrocodone Powder til de bedste priser\" \/>\n<meta property=\"og:url\" content=\"https:\/\/medicinasinc.com\/da\/product\/kobe-hydrocodon-pulver\/\" \/>\n<meta property=\"og:site_name\" content=\"Medicinas Inc\" \/>\n<meta property=\"article:modified_time\" content=\"2022-03-20T00:28:26+00:00\" \/>\n<meta property=\"og:image\" content=\"https:\/\/medicinasinc.com\/da\/wp-content\/uploads\/sites\/8\/2022\/02\/Buy-Hydrocodone-Powder.jpg\" \/>\n\t<meta property=\"og:image:width\" content=\"650\" \/>\n\t<meta property=\"og:image:height\" content=\"390\" \/>\n\t<meta property=\"og:image:type\" content=\"image\/jpeg\" \/>\n<meta name=\"twitter:card\" content=\"summary_large_image\" \/>\n<meta name=\"twitter:label1\" content=\"Est. reading time\" \/>\n\t<meta name=\"twitter:data1\" content=\"1 minute\" \/>\n<script type=\"application\/ld+json\" class=\"yoast-schema-graph\">{\"@context\":\"https:\\\/\\\/schema.org\",\"@graph\":[{\"@type\":\"WebPage\",\"@id\":\"https:\\\/\\\/medicinasinc.com\\\/da\\\/product\\\/kobe-hydrocodon-pulver\\\/\",\"url\":\"https:\\\/\\\/medicinasinc.com\\\/da\\\/product\\\/kobe-hydrocodon-pulver\\\/\",\"name\":\"K\u00f8b Hydrocodone Powder - Hydrocodone Powder - Bedste globale medicin\",\"isPartOf\":{\"@id\":\"https:\\\/\\\/medicinasinc.com\\\/da\\\/#website\"},\"primaryImageOfPage\":{\"@id\":\"https:\\\/\\\/medicinasinc.com\\\/da\\\/product\\\/kobe-hydrocodon-pulver\\\/#primaryimage\"},\"image\":{\"@id\":\"https:\\\/\\\/medicinasinc.com\\\/da\\\/product\\\/kobe-hydrocodon-pulver\\\/#primaryimage\"},\"thumbnailUrl\":\"https:\\\/\\\/medicinasinc.com\\\/da\\\/wp-content\\\/uploads\\\/sites\\\/8\\\/2022\\\/02\\\/Buy-Hydrocodone-Powder.jpg\",\"datePublished\":\"2022-02-22T04:59:37+00:00\",\"dateModified\":\"2022-03-20T00:28:26+00:00\",\"description\":\"K\u00f8b kvalitetshydrocodonpulver til salg i Europa, Storbritannien, AU online. Hydrocodonpulver er et semisyntetisk opioid afledt af kodein. Bestil Hydrocodone Powder til de bedste priser\",\"breadcrumb\":{\"@id\":\"https:\\\/\\\/medicinasinc.com\\\/da\\\/product\\\/kobe-hydrocodon-pulver\\\/#breadcrumb\"},\"inLanguage\":\"en-US\",\"potentialAction\":[{\"@type\":\"ReadAction\",\"target\":[\"https:\\\/\\\/medicinasinc.com\\\/da\\\/product\\\/kobe-hydrocodon-pulver\\\/\"]}]},{\"@type\":\"ImageObject\",\"inLanguage\":\"en-US\",\"@id\":\"https:\\\/\\\/medicinasinc.com\\\/da\\\/product\\\/kobe-hydrocodon-pulver\\\/#primaryimage\",\"url\":\"https:\\\/\\\/medicinasinc.com\\\/da\\\/wp-content\\\/uploads\\\/sites\\\/8\\\/2022\\\/02\\\/Buy-Hydrocodone-Powder.jpg\",\"contentUrl\":\"https:\\\/\\\/medicinasinc.com\\\/da\\\/wp-content\\\/uploads\\\/sites\\\/8\\\/2022\\\/02\\\/Buy-Hydrocodone-Powder.jpg\",\"width\":650,\"height\":390},{\"@type\":\"BreadcrumbList\",\"@id\":\"https:\\\/\\\/medicinasinc.com\\\/da\\\/product\\\/kobe-hydrocodon-pulver\\\/#breadcrumb\",\"itemListElement\":[{\"@type\":\"ListItem\",\"position\":1,\"name\":\"Butik\",\"item\":\"https:\\\/\\\/medicinasinc.com\\\/da\\\/butik\\\/\"},{\"@type\":\"ListItem\",\"position\":2,\"name\":\"K\u00f8b Hydrocodone Powder\"}]},{\"@type\":\"WebSite\",\"@id\":\"https:\\\/\\\/medicinasinc.com\\\/da\\\/#website\",\"url\":\"https:\\\/\\\/medicinasinc.com\\\/da\\\/\",\"name\":\"Medicinas Inc\",\"description\":\"Health Medical Clinic\",\"potentialAction\":[{\"@type\":\"SearchAction\",\"target\":{\"@type\":\"EntryPoint\",\"urlTemplate\":\"https:\\\/\\\/medicinasinc.com\\\/da\\\/?s={search_term_string}\"},\"query-input\":{\"@type\":\"PropertyValueSpecification\",\"valueRequired\":true,\"valueName\":\"search_term_string\"}}],\"inLanguage\":\"en-US\"}]}<\/script>\n<!-- \/ Yoast SEO plugin. -->","yoast_head_json":{"title":"K\u00f8b Hydrocodone Powder - Hydrocodone Powder - Bedste globale medicin","description":"K\u00f8b kvalitetshydrocodonpulver til salg i Europa, Storbritannien, AU online. Hydrocodonpulver er et semisyntetisk opioid afledt af kodein. Bestil Hydrocodone Powder til de bedste priser","robots":{"index":"index","follow":"follow","max-snippet":"max-snippet:-1","max-image-preview":"max-image-preview:large","max-video-preview":"max-video-preview:-1"},"canonical":"https:\/\/medicinasinc.com\/da\/product\/kobe-hydrocodon-pulver\/","og_locale":"en_US","og_type":"article","og_title":"K\u00f8b Hydrocodone Powder - Hydrocodone Powder - Bedste globale medicin","og_description":"K\u00f8b kvalitetshydrocodonpulver til salg i Europa, Storbritannien, AU online. Hydrocodonpulver er et semisyntetisk opioid afledt af kodein. Bestil Hydrocodone Powder til de bedste priser","og_url":"https:\/\/medicinasinc.com\/da\/product\/kobe-hydrocodon-pulver\/","og_site_name":"Medicinas Inc","article_modified_time":"2022-03-20T00:28:26+00:00","og_image":[{"width":650,"height":390,"url":"https:\/\/medicinasinc.com\/da\/wp-content\/uploads\/sites\/8\/2022\/02\/Buy-Hydrocodone-Powder.jpg","type":"image\/jpeg"}],"twitter_card":"summary_large_image","twitter_misc":{"Est. reading time":"1 minute"},"schema":{"@context":"https:\/\/schema.org","@graph":[{"@type":"WebPage","@id":"https:\/\/medicinasinc.com\/da\/product\/kobe-hydrocodon-pulver\/","url":"https:\/\/medicinasinc.com\/da\/product\/kobe-hydrocodon-pulver\/","name":"K\u00f8b Hydrocodone Powder - Hydrocodone Powder - Bedste globale medicin","isPartOf":{"@id":"https:\/\/medicinasinc.com\/da\/#website"},"primaryImageOfPage":{"@id":"https:\/\/medicinasinc.com\/da\/product\/kobe-hydrocodon-pulver\/#primaryimage"},"image":{"@id":"https:\/\/medicinasinc.com\/da\/product\/kobe-hydrocodon-pulver\/#primaryimage"},"thumbnailUrl":"https:\/\/medicinasinc.com\/da\/wp-content\/uploads\/sites\/8\/2022\/02\/Buy-Hydrocodone-Powder.jpg","datePublished":"2022-02-22T04:59:37+00:00","dateModified":"2022-03-20T00:28:26+00:00","description":"K\u00f8b kvalitetshydrocodonpulver til salg i Europa, Storbritannien, AU online. Hydrocodonpulver er et semisyntetisk opioid afledt af kodein. Bestil Hydrocodone Powder til de bedste priser","breadcrumb":{"@id":"https:\/\/medicinasinc.com\/da\/product\/kobe-hydrocodon-pulver\/#breadcrumb"},"inLanguage":"en-US","potentialAction":[{"@type":"ReadAction","target":["https:\/\/medicinasinc.com\/da\/product\/kobe-hydrocodon-pulver\/"]}]},{"@type":"ImageObject","inLanguage":"en-US","@id":"https:\/\/medicinasinc.com\/da\/product\/kobe-hydrocodon-pulver\/#primaryimage","url":"https:\/\/medicinasinc.com\/da\/wp-content\/uploads\/sites\/8\/2022\/02\/Buy-Hydrocodone-Powder.jpg","contentUrl":"https:\/\/medicinasinc.com\/da\/wp-content\/uploads\/sites\/8\/2022\/02\/Buy-Hydrocodone-Powder.jpg","width":650,"height":390},{"@type":"BreadcrumbList","@id":"https:\/\/medicinasinc.com\/da\/product\/kobe-hydrocodon-pulver\/#breadcrumb","itemListElement":[{"@type":"ListItem","position":1,"name":"Butik","item":"https:\/\/medicinasinc.com\/da\/butik\/"},{"@type":"ListItem","position":2,"name":"K\u00f8b Hydrocodone Powder"}]},{"@type":"WebSite","@id":"https:\/\/medicinasinc.com\/da\/#website","url":"https:\/\/medicinasinc.com\/da\/","name":"Medicinas Inc","description":"Health Medical Clinic","potentialAction":[{"@type":"SearchAction","target":{"@type":"EntryPoint","urlTemplate":"https:\/\/medicinasinc.com\/da\/?s={search_term_string}"},"query-input":{"@type":"PropertyValueSpecification","valueRequired":true,"valueName":"search_term_string"}}],"inLanguage":"en-US"}]}},"_links":{"self":[{"href":"https:\/\/medicinasinc.com\/da\/wp-json\/wp\/v2\/product\/5729","targetHints":{"allow":["GET"]}}],"collection":[{"href":"https:\/\/medicinasinc.com\/da\/wp-json\/wp\/v2\/product"}],"about":[{"href":"https:\/\/medicinasinc.com\/da\/wp-json\/wp\/v2\/types\/product"}],"replies":[{"embeddable":true,"href":"https:\/\/medicinasinc.com\/da\/wp-json\/wp\/v2\/comments?post=5729"}],"wp:featuredmedia":[{"embeddable":true,"href":"https:\/\/medicinasinc.com\/da\/wp-json\/wp\/v2\/media\/5738"}],"wp:attachment":[{"href":"https:\/\/medicinasinc.com\/da\/wp-json\/wp\/v2\/media?parent=5729"}],"wp:term":[{"taxonomy":"product_brand","embeddable":true,"href":"https:\/\/medicinasinc.com\/da\/wp-json\/wp\/v2\/product_brand?post=5729"},{"taxonomy":"product_cat","embeddable":true,"href":"https:\/\/medicinasinc.com\/da\/wp-json\/wp\/v2\/product_cat?post=5729"},{"taxonomy":"product_tag","embeddable":true,"href":"https:\/\/medicinasinc.com\/da\/wp-json\/wp\/v2\/product_tag?post=5729"}],"curies":[{"name":"wp","href":"https:\/\/api.w.org\/{rel}","templated":true}]}}