{"id":5710,"date":"2022-02-22T04:39:11","date_gmt":"2022-02-22T04:39:11","guid":{"rendered":"https:\/\/medicinasinc.com\/da\/?post_type=product&#038;p=5710"},"modified":"2022-03-20T00:28:34","modified_gmt":"2022-03-20T00:28:34","slug":"kob-mdma-krystaller","status":"publish","type":"product","link":"https:\/\/medicinasinc.com\/da\/product\/kob-mdma-krystaller\/","title":{"rendered":"K\u00f8b mdma krystaller"},"content":{"rendered":"<p>HVOR MAN BESTILLER MDMA POWDER OG CRYSTAL ONLINE<\/p>\n<p>CRYSTAL MDMA kan k\u00f8bes p\u00e5 internettet. Det er nemt og bekvemt at k\u00f8be MDMA-pulver online. 3,4-methylendioxymetamfetamin, oftere omtalt som ecstasy, er et stimulerende middel og bruges generelt for sjov. For at opn\u00e5 de \u00f8nskede resultater omfatter virkningerne \u00e6ndrede f\u00f8lelser og et boost i energi, empati og nydelse. MDMA kan k\u00f8bes lige her p\u00e5 vores side. Til at begynde med blev MDMA mest brugt af dem, der frekventerede natklubber og hele nattens dansefester (kendt som &#8220;raves&#8221;), men stoffet har siden spredt sig til et bredere publikum og omtales nu som Ecstasy eller Molly.<\/p>\n<p>Det er et syntetisk stof, der p\u00e5virker hum\u00f8r og opfattelse, 3,4-methylendioxy-metamfetamin (MDMA) (bevidsthed om omkringliggende genstande og forhold). Som et stimulerende middel og et hallucinogen producerer det fornemmelser af \u00f8get energi, nydelse og f\u00f8lelsesm\u00e6ssig varme samt en forvirret sanseoplevelse.<\/p>\n<p>Hvordan er MDMA CYSTAL | Pulver brugt af dets brugere?<\/p>\n<p>MDMA bruges almindeligvis i form af en pille eller kapsel, selvom det ogs\u00e5 kan indtages som en v\u00e6ske eller prustes som et pulver. Det er almindeligt at kalde dette pulveriseret MDMA (MDMA CRYSTAL) Molly, et slangudtryk for l\u00e6gemidlets p\u00e5st\u00e5ede &#8220;rene&#8221; krystallinske pulverform. MDMA kan af nogle mennesker kombineres med andre stoffer, s\u00e5som alkohol eller marihuana.<\/p>\n<p>Hvad er virkningerne af MDMA p\u00e5 hjernen?<\/p>\n<p>Tre hjernemolekyler aktiveres af MDMA: <\/p>\n<p>\u00d8get energi og aktivitet er to af virkningerne af dopamin, der fungerer som en bel\u00f8nning i hjernens bel\u00f8nningssystem.<br \/> Dem med kardiovaskul\u00e6re eller vaskul\u00e6re problemer er mere s\u00e5rbare over for virkningerne af noradrenalin, som h\u00e6ver hjertefrekvens og blodtryk.<br \/> Der er mange funktioner, som serotonin p\u00e5virker, s\u00e5som hum\u00f8r, sult og s\u00f8vn. Det har ogs\u00e5 en effekt p\u00e5 seksuel ophidselse og tillid ved at for\u00e5rsage frigivelse af hormoner. Mennesker, der tager MDMA, rapporterer f\u00f8lelser af f\u00f8lelsesm\u00e6ssig forbindelse, forbedret hum\u00f8r og empati som f\u00f8lge af stoffets serotonin-frig\u00f8rende virkninger. K\u00f8b Molly-piller fra et velrenommeret onlineapotek.<\/p>\n<p>&nbsp;<\/p>\n<p>Med hensyn til andre negative virkninger p\u00e5 helbredet:<\/p>\n<p>mavepine og kramper<br \/> sammenbidte t\u00e6nder for\u00e5rsagede en t\u00e5ge i mit syn<br \/> kuldegysningersved<\/p>\n","protected":false},"excerpt":{"rendered":"<p>K\u00f8b krystaller af mdma til salg i Storbritannien og Europa hos os. Folk, der k\u00f8ber hos os, kan v\u00e6re sikre p\u00e5, at de f\u00e5r, hvad de betaler for. K\u00f8b nu 3,4-methylendioxymetamfetamin.<\/p>\n<p>Der er Ecstasy\/Molly-krystaller til salg (du kan k\u00f8be Ecstasy\/Molly-krystaller online). Der er mange steder, hvor du kan k\u00f8be MDMA-krystaller online. Du kan ogs\u00e5 k\u00f8be krystaller af Methylone online.<\/p>\n","protected":false},"featured_media":5720,"comment_status":"open","ping_status":"closed","template":"","meta":[],"product_brand":[],"product_cat":[2014],"product_tag":[3663,539,3647,3666,3648,3669,3667,3668,3644,3645,3646,501,506,3650,3649,3652,3651,3656,3653,3655,3654,3658,3661,3659,3662,3660,3657,3664,3665],"class_list":{"0":"post-5710","1":"product","2":"type-product","3":"status-publish","4":"has-post-thumbnail","6":"product_cat-kb-forskningskemikalier","7":"product_tag-bestil-mdma-krystal-online","8":"product_tag-bestil-mdma-online","9":"product_tag-buy-mdma-powder","10":"product_tag-det-bedste-sted-at-kbe-mdma-krystal-online","11":"product_tag-how-to-buy-mdma-crystal-online","12":"product_tag-hvor-kan-f-mdma-usa","13":"product_tag-hvor-kan-jeg-kbe-mdma","14":"product_tag-hvor-kan-kbes-mdma-krystal-online","15":"product_tag-kb-mdma-krystal","16":"product_tag-kb-mdma-krystal-online","17":"product_tag-k-c3-b8b-mdma-krystaller","18":"product_tag-kb-mdma-online","19":"product_tag-kb-ren-mdma-online","20":"product_tag-mail-order-mdma-crystal","21":"product_tag-postordre-mdma","22":"product_tag-mdma-crystal-for-sale-online","23":"product_tag-mdma-krystal-til-salg","24":"product_tag-mdma-crystals-reddit","25":"product_tag-mdma-krystaller-effekt","26":"product_tag-mdma-krystaller-priser","27":"product_tag-mdma-krystaller-til-salg","28":"product_tag-mdma-online-kb","29":"product_tag-mdma-powder-crystals-online","30":"product_tag-mdma-pulver","31":"product_tag-mdma-pulver-til-salg","32":"product_tag-mdma-pulver-krystaller","33":"product_tag-mdma-til-salg-usa","34":"product_tag-purchase-mdma-crystal-online","35":"product_tag-tags-kb-ecstasy-usa","37":"first","38":"instock","39":"shipping-taxable","40":"purchasable","41":"product-type-variable","42":"has-default-attributes"},"yoast_head":"<!-- This site is optimized with the Yoast SEO plugin v27.3 - https:\/\/yoast.com\/product\/yoast-seo-wordpress\/ -->\n<title>K\u00f8b mdma krystaller - Mdma krystaller til salg - Best Global Meds<\/title>\n<meta name=\"description\" content=\"K\u00f8b mdma krystaller til salg i Storbritannien, Europa. vi tilbyder den mest p\u00e5lidelige transaktion og s\u00e6lger til meget overkommelige priser. Bestil 3,4-methylendioxymetamfetamin nu\" \/>\n<meta name=\"robots\" content=\"index, follow, max-snippet:-1, max-image-preview:large, max-video-preview:-1\" \/>\n<link rel=\"canonical\" href=\"https:\/\/medicinasinc.com\/da\/product\/kob-mdma-krystaller\/\" \/>\n<meta property=\"og:locale\" content=\"en_US\" \/>\n<meta property=\"og:type\" content=\"article\" \/>\n<meta property=\"og:title\" content=\"K\u00f8b mdma krystaller - Mdma krystaller til salg - Best Global Meds\" \/>\n<meta property=\"og:description\" content=\"K\u00f8b mdma krystaller til salg i Storbritannien, Europa. vi tilbyder den mest p\u00e5lidelige transaktion og s\u00e6lger til meget overkommelige priser. Bestil 3,4-methylendioxymetamfetamin nu\" \/>\n<meta property=\"og:url\" content=\"https:\/\/medicinasinc.com\/da\/product\/kob-mdma-krystaller\/\" \/>\n<meta property=\"og:site_name\" content=\"Medicinas Inc\" \/>\n<meta property=\"article:modified_time\" content=\"2022-03-20T00:28:34+00:00\" \/>\n<meta property=\"og:image\" content=\"https:\/\/medicinasinc.com\/da\/wp-content\/uploads\/sites\/8\/2022\/02\/Buy-mdma-crystals.jpg\" \/>\n\t<meta property=\"og:image:width\" content=\"600\" \/>\n\t<meta property=\"og:image:height\" content=\"600\" \/>\n\t<meta property=\"og:image:type\" content=\"image\/jpeg\" \/>\n<meta name=\"twitter:card\" content=\"summary_large_image\" \/>\n<meta name=\"twitter:label1\" content=\"Est. reading time\" \/>\n\t<meta name=\"twitter:data1\" content=\"2 minutes\" \/>\n<script type=\"application\/ld+json\" class=\"yoast-schema-graph\">{\"@context\":\"https:\\\/\\\/schema.org\",\"@graph\":[{\"@type\":\"WebPage\",\"@id\":\"https:\\\/\\\/medicinasinc.com\\\/da\\\/product\\\/kob-mdma-krystaller\\\/\",\"url\":\"https:\\\/\\\/medicinasinc.com\\\/da\\\/product\\\/kob-mdma-krystaller\\\/\",\"name\":\"K\u00f8b mdma krystaller - Mdma krystaller til salg - Best Global Meds\",\"isPartOf\":{\"@id\":\"https:\\\/\\\/medicinasinc.com\\\/da\\\/#website\"},\"primaryImageOfPage\":{\"@id\":\"https:\\\/\\\/medicinasinc.com\\\/da\\\/product\\\/kob-mdma-krystaller\\\/#primaryimage\"},\"image\":{\"@id\":\"https:\\\/\\\/medicinasinc.com\\\/da\\\/product\\\/kob-mdma-krystaller\\\/#primaryimage\"},\"thumbnailUrl\":\"https:\\\/\\\/medicinasinc.com\\\/da\\\/wp-content\\\/uploads\\\/sites\\\/8\\\/2022\\\/02\\\/Buy-mdma-crystals.jpg\",\"datePublished\":\"2022-02-22T04:39:11+00:00\",\"dateModified\":\"2022-03-20T00:28:34+00:00\",\"description\":\"K\u00f8b mdma krystaller til salg i Storbritannien, Europa. vi tilbyder den mest p\u00e5lidelige transaktion og s\u00e6lger til meget overkommelige priser. Bestil 3,4-methylendioxymetamfetamin nu\",\"breadcrumb\":{\"@id\":\"https:\\\/\\\/medicinasinc.com\\\/da\\\/product\\\/kob-mdma-krystaller\\\/#breadcrumb\"},\"inLanguage\":\"en-US\",\"potentialAction\":[{\"@type\":\"ReadAction\",\"target\":[\"https:\\\/\\\/medicinasinc.com\\\/da\\\/product\\\/kob-mdma-krystaller\\\/\"]}]},{\"@type\":\"ImageObject\",\"inLanguage\":\"en-US\",\"@id\":\"https:\\\/\\\/medicinasinc.com\\\/da\\\/product\\\/kob-mdma-krystaller\\\/#primaryimage\",\"url\":\"https:\\\/\\\/medicinasinc.com\\\/da\\\/wp-content\\\/uploads\\\/sites\\\/8\\\/2022\\\/02\\\/Buy-mdma-crystals.jpg\",\"contentUrl\":\"https:\\\/\\\/medicinasinc.com\\\/da\\\/wp-content\\\/uploads\\\/sites\\\/8\\\/2022\\\/02\\\/Buy-mdma-crystals.jpg\",\"width\":600,\"height\":600},{\"@type\":\"BreadcrumbList\",\"@id\":\"https:\\\/\\\/medicinasinc.com\\\/da\\\/product\\\/kob-mdma-krystaller\\\/#breadcrumb\",\"itemListElement\":[{\"@type\":\"ListItem\",\"position\":1,\"name\":\"Butik\",\"item\":\"https:\\\/\\\/medicinasinc.com\\\/da\\\/butik\\\/\"},{\"@type\":\"ListItem\",\"position\":2,\"name\":\"K\u00f8b mdma krystaller\"}]},{\"@type\":\"WebSite\",\"@id\":\"https:\\\/\\\/medicinasinc.com\\\/da\\\/#website\",\"url\":\"https:\\\/\\\/medicinasinc.com\\\/da\\\/\",\"name\":\"Medicinas Inc\",\"description\":\"Health Medical Clinic\",\"potentialAction\":[{\"@type\":\"SearchAction\",\"target\":{\"@type\":\"EntryPoint\",\"urlTemplate\":\"https:\\\/\\\/medicinasinc.com\\\/da\\\/?s={search_term_string}\"},\"query-input\":{\"@type\":\"PropertyValueSpecification\",\"valueRequired\":true,\"valueName\":\"search_term_string\"}}],\"inLanguage\":\"en-US\"}]}<\/script>\n<!-- \/ Yoast SEO plugin. -->","yoast_head_json":{"title":"K\u00f8b mdma krystaller - Mdma krystaller til salg - Best Global Meds","description":"K\u00f8b mdma krystaller til salg i Storbritannien, Europa. vi tilbyder den mest p\u00e5lidelige transaktion og s\u00e6lger til meget overkommelige priser. Bestil 3,4-methylendioxymetamfetamin nu","robots":{"index":"index","follow":"follow","max-snippet":"max-snippet:-1","max-image-preview":"max-image-preview:large","max-video-preview":"max-video-preview:-1"},"canonical":"https:\/\/medicinasinc.com\/da\/product\/kob-mdma-krystaller\/","og_locale":"en_US","og_type":"article","og_title":"K\u00f8b mdma krystaller - Mdma krystaller til salg - Best Global Meds","og_description":"K\u00f8b mdma krystaller til salg i Storbritannien, Europa. vi tilbyder den mest p\u00e5lidelige transaktion og s\u00e6lger til meget overkommelige priser. Bestil 3,4-methylendioxymetamfetamin nu","og_url":"https:\/\/medicinasinc.com\/da\/product\/kob-mdma-krystaller\/","og_site_name":"Medicinas Inc","article_modified_time":"2022-03-20T00:28:34+00:00","og_image":[{"width":600,"height":600,"url":"https:\/\/medicinasinc.com\/da\/wp-content\/uploads\/sites\/8\/2022\/02\/Buy-mdma-crystals.jpg","type":"image\/jpeg"}],"twitter_card":"summary_large_image","twitter_misc":{"Est. reading time":"2 minutes"},"schema":{"@context":"https:\/\/schema.org","@graph":[{"@type":"WebPage","@id":"https:\/\/medicinasinc.com\/da\/product\/kob-mdma-krystaller\/","url":"https:\/\/medicinasinc.com\/da\/product\/kob-mdma-krystaller\/","name":"K\u00f8b mdma krystaller - Mdma krystaller til salg - Best Global Meds","isPartOf":{"@id":"https:\/\/medicinasinc.com\/da\/#website"},"primaryImageOfPage":{"@id":"https:\/\/medicinasinc.com\/da\/product\/kob-mdma-krystaller\/#primaryimage"},"image":{"@id":"https:\/\/medicinasinc.com\/da\/product\/kob-mdma-krystaller\/#primaryimage"},"thumbnailUrl":"https:\/\/medicinasinc.com\/da\/wp-content\/uploads\/sites\/8\/2022\/02\/Buy-mdma-crystals.jpg","datePublished":"2022-02-22T04:39:11+00:00","dateModified":"2022-03-20T00:28:34+00:00","description":"K\u00f8b mdma krystaller til salg i Storbritannien, Europa. vi tilbyder den mest p\u00e5lidelige transaktion og s\u00e6lger til meget overkommelige priser. Bestil 3,4-methylendioxymetamfetamin nu","breadcrumb":{"@id":"https:\/\/medicinasinc.com\/da\/product\/kob-mdma-krystaller\/#breadcrumb"},"inLanguage":"en-US","potentialAction":[{"@type":"ReadAction","target":["https:\/\/medicinasinc.com\/da\/product\/kob-mdma-krystaller\/"]}]},{"@type":"ImageObject","inLanguage":"en-US","@id":"https:\/\/medicinasinc.com\/da\/product\/kob-mdma-krystaller\/#primaryimage","url":"https:\/\/medicinasinc.com\/da\/wp-content\/uploads\/sites\/8\/2022\/02\/Buy-mdma-crystals.jpg","contentUrl":"https:\/\/medicinasinc.com\/da\/wp-content\/uploads\/sites\/8\/2022\/02\/Buy-mdma-crystals.jpg","width":600,"height":600},{"@type":"BreadcrumbList","@id":"https:\/\/medicinasinc.com\/da\/product\/kob-mdma-krystaller\/#breadcrumb","itemListElement":[{"@type":"ListItem","position":1,"name":"Butik","item":"https:\/\/medicinasinc.com\/da\/butik\/"},{"@type":"ListItem","position":2,"name":"K\u00f8b mdma krystaller"}]},{"@type":"WebSite","@id":"https:\/\/medicinasinc.com\/da\/#website","url":"https:\/\/medicinasinc.com\/da\/","name":"Medicinas Inc","description":"Health Medical Clinic","potentialAction":[{"@type":"SearchAction","target":{"@type":"EntryPoint","urlTemplate":"https:\/\/medicinasinc.com\/da\/?s={search_term_string}"},"query-input":{"@type":"PropertyValueSpecification","valueRequired":true,"valueName":"search_term_string"}}],"inLanguage":"en-US"}]}},"_links":{"self":[{"href":"https:\/\/medicinasinc.com\/da\/wp-json\/wp\/v2\/product\/5710","targetHints":{"allow":["GET"]}}],"collection":[{"href":"https:\/\/medicinasinc.com\/da\/wp-json\/wp\/v2\/product"}],"about":[{"href":"https:\/\/medicinasinc.com\/da\/wp-json\/wp\/v2\/types\/product"}],"replies":[{"embeddable":true,"href":"https:\/\/medicinasinc.com\/da\/wp-json\/wp\/v2\/comments?post=5710"}],"wp:featuredmedia":[{"embeddable":true,"href":"https:\/\/medicinasinc.com\/da\/wp-json\/wp\/v2\/media\/5720"}],"wp:attachment":[{"href":"https:\/\/medicinasinc.com\/da\/wp-json\/wp\/v2\/media?parent=5710"}],"wp:term":[{"taxonomy":"product_brand","embeddable":true,"href":"https:\/\/medicinasinc.com\/da\/wp-json\/wp\/v2\/product_brand?post=5710"},{"taxonomy":"product_cat","embeddable":true,"href":"https:\/\/medicinasinc.com\/da\/wp-json\/wp\/v2\/product_cat?post=5710"},{"taxonomy":"product_tag","embeddable":true,"href":"https:\/\/medicinasinc.com\/da\/wp-json\/wp\/v2\/product_tag?post=5710"}],"curies":[{"name":"wp","href":"https:\/\/api.w.org\/{rel}","templated":true}]}}