{"id":5703,"date":"2022-02-22T04:29:46","date_gmt":"2022-02-22T04:29:46","guid":{"rendered":"https:\/\/medicinasinc.com\/da\/?post_type=product&#038;p=5703"},"modified":"2022-03-20T00:28:43","modified_gmt":"2022-03-20T00:28:43","slug":"kob-dimethyltryptamin-dmt","status":"publish","type":"product","link":"https:\/\/medicinasinc.com\/da\/product\/kob-dimethyltryptamin-dmt\/","title":{"rendered":"K\u00f8b Dimethyltryptamin DMT"},"content":{"rendered":"<p>Der er mange steder at k\u00f8be DMT Powder online.<\/p>\n<p>DMT har eksisteret i lang tid. Stoffet er blevet brugt meget gennem \u00e5rene til en masse forskellige ting, indtil det af regeringen blev set som et stof, der kunne v\u00e6re farligt, hvis det blev taget til det yderste. Du kan muligvis ikke k\u00f8be DMT-pulver online, hvis du ikke ved, hvordan du g\u00f8r det. Endelig har dit h\u00e5rde arbejde givet pote, og du har de resultater, du \u00f8nsker. Bestglobalmeds er en hjemmeside, hvor du kan k\u00f8be DMT online til en god pris. Den har h\u00f8j kvalitet og ren DMT.<\/p>\n<p>Et svar p\u00e5 sp\u00f8rgsm\u00e5let &#8220;Hvad er DMT Powder?&#8221;<\/p>\n<p>DMT (N, N-dimethyltryptamin) er en naturlig psykedelisk tryptamin, der kan findes i planter, dyr og mennesker. Det er en del af gruppen af \u200b\u200bpsykedeliske stoffer (stoffer, der g\u00f8r dig mere opm\u00e6rksom). DMT-blandinger lavet af Changa er ogs\u00e5 lavet p\u00e5 denne m\u00e5de. De kan laves i pulverform, eller de kan laves til pulverform.<\/p>\n<p>Det er et naturligt forekommende stof, som kan findes i sm\u00e5 m\u00e6ngder i den menneskelige hjerne, hvor dets funktion er ukendt. DMT er kendt for sin kraft. Hvis du ryger den, varer den psykedeliske tur, den laver, kun 5 til 30 minutter, men effekten, den har, er kraftfuld og langsigtet. F\u00f8lelse af, at han eller hun er blevet sendt et helt andet sted hen, med lyde og billeder, der f\u00e5r dig til at t\u00e6nke p\u00e5 kaled\u043e\u0441\u043e\u0440iske ting,<\/p>\n<p>Ayahuasca-bryg, som er lavet med DMT-holdig tr\u00e6bark og andre planter, der indeholder et kemikalie kaldet en MAO-h\u00e6mmer (monoaminoxidaseh\u00e6mmer, for de virkelig syge). MAOI f\u00e5r DMT til at holde meget l\u00e6ngere i vores kroppe og forl\u00e6nger den psykiatriske oplevelse i timevis. DMT har v\u00e6ret brugt i traditionel medicin i lang tid.<\/p>\n<p>I de sidste par \u00e5r er dette bryg blevet mere popul\u00e6rt p\u00e5 grund af dets helbredende egenskaber, herunder som behandling for stofmisbrug. Sammenlignet med den &#8220;barske patriark&#8221; af Sbog\u00e1ne, er den &#8220;k\u00e6rlige matriark&#8221; af Ayahuasca healing blevet kaldt den &#8220;k\u00e6rlige matriark.&#8221; Det hj\u00e6lper folk med at nedbryde de forsvarsmekanismer, de m\u00e5tte have opbygget, som forhindrer dem i at komme i forbindelse med andre.<\/p>\n<p>Ved du, hvordan DMT ser ud?<br \/> Beskriv, hvordan DMT ser ud.<br \/> N\u00c5R det er rent, ligner det hvidt krystalliseret pulver eller noget andet.<br \/> Ogs\u00e5, n\u00e5r det ikke er rent, ligner det et gult, orange eller pink pulver eller v\u00e6ske. Dette er mere almindeligt, men det er ikke den eneste m\u00e5de at se det p\u00e5.<br \/> En brunlig\/r\u00f8d urteblanding, n\u00e5r den blandes med urter, g\u00f8r en drink kaldet ayahuasca Brunlig\/r\u00f8d spiritus, n\u00e5r den er en del af en ayahuasca drink.<br \/> DMT smager og lugter som hvad.<\/p>\n<p>N, N-dimethyltr\u0443ptamin har en meget st\u00e6rk lugt og smag, som mange mennesker, inklusive vores kunder, har sammenlignet med br\u00e6ndt plastik og nye sko.<\/p>\n<p>Hvordan bruges DMT?<\/p>\n<p>N\u00e5r du k\u00f8ber DMT online, skal du huske p\u00e5, at det kan bruges p\u00e5 tre hovedm\u00e5der: Sm\u00e6kket, \u00e6ndret og sv\u00f8bt.<\/p>\n<p>DMT er r\u00f8get.<\/p>\n<p>Folk blander nogle gange DMT med urter, som ayahuasca, for at lave en drink kaldet ch\u00e1nga. Dette skyldes, at DMT er farligt og kan v\u00e6re farligt at ryge. Hver batch af ch\u0430nga er forskellig baseret p\u00e5 hvilke urter der bruges, s\u00e5 styrken af \u200b\u200bhver batch varierer.<\/p>\n<p>Folk er fulde af DMT<\/p>\n<p>Ch\u00e1cruna er en sydamerikansk urt, der har DMT i det. Nogle gange blandes det med \u0430y\u0430huas\u0441\u0430-planten for at lave det shamanistiske bryg, \u0430y\u0430huas\u0441\u0430.<\/p>\n<p>At give DMT til nogen<\/p>\n<p>DMT kan g\u00f8res klar til at blive injiceret, og det kan v\u00e6re meget farligt ogs\u00e5.<\/p>\n<p>DMT&#8217;s fnys<\/p>\n<p>For at f\u00e5 DMT kan du knuse det til pulver og pruste det.<\/p>\n<p>D\u043e\u0455\u0430g\u0435<\/p>\n<p>DMT: R\u00f8g 15-60 mg (kun i en glaspibe), snusede 20-50 mg og drak 30 til 150 mg.<\/p>\n<p>Changa: Det hele afh\u00e6nger af, hvor meget DMT der er i aktien.<\/p>\n<p>S\u00e5 l\u00e6nge der er nok DMT i blandingen.<\/p>\n<p>Hvad vil der ske, hvis du tager DMT?<br \/> Hvordan har du det med det?<\/p>\n<p> DMT er kendt for at give folk, der tager det, en meget intens &#8220;trp&#8221;, som er navnet p\u00e5 oplevelsen af \u200b\u200bat tage psykedelika.<\/p>\n<p>N\u00e5r du tager DMT, ser verden meget anderledes ud. Farver, lyde, objekter og endda tid kan alle virker meget anderledes. Nogle mennesker har oplevelser ud af kroppen, mens de tager DMT.<\/p>\n<p>Det kan f\u00e5 dig til:<\/p>\n<p>se og h\u00f8re ting, der ikke er der (h\u0430llu\u0441n\u0430t\u0435), hvilket kunne v\u00e6re en god eller d\u00e5rlig oplevelse. Har lyst til tid og bev\u00e6gelser fremskynde eller s\u00e6nke farten. Dette kaldes &#8220;visuelt.&#8221;<br \/> Hvordan opf\u00f8rer folk sig?<\/p>\n<p>Folk kan handle p\u00e5 m\u00e5der, de ikke forventer, n\u00e5r de er h\u00f8je p\u00e5 DMT, ligesom med ethvert hallucinogent stof.<\/p>\n<p> p&gt; <\/p>\n<p>Flere brugere siger, at de f\u00f8ler, at de gennemg\u00e5r en n\u00e6rd\u00f8dsoplevelse, og som et resultat bliver de meget stille og ser indad som f\u00f8lge heraf.<\/p>\n<p>Nogle mennesker siger, at de kan ikke bev\u00e6ge sig, mens de er p\u00e5 DMT.<\/p>\n<p>Hvorn\u00e5r begynder DMT at have en effekt p\u00e5 dig?<\/p>\n<p>Det hele afh\u00e6nger af, hvor meget du har taget, hvor stor du er , om du har spist, og hvilke andre stoffer du har taget.<\/p>\n<p>Dette ord er ogs\u00e5 kendt som &#8220;k\u0441k.&#8221;<\/p>\n<p>N\u00e5r det er r\u00f8get, kommer DMT meget hurtigt ind. Effekten kan tage lang tid at vise sig, n\u00e5r den er en del af en ayahuasca-ceremoni.<\/p>\n<p>Hvor l\u00e6nge varede den?<\/p>\n<p>Du kan blive meget begejstret, n\u00e5r du tager p\u00e5 en DMT tur, men de holder ogs\u00e5 meget hurtigt, nogle gange kun f\u00e5 minutter. Som en del af en ayahuasca-ceremoni kan en DMT-tur vare i flere timer, men den kan ogs\u00e5 v\u00e6re meget kort.<\/p>\n<p>P\u00e5 grund af disse grunde blev DMT kendt som &#8220;bun\u0435s-turen&#8221; i 1960&#8217;erne i Forenede Stater. En bruger kunne f\u00e5 den fulde dybde og r\u00e6kkevidde af en oplevelse med dette stof, som var hurtigere end med andre stoffer, s\u00e5som LSD eller magiske svampe.<\/p>\n<p>Hvad har DMT?<br \/> S\u00e5dan er fysisk sundhed virker:<\/p>\n<p>Mange mennesker i Sydamerika drikker eller spiser drinks eller mad, der har DMT i sig som en del af deres livsstil. Det bedst kendte eksempel er ayahuasca-ceremonier.<\/p>\n<p>Der er nogle mennesker, der tror, \u200b\u200bat DMT er et spirituelt stof, der ogs\u00e5 er sikkert, men det er stadig et kemisk hallucinogen.<\/p>\n<p>Det kan:<\/p>\n<p> p&gt; <\/p>\n<p>Det er tid til at tjekke dit blodtryk.<br \/> hvis du har en allerede eksisterende hjertesygdom, kan en stigning i din puls g\u00f8re dig syg og give dig lyst til at tage af sted. Det skyldes, at din krop f\u00e5r en masse gift.<\/p>\n<p>Hvis du tager DMT, kan det have mange forskellige, og nogle gange meget skr\u00e6mmende, virkninger. Disse virkninger er m\u00e5ske ikke engang i en persons hoved.<\/p>\n<p>Det kan v\u00e6re meget forvirrende og skr\u00e6mmende, hvis en person kommer ind.<\/p>\n<p>Det kan hj\u00e6lpe dig: hvis du tager et stof som DMT .<\/p>\n<p>Flashbacks sker, n\u00e5r en del af en rejse genopleves efter den oprindelige.<br \/> Hold godt \u00f8je med nogen, der tidligere har haft psykiske problemer. Det kan give problemer for nogen, der ikke vidste, at de var i fare for psykiske problemer.<br \/> Hvis turen g\u00e5r d\u00e5rligt, kan brugeren skade sig selv. S\u00e5 hvis du er i d\u00e5rligt eller \u00e6ngstelig hum\u00f8r, vil du m\u00e5ske ikke tage DMT.<br \/> F\u00f8re til ubehagelige og f\u00f8lelsesm\u00e6ssige virkninger, der kan vare i dagevis efter at have taget stoffet. Disse virkninger kan v\u00e6re ubehagelige eller f\u00f8lelsesm\u00e6ssige.<\/p>\n<div class=\"product-next-previous\">\n<div class=\"product-prev\"><\/div><\/div>\n","protected":false},"excerpt":{"rendered":"<p>K\u00f8b Dimethyltryptamine DMT til salg i Storbritannien, Europa, AU. vi tilbyder den mest p\u00e5lidelige transaktion og s\u00e6lger til meget overkommelige priser. Bestil DMT nu til de bedste priser. Vores Dimethyltryptamin er en af \u200b\u200bde bedste fra den mest p\u00e5lidelige leverand\u00f8r, kontakt nu for at bestille din rene kvalitet Dimethyltryptamine DMT til salg<\/p>\n<p><em>Dmt<\/em>\u00a0er et kraftigt hallucinogent stof, der findes i flere planter, der kan v\u00e6re r\u00f8get, prustet eller blandet med ayahuasca. Bestil\u00a0<em>DMT<\/em>\u00a0online.<\/p>\n","protected":false},"featured_media":5713,"comment_status":"open","ping_status":"closed","template":"","meta":[],"product_brand":[],"product_cat":[703,2014],"product_tag":[3615,3640,3641,3623,3616,3619,3624,3632,3626,3627,3631,3628,3629,3630,3634,3633,3295,3636,3637,3638,3639,3635,3643,3625,3617,3622,3620,3621,3618,3642],"class_list":{"0":"post-5703","1":"product","2":"type-product","3":"status-publish","4":"has-post-thumbnail","6":"product_cat-kbe-psykedeliske-stoffer","7":"product_cat-kb-forskningskemikalier","8":"product_tag-bedste-sted-at-kbe-dimethyltryptamin","9":"product_tag-ordre-dimethyltryptamin","10":"product_tag-ordre-dmt","11":"product_tag-billig-psykisk-stof","12":"product_tag-buy-dimethyltryptamine","13":"product_tag-bu-dmt","14":"product_tag-dimethyltryptamin","15":"product_tag-dimethyltryptamin-anmeldelse","16":"product_tag-dimethyltryptamin-dosering-til-gravide-kvinder","17":"product_tag-dimethyltryptamin-effekt","18":"product_tag-dimethyltryptamin-reddit","19":"product_tag-dimethyltryptamin-til-salg","20":"product_tag-dimethyltryptamine-order","21":"product_tag-dimethyltryptamine-purchase","22":"product_tag-dmt-effect","23":"product_tag-dmt-kb","24":"product_tag-dmt-ordre","25":"product_tag-dmt-reddit","26":"product_tag-dmt-review","27":"product_tag-dmt-udsalg","28":"product_tag-dmt-salg","29":"product_tag-dmt-til-salg","30":"product_tag-hvad-er-dmt-pulver","31":"product_tag-dimethyltryptamin-kb","32":"product_tag-kb-dmt","33":"product_tag-bu-hl-drug-nl-d1n","34":"product_tag-bu-psykeclic-drug","35":"product_tag-bu-pur-dmthltrtmn-dmt-onl-d1n","36":"product_tag-kb-ren-dmt","37":"product_tag-ren-dmt-til-salg","39":"first","40":"instock","41":"shipping-taxable","42":"purchasable","43":"product-type-variable","44":"has-default-attributes"},"yoast_head":"<!-- This site is optimized with the Yoast SEO plugin v27.3 - https:\/\/yoast.com\/product\/yoast-seo-wordpress\/ -->\n<title>K\u00f8b Dimethyltryptamin DMT - Dmt Til salg - Bedste globale medicin<\/title>\n<meta name=\"description\" content=\"K\u00f8b Dimethyltryptamine DMT til salg i Storbritannien, Europa, AU. vi tilbyder den mest p\u00e5lidelige transaktion og s\u00e6lger til meget overkommelige priser. Bestil DMT nu til de bedste priser\" \/>\n<meta name=\"robots\" content=\"index, follow, max-snippet:-1, max-image-preview:large, max-video-preview:-1\" \/>\n<link rel=\"canonical\" href=\"https:\/\/medicinasinc.com\/da\/product\/kob-dimethyltryptamin-dmt\/\" \/>\n<meta property=\"og:locale\" content=\"en_US\" \/>\n<meta property=\"og:type\" content=\"article\" \/>\n<meta property=\"og:title\" content=\"K\u00f8b Dimethyltryptamin DMT - Dmt Til salg - Bedste globale medicin\" \/>\n<meta property=\"og:description\" content=\"K\u00f8b Dimethyltryptamine DMT til salg i Storbritannien, Europa, AU. vi tilbyder den mest p\u00e5lidelige transaktion og s\u00e6lger til meget overkommelige priser. Bestil DMT nu til de bedste priser\" \/>\n<meta property=\"og:url\" content=\"https:\/\/medicinasinc.com\/da\/product\/kob-dimethyltryptamin-dmt\/\" \/>\n<meta property=\"og:site_name\" content=\"Medicinas Inc\" \/>\n<meta property=\"article:modified_time\" content=\"2022-03-20T00:28:43+00:00\" \/>\n<meta property=\"og:image\" content=\"https:\/\/medicinasinc.com\/da\/wp-content\/uploads\/sites\/8\/2022\/02\/DMT-for-Sale.jpg\" \/>\n\t<meta property=\"og:image:width\" content=\"500\" \/>\n\t<meta property=\"og:image:height\" content=\"500\" \/>\n\t<meta property=\"og:image:type\" content=\"image\/jpeg\" \/>\n<meta name=\"twitter:card\" content=\"summary_large_image\" \/>\n<meta name=\"twitter:label1\" content=\"Est. reading time\" \/>\n\t<meta name=\"twitter:data1\" content=\"6 minutes\" \/>\n<script type=\"application\/ld+json\" class=\"yoast-schema-graph\">{\"@context\":\"https:\\\/\\\/schema.org\",\"@graph\":[{\"@type\":\"WebPage\",\"@id\":\"https:\\\/\\\/medicinasinc.com\\\/da\\\/product\\\/kob-dimethyltryptamin-dmt\\\/\",\"url\":\"https:\\\/\\\/medicinasinc.com\\\/da\\\/product\\\/kob-dimethyltryptamin-dmt\\\/\",\"name\":\"K\u00f8b Dimethyltryptamin DMT - Dmt Til salg - Bedste globale medicin\",\"isPartOf\":{\"@id\":\"https:\\\/\\\/medicinasinc.com\\\/da\\\/#website\"},\"primaryImageOfPage\":{\"@id\":\"https:\\\/\\\/medicinasinc.com\\\/da\\\/product\\\/kob-dimethyltryptamin-dmt\\\/#primaryimage\"},\"image\":{\"@id\":\"https:\\\/\\\/medicinasinc.com\\\/da\\\/product\\\/kob-dimethyltryptamin-dmt\\\/#primaryimage\"},\"thumbnailUrl\":\"https:\\\/\\\/medicinasinc.com\\\/da\\\/wp-content\\\/uploads\\\/sites\\\/8\\\/2022\\\/02\\\/DMT-for-Sale.jpg\",\"datePublished\":\"2022-02-22T04:29:46+00:00\",\"dateModified\":\"2022-03-20T00:28:43+00:00\",\"description\":\"K\u00f8b Dimethyltryptamine DMT til salg i Storbritannien, Europa, AU. vi tilbyder den mest p\u00e5lidelige transaktion og s\u00e6lger til meget overkommelige priser. Bestil DMT nu til de bedste priser\",\"breadcrumb\":{\"@id\":\"https:\\\/\\\/medicinasinc.com\\\/da\\\/product\\\/kob-dimethyltryptamin-dmt\\\/#breadcrumb\"},\"inLanguage\":\"en-US\",\"potentialAction\":[{\"@type\":\"ReadAction\",\"target\":[\"https:\\\/\\\/medicinasinc.com\\\/da\\\/product\\\/kob-dimethyltryptamin-dmt\\\/\"]}]},{\"@type\":\"ImageObject\",\"inLanguage\":\"en-US\",\"@id\":\"https:\\\/\\\/medicinasinc.com\\\/da\\\/product\\\/kob-dimethyltryptamin-dmt\\\/#primaryimage\",\"url\":\"https:\\\/\\\/medicinasinc.com\\\/da\\\/wp-content\\\/uploads\\\/sites\\\/8\\\/2022\\\/02\\\/DMT-for-Sale.jpg\",\"contentUrl\":\"https:\\\/\\\/medicinasinc.com\\\/da\\\/wp-content\\\/uploads\\\/sites\\\/8\\\/2022\\\/02\\\/DMT-for-Sale.jpg\",\"width\":500,\"height\":500},{\"@type\":\"BreadcrumbList\",\"@id\":\"https:\\\/\\\/medicinasinc.com\\\/da\\\/product\\\/kob-dimethyltryptamin-dmt\\\/#breadcrumb\",\"itemListElement\":[{\"@type\":\"ListItem\",\"position\":1,\"name\":\"Butik\",\"item\":\"https:\\\/\\\/medicinasinc.com\\\/da\\\/butik\\\/\"},{\"@type\":\"ListItem\",\"position\":2,\"name\":\"K\u00f8b Dimethyltryptamin DMT\"}]},{\"@type\":\"WebSite\",\"@id\":\"https:\\\/\\\/medicinasinc.com\\\/da\\\/#website\",\"url\":\"https:\\\/\\\/medicinasinc.com\\\/da\\\/\",\"name\":\"Medicinas Inc\",\"description\":\"Health Medical Clinic\",\"potentialAction\":[{\"@type\":\"SearchAction\",\"target\":{\"@type\":\"EntryPoint\",\"urlTemplate\":\"https:\\\/\\\/medicinasinc.com\\\/da\\\/?s={search_term_string}\"},\"query-input\":{\"@type\":\"PropertyValueSpecification\",\"valueRequired\":true,\"valueName\":\"search_term_string\"}}],\"inLanguage\":\"en-US\"}]}<\/script>\n<!-- \/ Yoast SEO plugin. -->","yoast_head_json":{"title":"K\u00f8b Dimethyltryptamin DMT - Dmt Til salg - Bedste globale medicin","description":"K\u00f8b Dimethyltryptamine DMT til salg i Storbritannien, Europa, AU. vi tilbyder den mest p\u00e5lidelige transaktion og s\u00e6lger til meget overkommelige priser. Bestil DMT nu til de bedste priser","robots":{"index":"index","follow":"follow","max-snippet":"max-snippet:-1","max-image-preview":"max-image-preview:large","max-video-preview":"max-video-preview:-1"},"canonical":"https:\/\/medicinasinc.com\/da\/product\/kob-dimethyltryptamin-dmt\/","og_locale":"en_US","og_type":"article","og_title":"K\u00f8b Dimethyltryptamin DMT - Dmt Til salg - Bedste globale medicin","og_description":"K\u00f8b Dimethyltryptamine DMT til salg i Storbritannien, Europa, AU. vi tilbyder den mest p\u00e5lidelige transaktion og s\u00e6lger til meget overkommelige priser. Bestil DMT nu til de bedste priser","og_url":"https:\/\/medicinasinc.com\/da\/product\/kob-dimethyltryptamin-dmt\/","og_site_name":"Medicinas Inc","article_modified_time":"2022-03-20T00:28:43+00:00","og_image":[{"width":500,"height":500,"url":"https:\/\/medicinasinc.com\/da\/wp-content\/uploads\/sites\/8\/2022\/02\/DMT-for-Sale.jpg","type":"image\/jpeg"}],"twitter_card":"summary_large_image","twitter_misc":{"Est. reading time":"6 minutes"},"schema":{"@context":"https:\/\/schema.org","@graph":[{"@type":"WebPage","@id":"https:\/\/medicinasinc.com\/da\/product\/kob-dimethyltryptamin-dmt\/","url":"https:\/\/medicinasinc.com\/da\/product\/kob-dimethyltryptamin-dmt\/","name":"K\u00f8b Dimethyltryptamin DMT - Dmt Til salg - Bedste globale medicin","isPartOf":{"@id":"https:\/\/medicinasinc.com\/da\/#website"},"primaryImageOfPage":{"@id":"https:\/\/medicinasinc.com\/da\/product\/kob-dimethyltryptamin-dmt\/#primaryimage"},"image":{"@id":"https:\/\/medicinasinc.com\/da\/product\/kob-dimethyltryptamin-dmt\/#primaryimage"},"thumbnailUrl":"https:\/\/medicinasinc.com\/da\/wp-content\/uploads\/sites\/8\/2022\/02\/DMT-for-Sale.jpg","datePublished":"2022-02-22T04:29:46+00:00","dateModified":"2022-03-20T00:28:43+00:00","description":"K\u00f8b Dimethyltryptamine DMT til salg i Storbritannien, Europa, AU. vi tilbyder den mest p\u00e5lidelige transaktion og s\u00e6lger til meget overkommelige priser. Bestil DMT nu til de bedste priser","breadcrumb":{"@id":"https:\/\/medicinasinc.com\/da\/product\/kob-dimethyltryptamin-dmt\/#breadcrumb"},"inLanguage":"en-US","potentialAction":[{"@type":"ReadAction","target":["https:\/\/medicinasinc.com\/da\/product\/kob-dimethyltryptamin-dmt\/"]}]},{"@type":"ImageObject","inLanguage":"en-US","@id":"https:\/\/medicinasinc.com\/da\/product\/kob-dimethyltryptamin-dmt\/#primaryimage","url":"https:\/\/medicinasinc.com\/da\/wp-content\/uploads\/sites\/8\/2022\/02\/DMT-for-Sale.jpg","contentUrl":"https:\/\/medicinasinc.com\/da\/wp-content\/uploads\/sites\/8\/2022\/02\/DMT-for-Sale.jpg","width":500,"height":500},{"@type":"BreadcrumbList","@id":"https:\/\/medicinasinc.com\/da\/product\/kob-dimethyltryptamin-dmt\/#breadcrumb","itemListElement":[{"@type":"ListItem","position":1,"name":"Butik","item":"https:\/\/medicinasinc.com\/da\/butik\/"},{"@type":"ListItem","position":2,"name":"K\u00f8b Dimethyltryptamin DMT"}]},{"@type":"WebSite","@id":"https:\/\/medicinasinc.com\/da\/#website","url":"https:\/\/medicinasinc.com\/da\/","name":"Medicinas Inc","description":"Health Medical Clinic","potentialAction":[{"@type":"SearchAction","target":{"@type":"EntryPoint","urlTemplate":"https:\/\/medicinasinc.com\/da\/?s={search_term_string}"},"query-input":{"@type":"PropertyValueSpecification","valueRequired":true,"valueName":"search_term_string"}}],"inLanguage":"en-US"}]}},"_links":{"self":[{"href":"https:\/\/medicinasinc.com\/da\/wp-json\/wp\/v2\/product\/5703","targetHints":{"allow":["GET"]}}],"collection":[{"href":"https:\/\/medicinasinc.com\/da\/wp-json\/wp\/v2\/product"}],"about":[{"href":"https:\/\/medicinasinc.com\/da\/wp-json\/wp\/v2\/types\/product"}],"replies":[{"embeddable":true,"href":"https:\/\/medicinasinc.com\/da\/wp-json\/wp\/v2\/comments?post=5703"}],"wp:featuredmedia":[{"embeddable":true,"href":"https:\/\/medicinasinc.com\/da\/wp-json\/wp\/v2\/media\/5713"}],"wp:attachment":[{"href":"https:\/\/medicinasinc.com\/da\/wp-json\/wp\/v2\/media?parent=5703"}],"wp:term":[{"taxonomy":"product_brand","embeddable":true,"href":"https:\/\/medicinasinc.com\/da\/wp-json\/wp\/v2\/product_brand?post=5703"},{"taxonomy":"product_cat","embeddable":true,"href":"https:\/\/medicinasinc.com\/da\/wp-json\/wp\/v2\/product_cat?post=5703"},{"taxonomy":"product_tag","embeddable":true,"href":"https:\/\/medicinasinc.com\/da\/wp-json\/wp\/v2\/product_tag?post=5703"}],"curies":[{"name":"wp","href":"https:\/\/api.w.org\/{rel}","templated":true}]}}