{"id":5696,"date":"2022-02-22T04:23:00","date_gmt":"2022-02-22T04:23:00","guid":{"rendered":"https:\/\/medicinasinc.com\/da\/?post_type=product&#038;p=5696"},"modified":"2022-03-20T00:28:54","modified_gmt":"2022-03-20T00:28:54","slug":"kob-ephenidin-pulver","status":"publish","type":"product","link":"https:\/\/medicinasinc.com\/da\/product\/kob-ephenidin-pulver\/","title":{"rendered":"K\u00f8b efenidinpulver"},"content":{"rendered":"<p>Ephenidin Powder: K\u00f8b Ephenidin i Storbritannien, Europa, Asien, USA, Australien, Kina og resten af \u200b\u200bverden fra Ephenidin Powder.<\/p>\n<p>Ephenidine til salg, leverand\u00f8r af Ephenidin, for salg. Engroshandlere af Ephenidin kan sende det til Europa.<\/p>\n<p>Ephenidin, som ogs\u00e5 er kendt som NEDPA og EPE, er et dissociativt an\u00e6stetikum, der er en del af diarylethylamin-klassen af \u200b\u200bl\u00e6gemidler. Fysisk ligner Ephenidin diarylethylaminer som diphenidin og methoxphenidin, som ogs\u00e5 kaldes efenidin. Sedation, hallucinationer, an\u00e6stesi og tilstande uden for kroppen, kaldet &#8220;dissociativ an\u00e6stesi,&#8221; er nogle af bivirkningerne.<\/p>\n<p>Detaljeret information om dette emne:<\/p>\n<p>hollandsk, litauisk , og amerikansk<br \/> Dens navn er Ephenidin Powder.<br \/> EPE er IUPAC-navnet for N-Ethyl-1,2-diphenylethylamin.<br \/> CAS-nummer: 60951-19-1<br \/> C16H19N er MF.<br \/> Mere end 99,5 procent<br \/> S\u00e5dan ser det ud:<br \/> Aluminiumsfoliepose eller plastikpose: S\u00e5dan pakker du:<\/p>\n<p>Betalingsbetingelserne:<\/p>\n<p>Minimumsordrebel\u00f8bet: Sp\u00f8rg om betalingsbetingelser: Bitcoin, Money Gram, Bankoverf\u00f8rsel og s\u00e5 videre.<\/p>\n<p>Levering og forsendelsesregler:<\/p>\n<p>1. Vi sender varerne ud inden for 1 dag, efter du har betalt.<br \/> 2: Vi sender varerne med UPS, DHL, TNT eller FEDEX. Vi v\u00e6lger den bedste kurer for hvert land og finder den sikreste m\u00e5de at f\u00e5 varerne til dig.<br \/> Det tager omkring tre til fem dage at f\u00e5 post fra EMS. DHL, UPS og FedEx tager 4-5 dage.<br \/> 4. Told i lande som Rusland, Australien og Canada er meget strenge, men vi kan s\u00f8rge for, at vi leverer 100 % af tiden.<br \/> 5. Som udgangspunkt skal du have varerne inden for 4-5 dage. Hvis varerne gik tabt eller ikke ankom af andre \u00e5rsager, sender vi dem igen.<\/p>\n<p>Prisen: Sp\u00f8rg venligst.<\/p>\n<p>Bem\u00e6rk:<\/p>\n<p> Vi har mange faste kunder over hele verden, og vi h\u00e5ber at kunne arbejde sammen med dig i lang tid. For mere information, t\u00f8v ikke med at kontakte os. Vi vil g\u00f8re vores bedste for at opfylde dine behov. Tak!<\/p>\n","protected":false},"excerpt":{"rendered":"<div class=\"woocommerce-product-details__short-description\">\n<p>Bestglobalmeds.com har High Purity Ephenidin Powder til salg i Storbritannien, Europa og Australien, og vi kan sende det til dig overalt i verden. Det er her, du kan k\u00f8be det bedste efhenidinpulver p\u00e5 bestilling.<\/p>\n<p>Shop efter efhenidinpulver online og f\u00e5 det til en god pris. Et l\u00e6gemiddel kaldet efedrin er et dissociativt bed\u00f8velsesmiddel. Det blokerer ogs\u00e5 NMDA-receptoren, hvilket g\u00f8r det mindre sandsynligt, at stoffet virker.<\/p>\n<p>K\u00f8b rent, h\u00f8jkvalitets ephenidinpulver online med Bitcoin \u2013 du kan g\u00f8re dette.<\/p>\n<p>Shop for lovlige stoffer online, k\u00f8b forskningskemikalier, r\u00e5 farmaceutiske pulvere og mere i en butik.<\/p>\n<p>Ephenidinpulver, farmaceutiske mellemprodukter og r\u00e5pulver s\u00e6lges af dette firma.<\/p>\n<p>Der er Efenidin piller til salg. Kina\u00a0leverand\u00f8r af efenidin. Engros\u00a0Ephenidin\u00a0eksport\u00f8r<\/p>\n<p><em>K\u00f8b Ephenidin Powder<\/em> engros online i l\u00f8s v\u00e6gt nu. Efenidin er et dissociativt bed\u00f8velsesmiddel og fungerer som en antagonist for NMDA.<\/p>\n<p>&nbsp;<\/p>\n<\/p><\/div>\n","protected":false},"featured_media":5707,"comment_status":"open","ping_status":"closed","template":"","meta":[],"product_brand":[],"product_cat":[2014],"product_tag":[3591,3611,3612,3593,3594,3595,3596,3597,3599,3603,3606,3608,3602,3604,3600,3605,3614,3601,3592,3613,3607,3609,3610,3598],"class_list":{"0":"post-5696","1":"product","2":"type-product","3":"status-publish","4":"has-post-thumbnail","6":"product_cat-kb-forskningskemikalier","7":"product_tag-sengvelesizer","8":"product_tag-ordre-ephenidin-pulver","9":"product_tag-bestil-ephenidin-pulver-online","10":"product_tag-buy-ephenidine-powder-europe","11":"product_tag-buy-ephenidine-powder-online","12":"product_tag-diarylethylamin","13":"product_tag-dissociativ","14":"product_tag-dissociativ-bedvelsesmiddel","15":"product_tag-efenidin","16":"product_tag-efenidin-pulver-effekt","17":"product_tag-ephenidin-pulver-reddit","18":"product_tag-ephenidin-pulver-engros","19":"product_tag-ephenidin-pulver-kina","20":"product_tag-ephenidin-pulver-til-salg","21":"product_tag-ephenidine-powder-bulk","22":"product_tag-ephenidine-powder-order","23":"product_tag-hvad-er-ephenidin-pulver","24":"product_tag-ephenidin-pulver-kb","25":"product_tag-kb-ephenidin-pulver","26":"product_tag-rent-ephenidin-pulver","27":"product_tag-ephenidinpulver-levering-c3-b8r","28":"product_tag-mdma-pulver-kb","29":"product_tag-nedpa","30":"product_tag-semester","32":"first","33":"instock","34":"featured","35":"shipping-taxable","36":"purchasable","37":"product-type-variable","38":"has-default-attributes"},"yoast_head":"<!-- This site is optimized with the Yoast SEO plugin v27.3 - https:\/\/yoast.com\/product\/yoast-seo-wordpress\/ -->\n<title>K\u00f8b efenidinpulver - efenidinpulver online - bedste globale medicin<\/title>\n<meta name=\"description\" content=\"K\u00f8b High Purity Ephenidin Powder til salg i Storbritannien, Europa, AU i vores Bestglobalmeds.com online shop med hurtig levering over hele verden! Det bedste efenidinpulver til bestilling finder du her!\" \/>\n<meta name=\"robots\" content=\"index, follow, max-snippet:-1, max-image-preview:large, max-video-preview:-1\" \/>\n<link rel=\"canonical\" href=\"https:\/\/medicinasinc.com\/da\/product\/kob-ephenidin-pulver\/\" \/>\n<meta property=\"og:locale\" content=\"en_US\" \/>\n<meta property=\"og:type\" content=\"article\" \/>\n<meta property=\"og:title\" content=\"K\u00f8b efenidinpulver - efenidinpulver online - bedste globale medicin\" \/>\n<meta property=\"og:description\" content=\"K\u00f8b High Purity Ephenidin Powder til salg i Storbritannien, Europa, AU i vores Bestglobalmeds.com online shop med hurtig levering over hele verden! Det bedste efenidinpulver til bestilling finder du her!\" \/>\n<meta property=\"og:url\" content=\"https:\/\/medicinasinc.com\/da\/product\/kob-ephenidin-pulver\/\" \/>\n<meta property=\"og:site_name\" content=\"Medicinas Inc\" \/>\n<meta property=\"article:modified_time\" content=\"2022-03-20T00:28:54+00:00\" \/>\n<meta property=\"og:image\" content=\"https:\/\/medicinasinc.com\/da\/wp-content\/uploads\/sites\/8\/2022\/02\/Buy-Ephenidine-Powder-1.jpg\" \/>\n\t<meta property=\"og:image:width\" content=\"1080\" \/>\n\t<meta property=\"og:image:height\" content=\"1166\" \/>\n\t<meta property=\"og:image:type\" content=\"image\/jpeg\" \/>\n<meta name=\"twitter:card\" content=\"summary_large_image\" \/>\n<meta name=\"twitter:label1\" content=\"Est. reading time\" \/>\n\t<meta name=\"twitter:data1\" content=\"2 minutes\" \/>\n<script type=\"application\/ld+json\" class=\"yoast-schema-graph\">{\"@context\":\"https:\\\/\\\/schema.org\",\"@graph\":[{\"@type\":\"WebPage\",\"@id\":\"https:\\\/\\\/medicinasinc.com\\\/da\\\/product\\\/kob-ephenidin-pulver\\\/\",\"url\":\"https:\\\/\\\/medicinasinc.com\\\/da\\\/product\\\/kob-ephenidin-pulver\\\/\",\"name\":\"K\u00f8b efenidinpulver - efenidinpulver online - bedste globale medicin\",\"isPartOf\":{\"@id\":\"https:\\\/\\\/medicinasinc.com\\\/da\\\/#website\"},\"primaryImageOfPage\":{\"@id\":\"https:\\\/\\\/medicinasinc.com\\\/da\\\/product\\\/kob-ephenidin-pulver\\\/#primaryimage\"},\"image\":{\"@id\":\"https:\\\/\\\/medicinasinc.com\\\/da\\\/product\\\/kob-ephenidin-pulver\\\/#primaryimage\"},\"thumbnailUrl\":\"https:\\\/\\\/medicinasinc.com\\\/da\\\/wp-content\\\/uploads\\\/sites\\\/8\\\/2022\\\/02\\\/Buy-Ephenidine-Powder-1.jpg\",\"datePublished\":\"2022-02-22T04:23:00+00:00\",\"dateModified\":\"2022-03-20T00:28:54+00:00\",\"description\":\"K\u00f8b High Purity Ephenidin Powder til salg i Storbritannien, Europa, AU i vores Bestglobalmeds.com online shop med hurtig levering over hele verden! Det bedste efenidinpulver til bestilling finder du her!\",\"breadcrumb\":{\"@id\":\"https:\\\/\\\/medicinasinc.com\\\/da\\\/product\\\/kob-ephenidin-pulver\\\/#breadcrumb\"},\"inLanguage\":\"en-US\",\"potentialAction\":[{\"@type\":\"ReadAction\",\"target\":[\"https:\\\/\\\/medicinasinc.com\\\/da\\\/product\\\/kob-ephenidin-pulver\\\/\"]}]},{\"@type\":\"ImageObject\",\"inLanguage\":\"en-US\",\"@id\":\"https:\\\/\\\/medicinasinc.com\\\/da\\\/product\\\/kob-ephenidin-pulver\\\/#primaryimage\",\"url\":\"https:\\\/\\\/medicinasinc.com\\\/da\\\/wp-content\\\/uploads\\\/sites\\\/8\\\/2022\\\/02\\\/Buy-Ephenidine-Powder-1.jpg\",\"contentUrl\":\"https:\\\/\\\/medicinasinc.com\\\/da\\\/wp-content\\\/uploads\\\/sites\\\/8\\\/2022\\\/02\\\/Buy-Ephenidine-Powder-1.jpg\",\"width\":1080,\"height\":1166},{\"@type\":\"BreadcrumbList\",\"@id\":\"https:\\\/\\\/medicinasinc.com\\\/da\\\/product\\\/kob-ephenidin-pulver\\\/#breadcrumb\",\"itemListElement\":[{\"@type\":\"ListItem\",\"position\":1,\"name\":\"Butik\",\"item\":\"https:\\\/\\\/medicinasinc.com\\\/da\\\/butik\\\/\"},{\"@type\":\"ListItem\",\"position\":2,\"name\":\"K\u00f8b efenidinpulver\"}]},{\"@type\":\"WebSite\",\"@id\":\"https:\\\/\\\/medicinasinc.com\\\/da\\\/#website\",\"url\":\"https:\\\/\\\/medicinasinc.com\\\/da\\\/\",\"name\":\"Medicinas Inc\",\"description\":\"Health Medical Clinic\",\"potentialAction\":[{\"@type\":\"SearchAction\",\"target\":{\"@type\":\"EntryPoint\",\"urlTemplate\":\"https:\\\/\\\/medicinasinc.com\\\/da\\\/?s={search_term_string}\"},\"query-input\":{\"@type\":\"PropertyValueSpecification\",\"valueRequired\":true,\"valueName\":\"search_term_string\"}}],\"inLanguage\":\"en-US\"}]}<\/script>\n<!-- \/ Yoast SEO plugin. -->","yoast_head_json":{"title":"K\u00f8b efenidinpulver - efenidinpulver online - bedste globale medicin","description":"K\u00f8b High Purity Ephenidin Powder til salg i Storbritannien, Europa, AU i vores Bestglobalmeds.com online shop med hurtig levering over hele verden! Det bedste efenidinpulver til bestilling finder du her!","robots":{"index":"index","follow":"follow","max-snippet":"max-snippet:-1","max-image-preview":"max-image-preview:large","max-video-preview":"max-video-preview:-1"},"canonical":"https:\/\/medicinasinc.com\/da\/product\/kob-ephenidin-pulver\/","og_locale":"en_US","og_type":"article","og_title":"K\u00f8b efenidinpulver - efenidinpulver online - bedste globale medicin","og_description":"K\u00f8b High Purity Ephenidin Powder til salg i Storbritannien, Europa, AU i vores Bestglobalmeds.com online shop med hurtig levering over hele verden! Det bedste efenidinpulver til bestilling finder du her!","og_url":"https:\/\/medicinasinc.com\/da\/product\/kob-ephenidin-pulver\/","og_site_name":"Medicinas Inc","article_modified_time":"2022-03-20T00:28:54+00:00","og_image":[{"width":1080,"height":1166,"url":"https:\/\/medicinasinc.com\/da\/wp-content\/uploads\/sites\/8\/2022\/02\/Buy-Ephenidine-Powder-1.jpg","type":"image\/jpeg"}],"twitter_card":"summary_large_image","twitter_misc":{"Est. reading time":"2 minutes"},"schema":{"@context":"https:\/\/schema.org","@graph":[{"@type":"WebPage","@id":"https:\/\/medicinasinc.com\/da\/product\/kob-ephenidin-pulver\/","url":"https:\/\/medicinasinc.com\/da\/product\/kob-ephenidin-pulver\/","name":"K\u00f8b efenidinpulver - efenidinpulver online - bedste globale medicin","isPartOf":{"@id":"https:\/\/medicinasinc.com\/da\/#website"},"primaryImageOfPage":{"@id":"https:\/\/medicinasinc.com\/da\/product\/kob-ephenidin-pulver\/#primaryimage"},"image":{"@id":"https:\/\/medicinasinc.com\/da\/product\/kob-ephenidin-pulver\/#primaryimage"},"thumbnailUrl":"https:\/\/medicinasinc.com\/da\/wp-content\/uploads\/sites\/8\/2022\/02\/Buy-Ephenidine-Powder-1.jpg","datePublished":"2022-02-22T04:23:00+00:00","dateModified":"2022-03-20T00:28:54+00:00","description":"K\u00f8b High Purity Ephenidin Powder til salg i Storbritannien, Europa, AU i vores Bestglobalmeds.com online shop med hurtig levering over hele verden! Det bedste efenidinpulver til bestilling finder du her!","breadcrumb":{"@id":"https:\/\/medicinasinc.com\/da\/product\/kob-ephenidin-pulver\/#breadcrumb"},"inLanguage":"en-US","potentialAction":[{"@type":"ReadAction","target":["https:\/\/medicinasinc.com\/da\/product\/kob-ephenidin-pulver\/"]}]},{"@type":"ImageObject","inLanguage":"en-US","@id":"https:\/\/medicinasinc.com\/da\/product\/kob-ephenidin-pulver\/#primaryimage","url":"https:\/\/medicinasinc.com\/da\/wp-content\/uploads\/sites\/8\/2022\/02\/Buy-Ephenidine-Powder-1.jpg","contentUrl":"https:\/\/medicinasinc.com\/da\/wp-content\/uploads\/sites\/8\/2022\/02\/Buy-Ephenidine-Powder-1.jpg","width":1080,"height":1166},{"@type":"BreadcrumbList","@id":"https:\/\/medicinasinc.com\/da\/product\/kob-ephenidin-pulver\/#breadcrumb","itemListElement":[{"@type":"ListItem","position":1,"name":"Butik","item":"https:\/\/medicinasinc.com\/da\/butik\/"},{"@type":"ListItem","position":2,"name":"K\u00f8b efenidinpulver"}]},{"@type":"WebSite","@id":"https:\/\/medicinasinc.com\/da\/#website","url":"https:\/\/medicinasinc.com\/da\/","name":"Medicinas Inc","description":"Health Medical Clinic","potentialAction":[{"@type":"SearchAction","target":{"@type":"EntryPoint","urlTemplate":"https:\/\/medicinasinc.com\/da\/?s={search_term_string}"},"query-input":{"@type":"PropertyValueSpecification","valueRequired":true,"valueName":"search_term_string"}}],"inLanguage":"en-US"}]}},"_links":{"self":[{"href":"https:\/\/medicinasinc.com\/da\/wp-json\/wp\/v2\/product\/5696","targetHints":{"allow":["GET"]}}],"collection":[{"href":"https:\/\/medicinasinc.com\/da\/wp-json\/wp\/v2\/product"}],"about":[{"href":"https:\/\/medicinasinc.com\/da\/wp-json\/wp\/v2\/types\/product"}],"replies":[{"embeddable":true,"href":"https:\/\/medicinasinc.com\/da\/wp-json\/wp\/v2\/comments?post=5696"}],"wp:featuredmedia":[{"embeddable":true,"href":"https:\/\/medicinasinc.com\/da\/wp-json\/wp\/v2\/media\/5707"}],"wp:attachment":[{"href":"https:\/\/medicinasinc.com\/da\/wp-json\/wp\/v2\/media?parent=5696"}],"wp:term":[{"taxonomy":"product_brand","embeddable":true,"href":"https:\/\/medicinasinc.com\/da\/wp-json\/wp\/v2\/product_brand?post=5696"},{"taxonomy":"product_cat","embeddable":true,"href":"https:\/\/medicinasinc.com\/da\/wp-json\/wp\/v2\/product_cat?post=5696"},{"taxonomy":"product_tag","embeddable":true,"href":"https:\/\/medicinasinc.com\/da\/wp-json\/wp\/v2\/product_tag?post=5696"}],"curies":[{"name":"wp","href":"https:\/\/api.w.org\/{rel}","templated":true}]}}