{"id":5686,"date":"2022-02-22T04:12:43","date_gmt":"2022-02-22T04:12:43","guid":{"rendered":"https:\/\/medicinasinc.com\/da\/?post_type=product&#038;p=5686"},"modified":"2022-03-20T00:29:02","modified_gmt":"2022-03-20T00:29:02","slug":"kob-ald-52-pulver","status":"publish","type":"product","link":"https:\/\/medicinasinc.com\/da\/product\/kob-ald-52-pulver\/","title":{"rendered":"K\u00f8b ALD-52 pulver"},"content":{"rendered":"<p><a href=\"https:\/\/www.bestglobalmeds.com\/product\/research-chemicals\/buy-ald-52-powder\/\"><strong>ALD-52 Powder<\/strong><\/a>. Grossist og leverand\u00f8r af rent\u00a0<em>ALD-52-pulver<\/em>\u00a0til laveste pris og forskellige farmaceutiske r\u00e5materialer med &gt;99 % renhed, forskningskemikalier og generisk medicin. Sikker og diskret emballage med sporet forsendelse.<\/p>\n<p>ALD-52, ogs\u00e5 kendt som 1-acetyl-LSD, er en kemisk analog af lysergsyrediethylamid (LSD). Det er et psykedelisk stof fra lysergamide-klassen, der producerer LSD-lignende psykedeliske effekter, n\u00e5r det administreres.<\/p>\n<p class=\"h2_style\">Hurtige detaljer<\/p>\n<p>Produktnavn: <a href=\"https:\/\/www.bestglobalmeds.com\/product\/research-chemicals\/buy-ald-52-powder\/\">ALD-52<\/a><br \/> Synonymer: ALD-52, 1-acetyl-LSD, 1A-LSD , 1A-LAD<br \/> CAS-nr.: 3270-02-8<br \/> Molekylformel: C22H27N3O2<br \/> IUPAC: (6aR,9R)-4-Acetyl-N,N-diethyl-7-methyl -4,6,6a,7,8,9-hexahydroindolo[4,3-fg]quinolin-9-carboxamid<br \/> Molekylv\u00e6gt: 365,477 g\/mol<br \/> Renhed: 99,6 %<br \/> Udseende : Hvidt krystallinsk pulver \/ off-white pulver<\/p>\n<h2>ALD-52 Powder Leverand\u00f8r<\/h2>\n<p>En af Europas f\u00f8rende pharma r\u00e5vareleverand\u00f8rer, vi er kendt for det enest\u00e5ende sortiment af produkter og vores drop-shipping-tjenester af generisk medicin af h\u00f8j kvalitet. Som ALD-52 Powder Grossist str\u00e6ber vi efter at levere h\u00f8j kvalitet og omkostningseffektive produkter p\u00e5 markedet.<\/p>\n<div class=\"product-next-previous\">\n<div class=\"product-prev\"><\/div><\/div>\n","protected":false},"excerpt":{"rendered":"<p>Det bedste sted at k\u00f8be ALD-52 Powder er fra Storbritannien. Du kan ogs\u00e5 k\u00f8be det fra Europa, Australien og EU til en billig pris. K\u00f8b ALD-52 Powder 2022, ALD-52 Powder Overnight Delivery, ALD-52 Powder Price.<\/p>\n<p>Et af de firmaer, der fremstiller og s\u00e6lger ALD-52.<\/p>\n<p>onlineshop: k\u00f8b ALD-52 online, ALD-52 til salg, ALD-52-leverand\u00f8r, ALD-52-pulver, k\u00f8b det nu<\/p>\n<p>ALD-52\u00a0reddit. Forsendelse er gratis.<\/p>\n<p>Du kan k\u00f8be rent pulver med 10 mg ALD-52 til salg online.<\/p>\n<p>&nbsp;<\/p>\n<p><strong>25%<\/strong> &gt;\u00a0fra for\u00a0<strong>40 mg\u00a0<\/strong>og derover. Kuponkode: bhobos2018z<\/p>\n<table class=\"table\">\n<tbody>\n<tr>\n<th><span style=\"font-weight: 400\">Min.ordrem\u00e6ngde:<\/span><\/th>\n<td>10 g<\/td>\n<\/tr>\n<tr>\n<th><span style=\"font-weight: 400\">Forsyningsevne:<\/span><\/th>\n<td>100 kg\/m\u00e5ned<\/td>\n<\/tr>\n<tr>\n<th><span style=\"font-weight: 400\">Port:<\/span><\/th>\n<td>Warszawa, Holland<\/td>\n<\/tr>\n<tr>\n<th><span style=\"font-weight: 400\">Betalingsbetingelser:<\/span><\/th>\n<td>Bankoverf\u00f8rsel, Bitcoin, WU\/MG, Andet<\/td>\n<\/tr>\n<tr>\n<th><span style=\"font-weight: 400\">Pakkedetaljer:<\/span><\/th>\n<td>P\u00e5 kundeanmodning<\/td>\n<\/tr>\n<tr>\n<th><span style=\"font-weight: 400\">Leveringsdetaljer:<\/span><\/th>\n<td>DPD, Express Shipping, Pharma Courier EU<\/td>\n<\/tr>\n<\/tbody>\n<\/table>\n","protected":false},"featured_media":5699,"comment_status":"open","ping_status":"closed","template":"","meta":[],"product_brand":[],"product_cat":[2014],"product_tag":[3574,3578,3579,3580,3576,3582,3577,3581,3575,3583,3587,3585,3586,3590,3584,3588,3589],"class_list":{"0":"post-5686","1":"product","2":"type-product","3":"status-publish","4":"has-post-thumbnail","6":"product_cat-kb-forskningskemikalier","7":"product_tag-ald-52-dosering","8":"product_tag-ald-52-powder-for-sale","9":"product_tag-ald-52-powder-order","10":"product_tag-ald-52-powder-reddit","11":"product_tag-ald-52-pulver","12":"product_tag-ald-52-pulver-engros","13":"product_tag-ald-52-pulver-effekt","14":"product_tag-ald-52-pulver-leverandr","15":"product_tag-ald-52-til-salg","16":"product_tag-best-place-to-order-ald-52","17":"product_tag-ordre-ald-52-pulver","18":"product_tag-buy-ald-52-powder","19":"product_tag-buy-ald-52-powder-online","20":"product_tag-hvad-er-ald-52-pulver","21":"product_tag-buy-ald-52","22":"product_tag-pure-ald-52-powder","23":"product_tag-pure-ald-52-powder-google","25":"first","26":"instock","27":"shipping-taxable","28":"purchasable","29":"product-type-simple"},"yoast_head":"<!-- This site is optimized with the Yoast SEO plugin v27.3 - https:\/\/yoast.com\/product\/yoast-seo-wordpress\/ -->\n<title>K\u00f8b ALD-52 Powder - ALD-52 Powder Online - Bedste globale medicin<\/title>\n<meta name=\"description\" content=\"K\u00f8b K\u00f8b ALD-52-pulver til salg i Storbritannien, Europa, AU, EU, bestil billigt\u00a0K\u00f8b ALD-52-pulver\u00a02022, hvor kan du\u00a0k\u00f8be\u00a0h\u00f8jkvalitets\u00a0K\u00f8b ALD-52-pulver levering natten over,\u00a0ALD-52-pulver\u00a0pris.\" \/>\n<meta name=\"robots\" content=\"index, follow, max-snippet:-1, max-image-preview:large, max-video-preview:-1\" \/>\n<link rel=\"canonical\" href=\"https:\/\/medicinasinc.com\/da\/product\/kob-ald-52-pulver\/\" \/>\n<meta property=\"og:locale\" content=\"en_US\" \/>\n<meta property=\"og:type\" content=\"article\" \/>\n<meta property=\"og:title\" content=\"K\u00f8b ALD-52 Powder - ALD-52 Powder Online - Bedste globale medicin\" \/>\n<meta property=\"og:description\" content=\"K\u00f8b K\u00f8b ALD-52-pulver til salg i Storbritannien, Europa, AU, EU, bestil billigt\u00a0K\u00f8b ALD-52-pulver\u00a02022, hvor kan du\u00a0k\u00f8be\u00a0h\u00f8jkvalitets\u00a0K\u00f8b ALD-52-pulver levering natten over,\u00a0ALD-52-pulver\u00a0pris.\" \/>\n<meta property=\"og:url\" content=\"https:\/\/medicinasinc.com\/da\/product\/kob-ald-52-pulver\/\" \/>\n<meta property=\"og:site_name\" content=\"Medicinas Inc\" \/>\n<meta property=\"article:modified_time\" content=\"2022-03-20T00:29:02+00:00\" \/>\n<meta property=\"og:image\" content=\"https:\/\/medicinasinc.com\/da\/wp-content\/uploads\/sites\/8\/2022\/02\/Buy-ALD-52-Powder.jpg\" \/>\n\t<meta property=\"og:image:width\" content=\"1080\" \/>\n\t<meta property=\"og:image:height\" content=\"995\" \/>\n\t<meta property=\"og:image:type\" content=\"image\/jpeg\" \/>\n<meta name=\"twitter:card\" content=\"summary_large_image\" \/>\n<meta name=\"twitter:label1\" content=\"Est. reading time\" \/>\n\t<meta name=\"twitter:data1\" content=\"1 minute\" \/>\n<script type=\"application\/ld+json\" class=\"yoast-schema-graph\">{\"@context\":\"https:\\\/\\\/schema.org\",\"@graph\":[{\"@type\":\"WebPage\",\"@id\":\"https:\\\/\\\/medicinasinc.com\\\/da\\\/product\\\/kob-ald-52-pulver\\\/\",\"url\":\"https:\\\/\\\/medicinasinc.com\\\/da\\\/product\\\/kob-ald-52-pulver\\\/\",\"name\":\"K\u00f8b ALD-52 Powder - ALD-52 Powder Online - Bedste globale medicin\",\"isPartOf\":{\"@id\":\"https:\\\/\\\/medicinasinc.com\\\/da\\\/#website\"},\"primaryImageOfPage\":{\"@id\":\"https:\\\/\\\/medicinasinc.com\\\/da\\\/product\\\/kob-ald-52-pulver\\\/#primaryimage\"},\"image\":{\"@id\":\"https:\\\/\\\/medicinasinc.com\\\/da\\\/product\\\/kob-ald-52-pulver\\\/#primaryimage\"},\"thumbnailUrl\":\"https:\\\/\\\/medicinasinc.com\\\/da\\\/wp-content\\\/uploads\\\/sites\\\/8\\\/2022\\\/02\\\/Buy-ALD-52-Powder.jpg\",\"datePublished\":\"2022-02-22T04:12:43+00:00\",\"dateModified\":\"2022-03-20T00:29:02+00:00\",\"description\":\"K\u00f8b K\u00f8b ALD-52-pulver til salg i Storbritannien, Europa, AU, EU, bestil billigt\u00a0K\u00f8b ALD-52-pulver\u00a02022, hvor kan du\u00a0k\u00f8be\u00a0h\u00f8jkvalitets\u00a0K\u00f8b ALD-52-pulver levering natten over,\u00a0ALD-52-pulver\u00a0pris.\",\"breadcrumb\":{\"@id\":\"https:\\\/\\\/medicinasinc.com\\\/da\\\/product\\\/kob-ald-52-pulver\\\/#breadcrumb\"},\"inLanguage\":\"en-US\",\"potentialAction\":[{\"@type\":\"ReadAction\",\"target\":[\"https:\\\/\\\/medicinasinc.com\\\/da\\\/product\\\/kob-ald-52-pulver\\\/\"]}]},{\"@type\":\"ImageObject\",\"inLanguage\":\"en-US\",\"@id\":\"https:\\\/\\\/medicinasinc.com\\\/da\\\/product\\\/kob-ald-52-pulver\\\/#primaryimage\",\"url\":\"https:\\\/\\\/medicinasinc.com\\\/da\\\/wp-content\\\/uploads\\\/sites\\\/8\\\/2022\\\/02\\\/Buy-ALD-52-Powder.jpg\",\"contentUrl\":\"https:\\\/\\\/medicinasinc.com\\\/da\\\/wp-content\\\/uploads\\\/sites\\\/8\\\/2022\\\/02\\\/Buy-ALD-52-Powder.jpg\",\"width\":1080,\"height\":995},{\"@type\":\"BreadcrumbList\",\"@id\":\"https:\\\/\\\/medicinasinc.com\\\/da\\\/product\\\/kob-ald-52-pulver\\\/#breadcrumb\",\"itemListElement\":[{\"@type\":\"ListItem\",\"position\":1,\"name\":\"Butik\",\"item\":\"https:\\\/\\\/medicinasinc.com\\\/da\\\/butik\\\/\"},{\"@type\":\"ListItem\",\"position\":2,\"name\":\"K\u00f8b ALD-52 pulver\"}]},{\"@type\":\"WebSite\",\"@id\":\"https:\\\/\\\/medicinasinc.com\\\/da\\\/#website\",\"url\":\"https:\\\/\\\/medicinasinc.com\\\/da\\\/\",\"name\":\"Medicinas Inc\",\"description\":\"Health Medical Clinic\",\"potentialAction\":[{\"@type\":\"SearchAction\",\"target\":{\"@type\":\"EntryPoint\",\"urlTemplate\":\"https:\\\/\\\/medicinasinc.com\\\/da\\\/?s={search_term_string}\"},\"query-input\":{\"@type\":\"PropertyValueSpecification\",\"valueRequired\":true,\"valueName\":\"search_term_string\"}}],\"inLanguage\":\"en-US\"}]}<\/script>\n<!-- \/ Yoast SEO plugin. -->","yoast_head_json":{"title":"K\u00f8b ALD-52 Powder - ALD-52 Powder Online - Bedste globale medicin","description":"K\u00f8b K\u00f8b ALD-52-pulver til salg i Storbritannien, Europa, AU, EU, bestil billigt\u00a0K\u00f8b ALD-52-pulver\u00a02022, hvor kan du\u00a0k\u00f8be\u00a0h\u00f8jkvalitets\u00a0K\u00f8b ALD-52-pulver levering natten over,\u00a0ALD-52-pulver\u00a0pris.","robots":{"index":"index","follow":"follow","max-snippet":"max-snippet:-1","max-image-preview":"max-image-preview:large","max-video-preview":"max-video-preview:-1"},"canonical":"https:\/\/medicinasinc.com\/da\/product\/kob-ald-52-pulver\/","og_locale":"en_US","og_type":"article","og_title":"K\u00f8b ALD-52 Powder - ALD-52 Powder Online - Bedste globale medicin","og_description":"K\u00f8b K\u00f8b ALD-52-pulver til salg i Storbritannien, Europa, AU, EU, bestil billigt\u00a0K\u00f8b ALD-52-pulver\u00a02022, hvor kan du\u00a0k\u00f8be\u00a0h\u00f8jkvalitets\u00a0K\u00f8b ALD-52-pulver levering natten over,\u00a0ALD-52-pulver\u00a0pris.","og_url":"https:\/\/medicinasinc.com\/da\/product\/kob-ald-52-pulver\/","og_site_name":"Medicinas Inc","article_modified_time":"2022-03-20T00:29:02+00:00","og_image":[{"width":1080,"height":995,"url":"https:\/\/medicinasinc.com\/da\/wp-content\/uploads\/sites\/8\/2022\/02\/Buy-ALD-52-Powder.jpg","type":"image\/jpeg"}],"twitter_card":"summary_large_image","twitter_misc":{"Est. reading time":"1 minute"},"schema":{"@context":"https:\/\/schema.org","@graph":[{"@type":"WebPage","@id":"https:\/\/medicinasinc.com\/da\/product\/kob-ald-52-pulver\/","url":"https:\/\/medicinasinc.com\/da\/product\/kob-ald-52-pulver\/","name":"K\u00f8b ALD-52 Powder - ALD-52 Powder Online - Bedste globale medicin","isPartOf":{"@id":"https:\/\/medicinasinc.com\/da\/#website"},"primaryImageOfPage":{"@id":"https:\/\/medicinasinc.com\/da\/product\/kob-ald-52-pulver\/#primaryimage"},"image":{"@id":"https:\/\/medicinasinc.com\/da\/product\/kob-ald-52-pulver\/#primaryimage"},"thumbnailUrl":"https:\/\/medicinasinc.com\/da\/wp-content\/uploads\/sites\/8\/2022\/02\/Buy-ALD-52-Powder.jpg","datePublished":"2022-02-22T04:12:43+00:00","dateModified":"2022-03-20T00:29:02+00:00","description":"K\u00f8b K\u00f8b ALD-52-pulver til salg i Storbritannien, Europa, AU, EU, bestil billigt\u00a0K\u00f8b ALD-52-pulver\u00a02022, hvor kan du\u00a0k\u00f8be\u00a0h\u00f8jkvalitets\u00a0K\u00f8b ALD-52-pulver levering natten over,\u00a0ALD-52-pulver\u00a0pris.","breadcrumb":{"@id":"https:\/\/medicinasinc.com\/da\/product\/kob-ald-52-pulver\/#breadcrumb"},"inLanguage":"en-US","potentialAction":[{"@type":"ReadAction","target":["https:\/\/medicinasinc.com\/da\/product\/kob-ald-52-pulver\/"]}]},{"@type":"ImageObject","inLanguage":"en-US","@id":"https:\/\/medicinasinc.com\/da\/product\/kob-ald-52-pulver\/#primaryimage","url":"https:\/\/medicinasinc.com\/da\/wp-content\/uploads\/sites\/8\/2022\/02\/Buy-ALD-52-Powder.jpg","contentUrl":"https:\/\/medicinasinc.com\/da\/wp-content\/uploads\/sites\/8\/2022\/02\/Buy-ALD-52-Powder.jpg","width":1080,"height":995},{"@type":"BreadcrumbList","@id":"https:\/\/medicinasinc.com\/da\/product\/kob-ald-52-pulver\/#breadcrumb","itemListElement":[{"@type":"ListItem","position":1,"name":"Butik","item":"https:\/\/medicinasinc.com\/da\/butik\/"},{"@type":"ListItem","position":2,"name":"K\u00f8b ALD-52 pulver"}]},{"@type":"WebSite","@id":"https:\/\/medicinasinc.com\/da\/#website","url":"https:\/\/medicinasinc.com\/da\/","name":"Medicinas Inc","description":"Health Medical Clinic","potentialAction":[{"@type":"SearchAction","target":{"@type":"EntryPoint","urlTemplate":"https:\/\/medicinasinc.com\/da\/?s={search_term_string}"},"query-input":{"@type":"PropertyValueSpecification","valueRequired":true,"valueName":"search_term_string"}}],"inLanguage":"en-US"}]}},"_links":{"self":[{"href":"https:\/\/medicinasinc.com\/da\/wp-json\/wp\/v2\/product\/5686","targetHints":{"allow":["GET"]}}],"collection":[{"href":"https:\/\/medicinasinc.com\/da\/wp-json\/wp\/v2\/product"}],"about":[{"href":"https:\/\/medicinasinc.com\/da\/wp-json\/wp\/v2\/types\/product"}],"replies":[{"embeddable":true,"href":"https:\/\/medicinasinc.com\/da\/wp-json\/wp\/v2\/comments?post=5686"}],"wp:featuredmedia":[{"embeddable":true,"href":"https:\/\/medicinasinc.com\/da\/wp-json\/wp\/v2\/media\/5699"}],"wp:attachment":[{"href":"https:\/\/medicinasinc.com\/da\/wp-json\/wp\/v2\/media?parent=5686"}],"wp:term":[{"taxonomy":"product_brand","embeddable":true,"href":"https:\/\/medicinasinc.com\/da\/wp-json\/wp\/v2\/product_brand?post=5686"},{"taxonomy":"product_cat","embeddable":true,"href":"https:\/\/medicinasinc.com\/da\/wp-json\/wp\/v2\/product_cat?post=5686"},{"taxonomy":"product_tag","embeddable":true,"href":"https:\/\/medicinasinc.com\/da\/wp-json\/wp\/v2\/product_tag?post=5686"}],"curies":[{"name":"wp","href":"https:\/\/api.w.org\/{rel}","templated":true}]}}