{"id":5685,"date":"2022-02-22T04:11:15","date_gmt":"2022-02-22T04:11:15","guid":{"rendered":"https:\/\/medicinasinc.com\/da\/?post_type=product&#038;p=5685"},"modified":"2022-03-20T00:29:10","modified_gmt":"2022-03-20T00:29:10","slug":"kob-pump-det-badesalt","status":"publish","type":"product","link":"https:\/\/medicinasinc.com\/da\/product\/kob-pump-det-badesalt\/","title":{"rendered":"K\u00f8b Pump It Badesalt"},"content":{"rendered":"<p>Det er en god id\u00e9 at k\u00f8be Pump-It Powder Badesalte<\/p>\n<p>K\u00f8b Pump-It Powder Badesalt fra en p\u00e5lidelig kilde. Vi s\u00e6lger de bedste badeprodukter, som badesalte. Badesalte vil give dig et glat, sensuelt bad, der f\u00e5r dig til at f\u00f8le dig ren, efter du har brugt dem. Vores kunder kan dog v\u00e6re sikre p\u00e5, at de f\u00e5r de bedste produkter p\u00e5 markedet. Men vi s\u00e6lger og k\u00f8ber ogs\u00e5 andre koncentrerede badesalte til gode priser.<\/p>\n<p>Vores badesalte har en st\u00e6rk lugt.<\/p>\n<p>Pump-It Powder Badesalte er beregnet til at g\u00f8re din badeoplevelse endnu mere sp\u00e6ndende, energisk og euforisk. Et lille bel\u00f8b er alt, der skal til for at g\u00f8re en stor forskel. Du kan dog bare tilf\u00f8je en lille m\u00e6ngde til et varmt bad for naturligt at bl\u00f8dg\u00f8re vandet, hvilket vil f\u00e5 dig til at f\u00f8le dig meget energisk og glad efter. Det bruges dog til at ligne de naturlige varme kilder i det gr\u00e6ske hav. Brug Pump-It Powder sparsomt i starten, for for meget vil g\u00f8re dit badevand snavset og g\u00f8re dig ulykkelig. Men hvis du bruger Pump-It Powder korrekt, kan det hj\u00e6lpe dig med at komme til steder, du troede var umulige.<\/p>\n<p>Relaterede varer:<br \/> Du kan se nogle af vores originale badesalte p\u00e5 listen nedenfor .<br \/> Det er 500 mg koncentrerede badesalte fra Rave On.<br \/> Otte Ballz-badesalte har 500 mg af dem.<br \/> Premium-badesalte fra Hollywood er 1 gram.<br \/> 500mg DIAMONDST\u00d8V<br \/> En spiseskefuld har 500mg pulver.<br \/> Black Diamond Novelty Powder er lavet af Black Diamond.<br \/> Det er 500mg Pump-it Powder fra Eight Ballz.<br \/> 500mg White Rush Bath Salte<br \/> Ivory Wave Ultra-badesalt indeholder 500 mg af dem.<br \/> Ivory Wave 500mg badesalt<br \/> I dette tilf\u00e6lde er der 500 mg Lady Bubbles-badesalt i pakken.<br \/> Cloud 9 badesalt har 500mg af dem.<br \/> Der er 500mg Heavenly Soak Euphoric \u2013 Novelty Powder i denne flaske.<br \/> Det er 500mg Heavenly Soak \u2013 Energy \u2013 Fun Powder.<br \/> 500mg Sky \u2013 Fun Pulver<br \/> Der er 500mg nyhedspulver der i Molly&#8217;s Blend \u2013<\/p>\n<p>&nbsp;<\/p>\n<p>Vanille Sky-badesalt 500mg, brusende koncentreret badesalte 500mg, Bolivian Ivory Wave Recharge badesalt 500mg, White Girl Koncentreret badesalte 500mg. Badesalte 500mg, X vurderede badesalt 500mg<br \/> Elfenbensglatte 500mg badesalte<br \/> 50mg Blue Wave badesalte<br \/> Blue Silk er 500mg badesalt.<br \/> I dette tilf\u00e6lde 500mg Der blev brugt bolivianske badesalte.<br \/> Badesalte fra G Pheonix<\/p>\n<p>&nbsp;<\/p>\n<p>I dette tilf\u00e6lde er White Girl 500mg koncentreret badesalt, hvad du har brug for.<br \/> 500mg White Lady Bath Salts<br \/> Bliss Concentrated Badesalte har 500mg salt i hver pose.<br \/> Snow Leopard Bath Salts har 500mg af dem i hver pose.<br \/> 500mg ekstra badesalte fra Lunar B\u00f8lge. 500mg koncentreret badesalt fra White Horse.<br \/> 500mg Invigorating Bath Salts<br \/> 500mg af Cloud 10 Bath Salt<br \/> Blue Magic: 500mg Bath Salts<br \/> Badesalt med navnet Scarface har 500mg af det.<br \/> Ogs\u00e5 mange flere mennesker.<\/p>\n","protected":false},"excerpt":{"rendered":"<p>I vores Bestglobalmeds.com onlinebutik kan du k\u00f8be Pump It Bath Salt til salg i Storbritannien, Europa og Australien, og vi sender det med det samme. Du kan k\u00f8be det bedste Pump It Bath Salt her!<\/p>\n<p>Det er sikkert at k\u00f8be Pump It Up Bath Salt fra Global medicinas Bath Salts. Vi s\u00e6lger koncentreret K2 badesalt til lave priser p\u00e5 internettet.<\/p>\n<p>Til den bedste pris kan du k\u00f8be Pump It Badesalt online fra en butik. Vi lover sikker og sikker forsendelse over hele verden.<\/p>\n<p>Hvor vil du k\u00f8be &#8220;Pump-It Powder Bath Salts&#8221;? Best Global Meds giver dig chancen for at k\u00f8be amped badesalt til salg online.<\/p>\n","protected":false},"featured_media":5697,"comment_status":"open","ping_status":"closed","template":"","meta":[],"product_brand":[],"product_cat":[2014],"product_tag":[3567,3565,3566,3568,3573,3572,3569,3571,3570],"class_list":{"0":"post-5685","1":"product","2":"type-product","3":"status-publish","4":"has-post-thumbnail","6":"product_cat-kb-forskningskemikalier","7":"product_tag-bestille-pumpe-det-badesalt","8":"product_tag-buy-pump-it-bath-salt","9":"product_tag-buy-pump-it-powder-bath-salts","10":"product_tag-pumpe-det-badesalt-kb","11":"product_tag-pump-it-bade-salt-reddit","12":"product_tag-pumpe-det-badesalt-pwder","13":"product_tag-pump-it-badesalt-effekt","14":"product_tag-pump-it-bath-salt-order","15":"product_tag-pump-it-badesalt-til-salg","17":"first","18":"instock","19":"featured","20":"shipping-taxable","21":"purchasable","22":"product-type-variable","23":"has-default-attributes"},"yoast_head":"<!-- This site is optimized with the Yoast SEO plugin v27.3 - https:\/\/yoast.com\/product\/yoast-seo-wordpress\/ -->\n<title>K\u00f8b Pump It Bath Salt - Pump It Bath Salt - Best Global Meds<\/title>\n<meta name=\"description\" content=\"K\u00f8b Pump It Bath Salt til salg i Storbritannien, Europa, AU i vores Bestglobalmeds onlinebutik med hurtig levering over hele verden! Det bedste Pump It-badesalt til bestilling finder du her!\" \/>\n<meta name=\"robots\" content=\"index, follow, max-snippet:-1, max-image-preview:large, max-video-preview:-1\" \/>\n<link rel=\"canonical\" href=\"https:\/\/medicinasinc.com\/da\/product\/kob-pump-det-badesalt\/\" \/>\n<meta property=\"og:locale\" content=\"en_US\" \/>\n<meta property=\"og:type\" content=\"article\" \/>\n<meta property=\"og:title\" content=\"K\u00f8b Pump It Bath Salt - Pump It Bath Salt - Best Global Meds\" \/>\n<meta property=\"og:description\" content=\"K\u00f8b Pump It Bath Salt til salg i Storbritannien, Europa, AU i vores Bestglobalmeds onlinebutik med hurtig levering over hele verden! Det bedste Pump It-badesalt til bestilling finder du her!\" \/>\n<meta property=\"og:url\" content=\"https:\/\/medicinasinc.com\/da\/product\/kob-pump-det-badesalt\/\" \/>\n<meta property=\"og:site_name\" content=\"Medicinas Inc\" \/>\n<meta property=\"article:modified_time\" content=\"2022-03-20T00:29:10+00:00\" \/>\n<meta property=\"og:image\" content=\"https:\/\/medicinasinc.com\/da\/wp-content\/uploads\/sites\/8\/2022\/02\/Buy-Pump-It-Bath-Salt.jpg\" \/>\n\t<meta property=\"og:image:width\" content=\"600\" \/>\n\t<meta property=\"og:image:height\" content=\"600\" \/>\n\t<meta property=\"og:image:type\" content=\"image\/jpeg\" \/>\n<meta name=\"twitter:card\" content=\"summary_large_image\" \/>\n<meta name=\"twitter:label1\" content=\"Est. reading time\" \/>\n\t<meta name=\"twitter:data1\" content=\"3 minutes\" \/>\n<script type=\"application\/ld+json\" class=\"yoast-schema-graph\">{\"@context\":\"https:\\\/\\\/schema.org\",\"@graph\":[{\"@type\":\"WebPage\",\"@id\":\"https:\\\/\\\/medicinasinc.com\\\/da\\\/product\\\/kob-pump-det-badesalt\\\/\",\"url\":\"https:\\\/\\\/medicinasinc.com\\\/da\\\/product\\\/kob-pump-det-badesalt\\\/\",\"name\":\"K\u00f8b Pump It Bath Salt - Pump It Bath Salt - Best Global Meds\",\"isPartOf\":{\"@id\":\"https:\\\/\\\/medicinasinc.com\\\/da\\\/#website\"},\"primaryImageOfPage\":{\"@id\":\"https:\\\/\\\/medicinasinc.com\\\/da\\\/product\\\/kob-pump-det-badesalt\\\/#primaryimage\"},\"image\":{\"@id\":\"https:\\\/\\\/medicinasinc.com\\\/da\\\/product\\\/kob-pump-det-badesalt\\\/#primaryimage\"},\"thumbnailUrl\":\"https:\\\/\\\/medicinasinc.com\\\/da\\\/wp-content\\\/uploads\\\/sites\\\/8\\\/2022\\\/02\\\/Buy-Pump-It-Bath-Salt.jpg\",\"datePublished\":\"2022-02-22T04:11:15+00:00\",\"dateModified\":\"2022-03-20T00:29:10+00:00\",\"description\":\"K\u00f8b Pump It Bath Salt til salg i Storbritannien, Europa, AU i vores Bestglobalmeds onlinebutik med hurtig levering over hele verden! Det bedste Pump It-badesalt til bestilling finder du her!\",\"breadcrumb\":{\"@id\":\"https:\\\/\\\/medicinasinc.com\\\/da\\\/product\\\/kob-pump-det-badesalt\\\/#breadcrumb\"},\"inLanguage\":\"en-US\",\"potentialAction\":[{\"@type\":\"ReadAction\",\"target\":[\"https:\\\/\\\/medicinasinc.com\\\/da\\\/product\\\/kob-pump-det-badesalt\\\/\"]}]},{\"@type\":\"ImageObject\",\"inLanguage\":\"en-US\",\"@id\":\"https:\\\/\\\/medicinasinc.com\\\/da\\\/product\\\/kob-pump-det-badesalt\\\/#primaryimage\",\"url\":\"https:\\\/\\\/medicinasinc.com\\\/da\\\/wp-content\\\/uploads\\\/sites\\\/8\\\/2022\\\/02\\\/Buy-Pump-It-Bath-Salt.jpg\",\"contentUrl\":\"https:\\\/\\\/medicinasinc.com\\\/da\\\/wp-content\\\/uploads\\\/sites\\\/8\\\/2022\\\/02\\\/Buy-Pump-It-Bath-Salt.jpg\",\"width\":600,\"height\":600},{\"@type\":\"BreadcrumbList\",\"@id\":\"https:\\\/\\\/medicinasinc.com\\\/da\\\/product\\\/kob-pump-det-badesalt\\\/#breadcrumb\",\"itemListElement\":[{\"@type\":\"ListItem\",\"position\":1,\"name\":\"Butik\",\"item\":\"https:\\\/\\\/medicinasinc.com\\\/da\\\/butik\\\/\"},{\"@type\":\"ListItem\",\"position\":2,\"name\":\"K\u00f8b Pump It Badesalt\"}]},{\"@type\":\"WebSite\",\"@id\":\"https:\\\/\\\/medicinasinc.com\\\/da\\\/#website\",\"url\":\"https:\\\/\\\/medicinasinc.com\\\/da\\\/\",\"name\":\"Medicinas Inc\",\"description\":\"Health Medical Clinic\",\"potentialAction\":[{\"@type\":\"SearchAction\",\"target\":{\"@type\":\"EntryPoint\",\"urlTemplate\":\"https:\\\/\\\/medicinasinc.com\\\/da\\\/?s={search_term_string}\"},\"query-input\":{\"@type\":\"PropertyValueSpecification\",\"valueRequired\":true,\"valueName\":\"search_term_string\"}}],\"inLanguage\":\"en-US\"}]}<\/script>\n<!-- \/ Yoast SEO plugin. -->","yoast_head_json":{"title":"K\u00f8b Pump It Bath Salt - Pump It Bath Salt - Best Global Meds","description":"K\u00f8b Pump It Bath Salt til salg i Storbritannien, Europa, AU i vores Bestglobalmeds onlinebutik med hurtig levering over hele verden! Det bedste Pump It-badesalt til bestilling finder du her!","robots":{"index":"index","follow":"follow","max-snippet":"max-snippet:-1","max-image-preview":"max-image-preview:large","max-video-preview":"max-video-preview:-1"},"canonical":"https:\/\/medicinasinc.com\/da\/product\/kob-pump-det-badesalt\/","og_locale":"en_US","og_type":"article","og_title":"K\u00f8b Pump It Bath Salt - Pump It Bath Salt - Best Global Meds","og_description":"K\u00f8b Pump It Bath Salt til salg i Storbritannien, Europa, AU i vores Bestglobalmeds onlinebutik med hurtig levering over hele verden! Det bedste Pump It-badesalt til bestilling finder du her!","og_url":"https:\/\/medicinasinc.com\/da\/product\/kob-pump-det-badesalt\/","og_site_name":"Medicinas Inc","article_modified_time":"2022-03-20T00:29:10+00:00","og_image":[{"width":600,"height":600,"url":"https:\/\/medicinasinc.com\/da\/wp-content\/uploads\/sites\/8\/2022\/02\/Buy-Pump-It-Bath-Salt.jpg","type":"image\/jpeg"}],"twitter_card":"summary_large_image","twitter_misc":{"Est. reading time":"3 minutes"},"schema":{"@context":"https:\/\/schema.org","@graph":[{"@type":"WebPage","@id":"https:\/\/medicinasinc.com\/da\/product\/kob-pump-det-badesalt\/","url":"https:\/\/medicinasinc.com\/da\/product\/kob-pump-det-badesalt\/","name":"K\u00f8b Pump It Bath Salt - Pump It Bath Salt - Best Global Meds","isPartOf":{"@id":"https:\/\/medicinasinc.com\/da\/#website"},"primaryImageOfPage":{"@id":"https:\/\/medicinasinc.com\/da\/product\/kob-pump-det-badesalt\/#primaryimage"},"image":{"@id":"https:\/\/medicinasinc.com\/da\/product\/kob-pump-det-badesalt\/#primaryimage"},"thumbnailUrl":"https:\/\/medicinasinc.com\/da\/wp-content\/uploads\/sites\/8\/2022\/02\/Buy-Pump-It-Bath-Salt.jpg","datePublished":"2022-02-22T04:11:15+00:00","dateModified":"2022-03-20T00:29:10+00:00","description":"K\u00f8b Pump It Bath Salt til salg i Storbritannien, Europa, AU i vores Bestglobalmeds onlinebutik med hurtig levering over hele verden! Det bedste Pump It-badesalt til bestilling finder du her!","breadcrumb":{"@id":"https:\/\/medicinasinc.com\/da\/product\/kob-pump-det-badesalt\/#breadcrumb"},"inLanguage":"en-US","potentialAction":[{"@type":"ReadAction","target":["https:\/\/medicinasinc.com\/da\/product\/kob-pump-det-badesalt\/"]}]},{"@type":"ImageObject","inLanguage":"en-US","@id":"https:\/\/medicinasinc.com\/da\/product\/kob-pump-det-badesalt\/#primaryimage","url":"https:\/\/medicinasinc.com\/da\/wp-content\/uploads\/sites\/8\/2022\/02\/Buy-Pump-It-Bath-Salt.jpg","contentUrl":"https:\/\/medicinasinc.com\/da\/wp-content\/uploads\/sites\/8\/2022\/02\/Buy-Pump-It-Bath-Salt.jpg","width":600,"height":600},{"@type":"BreadcrumbList","@id":"https:\/\/medicinasinc.com\/da\/product\/kob-pump-det-badesalt\/#breadcrumb","itemListElement":[{"@type":"ListItem","position":1,"name":"Butik","item":"https:\/\/medicinasinc.com\/da\/butik\/"},{"@type":"ListItem","position":2,"name":"K\u00f8b Pump It Badesalt"}]},{"@type":"WebSite","@id":"https:\/\/medicinasinc.com\/da\/#website","url":"https:\/\/medicinasinc.com\/da\/","name":"Medicinas Inc","description":"Health Medical Clinic","potentialAction":[{"@type":"SearchAction","target":{"@type":"EntryPoint","urlTemplate":"https:\/\/medicinasinc.com\/da\/?s={search_term_string}"},"query-input":{"@type":"PropertyValueSpecification","valueRequired":true,"valueName":"search_term_string"}}],"inLanguage":"en-US"}]}},"_links":{"self":[{"href":"https:\/\/medicinasinc.com\/da\/wp-json\/wp\/v2\/product\/5685","targetHints":{"allow":["GET"]}}],"collection":[{"href":"https:\/\/medicinasinc.com\/da\/wp-json\/wp\/v2\/product"}],"about":[{"href":"https:\/\/medicinasinc.com\/da\/wp-json\/wp\/v2\/types\/product"}],"replies":[{"embeddable":true,"href":"https:\/\/medicinasinc.com\/da\/wp-json\/wp\/v2\/comments?post=5685"}],"wp:featuredmedia":[{"embeddable":true,"href":"https:\/\/medicinasinc.com\/da\/wp-json\/wp\/v2\/media\/5697"}],"wp:attachment":[{"href":"https:\/\/medicinasinc.com\/da\/wp-json\/wp\/v2\/media?parent=5685"}],"wp:term":[{"taxonomy":"product_brand","embeddable":true,"href":"https:\/\/medicinasinc.com\/da\/wp-json\/wp\/v2\/product_brand?post=5685"},{"taxonomy":"product_cat","embeddable":true,"href":"https:\/\/medicinasinc.com\/da\/wp-json\/wp\/v2\/product_cat?post=5685"},{"taxonomy":"product_tag","embeddable":true,"href":"https:\/\/medicinasinc.com\/da\/wp-json\/wp\/v2\/product_tag?post=5685"}],"curies":[{"name":"wp","href":"https:\/\/api.w.org\/{rel}","templated":true}]}}