{"id":5684,"date":"2022-02-22T04:10:18","date_gmt":"2022-02-22T04:10:18","guid":{"rendered":"https:\/\/medicinasinc.com\/da\/?post_type=product&#038;p=5684"},"modified":"2022-03-20T00:29:18","modified_gmt":"2022-03-20T00:29:18","slug":"kob-mmb-2201-pulver","status":"publish","type":"product","link":"https:\/\/medicinasinc.com\/da\/product\/kob-mmb-2201-pulver\/","title":{"rendered":"K\u00f8b MMB-2201 pulver"},"content":{"rendered":"<p>MDMB-2201 Drug er et f\u00f8rsteklasses forskningskemikalie, som du kan f\u00e5 online til en rimelig pris. P\u00e5lidelig leverand\u00f8r bestglobalmed.com tilbyder 5F-MDMB-2201 til en rabatpris. Som et designerl\u00e6gemiddel og som en aktiv ingrediens i syntetiserede cannabisblandinger er MMB-2201 en st\u00e6rk indol-3-carboxamid-baseret syntetisk cannabinoid.<\/p>\n<p>Indol-3-carboxamid-baseret syntetisk cannabinoid MMB-2201 ( ogs\u00e5 kendt som 5F-MMB-PICA, 5F-AMB-PICA og I-AMB) er blevet annonceret som et designerl\u00e6gemiddel og en ingrediens i syntetiske cannabisblandinger. F\u00f8rst rapporteret i Rusland og Hviderusland i januar 2014, er den siden blevet solgt i mange andre nationer. Indol kerne modstykke til 5F-AMB er denne forbindelse. syntetiske cannabisforbindelser med en N-1-methoxycarbonylgruppe indeholdende en indol-3-carboxamidkerne eller en indazol-3-carboxamidkerne samt en isopropyl- eller t-butylsubstituent har vist sig at v\u00e6re v\u00e6sentligt mere skadelige end \u00e6ldre syntetiske cannabinoider forbindelser<\/p>\n<p>Syntetisk cannabinoid 5F-MDMB-2201 ligner meget MMB-2201 (indazolfamilien). P\u00e5 b\u00e5de CB1- og CB2-receptorerne ud\u00f8ver 5F-MDMB-2201 en signifikant virkning (agonisme).<\/p>\n<p>Metabolisk navn: Methyl-2-methyl-1H-indol-3-carboxamido-dimethylbutaneate<\/p>\n<p>Som designermedicin og aktiv ingrediens i syntetiske cannabisblandinger er MMB-2201 en indol-3-carboxamidbaseret syntetisk cannabinoid.<\/p>\n<p>889493-21-2 CAS-nummer<\/p>\n<p>C21H29FN2O3 er den kemiske formel.<\/p>\n<p>Minimumsrenhed p\u00e5 99,7 procent<\/p>\n<p>376,49 er molekylv\u00e6gten<\/p>\n<p>Krystaller\/pulver i udseende<\/p>\n<p> Indol-3-carboxamid-baseret syntetisk cannabinoid MMB-2201 (ogs\u00e5 kendt som 5F-MMB-PICA, 5F-AMB-PICA og I-AMB) er en designermedicin og aktiv ingrediens i syntetiske cannabisblandinger. Selvom det oprindeligt blev rapporteret i Rusland og Hviderusland i januar i \u00e5r, er det efterf\u00f8lgende kommet til salg i en r\u00e6kke andre nationer. 5F-indol AMBs kernemodstykke findes i denne forbindelse. Det har vist sig, at nyere syntetiske cannabisforbindelser med en indol-3-carboxamid- eller indazol-3-carboxamidkerne og en N-1-methoxycarbonylgruppe bundet til en isopropyl- eller t-butylsubstituent er langt mere skadelige end \u00e6ldre syntetiske cannabinoidforbindelser. &#8211;<\/p>\n<p>Syntetisk cannabinoid 5F-MDMB-2201 ligner meget MMB-2201 (indazolfamilien). B\u00e5de CB1- og CB2-receptorerne er st\u00e6rkt antagonistiske over for 5F-MDMB-2201.<\/p>\n<p>Metabolisk navn: Methyl-2-methyl-1H-indol-3-carboxamido-dimethylbutaneat.<\/p>\n<p>Som en designermedicin og aktiv ingrediens i syntetiske cannabisblandinger, MMB-2201 er en indol-3-carboxamidbaseret syntetisk cannabinoid.<\/p>\n<p>889493-21-2 CAS-nummer<\/p>\n<p>C21H29FN2O3 er den kemiske formel .<\/p>\n<p>Minimum renhed p\u00e5 99,7 procent<\/p>\n<p>376,49 er molekylv\u00e6gten<\/p>\n<p>Krystaller og pulver<\/p>\n","protected":false},"excerpt":{"rendered":"<p>K\u00f8b MMB-2201 Powder til salg i Storbritannien, Europa, AU. vi tilbyder den mest p\u00e5lidelige transaktion og s\u00e6lger til meget overkommelige priser. Bestil MMB-2201 Powder nu til de bedste priser<\/p>\n<p>K\u00f8b online MMB-2201 Powder Pure Online. MMB-2201 Powder er ogs\u00e5: 5F-MMB-PICA, 5F-AMB-PICA eller I-AMB.<\/p>\n<p>5CAKB48 MMB022,\u00a0<em>MPHP2201<\/em>\u00a0h\u00f8j renhed og gult\u00a0<em>pulver<\/em>\u00a0online &#8230; <em>Mmbfub<\/em>,\u00a0<em>Mphp2201<\/em>, 5f-mdmb-<em>2201<\/em>, 5feapb\/5feapb, Mmb022, 4-cdc, Fub144,\u00a0<em>Fub2201<\/em>.<\/p>\n<p><em>K\u00f8b<\/em>\u00a05F MDMB Online &#8211; Du kan bestille 5F-MDMB-<em>2201 pulver<\/em>\u00a0til en billig pris fra &#8230; 5F MDMB\u00a0<em>2201<\/em>\u00a0Crystals er ogs\u00e5 kendt som 5F-<em>MMB<\/em>-PICA, 5F-AMB-PICA og I-AMB.<\/p>\n<p>&nbsp;<\/p>\n<p> p&gt;<\/p>\n","protected":false},"featured_media":5695,"comment_status":"open","ping_status":"closed","template":"","meta":[],"product_brand":[],"product_cat":[2596],"product_tag":[2600,2616,2601,2602,2605,2606,2611,2612,2613,2614,2610,2607,2608,2609,2615,2603,2604,2626,2627,2628,2619,2620,2621,3563,3564,2631,2622,2629,2625],"class_list":{"0":"post-5684","1":"product","2":"type-product","3":"status-publish","4":"has-post-thumbnail","6":"product_cat-cannabinoider-til-salg","7":"product_tag-5f-mdmb-2201","8":"product_tag-5f-mdmb-2201-gennemgang","9":"product_tag-5f-mdmb-2201-cannabinoider","10":"product_tag-5f-mdmb-2201-cannabinoider-til-salg","11":"product_tag-5f-mdmb-2201-powder","12":"product_tag-5f-mdmb-2201-powder-australia","13":"product_tag-5f-mdmb-2201-powder-supplier","14":"product_tag-5f-mdmb-2201-powder-uk","15":"product_tag-5f-mdmb-2201-powder-usa","16":"product_tag-5f-mdmb-2201-powder-vendor","17":"product_tag-5f-mdmb-2201-powder-review","18":"product_tag-5f-mdmb-2201-powder-canada","19":"product_tag-5f-mdmb-2201-pulver-dosering","20":"product_tag-5f-mdmb-2201-pulver-til-salg","21":"product_tag-5f-mdmb-2201-reddit","22":"product_tag-5f-mdmb-2201-til-salg","23":"product_tag-5f-mdmb-2201-til-salg-online","24":"product_tag-ordre-5f-mdmb-2201","25":"product_tag-bestil-5f-mdmb-2201-online","26":"product_tag-ordre-5f-mdmb-2201-pulver","27":"product_tag-buy-5f-mdmb-2201","28":"product_tag-buy-5f-mdmb-2201-cannabinoids","29":"product_tag-buy-5f-mdmb-2201-online","30":"product_tag-fjern-term-5f-mdmb-2201-5f-mdmb-2201-effekt","31":"product_tag-fjern-term-5f-mdmb-2201-5f-mdmb-2201-pulver-til-salg","32":"product_tag-hvor-kan-kbes-5f-mdmb-2201","33":"product_tag-kb-5f-mdmb-2201-pulver-online","34":"product_tag-ren-5f-mdmb-2201-pulver","35":"product_tag-mail-5f-mdmb-2201","37":"first","38":"instock","39":"shipping-taxable","40":"purchasable","41":"product-type-variable","42":"has-default-attributes"},"yoast_head":"<!-- This site is optimized with the Yoast SEO plugin v27.3 - https:\/\/yoast.com\/product\/yoast-seo-wordpress\/ -->\n<title>K\u00f8b MMB-2201 pulver - MMB-2201 til salg - bedste globale medicin<\/title>\n<meta name=\"description\" content=\"K\u00f8b MMB-2201 pulver til salg i Storbritannien, Europa, AU. vi tilbyder den mest p\u00e5lidelige transaktion og s\u00e6lger til meget overkommelige priser. Bestil MMB-2201 Powder nu til de bedste priser\" \/>\n<meta name=\"robots\" content=\"index, follow, max-snippet:-1, max-image-preview:large, max-video-preview:-1\" \/>\n<link rel=\"canonical\" href=\"https:\/\/medicinasinc.com\/da\/product\/kob-mmb-2201-pulver\/\" \/>\n<meta property=\"og:locale\" content=\"en_US\" \/>\n<meta property=\"og:type\" content=\"article\" \/>\n<meta property=\"og:title\" content=\"K\u00f8b MMB-2201 pulver - MMB-2201 til salg - bedste globale medicin\" \/>\n<meta property=\"og:description\" content=\"K\u00f8b MMB-2201 pulver til salg i Storbritannien, Europa, AU. vi tilbyder den mest p\u00e5lidelige transaktion og s\u00e6lger til meget overkommelige priser. Bestil MMB-2201 Powder nu til de bedste priser\" \/>\n<meta property=\"og:url\" content=\"https:\/\/medicinasinc.com\/da\/product\/kob-mmb-2201-pulver\/\" \/>\n<meta property=\"og:site_name\" content=\"Medicinas Inc\" \/>\n<meta property=\"article:modified_time\" content=\"2022-03-20T00:29:18+00:00\" \/>\n<meta property=\"og:image\" content=\"https:\/\/medicinasinc.com\/da\/wp-content\/uploads\/sites\/8\/2022\/02\/Buy-MMB-2201-Powder.jpg\" \/>\n\t<meta property=\"og:image:width\" content=\"600\" \/>\n\t<meta property=\"og:image:height\" content=\"600\" \/>\n\t<meta property=\"og:image:type\" content=\"image\/jpeg\" \/>\n<meta name=\"twitter:card\" content=\"summary_large_image\" \/>\n<meta name=\"twitter:label1\" content=\"Est. reading time\" \/>\n\t<meta name=\"twitter:data1\" content=\"2 minutes\" \/>\n<script type=\"application\/ld+json\" class=\"yoast-schema-graph\">{\"@context\":\"https:\\\/\\\/schema.org\",\"@graph\":[{\"@type\":\"WebPage\",\"@id\":\"https:\\\/\\\/medicinasinc.com\\\/da\\\/product\\\/kob-mmb-2201-pulver\\\/\",\"url\":\"https:\\\/\\\/medicinasinc.com\\\/da\\\/product\\\/kob-mmb-2201-pulver\\\/\",\"name\":\"K\u00f8b MMB-2201 pulver - MMB-2201 til salg - bedste globale medicin\",\"isPartOf\":{\"@id\":\"https:\\\/\\\/medicinasinc.com\\\/da\\\/#website\"},\"primaryImageOfPage\":{\"@id\":\"https:\\\/\\\/medicinasinc.com\\\/da\\\/product\\\/kob-mmb-2201-pulver\\\/#primaryimage\"},\"image\":{\"@id\":\"https:\\\/\\\/medicinasinc.com\\\/da\\\/product\\\/kob-mmb-2201-pulver\\\/#primaryimage\"},\"thumbnailUrl\":\"https:\\\/\\\/medicinasinc.com\\\/da\\\/wp-content\\\/uploads\\\/sites\\\/8\\\/2022\\\/02\\\/Buy-MMB-2201-Powder.jpg\",\"datePublished\":\"2022-02-22T04:10:18+00:00\",\"dateModified\":\"2022-03-20T00:29:18+00:00\",\"description\":\"K\u00f8b MMB-2201 pulver til salg i Storbritannien, Europa, AU. vi tilbyder den mest p\u00e5lidelige transaktion og s\u00e6lger til meget overkommelige priser. Bestil MMB-2201 Powder nu til de bedste priser\",\"breadcrumb\":{\"@id\":\"https:\\\/\\\/medicinasinc.com\\\/da\\\/product\\\/kob-mmb-2201-pulver\\\/#breadcrumb\"},\"inLanguage\":\"en-US\",\"potentialAction\":[{\"@type\":\"ReadAction\",\"target\":[\"https:\\\/\\\/medicinasinc.com\\\/da\\\/product\\\/kob-mmb-2201-pulver\\\/\"]}]},{\"@type\":\"ImageObject\",\"inLanguage\":\"en-US\",\"@id\":\"https:\\\/\\\/medicinasinc.com\\\/da\\\/product\\\/kob-mmb-2201-pulver\\\/#primaryimage\",\"url\":\"https:\\\/\\\/medicinasinc.com\\\/da\\\/wp-content\\\/uploads\\\/sites\\\/8\\\/2022\\\/02\\\/Buy-MMB-2201-Powder.jpg\",\"contentUrl\":\"https:\\\/\\\/medicinasinc.com\\\/da\\\/wp-content\\\/uploads\\\/sites\\\/8\\\/2022\\\/02\\\/Buy-MMB-2201-Powder.jpg\",\"width\":600,\"height\":600},{\"@type\":\"BreadcrumbList\",\"@id\":\"https:\\\/\\\/medicinasinc.com\\\/da\\\/product\\\/kob-mmb-2201-pulver\\\/#breadcrumb\",\"itemListElement\":[{\"@type\":\"ListItem\",\"position\":1,\"name\":\"Butik\",\"item\":\"https:\\\/\\\/medicinasinc.com\\\/da\\\/butik\\\/\"},{\"@type\":\"ListItem\",\"position\":2,\"name\":\"K\u00f8b MMB-2201 pulver\"}]},{\"@type\":\"WebSite\",\"@id\":\"https:\\\/\\\/medicinasinc.com\\\/da\\\/#website\",\"url\":\"https:\\\/\\\/medicinasinc.com\\\/da\\\/\",\"name\":\"Medicinas Inc\",\"description\":\"Health Medical Clinic\",\"potentialAction\":[{\"@type\":\"SearchAction\",\"target\":{\"@type\":\"EntryPoint\",\"urlTemplate\":\"https:\\\/\\\/medicinasinc.com\\\/da\\\/?s={search_term_string}\"},\"query-input\":{\"@type\":\"PropertyValueSpecification\",\"valueRequired\":true,\"valueName\":\"search_term_string\"}}],\"inLanguage\":\"en-US\"}]}<\/script>\n<!-- \/ Yoast SEO plugin. -->","yoast_head_json":{"title":"K\u00f8b MMB-2201 pulver - MMB-2201 til salg - bedste globale medicin","description":"K\u00f8b MMB-2201 pulver til salg i Storbritannien, Europa, AU. vi tilbyder den mest p\u00e5lidelige transaktion og s\u00e6lger til meget overkommelige priser. Bestil MMB-2201 Powder nu til de bedste priser","robots":{"index":"index","follow":"follow","max-snippet":"max-snippet:-1","max-image-preview":"max-image-preview:large","max-video-preview":"max-video-preview:-1"},"canonical":"https:\/\/medicinasinc.com\/da\/product\/kob-mmb-2201-pulver\/","og_locale":"en_US","og_type":"article","og_title":"K\u00f8b MMB-2201 pulver - MMB-2201 til salg - bedste globale medicin","og_description":"K\u00f8b MMB-2201 pulver til salg i Storbritannien, Europa, AU. vi tilbyder den mest p\u00e5lidelige transaktion og s\u00e6lger til meget overkommelige priser. Bestil MMB-2201 Powder nu til de bedste priser","og_url":"https:\/\/medicinasinc.com\/da\/product\/kob-mmb-2201-pulver\/","og_site_name":"Medicinas Inc","article_modified_time":"2022-03-20T00:29:18+00:00","og_image":[{"width":600,"height":600,"url":"https:\/\/medicinasinc.com\/da\/wp-content\/uploads\/sites\/8\/2022\/02\/Buy-MMB-2201-Powder.jpg","type":"image\/jpeg"}],"twitter_card":"summary_large_image","twitter_misc":{"Est. reading time":"2 minutes"},"schema":{"@context":"https:\/\/schema.org","@graph":[{"@type":"WebPage","@id":"https:\/\/medicinasinc.com\/da\/product\/kob-mmb-2201-pulver\/","url":"https:\/\/medicinasinc.com\/da\/product\/kob-mmb-2201-pulver\/","name":"K\u00f8b MMB-2201 pulver - MMB-2201 til salg - bedste globale medicin","isPartOf":{"@id":"https:\/\/medicinasinc.com\/da\/#website"},"primaryImageOfPage":{"@id":"https:\/\/medicinasinc.com\/da\/product\/kob-mmb-2201-pulver\/#primaryimage"},"image":{"@id":"https:\/\/medicinasinc.com\/da\/product\/kob-mmb-2201-pulver\/#primaryimage"},"thumbnailUrl":"https:\/\/medicinasinc.com\/da\/wp-content\/uploads\/sites\/8\/2022\/02\/Buy-MMB-2201-Powder.jpg","datePublished":"2022-02-22T04:10:18+00:00","dateModified":"2022-03-20T00:29:18+00:00","description":"K\u00f8b MMB-2201 pulver til salg i Storbritannien, Europa, AU. vi tilbyder den mest p\u00e5lidelige transaktion og s\u00e6lger til meget overkommelige priser. Bestil MMB-2201 Powder nu til de bedste priser","breadcrumb":{"@id":"https:\/\/medicinasinc.com\/da\/product\/kob-mmb-2201-pulver\/#breadcrumb"},"inLanguage":"en-US","potentialAction":[{"@type":"ReadAction","target":["https:\/\/medicinasinc.com\/da\/product\/kob-mmb-2201-pulver\/"]}]},{"@type":"ImageObject","inLanguage":"en-US","@id":"https:\/\/medicinasinc.com\/da\/product\/kob-mmb-2201-pulver\/#primaryimage","url":"https:\/\/medicinasinc.com\/da\/wp-content\/uploads\/sites\/8\/2022\/02\/Buy-MMB-2201-Powder.jpg","contentUrl":"https:\/\/medicinasinc.com\/da\/wp-content\/uploads\/sites\/8\/2022\/02\/Buy-MMB-2201-Powder.jpg","width":600,"height":600},{"@type":"BreadcrumbList","@id":"https:\/\/medicinasinc.com\/da\/product\/kob-mmb-2201-pulver\/#breadcrumb","itemListElement":[{"@type":"ListItem","position":1,"name":"Butik","item":"https:\/\/medicinasinc.com\/da\/butik\/"},{"@type":"ListItem","position":2,"name":"K\u00f8b MMB-2201 pulver"}]},{"@type":"WebSite","@id":"https:\/\/medicinasinc.com\/da\/#website","url":"https:\/\/medicinasinc.com\/da\/","name":"Medicinas Inc","description":"Health Medical Clinic","potentialAction":[{"@type":"SearchAction","target":{"@type":"EntryPoint","urlTemplate":"https:\/\/medicinasinc.com\/da\/?s={search_term_string}"},"query-input":{"@type":"PropertyValueSpecification","valueRequired":true,"valueName":"search_term_string"}}],"inLanguage":"en-US"}]}},"_links":{"self":[{"href":"https:\/\/medicinasinc.com\/da\/wp-json\/wp\/v2\/product\/5684","targetHints":{"allow":["GET"]}}],"collection":[{"href":"https:\/\/medicinasinc.com\/da\/wp-json\/wp\/v2\/product"}],"about":[{"href":"https:\/\/medicinasinc.com\/da\/wp-json\/wp\/v2\/types\/product"}],"replies":[{"embeddable":true,"href":"https:\/\/medicinasinc.com\/da\/wp-json\/wp\/v2\/comments?post=5684"}],"wp:featuredmedia":[{"embeddable":true,"href":"https:\/\/medicinasinc.com\/da\/wp-json\/wp\/v2\/media\/5695"}],"wp:attachment":[{"href":"https:\/\/medicinasinc.com\/da\/wp-json\/wp\/v2\/media?parent=5684"}],"wp:term":[{"taxonomy":"product_brand","embeddable":true,"href":"https:\/\/medicinasinc.com\/da\/wp-json\/wp\/v2\/product_brand?post=5684"},{"taxonomy":"product_cat","embeddable":true,"href":"https:\/\/medicinasinc.com\/da\/wp-json\/wp\/v2\/product_cat?post=5684"},{"taxonomy":"product_tag","embeddable":true,"href":"https:\/\/medicinasinc.com\/da\/wp-json\/wp\/v2\/product_tag?post=5684"}],"curies":[{"name":"wp","href":"https:\/\/api.w.org\/{rel}","templated":true}]}}