{"id":5682,"date":"2022-02-22T04:07:27","date_gmt":"2022-02-22T04:07:27","guid":{"rendered":"https:\/\/medicinasinc.com\/da\/?post_type=product&#038;p=5682"},"modified":"2022-03-20T00:29:29","modified_gmt":"2022-03-20T00:29:29","slug":"kob-ikke-tyre-badesalt","status":"publish","type":"product","link":"https:\/\/medicinasinc.com\/da\/product\/kob-ikke-tyre-badesalt\/","title":{"rendered":"K\u00f8b No Bull Bath Salt"},"content":{"rendered":"<p>F\u00e5 et lager af stressaflastende badesalte<\/p>\n<p>Badesalte uden tyr er til salg. For at sikre, at du f\u00e5r et afslappende, sensuelt bad, leverer vi badeartikler af h\u00f8j kvalitet som badesalte. N\u00e5r du k\u00f8ber badesalt online hos os, kan du v\u00e6re sikker p\u00e5, at du f\u00e5r det bedst mulige produkt. Andre badesaltkoncentrater er tilg\u00e6ngelige til salg til rimelige omkostninger gennem vores engros- og detailvirksomhed.<\/p>\n<p>Det handler om vores produkter<\/p>\n<p>En opbl\u00f8dning med No-Bull Bath Salts vil efterlade dig opfrisket , energisk og euforisk. En beskeden smule er alt, hvad der kr\u00e6ves for at have en v\u00e6sentlig effekt. Som et alternativ kan du putte en lille m\u00e6ngde i dit varme bad, og du vil f\u00f8le dig forynget og ekstatisk. P\u00e5 trods af dette bruger mange mennesker det til at efterligne de \u00e6gte varme kilder, der findes langs den gr\u00e6ske kyst. Bem\u00e6rk: Vores produkt er et potent badesalt til meditation. I starten skal du kun bruge en lille m\u00e6ngde for at undg\u00e5 at g\u00f8re dit badevand for grumset. Men hvis de bruges korrekt, kan No Bull Bath Salts hj\u00e6lpe dig med at erobre tidligere uoverstigelige h\u00f8jder.<\/p>\n<p>ANDRE TING AT PR\u00d8VE<br \/> Ivory Wave Recharge Badesalt 500 mg, White Girl 500 mg koncentreret badesalte, Tranquility Concentrated Bath Salte 500mg og X Rated Bath Salts 500mg er nogle af de badesalte, vi f\u00f8rer.<br \/> Badesalt Koncentreret Elfenben Glat 500mg<br \/> Badesalte 50mg Blue Wave<br \/> Pure Bath Salt &#8211; Blue Silk, 500 mg <br \/> 500mg bolivianske badesalte<br \/> Rave On Bath Salt Tranquility 500mg koncentrerede badesalte fra G Pheonix.<br \/> 500 milligram Eight Ballz Badesalte.<br \/> TOILETSALTE, 1 GRAM, HOLLYWOOD br \/&gt; Diamond Dust \u2013 500 milligram<br \/> 500 milligram Drone V Fun Powder<br \/> Novelty Powder Black Diamond fra Black Diamond<br \/> Novelty powder pump-it pulver 500mg Eight Ballz<br \/> 500mg White Rush Bath Salts.<br \/> 400g Pure Bath Salts Ivory Wave Ultra<br \/> Salts of the Wave 500mg Ivory<br \/> 500mg Lady Bubbles Bathsalt.<br \/> 50 0mg Cloud 9 badesalt<br \/> Powder 500mg Heavenly Soak &#8211; Euphoric &#8211; Novelty<br \/> Energy &#8211; Novelty Powder 500mg fra Heavenly Soak<br \/> The Sky &#8211; Novelty Powder \u2013 500 mg<br \/> Novelty Powder, 500mg Mollys blanding<\/p>\n","protected":false},"excerpt":{"rendered":"<p>Koncentreret badesalt i topkvalitet.<\/p>\n<p>100 % lovligt p\u00e5 verdensplan<\/p>\n<p><em>K\u00f8b<\/em>\u00a0White Girl\u00a0<em>Baths Salt<\/em>\u00a0fra godkendt leverand\u00f8r . Topkvalitetsrenhed, rimelige priser, Hurtig garanteret levering, Refusions-\/Returpolitik, God kundeservice.<\/p>\n<p>Betaler du for meget for\u00a0<em>ingen<\/em>&#8211;<em>tyrebadesalt<\/em>\u00a0online? <em>K\u00f8b ingen<\/em>&#8211;<em>tyrebadesalt<\/em> online hos Best Global Meds. Bliv <em>kend<\/em>\u00a0om\u00a0<em>no<\/em>&#8211;<em>tyrebadesalt<\/em>\u00a0til udsalgspriser.<\/p>\n<p><em>K\u00f8b No Bull Badesalt<\/em>\u00a0Online til den bedste pris. Vi garanterer sikker og sikker forsendelse til hele verden.<\/p>\n","protected":false},"featured_media":5693,"comment_status":"open","ping_status":"closed","template":"","meta":[],"product_brand":[],"product_cat":[2014],"product_tag":[3559,3561,3548,3549,3550,3562,3552,3555,3558,3553,3554,3556,3551,3557,3560],"class_list":{"0":"post-5682","1":"product","2":"type-product","3":"status-publish","4":"has-post-thumbnail","6":"product_cat-kb-forskningskemikalier","7":"product_tag-ingen-tyre-badesalte","8":"product_tag-bestil-ingen-tyre-badesalt-online","9":"product_tag-buy-no-bull-bath-salt","10":"product_tag-buy-no-bull-powder-cleaner-1000mg-bath-salt-online","11":"product_tag-buy-no-bull-bath-salts-online","12":"product_tag-hvor-kan-kbes-ingen-tyre-badesalt","13":"product_tag-ingen-tyrebad-salt-effekt","14":"product_tag-no-tyrebad-salt-reddit","15":"product_tag-no-bull-powder-cleaner-1000mg-badesalt-online","16":"product_tag-no-tyrebad-salt-google","17":"product_tag-ingen-tyrebad-salt-orden","18":"product_tag-ingen-tyrebade-salt-udsalg","19":"product_tag-nej-tyrebad-salt-kb","20":"product_tag-ingen-tyrepulver-renser-1000mg-badesalt","21":"product_tag-ingen-tyre-badesalt-til-salg","23":"first","24":"instock","25":"shipping-taxable","26":"purchasable","27":"product-type-variable","28":"has-default-attributes"},"yoast_head":"<!-- This site is optimized with the Yoast SEO plugin v27.3 - https:\/\/yoast.com\/product\/yoast-seo-wordpress\/ -->\n<title>K\u00f8b No Bull Bath Salt - No Bull Bath Salt Online - Bedste globale medicin<\/title>\n<meta name=\"description\" content=\"K\u00f8b No Bull Bath Salt til salg i Storbritannien, Europa, AU. vi tilbyder den mest p\u00e5lidelige transaktion og s\u00e6lger til meget overkommelige priser. Bestil No Bull Bath Salt nu til de bedste priser\" \/>\n<meta name=\"robots\" content=\"index, follow, max-snippet:-1, max-image-preview:large, max-video-preview:-1\" \/>\n<link rel=\"canonical\" href=\"https:\/\/medicinasinc.com\/da\/product\/kob-ikke-tyre-badesalt\/\" \/>\n<meta property=\"og:locale\" content=\"en_US\" \/>\n<meta property=\"og:type\" content=\"article\" \/>\n<meta property=\"og:title\" content=\"K\u00f8b No Bull Bath Salt - No Bull Bath Salt Online - Bedste globale medicin\" \/>\n<meta property=\"og:description\" content=\"K\u00f8b No Bull Bath Salt til salg i Storbritannien, Europa, AU. vi tilbyder den mest p\u00e5lidelige transaktion og s\u00e6lger til meget overkommelige priser. Bestil No Bull Bath Salt nu til de bedste priser\" \/>\n<meta property=\"og:url\" content=\"https:\/\/medicinasinc.com\/da\/product\/kob-ikke-tyre-badesalt\/\" \/>\n<meta property=\"og:site_name\" content=\"Medicinas Inc\" \/>\n<meta property=\"article:modified_time\" content=\"2022-03-20T00:29:29+00:00\" \/>\n<meta property=\"og:image\" content=\"https:\/\/medicinasinc.com\/da\/wp-content\/uploads\/sites\/8\/2022\/02\/Buy-No-Bull-Bath-Salt.jpg\" \/>\n\t<meta property=\"og:image:width\" content=\"600\" \/>\n\t<meta property=\"og:image:height\" content=\"600\" \/>\n\t<meta property=\"og:image:type\" content=\"image\/jpeg\" \/>\n<meta name=\"twitter:card\" content=\"summary_large_image\" \/>\n<meta name=\"twitter:label1\" content=\"Est. reading time\" \/>\n\t<meta name=\"twitter:data1\" content=\"2 minutes\" \/>\n<script type=\"application\/ld+json\" class=\"yoast-schema-graph\">{\"@context\":\"https:\\\/\\\/schema.org\",\"@graph\":[{\"@type\":\"WebPage\",\"@id\":\"https:\\\/\\\/medicinasinc.com\\\/da\\\/product\\\/kob-ikke-tyre-badesalt\\\/\",\"url\":\"https:\\\/\\\/medicinasinc.com\\\/da\\\/product\\\/kob-ikke-tyre-badesalt\\\/\",\"name\":\"K\u00f8b No Bull Bath Salt - No Bull Bath Salt Online - Bedste globale medicin\",\"isPartOf\":{\"@id\":\"https:\\\/\\\/medicinasinc.com\\\/da\\\/#website\"},\"primaryImageOfPage\":{\"@id\":\"https:\\\/\\\/medicinasinc.com\\\/da\\\/product\\\/kob-ikke-tyre-badesalt\\\/#primaryimage\"},\"image\":{\"@id\":\"https:\\\/\\\/medicinasinc.com\\\/da\\\/product\\\/kob-ikke-tyre-badesalt\\\/#primaryimage\"},\"thumbnailUrl\":\"https:\\\/\\\/medicinasinc.com\\\/da\\\/wp-content\\\/uploads\\\/sites\\\/8\\\/2022\\\/02\\\/Buy-No-Bull-Bath-Salt.jpg\",\"datePublished\":\"2022-02-22T04:07:27+00:00\",\"dateModified\":\"2022-03-20T00:29:29+00:00\",\"description\":\"K\u00f8b No Bull Bath Salt til salg i Storbritannien, Europa, AU. vi tilbyder den mest p\u00e5lidelige transaktion og s\u00e6lger til meget overkommelige priser. Bestil No Bull Bath Salt nu til de bedste priser\",\"breadcrumb\":{\"@id\":\"https:\\\/\\\/medicinasinc.com\\\/da\\\/product\\\/kob-ikke-tyre-badesalt\\\/#breadcrumb\"},\"inLanguage\":\"en-US\",\"potentialAction\":[{\"@type\":\"ReadAction\",\"target\":[\"https:\\\/\\\/medicinasinc.com\\\/da\\\/product\\\/kob-ikke-tyre-badesalt\\\/\"]}]},{\"@type\":\"ImageObject\",\"inLanguage\":\"en-US\",\"@id\":\"https:\\\/\\\/medicinasinc.com\\\/da\\\/product\\\/kob-ikke-tyre-badesalt\\\/#primaryimage\",\"url\":\"https:\\\/\\\/medicinasinc.com\\\/da\\\/wp-content\\\/uploads\\\/sites\\\/8\\\/2022\\\/02\\\/Buy-No-Bull-Bath-Salt.jpg\",\"contentUrl\":\"https:\\\/\\\/medicinasinc.com\\\/da\\\/wp-content\\\/uploads\\\/sites\\\/8\\\/2022\\\/02\\\/Buy-No-Bull-Bath-Salt.jpg\",\"width\":600,\"height\":600},{\"@type\":\"BreadcrumbList\",\"@id\":\"https:\\\/\\\/medicinasinc.com\\\/da\\\/product\\\/kob-ikke-tyre-badesalt\\\/#breadcrumb\",\"itemListElement\":[{\"@type\":\"ListItem\",\"position\":1,\"name\":\"Butik\",\"item\":\"https:\\\/\\\/medicinasinc.com\\\/da\\\/butik\\\/\"},{\"@type\":\"ListItem\",\"position\":2,\"name\":\"K\u00f8b No Bull Bath Salt\"}]},{\"@type\":\"WebSite\",\"@id\":\"https:\\\/\\\/medicinasinc.com\\\/da\\\/#website\",\"url\":\"https:\\\/\\\/medicinasinc.com\\\/da\\\/\",\"name\":\"Medicinas Inc\",\"description\":\"Health Medical Clinic\",\"potentialAction\":[{\"@type\":\"SearchAction\",\"target\":{\"@type\":\"EntryPoint\",\"urlTemplate\":\"https:\\\/\\\/medicinasinc.com\\\/da\\\/?s={search_term_string}\"},\"query-input\":{\"@type\":\"PropertyValueSpecification\",\"valueRequired\":true,\"valueName\":\"search_term_string\"}}],\"inLanguage\":\"en-US\"}]}<\/script>\n<!-- \/ Yoast SEO plugin. -->","yoast_head_json":{"title":"K\u00f8b No Bull Bath Salt - No Bull Bath Salt Online - Bedste globale medicin","description":"K\u00f8b No Bull Bath Salt til salg i Storbritannien, Europa, AU. vi tilbyder den mest p\u00e5lidelige transaktion og s\u00e6lger til meget overkommelige priser. Bestil No Bull Bath Salt nu til de bedste priser","robots":{"index":"index","follow":"follow","max-snippet":"max-snippet:-1","max-image-preview":"max-image-preview:large","max-video-preview":"max-video-preview:-1"},"canonical":"https:\/\/medicinasinc.com\/da\/product\/kob-ikke-tyre-badesalt\/","og_locale":"en_US","og_type":"article","og_title":"K\u00f8b No Bull Bath Salt - No Bull Bath Salt Online - Bedste globale medicin","og_description":"K\u00f8b No Bull Bath Salt til salg i Storbritannien, Europa, AU. vi tilbyder den mest p\u00e5lidelige transaktion og s\u00e6lger til meget overkommelige priser. Bestil No Bull Bath Salt nu til de bedste priser","og_url":"https:\/\/medicinasinc.com\/da\/product\/kob-ikke-tyre-badesalt\/","og_site_name":"Medicinas Inc","article_modified_time":"2022-03-20T00:29:29+00:00","og_image":[{"width":600,"height":600,"url":"https:\/\/medicinasinc.com\/da\/wp-content\/uploads\/sites\/8\/2022\/02\/Buy-No-Bull-Bath-Salt.jpg","type":"image\/jpeg"}],"twitter_card":"summary_large_image","twitter_misc":{"Est. reading time":"2 minutes"},"schema":{"@context":"https:\/\/schema.org","@graph":[{"@type":"WebPage","@id":"https:\/\/medicinasinc.com\/da\/product\/kob-ikke-tyre-badesalt\/","url":"https:\/\/medicinasinc.com\/da\/product\/kob-ikke-tyre-badesalt\/","name":"K\u00f8b No Bull Bath Salt - No Bull Bath Salt Online - Bedste globale medicin","isPartOf":{"@id":"https:\/\/medicinasinc.com\/da\/#website"},"primaryImageOfPage":{"@id":"https:\/\/medicinasinc.com\/da\/product\/kob-ikke-tyre-badesalt\/#primaryimage"},"image":{"@id":"https:\/\/medicinasinc.com\/da\/product\/kob-ikke-tyre-badesalt\/#primaryimage"},"thumbnailUrl":"https:\/\/medicinasinc.com\/da\/wp-content\/uploads\/sites\/8\/2022\/02\/Buy-No-Bull-Bath-Salt.jpg","datePublished":"2022-02-22T04:07:27+00:00","dateModified":"2022-03-20T00:29:29+00:00","description":"K\u00f8b No Bull Bath Salt til salg i Storbritannien, Europa, AU. vi tilbyder den mest p\u00e5lidelige transaktion og s\u00e6lger til meget overkommelige priser. Bestil No Bull Bath Salt nu til de bedste priser","breadcrumb":{"@id":"https:\/\/medicinasinc.com\/da\/product\/kob-ikke-tyre-badesalt\/#breadcrumb"},"inLanguage":"en-US","potentialAction":[{"@type":"ReadAction","target":["https:\/\/medicinasinc.com\/da\/product\/kob-ikke-tyre-badesalt\/"]}]},{"@type":"ImageObject","inLanguage":"en-US","@id":"https:\/\/medicinasinc.com\/da\/product\/kob-ikke-tyre-badesalt\/#primaryimage","url":"https:\/\/medicinasinc.com\/da\/wp-content\/uploads\/sites\/8\/2022\/02\/Buy-No-Bull-Bath-Salt.jpg","contentUrl":"https:\/\/medicinasinc.com\/da\/wp-content\/uploads\/sites\/8\/2022\/02\/Buy-No-Bull-Bath-Salt.jpg","width":600,"height":600},{"@type":"BreadcrumbList","@id":"https:\/\/medicinasinc.com\/da\/product\/kob-ikke-tyre-badesalt\/#breadcrumb","itemListElement":[{"@type":"ListItem","position":1,"name":"Butik","item":"https:\/\/medicinasinc.com\/da\/butik\/"},{"@type":"ListItem","position":2,"name":"K\u00f8b No Bull Bath Salt"}]},{"@type":"WebSite","@id":"https:\/\/medicinasinc.com\/da\/#website","url":"https:\/\/medicinasinc.com\/da\/","name":"Medicinas Inc","description":"Health Medical Clinic","potentialAction":[{"@type":"SearchAction","target":{"@type":"EntryPoint","urlTemplate":"https:\/\/medicinasinc.com\/da\/?s={search_term_string}"},"query-input":{"@type":"PropertyValueSpecification","valueRequired":true,"valueName":"search_term_string"}}],"inLanguage":"en-US"}]}},"_links":{"self":[{"href":"https:\/\/medicinasinc.com\/da\/wp-json\/wp\/v2\/product\/5682","targetHints":{"allow":["GET"]}}],"collection":[{"href":"https:\/\/medicinasinc.com\/da\/wp-json\/wp\/v2\/product"}],"about":[{"href":"https:\/\/medicinasinc.com\/da\/wp-json\/wp\/v2\/types\/product"}],"replies":[{"embeddable":true,"href":"https:\/\/medicinasinc.com\/da\/wp-json\/wp\/v2\/comments?post=5682"}],"wp:featuredmedia":[{"embeddable":true,"href":"https:\/\/medicinasinc.com\/da\/wp-json\/wp\/v2\/media\/5693"}],"wp:attachment":[{"href":"https:\/\/medicinasinc.com\/da\/wp-json\/wp\/v2\/media?parent=5682"}],"wp:term":[{"taxonomy":"product_brand","embeddable":true,"href":"https:\/\/medicinasinc.com\/da\/wp-json\/wp\/v2\/product_brand?post=5682"},{"taxonomy":"product_cat","embeddable":true,"href":"https:\/\/medicinasinc.com\/da\/wp-json\/wp\/v2\/product_cat?post=5682"},{"taxonomy":"product_tag","embeddable":true,"href":"https:\/\/medicinasinc.com\/da\/wp-json\/wp\/v2\/product_tag?post=5682"}],"curies":[{"name":"wp","href":"https:\/\/api.w.org\/{rel}","templated":true}]}}