{"id":5677,"date":"2022-02-22T04:00:21","date_gmt":"2022-02-22T04:00:21","guid":{"rendered":"https:\/\/medicinasinc.com\/da\/?post_type=product&#038;p=5677"},"modified":"2022-03-20T00:29:38","modified_gmt":"2022-03-20T00:29:38","slug":"kobe-methoxetamin","status":"publish","type":"product","link":"https:\/\/medicinasinc.com\/da\/product\/kobe-methoxetamin\/","title":{"rendered":"K\u00f8b Methoxetamin"},"content":{"rendered":"<p>Methoxetamine MXE Til salg p\u00e5 internettet<\/p>\n<p>Ved du, hvad det er?<\/p>\n<p>Dissociativt hallucinogen Methoxetamine MXE Online, forkortet til MXE, er blevet solgt som et designerstof. Dissociativer som ketamin og phencyclidin (PCP), der var beregnet til medicinsk brug som bed\u00f8velsesmidler, blev skabt til det farmaceutiske marked. Det er muligt at k\u00f8be methoxetamin online eller fra lokale forhandlere. Til salg er Methoxetamine MXE-pulver, som kan k\u00f8bes til en lav pris eller k\u00f8bes i l\u00f8s v\u00e6gt til en h\u00f8jere pris.<\/p>\n<p>Methoxetamin (MXE), et hallucinogen og bed\u00f8velsesmiddel, der fungerer som en antagonist p\u00e5 NMDA-receptoren , er relateret til veterin\u00e6rmedicinen ketamin. Methoxetamins virkninger h\u00e6vdes at v\u00e6re mere st\u00e6rke og langvarige end ketamins, hvilket g\u00f8r det til en ideel mulighed for studerende, der forsker i dette stof. Methoxetamin er tilg\u00e6ngelig fra BAC udelukkende til forskningsform\u00e5l. MXE Methoxetamin Online uden recept<\/p>\n<p>Methoxetamin er et popul\u00e6rt stof, og mange individer leder efter m\u00e5der at f\u00e5 fat i det uden at forlade deres hjem. Som f\u00f8lge heraf kr\u00e6ver de betalings- og leveringsmuligheder, der er s\u00e5 enkle som muligt. De er dog hovedsageligt bekymrede for at forblive uopdaget. Du kan dog k\u00f8be methoxetamin anonymt og sikkert her ved at sende penge med kreditkort. At sende penge ved hj\u00e6lp af Western Union eller Money Gram er en enkel m\u00e5de at opn\u00e5 dette p\u00e5. Vi vil dog gerne se p\u00e5 diskrethed. Som et resultat mener vi, at Bitcoin er det ideelle betalingsmiddel. G\u00e5 videre og afgiv din ordre nu, og send os en bekr\u00e6ftelse, n\u00e5r du er f\u00e6rdig.<\/p>\n<p>Methoxetamine MXE Til salg p\u00e5 internettet<\/p>\n<p>Som en velrenommeret leverand\u00f8r af forskningskemikalier og l\u00e6gemidler, vores kemikaliebutik har sendt til n\u00e6sten alle lande i verden. Af hensyn til vores kunders bekvemmelighed tager vi ogs\u00e5 bitcoin og gavekort. Nedenfor er et par af vores mest popul\u00e6re varer.<\/p>\n<p>MXE-pulver p\u00e5 markedet til salg<br \/> K\u00f8b 25 I-NBOMe online.<br \/> A-PVP-krystaller kan k\u00f8bes<br \/> Actavis promethazin med kodein 32 oz kan k\u00f8bes.<br \/> AB-PINACA kan k\u00f8bes online.<br \/> Adderall online uden recept<br \/> K\u00f8b AK-B48<br \/> K\u00f8b amfetamin i pulverform.<br \/> Butylone krystaller til salg<\/p>\n","protected":false},"excerpt":{"rendered":"<p>K\u00f8b Methoxetamine MXE til salg i Storbritannien, Europa, AU. vi tilbyder den mest p\u00e5lidelige transaktion og s\u00e6lger til meget overkommelige priser. Bestil Methoxetamine MXE nu til de bedste priser<\/p>\n<p>Folk kan k\u00f8be Methoxetamine MXE til salg i Storbritannien. Folk, der k\u00f8ber hos os, kan v\u00e6re sikre p\u00e5, at de f\u00e5r, hvad de betaler for. Methoxetamine MXE kan k\u00f8bes nu til de bedste priser.<\/p>\n<p>K\u00f8b methoxetamin online, bestil den bedste MXE 99 procent ren overnatning, og find ud af, hvor du kan k\u00f8be methoxetamin med et kreditkort. MXE-prisen.<\/p>\n<p>Methoxetamin er et l\u00e6gemiddel, der bruges til at behandle smerter. Et hallucinogen kaldet Methoxetamine MXE, eller forkortet MXE, er blevet solgt som et &#8220;designerstof.&#8221;<\/p>\n","protected":false},"featured_media":5687,"comment_status":"open","ping_status":"closed","template":"","meta":[],"product_brand":[],"product_cat":[2014],"product_tag":[3524,3283,3544,3525,3526,3527,3531,3532,3546,3547,3528,3529,3530,3545,3533,3534,3535,3538,3536,3537,3539,3542,3541,3543,3540],"class_list":{"0":"post-5677","1":"product","2":"type-product","3":"status-publish","4":"has-post-thumbnail","6":"product_cat-kb-forskningskemikalier","7":"product_tag-bedste-mxe-leverandr","8":"product_tag-bedste-sted-at-kbe-mxe","9":"product_tag-bestil-methoxetamin-online","10":"product_tag-buy-methoxetamine","11":"product_tag-buy-methoxetamine-mxe-online","12":"product_tag-buy-methoxetamine-online","13":"product_tag-buy-mxe-united-states","14":"product_tag-buy-research-chemicals-methoxetamine","15":"product_tag-hvor-kan-jeg-kbe-mxe","16":"product_tag-hvor-kan-kbes-mxe-online","17":"product_tag-kb-mxe-1g","18":"product_tag-kb-mxe-online","19":"product_tag-kb-mxe-forskningskemikalie","20":"product_tag-kbe-methoxetamin","21":"product_tag-methoxetamin-til-salg","22":"product_tag-metoxetamin-online","23":"product_tag-mxe","24":"product_tag-mxe-drug-for-sale","25":"product_tag-mxe-kb","26":"product_tag-mxe-kb-online","27":"product_tag-mxe-drug-info","28":"product_tag-mxe-methoxetamin-erowid","29":"product_tag-mxe-methoxetamin","30":"product_tag-mxe-leverandr","31":"product_tag-mxe-til-salg","33":"first","34":"instock","35":"shipping-taxable","36":"purchasable","37":"product-type-variable","38":"has-default-attributes"},"yoast_head":"<!-- This site is optimized with the Yoast SEO plugin v27.3 - https:\/\/yoast.com\/product\/yoast-seo-wordpress\/ -->\n<title>K\u00f8b Methoxetamin - Methoxetamin - Bedste globale medicin<\/title>\n<meta name=\"description\" content=\"K\u00f8b Methoxetamine MXE til salg i Storbritannien, Europa, AU. vi tilbyder den mest p\u00e5lidelige transaktion og s\u00e6lger til meget overkommelige priser. Bestil Methoxetamine MXE nu til de bedste priser\" \/>\n<meta name=\"robots\" content=\"index, follow, max-snippet:-1, max-image-preview:large, max-video-preview:-1\" \/>\n<link rel=\"canonical\" href=\"https:\/\/medicinasinc.com\/da\/product\/kobe-methoxetamin\/\" \/>\n<meta property=\"og:locale\" content=\"en_US\" \/>\n<meta property=\"og:type\" content=\"article\" \/>\n<meta property=\"og:title\" content=\"K\u00f8b Methoxetamin - Methoxetamin - Bedste globale medicin\" \/>\n<meta property=\"og:description\" content=\"K\u00f8b Methoxetamine MXE til salg i Storbritannien, Europa, AU. vi tilbyder den mest p\u00e5lidelige transaktion og s\u00e6lger til meget overkommelige priser. Bestil Methoxetamine MXE nu til de bedste priser\" \/>\n<meta property=\"og:url\" content=\"https:\/\/medicinasinc.com\/da\/product\/kobe-methoxetamin\/\" \/>\n<meta property=\"og:site_name\" content=\"Medicinas Inc\" \/>\n<meta property=\"article:modified_time\" content=\"2022-03-20T00:29:38+00:00\" \/>\n<meta property=\"og:image\" content=\"https:\/\/medicinasinc.com\/da\/wp-content\/uploads\/sites\/8\/2022\/02\/Buy-Methoxetamine.webp\" \/>\n\t<meta property=\"og:image:width\" content=\"750\" \/>\n\t<meta property=\"og:image:height\" content=\"461\" \/>\n\t<meta property=\"og:image:type\" content=\"image\/webp\" \/>\n<meta name=\"twitter:card\" content=\"summary_large_image\" \/>\n<meta name=\"twitter:label1\" content=\"Est. reading time\" \/>\n\t<meta name=\"twitter:data1\" content=\"2 minutes\" \/>\n<script type=\"application\/ld+json\" class=\"yoast-schema-graph\">{\"@context\":\"https:\\\/\\\/schema.org\",\"@graph\":[{\"@type\":\"WebPage\",\"@id\":\"https:\\\/\\\/medicinasinc.com\\\/da\\\/product\\\/kobe-methoxetamin\\\/\",\"url\":\"https:\\\/\\\/medicinasinc.com\\\/da\\\/product\\\/kobe-methoxetamin\\\/\",\"name\":\"K\u00f8b Methoxetamin - Methoxetamin - Bedste globale medicin\",\"isPartOf\":{\"@id\":\"https:\\\/\\\/medicinasinc.com\\\/da\\\/#website\"},\"primaryImageOfPage\":{\"@id\":\"https:\\\/\\\/medicinasinc.com\\\/da\\\/product\\\/kobe-methoxetamin\\\/#primaryimage\"},\"image\":{\"@id\":\"https:\\\/\\\/medicinasinc.com\\\/da\\\/product\\\/kobe-methoxetamin\\\/#primaryimage\"},\"thumbnailUrl\":\"https:\\\/\\\/medicinasinc.com\\\/da\\\/wp-content\\\/uploads\\\/sites\\\/8\\\/2022\\\/02\\\/Buy-Methoxetamine.webp\",\"datePublished\":\"2022-02-22T04:00:21+00:00\",\"dateModified\":\"2022-03-20T00:29:38+00:00\",\"description\":\"K\u00f8b Methoxetamine MXE til salg i Storbritannien, Europa, AU. vi tilbyder den mest p\u00e5lidelige transaktion og s\u00e6lger til meget overkommelige priser. Bestil Methoxetamine MXE nu til de bedste priser\",\"breadcrumb\":{\"@id\":\"https:\\\/\\\/medicinasinc.com\\\/da\\\/product\\\/kobe-methoxetamin\\\/#breadcrumb\"},\"inLanguage\":\"en-US\",\"potentialAction\":[{\"@type\":\"ReadAction\",\"target\":[\"https:\\\/\\\/medicinasinc.com\\\/da\\\/product\\\/kobe-methoxetamin\\\/\"]}]},{\"@type\":\"ImageObject\",\"inLanguage\":\"en-US\",\"@id\":\"https:\\\/\\\/medicinasinc.com\\\/da\\\/product\\\/kobe-methoxetamin\\\/#primaryimage\",\"url\":\"https:\\\/\\\/medicinasinc.com\\\/da\\\/wp-content\\\/uploads\\\/sites\\\/8\\\/2022\\\/02\\\/Buy-Methoxetamine.webp\",\"contentUrl\":\"https:\\\/\\\/medicinasinc.com\\\/da\\\/wp-content\\\/uploads\\\/sites\\\/8\\\/2022\\\/02\\\/Buy-Methoxetamine.webp\",\"width\":750,\"height\":461},{\"@type\":\"BreadcrumbList\",\"@id\":\"https:\\\/\\\/medicinasinc.com\\\/da\\\/product\\\/kobe-methoxetamin\\\/#breadcrumb\",\"itemListElement\":[{\"@type\":\"ListItem\",\"position\":1,\"name\":\"Butik\",\"item\":\"https:\\\/\\\/medicinasinc.com\\\/da\\\/butik\\\/\"},{\"@type\":\"ListItem\",\"position\":2,\"name\":\"K\u00f8b Methoxetamin\"}]},{\"@type\":\"WebSite\",\"@id\":\"https:\\\/\\\/medicinasinc.com\\\/da\\\/#website\",\"url\":\"https:\\\/\\\/medicinasinc.com\\\/da\\\/\",\"name\":\"Medicinas Inc\",\"description\":\"Health Medical Clinic\",\"potentialAction\":[{\"@type\":\"SearchAction\",\"target\":{\"@type\":\"EntryPoint\",\"urlTemplate\":\"https:\\\/\\\/medicinasinc.com\\\/da\\\/?s={search_term_string}\"},\"query-input\":{\"@type\":\"PropertyValueSpecification\",\"valueRequired\":true,\"valueName\":\"search_term_string\"}}],\"inLanguage\":\"en-US\"}]}<\/script>\n<!-- \/ Yoast SEO plugin. -->","yoast_head_json":{"title":"K\u00f8b Methoxetamin - Methoxetamin - Bedste globale medicin","description":"K\u00f8b Methoxetamine MXE til salg i Storbritannien, Europa, AU. vi tilbyder den mest p\u00e5lidelige transaktion og s\u00e6lger til meget overkommelige priser. Bestil Methoxetamine MXE nu til de bedste priser","robots":{"index":"index","follow":"follow","max-snippet":"max-snippet:-1","max-image-preview":"max-image-preview:large","max-video-preview":"max-video-preview:-1"},"canonical":"https:\/\/medicinasinc.com\/da\/product\/kobe-methoxetamin\/","og_locale":"en_US","og_type":"article","og_title":"K\u00f8b Methoxetamin - Methoxetamin - Bedste globale medicin","og_description":"K\u00f8b Methoxetamine MXE til salg i Storbritannien, Europa, AU. vi tilbyder den mest p\u00e5lidelige transaktion og s\u00e6lger til meget overkommelige priser. Bestil Methoxetamine MXE nu til de bedste priser","og_url":"https:\/\/medicinasinc.com\/da\/product\/kobe-methoxetamin\/","og_site_name":"Medicinas Inc","article_modified_time":"2022-03-20T00:29:38+00:00","og_image":[{"width":750,"height":461,"url":"https:\/\/medicinasinc.com\/da\/wp-content\/uploads\/sites\/8\/2022\/02\/Buy-Methoxetamine.webp","type":"image\/webp"}],"twitter_card":"summary_large_image","twitter_misc":{"Est. reading time":"2 minutes"},"schema":{"@context":"https:\/\/schema.org","@graph":[{"@type":"WebPage","@id":"https:\/\/medicinasinc.com\/da\/product\/kobe-methoxetamin\/","url":"https:\/\/medicinasinc.com\/da\/product\/kobe-methoxetamin\/","name":"K\u00f8b Methoxetamin - Methoxetamin - Bedste globale medicin","isPartOf":{"@id":"https:\/\/medicinasinc.com\/da\/#website"},"primaryImageOfPage":{"@id":"https:\/\/medicinasinc.com\/da\/product\/kobe-methoxetamin\/#primaryimage"},"image":{"@id":"https:\/\/medicinasinc.com\/da\/product\/kobe-methoxetamin\/#primaryimage"},"thumbnailUrl":"https:\/\/medicinasinc.com\/da\/wp-content\/uploads\/sites\/8\/2022\/02\/Buy-Methoxetamine.webp","datePublished":"2022-02-22T04:00:21+00:00","dateModified":"2022-03-20T00:29:38+00:00","description":"K\u00f8b Methoxetamine MXE til salg i Storbritannien, Europa, AU. vi tilbyder den mest p\u00e5lidelige transaktion og s\u00e6lger til meget overkommelige priser. Bestil Methoxetamine MXE nu til de bedste priser","breadcrumb":{"@id":"https:\/\/medicinasinc.com\/da\/product\/kobe-methoxetamin\/#breadcrumb"},"inLanguage":"en-US","potentialAction":[{"@type":"ReadAction","target":["https:\/\/medicinasinc.com\/da\/product\/kobe-methoxetamin\/"]}]},{"@type":"ImageObject","inLanguage":"en-US","@id":"https:\/\/medicinasinc.com\/da\/product\/kobe-methoxetamin\/#primaryimage","url":"https:\/\/medicinasinc.com\/da\/wp-content\/uploads\/sites\/8\/2022\/02\/Buy-Methoxetamine.webp","contentUrl":"https:\/\/medicinasinc.com\/da\/wp-content\/uploads\/sites\/8\/2022\/02\/Buy-Methoxetamine.webp","width":750,"height":461},{"@type":"BreadcrumbList","@id":"https:\/\/medicinasinc.com\/da\/product\/kobe-methoxetamin\/#breadcrumb","itemListElement":[{"@type":"ListItem","position":1,"name":"Butik","item":"https:\/\/medicinasinc.com\/da\/butik\/"},{"@type":"ListItem","position":2,"name":"K\u00f8b Methoxetamin"}]},{"@type":"WebSite","@id":"https:\/\/medicinasinc.com\/da\/#website","url":"https:\/\/medicinasinc.com\/da\/","name":"Medicinas Inc","description":"Health Medical Clinic","potentialAction":[{"@type":"SearchAction","target":{"@type":"EntryPoint","urlTemplate":"https:\/\/medicinasinc.com\/da\/?s={search_term_string}"},"query-input":{"@type":"PropertyValueSpecification","valueRequired":true,"valueName":"search_term_string"}}],"inLanguage":"en-US"}]}},"_links":{"self":[{"href":"https:\/\/medicinasinc.com\/da\/wp-json\/wp\/v2\/product\/5677","targetHints":{"allow":["GET"]}}],"collection":[{"href":"https:\/\/medicinasinc.com\/da\/wp-json\/wp\/v2\/product"}],"about":[{"href":"https:\/\/medicinasinc.com\/da\/wp-json\/wp\/v2\/types\/product"}],"replies":[{"embeddable":true,"href":"https:\/\/medicinasinc.com\/da\/wp-json\/wp\/v2\/comments?post=5677"}],"wp:featuredmedia":[{"embeddable":true,"href":"https:\/\/medicinasinc.com\/da\/wp-json\/wp\/v2\/media\/5687"}],"wp:attachment":[{"href":"https:\/\/medicinasinc.com\/da\/wp-json\/wp\/v2\/media?parent=5677"}],"wp:term":[{"taxonomy":"product_brand","embeddable":true,"href":"https:\/\/medicinasinc.com\/da\/wp-json\/wp\/v2\/product_brand?post=5677"},{"taxonomy":"product_cat","embeddable":true,"href":"https:\/\/medicinasinc.com\/da\/wp-json\/wp\/v2\/product_cat?post=5677"},{"taxonomy":"product_tag","embeddable":true,"href":"https:\/\/medicinasinc.com\/da\/wp-json\/wp\/v2\/product_tag?post=5677"}],"curies":[{"name":"wp","href":"https:\/\/api.w.org\/{rel}","templated":true}]}}