{"id":5673,"date":"2022-02-22T03:54:58","date_gmt":"2022-02-22T03:54:58","guid":{"rendered":"https:\/\/medicinasinc.com\/da\/?post_type=product&#038;p=5673"},"modified":"2022-03-20T00:29:45","modified_gmt":"2022-03-20T00:29:45","slug":"kob-alprox-2mg-piller-xanax","status":"publish","type":"product","link":"https:\/\/medicinasinc.com\/da\/product\/kob-alprox-2mg-piller-xanax\/","title":{"rendered":"K\u00f8b Alprox 2mg piller (Xanax)"},"content":{"rendered":"<p>Folk, der \u00f8nsker at k\u00f8be billig 2mg XANAX online, b\u00f8r kigge efter dem. Bestil XANAX 2mg fra Global Home Med til en lav pris og f\u00e5 det leveret lige til d\u00f8ren!<\/p>\n<p>Alprazolam kan k\u00f8bes i Storbritannien, s\u00e5 du kan g\u00f8re det. Et m\u00e6rke af Xanax kaldet Alprazolam har 2mg af stof i det. Det er mere kraftfuldt i Storbritannien at tage 2 mg tabletten af \u200b\u200bdenne gode angstmedicin.<\/p>\n<p>Folk, der \u00f8nsker at k\u00f8be Xanax, kan k\u00f8be det online. Xanax barer til salg \u2013 K\u00f8b xanax 2mg online \u2013 k\u00f8b xanax 1mg online \u2013<\/p>\n<p>Xanax kan f\u00e5 dig til at f\u00f8le dig d\u00f8sig og rolig, s\u00e5 du f\u00f8ler dig afslappet og tryg.<\/p>\n<p>K\u00f8b Xanax 2Mg i England. Bestil Xanax Overnight p\u00e5 en m\u00e5de, der giver mening. Fussy Wilburn detonerer sit K\u00f8b Xanax Online Reddit-sublimeringstilbud.<\/p>\n<p>Folk kan k\u00f8be billigt Xanax uden en l\u00e6geerkl\u00e6ring. N\u00e5r du k\u00f8ber zoloft online, kan du finde det p\u00e5 de bedste online-apoteker. Du kan ogs\u00e5 k\u00f8be billige xanax og phentermin online. P\u00e5 dette billede kan du se generiske Xanax 2mg barer, der ligner den \u00e6gte vare.<\/p>\n<p>For at behandle panikangst og angst, k\u00f8b Xanax 2mg Alprazolam 0,5mg, 1mg eller 2mg Tablet bruges. Mennesker, der er bange og stressede, kan v\u00e6re meget bange og stressede. Det er bedst at starte med en lille m\u00e6ngde og derefter gradvist \u00f8ge m\u00e6ngden. Stop ikke med at tage denne medicin med det samme, fordi det kan for\u00e5rsage abstinenssymptomer som kramper, aggressiv adf\u00e6rd, sl\u00f8ret syn og mere, som n\u00e5r du holder op med at tage det.<\/p>\n<p>Tag Alprazolam 0,5 MG tabletten med eller uden mad, men spis ikke noget, f\u00f8r du tager det. Indtag ikke mere end l\u00e6gen har bedt dig om. Hvis du har nogle d\u00e5rlige bivirkninger, skal du kontakte din l\u00e6ge. S\u00f8rg for at tale med din l\u00e6ge, f\u00f8r du holder op med at tage medicinen, fordi det kan f\u00e5 dig til at f\u00f8le dig d\u00e5rlig.<\/p>\n<p>Den m\u00e5de, det virker p\u00e5<br \/> Denne medicin binder sig til kloridkanalerne og tillader kloridioner at str\u00f8mme Dette f\u00e5r neurons membran til at blive mere stabil og hyperpolariseret, hvilket forhindrer cellen i at blive mere ophidset.<\/p>\n","protected":false},"excerpt":{"rendered":"<p>K\u00f8b Alprox xanax 2mg piller til salg i Storbritannien, Europa. k\u00f8b Alprox online, k\u00f8b xanax online, k\u00f8b online alprox, k\u00f8b xanax, Alprox 2mg, hvor kan jeg k\u00f8be alprox online.<\/p>\n<p>Online kan du k\u00f8be Alprox 2mg piller til salg til en lav pris (Xanax). I dette tilf\u00e6lde kan du f\u00e5 Alprox online. Du kan ogs\u00e5 f\u00e5 det online, k\u00f8be Alprox online, f\u00e5 xanax online og finde ud af, hvor du kan f\u00e5 det fra.<\/p>\n<p>Du kan k\u00f8be Alprazolam Xanax 2 mg tabletter fra vores globale medicinbutik og f\u00e5 dem leveret hurtigt til ethvert land i verden! Her finder du den bedste Alprazolam 2 MG Tablet, som du kan k\u00f8be.<\/p>\n<p>K\u00f8b Xanax 2 MG Tablet bruges til at behandle panikangst og angst, s\u00e5som pludselig ekstrem frygt og stress for\u00e5rsaget af stress. Det er bedst at starte med en lille m\u00e6ngde og derefter gradvist \u00f8ge m\u00e6ngden. Stop ikke med at tage denne medicin med det samme, da det kan for\u00e5rsage abstinenssymptomer som kramper, aggressiv adf\u00e6rd, sl\u00f8ret syn og mere, hvis du holder op med at tage det for hurtigt.<\/p>\n","protected":false},"featured_media":5683,"comment_status":"open","ping_status":"closed","template":"","meta":[],"product_brand":[],"product_cat":[1117],"product_tag":[1143,3502,1188,3507,3505,3506,1192,1182,1194,3508,1168,3503,3504,1189,3509,3510,3513,3514,3515,3516,3511,3512,3517,3519,3518,3521,3522,3520,3523],"class_list":{"0":"post-5673","1":"product","2":"type-product","3":"status-publish","4":"has-post-thumbnail","6":"product_cat-kob-smerte-sove-sex-piller","7":"product_tag-alprazolam-til-salg","8":"product_tag-best-shop-xanax-2-mg-uk","9":"product_tag-bestil-alprazolam-online","10":"product_tag-ordre-xanax-2-mg-uk","11":"product_tag-buy-xanax-2mg","12":"product_tag-buy-xanax-online","13":"product_tag-det-bedste-sted-at-kbe-alprazolam-online","14":"product_tag-how-to-buy-alprazolam-online","15":"product_tag-hvor-kan-kbes-alprazolam-online","16":"product_tag-hvor-kan-kbes-xanax-2-mg-uk","17":"product_tag-kb-alprazolam-online","18":"product_tag-kb-xanax-2-mg","19":"product_tag-kb-xanax-2-mg-uk","20":"product_tag-purchase-alprazolam-online","21":"product_tag-xanax-2-mg-effekt","22":"product_tag-xanax-2-mg-europe","23":"product_tag-xanax-2-mg-google","24":"product_tag-xanax-2-mg-online-uk","25":"product_tag-xanax-2-mg-pregnant-woman","26":"product_tag-xanax-2-mg-reddit","27":"product_tag-xanax-2-mg-til-salg","28":"product_tag-xanax-2-mg-til-salg-uk","29":"product_tag-xanax-2-mg-uk","30":"product_tag-xanax-2mg-effekt","31":"product_tag-xanax-2mg-kb","32":"product_tag-xanax-2mg-order","33":"product_tag-xanax-2mg-reddit","34":"product_tag-xanax-2mg-til-salg","35":"product_tag-xanax-bar-til-salg","37":"first","38":"instock","39":"shipping-taxable","40":"purchasable","41":"product-type-variable","42":"has-default-attributes"},"yoast_head":"<!-- This site is optimized with the Yoast SEO plugin v27.3 - https:\/\/yoast.com\/product\/yoast-seo-wordpress\/ -->\n<title>K\u00f8b Alprox 2 mg piller (Xanax) - Xanax 2 mg - Bedste globale medicin<\/title>\n<meta name=\"description\" content=\"K\u00f8b Alprox xanax 2mg piller til salg i Storbritannien, Europa. k\u00f8b Alprox online, k\u00f8b Xanax online, k\u00f8b Alprox online, k\u00f8b Xanax, Bestil Alprox 2mg, hvor kan jeg k\u00f8be Alprox online.\" \/>\n<meta name=\"robots\" content=\"index, follow, max-snippet:-1, max-image-preview:large, max-video-preview:-1\" \/>\n<link rel=\"canonical\" href=\"https:\/\/medicinasinc.com\/da\/product\/kob-alprox-2mg-piller-xanax\/\" \/>\n<meta property=\"og:locale\" content=\"en_US\" \/>\n<meta property=\"og:type\" content=\"article\" \/>\n<meta property=\"og:title\" content=\"K\u00f8b Alprox 2 mg piller (Xanax) - Xanax 2 mg - Bedste globale medicin\" \/>\n<meta property=\"og:description\" content=\"K\u00f8b Alprox xanax 2mg piller til salg i Storbritannien, Europa. k\u00f8b Alprox online, k\u00f8b Xanax online, k\u00f8b Alprox online, k\u00f8b Xanax, Bestil Alprox 2mg, hvor kan jeg k\u00f8be Alprox online.\" \/>\n<meta property=\"og:url\" content=\"https:\/\/medicinasinc.com\/da\/product\/kob-alprox-2mg-piller-xanax\/\" \/>\n<meta property=\"og:site_name\" content=\"Medicinas Inc\" \/>\n<meta property=\"article:modified_time\" content=\"2022-03-20T00:29:45+00:00\" \/>\n<meta property=\"og:image\" content=\"https:\/\/medicinasinc.com\/da\/wp-content\/uploads\/sites\/8\/2022\/02\/Buy-xanax-2-mg.jpg\" \/>\n\t<meta property=\"og:image:width\" content=\"400\" \/>\n\t<meta property=\"og:image:height\" content=\"350\" \/>\n\t<meta property=\"og:image:type\" content=\"image\/jpeg\" \/>\n<meta name=\"twitter:card\" content=\"summary_large_image\" \/>\n<meta name=\"twitter:label1\" content=\"Est. reading time\" \/>\n\t<meta name=\"twitter:data1\" content=\"2 minutes\" \/>\n<script type=\"application\/ld+json\" class=\"yoast-schema-graph\">{\"@context\":\"https:\\\/\\\/schema.org\",\"@graph\":[{\"@type\":\"WebPage\",\"@id\":\"https:\\\/\\\/medicinasinc.com\\\/da\\\/product\\\/kob-alprox-2mg-piller-xanax\\\/\",\"url\":\"https:\\\/\\\/medicinasinc.com\\\/da\\\/product\\\/kob-alprox-2mg-piller-xanax\\\/\",\"name\":\"K\u00f8b Alprox 2 mg piller (Xanax) - Xanax 2 mg - Bedste globale medicin\",\"isPartOf\":{\"@id\":\"https:\\\/\\\/medicinasinc.com\\\/da\\\/#website\"},\"primaryImageOfPage\":{\"@id\":\"https:\\\/\\\/medicinasinc.com\\\/da\\\/product\\\/kob-alprox-2mg-piller-xanax\\\/#primaryimage\"},\"image\":{\"@id\":\"https:\\\/\\\/medicinasinc.com\\\/da\\\/product\\\/kob-alprox-2mg-piller-xanax\\\/#primaryimage\"},\"thumbnailUrl\":\"https:\\\/\\\/medicinasinc.com\\\/da\\\/wp-content\\\/uploads\\\/sites\\\/8\\\/2022\\\/02\\\/Buy-xanax-2-mg.jpg\",\"datePublished\":\"2022-02-22T03:54:58+00:00\",\"dateModified\":\"2022-03-20T00:29:45+00:00\",\"description\":\"K\u00f8b Alprox xanax 2mg piller til salg i Storbritannien, Europa. k\u00f8b Alprox online, k\u00f8b Xanax online, k\u00f8b Alprox online, k\u00f8b Xanax, Bestil Alprox 2mg, hvor kan jeg k\u00f8be Alprox online.\",\"breadcrumb\":{\"@id\":\"https:\\\/\\\/medicinasinc.com\\\/da\\\/product\\\/kob-alprox-2mg-piller-xanax\\\/#breadcrumb\"},\"inLanguage\":\"en-US\",\"potentialAction\":[{\"@type\":\"ReadAction\",\"target\":[\"https:\\\/\\\/medicinasinc.com\\\/da\\\/product\\\/kob-alprox-2mg-piller-xanax\\\/\"]}]},{\"@type\":\"ImageObject\",\"inLanguage\":\"en-US\",\"@id\":\"https:\\\/\\\/medicinasinc.com\\\/da\\\/product\\\/kob-alprox-2mg-piller-xanax\\\/#primaryimage\",\"url\":\"https:\\\/\\\/medicinasinc.com\\\/da\\\/wp-content\\\/uploads\\\/sites\\\/8\\\/2022\\\/02\\\/Buy-xanax-2-mg.jpg\",\"contentUrl\":\"https:\\\/\\\/medicinasinc.com\\\/da\\\/wp-content\\\/uploads\\\/sites\\\/8\\\/2022\\\/02\\\/Buy-xanax-2-mg.jpg\",\"width\":400,\"height\":350},{\"@type\":\"BreadcrumbList\",\"@id\":\"https:\\\/\\\/medicinasinc.com\\\/da\\\/product\\\/kob-alprox-2mg-piller-xanax\\\/#breadcrumb\",\"itemListElement\":[{\"@type\":\"ListItem\",\"position\":1,\"name\":\"Butik\",\"item\":\"https:\\\/\\\/medicinasinc.com\\\/da\\\/butik\\\/\"},{\"@type\":\"ListItem\",\"position\":2,\"name\":\"K\u00f8b Alprox 2mg piller (Xanax)\"}]},{\"@type\":\"WebSite\",\"@id\":\"https:\\\/\\\/medicinasinc.com\\\/da\\\/#website\",\"url\":\"https:\\\/\\\/medicinasinc.com\\\/da\\\/\",\"name\":\"Medicinas Inc\",\"description\":\"Health Medical Clinic\",\"potentialAction\":[{\"@type\":\"SearchAction\",\"target\":{\"@type\":\"EntryPoint\",\"urlTemplate\":\"https:\\\/\\\/medicinasinc.com\\\/da\\\/?s={search_term_string}\"},\"query-input\":{\"@type\":\"PropertyValueSpecification\",\"valueRequired\":true,\"valueName\":\"search_term_string\"}}],\"inLanguage\":\"en-US\"}]}<\/script>\n<!-- \/ Yoast SEO plugin. -->","yoast_head_json":{"title":"K\u00f8b Alprox 2 mg piller (Xanax) - Xanax 2 mg - Bedste globale medicin","description":"K\u00f8b Alprox xanax 2mg piller til salg i Storbritannien, Europa. k\u00f8b Alprox online, k\u00f8b Xanax online, k\u00f8b Alprox online, k\u00f8b Xanax, Bestil Alprox 2mg, hvor kan jeg k\u00f8be Alprox online.","robots":{"index":"index","follow":"follow","max-snippet":"max-snippet:-1","max-image-preview":"max-image-preview:large","max-video-preview":"max-video-preview:-1"},"canonical":"https:\/\/medicinasinc.com\/da\/product\/kob-alprox-2mg-piller-xanax\/","og_locale":"en_US","og_type":"article","og_title":"K\u00f8b Alprox 2 mg piller (Xanax) - Xanax 2 mg - Bedste globale medicin","og_description":"K\u00f8b Alprox xanax 2mg piller til salg i Storbritannien, Europa. k\u00f8b Alprox online, k\u00f8b Xanax online, k\u00f8b Alprox online, k\u00f8b Xanax, Bestil Alprox 2mg, hvor kan jeg k\u00f8be Alprox online.","og_url":"https:\/\/medicinasinc.com\/da\/product\/kob-alprox-2mg-piller-xanax\/","og_site_name":"Medicinas Inc","article_modified_time":"2022-03-20T00:29:45+00:00","og_image":[{"width":400,"height":350,"url":"https:\/\/medicinasinc.com\/da\/wp-content\/uploads\/sites\/8\/2022\/02\/Buy-xanax-2-mg.jpg","type":"image\/jpeg"}],"twitter_card":"summary_large_image","twitter_misc":{"Est. reading time":"2 minutes"},"schema":{"@context":"https:\/\/schema.org","@graph":[{"@type":"WebPage","@id":"https:\/\/medicinasinc.com\/da\/product\/kob-alprox-2mg-piller-xanax\/","url":"https:\/\/medicinasinc.com\/da\/product\/kob-alprox-2mg-piller-xanax\/","name":"K\u00f8b Alprox 2 mg piller (Xanax) - Xanax 2 mg - Bedste globale medicin","isPartOf":{"@id":"https:\/\/medicinasinc.com\/da\/#website"},"primaryImageOfPage":{"@id":"https:\/\/medicinasinc.com\/da\/product\/kob-alprox-2mg-piller-xanax\/#primaryimage"},"image":{"@id":"https:\/\/medicinasinc.com\/da\/product\/kob-alprox-2mg-piller-xanax\/#primaryimage"},"thumbnailUrl":"https:\/\/medicinasinc.com\/da\/wp-content\/uploads\/sites\/8\/2022\/02\/Buy-xanax-2-mg.jpg","datePublished":"2022-02-22T03:54:58+00:00","dateModified":"2022-03-20T00:29:45+00:00","description":"K\u00f8b Alprox xanax 2mg piller til salg i Storbritannien, Europa. k\u00f8b Alprox online, k\u00f8b Xanax online, k\u00f8b Alprox online, k\u00f8b Xanax, Bestil Alprox 2mg, hvor kan jeg k\u00f8be Alprox online.","breadcrumb":{"@id":"https:\/\/medicinasinc.com\/da\/product\/kob-alprox-2mg-piller-xanax\/#breadcrumb"},"inLanguage":"en-US","potentialAction":[{"@type":"ReadAction","target":["https:\/\/medicinasinc.com\/da\/product\/kob-alprox-2mg-piller-xanax\/"]}]},{"@type":"ImageObject","inLanguage":"en-US","@id":"https:\/\/medicinasinc.com\/da\/product\/kob-alprox-2mg-piller-xanax\/#primaryimage","url":"https:\/\/medicinasinc.com\/da\/wp-content\/uploads\/sites\/8\/2022\/02\/Buy-xanax-2-mg.jpg","contentUrl":"https:\/\/medicinasinc.com\/da\/wp-content\/uploads\/sites\/8\/2022\/02\/Buy-xanax-2-mg.jpg","width":400,"height":350},{"@type":"BreadcrumbList","@id":"https:\/\/medicinasinc.com\/da\/product\/kob-alprox-2mg-piller-xanax\/#breadcrumb","itemListElement":[{"@type":"ListItem","position":1,"name":"Butik","item":"https:\/\/medicinasinc.com\/da\/butik\/"},{"@type":"ListItem","position":2,"name":"K\u00f8b Alprox 2mg piller (Xanax)"}]},{"@type":"WebSite","@id":"https:\/\/medicinasinc.com\/da\/#website","url":"https:\/\/medicinasinc.com\/da\/","name":"Medicinas Inc","description":"Health Medical Clinic","potentialAction":[{"@type":"SearchAction","target":{"@type":"EntryPoint","urlTemplate":"https:\/\/medicinasinc.com\/da\/?s={search_term_string}"},"query-input":{"@type":"PropertyValueSpecification","valueRequired":true,"valueName":"search_term_string"}}],"inLanguage":"en-US"}]}},"_links":{"self":[{"href":"https:\/\/medicinasinc.com\/da\/wp-json\/wp\/v2\/product\/5673","targetHints":{"allow":["GET"]}}],"collection":[{"href":"https:\/\/medicinasinc.com\/da\/wp-json\/wp\/v2\/product"}],"about":[{"href":"https:\/\/medicinasinc.com\/da\/wp-json\/wp\/v2\/types\/product"}],"replies":[{"embeddable":true,"href":"https:\/\/medicinasinc.com\/da\/wp-json\/wp\/v2\/comments?post=5673"}],"wp:featuredmedia":[{"embeddable":true,"href":"https:\/\/medicinasinc.com\/da\/wp-json\/wp\/v2\/media\/5683"}],"wp:attachment":[{"href":"https:\/\/medicinasinc.com\/da\/wp-json\/wp\/v2\/media?parent=5673"}],"wp:term":[{"taxonomy":"product_brand","embeddable":true,"href":"https:\/\/medicinasinc.com\/da\/wp-json\/wp\/v2\/product_brand?post=5673"},{"taxonomy":"product_cat","embeddable":true,"href":"https:\/\/medicinasinc.com\/da\/wp-json\/wp\/v2\/product_cat?post=5673"},{"taxonomy":"product_tag","embeddable":true,"href":"https:\/\/medicinasinc.com\/da\/wp-json\/wp\/v2\/product_tag?post=5673"}],"curies":[{"name":"wp","href":"https:\/\/api.w.org\/{rel}","templated":true}]}}