{"id":5667,"date":"2022-02-22T03:49:11","date_gmt":"2022-02-22T03:49:11","guid":{"rendered":"https:\/\/medicinasinc.com\/da\/?post_type=product&#038;p=5667"},"modified":"2022-03-20T00:29:54","modified_gmt":"2022-03-20T00:29:54","slug":"kob-sten-pa-badesalt","status":"publish","type":"product","link":"https:\/\/medicinasinc.com\/da\/product\/kob-sten-pa-badesalt\/","title":{"rendered":"K\u00f8b Rock On Bath Salt"},"content":{"rendered":"<p><strong>I dette tilf\u00e6lde kan du k\u00f8be Rock On Bath Salt p\u00e5 nettet.<\/strong><\/p>\n<p>K\u00f8b Rock On Bath Salt til salg i Storbritannien, Europa og AU for en god pris pris. Folk, der k\u00f8ber hos os, kan v\u00e6re sikre p\u00e5, at de f\u00e5r, hvad de betaler for. Dette Rock On Bath Salt er nu til de bedste priser.<\/p>\n","protected":false},"excerpt":{"rendered":"<div class=\"woocommerce-product-details__short-description\">\n<p><strong>Produktprisen er pr. 10 gram<\/strong><\/p>\n<p>K\u00f8b Rock On Bath Salt til salg i Storbritannien, Europa, AU. vi tilbyder den mest p\u00e5lidelige transaktion og s\u00e6lger til meget overkommelige priser. Rock On Bath Salt nu til de bedste priser<\/p>\n<\/p><\/div>\n","protected":false},"featured_media":5676,"comment_status":"open","ping_status":"closed","template":"","meta":[],"product_brand":[],"product_cat":[2014],"product_tag":[3440,3433,3434,3438,3439,3435,3436,3437,3095,3441,3442,3483,3484,3485,3486,3487,3470,3443,3444,3445,3446,3447,3450,3452,3455,3458,3501,3467,3469,3471,3473,3474,3083,3475,3496,3499,3498,3497,3476,3468,3451,3488,3448,3449,3453,3454,3456,3457,3466,3097,3472,3489,3478,3477,3165,3482,3481,3480,3494,3479,3495],"class_list":{"0":"post-5667","1":"product","2":"type-product","3":"status-publish","4":"has-post-thumbnail","6":"product_cat-kb-forskningskemikalier","7":"product_tag-badesalt","8":"product_tag-badesalt-stof","9":"product_tag-badesalt-lgemiddel-til-salg-online","10":"product_tag-badesalt-online-butik","11":"product_tag-badesalt-salg-online","12":"product_tag-badesalt-lgemiddel-salg-online","13":"product_tag-badesalt-til-salg-online","14":"product_tag-badesalt-til-salg-online-med-kreditkort","15":"product_tag-bath-salts-for-sale","16":"product_tag-bedste-badesalte","17":"product_tag-bedste-kvalitet-online-badesalte","18":"product_tag-bestille-badesalt-stof-online","19":"product_tag-bestil-badesalt-online","20":"product_tag-bestil-badesalt-online-badesalt-engros","21":"product_tag-bestil-badesalt-online-torsk","22":"product_tag-bestil-badesalt-online-med-kreditkort","23":"product_tag-billig-badesalte","24":"product_tag-buy-amped-novelty-powder-500mg","25":"product_tag-buy-bath-salts-cod","26":"product_tag-buy-bath-salts-drug-online","27":"product_tag-buy-bath-salts-online","28":"product_tag-buy-bath-salts-online-legal","29":"product_tag-buy-bath-salts-online-with-credit-cards","30":"product_tag-buy-cheap-bath-salts-order-bath-salts-drug-online","31":"product_tag-buy-ivory-wave-for-sale-online","32":"product_tag-buy-pump-it-bath-salt-1000mg","33":"product_tag-buy-rock-on-bath-salt-online","34":"product_tag-buy-synthetic-bath-salts-online","35":"product_tag-can-you-still-buy-bath-salts","36":"product_tag-sky-9-bade-salt","37":"product_tag-diskrete-badesalt-forhandlere-online","38":"product_tag-eight-ballz-bath-salt-for-sale-online","39":"product_tag-elfenben-blge-badesalte","40":"product_tag-find-legit-badesalt-leverandrer-online","41":"product_tag-hvad-gr-badesalt-gr","42":"product_tag-hvor-kan-jeg-bestille-mdpv-badesalt-online","43":"product_tag-hvor-kan-jeg-f-badesalt","44":"product_tag-hvor-kan-jeg-kbe-badesalt-online","45":"product_tag-ivory-wave","46":"product_tag-kan-du-kbe-badesalt-i-butikker","47":"product_tag-kb-badesalt-med-paypal-online","48":"product_tag-kb-badesalt-online","49":"product_tag-kb-badesalt-online-hvor-kan-jeg-kbe-badesalt-online","50":"product_tag-kb-badesalt-online-med-kreditkort","51":"product_tag-kb-otte-ballz-badesalt-online","52":"product_tag-kb-eleven-blge-badesalt-1000mg","53":"product_tag-kb-k2-badesalt-online","54":"product_tag-kb-mephedrone-badesalt-online-med-kreditkort","55":"product_tag-kb-sextacy-badesalt-online","56":"product_tag-kb-badesalt","57":"product_tag-koncentreret-badesalte","58":"product_tag-kvalitets-badesalt-lgemiddel-til-salg-online","59":"product_tag-legit-badesalt-leverandrer-online","60":"product_tag-lovlige-badesalt-til-salg-online","61":"product_tag-mdpv-badesalt-til-salg","62":"product_tag-mefedron","63":"product_tag-mefedron-badesalt-hvor-kan-kbes","64":"product_tag-mefedron-badesalt-til-salg","65":"product_tag-sikreste-netbutik-til-kbe-badesalt","66":"product_tag-sger-at-kbe-badesalt-sl-online","67":"product_tag-vanilje-himmel-badesalte-til-salg","69":"first","70":"instock","71":"shipping-taxable","72":"purchasable","73":"product-type-variable"},"yoast_head":"<!-- This site is optimized with the Yoast SEO plugin v27.3 - https:\/\/yoast.com\/product\/yoast-seo-wordpress\/ -->\n<title>K\u00f8b Rock On Bath Salt Online - Rock On Bath Salt - Bedste globale medicin<\/title>\n<meta name=\"description\" content=\"K\u00f8b Rock On Bath Salt til salg i Storbritannien, Europa, AU. vi tilbyder den mest p\u00e5lidelige transaktion og s\u00e6lger til meget overkommelige priser. Rock On Bath Salt nu til de bedste priser\" \/>\n<meta name=\"robots\" content=\"index, follow, max-snippet:-1, max-image-preview:large, max-video-preview:-1\" \/>\n<link rel=\"canonical\" href=\"https:\/\/medicinasinc.com\/da\/product\/kob-sten-pa-badesalt\/\" \/>\n<meta property=\"og:locale\" content=\"en_US\" \/>\n<meta property=\"og:type\" content=\"article\" \/>\n<meta property=\"og:title\" content=\"K\u00f8b Rock On Bath Salt Online - Rock On Bath Salt - Bedste globale medicin\" \/>\n<meta property=\"og:description\" content=\"K\u00f8b Rock On Bath Salt til salg i Storbritannien, Europa, AU. vi tilbyder den mest p\u00e5lidelige transaktion og s\u00e6lger til meget overkommelige priser. Rock On Bath Salt nu til de bedste priser\" \/>\n<meta property=\"og:url\" content=\"https:\/\/medicinasinc.com\/da\/product\/kob-sten-pa-badesalt\/\" \/>\n<meta property=\"og:site_name\" content=\"Medicinas Inc\" \/>\n<meta property=\"article:modified_time\" content=\"2022-03-20T00:29:54+00:00\" \/>\n<meta property=\"og:image\" content=\"https:\/\/medicinasinc.com\/da\/wp-content\/uploads\/sites\/8\/2022\/02\/Buy-Rock-On-Bath-Salt.jpeg\" \/>\n\t<meta property=\"og:image:width\" content=\"640\" \/>\n\t<meta property=\"og:image:height\" content=\"428\" \/>\n\t<meta property=\"og:image:type\" content=\"image\/jpeg\" \/>\n<meta name=\"twitter:card\" content=\"summary_large_image\" \/>\n<meta name=\"twitter:label1\" content=\"Est. reading time\" \/>\n\t<meta name=\"twitter:data1\" content=\"1 minute\" \/>\n<script type=\"application\/ld+json\" class=\"yoast-schema-graph\">{\"@context\":\"https:\\\/\\\/schema.org\",\"@graph\":[{\"@type\":\"WebPage\",\"@id\":\"https:\\\/\\\/medicinasinc.com\\\/da\\\/product\\\/kob-sten-pa-badesalt\\\/\",\"url\":\"https:\\\/\\\/medicinasinc.com\\\/da\\\/product\\\/kob-sten-pa-badesalt\\\/\",\"name\":\"K\u00f8b Rock On Bath Salt Online - Rock On Bath Salt - Bedste globale medicin\",\"isPartOf\":{\"@id\":\"https:\\\/\\\/medicinasinc.com\\\/da\\\/#website\"},\"primaryImageOfPage\":{\"@id\":\"https:\\\/\\\/medicinasinc.com\\\/da\\\/product\\\/kob-sten-pa-badesalt\\\/#primaryimage\"},\"image\":{\"@id\":\"https:\\\/\\\/medicinasinc.com\\\/da\\\/product\\\/kob-sten-pa-badesalt\\\/#primaryimage\"},\"thumbnailUrl\":\"https:\\\/\\\/medicinasinc.com\\\/da\\\/wp-content\\\/uploads\\\/sites\\\/8\\\/2022\\\/02\\\/Buy-Rock-On-Bath-Salt.jpeg\",\"datePublished\":\"2022-02-22T03:49:11+00:00\",\"dateModified\":\"2022-03-20T00:29:54+00:00\",\"description\":\"K\u00f8b Rock On Bath Salt til salg i Storbritannien, Europa, AU. vi tilbyder den mest p\u00e5lidelige transaktion og s\u00e6lger til meget overkommelige priser. Rock On Bath Salt nu til de bedste priser\",\"breadcrumb\":{\"@id\":\"https:\\\/\\\/medicinasinc.com\\\/da\\\/product\\\/kob-sten-pa-badesalt\\\/#breadcrumb\"},\"inLanguage\":\"en-US\",\"potentialAction\":[{\"@type\":\"ReadAction\",\"target\":[\"https:\\\/\\\/medicinasinc.com\\\/da\\\/product\\\/kob-sten-pa-badesalt\\\/\"]}]},{\"@type\":\"ImageObject\",\"inLanguage\":\"en-US\",\"@id\":\"https:\\\/\\\/medicinasinc.com\\\/da\\\/product\\\/kob-sten-pa-badesalt\\\/#primaryimage\",\"url\":\"https:\\\/\\\/medicinasinc.com\\\/da\\\/wp-content\\\/uploads\\\/sites\\\/8\\\/2022\\\/02\\\/Buy-Rock-On-Bath-Salt.jpeg\",\"contentUrl\":\"https:\\\/\\\/medicinasinc.com\\\/da\\\/wp-content\\\/uploads\\\/sites\\\/8\\\/2022\\\/02\\\/Buy-Rock-On-Bath-Salt.jpeg\",\"width\":640,\"height\":428},{\"@type\":\"BreadcrumbList\",\"@id\":\"https:\\\/\\\/medicinasinc.com\\\/da\\\/product\\\/kob-sten-pa-badesalt\\\/#breadcrumb\",\"itemListElement\":[{\"@type\":\"ListItem\",\"position\":1,\"name\":\"Butik\",\"item\":\"https:\\\/\\\/medicinasinc.com\\\/da\\\/butik\\\/\"},{\"@type\":\"ListItem\",\"position\":2,\"name\":\"K\u00f8b Rock On Bath Salt\"}]},{\"@type\":\"WebSite\",\"@id\":\"https:\\\/\\\/medicinasinc.com\\\/da\\\/#website\",\"url\":\"https:\\\/\\\/medicinasinc.com\\\/da\\\/\",\"name\":\"Medicinas Inc\",\"description\":\"Health Medical Clinic\",\"potentialAction\":[{\"@type\":\"SearchAction\",\"target\":{\"@type\":\"EntryPoint\",\"urlTemplate\":\"https:\\\/\\\/medicinasinc.com\\\/da\\\/?s={search_term_string}\"},\"query-input\":{\"@type\":\"PropertyValueSpecification\",\"valueRequired\":true,\"valueName\":\"search_term_string\"}}],\"inLanguage\":\"en-US\"}]}<\/script>\n<!-- \/ Yoast SEO plugin. -->","yoast_head_json":{"title":"K\u00f8b Rock On Bath Salt Online - Rock On Bath Salt - Bedste globale medicin","description":"K\u00f8b Rock On Bath Salt til salg i Storbritannien, Europa, AU. vi tilbyder den mest p\u00e5lidelige transaktion og s\u00e6lger til meget overkommelige priser. Rock On Bath Salt nu til de bedste priser","robots":{"index":"index","follow":"follow","max-snippet":"max-snippet:-1","max-image-preview":"max-image-preview:large","max-video-preview":"max-video-preview:-1"},"canonical":"https:\/\/medicinasinc.com\/da\/product\/kob-sten-pa-badesalt\/","og_locale":"en_US","og_type":"article","og_title":"K\u00f8b Rock On Bath Salt Online - Rock On Bath Salt - Bedste globale medicin","og_description":"K\u00f8b Rock On Bath Salt til salg i Storbritannien, Europa, AU. vi tilbyder den mest p\u00e5lidelige transaktion og s\u00e6lger til meget overkommelige priser. Rock On Bath Salt nu til de bedste priser","og_url":"https:\/\/medicinasinc.com\/da\/product\/kob-sten-pa-badesalt\/","og_site_name":"Medicinas Inc","article_modified_time":"2022-03-20T00:29:54+00:00","og_image":[{"width":640,"height":428,"url":"https:\/\/medicinasinc.com\/da\/wp-content\/uploads\/sites\/8\/2022\/02\/Buy-Rock-On-Bath-Salt.jpeg","type":"image\/jpeg"}],"twitter_card":"summary_large_image","twitter_misc":{"Est. reading time":"1 minute"},"schema":{"@context":"https:\/\/schema.org","@graph":[{"@type":"WebPage","@id":"https:\/\/medicinasinc.com\/da\/product\/kob-sten-pa-badesalt\/","url":"https:\/\/medicinasinc.com\/da\/product\/kob-sten-pa-badesalt\/","name":"K\u00f8b Rock On Bath Salt Online - Rock On Bath Salt - Bedste globale medicin","isPartOf":{"@id":"https:\/\/medicinasinc.com\/da\/#website"},"primaryImageOfPage":{"@id":"https:\/\/medicinasinc.com\/da\/product\/kob-sten-pa-badesalt\/#primaryimage"},"image":{"@id":"https:\/\/medicinasinc.com\/da\/product\/kob-sten-pa-badesalt\/#primaryimage"},"thumbnailUrl":"https:\/\/medicinasinc.com\/da\/wp-content\/uploads\/sites\/8\/2022\/02\/Buy-Rock-On-Bath-Salt.jpeg","datePublished":"2022-02-22T03:49:11+00:00","dateModified":"2022-03-20T00:29:54+00:00","description":"K\u00f8b Rock On Bath Salt til salg i Storbritannien, Europa, AU. vi tilbyder den mest p\u00e5lidelige transaktion og s\u00e6lger til meget overkommelige priser. Rock On Bath Salt nu til de bedste priser","breadcrumb":{"@id":"https:\/\/medicinasinc.com\/da\/product\/kob-sten-pa-badesalt\/#breadcrumb"},"inLanguage":"en-US","potentialAction":[{"@type":"ReadAction","target":["https:\/\/medicinasinc.com\/da\/product\/kob-sten-pa-badesalt\/"]}]},{"@type":"ImageObject","inLanguage":"en-US","@id":"https:\/\/medicinasinc.com\/da\/product\/kob-sten-pa-badesalt\/#primaryimage","url":"https:\/\/medicinasinc.com\/da\/wp-content\/uploads\/sites\/8\/2022\/02\/Buy-Rock-On-Bath-Salt.jpeg","contentUrl":"https:\/\/medicinasinc.com\/da\/wp-content\/uploads\/sites\/8\/2022\/02\/Buy-Rock-On-Bath-Salt.jpeg","width":640,"height":428},{"@type":"BreadcrumbList","@id":"https:\/\/medicinasinc.com\/da\/product\/kob-sten-pa-badesalt\/#breadcrumb","itemListElement":[{"@type":"ListItem","position":1,"name":"Butik","item":"https:\/\/medicinasinc.com\/da\/butik\/"},{"@type":"ListItem","position":2,"name":"K\u00f8b Rock On Bath Salt"}]},{"@type":"WebSite","@id":"https:\/\/medicinasinc.com\/da\/#website","url":"https:\/\/medicinasinc.com\/da\/","name":"Medicinas Inc","description":"Health Medical Clinic","potentialAction":[{"@type":"SearchAction","target":{"@type":"EntryPoint","urlTemplate":"https:\/\/medicinasinc.com\/da\/?s={search_term_string}"},"query-input":{"@type":"PropertyValueSpecification","valueRequired":true,"valueName":"search_term_string"}}],"inLanguage":"en-US"}]}},"_links":{"self":[{"href":"https:\/\/medicinasinc.com\/da\/wp-json\/wp\/v2\/product\/5667","targetHints":{"allow":["GET"]}}],"collection":[{"href":"https:\/\/medicinasinc.com\/da\/wp-json\/wp\/v2\/product"}],"about":[{"href":"https:\/\/medicinasinc.com\/da\/wp-json\/wp\/v2\/types\/product"}],"replies":[{"embeddable":true,"href":"https:\/\/medicinasinc.com\/da\/wp-json\/wp\/v2\/comments?post=5667"}],"wp:featuredmedia":[{"embeddable":true,"href":"https:\/\/medicinasinc.com\/da\/wp-json\/wp\/v2\/media\/5676"}],"wp:attachment":[{"href":"https:\/\/medicinasinc.com\/da\/wp-json\/wp\/v2\/media?parent=5667"}],"wp:term":[{"taxonomy":"product_brand","embeddable":true,"href":"https:\/\/medicinasinc.com\/da\/wp-json\/wp\/v2\/product_brand?post=5667"},{"taxonomy":"product_cat","embeddable":true,"href":"https:\/\/medicinasinc.com\/da\/wp-json\/wp\/v2\/product_cat?post=5667"},{"taxonomy":"product_tag","embeddable":true,"href":"https:\/\/medicinasinc.com\/da\/wp-json\/wp\/v2\/product_tag?post=5667"}],"curies":[{"name":"wp","href":"https:\/\/api.w.org\/{rel}","templated":true}]}}