{"id":5653,"date":"2022-02-22T03:27:38","date_gmt":"2022-02-22T03:27:38","guid":{"rendered":"https:\/\/medicinasinc.com\/da\/?post_type=product&#038;p=5653"},"modified":"2022-03-20T00:30:04","modified_gmt":"2022-03-20T00:30:04","slug":"kob-3-mmc-pulver","status":"publish","type":"product","link":"https:\/\/medicinasinc.com\/da\/product\/kob-3-mmc-pulver\/","title":{"rendered":"K\u00f8b 3-mmc pulver"},"content":{"rendered":"<p>Det bedste sted at k\u00f8be 3-MMC-pulver online er Best Global Meds, som er det bedste sted at k\u00f8be 3-MMC-pulver fra en kemikalieleverand\u00f8r i Europa.<\/p>\n<p>Bankoverf\u00f8rsel eller bitcoin-betalinger? Tjek detaljerne ved kassen.<br \/> Bem\u00e6rk venligst, at du kun er d\u00e6kket for tab p\u00e5 en service, der er sporet og forsikret. Hvis din pakke g\u00e5r tabt, f\u00e5r du en gratis genforsendelse efter 30 dage. Hvis din pakke g\u00e5r tabt, vil du ikke f\u00e5 en gratis genforsendelse.<br \/> Bitcoin-ordrer foretaget f\u00f8r kl. 15.30 vil blive afsendt samme dag.<br \/> K\u00f8b\u00a0 3MMC-kort.<\/p>\n<p>Du kan k\u00f8be Chemical 3-MMC-pulver fra www.bestglobalmeds.com i l\u00f8s v\u00e6gt til en billig pris.<\/p>\n<p>3-Methylmethcathinone, eller 3-MMC, er et eksempel p\u00e5 et molekyle i klassen af \u200b\u200bcathinoner, der er blevet tilsat dem . De er en type amfetamin, der har en phenylring, der er knyttet til en aminogruppe (NH2) gennem en ethylk\u00e6de og en ekstra methylsubstitution ved R.<\/p>\n<p>3-MMC og andre cathinoner er forskellige fra hver andet fordi de har ketonsubstitutioner p\u00e5 betakulstoffet i amfetaminskelettet, hvilket g\u00f8r dem til -keto-amfetaminer. methylsubstitutioner: 3-MMC har to p\u00e5 sin kathinonstruktur, en ved R3 i phenylgruppen og en ved nitrogengruppen RN, som er der, hvor methylgruppen g\u00e5r. 3-MMC ligner mephedron bortset fra \u00e9n ting: Methylgruppen er sat til R3 i stedet for R4.<\/p>\n<p>Der er mange forskellige m\u00e5der, du kan bruge 3-MMC Powder p\u00e5, men det er kun beregnet til at v\u00e6re bruges til forskning. Det kan ikke bruges til nogen af \u200b\u200bdisse andre ting.<\/p>\n<p>F\u00f8r du k\u00f8ber forskningskemikalier, skal du sikre dig, at du har det rigtige v\u00e6rkt\u00f8j, og at dit arbejdsomr\u00e5de er godt ventileret.<\/p>\n<p> Du skal v\u00e6re mindst 18 \u00e5r gammel for at k\u00f8be denne vare.<\/p>\n<p>3-MMC-pulveret er lovligt i vores hjemland, hvor vi bor. Det er op til dig at kende og f\u00f8lge lovene i dit land, amt, region, stat eller by. Vi er ikke ansvarlige for, hvad du g\u00f8r, eller hvad der sker, efter du har bestilt.<\/p>\n","protected":false},"excerpt":{"rendered":"<p>3-Methylmethcathinon, ogs\u00e5 kendt som 3-MMC eller metaphedron[1], er et nyt l\u00e6gemiddel. Hydrochloridsaltet af 3-MMC er et hvidt pulver, der ligner flager.<\/p>\n<p>Hvor kan jeg k\u00f8be 3-mmc-pulver til salg i Storbritannien og Europa? I krystal-, pellet- og pulverform har vi h\u00f8jkvalitets 3-MMC til salg. Du kan k\u00f8be det hos os hos Best Global Meds.<\/p>\n<p>Det er nemt at k\u00f8be 3-MMC-pulver online fra et firma ved navn Bestglobalmeds.com, som er en af \u200b\u200bde bedste kemikalieleverand\u00f8rer i Europa. Bankoverf\u00f8rsel eller bitcoin-betalinger er to m\u00e5der, du kan betale for ting p\u00e5.<\/p>\n","protected":false},"featured_media":5664,"comment_status":"open","ping_status":"closed","template":"","meta":[],"product_brand":[],"product_cat":[2014],"product_tag":[2101,2337,2102,2395,2329,2125,2129,2103,2326,2104,2327,2105,2106,2107,2398,2110,2112,2144,2113,2114,2115,2116,2124,2118,2119,2108,2120,2121,2122,2123,2367,2126,2127,2128,2134,2135,2136,2137,2130,2138,2133,2132,2131,2139,2140,2141,2142,2143,2111,2117,2145,2146,2152,2153,2150,2151,2155,2331,2156,2332,2157,2158,2372,2160,2161,2165,2166,2167,2168,2172,2173,2174,2175,2176,2177,2178,2180,2182,2183,2187,2188,2193,2194,2195,2196,2199,2200,2201,2202,2203,2204,2205,2206,2210,2207,2208,2209,2211,2212,2213,2214,2215,2216,2217,2218,2324,2379,2408,2409,2410,2383,2412,2468,2415,2419,2391,2219,2221,2222,2223,2225,2226,2232,2233,2238,2240,2243,2244,2245,2246,2247,2248,2249,2250,2251,2252,2253,2254,2255,2256,2257,2259,2260,2261,2262,2264,2265,2266,2267,2333,2403,2268,2271,2272,2277,2278,2185,2186,2190,2270,2189,2191,2273,2274,2275,2308,2276,2292,2197,2361,2293,2198,2279,2345,3500,2280,2281,2282,2283,2284,2285,2286,2287,2288,2289,2290,2291,2295,2294,2346,2407,2309,2297,2298,2299,2300,2301,2302,2303,2304,2305,2306,2307,2159,2421,2422,2220,2311,2164,2258,2423,2424,2162,2163,2425,2316,2228,2227,2229,2428,2179,2234,2430,2169,2236,2235,2263,2181,2321,2432,2170,2171,2433,2239,2184,2434,2323,2314,2315,2319,2310,2312,2313,2317,2318,2320,2322,2325,2339,2328,2330,2344,2335,2336,2347,2338,2340,2341,2342,2343,2348,2349,2350,2351,2352,2353,2354,2355,2356,2357,2358,2359,2360,2362,2363,2364,2365,2366,2368,2369,2370,2371,2373,2374,2334,2380,2381,2382,2411,2384,2385,2386,2387,2389,2417,2416,2388,2418,2390,2413,2420,2414,2392,2394,2396,2397,2399,2400,2401,2402,2404,2405,2406,2269,2192,2426,2427,2429,2431,2435,2436,2437,2438,2439,2440,2441,2442,2443,2444,2445,2446,2447,2476,2449,2450,2451,2452,2453,2454,2455,2456,2457,2458,2459,2460,2461,2462,2463,2464,2465,2466,2467,2469,2470,2471,2472,2473,2474,2475],"class_list":{"0":"post-5653","1":"product","2":"type-product","3":"status-publish","4":"has-post-thumbnail","6":"product_cat-kb-forskningskemikalier","7":"product_tag-2-fdck","8":"product_tag-magasin-2-fdck","9":"product_tag-2-mmc","10":"product_tag-butik-2-mmc","11":"product_tag-butik-3-mmc-piller","12":"product_tag-3-mmc-piller","13":"product_tag-3-mmc-pulver","14":"product_tag-3-cmc","15":"product_tag-butik-3-cmc","16":"product_tag-3-mm","17":"product_tag-butik-3-mma","18":"product_tag-3-mmc","19":"product_tag-3-mmc-bitcoin","20":"product_tag-3-mmc-bulgarien","21":"product_tag-butik-3-mmc","22":"product_tag-3-mmc-cypern","23":"product_tag-3-mmc-denmark","24":"product_tag-3-mmc-engros","25":"product_tag-3-mmc-estonia","26":"product_tag-3-mmc-finland","27":"product_tag-3-mmc-frankrig","28":"product_tag-3-mmc-grkenland","29":"product_tag-3-mmc-holland","30":"product_tag-3-mmc-ireland","31":"product_tag-3-mmc-italien","32":"product_tag-3-mmc-kroatien","33":"product_tag-3-mmc-letland","34":"product_tag-3-mmc-litauen","35":"product_tag-3-mmc-luxembourg","36":"product_tag-3-mmc-malta","37":"product_tag-shop-3-mmc-piller","38":"product_tag-3-mmc-pills","39":"product_tag-3-mmc-polen","40":"product_tag-3-mmc-portugal","41":"product_tag-3-mmc-powder-order","42":"product_tag-3-mmc-powder-reddit","43":"product_tag-3-mmc-powder-sale","44":"product_tag-3-mmc-powder-sales","45":"product_tag-3-mmc-pulver-bulk","46":"product_tag-3-mmc-pulver-engros","47":"product_tag-3-mmc-pulver-online","48":"product_tag-3-mmc-pulver-til-salg","49":"product_tag-3-mmc-pulvereffekt","50":"product_tag-3-mmc-rumnien","51":"product_tag-3-mmc-slovakiet","52":"product_tag-3-mmc-slovenien","53":"product_tag-3-mmc-spanien","54":"product_tag-3-mmc-sverige","55":"product_tag-3-mmc-tjekkiet","56":"product_tag-3-mmc-ungarn","57":"product_tag-3mmc","58":"product_tag-3mmc-belgien","59":"product_tag-3mmc-engros","60":"product_tag-3mmc-med-bitcoin","61":"product_tag-3mmc-rumnien","62":"product_tag-3mmc-spanien","63":"product_tag-4-cmc","64":"product_tag-butik-4-cmc","65":"product_tag-5-mmpa","66":"product_tag-butik-5-mmpa","67":"product_tag-a-php","68":"product_tag-a-pihp","69":"product_tag-shop-at-pihp","70":"product_tag-acheter-2-mmc","71":"product_tag-acheter-3-cmc","72":"product_tag-acheter-3-mmc-piller","73":"product_tag-acheter-4-cmc","74":"product_tag-acheter-5-mmpa","75":"product_tag-acheter-a-php","76":"product_tag-acquista-2-fdck","77":"product_tag-acquista-2-mmc","78":"product_tag-acquista-3-cmc","79":"product_tag-acquista-3-mma","80":"product_tag-acquista-3-mmc","81":"product_tag-acquista-3-mmc-pellets","82":"product_tag-acquista-3-mmc-pills","83":"product_tag-acquista-5-mmpa","84":"product_tag-acquista-a-pihp","85":"product_tag-acquista-eutylone","86":"product_tag-al-por-mayor-3-cmc","87":"product_tag-al-por-mayor-3-mma","88":"product_tag-al-por-mayor-5-mmpa","89":"product_tag-al-por-mayor-a-php","90":"product_tag-al-por-mayor-a-pihp","91":"product_tag-al-por-mayor-eutylone","92":"product_tag-bedste-3-cmc","93":"product_tag-bedste-3-mmc","94":"product_tag-bedste-4-cmc","95":"product_tag-best-a-pihp","96":"product_tag-bedste-hexedron","97":"product_tag-bedste-hexen","98":"product_tag-bulk-2-fdck","99":"product_tag-bulk-2-mmc","100":"product_tag-bulk-3-mmc-pellets","101":"product_tag-bulk-3-cmc","102":"product_tag-bulk-3-mma","103":"product_tag-bulk-3-mmc","104":"product_tag-bulk-3-mmc-piller","105":"product_tag-bulk-4-cmc","106":"product_tag-bulk-5-mmpa","107":"product_tag-bulk-a-php","108":"product_tag-bulk-a-pihp","109":"product_tag-bulk-eutylon","110":"product_tag-bulk-hexedron","111":"product_tag-bulk-hexen","112":"product_tag-store-2-fdck","113":"product_tag-shop-2-fdck","114":"product_tag-take-off-2-fdck","115":"product_tag-take-off-2-mmc","116":"product_tag-take-off-3-cmc","117":"product_tag-shop-3-mmc","118":"product_tag-take-off-3-mmc","119":"product_tag-winkel-3-mmc-pellets","120":"product_tag-take-off-4-cmc","121":"product_tag-start-hexedron","122":"product_tag-butik-hexedron","123":"product_tag-buy-2-fdck","124":"product_tag-buy-3-cmc","125":"product_tag-buy-3-mma","126":"product_tag-buy-3-mmc","127":"product_tag-buy-3-mmc-pellets","128":"product_tag-buy-3-mmc-pills","129":"product_tag-buy-3mmc-powder","130":"product_tag-buy-4-cmc","131":"product_tag-buy-eutylone","132":"product_tag-buy-hexen","133":"product_tag-comprar-2-fdck","134":"product_tag-comprar-2-mmc","135":"product_tag-comprar-3-cmc","136":"product_tag-comprar-3-mma","137":"product_tag-comprar-3-mmc","138":"product_tag-comprar-3-mmc-pellets","139":"product_tag-comprar-3-mmc-pills","140":"product_tag-comprar-4-cmc","141":"product_tag-comprar-5-mmpa","142":"product_tag-comprar-a-php","143":"product_tag-comprar-a-pihp","144":"product_tag-comprar-eutylone","145":"product_tag-comprar-hexedrone","146":"product_tag-comprar-hexen","147":"product_tag-cumpara-2-fdck","148":"product_tag-cumpara-3-mma","149":"product_tag-cumpara-3-mmc","150":"product_tag-cumpara-4-cmc","151":"product_tag-cumpara-5-mmpa","152":"product_tag-cumpara-a-pihp","153":"product_tag-cumpara-eutylone","154":"product_tag-cumpara-hexedrone","155":"product_tag-cumpara-hexen","156":"product_tag-store-a-php","157":"product_tag-butik-til-php","158":"product_tag-en-gros-2-fdck","159":"product_tag-en-gros-3-mmc","160":"product_tag-en-gros-4-cmc","161":"product_tag-en-gros-hexedrone","162":"product_tag-en-gros-hexen","163":"product_tag-engros-2-fdck","164":"product_tag-engros-2-mmc","165":"product_tag-engros-3-mmc-pellets","166":"product_tag-engros-3-mma","167":"product_tag-engros-3-mmc","168":"product_tag-engros-3-mmc-piller","169":"product_tag-engros-5-mmpa","170":"product_tag-engros-a-php","171":"product_tag-engros-a-pihp","172":"product_tag-ingrosso-eutylon","173":"product_tag-engros-eutylone","174":"product_tag-engros-heksedron","175":"product_tag-engros-hexedron","176":"product_tag-engros-hexen","177":"product_tag-engros-hexes","178":"product_tag-engros-hekse","179":"product_tag-eutylone","180":"product_tag-eutylone-butik","181":"product_tag-forsknings-kemisk-3-mmc-pulver","182":"product_tag-groothandel-2-fdck","183":"product_tag-groothandel-2-mmc","184":"product_tag-groothandel-3-cmc","185":"product_tag-groothandel-3-mma","186":"product_tag-groothandel-3-mmc","187":"product_tag-groothandel-3-mmc-pellets","188":"product_tag-groothandel-3-mmc-pills","189":"product_tag-groothandel-4-cmc","190":"product_tag-groothandel-5-mmpa","191":"product_tag-groothandel-a-php","192":"product_tag-groothandel-a-pihp","193":"product_tag-groothandel-eutylone","194":"product_tag-hekse","195":"product_tag-heksedron","196":"product_tag-heksedron-butik","197":"product_tag-butik-hexen","198":"product_tag-ingroso-hekse","199":"product_tag-ingrosso-2-fdck","200":"product_tag-ingroso-2-mmc","201":"product_tag-ingrosso-3-cmc","202":"product_tag-ingrosso-3-mma","203":"product_tag-ingroso-3-mmc","204":"product_tag-ingrosso-3-mmc-pellets","205":"product_tag-ingrosso-3-mmc-piller","206":"product_tag-ingrosso-4-cmc","207":"product_tag-ingrosso-5-mmpa","208":"product_tag-ingroso-a-php","209":"product_tag-ingrosso-a-pihp","210":"product_tag-kb-2-fdck","211":"product_tag-vasarold-meg-2-fdck","212":"product_tag-vasarold-meg-2-mmc","213":"product_tag-kb-2-mmc","214":"product_tag-koop-2-mmc","215":"product_tag-k-c3-b8b-3-mmc-piller","216":"product_tag-kb-3-cmc","217":"product_tag-vasarold-meg-3-cmc","218":"product_tag-vasarold-meg-3-mma","219":"product_tag-kb-3-mma","220":"product_tag-kb-3-mmc","221":"product_tag-vasarold-meg-3-mmc","222":"product_tag-kb-3-mmc-piller","223":"product_tag-kb-3-mmc-pulver-dk","224":"product_tag-kb-3-mmc-pulver-europa","225":"product_tag-kb-3mmc","226":"product_tag-vasarold-meg-4-cmc","227":"product_tag-kb-4-cmc","228":"product_tag-kb-5-mmpa","229":"product_tag-vasarold-meg-a-php","230":"product_tag-kb-p-pihp","231":"product_tag-buy-a-pihp","232":"product_tag-kb-en-php","233":"product_tag-cumpara-a-php","234":"product_tag-kb-p-php","235":"product_tag-kb-eutylone","236":"product_tag-vasarold-meg-eutylon","237":"product_tag-kb-eutylon","238":"product_tag-acheter-hexen","239":"product_tag-vasarold-meg-hexedron","240":"product_tag-kb-hexedron","241":"product_tag-kb-hexen","242":"product_tag-vasarold-meg-hexen","243":"product_tag-kb-hexes","244":"product_tag-koop-3-mmc","245":"product_tag-koop-3-mmc-piller","246":"product_tag-kbe-a-php","247":"product_tag-koop-2-fdck","248":"product_tag-koop-3-cmc","249":"product_tag-koop-3-mma","250":"product_tag-koop-4-cmc","251":"product_tag-koop-5-mmpa","252":"product_tag-koop-a-pihp","253":"product_tag-koop-hexedrone","254":"product_tag-magasin-2-mmc","255":"product_tag-magazin-3-mma","256":"product_tag-magasin-3-mmc","257":"product_tag-magasin-3-mmc-piller","258":"product_tag-magazine-a-pihp","259":"product_tag-magasin-eutylone","260":"product_tag-magasin-hekse","261":"product_tag-magasinhekse","262":"product_tag-magazin-3-cmc","263":"product_tag-magazin-3-mmc","264":"product_tag-magazin-4-cmc","265":"product_tag-magazin-5-mmpa","266":"product_tag-magazin-a-php","267":"product_tag-nagykereskedelem-2-fdck","268":"product_tag-nagykereskedelem-2-mmc","269":"product_tag-nagykereskedelem-3-cmc","270":"product_tag-nagykereskedelem-3-mma","271":"product_tag-nagykereskedelem-3-mmc","272":"product_tag-nagykereskedelem-3-mmc-pellets","273":"product_tag-nagykereskedelem-3-mmc-pills","274":"product_tag-nagykereskedelem-4-cmc","275":"product_tag-nagykereskedelem-5-mmpa","276":"product_tag-nagykereskedelem-a-php","277":"product_tag-nagykereskedelem-a-pihp","278":"product_tag-nagykereskedelem-eutylone","279":"product_tag-nagykereskedelem-hexedrone","280":"product_tag-negozio-2-fdck","281":"product_tag-negozio-2-mmc","282":"product_tag-negozio-3-cmc","283":"product_tag-negozio-3-mma","284":"product_tag-negozio-3-mmc","285":"product_tag-negozio-3-mmc-pills","286":"product_tag-negozio-4-cmc","287":"product_tag-negozio-5-mmpa","288":"product_tag-negozio-a-php","289":"product_tag-negozio-eutylone","290":"product_tag-negozio-hexen","291":"product_tag-store-a-pihp","292":"product_tag-shop-2-mmc","293":"product_tag-shop-3-cmc","294":"product_tag-shop-3-mma","295":"product_tag-start-3-mm","296":"product_tag-shop-3-mmc-pellets","297":"product_tag-shop-3-mmc-pills","298":"product_tag-shop-4-cmc","299":"product_tag-shop-5-mmpa","300":"product_tag-shop-a-pihp","301":"product_tag-uzlet-a-pihp","302":"product_tag-uzlet-a-php","303":"product_tag-shop-a-php","304":"product_tag-take-off-eutylone","305":"product_tag-shop-eutylone","306":"product_tag-uzlet-3-mmc-pellets","307":"product_tag-uzlet-hexen","308":"product_tag-take-off-3-mmc-piller","309":"product_tag-shoppe-hekse","310":"product_tag-tienda-2-fdck","311":"product_tag-tienda-3-cmc","312":"product_tag-tienda-3-mma","313":"product_tag-tienda-3-mmc-pellets","314":"product_tag-tienda-3-mmc-pills","315":"product_tag-tienda-4-cmc","316":"product_tag-tienda-5-mmpa","317":"product_tag-tienda-a-pihp","318":"product_tag-tienda-eutylone","319":"product_tag-tienda-hexedrone","320":"product_tag-engros-3-cmc","321":"product_tag-engros-4-cmc","322":"product_tag-vasarold-meg-3-mmc-pellets","323":"product_tag-vasarold-meg-3-mmc-pills","324":"product_tag-vasarold-meg-5-mmpa","325":"product_tag-vasarold-meg-a-pihp","326":"product_tag-vente-en-gros-2-fdck","327":"product_tag-vente-en-gros-2-mmc","328":"product_tag-vente-en-gros-3-cmc","329":"product_tag-vente-en-gros-3-mma","330":"product_tag-vente-en-gros-3-mmc","331":"product_tag-vente-en-gros-3-mmc-pellets","332":"product_tag-vente-en-gros-3-mmc-pills","333":"product_tag-vente-en-gros-4-cmc","334":"product_tag-vente-en-gros-5-mmpa","335":"product_tag-vente-en-gros-a-php","336":"product_tag-vente-en-gros-a-pihp","337":"product_tag-vente-en-gros-eutylone","338":"product_tag-vente-en-gros-hexen","339":"product_tag-vinkel-hekse","340":"product_tag-wholesale-2-fdck","341":"product_tag-wholesale-2-mmc","342":"product_tag-wholesale-3-cmc","343":"product_tag-wholesale-3-mma","344":"product_tag-wholesale-3-mmc","345":"product_tag-wholesale-3-mmc-pellets","346":"product_tag-wholesale-3-mmc-pills","347":"product_tag-wholesale-4-cmc","348":"product_tag-wholesale-5-mmpa","349":"product_tag-wholesale-a-php","350":"product_tag-wholesale-a-pihp","351":"product_tag-wholesale-eutylone","352":"product_tag-wholesale-hexedrone","353":"product_tag-wholesale-hexen","354":"product_tag-winkel-2-fdck","355":"product_tag-winkel-2-mmc","356":"product_tag-winkel-3-cmc","357":"product_tag-winkel-3-mma","358":"product_tag-winkel-3-mmc","359":"product_tag-winkel-3-mmc-pills","360":"product_tag-winkel-4-cmc","361":"product_tag-winkel-5-mmpa","362":"product_tag-winkel-a-php","363":"product_tag-winkel-a-pihp","364":"product_tag-winkel-eutylone","365":"product_tag-winkel-hexedrone","367":"first","368":"instock","369":"shipping-taxable","370":"purchasable","371":"product-type-variable","372":"has-default-attributes"},"yoast_head":"<!-- This site is optimized with the Yoast SEO plugin v27.3 - https:\/\/yoast.com\/product\/yoast-seo-wordpress\/ -->\n<title>K\u00f8b 3-mmc pulver - 3-mmc pulver til salg - Best Global Meds<\/title>\n<meta name=\"description\" content=\"Hvor kan man k\u00f8be 3-mmc pulver til salg i Storbritannien, Europa? Her hos Best Global Meds har vi 3-MMC-pulver af h\u00f8j kvalitet, der er tilg\u00e6ngeligt til salg i krystal-, pellet- og pulverform.\" \/>\n<meta name=\"robots\" content=\"index, follow, max-snippet:-1, max-image-preview:large, max-video-preview:-1\" \/>\n<link rel=\"canonical\" href=\"https:\/\/medicinasinc.com\/da\/product\/kob-3-mmc-pulver\/\" \/>\n<meta property=\"og:locale\" content=\"en_US\" \/>\n<meta property=\"og:type\" content=\"article\" \/>\n<meta property=\"og:title\" content=\"K\u00f8b 3-mmc pulver - 3-mmc pulver til salg - Best Global Meds\" \/>\n<meta property=\"og:description\" content=\"Hvor kan man k\u00f8be 3-mmc pulver til salg i Storbritannien, Europa? Her hos Best Global Meds har vi 3-MMC-pulver af h\u00f8j kvalitet, der er tilg\u00e6ngeligt til salg i krystal-, pellet- og pulverform.\" \/>\n<meta property=\"og:url\" content=\"https:\/\/medicinasinc.com\/da\/product\/kob-3-mmc-pulver\/\" \/>\n<meta property=\"og:site_name\" content=\"Medicinas Inc\" \/>\n<meta property=\"article:modified_time\" content=\"2022-03-20T00:30:04+00:00\" \/>\n<meta property=\"og:image\" content=\"https:\/\/medicinasinc.com\/da\/wp-content\/uploads\/sites\/8\/2022\/02\/3-MMC-powder.jpg\" \/>\n\t<meta property=\"og:image:width\" content=\"350\" \/>\n\t<meta property=\"og:image:height\" content=\"350\" \/>\n\t<meta property=\"og:image:type\" content=\"image\/jpeg\" \/>\n<meta name=\"twitter:card\" content=\"summary_large_image\" \/>\n<meta name=\"twitter:label1\" content=\"Est. reading time\" \/>\n\t<meta name=\"twitter:data1\" content=\"2 minutes\" \/>\n<script type=\"application\/ld+json\" class=\"yoast-schema-graph\">{\"@context\":\"https:\\\/\\\/schema.org\",\"@graph\":[{\"@type\":\"WebPage\",\"@id\":\"https:\\\/\\\/medicinasinc.com\\\/da\\\/product\\\/kob-3-mmc-pulver\\\/\",\"url\":\"https:\\\/\\\/medicinasinc.com\\\/da\\\/product\\\/kob-3-mmc-pulver\\\/\",\"name\":\"K\u00f8b 3-mmc pulver - 3-mmc pulver til salg - Best Global Meds\",\"isPartOf\":{\"@id\":\"https:\\\/\\\/medicinasinc.com\\\/da\\\/#website\"},\"primaryImageOfPage\":{\"@id\":\"https:\\\/\\\/medicinasinc.com\\\/da\\\/product\\\/kob-3-mmc-pulver\\\/#primaryimage\"},\"image\":{\"@id\":\"https:\\\/\\\/medicinasinc.com\\\/da\\\/product\\\/kob-3-mmc-pulver\\\/#primaryimage\"},\"thumbnailUrl\":\"https:\\\/\\\/medicinasinc.com\\\/da\\\/wp-content\\\/uploads\\\/sites\\\/8\\\/2022\\\/02\\\/3-MMC-powder.jpg\",\"datePublished\":\"2022-02-22T03:27:38+00:00\",\"dateModified\":\"2022-03-20T00:30:04+00:00\",\"description\":\"Hvor kan man k\u00f8be 3-mmc pulver til salg i Storbritannien, Europa? Her hos Best Global Meds har vi 3-MMC-pulver af h\u00f8j kvalitet, der er tilg\u00e6ngeligt til salg i krystal-, pellet- og pulverform.\",\"breadcrumb\":{\"@id\":\"https:\\\/\\\/medicinasinc.com\\\/da\\\/product\\\/kob-3-mmc-pulver\\\/#breadcrumb\"},\"inLanguage\":\"en-US\",\"potentialAction\":[{\"@type\":\"ReadAction\",\"target\":[\"https:\\\/\\\/medicinasinc.com\\\/da\\\/product\\\/kob-3-mmc-pulver\\\/\"]}]},{\"@type\":\"ImageObject\",\"inLanguage\":\"en-US\",\"@id\":\"https:\\\/\\\/medicinasinc.com\\\/da\\\/product\\\/kob-3-mmc-pulver\\\/#primaryimage\",\"url\":\"https:\\\/\\\/medicinasinc.com\\\/da\\\/wp-content\\\/uploads\\\/sites\\\/8\\\/2022\\\/02\\\/3-MMC-powder.jpg\",\"contentUrl\":\"https:\\\/\\\/medicinasinc.com\\\/da\\\/wp-content\\\/uploads\\\/sites\\\/8\\\/2022\\\/02\\\/3-MMC-powder.jpg\",\"width\":350,\"height\":350},{\"@type\":\"BreadcrumbList\",\"@id\":\"https:\\\/\\\/medicinasinc.com\\\/da\\\/product\\\/kob-3-mmc-pulver\\\/#breadcrumb\",\"itemListElement\":[{\"@type\":\"ListItem\",\"position\":1,\"name\":\"Butik\",\"item\":\"https:\\\/\\\/medicinasinc.com\\\/da\\\/butik\\\/\"},{\"@type\":\"ListItem\",\"position\":2,\"name\":\"K\u00f8b 3-mmc pulver\"}]},{\"@type\":\"WebSite\",\"@id\":\"https:\\\/\\\/medicinasinc.com\\\/da\\\/#website\",\"url\":\"https:\\\/\\\/medicinasinc.com\\\/da\\\/\",\"name\":\"Medicinas Inc\",\"description\":\"Health Medical Clinic\",\"potentialAction\":[{\"@type\":\"SearchAction\",\"target\":{\"@type\":\"EntryPoint\",\"urlTemplate\":\"https:\\\/\\\/medicinasinc.com\\\/da\\\/?s={search_term_string}\"},\"query-input\":{\"@type\":\"PropertyValueSpecification\",\"valueRequired\":true,\"valueName\":\"search_term_string\"}}],\"inLanguage\":\"en-US\"}]}<\/script>\n<!-- \/ Yoast SEO plugin. -->","yoast_head_json":{"title":"K\u00f8b 3-mmc pulver - 3-mmc pulver til salg - Best Global Meds","description":"Hvor kan man k\u00f8be 3-mmc pulver til salg i Storbritannien, Europa? Her hos Best Global Meds har vi 3-MMC-pulver af h\u00f8j kvalitet, der er tilg\u00e6ngeligt til salg i krystal-, pellet- og pulverform.","robots":{"index":"index","follow":"follow","max-snippet":"max-snippet:-1","max-image-preview":"max-image-preview:large","max-video-preview":"max-video-preview:-1"},"canonical":"https:\/\/medicinasinc.com\/da\/product\/kob-3-mmc-pulver\/","og_locale":"en_US","og_type":"article","og_title":"K\u00f8b 3-mmc pulver - 3-mmc pulver til salg - Best Global Meds","og_description":"Hvor kan man k\u00f8be 3-mmc pulver til salg i Storbritannien, Europa? Her hos Best Global Meds har vi 3-MMC-pulver af h\u00f8j kvalitet, der er tilg\u00e6ngeligt til salg i krystal-, pellet- og pulverform.","og_url":"https:\/\/medicinasinc.com\/da\/product\/kob-3-mmc-pulver\/","og_site_name":"Medicinas Inc","article_modified_time":"2022-03-20T00:30:04+00:00","og_image":[{"width":350,"height":350,"url":"https:\/\/medicinasinc.com\/da\/wp-content\/uploads\/sites\/8\/2022\/02\/3-MMC-powder.jpg","type":"image\/jpeg"}],"twitter_card":"summary_large_image","twitter_misc":{"Est. reading time":"2 minutes"},"schema":{"@context":"https:\/\/schema.org","@graph":[{"@type":"WebPage","@id":"https:\/\/medicinasinc.com\/da\/product\/kob-3-mmc-pulver\/","url":"https:\/\/medicinasinc.com\/da\/product\/kob-3-mmc-pulver\/","name":"K\u00f8b 3-mmc pulver - 3-mmc pulver til salg - Best Global Meds","isPartOf":{"@id":"https:\/\/medicinasinc.com\/da\/#website"},"primaryImageOfPage":{"@id":"https:\/\/medicinasinc.com\/da\/product\/kob-3-mmc-pulver\/#primaryimage"},"image":{"@id":"https:\/\/medicinasinc.com\/da\/product\/kob-3-mmc-pulver\/#primaryimage"},"thumbnailUrl":"https:\/\/medicinasinc.com\/da\/wp-content\/uploads\/sites\/8\/2022\/02\/3-MMC-powder.jpg","datePublished":"2022-02-22T03:27:38+00:00","dateModified":"2022-03-20T00:30:04+00:00","description":"Hvor kan man k\u00f8be 3-mmc pulver til salg i Storbritannien, Europa? Her hos Best Global Meds har vi 3-MMC-pulver af h\u00f8j kvalitet, der er tilg\u00e6ngeligt til salg i krystal-, pellet- og pulverform.","breadcrumb":{"@id":"https:\/\/medicinasinc.com\/da\/product\/kob-3-mmc-pulver\/#breadcrumb"},"inLanguage":"en-US","potentialAction":[{"@type":"ReadAction","target":["https:\/\/medicinasinc.com\/da\/product\/kob-3-mmc-pulver\/"]}]},{"@type":"ImageObject","inLanguage":"en-US","@id":"https:\/\/medicinasinc.com\/da\/product\/kob-3-mmc-pulver\/#primaryimage","url":"https:\/\/medicinasinc.com\/da\/wp-content\/uploads\/sites\/8\/2022\/02\/3-MMC-powder.jpg","contentUrl":"https:\/\/medicinasinc.com\/da\/wp-content\/uploads\/sites\/8\/2022\/02\/3-MMC-powder.jpg","width":350,"height":350},{"@type":"BreadcrumbList","@id":"https:\/\/medicinasinc.com\/da\/product\/kob-3-mmc-pulver\/#breadcrumb","itemListElement":[{"@type":"ListItem","position":1,"name":"Butik","item":"https:\/\/medicinasinc.com\/da\/butik\/"},{"@type":"ListItem","position":2,"name":"K\u00f8b 3-mmc pulver"}]},{"@type":"WebSite","@id":"https:\/\/medicinasinc.com\/da\/#website","url":"https:\/\/medicinasinc.com\/da\/","name":"Medicinas Inc","description":"Health Medical Clinic","potentialAction":[{"@type":"SearchAction","target":{"@type":"EntryPoint","urlTemplate":"https:\/\/medicinasinc.com\/da\/?s={search_term_string}"},"query-input":{"@type":"PropertyValueSpecification","valueRequired":true,"valueName":"search_term_string"}}],"inLanguage":"en-US"}]}},"_links":{"self":[{"href":"https:\/\/medicinasinc.com\/da\/wp-json\/wp\/v2\/product\/5653","targetHints":{"allow":["GET"]}}],"collection":[{"href":"https:\/\/medicinasinc.com\/da\/wp-json\/wp\/v2\/product"}],"about":[{"href":"https:\/\/medicinasinc.com\/da\/wp-json\/wp\/v2\/types\/product"}],"replies":[{"embeddable":true,"href":"https:\/\/medicinasinc.com\/da\/wp-json\/wp\/v2\/comments?post=5653"}],"wp:featuredmedia":[{"embeddable":true,"href":"https:\/\/medicinasinc.com\/da\/wp-json\/wp\/v2\/media\/5664"}],"wp:attachment":[{"href":"https:\/\/medicinasinc.com\/da\/wp-json\/wp\/v2\/media?parent=5653"}],"wp:term":[{"taxonomy":"product_brand","embeddable":true,"href":"https:\/\/medicinasinc.com\/da\/wp-json\/wp\/v2\/product_brand?post=5653"},{"taxonomy":"product_cat","embeddable":true,"href":"https:\/\/medicinasinc.com\/da\/wp-json\/wp\/v2\/product_cat?post=5653"},{"taxonomy":"product_tag","embeddable":true,"href":"https:\/\/medicinasinc.com\/da\/wp-json\/wp\/v2\/product_tag?post=5653"}],"curies":[{"name":"wp","href":"https:\/\/api.w.org\/{rel}","templated":true}]}}