{"id":5652,"date":"2022-02-22T03:24:25","date_gmt":"2022-02-22T03:24:25","guid":{"rendered":"https:\/\/medicinasinc.com\/da\/?post_type=product&#038;p=5652"},"modified":"2022-03-20T00:30:18","modified_gmt":"2022-03-20T00:30:18","slug":"kob-hurtigt-solv-badesalt","status":"publish","type":"product","link":"https:\/\/medicinasinc.com\/da\/product\/kob-hurtigt-solv-badesalt\/","title":{"rendered":"K\u00f8b Quicksilver Badesalt"},"content":{"rendered":"<p><strong>Du kan k\u00f8be Quick Silver Bath Salt p\u00e5 internettet.<\/strong><\/p>\n<p>I Storbritannien, Europa og Australien kan du k\u00f8be Quicksilver Bath Salt for mange penge. Folk, der k\u00f8ber hos os, kan v\u00e6re sikre p\u00e5, at de f\u00e5r, hvad de betaler for. Nu er det bedste tidspunkt at k\u00f8be Quicksilver Bath Salt til de bedste priser.<\/p>\n<div class=\"product-next-previous\">\n<div class=\"product-prev\"><\/div><\/div>\n","protected":false},"excerpt":{"rendered":"<div class=\"woocommerce-product-details__short-description\">\n<p>Koncentreret badesalt fra de bedste m\u00e6rker. methylaminopropan: Methiopropamin er 1-thiophen-2-yl 2-methylaminopropan.<\/p>\n<p>Til den bedste pris kan du k\u00f8be QuickSilver Badesalt online. Vi lover sikker og sikker forsendelse over hele verden.<\/p>\n<p>Shop for 1000mg QuickSilver Badesalt online. Koncentreret badesalt fra de bedste m\u00e6rker. 1-(thiophen-2-yl)-2-methylaminopropan kaldes methiopropamin.<\/p>\n<\/p><\/div>\n","protected":false},"featured_media":5662,"comment_status":"open","ping_status":"closed","template":"","meta":[],"product_brand":[],"product_cat":[2014],"product_tag":[3440,3433,3434,3438,3439,3435,3436,3437,3432,3095,3441,3442,3483,3484,3485,3486,3487,3470,3443,3444,3445,3446,3447,3450,3452,3455,3458,3461,3462,3463,3464,3467,3469,3471,3473,3474,3083,3475,3490,3496,3499,3498,3497,3476,3468,3451,3488,3448,3449,3453,3454,3456,3457,3459,3460,3466,3097,3465,3472,3489,3478,3477,3165,3482,3481,3480,3493,3492,3491,3494,3479,3495],"class_list":{"0":"post-5652","1":"product","2":"type-product","3":"status-publish","4":"has-post-thumbnail","6":"product_cat-kb-forskningskemikalier","7":"product_tag-badesalt","8":"product_tag-badesalt-stof","9":"product_tag-badesalt-lgemiddel-til-salg-online","10":"product_tag-badesalt-online-butik","11":"product_tag-badesalt-salg-online","12":"product_tag-badesalt-lgemiddel-salg-online","13":"product_tag-badesalt-til-salg-online","14":"product_tag-badesalt-til-salg-online-med-kreditkort","15":"product_tag-badesalte","16":"product_tag-bath-salts-for-sale","17":"product_tag-bedste-badesalte","18":"product_tag-bedste-kvalitet-online-badesalte","19":"product_tag-bestille-badesalt-stof-online","20":"product_tag-bestil-badesalt-online","21":"product_tag-bestil-badesalt-online-badesalt-engros","22":"product_tag-bestil-badesalt-online-torsk","23":"product_tag-bestil-badesalt-online-med-kreditkort","24":"product_tag-billig-badesalte","25":"product_tag-buy-amped-novelty-powder-500mg","26":"product_tag-buy-bath-salts-cod","27":"product_tag-buy-bath-salts-drug-online","28":"product_tag-buy-bath-salts-online","29":"product_tag-buy-bath-salts-online-legal","30":"product_tag-buy-bath-salts-online-with-credit-cards","31":"product_tag-buy-cheap-bath-salts-order-bath-salts-drug-online","32":"product_tag-buy-ivory-wave-for-sale-online","33":"product_tag-buy-pump-it-bath-salt-1000mg","34":"product_tag-buy-quick-silver-bath-salts-australia","35":"product_tag-buy-quick-silver-bath-salts-canada","36":"product_tag-buy-quick-silver-bath-salts-online","37":"product_tag-buy-quick-silver-bath-salts-usa","38":"product_tag-buy-synthetic-bath-salts-online","39":"product_tag-can-you-still-buy-bath-salts","40":"product_tag-sky-9-bade-salt","41":"product_tag-diskrete-badesalt-forhandlere-online","42":"product_tag-eight-ballz-bath-salt-for-sale-online","43":"product_tag-elfenben-blge-badesalte","44":"product_tag-find-legit-badesalt-leverandrer-online","45":"product_tag-hurtig-slv-badesalte","46":"product_tag-hvad-gr-badesalt-gr","47":"product_tag-hvor-kan-jeg-bestille-mdpv-badesalt-online","48":"product_tag-hvor-kan-jeg-f-badesalt","49":"product_tag-hvor-kan-jeg-kbe-badesalt-online","50":"product_tag-ivory-wave","51":"product_tag-kan-du-kbe-badesalt-i-butikker","52":"product_tag-kb-badesalt-med-paypal-online","53":"product_tag-kb-badesalt-online","54":"product_tag-kb-badesalt-online-hvor-kan-jeg-kbe-badesalt-online","55":"product_tag-kb-badesalt-online-med-kreditkort","56":"product_tag-kb-otte-ballz-badesalt-online","57":"product_tag-kb-eleven-blge-badesalt-1000mg","58":"product_tag-kb-k2-badesalt-online","59":"product_tag-kb-mephedrone-badesalt-online-med-kreditkort","60":"product_tag-kb-hurtigt-slv","61":"product_tag-kb-hurtigt-slv-badesalt-online","62":"product_tag-kb-sextacy-badesalt-online","63":"product_tag-kb-badesalt","64":"product_tag-kb-forskning-kemikalier-ordre","65":"product_tag-koncentreret-badesalte","66":"product_tag-kvalitets-badesalt-lgemiddel-til-salg-online","67":"product_tag-legit-badesalt-leverandrer-online","68":"product_tag-lovlige-badesalt-til-salg-online","69":"product_tag-mdpv-badesalt-til-salg","70":"product_tag-mefedron","71":"product_tag-mefedron-badesalt-hvor-kan-kbes","72":"product_tag-mefedron-badesalt-til-salg","73":"product_tag-hurtig-slv-badesalt-leverandr-forskningskemikalier","74":"product_tag-hurtig-slv-badesalt-online","75":"product_tag-hurtig-slv-badesalt-til-salg","76":"product_tag-sikreste-netbutik-til-kbe-badesalt","77":"product_tag-sger-at-kbe-badesalt-sl-online","78":"product_tag-vanilje-himmel-badesalte-til-salg","80":"first","81":"instock","82":"shipping-taxable","83":"purchasable","84":"product-type-variable","85":"has-default-attributes"},"yoast_head":"<!-- This site is optimized with the Yoast SEO plugin v27.3 - https:\/\/yoast.com\/product\/yoast-seo-wordpress\/ -->\n<title>K\u00f8b Quick Silver Bath Salt - Quick Silver Bath Salt - Best Global Meds<\/title>\n<meta name=\"description\" content=\"K\u00f8b Quicksilver badesalt til salg i Storbritannien, Europa, AU. vi tilbyder den mest p\u00e5lidelige transaktion og s\u00e6lger til meget overkommelige priser. Bestil Quicksilver Badesalt nu til de bedste priser\" \/>\n<meta name=\"robots\" content=\"index, follow, max-snippet:-1, max-image-preview:large, max-video-preview:-1\" \/>\n<link rel=\"canonical\" href=\"https:\/\/medicinasinc.com\/da\/product\/kob-hurtigt-solv-badesalt\/\" \/>\n<meta property=\"og:locale\" content=\"en_US\" \/>\n<meta property=\"og:type\" content=\"article\" \/>\n<meta property=\"og:title\" content=\"K\u00f8b Quick Silver Bath Salt - Quick Silver Bath Salt - Best Global Meds\" \/>\n<meta property=\"og:description\" content=\"K\u00f8b Quicksilver badesalt til salg i Storbritannien, Europa, AU. vi tilbyder den mest p\u00e5lidelige transaktion og s\u00e6lger til meget overkommelige priser. Bestil Quicksilver Badesalt nu til de bedste priser\" \/>\n<meta property=\"og:url\" content=\"https:\/\/medicinasinc.com\/da\/product\/kob-hurtigt-solv-badesalt\/\" \/>\n<meta property=\"og:site_name\" content=\"Medicinas Inc\" \/>\n<meta property=\"article:modified_time\" content=\"2022-03-20T00:30:18+00:00\" \/>\n<meta property=\"og:image\" content=\"https:\/\/medicinasinc.com\/da\/wp-content\/uploads\/sites\/8\/2022\/02\/Buy-Quicksilver-Bath-Salt.jpg\" \/>\n\t<meta property=\"og:image:width\" content=\"600\" \/>\n\t<meta property=\"og:image:height\" content=\"599\" \/>\n\t<meta property=\"og:image:type\" content=\"image\/jpeg\" \/>\n<meta name=\"twitter:card\" content=\"summary_large_image\" \/>\n<meta name=\"twitter:label1\" content=\"Est. reading time\" \/>\n\t<meta name=\"twitter:data1\" content=\"1 minute\" \/>\n<script type=\"application\/ld+json\" class=\"yoast-schema-graph\">{\"@context\":\"https:\\\/\\\/schema.org\",\"@graph\":[{\"@type\":\"WebPage\",\"@id\":\"https:\\\/\\\/medicinasinc.com\\\/da\\\/product\\\/kob-hurtigt-solv-badesalt\\\/\",\"url\":\"https:\\\/\\\/medicinasinc.com\\\/da\\\/product\\\/kob-hurtigt-solv-badesalt\\\/\",\"name\":\"K\u00f8b Quick Silver Bath Salt - Quick Silver Bath Salt - Best Global Meds\",\"isPartOf\":{\"@id\":\"https:\\\/\\\/medicinasinc.com\\\/da\\\/#website\"},\"primaryImageOfPage\":{\"@id\":\"https:\\\/\\\/medicinasinc.com\\\/da\\\/product\\\/kob-hurtigt-solv-badesalt\\\/#primaryimage\"},\"image\":{\"@id\":\"https:\\\/\\\/medicinasinc.com\\\/da\\\/product\\\/kob-hurtigt-solv-badesalt\\\/#primaryimage\"},\"thumbnailUrl\":\"https:\\\/\\\/medicinasinc.com\\\/da\\\/wp-content\\\/uploads\\\/sites\\\/8\\\/2022\\\/02\\\/Buy-Quicksilver-Bath-Salt.jpg\",\"datePublished\":\"2022-02-22T03:24:25+00:00\",\"dateModified\":\"2022-03-20T00:30:18+00:00\",\"description\":\"K\u00f8b Quicksilver badesalt til salg i Storbritannien, Europa, AU. vi tilbyder den mest p\u00e5lidelige transaktion og s\u00e6lger til meget overkommelige priser. Bestil Quicksilver Badesalt nu til de bedste priser\",\"breadcrumb\":{\"@id\":\"https:\\\/\\\/medicinasinc.com\\\/da\\\/product\\\/kob-hurtigt-solv-badesalt\\\/#breadcrumb\"},\"inLanguage\":\"en-US\",\"potentialAction\":[{\"@type\":\"ReadAction\",\"target\":[\"https:\\\/\\\/medicinasinc.com\\\/da\\\/product\\\/kob-hurtigt-solv-badesalt\\\/\"]}]},{\"@type\":\"ImageObject\",\"inLanguage\":\"en-US\",\"@id\":\"https:\\\/\\\/medicinasinc.com\\\/da\\\/product\\\/kob-hurtigt-solv-badesalt\\\/#primaryimage\",\"url\":\"https:\\\/\\\/medicinasinc.com\\\/da\\\/wp-content\\\/uploads\\\/sites\\\/8\\\/2022\\\/02\\\/Buy-Quicksilver-Bath-Salt.jpg\",\"contentUrl\":\"https:\\\/\\\/medicinasinc.com\\\/da\\\/wp-content\\\/uploads\\\/sites\\\/8\\\/2022\\\/02\\\/Buy-Quicksilver-Bath-Salt.jpg\",\"width\":600,\"height\":599},{\"@type\":\"BreadcrumbList\",\"@id\":\"https:\\\/\\\/medicinasinc.com\\\/da\\\/product\\\/kob-hurtigt-solv-badesalt\\\/#breadcrumb\",\"itemListElement\":[{\"@type\":\"ListItem\",\"position\":1,\"name\":\"Butik\",\"item\":\"https:\\\/\\\/medicinasinc.com\\\/da\\\/butik\\\/\"},{\"@type\":\"ListItem\",\"position\":2,\"name\":\"K\u00f8b Quicksilver Badesalt\"}]},{\"@type\":\"WebSite\",\"@id\":\"https:\\\/\\\/medicinasinc.com\\\/da\\\/#website\",\"url\":\"https:\\\/\\\/medicinasinc.com\\\/da\\\/\",\"name\":\"Medicinas Inc\",\"description\":\"Health Medical Clinic\",\"potentialAction\":[{\"@type\":\"SearchAction\",\"target\":{\"@type\":\"EntryPoint\",\"urlTemplate\":\"https:\\\/\\\/medicinasinc.com\\\/da\\\/?s={search_term_string}\"},\"query-input\":{\"@type\":\"PropertyValueSpecification\",\"valueRequired\":true,\"valueName\":\"search_term_string\"}}],\"inLanguage\":\"en-US\"}]}<\/script>\n<!-- \/ Yoast SEO plugin. -->","yoast_head_json":{"title":"K\u00f8b Quick Silver Bath Salt - Quick Silver Bath Salt - Best Global Meds","description":"K\u00f8b Quicksilver badesalt til salg i Storbritannien, Europa, AU. vi tilbyder den mest p\u00e5lidelige transaktion og s\u00e6lger til meget overkommelige priser. Bestil Quicksilver Badesalt nu til de bedste priser","robots":{"index":"index","follow":"follow","max-snippet":"max-snippet:-1","max-image-preview":"max-image-preview:large","max-video-preview":"max-video-preview:-1"},"canonical":"https:\/\/medicinasinc.com\/da\/product\/kob-hurtigt-solv-badesalt\/","og_locale":"en_US","og_type":"article","og_title":"K\u00f8b Quick Silver Bath Salt - Quick Silver Bath Salt - Best Global Meds","og_description":"K\u00f8b Quicksilver badesalt til salg i Storbritannien, Europa, AU. vi tilbyder den mest p\u00e5lidelige transaktion og s\u00e6lger til meget overkommelige priser. Bestil Quicksilver Badesalt nu til de bedste priser","og_url":"https:\/\/medicinasinc.com\/da\/product\/kob-hurtigt-solv-badesalt\/","og_site_name":"Medicinas Inc","article_modified_time":"2022-03-20T00:30:18+00:00","og_image":[{"width":600,"height":599,"url":"https:\/\/medicinasinc.com\/da\/wp-content\/uploads\/sites\/8\/2022\/02\/Buy-Quicksilver-Bath-Salt.jpg","type":"image\/jpeg"}],"twitter_card":"summary_large_image","twitter_misc":{"Est. reading time":"1 minute"},"schema":{"@context":"https:\/\/schema.org","@graph":[{"@type":"WebPage","@id":"https:\/\/medicinasinc.com\/da\/product\/kob-hurtigt-solv-badesalt\/","url":"https:\/\/medicinasinc.com\/da\/product\/kob-hurtigt-solv-badesalt\/","name":"K\u00f8b Quick Silver Bath Salt - Quick Silver Bath Salt - Best Global Meds","isPartOf":{"@id":"https:\/\/medicinasinc.com\/da\/#website"},"primaryImageOfPage":{"@id":"https:\/\/medicinasinc.com\/da\/product\/kob-hurtigt-solv-badesalt\/#primaryimage"},"image":{"@id":"https:\/\/medicinasinc.com\/da\/product\/kob-hurtigt-solv-badesalt\/#primaryimage"},"thumbnailUrl":"https:\/\/medicinasinc.com\/da\/wp-content\/uploads\/sites\/8\/2022\/02\/Buy-Quicksilver-Bath-Salt.jpg","datePublished":"2022-02-22T03:24:25+00:00","dateModified":"2022-03-20T00:30:18+00:00","description":"K\u00f8b Quicksilver badesalt til salg i Storbritannien, Europa, AU. vi tilbyder den mest p\u00e5lidelige transaktion og s\u00e6lger til meget overkommelige priser. Bestil Quicksilver Badesalt nu til de bedste priser","breadcrumb":{"@id":"https:\/\/medicinasinc.com\/da\/product\/kob-hurtigt-solv-badesalt\/#breadcrumb"},"inLanguage":"en-US","potentialAction":[{"@type":"ReadAction","target":["https:\/\/medicinasinc.com\/da\/product\/kob-hurtigt-solv-badesalt\/"]}]},{"@type":"ImageObject","inLanguage":"en-US","@id":"https:\/\/medicinasinc.com\/da\/product\/kob-hurtigt-solv-badesalt\/#primaryimage","url":"https:\/\/medicinasinc.com\/da\/wp-content\/uploads\/sites\/8\/2022\/02\/Buy-Quicksilver-Bath-Salt.jpg","contentUrl":"https:\/\/medicinasinc.com\/da\/wp-content\/uploads\/sites\/8\/2022\/02\/Buy-Quicksilver-Bath-Salt.jpg","width":600,"height":599},{"@type":"BreadcrumbList","@id":"https:\/\/medicinasinc.com\/da\/product\/kob-hurtigt-solv-badesalt\/#breadcrumb","itemListElement":[{"@type":"ListItem","position":1,"name":"Butik","item":"https:\/\/medicinasinc.com\/da\/butik\/"},{"@type":"ListItem","position":2,"name":"K\u00f8b Quicksilver Badesalt"}]},{"@type":"WebSite","@id":"https:\/\/medicinasinc.com\/da\/#website","url":"https:\/\/medicinasinc.com\/da\/","name":"Medicinas Inc","description":"Health Medical Clinic","potentialAction":[{"@type":"SearchAction","target":{"@type":"EntryPoint","urlTemplate":"https:\/\/medicinasinc.com\/da\/?s={search_term_string}"},"query-input":{"@type":"PropertyValueSpecification","valueRequired":true,"valueName":"search_term_string"}}],"inLanguage":"en-US"}]}},"_links":{"self":[{"href":"https:\/\/medicinasinc.com\/da\/wp-json\/wp\/v2\/product\/5652","targetHints":{"allow":["GET"]}}],"collection":[{"href":"https:\/\/medicinasinc.com\/da\/wp-json\/wp\/v2\/product"}],"about":[{"href":"https:\/\/medicinasinc.com\/da\/wp-json\/wp\/v2\/types\/product"}],"replies":[{"embeddable":true,"href":"https:\/\/medicinasinc.com\/da\/wp-json\/wp\/v2\/comments?post=5652"}],"wp:featuredmedia":[{"embeddable":true,"href":"https:\/\/medicinasinc.com\/da\/wp-json\/wp\/v2\/media\/5662"}],"wp:attachment":[{"href":"https:\/\/medicinasinc.com\/da\/wp-json\/wp\/v2\/media?parent=5652"}],"wp:term":[{"taxonomy":"product_brand","embeddable":true,"href":"https:\/\/medicinasinc.com\/da\/wp-json\/wp\/v2\/product_brand?post=5652"},{"taxonomy":"product_cat","embeddable":true,"href":"https:\/\/medicinasinc.com\/da\/wp-json\/wp\/v2\/product_cat?post=5652"},{"taxonomy":"product_tag","embeddable":true,"href":"https:\/\/medicinasinc.com\/da\/wp-json\/wp\/v2\/product_tag?post=5652"}],"curies":[{"name":"wp","href":"https:\/\/api.w.org\/{rel}","templated":true}]}}