{"id":5651,"date":"2022-02-22T03:22:57","date_gmt":"2022-02-22T03:22:57","guid":{"rendered":"https:\/\/medicinasinc.com\/da\/?post_type=product&#038;p=5651"},"modified":"2022-03-20T00:30:27","modified_gmt":"2022-03-20T00:30:27","slug":"kobe-oxycodon-pulver","status":"publish","type":"product","link":"https:\/\/medicinasinc.com\/da\/product\/kobe-oxycodon-pulver\/","title":{"rendered":"K\u00f8b oxycodonpulver"},"content":{"rendered":"<p>Du kan k\u00f8be oxycodonpulver af h\u00f8j kvalitet fra et websted som dette:<br \/> Oxycodonpulver til salg kan hj\u00e6lpe dig med at afslutte dine smerter og f\u00e5 det bedre.<\/p>\n<p>Oxycodon er i en gruppe l\u00e6gemidler, der kaldes narkotiske analgetika. Det bruges til at behandle kroniske smerter, der er meget slemme, n\u00e5r andre behandlinger ikke virker godt nok. Receptpligtige former for dette l\u00e6gemiddel er beregnet til at hj\u00e6lpe folk, der har gigt, kr\u00e6ft eller andre fysiske problemer hele dagen lang. Den m\u00e5de, det virker p\u00e5, svarer til, hvordan andre opiater virker. Det binder sig til receptorer i hjernen og \u00e6ndrer, hvordan hjernen reagerer p\u00e5 smerte.<\/p>\n<p>Oxycodonpulver til salg er en kraftfuld ingrediens i en r\u00e6kke smertestillende midler, der findes i forskellige former og st\u00f8rrelser. Det gives normalt sammen med ibuprofen og aspirin, men det kan ogs\u00e5 gives alene.<\/p>\n<p>Oxycodonpulver kan k\u00f8bes online fra den mest kendte butik i USA.<\/p>\n<p>Bestgoalmeds. com\u00a0Shop er en v\u00e6rdidrevet virksomhed, der har solgt de bedste l\u00e6gemidler i mere end 15 \u00e5r. I vores butik kan du k\u00f8be oxycodonpulver, der er blevet kontrolleret for kvalitet i et autoriseret laboratorium. Fra USA til Asien betjener vi kunder fra hele verden. Det er nemt at k\u00f8be vores produkter, fordi de er lovlige, og du beh\u00f8ver ikke at bekymre dig om noget. N\u00e5r det kommer til os, holder vi alt privat, fordi vi v\u00e6rds\u00e6tter dit privatliv. Kontakt os venligst, hvis du har sp\u00f8rgsm\u00e5l eller bekymringer!<\/p>\n","protected":false},"excerpt":{"rendered":"<div class=\"woocommerce-product-details__short-description\">\n<p>K\u00f8b oxycodonpulver i Storbritannien og Europa p\u00e5 Bestglobalmeds.com, hvor du hurtigt kan f\u00e5 det fra hele verden. Det er her, du kan k\u00f8be det bedste oxycodonpulver, du kan finde.<\/p>\n<p>Du kan k\u00f8be oxycodonpulver af h\u00f8j kvalitet online til moderate til st\u00e6rke smerter, n\u00e5r du skal v\u00e6re smertefri hele dagen og natten i lang tid tid.<\/p>\n<p>Du kan k\u00f8be Oxycodone-pulver p\u00e5 internettet til den bedste pris. USpharma Shop er et velkendt onlineapotek, der s\u00e6lger lovlige l\u00e6gemidler. Bestil online og spar dig selv b\u00e5de tid og penge.<\/p>\n<p>Oxycodon (Bulk) er 100 % pulver. Oxycodon er det generiske navn (bulk). Se den gratis kupon. I dette afsnit l\u00e6rer du, hvordan du bruger, hvad det g\u00f8r, hvad det kan, og hvordan du undg\u00e5r det.<\/p>\n<p>En af de mange alkaloider i den persiske valmue hedder thebain, og oxycodonpulver er lavet af denne alkaloid. Oxycodonpulver er et hvidt, lugtfrit, krystallinsk pulver, der er lavet af denne alkaloid. Oxycodonhydrochlorid opl\u00f8ses i vand (1 g i 6 til 7 ml) og er en lille smule opl\u00f8seligt i alkohol, men ikke s\u00e6rlig meget (octanolvandfordelingskoefficient er 0,7).<\/p>\n<p>Oxycodonhydrochlorid best\u00e5r af 4 , 5a-epoxy-14-hydroxy-3-methoxy-17-methylmorphinan-6-on hydrochlorid, som er det kemiske navn.<\/p>\n<p>Et semisyntetisk opioidanalgetikum kaldet oxycodonpulver bruges til at behandle moderat til voldsom smerte. Oxycodonpulver bruges normalt til at behandle moderat til sv\u00e6r smerte. Da Oxycodon blev fremstillet i Tyskland i 1917, var det en af \u200b\u200ben gruppe af semisyntetiske opioider, der blev lavet for at forbedre de eksisterende opioider.<\/p>\n<\/p><\/div>\n","protected":false},"featured_media":5660,"comment_status":"open","ping_status":"closed","template":"","meta":[],"product_brand":[],"product_cat":[2014],"product_tag":[3415,3417,3416,3431,3419,3420,3418,3427,3428,3424,3430,3421,3422,3423,3426,3425,3429],"class_list":{"0":"post-5651","1":"product","2":"type-product","3":"status-publish","4":"has-post-thumbnail","6":"product_cat-kb-forskningskemikalier","7":"product_tag-bedste-sted-at-kbe-oxycodon-pulver","8":"product_tag-ordre-oxycodon-pulver","9":"product_tag-buy-oxycodone-powder","10":"product_tag-hvor-kan-kbes-oxycodon-pulver","11":"product_tag-oxycodon-pulver-effekt","12":"product_tag-oxycodon-pulver-europa","13":"product_tag-oxycodon-pulver-kb","14":"product_tag-oxycodon-pulver-orden","15":"product_tag-oxycodon-pulver-ordre-uk","16":"product_tag-oxycodon-pulver-mail","17":"product_tag-oxycodon-pulver-salg","18":"product_tag-oxycodon-pulver-til-salg","19":"product_tag-oxycodon-pulver-til-salg-uk","20":"product_tag-oxycodon-pulver-tyskland","21":"product_tag-oxycodone-powder-online","22":"product_tag-oxycodonpulver-postordre","23":"product_tag-oxycodon-powder-reddit","25":"first","26":"instock","27":"shipping-taxable","28":"purchasable","29":"product-type-variable","30":"has-default-attributes"},"yoast_head":"<!-- This site is optimized with the Yoast SEO plugin v27.3 - https:\/\/yoast.com\/product\/yoast-seo-wordpress\/ -->\n<title>K\u00f8b oxycodonpulver - oxycodonpulver - Best Global Meds<\/title>\n<meta name=\"description\" content=\"K\u00f8b oxycodonpulver i Storbritannien, Europa i vores Bestglobalmeds.com onlinebutik med hurtig levering over hele verden! Det bedste oxycodonpulver til bestilling finder du her!\" \/>\n<meta name=\"robots\" content=\"index, follow, max-snippet:-1, max-image-preview:large, max-video-preview:-1\" \/>\n<link rel=\"canonical\" href=\"https:\/\/medicinasinc.com\/da\/product\/kobe-oxycodon-pulver\/\" \/>\n<meta property=\"og:locale\" content=\"en_US\" \/>\n<meta property=\"og:type\" content=\"article\" \/>\n<meta property=\"og:title\" content=\"K\u00f8b oxycodonpulver - oxycodonpulver - Best Global Meds\" \/>\n<meta property=\"og:description\" content=\"K\u00f8b oxycodonpulver i Storbritannien, Europa i vores Bestglobalmeds.com onlinebutik med hurtig levering over hele verden! Det bedste oxycodonpulver til bestilling finder du her!\" \/>\n<meta property=\"og:url\" content=\"https:\/\/medicinasinc.com\/da\/product\/kobe-oxycodon-pulver\/\" \/>\n<meta property=\"og:site_name\" content=\"Medicinas Inc\" \/>\n<meta property=\"article:modified_time\" content=\"2022-03-20T00:30:27+00:00\" \/>\n<meta property=\"og:image\" content=\"https:\/\/medicinasinc.com\/da\/wp-content\/uploads\/sites\/8\/2022\/02\/Buy-oxycodone-powder.jpeg\" \/>\n\t<meta property=\"og:image:width\" content=\"510\" \/>\n\t<meta property=\"og:image:height\" content=\"389\" \/>\n\t<meta property=\"og:image:type\" content=\"image\/jpeg\" \/>\n<meta name=\"twitter:card\" content=\"summary_large_image\" \/>\n<meta name=\"twitter:label1\" content=\"Est. reading time\" \/>\n\t<meta name=\"twitter:data1\" content=\"2 minutes\" \/>\n<script type=\"application\/ld+json\" class=\"yoast-schema-graph\">{\"@context\":\"https:\\\/\\\/schema.org\",\"@graph\":[{\"@type\":\"WebPage\",\"@id\":\"https:\\\/\\\/medicinasinc.com\\\/da\\\/product\\\/kobe-oxycodon-pulver\\\/\",\"url\":\"https:\\\/\\\/medicinasinc.com\\\/da\\\/product\\\/kobe-oxycodon-pulver\\\/\",\"name\":\"K\u00f8b oxycodonpulver - oxycodonpulver - Best Global Meds\",\"isPartOf\":{\"@id\":\"https:\\\/\\\/medicinasinc.com\\\/da\\\/#website\"},\"primaryImageOfPage\":{\"@id\":\"https:\\\/\\\/medicinasinc.com\\\/da\\\/product\\\/kobe-oxycodon-pulver\\\/#primaryimage\"},\"image\":{\"@id\":\"https:\\\/\\\/medicinasinc.com\\\/da\\\/product\\\/kobe-oxycodon-pulver\\\/#primaryimage\"},\"thumbnailUrl\":\"https:\\\/\\\/medicinasinc.com\\\/da\\\/wp-content\\\/uploads\\\/sites\\\/8\\\/2022\\\/02\\\/Buy-oxycodone-powder.jpeg\",\"datePublished\":\"2022-02-22T03:22:57+00:00\",\"dateModified\":\"2022-03-20T00:30:27+00:00\",\"description\":\"K\u00f8b oxycodonpulver i Storbritannien, Europa i vores Bestglobalmeds.com onlinebutik med hurtig levering over hele verden! Det bedste oxycodonpulver til bestilling finder du her!\",\"breadcrumb\":{\"@id\":\"https:\\\/\\\/medicinasinc.com\\\/da\\\/product\\\/kobe-oxycodon-pulver\\\/#breadcrumb\"},\"inLanguage\":\"en-US\",\"potentialAction\":[{\"@type\":\"ReadAction\",\"target\":[\"https:\\\/\\\/medicinasinc.com\\\/da\\\/product\\\/kobe-oxycodon-pulver\\\/\"]}]},{\"@type\":\"ImageObject\",\"inLanguage\":\"en-US\",\"@id\":\"https:\\\/\\\/medicinasinc.com\\\/da\\\/product\\\/kobe-oxycodon-pulver\\\/#primaryimage\",\"url\":\"https:\\\/\\\/medicinasinc.com\\\/da\\\/wp-content\\\/uploads\\\/sites\\\/8\\\/2022\\\/02\\\/Buy-oxycodone-powder.jpeg\",\"contentUrl\":\"https:\\\/\\\/medicinasinc.com\\\/da\\\/wp-content\\\/uploads\\\/sites\\\/8\\\/2022\\\/02\\\/Buy-oxycodone-powder.jpeg\",\"width\":510,\"height\":389},{\"@type\":\"BreadcrumbList\",\"@id\":\"https:\\\/\\\/medicinasinc.com\\\/da\\\/product\\\/kobe-oxycodon-pulver\\\/#breadcrumb\",\"itemListElement\":[{\"@type\":\"ListItem\",\"position\":1,\"name\":\"Butik\",\"item\":\"https:\\\/\\\/medicinasinc.com\\\/da\\\/butik\\\/\"},{\"@type\":\"ListItem\",\"position\":2,\"name\":\"K\u00f8b oxycodonpulver\"}]},{\"@type\":\"WebSite\",\"@id\":\"https:\\\/\\\/medicinasinc.com\\\/da\\\/#website\",\"url\":\"https:\\\/\\\/medicinasinc.com\\\/da\\\/\",\"name\":\"Medicinas Inc\",\"description\":\"Health Medical Clinic\",\"potentialAction\":[{\"@type\":\"SearchAction\",\"target\":{\"@type\":\"EntryPoint\",\"urlTemplate\":\"https:\\\/\\\/medicinasinc.com\\\/da\\\/?s={search_term_string}\"},\"query-input\":{\"@type\":\"PropertyValueSpecification\",\"valueRequired\":true,\"valueName\":\"search_term_string\"}}],\"inLanguage\":\"en-US\"}]}<\/script>\n<!-- \/ Yoast SEO plugin. -->","yoast_head_json":{"title":"K\u00f8b oxycodonpulver - oxycodonpulver - Best Global Meds","description":"K\u00f8b oxycodonpulver i Storbritannien, Europa i vores Bestglobalmeds.com onlinebutik med hurtig levering over hele verden! Det bedste oxycodonpulver til bestilling finder du her!","robots":{"index":"index","follow":"follow","max-snippet":"max-snippet:-1","max-image-preview":"max-image-preview:large","max-video-preview":"max-video-preview:-1"},"canonical":"https:\/\/medicinasinc.com\/da\/product\/kobe-oxycodon-pulver\/","og_locale":"en_US","og_type":"article","og_title":"K\u00f8b oxycodonpulver - oxycodonpulver - Best Global Meds","og_description":"K\u00f8b oxycodonpulver i Storbritannien, Europa i vores Bestglobalmeds.com onlinebutik med hurtig levering over hele verden! Det bedste oxycodonpulver til bestilling finder du her!","og_url":"https:\/\/medicinasinc.com\/da\/product\/kobe-oxycodon-pulver\/","og_site_name":"Medicinas Inc","article_modified_time":"2022-03-20T00:30:27+00:00","og_image":[{"width":510,"height":389,"url":"https:\/\/medicinasinc.com\/da\/wp-content\/uploads\/sites\/8\/2022\/02\/Buy-oxycodone-powder.jpeg","type":"image\/jpeg"}],"twitter_card":"summary_large_image","twitter_misc":{"Est. reading time":"2 minutes"},"schema":{"@context":"https:\/\/schema.org","@graph":[{"@type":"WebPage","@id":"https:\/\/medicinasinc.com\/da\/product\/kobe-oxycodon-pulver\/","url":"https:\/\/medicinasinc.com\/da\/product\/kobe-oxycodon-pulver\/","name":"K\u00f8b oxycodonpulver - oxycodonpulver - Best Global Meds","isPartOf":{"@id":"https:\/\/medicinasinc.com\/da\/#website"},"primaryImageOfPage":{"@id":"https:\/\/medicinasinc.com\/da\/product\/kobe-oxycodon-pulver\/#primaryimage"},"image":{"@id":"https:\/\/medicinasinc.com\/da\/product\/kobe-oxycodon-pulver\/#primaryimage"},"thumbnailUrl":"https:\/\/medicinasinc.com\/da\/wp-content\/uploads\/sites\/8\/2022\/02\/Buy-oxycodone-powder.jpeg","datePublished":"2022-02-22T03:22:57+00:00","dateModified":"2022-03-20T00:30:27+00:00","description":"K\u00f8b oxycodonpulver i Storbritannien, Europa i vores Bestglobalmeds.com onlinebutik med hurtig levering over hele verden! Det bedste oxycodonpulver til bestilling finder du her!","breadcrumb":{"@id":"https:\/\/medicinasinc.com\/da\/product\/kobe-oxycodon-pulver\/#breadcrumb"},"inLanguage":"en-US","potentialAction":[{"@type":"ReadAction","target":["https:\/\/medicinasinc.com\/da\/product\/kobe-oxycodon-pulver\/"]}]},{"@type":"ImageObject","inLanguage":"en-US","@id":"https:\/\/medicinasinc.com\/da\/product\/kobe-oxycodon-pulver\/#primaryimage","url":"https:\/\/medicinasinc.com\/da\/wp-content\/uploads\/sites\/8\/2022\/02\/Buy-oxycodone-powder.jpeg","contentUrl":"https:\/\/medicinasinc.com\/da\/wp-content\/uploads\/sites\/8\/2022\/02\/Buy-oxycodone-powder.jpeg","width":510,"height":389},{"@type":"BreadcrumbList","@id":"https:\/\/medicinasinc.com\/da\/product\/kobe-oxycodon-pulver\/#breadcrumb","itemListElement":[{"@type":"ListItem","position":1,"name":"Butik","item":"https:\/\/medicinasinc.com\/da\/butik\/"},{"@type":"ListItem","position":2,"name":"K\u00f8b oxycodonpulver"}]},{"@type":"WebSite","@id":"https:\/\/medicinasinc.com\/da\/#website","url":"https:\/\/medicinasinc.com\/da\/","name":"Medicinas Inc","description":"Health Medical Clinic","potentialAction":[{"@type":"SearchAction","target":{"@type":"EntryPoint","urlTemplate":"https:\/\/medicinasinc.com\/da\/?s={search_term_string}"},"query-input":{"@type":"PropertyValueSpecification","valueRequired":true,"valueName":"search_term_string"}}],"inLanguage":"en-US"}]}},"_links":{"self":[{"href":"https:\/\/medicinasinc.com\/da\/wp-json\/wp\/v2\/product\/5651","targetHints":{"allow":["GET"]}}],"collection":[{"href":"https:\/\/medicinasinc.com\/da\/wp-json\/wp\/v2\/product"}],"about":[{"href":"https:\/\/medicinasinc.com\/da\/wp-json\/wp\/v2\/types\/product"}],"replies":[{"embeddable":true,"href":"https:\/\/medicinasinc.com\/da\/wp-json\/wp\/v2\/comments?post=5651"}],"wp:featuredmedia":[{"embeddable":true,"href":"https:\/\/medicinasinc.com\/da\/wp-json\/wp\/v2\/media\/5660"}],"wp:attachment":[{"href":"https:\/\/medicinasinc.com\/da\/wp-json\/wp\/v2\/media?parent=5651"}],"wp:term":[{"taxonomy":"product_brand","embeddable":true,"href":"https:\/\/medicinasinc.com\/da\/wp-json\/wp\/v2\/product_brand?post=5651"},{"taxonomy":"product_cat","embeddable":true,"href":"https:\/\/medicinasinc.com\/da\/wp-json\/wp\/v2\/product_cat?post=5651"},{"taxonomy":"product_tag","embeddable":true,"href":"https:\/\/medicinasinc.com\/da\/wp-json\/wp\/v2\/product_tag?post=5651"}],"curies":[{"name":"wp","href":"https:\/\/api.w.org\/{rel}","templated":true}]}}