{"id":5638,"date":"2022-02-22T03:11:29","date_gmt":"2022-02-22T03:11:29","guid":{"rendered":"https:\/\/medicinasinc.com\/da\/?post_type=product&#038;p=5638"},"modified":"2022-03-20T00:30:36","modified_gmt":"2022-03-20T00:30:36","slug":"kob-sextacy-badesalt","status":"publish","type":"product","link":"https:\/\/medicinasinc.com\/da\/product\/kob-sextacy-badesalt\/","title":{"rendered":"K\u00f8b Sextacy Bath Salt"},"content":{"rendered":"<p>K\u00f8b Sextacy Bath Salt fra en online butik som denne:<br \/> K\u00f8b nogle Sextacy Bath Salts til brug i badet.<\/p>\n<p>Dette er et koncentreret badesalt. Du kan dog stadig slappe af og lade Sextacy tage tankerne v\u00e6k fra tingene i et stykke tid. Tag et varmt bad og tils\u00e6t indholdet. Dette vil bl\u00f8dg\u00f8re vandet naturligt, hvilket vil f\u00e5 dig til at f\u00f8le dig meget rolig og beroliget.<\/p>\n<p>Det er meget vigtigt, at du starter med en meget lille m\u00e6ngde Sextacy-badesalt for at se, hvordan din krop reagerer. Fordi Sextacy Ultimate er s\u00e5 st\u00e6rk, skal du muligvis bruge mere af det i dit bad for at f\u00e5 den fulde afslapning, du \u00f8nsker.<\/p>\n<p>Sextacy er en stor ting.<\/p>\n<p>I MP-testen , f\u00f8lgende er, hvad der skete:<\/p>\n<p>Hvis Ivory Wave ikke er nok for dig, er dette den st\u00e6rkere version af et fantastisk og avanceret produkt. Den minder meget om Ivory Wave, men den har nogle ekstra ingredienser, der g\u00f8r den endnu bedre. Det g\u00f8r dig dog meget meget liderlig og f\u00e5r dig til at f\u00f8le, at du er i en dr\u00f8m midt i dit bad. Det vil v\u00e6re meget st\u00e6rkt, og du skal v\u00e6re forsigtigt, n\u00e5r du bruger det. Det vil g\u00f8re dit bad meget hurtigt. Start med meget lidt. I 6 til 9 timer kommer det p\u00e5 cirka 10 minutter, og det varer s\u00e5 l\u00e6nge. Sextacy badesalt minder dog meget om Ivory Ultra, men det har stadig sit eget magiske pr\u00e6g LOL. Dette er dog et fantastisk produkt, s\u00e5 jeg vil anbefale det med forsigtighed og blive ved med at komme med feedback! Et must-have!<\/p>\n<p>Natriumbicarbonat, natriumchlorid, dybhavsalt, mineraler og andre naturligt forekommende sporstoffer er nogle af ingredienserne.<\/p>\n<p>Lovlighed: Dette produkt er lovligt i hvert land, fordi det er lavet med urter.<\/p>\n<p>I dette tilf\u00e6lde er White Girl 500mg koncentrerede badesalt, hvad du har brug for.<br \/> 500mg White Lady-badesalt<br \/> Bliss-koncentrerede badesalte har 500mg salt i hver pose.<br \/> Snow Leopard-badesaltene har 500mg af dem i hver pose.<br \/> 500mg ekstra badesalt fra Lunar Wave. 500mg koncentreret badesalt fra White Horse.<br \/> 500mg forfriskende badesalt<br \/> 500mg Cloud 10 Bath Salt<br \/> Blue Magic: 500mg Bath Salts<br \/> Badesalt med navnet Scarface har 500mg af det.<br \/> Ogs\u00e5 mange flere mennesker.<\/p>\n","protected":false},"excerpt":{"rendered":"<div class=\"woocommerce-product-details__short-description\">\n<p>Det er nemt at k\u00f8be Sextacy Bath Salt online fra vores Bestglobalmeds.com butik og f\u00e5 det leveret hurtigt til dit hjem i Europa og Storbritannien. Det bedste sted at k\u00f8be Sextacy Bath Salt er her!<\/p>\n<p>K\u00f8b 50 pakker koncentreret sextacy badesalt p\u00e5 internettet. Koncentreret sextacy: 10 pakker af 10 K\u00f8b koncentreret sextacy 20 pakker badesalt p\u00e5 internettet.<\/p>\n<p>Der er mange hjemmesider, hvor du kan k\u00f8be en masse badesalt for mange penge.<\/p>\n<p>Online kan du k\u00f8be sextacy badesalt fra Global Medicine. Sextacy badesalt til udsalgspriser kan findes ved at l\u00e6se denne tekst<\/p>\n<\/p><\/div>\n","protected":false},"featured_media":5650,"comment_status":"open","ping_status":"closed","template":"","meta":[],"product_brand":[],"product_cat":[2014],"product_tag":[3397,3396,3400,3398,3399,3402,3404,3412,3403,3406,3414,3407,3405,3413,3409,3410,3411,3408,3401],"class_list":{"0":"post-5638","1":"product","2":"type-product","3":"status-publish","4":"has-post-thumbnail","6":"product_cat-kb-forskningskemikalier","7":"product_tag-bedste-sextacy-badesalt","8":"product_tag-bedste-sted-at-kbe-sextacy-badesalt","9":"product_tag-orden-sextacy-badesalt","10":"product_tag-kb-sextacy-badesalt","11":"product_tag-kb-sextacy-badesalt-uk","12":"product_tag-sekstacy-badesalt","13":"product_tag-sextacy-badesalt-kb","14":"product_tag-sextacy-badesalt-udsalg","15":"product_tag-sextacy-badesalt-alibaba","16":"product_tag-sextacy-bath-salt-effect","17":"product_tag-sextacy-badesalt-engros","18":"product_tag-sextacy-badesalt-europa","19":"product_tag-sextacy-badesalt-kina","20":"product_tag-sextacy-badesalt-leverandr","21":"product_tag-sextacy-badesalt-online","22":"product_tag-sextacy-bath-salt-order","23":"product_tag-sextacy-badesalt-reddit","24":"product_tag-sextacy-badesalt-til-salg","25":"product_tag-selge-sextacy-badesalt","27":"first","28":"instock","29":"shipping-taxable","30":"purchasable","31":"product-type-variable"},"yoast_head":"<!-- This site is optimized with the Yoast SEO plugin v27.3 - https:\/\/yoast.com\/product\/yoast-seo-wordpress\/ -->\n<title>K\u00f8b Sextacy Bath Salt - Sextacy Bath Salt - Bedste globale medicin<\/title>\n<meta name=\"description\" content=\"K\u00f8b Sextacy Bath Salt til salg i Storbritannien, Europa i vores Bestglobalmeds.com online butik med hurtig levering over hele verden! Det bedste Sextacy-badesalt til bestilling finder du!\" \/>\n<meta name=\"robots\" content=\"index, follow, max-snippet:-1, max-image-preview:large, max-video-preview:-1\" \/>\n<link rel=\"canonical\" href=\"https:\/\/medicinasinc.com\/da\/product\/kob-sextacy-badesalt\/\" \/>\n<meta property=\"og:locale\" content=\"en_US\" \/>\n<meta property=\"og:type\" content=\"article\" \/>\n<meta property=\"og:title\" content=\"K\u00f8b Sextacy Bath Salt - Sextacy Bath Salt - Bedste globale medicin\" \/>\n<meta property=\"og:description\" content=\"K\u00f8b Sextacy Bath Salt til salg i Storbritannien, Europa i vores Bestglobalmeds.com online butik med hurtig levering over hele verden! Det bedste Sextacy-badesalt til bestilling finder du!\" \/>\n<meta property=\"og:url\" content=\"https:\/\/medicinasinc.com\/da\/product\/kob-sextacy-badesalt\/\" \/>\n<meta property=\"og:site_name\" content=\"Medicinas Inc\" \/>\n<meta property=\"article:modified_time\" content=\"2022-03-20T00:30:36+00:00\" \/>\n<meta property=\"og:image\" content=\"https:\/\/medicinasinc.com\/da\/wp-content\/uploads\/sites\/8\/2022\/02\/Buy-Sextacy-Bath-Salt.jpg\" \/>\n\t<meta property=\"og:image:width\" content=\"600\" \/>\n\t<meta property=\"og:image:height\" content=\"600\" \/>\n\t<meta property=\"og:image:type\" content=\"image\/jpeg\" \/>\n<meta name=\"twitter:card\" content=\"summary_large_image\" \/>\n<meta name=\"twitter:label1\" content=\"Est. reading time\" \/>\n\t<meta name=\"twitter:data1\" content=\"2 minutes\" \/>\n<script type=\"application\/ld+json\" class=\"yoast-schema-graph\">{\"@context\":\"https:\\\/\\\/schema.org\",\"@graph\":[{\"@type\":\"WebPage\",\"@id\":\"https:\\\/\\\/medicinasinc.com\\\/da\\\/product\\\/kob-sextacy-badesalt\\\/\",\"url\":\"https:\\\/\\\/medicinasinc.com\\\/da\\\/product\\\/kob-sextacy-badesalt\\\/\",\"name\":\"K\u00f8b Sextacy Bath Salt - Sextacy Bath Salt - Bedste globale medicin\",\"isPartOf\":{\"@id\":\"https:\\\/\\\/medicinasinc.com\\\/da\\\/#website\"},\"primaryImageOfPage\":{\"@id\":\"https:\\\/\\\/medicinasinc.com\\\/da\\\/product\\\/kob-sextacy-badesalt\\\/#primaryimage\"},\"image\":{\"@id\":\"https:\\\/\\\/medicinasinc.com\\\/da\\\/product\\\/kob-sextacy-badesalt\\\/#primaryimage\"},\"thumbnailUrl\":\"https:\\\/\\\/medicinasinc.com\\\/da\\\/wp-content\\\/uploads\\\/sites\\\/8\\\/2022\\\/02\\\/Buy-Sextacy-Bath-Salt.jpg\",\"datePublished\":\"2022-02-22T03:11:29+00:00\",\"dateModified\":\"2022-03-20T00:30:36+00:00\",\"description\":\"K\u00f8b Sextacy Bath Salt til salg i Storbritannien, Europa i vores Bestglobalmeds.com online butik med hurtig levering over hele verden! Det bedste Sextacy-badesalt til bestilling finder du!\",\"breadcrumb\":{\"@id\":\"https:\\\/\\\/medicinasinc.com\\\/da\\\/product\\\/kob-sextacy-badesalt\\\/#breadcrumb\"},\"inLanguage\":\"en-US\",\"potentialAction\":[{\"@type\":\"ReadAction\",\"target\":[\"https:\\\/\\\/medicinasinc.com\\\/da\\\/product\\\/kob-sextacy-badesalt\\\/\"]}]},{\"@type\":\"ImageObject\",\"inLanguage\":\"en-US\",\"@id\":\"https:\\\/\\\/medicinasinc.com\\\/da\\\/product\\\/kob-sextacy-badesalt\\\/#primaryimage\",\"url\":\"https:\\\/\\\/medicinasinc.com\\\/da\\\/wp-content\\\/uploads\\\/sites\\\/8\\\/2022\\\/02\\\/Buy-Sextacy-Bath-Salt.jpg\",\"contentUrl\":\"https:\\\/\\\/medicinasinc.com\\\/da\\\/wp-content\\\/uploads\\\/sites\\\/8\\\/2022\\\/02\\\/Buy-Sextacy-Bath-Salt.jpg\",\"width\":600,\"height\":600},{\"@type\":\"BreadcrumbList\",\"@id\":\"https:\\\/\\\/medicinasinc.com\\\/da\\\/product\\\/kob-sextacy-badesalt\\\/#breadcrumb\",\"itemListElement\":[{\"@type\":\"ListItem\",\"position\":1,\"name\":\"Butik\",\"item\":\"https:\\\/\\\/medicinasinc.com\\\/da\\\/butik\\\/\"},{\"@type\":\"ListItem\",\"position\":2,\"name\":\"K\u00f8b Sextacy Bath Salt\"}]},{\"@type\":\"WebSite\",\"@id\":\"https:\\\/\\\/medicinasinc.com\\\/da\\\/#website\",\"url\":\"https:\\\/\\\/medicinasinc.com\\\/da\\\/\",\"name\":\"Medicinas Inc\",\"description\":\"Health Medical Clinic\",\"potentialAction\":[{\"@type\":\"SearchAction\",\"target\":{\"@type\":\"EntryPoint\",\"urlTemplate\":\"https:\\\/\\\/medicinasinc.com\\\/da\\\/?s={search_term_string}\"},\"query-input\":{\"@type\":\"PropertyValueSpecification\",\"valueRequired\":true,\"valueName\":\"search_term_string\"}}],\"inLanguage\":\"en-US\"}]}<\/script>\n<!-- \/ Yoast SEO plugin. -->","yoast_head_json":{"title":"K\u00f8b Sextacy Bath Salt - Sextacy Bath Salt - Bedste globale medicin","description":"K\u00f8b Sextacy Bath Salt til salg i Storbritannien, Europa i vores Bestglobalmeds.com online butik med hurtig levering over hele verden! Det bedste Sextacy-badesalt til bestilling finder du!","robots":{"index":"index","follow":"follow","max-snippet":"max-snippet:-1","max-image-preview":"max-image-preview:large","max-video-preview":"max-video-preview:-1"},"canonical":"https:\/\/medicinasinc.com\/da\/product\/kob-sextacy-badesalt\/","og_locale":"en_US","og_type":"article","og_title":"K\u00f8b Sextacy Bath Salt - Sextacy Bath Salt - Bedste globale medicin","og_description":"K\u00f8b Sextacy Bath Salt til salg i Storbritannien, Europa i vores Bestglobalmeds.com online butik med hurtig levering over hele verden! Det bedste Sextacy-badesalt til bestilling finder du!","og_url":"https:\/\/medicinasinc.com\/da\/product\/kob-sextacy-badesalt\/","og_site_name":"Medicinas Inc","article_modified_time":"2022-03-20T00:30:36+00:00","og_image":[{"width":600,"height":600,"url":"https:\/\/medicinasinc.com\/da\/wp-content\/uploads\/sites\/8\/2022\/02\/Buy-Sextacy-Bath-Salt.jpg","type":"image\/jpeg"}],"twitter_card":"summary_large_image","twitter_misc":{"Est. reading time":"2 minutes"},"schema":{"@context":"https:\/\/schema.org","@graph":[{"@type":"WebPage","@id":"https:\/\/medicinasinc.com\/da\/product\/kob-sextacy-badesalt\/","url":"https:\/\/medicinasinc.com\/da\/product\/kob-sextacy-badesalt\/","name":"K\u00f8b Sextacy Bath Salt - Sextacy Bath Salt - Bedste globale medicin","isPartOf":{"@id":"https:\/\/medicinasinc.com\/da\/#website"},"primaryImageOfPage":{"@id":"https:\/\/medicinasinc.com\/da\/product\/kob-sextacy-badesalt\/#primaryimage"},"image":{"@id":"https:\/\/medicinasinc.com\/da\/product\/kob-sextacy-badesalt\/#primaryimage"},"thumbnailUrl":"https:\/\/medicinasinc.com\/da\/wp-content\/uploads\/sites\/8\/2022\/02\/Buy-Sextacy-Bath-Salt.jpg","datePublished":"2022-02-22T03:11:29+00:00","dateModified":"2022-03-20T00:30:36+00:00","description":"K\u00f8b Sextacy Bath Salt til salg i Storbritannien, Europa i vores Bestglobalmeds.com online butik med hurtig levering over hele verden! Det bedste Sextacy-badesalt til bestilling finder du!","breadcrumb":{"@id":"https:\/\/medicinasinc.com\/da\/product\/kob-sextacy-badesalt\/#breadcrumb"},"inLanguage":"en-US","potentialAction":[{"@type":"ReadAction","target":["https:\/\/medicinasinc.com\/da\/product\/kob-sextacy-badesalt\/"]}]},{"@type":"ImageObject","inLanguage":"en-US","@id":"https:\/\/medicinasinc.com\/da\/product\/kob-sextacy-badesalt\/#primaryimage","url":"https:\/\/medicinasinc.com\/da\/wp-content\/uploads\/sites\/8\/2022\/02\/Buy-Sextacy-Bath-Salt.jpg","contentUrl":"https:\/\/medicinasinc.com\/da\/wp-content\/uploads\/sites\/8\/2022\/02\/Buy-Sextacy-Bath-Salt.jpg","width":600,"height":600},{"@type":"BreadcrumbList","@id":"https:\/\/medicinasinc.com\/da\/product\/kob-sextacy-badesalt\/#breadcrumb","itemListElement":[{"@type":"ListItem","position":1,"name":"Butik","item":"https:\/\/medicinasinc.com\/da\/butik\/"},{"@type":"ListItem","position":2,"name":"K\u00f8b Sextacy Bath Salt"}]},{"@type":"WebSite","@id":"https:\/\/medicinasinc.com\/da\/#website","url":"https:\/\/medicinasinc.com\/da\/","name":"Medicinas Inc","description":"Health Medical Clinic","potentialAction":[{"@type":"SearchAction","target":{"@type":"EntryPoint","urlTemplate":"https:\/\/medicinasinc.com\/da\/?s={search_term_string}"},"query-input":{"@type":"PropertyValueSpecification","valueRequired":true,"valueName":"search_term_string"}}],"inLanguage":"en-US"}]}},"_links":{"self":[{"href":"https:\/\/medicinasinc.com\/da\/wp-json\/wp\/v2\/product\/5638","targetHints":{"allow":["GET"]}}],"collection":[{"href":"https:\/\/medicinasinc.com\/da\/wp-json\/wp\/v2\/product"}],"about":[{"href":"https:\/\/medicinasinc.com\/da\/wp-json\/wp\/v2\/types\/product"}],"replies":[{"embeddable":true,"href":"https:\/\/medicinasinc.com\/da\/wp-json\/wp\/v2\/comments?post=5638"}],"wp:featuredmedia":[{"embeddable":true,"href":"https:\/\/medicinasinc.com\/da\/wp-json\/wp\/v2\/media\/5650"}],"wp:attachment":[{"href":"https:\/\/medicinasinc.com\/da\/wp-json\/wp\/v2\/media?parent=5638"}],"wp:term":[{"taxonomy":"product_brand","embeddable":true,"href":"https:\/\/medicinasinc.com\/da\/wp-json\/wp\/v2\/product_brand?post=5638"},{"taxonomy":"product_cat","embeddable":true,"href":"https:\/\/medicinasinc.com\/da\/wp-json\/wp\/v2\/product_cat?post=5638"},{"taxonomy":"product_tag","embeddable":true,"href":"https:\/\/medicinasinc.com\/da\/wp-json\/wp\/v2\/product_tag?post=5638"}],"curies":[{"name":"wp","href":"https:\/\/api.w.org\/{rel}","templated":true}]}}