{"id":5637,"date":"2022-02-22T03:10:06","date_gmt":"2022-02-22T03:10:06","guid":{"rendered":"https:\/\/medicinasinc.com\/da\/?post_type=product&#038;p=5637"},"modified":"2022-03-20T00:30:47","modified_gmt":"2022-03-20T00:30:47","slug":"kob-gnister-badesalt","status":"publish","type":"product","link":"https:\/\/medicinasinc.com\/da\/product\/kob-gnister-badesalt\/","title":{"rendered":"K\u00f8b Sparkle Badesalt"},"content":{"rendered":"<p>Detaljer om produktet<\/p>\n<p>N\u00e5r du bruger vores MOUSLERENDE BADESALTE, kan du g\u00f8re din tid i karret mere behagelig. Dette f\u00f8rsteklasses badetils\u00e6tningsstof har salte af d\u00f8de hav og epsom-salte, der hj\u00e6lper kroppen med at slippe af med toksiner. Kokosm\u00e6lkspulver, havreprotein og kaolinler bl\u00f8dg\u00f8r og n\u00e6rer huden. Eukalyptus-, eneb\u00e6r- og lavendelolier hj\u00e6lper folk med at slappe af, sove bedre og have aromaterapifordele.<\/p>\n<p>MOUSLERENDE BADESALTE kommer i en 10 oz specialfremstillet glaskaraffel, der er pakket ind i s\u00f8gr\u00e6s. Indersiden af \u200b\u200bl\u00e5get bruges til at m\u00e5le saltene.<\/p>\n<p>ZERO WASTE REFILL POUCH er lavet af papir, der kan komposteres derhjemme. Det er vores svar p\u00e5 de engangsplastik-badesaltposer, som vi plejede at lave f\u00f8r. Hvis en pose har \u00d8strigs OK HOME-certificering, betyder det, at den nedbrydes fuldst\u00e6ndigt i din havekompostbunke. ZERO WASTE REFILL-posen har 10 oz salt i sig.<\/p>\n<p>S\u00e5dan bruges den<\/p>\n<p>H\u00e6ld 2-3 til tre h\u00e6tter i en kop varmt vand med l\u00e5get p\u00e5 indersiden af scoopet. Du kan m\u00e6rke, hvorn\u00e5r det er tid til at f\u00e5 din krop ind p\u00e5 de blide bobler og en lille glimt.<\/p>\n<p>Efter et bad er der ingen grund til at skylle. Du kan klappe din krop ned med et h\u00e5ndkl\u00e6de. F\u00f8lg op med kropsolie for at holde fugten inde.<\/p>\n<p>Ingredienser<\/p>\n<p>Magnesiumsulfat, Cocos Nucifera Extract, Kaolin Clay, Mica Powder og Sodium Sodium er nogle af ingredienserne i Maris Sal , som ogs\u00e5 er kendt som D\u00f8dehavsalt eller Havsalt.<\/p>\n<p>Hydreret havreprotein (havreprotein) og bikarbonat<\/p>\n<p>PULVER: Kolloid s\u00f8lv, Vaccinium angustifolium frugtekstrakt (bl\u00e5b\u00e6rekstrakt), Coco-Glucoside, Eucalyptus globulus bladolie, Lavandula angustifolia blomsterolie, Juniperus communis tr\u00e6olie og Lavandula angustifolia blomsterolie (Juniper Essential Oil)<\/p>\n<div class=\"product-next-previous\">\n<div class=\" product-prev\"><\/div><\/div>\n","protected":false},"excerpt":{"rendered":"<p>Du kan k\u00f8be sparkle bath salt til salg i Storbritannien, EU og Australien. Folk, der k\u00f8ber hos os, kan v\u00e6re sikre p\u00e5, at de f\u00e5r, hvad de betaler for. Til de bedste priser, k\u00f8b Sparkle Bath Salt nu!<\/p>\n<p>S\u00f8rg for at k\u00f8be JENAM LIVE LOVE SPARKLE BATH SALT CUP til den bedste pris online i b\u00e5de Holland og USA. K\u00f8b noget fra Best Global Meds nu. De har fantastiske priser!<\/p>\n<p>Koncentreret badesalt fra de bedste m\u00e6rker. Et must-have for enhver stjernekigger. Du vil f\u00f8le dig lige s\u00e5 lys som stjernerne.<\/p>\n","protected":false},"featured_media":5648,"comment_status":"open","ping_status":"closed","template":"","meta":[],"product_brand":[],"product_cat":[610,2014],"product_tag":[3383,3395,3394,3380,3381,3382,3384,3385,3390,3387,3388,3389,3391,3393,3386,3392],"class_list":{"0":"post-5637","1":"product","2":"type-product","3":"status-publish","4":"has-post-thumbnail","6":"product_cat-kob-hash-hash","7":"product_cat-kb-forskningskemikalier","8":"product_tag-bestille-gnister-badesalt","9":"product_tag-hvor-kan-bestilles-gnister-badesalt","10":"product_tag-hvor-kan-kbes-gnister-badesalt","11":"product_tag-kb-gnister-badesalt","12":"product_tag-kb-gnister-bade-salt-europa","13":"product_tag-kb-gnister-badesalt-uk","14":"product_tag-sparkle-bath-salt-buy","15":"product_tag-gnistre-bad-salt-effekt","16":"product_tag-sparkle-bade-salt-kb","17":"product_tag-sparkle-bade-salt-online","18":"product_tag-sparkle-bade-salt-orden","19":"product_tag-sparkle-bath-salt-poland","20":"product_tag-sparkle-bad-salt-reddit","21":"product_tag-sparkle-bade-salt-sverige","22":"product_tag-sparkle-bade-salt-tyskland","23":"product_tag-sparkle-bade-salt-udsalg","25":"first","26":"instock","27":"shipping-taxable","28":"purchasable","29":"product-type-variable","30":"has-default-attributes"},"yoast_head":"<!-- This site is optimized with the Yoast SEO plugin v27.3 - https:\/\/yoast.com\/product\/yoast-seo-wordpress\/ -->\n<title>K\u00f8b Sparkle Bath Salt - Sparkle Bath Salt - Best Global Meds<\/title>\n<meta name=\"description\" content=\"K\u00f8b Sparkle Bath Salt til salg i Storbritannien, Europa, AU. vi tilbyder den mest p\u00e5lidelige transaktion og s\u00e6lger til meget overkommelige priser. Bestil Sparkle Bath Salt nu til de bedste priser\" \/>\n<meta name=\"robots\" content=\"index, follow, max-snippet:-1, max-image-preview:large, max-video-preview:-1\" \/>\n<link rel=\"canonical\" href=\"https:\/\/medicinasinc.com\/da\/product\/kob-gnister-badesalt\/\" \/>\n<meta property=\"og:locale\" content=\"en_US\" \/>\n<meta property=\"og:type\" content=\"article\" \/>\n<meta property=\"og:title\" content=\"K\u00f8b Sparkle Bath Salt - Sparkle Bath Salt - Best Global Meds\" \/>\n<meta property=\"og:description\" content=\"K\u00f8b Sparkle Bath Salt til salg i Storbritannien, Europa, AU. vi tilbyder den mest p\u00e5lidelige transaktion og s\u00e6lger til meget overkommelige priser. Bestil Sparkle Bath Salt nu til de bedste priser\" \/>\n<meta property=\"og:url\" content=\"https:\/\/medicinasinc.com\/da\/product\/kob-gnister-badesalt\/\" \/>\n<meta property=\"og:site_name\" content=\"Medicinas Inc\" \/>\n<meta property=\"article:modified_time\" content=\"2022-03-20T00:30:47+00:00\" \/>\n<meta property=\"og:image\" content=\"https:\/\/medicinasinc.com\/da\/wp-content\/uploads\/sites\/8\/2022\/02\/Buy-Sparkle-Bath-Salt.jpg\" \/>\n\t<meta property=\"og:image:width\" content=\"750\" \/>\n\t<meta property=\"og:image:height\" content=\"750\" \/>\n\t<meta property=\"og:image:type\" content=\"image\/jpeg\" \/>\n<meta name=\"twitter:card\" content=\"summary_large_image\" \/>\n<meta name=\"twitter:label1\" content=\"Est. reading time\" \/>\n\t<meta name=\"twitter:data1\" content=\"2 minutes\" \/>\n<script type=\"application\/ld+json\" class=\"yoast-schema-graph\">{\"@context\":\"https:\\\/\\\/schema.org\",\"@graph\":[{\"@type\":\"WebPage\",\"@id\":\"https:\\\/\\\/medicinasinc.com\\\/da\\\/product\\\/kob-gnister-badesalt\\\/\",\"url\":\"https:\\\/\\\/medicinasinc.com\\\/da\\\/product\\\/kob-gnister-badesalt\\\/\",\"name\":\"K\u00f8b Sparkle Bath Salt - Sparkle Bath Salt - Best Global Meds\",\"isPartOf\":{\"@id\":\"https:\\\/\\\/medicinasinc.com\\\/da\\\/#website\"},\"primaryImageOfPage\":{\"@id\":\"https:\\\/\\\/medicinasinc.com\\\/da\\\/product\\\/kob-gnister-badesalt\\\/#primaryimage\"},\"image\":{\"@id\":\"https:\\\/\\\/medicinasinc.com\\\/da\\\/product\\\/kob-gnister-badesalt\\\/#primaryimage\"},\"thumbnailUrl\":\"https:\\\/\\\/medicinasinc.com\\\/da\\\/wp-content\\\/uploads\\\/sites\\\/8\\\/2022\\\/02\\\/Buy-Sparkle-Bath-Salt.jpg\",\"datePublished\":\"2022-02-22T03:10:06+00:00\",\"dateModified\":\"2022-03-20T00:30:47+00:00\",\"description\":\"K\u00f8b Sparkle Bath Salt til salg i Storbritannien, Europa, AU. vi tilbyder den mest p\u00e5lidelige transaktion og s\u00e6lger til meget overkommelige priser. Bestil Sparkle Bath Salt nu til de bedste priser\",\"breadcrumb\":{\"@id\":\"https:\\\/\\\/medicinasinc.com\\\/da\\\/product\\\/kob-gnister-badesalt\\\/#breadcrumb\"},\"inLanguage\":\"en-US\",\"potentialAction\":[{\"@type\":\"ReadAction\",\"target\":[\"https:\\\/\\\/medicinasinc.com\\\/da\\\/product\\\/kob-gnister-badesalt\\\/\"]}]},{\"@type\":\"ImageObject\",\"inLanguage\":\"en-US\",\"@id\":\"https:\\\/\\\/medicinasinc.com\\\/da\\\/product\\\/kob-gnister-badesalt\\\/#primaryimage\",\"url\":\"https:\\\/\\\/medicinasinc.com\\\/da\\\/wp-content\\\/uploads\\\/sites\\\/8\\\/2022\\\/02\\\/Buy-Sparkle-Bath-Salt.jpg\",\"contentUrl\":\"https:\\\/\\\/medicinasinc.com\\\/da\\\/wp-content\\\/uploads\\\/sites\\\/8\\\/2022\\\/02\\\/Buy-Sparkle-Bath-Salt.jpg\",\"width\":750,\"height\":750},{\"@type\":\"BreadcrumbList\",\"@id\":\"https:\\\/\\\/medicinasinc.com\\\/da\\\/product\\\/kob-gnister-badesalt\\\/#breadcrumb\",\"itemListElement\":[{\"@type\":\"ListItem\",\"position\":1,\"name\":\"Butik\",\"item\":\"https:\\\/\\\/medicinasinc.com\\\/da\\\/butik\\\/\"},{\"@type\":\"ListItem\",\"position\":2,\"name\":\"K\u00f8b Sparkle Badesalt\"}]},{\"@type\":\"WebSite\",\"@id\":\"https:\\\/\\\/medicinasinc.com\\\/da\\\/#website\",\"url\":\"https:\\\/\\\/medicinasinc.com\\\/da\\\/\",\"name\":\"Medicinas Inc\",\"description\":\"Health Medical Clinic\",\"potentialAction\":[{\"@type\":\"SearchAction\",\"target\":{\"@type\":\"EntryPoint\",\"urlTemplate\":\"https:\\\/\\\/medicinasinc.com\\\/da\\\/?s={search_term_string}\"},\"query-input\":{\"@type\":\"PropertyValueSpecification\",\"valueRequired\":true,\"valueName\":\"search_term_string\"}}],\"inLanguage\":\"en-US\"}]}<\/script>\n<!-- \/ Yoast SEO plugin. -->","yoast_head_json":{"title":"K\u00f8b Sparkle Bath Salt - Sparkle Bath Salt - Best Global Meds","description":"K\u00f8b Sparkle Bath Salt til salg i Storbritannien, Europa, AU. vi tilbyder den mest p\u00e5lidelige transaktion og s\u00e6lger til meget overkommelige priser. Bestil Sparkle Bath Salt nu til de bedste priser","robots":{"index":"index","follow":"follow","max-snippet":"max-snippet:-1","max-image-preview":"max-image-preview:large","max-video-preview":"max-video-preview:-1"},"canonical":"https:\/\/medicinasinc.com\/da\/product\/kob-gnister-badesalt\/","og_locale":"en_US","og_type":"article","og_title":"K\u00f8b Sparkle Bath Salt - Sparkle Bath Salt - Best Global Meds","og_description":"K\u00f8b Sparkle Bath Salt til salg i Storbritannien, Europa, AU. vi tilbyder den mest p\u00e5lidelige transaktion og s\u00e6lger til meget overkommelige priser. Bestil Sparkle Bath Salt nu til de bedste priser","og_url":"https:\/\/medicinasinc.com\/da\/product\/kob-gnister-badesalt\/","og_site_name":"Medicinas Inc","article_modified_time":"2022-03-20T00:30:47+00:00","og_image":[{"width":750,"height":750,"url":"https:\/\/medicinasinc.com\/da\/wp-content\/uploads\/sites\/8\/2022\/02\/Buy-Sparkle-Bath-Salt.jpg","type":"image\/jpeg"}],"twitter_card":"summary_large_image","twitter_misc":{"Est. reading time":"2 minutes"},"schema":{"@context":"https:\/\/schema.org","@graph":[{"@type":"WebPage","@id":"https:\/\/medicinasinc.com\/da\/product\/kob-gnister-badesalt\/","url":"https:\/\/medicinasinc.com\/da\/product\/kob-gnister-badesalt\/","name":"K\u00f8b Sparkle Bath Salt - Sparkle Bath Salt - Best Global Meds","isPartOf":{"@id":"https:\/\/medicinasinc.com\/da\/#website"},"primaryImageOfPage":{"@id":"https:\/\/medicinasinc.com\/da\/product\/kob-gnister-badesalt\/#primaryimage"},"image":{"@id":"https:\/\/medicinasinc.com\/da\/product\/kob-gnister-badesalt\/#primaryimage"},"thumbnailUrl":"https:\/\/medicinasinc.com\/da\/wp-content\/uploads\/sites\/8\/2022\/02\/Buy-Sparkle-Bath-Salt.jpg","datePublished":"2022-02-22T03:10:06+00:00","dateModified":"2022-03-20T00:30:47+00:00","description":"K\u00f8b Sparkle Bath Salt til salg i Storbritannien, Europa, AU. vi tilbyder den mest p\u00e5lidelige transaktion og s\u00e6lger til meget overkommelige priser. Bestil Sparkle Bath Salt nu til de bedste priser","breadcrumb":{"@id":"https:\/\/medicinasinc.com\/da\/product\/kob-gnister-badesalt\/#breadcrumb"},"inLanguage":"en-US","potentialAction":[{"@type":"ReadAction","target":["https:\/\/medicinasinc.com\/da\/product\/kob-gnister-badesalt\/"]}]},{"@type":"ImageObject","inLanguage":"en-US","@id":"https:\/\/medicinasinc.com\/da\/product\/kob-gnister-badesalt\/#primaryimage","url":"https:\/\/medicinasinc.com\/da\/wp-content\/uploads\/sites\/8\/2022\/02\/Buy-Sparkle-Bath-Salt.jpg","contentUrl":"https:\/\/medicinasinc.com\/da\/wp-content\/uploads\/sites\/8\/2022\/02\/Buy-Sparkle-Bath-Salt.jpg","width":750,"height":750},{"@type":"BreadcrumbList","@id":"https:\/\/medicinasinc.com\/da\/product\/kob-gnister-badesalt\/#breadcrumb","itemListElement":[{"@type":"ListItem","position":1,"name":"Butik","item":"https:\/\/medicinasinc.com\/da\/butik\/"},{"@type":"ListItem","position":2,"name":"K\u00f8b Sparkle Badesalt"}]},{"@type":"WebSite","@id":"https:\/\/medicinasinc.com\/da\/#website","url":"https:\/\/medicinasinc.com\/da\/","name":"Medicinas Inc","description":"Health Medical Clinic","potentialAction":[{"@type":"SearchAction","target":{"@type":"EntryPoint","urlTemplate":"https:\/\/medicinasinc.com\/da\/?s={search_term_string}"},"query-input":{"@type":"PropertyValueSpecification","valueRequired":true,"valueName":"search_term_string"}}],"inLanguage":"en-US"}]}},"_links":{"self":[{"href":"https:\/\/medicinasinc.com\/da\/wp-json\/wp\/v2\/product\/5637","targetHints":{"allow":["GET"]}}],"collection":[{"href":"https:\/\/medicinasinc.com\/da\/wp-json\/wp\/v2\/product"}],"about":[{"href":"https:\/\/medicinasinc.com\/da\/wp-json\/wp\/v2\/types\/product"}],"replies":[{"embeddable":true,"href":"https:\/\/medicinasinc.com\/da\/wp-json\/wp\/v2\/comments?post=5637"}],"wp:featuredmedia":[{"embeddable":true,"href":"https:\/\/medicinasinc.com\/da\/wp-json\/wp\/v2\/media\/5648"}],"wp:attachment":[{"href":"https:\/\/medicinasinc.com\/da\/wp-json\/wp\/v2\/media?parent=5637"}],"wp:term":[{"taxonomy":"product_brand","embeddable":true,"href":"https:\/\/medicinasinc.com\/da\/wp-json\/wp\/v2\/product_brand?post=5637"},{"taxonomy":"product_cat","embeddable":true,"href":"https:\/\/medicinasinc.com\/da\/wp-json\/wp\/v2\/product_cat?post=5637"},{"taxonomy":"product_tag","embeddable":true,"href":"https:\/\/medicinasinc.com\/da\/wp-json\/wp\/v2\/product_tag?post=5637"}],"curies":[{"name":"wp","href":"https:\/\/api.w.org\/{rel}","templated":true}]}}