{"id":5636,"date":"2022-02-22T03:08:33","date_gmt":"2022-02-22T03:08:33","guid":{"rendered":"https:\/\/medicinasinc.com\/da\/?post_type=product&#038;p=5636"},"modified":"2022-03-20T00:30:55","modified_gmt":"2022-03-20T00:30:55","slug":"kob-synthacain-pulver","status":"publish","type":"product","link":"https:\/\/medicinasinc.com\/da\/product\/kob-synthacain-pulver\/","title":{"rendered":"K\u00f8b Synthacaine Powder"},"content":{"rendered":"<p>K\u00d8B PULVER AF SYNTHACAINE FOR AT BRUGE<br \/> Synthacaine Powder er et forskningskemikalie, der s\u00e6lges af en grossist.<br \/> N\u00e5r du tjekker ud, kan du v\u00e6lge at betale med en bankoverf\u00f8rsel eller med bitcoins.<br \/> Bem\u00e6rk venligst, at du kun er d\u00e6kket, hvis din pakke er v\u00e6k. Hvis du bruger en sporet forsikret tjeneste, og din pakke g\u00e5r tabt, sender vi den gratis tilbage til dig.<br \/> Tjek venligst dit lands love om import af kemikalier.<br \/> Bestillinger p\u00e5 bitcoins, der afgives mandag til fredag indtil kl. 15.30 vil blive afsendt samme dag, som de placeres.<\/p>\n<p>Da Synthacaine blev brugt f\u00f8rste gang i forskning, havde det et d\u00e5rligt ry. Dette skyldes hovedsagelig, at mange virksomheder solgte pr\u00f8ver af lav kvalitet af det. Dog ikke her p\u00e5 Highstore.net!<\/p>\n<p>Vi arbejder sammen med et godt laboratorium for at sikre, at alt det synthacain, vi laver, er mindst 98 % rent. Vi udleverer ikke den n\u00f8jagtige opskrift p\u00e5 dette produkt, fordi det er en hemmelig blanding.<\/p>\n<p>Der er et godt ry for Gr8 Research Chems synthacaine. Vi er glade for at kunne sige, at vores lager kommer fra samme kilde.<\/p>\n<p>Der er stadig meget, vi ikke ved om dette kemikalie, men indtil videre viser test, at det kan f\u00e5 folk til at f\u00f8le sig glade meget hurtigt .<\/p>\n<p>Det kan ogs\u00e5 v\u00e6re et stimulerende middel, s\u00e5 det er vigtigt for forskere at tage skridt til at holde sig v\u00e6k fra det og kun teste to partier af det ad gangen.<\/p>\n<p>Kemikalierne som vi s\u00e6lger er ikke godkendt til nogen form for in-vivo-forskning (dvs. ikke i mennesker eller dyr) eller kliniske fors\u00f8g, s\u00e5 hvis de ved et uheld bliver indtaget, b\u00f8r du f\u00e5 l\u00e6gehj\u00e6lp med det samme. Dette g\u00e6lder for alle de kemikalier, vi s\u00e6lger. F\u00f8lg venligst standard laboratoriesikkerhedsregler, s\u00e5som at b\u00e6re den rigtige beskyttelse mod hud, \u00f8jne og t\u00f8j.<\/p>\n<p>Hvis du spiser det, b\u00f8r du f\u00e5 l\u00e6gehj\u00e6lp med det samme.<\/p>\n<p>Folk kan k\u00f8be dette produkt i 500 mg og 1 gram m\u00e6ngder. De kan ogs\u00e5 k\u00f8be det i m\u00e6ngder p\u00e5 500 mg og 2 gram.<\/p>\n<p>Skal v\u00e6re over 18 \u00e5r og m\u00e5 ikke spises af mennesker.<\/p>\n","protected":false},"excerpt":{"rendered":"<div class=\"woocommerce-product-details__short-description\">\n<p>Du kan k\u00f8be Synthacaine Powder fra vores Best Global Meds onlinebutik i Storbritannien, Europa, Asien, Kina og f\u00e5 det leveret hurtigt over hele verden! Det er her, du vil finde det bedste Synthacaine at k\u00f8be.<\/p>\n<p>Synthacaine Powder: K\u00f8b Synthacaine Powder, Synthacaine Powder Research Chemical Wholesaler. N\u00e5r du tjekker ud, kan du v\u00e6lge at betale med en bankoverf\u00f8rsel eller med bitcoins.<\/p>\n<p>Synthacaine til at k\u00f8be online Synthacaine kan k\u00f8bes fra online kemibutikker. Du kan finde dem. Online kemikaliebutikker er det bedste sted at k\u00f8be forskningskemikalier, fordi du kan f\u00e5 dem der.<\/p>\n<p>Hvad er Synthacaine? Hvor kan jeg k\u00f8be det? Best Global Meds er et af de bedste steder at k\u00f8be Synthacaine online. Til salg: Vi har h\u00f8jkvalitets Synthacaine til salg.<\/p>\n<p>K\u00f8b Synthacaine Powder til en lav pris online.<\/p>\n<p>Synthacaine er 99,8 % rent. Synthacaine bruges i forskning. Ved 100 mg er den meget st\u00e6rk.<\/p>\n<\/p><\/div>\n","protected":false},"featured_media":5646,"comment_status":"open","ping_status":"closed","template":"","meta":[],"product_brand":[],"product_cat":[2014],"product_tag":[3363,3360,3361,3362,3367,3366,3365,3364,3379,3359,3368,3371,3370,3369,3373,3374,3375,3377,3372,3378,3376],"class_list":{"0":"post-5636","1":"product","2":"type-product","3":"status-publish","4":"has-post-thumbnail","6":"product_cat-kb-forskningskemikalier","7":"product_tag-ordre-synthacain-pulver-europa","8":"product_tag-buy-research-chemical-synthacaine-powder-online","9":"product_tag-buy-synthacaine-powder","10":"product_tag-buy-synthacaine-powder-uk","11":"product_tag-forskning-kemikalier-online","12":"product_tag-forsknings-kemisk-synthacain-pulver","13":"product_tag-forsknings-kemisk-ny-frigivelse-synthacain-pulver","14":"product_tag-research-chem-synthacaine-pulver","15":"product_tag-hvor-kan-kbes-synthacain-pulver","16":"product_tag-kb-forskning-kemisk-synthacain-pulver","17":"product_tag-synthacain-pulver","18":"product_tag-synthacain-pulver-effekt","19":"product_tag-synthacain-pulver-kina","20":"product_tag-synthacain-pulver-kb","21":"product_tag-synthacain-pulver-online","22":"product_tag-synthacain-pulver-orden","23":"product_tag-synthacaine-powder-reddit","24":"product_tag-synthacain-pulver-udsalg","25":"product_tag-synthacain-pulver-til-salg","26":"product_tag-synthacain-pulver-engros","27":"product_tag-synthacain-pulver-forskningskemikalie","29":"first","30":"instock","31":"shipping-taxable","32":"purchasable","33":"product-type-variable","34":"has-default-attributes"},"yoast_head":"<!-- This site is optimized with the Yoast SEO plugin v27.3 - https:\/\/yoast.com\/product\/yoast-seo-wordpress\/ -->\n<title>K\u00f8b Synthacaine Powder - Synthacaine Powder - Best Global Meds<\/title>\n<meta name=\"description\" content=\"K\u00f8b Synthacaine Powder UK, Europa, Asien, Kina i vores bedste globale medicin online shop med hurtig levering over hele verden! Den bedste Synthacaine til bestilling finder du her!\" \/>\n<meta name=\"robots\" content=\"index, follow, max-snippet:-1, max-image-preview:large, max-video-preview:-1\" \/>\n<link rel=\"canonical\" href=\"https:\/\/medicinasinc.com\/da\/product\/kob-synthacain-pulver\/\" \/>\n<meta property=\"og:locale\" content=\"en_US\" \/>\n<meta property=\"og:type\" content=\"article\" \/>\n<meta property=\"og:title\" content=\"K\u00f8b Synthacaine Powder - Synthacaine Powder - Best Global Meds\" \/>\n<meta property=\"og:description\" content=\"K\u00f8b Synthacaine Powder UK, Europa, Asien, Kina i vores bedste globale medicin online shop med hurtig levering over hele verden! Den bedste Synthacaine til bestilling finder du her!\" \/>\n<meta property=\"og:url\" content=\"https:\/\/medicinasinc.com\/da\/product\/kob-synthacain-pulver\/\" \/>\n<meta property=\"og:site_name\" content=\"Medicinas Inc\" \/>\n<meta property=\"article:modified_time\" content=\"2022-03-20T00:30:55+00:00\" \/>\n<meta property=\"og:image\" content=\"https:\/\/medicinasinc.com\/da\/wp-content\/uploads\/sites\/8\/2022\/02\/Buy-Synthacaine-Powder.jpg\" \/>\n\t<meta property=\"og:image:width\" content=\"600\" \/>\n\t<meta property=\"og:image:height\" content=\"600\" \/>\n\t<meta property=\"og:image:type\" content=\"image\/jpeg\" \/>\n<meta name=\"twitter:card\" content=\"summary_large_image\" \/>\n<meta name=\"twitter:label1\" content=\"Est. reading time\" \/>\n\t<meta name=\"twitter:data1\" content=\"2 minutes\" \/>\n<script type=\"application\/ld+json\" class=\"yoast-schema-graph\">{\"@context\":\"https:\\\/\\\/schema.org\",\"@graph\":[{\"@type\":\"WebPage\",\"@id\":\"https:\\\/\\\/medicinasinc.com\\\/da\\\/product\\\/kob-synthacain-pulver\\\/\",\"url\":\"https:\\\/\\\/medicinasinc.com\\\/da\\\/product\\\/kob-synthacain-pulver\\\/\",\"name\":\"K\u00f8b Synthacaine Powder - Synthacaine Powder - Best Global Meds\",\"isPartOf\":{\"@id\":\"https:\\\/\\\/medicinasinc.com\\\/da\\\/#website\"},\"primaryImageOfPage\":{\"@id\":\"https:\\\/\\\/medicinasinc.com\\\/da\\\/product\\\/kob-synthacain-pulver\\\/#primaryimage\"},\"image\":{\"@id\":\"https:\\\/\\\/medicinasinc.com\\\/da\\\/product\\\/kob-synthacain-pulver\\\/#primaryimage\"},\"thumbnailUrl\":\"https:\\\/\\\/medicinasinc.com\\\/da\\\/wp-content\\\/uploads\\\/sites\\\/8\\\/2022\\\/02\\\/Buy-Synthacaine-Powder.jpg\",\"datePublished\":\"2022-02-22T03:08:33+00:00\",\"dateModified\":\"2022-03-20T00:30:55+00:00\",\"description\":\"K\u00f8b Synthacaine Powder UK, Europa, Asien, Kina i vores bedste globale medicin online shop med hurtig levering over hele verden! Den bedste Synthacaine til bestilling finder du her!\",\"breadcrumb\":{\"@id\":\"https:\\\/\\\/medicinasinc.com\\\/da\\\/product\\\/kob-synthacain-pulver\\\/#breadcrumb\"},\"inLanguage\":\"en-US\",\"potentialAction\":[{\"@type\":\"ReadAction\",\"target\":[\"https:\\\/\\\/medicinasinc.com\\\/da\\\/product\\\/kob-synthacain-pulver\\\/\"]}]},{\"@type\":\"ImageObject\",\"inLanguage\":\"en-US\",\"@id\":\"https:\\\/\\\/medicinasinc.com\\\/da\\\/product\\\/kob-synthacain-pulver\\\/#primaryimage\",\"url\":\"https:\\\/\\\/medicinasinc.com\\\/da\\\/wp-content\\\/uploads\\\/sites\\\/8\\\/2022\\\/02\\\/Buy-Synthacaine-Powder.jpg\",\"contentUrl\":\"https:\\\/\\\/medicinasinc.com\\\/da\\\/wp-content\\\/uploads\\\/sites\\\/8\\\/2022\\\/02\\\/Buy-Synthacaine-Powder.jpg\",\"width\":600,\"height\":600},{\"@type\":\"BreadcrumbList\",\"@id\":\"https:\\\/\\\/medicinasinc.com\\\/da\\\/product\\\/kob-synthacain-pulver\\\/#breadcrumb\",\"itemListElement\":[{\"@type\":\"ListItem\",\"position\":1,\"name\":\"Butik\",\"item\":\"https:\\\/\\\/medicinasinc.com\\\/da\\\/butik\\\/\"},{\"@type\":\"ListItem\",\"position\":2,\"name\":\"K\u00f8b Synthacaine Powder\"}]},{\"@type\":\"WebSite\",\"@id\":\"https:\\\/\\\/medicinasinc.com\\\/da\\\/#website\",\"url\":\"https:\\\/\\\/medicinasinc.com\\\/da\\\/\",\"name\":\"Medicinas Inc\",\"description\":\"Health Medical Clinic\",\"potentialAction\":[{\"@type\":\"SearchAction\",\"target\":{\"@type\":\"EntryPoint\",\"urlTemplate\":\"https:\\\/\\\/medicinasinc.com\\\/da\\\/?s={search_term_string}\"},\"query-input\":{\"@type\":\"PropertyValueSpecification\",\"valueRequired\":true,\"valueName\":\"search_term_string\"}}],\"inLanguage\":\"en-US\"}]}<\/script>\n<!-- \/ Yoast SEO plugin. -->","yoast_head_json":{"title":"K\u00f8b Synthacaine Powder - Synthacaine Powder - Best Global Meds","description":"K\u00f8b Synthacaine Powder UK, Europa, Asien, Kina i vores bedste globale medicin online shop med hurtig levering over hele verden! Den bedste Synthacaine til bestilling finder du her!","robots":{"index":"index","follow":"follow","max-snippet":"max-snippet:-1","max-image-preview":"max-image-preview:large","max-video-preview":"max-video-preview:-1"},"canonical":"https:\/\/medicinasinc.com\/da\/product\/kob-synthacain-pulver\/","og_locale":"en_US","og_type":"article","og_title":"K\u00f8b Synthacaine Powder - Synthacaine Powder - Best Global Meds","og_description":"K\u00f8b Synthacaine Powder UK, Europa, Asien, Kina i vores bedste globale medicin online shop med hurtig levering over hele verden! Den bedste Synthacaine til bestilling finder du her!","og_url":"https:\/\/medicinasinc.com\/da\/product\/kob-synthacain-pulver\/","og_site_name":"Medicinas Inc","article_modified_time":"2022-03-20T00:30:55+00:00","og_image":[{"width":600,"height":600,"url":"https:\/\/medicinasinc.com\/da\/wp-content\/uploads\/sites\/8\/2022\/02\/Buy-Synthacaine-Powder.jpg","type":"image\/jpeg"}],"twitter_card":"summary_large_image","twitter_misc":{"Est. reading time":"2 minutes"},"schema":{"@context":"https:\/\/schema.org","@graph":[{"@type":"WebPage","@id":"https:\/\/medicinasinc.com\/da\/product\/kob-synthacain-pulver\/","url":"https:\/\/medicinasinc.com\/da\/product\/kob-synthacain-pulver\/","name":"K\u00f8b Synthacaine Powder - Synthacaine Powder - Best Global Meds","isPartOf":{"@id":"https:\/\/medicinasinc.com\/da\/#website"},"primaryImageOfPage":{"@id":"https:\/\/medicinasinc.com\/da\/product\/kob-synthacain-pulver\/#primaryimage"},"image":{"@id":"https:\/\/medicinasinc.com\/da\/product\/kob-synthacain-pulver\/#primaryimage"},"thumbnailUrl":"https:\/\/medicinasinc.com\/da\/wp-content\/uploads\/sites\/8\/2022\/02\/Buy-Synthacaine-Powder.jpg","datePublished":"2022-02-22T03:08:33+00:00","dateModified":"2022-03-20T00:30:55+00:00","description":"K\u00f8b Synthacaine Powder UK, Europa, Asien, Kina i vores bedste globale medicin online shop med hurtig levering over hele verden! Den bedste Synthacaine til bestilling finder du her!","breadcrumb":{"@id":"https:\/\/medicinasinc.com\/da\/product\/kob-synthacain-pulver\/#breadcrumb"},"inLanguage":"en-US","potentialAction":[{"@type":"ReadAction","target":["https:\/\/medicinasinc.com\/da\/product\/kob-synthacain-pulver\/"]}]},{"@type":"ImageObject","inLanguage":"en-US","@id":"https:\/\/medicinasinc.com\/da\/product\/kob-synthacain-pulver\/#primaryimage","url":"https:\/\/medicinasinc.com\/da\/wp-content\/uploads\/sites\/8\/2022\/02\/Buy-Synthacaine-Powder.jpg","contentUrl":"https:\/\/medicinasinc.com\/da\/wp-content\/uploads\/sites\/8\/2022\/02\/Buy-Synthacaine-Powder.jpg","width":600,"height":600},{"@type":"BreadcrumbList","@id":"https:\/\/medicinasinc.com\/da\/product\/kob-synthacain-pulver\/#breadcrumb","itemListElement":[{"@type":"ListItem","position":1,"name":"Butik","item":"https:\/\/medicinasinc.com\/da\/butik\/"},{"@type":"ListItem","position":2,"name":"K\u00f8b Synthacaine Powder"}]},{"@type":"WebSite","@id":"https:\/\/medicinasinc.com\/da\/#website","url":"https:\/\/medicinasinc.com\/da\/","name":"Medicinas Inc","description":"Health Medical Clinic","potentialAction":[{"@type":"SearchAction","target":{"@type":"EntryPoint","urlTemplate":"https:\/\/medicinasinc.com\/da\/?s={search_term_string}"},"query-input":{"@type":"PropertyValueSpecification","valueRequired":true,"valueName":"search_term_string"}}],"inLanguage":"en-US"}]}},"_links":{"self":[{"href":"https:\/\/medicinasinc.com\/da\/wp-json\/wp\/v2\/product\/5636","targetHints":{"allow":["GET"]}}],"collection":[{"href":"https:\/\/medicinasinc.com\/da\/wp-json\/wp\/v2\/product"}],"about":[{"href":"https:\/\/medicinasinc.com\/da\/wp-json\/wp\/v2\/types\/product"}],"replies":[{"embeddable":true,"href":"https:\/\/medicinasinc.com\/da\/wp-json\/wp\/v2\/comments?post=5636"}],"wp:featuredmedia":[{"embeddable":true,"href":"https:\/\/medicinasinc.com\/da\/wp-json\/wp\/v2\/media\/5646"}],"wp:attachment":[{"href":"https:\/\/medicinasinc.com\/da\/wp-json\/wp\/v2\/media?parent=5636"}],"wp:term":[{"taxonomy":"product_brand","embeddable":true,"href":"https:\/\/medicinasinc.com\/da\/wp-json\/wp\/v2\/product_brand?post=5636"},{"taxonomy":"product_cat","embeddable":true,"href":"https:\/\/medicinasinc.com\/da\/wp-json\/wp\/v2\/product_cat?post=5636"},{"taxonomy":"product_tag","embeddable":true,"href":"https:\/\/medicinasinc.com\/da\/wp-json\/wp\/v2\/product_tag?post=5636"}],"curies":[{"name":"wp","href":"https:\/\/api.w.org\/{rel}","templated":true}]}}