{"id":5635,"date":"2022-02-22T03:07:02","date_gmt":"2022-02-22T03:07:02","guid":{"rendered":"https:\/\/medicinasinc.com\/da\/?post_type=product&#038;p=5635"},"modified":"2022-03-20T00:31:04","modified_gmt":"2022-03-20T00:31:04","slug":"kob-ro-badesalt","status":"publish","type":"product","link":"https:\/\/medicinasinc.com\/da\/product\/kob-ro-badesalt\/","title":{"rendered":"K\u00f8b Tranquility Badesalt"},"content":{"rendered":"<p>K\u00f8b Tranquility-badesalte online: Hvordan k\u00f8ber man dem?<\/p>\n<p>Best Best Global Meds s\u00e6lger badesalte af h\u00f8j kvalitet, der vil give dig et glat, sensuelt bad, der f\u00e5r dig til at f\u00f8le dig ren.<\/p>\n<p>N\u00e5r du &#8220;k\u00f8ber ro-badesalt online&#8221; hos os, kan du v\u00e6re sikker p\u00e5, at det er det bedste, du kan f\u00e5. Vi s\u00e6lger og k\u00f8ber andre koncentrerede badesalte til gode priser.<\/p>\n<p>Vores badesalte har en st\u00e6rk lugt.<\/p>\n<p>Leder du efter et sted at k\u00f8be ro-badesalte p\u00e5 nettet? Chemicals Lab giver dig chancen for at k\u00f8be ro-badesalt online uden at skulle h\u00e5ndtere problemer eller besv\u00e6rligheder. Vi arbejder d\u00f8gnet rundt for at sikre, at du sparer penge, hver gang du k\u00f8ber ro-badesalt fra vores online apotek. N\u00e5r du k\u00f8ber noget fra Chemicals Lab, vil vi gerne have, at du betaler mindre og f\u00e5r mere.<\/p>\n<div class=\"product-next-previous\">\n<div class=\"product-prev\"><\/div><\/div>\n<p> div&gt;<\/p>\n","protected":false},"excerpt":{"rendered":"<p>P\u00e5 vores bestglobalmeds-websted kan du k\u00f8be Tranquility Bath Salt fra Storbritannien, Europa, Asien og Kina og f\u00e5 det leveret hurtigt over hele verden! Det er her, du kan k\u00f8be det bedste Tranquility Bath Salt p\u00e5 bestilling.<\/p>\n<p>Tranquility Bath Salts kan k\u00f8bes online fra en velrenommeret leverand\u00f8r. Vi s\u00e6lger de bedste badeprodukter, s\u00e5som badesalt.<\/p>\n<p>K\u00f8b Tranquility Bath Salts online NU! Vi har de bedste badeprodukter, s\u00e5som badesalte, at give dig.<\/p>\n","protected":false},"featured_media":5644,"comment_status":"open","ping_status":"closed","template":"","meta":[],"product_brand":[],"product_cat":[2014],"product_tag":[3348,3347,3344,3345,3346,3358,3349,3351,3350,3352,3357,3354,3356,3353,3355],"class_list":{"0":"post-5635","1":"product","2":"type-product","3":"status-publish","4":"has-post-thumbnail","6":"product_cat-kb-forskningskemikalier","7":"product_tag-bestil-ro-badesalt-online","8":"product_tag-orden-ro-badesalte","9":"product_tag-buy-tranquility-bath-salts","10":"product_tag-buy-tranquility-bath-salts-online","11":"product_tag-buy-tranquility-bath-salts-uk","12":"product_tag-hvor-kan-kbes-ro-badesalt","13":"product_tag-ro-badesalte","14":"product_tag-ro-badesalt-online","15":"product_tag-ro-badesalte-til-salg","16":"product_tag-ro-badesalt-orden-europa","17":"product_tag-ro-badesalte-engros","18":"product_tag-ro-badesalt-forhandler","19":"product_tag-ro-badesalt-leverandr","20":"product_tag-ro-badesalt-reddit","21":"product_tag-ro-badesalte-udsalg","23":"first","24":"instock","25":"shipping-taxable","26":"purchasable","27":"product-type-variable"},"yoast_head":"<!-- This site is optimized with the Yoast SEO plugin v27.3 - https:\/\/yoast.com\/product\/yoast-seo-wordpress\/ -->\n<title>K\u00f8b Tranquility Bath Salt - Tranquility Bath Salt - Best Global Meds<\/title>\n<meta name=\"description\" content=\"K\u00f8b Tranquility Bath Salt UK, Europa, Asien, Kina i vores bestglobalmeds online shop med hurtig levering over hele verden! Det bedste Tranquility Badesalt til bestilling finder du her!\" \/>\n<meta name=\"robots\" content=\"index, follow, max-snippet:-1, max-image-preview:large, max-video-preview:-1\" \/>\n<link rel=\"canonical\" href=\"https:\/\/medicinasinc.com\/da\/product\/kob-ro-badesalt\/\" \/>\n<meta property=\"og:locale\" content=\"en_US\" \/>\n<meta property=\"og:type\" content=\"article\" \/>\n<meta property=\"og:title\" content=\"K\u00f8b Tranquility Bath Salt - Tranquility Bath Salt - Best Global Meds\" \/>\n<meta property=\"og:description\" content=\"K\u00f8b Tranquility Bath Salt UK, Europa, Asien, Kina i vores bestglobalmeds online shop med hurtig levering over hele verden! Det bedste Tranquility Badesalt til bestilling finder du her!\" \/>\n<meta property=\"og:url\" content=\"https:\/\/medicinasinc.com\/da\/product\/kob-ro-badesalt\/\" \/>\n<meta property=\"og:site_name\" content=\"Medicinas Inc\" \/>\n<meta property=\"article:modified_time\" content=\"2022-03-20T00:31:04+00:00\" \/>\n<meta property=\"og:image\" content=\"https:\/\/medicinasinc.com\/da\/wp-content\/uploads\/sites\/8\/2022\/02\/Buy-Tranquility-Bath-Salt.jpg\" \/>\n\t<meta property=\"og:image:width\" content=\"236\" \/>\n\t<meta property=\"og:image:height\" content=\"225\" \/>\n\t<meta property=\"og:image:type\" content=\"image\/jpeg\" \/>\n<meta name=\"twitter:card\" content=\"summary_large_image\" \/>\n<meta name=\"twitter:label1\" content=\"Est. reading time\" \/>\n\t<meta name=\"twitter:data1\" content=\"1 minute\" \/>\n<script type=\"application\/ld+json\" class=\"yoast-schema-graph\">{\"@context\":\"https:\\\/\\\/schema.org\",\"@graph\":[{\"@type\":\"WebPage\",\"@id\":\"https:\\\/\\\/medicinasinc.com\\\/da\\\/product\\\/kob-ro-badesalt\\\/\",\"url\":\"https:\\\/\\\/medicinasinc.com\\\/da\\\/product\\\/kob-ro-badesalt\\\/\",\"name\":\"K\u00f8b Tranquility Bath Salt - Tranquility Bath Salt - Best Global Meds\",\"isPartOf\":{\"@id\":\"https:\\\/\\\/medicinasinc.com\\\/da\\\/#website\"},\"primaryImageOfPage\":{\"@id\":\"https:\\\/\\\/medicinasinc.com\\\/da\\\/product\\\/kob-ro-badesalt\\\/#primaryimage\"},\"image\":{\"@id\":\"https:\\\/\\\/medicinasinc.com\\\/da\\\/product\\\/kob-ro-badesalt\\\/#primaryimage\"},\"thumbnailUrl\":\"https:\\\/\\\/medicinasinc.com\\\/da\\\/wp-content\\\/uploads\\\/sites\\\/8\\\/2022\\\/02\\\/Buy-Tranquility-Bath-Salt.jpg\",\"datePublished\":\"2022-02-22T03:07:02+00:00\",\"dateModified\":\"2022-03-20T00:31:04+00:00\",\"description\":\"K\u00f8b Tranquility Bath Salt UK, Europa, Asien, Kina i vores bestglobalmeds online shop med hurtig levering over hele verden! Det bedste Tranquility Badesalt til bestilling finder du her!\",\"breadcrumb\":{\"@id\":\"https:\\\/\\\/medicinasinc.com\\\/da\\\/product\\\/kob-ro-badesalt\\\/#breadcrumb\"},\"inLanguage\":\"en-US\",\"potentialAction\":[{\"@type\":\"ReadAction\",\"target\":[\"https:\\\/\\\/medicinasinc.com\\\/da\\\/product\\\/kob-ro-badesalt\\\/\"]}]},{\"@type\":\"ImageObject\",\"inLanguage\":\"en-US\",\"@id\":\"https:\\\/\\\/medicinasinc.com\\\/da\\\/product\\\/kob-ro-badesalt\\\/#primaryimage\",\"url\":\"https:\\\/\\\/medicinasinc.com\\\/da\\\/wp-content\\\/uploads\\\/sites\\\/8\\\/2022\\\/02\\\/Buy-Tranquility-Bath-Salt.jpg\",\"contentUrl\":\"https:\\\/\\\/medicinasinc.com\\\/da\\\/wp-content\\\/uploads\\\/sites\\\/8\\\/2022\\\/02\\\/Buy-Tranquility-Bath-Salt.jpg\",\"width\":236,\"height\":225},{\"@type\":\"BreadcrumbList\",\"@id\":\"https:\\\/\\\/medicinasinc.com\\\/da\\\/product\\\/kob-ro-badesalt\\\/#breadcrumb\",\"itemListElement\":[{\"@type\":\"ListItem\",\"position\":1,\"name\":\"Butik\",\"item\":\"https:\\\/\\\/medicinasinc.com\\\/da\\\/butik\\\/\"},{\"@type\":\"ListItem\",\"position\":2,\"name\":\"K\u00f8b Tranquility Badesalt\"}]},{\"@type\":\"WebSite\",\"@id\":\"https:\\\/\\\/medicinasinc.com\\\/da\\\/#website\",\"url\":\"https:\\\/\\\/medicinasinc.com\\\/da\\\/\",\"name\":\"Medicinas Inc\",\"description\":\"Health Medical Clinic\",\"potentialAction\":[{\"@type\":\"SearchAction\",\"target\":{\"@type\":\"EntryPoint\",\"urlTemplate\":\"https:\\\/\\\/medicinasinc.com\\\/da\\\/?s={search_term_string}\"},\"query-input\":{\"@type\":\"PropertyValueSpecification\",\"valueRequired\":true,\"valueName\":\"search_term_string\"}}],\"inLanguage\":\"en-US\"}]}<\/script>\n<!-- \/ Yoast SEO plugin. -->","yoast_head_json":{"title":"K\u00f8b Tranquility Bath Salt - Tranquility Bath Salt - Best Global Meds","description":"K\u00f8b Tranquility Bath Salt UK, Europa, Asien, Kina i vores bestglobalmeds online shop med hurtig levering over hele verden! Det bedste Tranquility Badesalt til bestilling finder du her!","robots":{"index":"index","follow":"follow","max-snippet":"max-snippet:-1","max-image-preview":"max-image-preview:large","max-video-preview":"max-video-preview:-1"},"canonical":"https:\/\/medicinasinc.com\/da\/product\/kob-ro-badesalt\/","og_locale":"en_US","og_type":"article","og_title":"K\u00f8b Tranquility Bath Salt - Tranquility Bath Salt - Best Global Meds","og_description":"K\u00f8b Tranquility Bath Salt UK, Europa, Asien, Kina i vores bestglobalmeds online shop med hurtig levering over hele verden! Det bedste Tranquility Badesalt til bestilling finder du her!","og_url":"https:\/\/medicinasinc.com\/da\/product\/kob-ro-badesalt\/","og_site_name":"Medicinas Inc","article_modified_time":"2022-03-20T00:31:04+00:00","og_image":[{"width":236,"height":225,"url":"https:\/\/medicinasinc.com\/da\/wp-content\/uploads\/sites\/8\/2022\/02\/Buy-Tranquility-Bath-Salt.jpg","type":"image\/jpeg"}],"twitter_card":"summary_large_image","twitter_misc":{"Est. reading time":"1 minute"},"schema":{"@context":"https:\/\/schema.org","@graph":[{"@type":"WebPage","@id":"https:\/\/medicinasinc.com\/da\/product\/kob-ro-badesalt\/","url":"https:\/\/medicinasinc.com\/da\/product\/kob-ro-badesalt\/","name":"K\u00f8b Tranquility Bath Salt - Tranquility Bath Salt - Best Global Meds","isPartOf":{"@id":"https:\/\/medicinasinc.com\/da\/#website"},"primaryImageOfPage":{"@id":"https:\/\/medicinasinc.com\/da\/product\/kob-ro-badesalt\/#primaryimage"},"image":{"@id":"https:\/\/medicinasinc.com\/da\/product\/kob-ro-badesalt\/#primaryimage"},"thumbnailUrl":"https:\/\/medicinasinc.com\/da\/wp-content\/uploads\/sites\/8\/2022\/02\/Buy-Tranquility-Bath-Salt.jpg","datePublished":"2022-02-22T03:07:02+00:00","dateModified":"2022-03-20T00:31:04+00:00","description":"K\u00f8b Tranquility Bath Salt UK, Europa, Asien, Kina i vores bestglobalmeds online shop med hurtig levering over hele verden! Det bedste Tranquility Badesalt til bestilling finder du her!","breadcrumb":{"@id":"https:\/\/medicinasinc.com\/da\/product\/kob-ro-badesalt\/#breadcrumb"},"inLanguage":"en-US","potentialAction":[{"@type":"ReadAction","target":["https:\/\/medicinasinc.com\/da\/product\/kob-ro-badesalt\/"]}]},{"@type":"ImageObject","inLanguage":"en-US","@id":"https:\/\/medicinasinc.com\/da\/product\/kob-ro-badesalt\/#primaryimage","url":"https:\/\/medicinasinc.com\/da\/wp-content\/uploads\/sites\/8\/2022\/02\/Buy-Tranquility-Bath-Salt.jpg","contentUrl":"https:\/\/medicinasinc.com\/da\/wp-content\/uploads\/sites\/8\/2022\/02\/Buy-Tranquility-Bath-Salt.jpg","width":236,"height":225},{"@type":"BreadcrumbList","@id":"https:\/\/medicinasinc.com\/da\/product\/kob-ro-badesalt\/#breadcrumb","itemListElement":[{"@type":"ListItem","position":1,"name":"Butik","item":"https:\/\/medicinasinc.com\/da\/butik\/"},{"@type":"ListItem","position":2,"name":"K\u00f8b Tranquility Badesalt"}]},{"@type":"WebSite","@id":"https:\/\/medicinasinc.com\/da\/#website","url":"https:\/\/medicinasinc.com\/da\/","name":"Medicinas Inc","description":"Health Medical Clinic","potentialAction":[{"@type":"SearchAction","target":{"@type":"EntryPoint","urlTemplate":"https:\/\/medicinasinc.com\/da\/?s={search_term_string}"},"query-input":{"@type":"PropertyValueSpecification","valueRequired":true,"valueName":"search_term_string"}}],"inLanguage":"en-US"}]}},"_links":{"self":[{"href":"https:\/\/medicinasinc.com\/da\/wp-json\/wp\/v2\/product\/5635","targetHints":{"allow":["GET"]}}],"collection":[{"href":"https:\/\/medicinasinc.com\/da\/wp-json\/wp\/v2\/product"}],"about":[{"href":"https:\/\/medicinasinc.com\/da\/wp-json\/wp\/v2\/types\/product"}],"replies":[{"embeddable":true,"href":"https:\/\/medicinasinc.com\/da\/wp-json\/wp\/v2\/comments?post=5635"}],"wp:featuredmedia":[{"embeddable":true,"href":"https:\/\/medicinasinc.com\/da\/wp-json\/wp\/v2\/media\/5644"}],"wp:attachment":[{"href":"https:\/\/medicinasinc.com\/da\/wp-json\/wp\/v2\/media?parent=5635"}],"wp:term":[{"taxonomy":"product_brand","embeddable":true,"href":"https:\/\/medicinasinc.com\/da\/wp-json\/wp\/v2\/product_brand?post=5635"},{"taxonomy":"product_cat","embeddable":true,"href":"https:\/\/medicinasinc.com\/da\/wp-json\/wp\/v2\/product_cat?post=5635"},{"taxonomy":"product_tag","embeddable":true,"href":"https:\/\/medicinasinc.com\/da\/wp-json\/wp\/v2\/product_tag?post=5635"}],"curies":[{"name":"wp","href":"https:\/\/api.w.org\/{rel}","templated":true}]}}