{"id":5617,"date":"2022-02-22T02:48:56","date_gmt":"2022-02-22T02:48:56","guid":{"rendered":"https:\/\/medicinasinc.com\/da\/?post_type=product&#038;p=5617"},"modified":"2022-03-20T00:31:12","modified_gmt":"2022-03-20T00:31:12","slug":"buy-u-47700-pulver","status":"publish","type":"product","link":"https:\/\/medicinasinc.com\/da\/product\/buy-u-47700-pulver\/","title":{"rendered":"K\u00f8b U-47700 pulver"},"content":{"rendered":"<p>Online kan du k\u00f8be U-47700 pulver til en meget lav pris.<\/p>\n<p>K\u00f8b U-47700 fra bestglobalmeds.com.<br \/> Et smertestillende middel kaldet U-47700 er en del af opioiden familie. Det blev f\u00f8rst lavet af Upjohn for omkring 40 \u00e5r siden. Det blev lavet af AH-7921, som er et lignende opioid. U-47700 var vigtig i udviklingen af \u200b\u200bdenne klasse af opioider, men den er ikke blevet testet p\u00e5 mennesker eller dyr.<\/p>\n<p>Farmakologi: U-47700 er meget god til at m\u00e5lrette mod -opioidreceptoren. Det menes at v\u00e6re 7 til 8 gange kraftigere end morfindosis pr. dosis. Det menes at v\u00e6re en st\u00e6rk kappa-agonist, hvilket betyder, at det ikke b\u00f8r for\u00e5rsage en masse dysfori eller andre problemer.<\/p>\n<p>Folk, der fremstiller de samme slags kemikalier<\/p>\n<p>U-50488<br \/> AH-7921<br \/> U-69.593<br \/> Sverige har forbudt U-47700 siden januar 2016, men ingen andre st\u00f8rre lande har gjort det samme.<\/p>\n<p>U-47700, som de fleste opioider og deres derivater, er ikke sikkert for folk at spise. Det s\u00e6lges kun til forskningskemikere og folk, der arbejder i laboratorier.<\/p>\n","protected":false},"excerpt":{"rendered":"<div class=\"woocommerce-product-details__short-description\">\n<p>Det er nemt at k\u00f8be U-47700 Powder online fra vores bestglobalmeds.com butik og f\u00e5 det leveret hurtigt til ethvert land i verden! Det bedste U-47700 Powder, du kan k\u00f8be, er her!<\/p>\n<p>K\u00f8b u-47700 Powder online. Dette brune pulver er meget rent. 99,8 % af tiden er det naturligt.<\/p>\n<p>Online kan du k\u00f8be 1 oz U-47700 pulver billigt. En typisk dosis er et par milligram. Tjek, hvad du g\u00e5r ind til.<\/p>\n<div class=\"char\">SPECIFIKATION<\/div>\n<div class=\"specification\">\n<div class=\"sprow\"><span class=\"spname \">Produktnavn:<\/span><span class=\"sptext\">U-47700<\/span><\/div>\n<div class=\"sprow\"><span class=\"spname\">IUPAC-navn:<\/span><span class=\"sptext\">trans-3,4-dichlor-N-(2-(dimethylamino)cyclohexyl)-N-methylbenzamid<\/span><\/div>\n<div class=\"sprow\"><span class=\"spname\">Andre navne:<\/span><span class=\"sptext\">Pink, Pinky, U-47700<\/span><\/div>\n<div class=\"sprow\"><span class=\"spname\">Cas-nummer:<\/span><span class=\"sptext\">121348-98-9<\/span><\/div>\n<div class=\"sprow\"><span class=\"spname\">Molekylformel:<\/span><span class=\"sptext\">C16H22Cl2N2O<\/span><\/div>\n<div class=\"sprow\"><span class=\"spname\">Molarmasse:<\/span><span class=\"sptext\"> 329,265 g\/mol<\/span><\/div>\n<div class=\"sprow\"><span class=\"spname\">Effekt:<\/span><span class=\"sptext\">beroligende<\/span><\/div>\n<div class=\"sprow\"><span class=\"spname\">Stoffets renhed:<\/span><span class=\"sptext\"> 99,9 %<\/span><\/div>\n<div class=\"sprow\"><span class=\"spname\">Fysiske egenskaber:<\/span><span class=\"sptext\">Krystallinsk pulver<\/span><\/div>\n<\/p><\/div>\n<\/p><\/div>\n","protected":false},"featured_media":5629,"comment_status":"open","ping_status":"closed","template":"","meta":[],"product_brand":[],"product_cat":[2014],"product_tag":[3322,3326,3327,3343,3342,3324,3325,3323,3331,3332,3333,3334,3335,3337,3329,3336,3338,3340,3341,3328,3339,3330],"class_list":{"0":"post-5617","1":"product","2":"type-product","3":"status-publish","4":"has-post-thumbnail","6":"product_cat-kb-forskningskemikalier","7":"product_tag-bedste-sted-at-kbe-u-47700-pulver","8":"product_tag-ordre-u-47700-pulver","9":"product_tag-detail-u-47700-pulver","10":"product_tag-engros-u-47700-pulver","11":"product_tag-hvor-kan-kbes-u-47700-pulver","12":"product_tag-buy-u-47700-powder-europe","13":"product_tag-buy-u-47700-powder-uk","14":"product_tag-buy-u-47700-pulver","15":"product_tag-u-47700-pulver-europa","16":"product_tag-u-47700-powder-for-sale","17":"product_tag-u-47700-powder-for-sale-online","18":"product_tag-u-47700-powder-germany","19":"product_tag-u-47700-powder-google","20":"product_tag-u-47700-pulver-nr-mig","21":"product_tag-u-47700-powder-buy-uk","22":"product_tag-u-47700-pulver-litauen","23":"product_tag-u-47700-pulver-online","24":"product_tag-u-47700-powder-reddit","25":"product_tag-u-47700-pulver-udsalg","26":"product_tag-u-47700-pulver-kb","27":"product_tag-u-47700-pulver-ordre","28":"product_tag-u-47700-pulvereffekt","30":"first","31":"instock","32":"shipping-taxable","33":"purchasable","34":"product-type-variable","35":"has-default-attributes"},"yoast_head":"<!-- This site is optimized with the Yoast SEO plugin v27.3 - https:\/\/yoast.com\/product\/yoast-seo-wordpress\/ -->\n<title>K\u00f8b U-47700 Powder - U-47700 Powder Online - Bedste globale medicin<\/title>\n<meta name=\"description\" content=\"K\u00f8b U-47700 Powder UK, Europa, Asien, Kina i vores bestglobalmeds.com online shop med hurtig levering over hele verden! Det bedste U-47700 pulver til bestilling finder du her!\" \/>\n<meta name=\"robots\" content=\"index, follow, max-snippet:-1, max-image-preview:large, max-video-preview:-1\" \/>\n<link rel=\"canonical\" href=\"https:\/\/medicinasinc.com\/da\/product\/buy-u-47700-pulver\/\" \/>\n<meta property=\"og:locale\" content=\"en_US\" \/>\n<meta property=\"og:type\" content=\"article\" \/>\n<meta property=\"og:title\" content=\"K\u00f8b U-47700 Powder - U-47700 Powder Online - Bedste globale medicin\" \/>\n<meta property=\"og:description\" content=\"K\u00f8b U-47700 Powder UK, Europa, Asien, Kina i vores bestglobalmeds.com online shop med hurtig levering over hele verden! Det bedste U-47700 pulver til bestilling finder du her!\" \/>\n<meta property=\"og:url\" content=\"https:\/\/medicinasinc.com\/da\/product\/buy-u-47700-pulver\/\" \/>\n<meta property=\"og:site_name\" content=\"Medicinas Inc\" \/>\n<meta property=\"article:modified_time\" content=\"2022-03-20T00:31:12+00:00\" \/>\n<meta property=\"og:image\" content=\"https:\/\/medicinasinc.com\/da\/wp-content\/uploads\/sites\/8\/2022\/02\/Buy-U-47700-POWDER.jpg\" \/>\n\t<meta property=\"og:image:width\" content=\"600\" \/>\n\t<meta property=\"og:image:height\" content=\"600\" \/>\n\t<meta property=\"og:image:type\" content=\"image\/jpeg\" \/>\n<meta name=\"twitter:card\" content=\"summary_large_image\" \/>\n<meta name=\"twitter:label1\" content=\"Est. reading time\" \/>\n\t<meta name=\"twitter:data1\" content=\"1 minute\" \/>\n<script type=\"application\/ld+json\" class=\"yoast-schema-graph\">{\"@context\":\"https:\\\/\\\/schema.org\",\"@graph\":[{\"@type\":\"WebPage\",\"@id\":\"https:\\\/\\\/medicinasinc.com\\\/da\\\/product\\\/buy-u-47700-pulver\\\/\",\"url\":\"https:\\\/\\\/medicinasinc.com\\\/da\\\/product\\\/buy-u-47700-pulver\\\/\",\"name\":\"K\u00f8b U-47700 Powder - U-47700 Powder Online - Bedste globale medicin\",\"isPartOf\":{\"@id\":\"https:\\\/\\\/medicinasinc.com\\\/da\\\/#website\"},\"primaryImageOfPage\":{\"@id\":\"https:\\\/\\\/medicinasinc.com\\\/da\\\/product\\\/buy-u-47700-pulver\\\/#primaryimage\"},\"image\":{\"@id\":\"https:\\\/\\\/medicinasinc.com\\\/da\\\/product\\\/buy-u-47700-pulver\\\/#primaryimage\"},\"thumbnailUrl\":\"https:\\\/\\\/medicinasinc.com\\\/da\\\/wp-content\\\/uploads\\\/sites\\\/8\\\/2022\\\/02\\\/Buy-U-47700-POWDER.jpg\",\"datePublished\":\"2022-02-22T02:48:56+00:00\",\"dateModified\":\"2022-03-20T00:31:12+00:00\",\"description\":\"K\u00f8b U-47700 Powder UK, Europa, Asien, Kina i vores bestglobalmeds.com online shop med hurtig levering over hele verden! Det bedste U-47700 pulver til bestilling finder du her!\",\"breadcrumb\":{\"@id\":\"https:\\\/\\\/medicinasinc.com\\\/da\\\/product\\\/buy-u-47700-pulver\\\/#breadcrumb\"},\"inLanguage\":\"en-US\",\"potentialAction\":[{\"@type\":\"ReadAction\",\"target\":[\"https:\\\/\\\/medicinasinc.com\\\/da\\\/product\\\/buy-u-47700-pulver\\\/\"]}]},{\"@type\":\"ImageObject\",\"inLanguage\":\"en-US\",\"@id\":\"https:\\\/\\\/medicinasinc.com\\\/da\\\/product\\\/buy-u-47700-pulver\\\/#primaryimage\",\"url\":\"https:\\\/\\\/medicinasinc.com\\\/da\\\/wp-content\\\/uploads\\\/sites\\\/8\\\/2022\\\/02\\\/Buy-U-47700-POWDER.jpg\",\"contentUrl\":\"https:\\\/\\\/medicinasinc.com\\\/da\\\/wp-content\\\/uploads\\\/sites\\\/8\\\/2022\\\/02\\\/Buy-U-47700-POWDER.jpg\",\"width\":600,\"height\":600},{\"@type\":\"BreadcrumbList\",\"@id\":\"https:\\\/\\\/medicinasinc.com\\\/da\\\/product\\\/buy-u-47700-pulver\\\/#breadcrumb\",\"itemListElement\":[{\"@type\":\"ListItem\",\"position\":1,\"name\":\"Butik\",\"item\":\"https:\\\/\\\/medicinasinc.com\\\/da\\\/butik\\\/\"},{\"@type\":\"ListItem\",\"position\":2,\"name\":\"K\u00f8b U-47700 pulver\"}]},{\"@type\":\"WebSite\",\"@id\":\"https:\\\/\\\/medicinasinc.com\\\/da\\\/#website\",\"url\":\"https:\\\/\\\/medicinasinc.com\\\/da\\\/\",\"name\":\"Medicinas Inc\",\"description\":\"Health Medical Clinic\",\"potentialAction\":[{\"@type\":\"SearchAction\",\"target\":{\"@type\":\"EntryPoint\",\"urlTemplate\":\"https:\\\/\\\/medicinasinc.com\\\/da\\\/?s={search_term_string}\"},\"query-input\":{\"@type\":\"PropertyValueSpecification\",\"valueRequired\":true,\"valueName\":\"search_term_string\"}}],\"inLanguage\":\"en-US\"}]}<\/script>\n<!-- \/ Yoast SEO plugin. -->","yoast_head_json":{"title":"K\u00f8b U-47700 Powder - U-47700 Powder Online - Bedste globale medicin","description":"K\u00f8b U-47700 Powder UK, Europa, Asien, Kina i vores bestglobalmeds.com online shop med hurtig levering over hele verden! Det bedste U-47700 pulver til bestilling finder du her!","robots":{"index":"index","follow":"follow","max-snippet":"max-snippet:-1","max-image-preview":"max-image-preview:large","max-video-preview":"max-video-preview:-1"},"canonical":"https:\/\/medicinasinc.com\/da\/product\/buy-u-47700-pulver\/","og_locale":"en_US","og_type":"article","og_title":"K\u00f8b U-47700 Powder - U-47700 Powder Online - Bedste globale medicin","og_description":"K\u00f8b U-47700 Powder UK, Europa, Asien, Kina i vores bestglobalmeds.com online shop med hurtig levering over hele verden! Det bedste U-47700 pulver til bestilling finder du her!","og_url":"https:\/\/medicinasinc.com\/da\/product\/buy-u-47700-pulver\/","og_site_name":"Medicinas Inc","article_modified_time":"2022-03-20T00:31:12+00:00","og_image":[{"width":600,"height":600,"url":"https:\/\/medicinasinc.com\/da\/wp-content\/uploads\/sites\/8\/2022\/02\/Buy-U-47700-POWDER.jpg","type":"image\/jpeg"}],"twitter_card":"summary_large_image","twitter_misc":{"Est. reading time":"1 minute"},"schema":{"@context":"https:\/\/schema.org","@graph":[{"@type":"WebPage","@id":"https:\/\/medicinasinc.com\/da\/product\/buy-u-47700-pulver\/","url":"https:\/\/medicinasinc.com\/da\/product\/buy-u-47700-pulver\/","name":"K\u00f8b U-47700 Powder - U-47700 Powder Online - Bedste globale medicin","isPartOf":{"@id":"https:\/\/medicinasinc.com\/da\/#website"},"primaryImageOfPage":{"@id":"https:\/\/medicinasinc.com\/da\/product\/buy-u-47700-pulver\/#primaryimage"},"image":{"@id":"https:\/\/medicinasinc.com\/da\/product\/buy-u-47700-pulver\/#primaryimage"},"thumbnailUrl":"https:\/\/medicinasinc.com\/da\/wp-content\/uploads\/sites\/8\/2022\/02\/Buy-U-47700-POWDER.jpg","datePublished":"2022-02-22T02:48:56+00:00","dateModified":"2022-03-20T00:31:12+00:00","description":"K\u00f8b U-47700 Powder UK, Europa, Asien, Kina i vores bestglobalmeds.com online shop med hurtig levering over hele verden! Det bedste U-47700 pulver til bestilling finder du her!","breadcrumb":{"@id":"https:\/\/medicinasinc.com\/da\/product\/buy-u-47700-pulver\/#breadcrumb"},"inLanguage":"en-US","potentialAction":[{"@type":"ReadAction","target":["https:\/\/medicinasinc.com\/da\/product\/buy-u-47700-pulver\/"]}]},{"@type":"ImageObject","inLanguage":"en-US","@id":"https:\/\/medicinasinc.com\/da\/product\/buy-u-47700-pulver\/#primaryimage","url":"https:\/\/medicinasinc.com\/da\/wp-content\/uploads\/sites\/8\/2022\/02\/Buy-U-47700-POWDER.jpg","contentUrl":"https:\/\/medicinasinc.com\/da\/wp-content\/uploads\/sites\/8\/2022\/02\/Buy-U-47700-POWDER.jpg","width":600,"height":600},{"@type":"BreadcrumbList","@id":"https:\/\/medicinasinc.com\/da\/product\/buy-u-47700-pulver\/#breadcrumb","itemListElement":[{"@type":"ListItem","position":1,"name":"Butik","item":"https:\/\/medicinasinc.com\/da\/butik\/"},{"@type":"ListItem","position":2,"name":"K\u00f8b U-47700 pulver"}]},{"@type":"WebSite","@id":"https:\/\/medicinasinc.com\/da\/#website","url":"https:\/\/medicinasinc.com\/da\/","name":"Medicinas Inc","description":"Health Medical Clinic","potentialAction":[{"@type":"SearchAction","target":{"@type":"EntryPoint","urlTemplate":"https:\/\/medicinasinc.com\/da\/?s={search_term_string}"},"query-input":{"@type":"PropertyValueSpecification","valueRequired":true,"valueName":"search_term_string"}}],"inLanguage":"en-US"}]}},"_links":{"self":[{"href":"https:\/\/medicinasinc.com\/da\/wp-json\/wp\/v2\/product\/5617","targetHints":{"allow":["GET"]}}],"collection":[{"href":"https:\/\/medicinasinc.com\/da\/wp-json\/wp\/v2\/product"}],"about":[{"href":"https:\/\/medicinasinc.com\/da\/wp-json\/wp\/v2\/types\/product"}],"replies":[{"embeddable":true,"href":"https:\/\/medicinasinc.com\/da\/wp-json\/wp\/v2\/comments?post=5617"}],"wp:featuredmedia":[{"embeddable":true,"href":"https:\/\/medicinasinc.com\/da\/wp-json\/wp\/v2\/media\/5629"}],"wp:attachment":[{"href":"https:\/\/medicinasinc.com\/da\/wp-json\/wp\/v2\/media?parent=5617"}],"wp:term":[{"taxonomy":"product_brand","embeddable":true,"href":"https:\/\/medicinasinc.com\/da\/wp-json\/wp\/v2\/product_brand?post=5617"},{"taxonomy":"product_cat","embeddable":true,"href":"https:\/\/medicinasinc.com\/da\/wp-json\/wp\/v2\/product_cat?post=5617"},{"taxonomy":"product_tag","embeddable":true,"href":"https:\/\/medicinasinc.com\/da\/wp-json\/wp\/v2\/product_tag?post=5617"}],"curies":[{"name":"wp","href":"https:\/\/api.w.org\/{rel}","templated":true}]}}