{"id":5616,"date":"2022-02-22T02:47:20","date_gmt":"2022-02-22T02:47:20","guid":{"rendered":"https:\/\/medicinasinc.com\/da\/?post_type=product&#038;p=5616"},"modified":"2022-03-20T00:31:23","modified_gmt":"2022-03-20T00:31:23","slug":"kob-w-18-piller","status":"publish","type":"product","link":"https:\/\/medicinasinc.com\/da\/product\/kob-w-18-piller\/","title":{"rendered":"K\u00f8b W-18 piller"},"content":{"rendered":"<p>W-18 piller kan k\u00f8bes.<\/p>\n<p>K\u00f8b W-18 piller her. Dette er et kemikalie, der ikke er til brug for folk.<\/p>\n<p>Funktioner<br \/> Denne vare er lavet og testet til at opfylde ISO17025:2005 og Guide 34:2009 standarder.<br \/> Denne vare er beregnet til at bruges som analytisk referencestandard.<br \/> Der findes meget materiale til akademisk forskning p\u00e5 visse institutioner. Kontakt venligst vores salgsafdeling for prisfasts\u00e6ttelse.<br \/> W-18 (varenr. 15480) er et materiale, der kan bruges til test. P\u00e5 grund af dette kan det v\u00e6re meget effektivt til at lindre smerter. I musephenylquinon-vridningsanalysen har det vist sig at v\u00e6re meget effektivt til at lindre smerte. 1 N\u00e5r det kommer til mennesker, ved vi ikke, hvordan dette stof p\u00e5virker deres kroppe, eller hvordan det kan skade dem. Dette er et produkt, der kan bruges til retsmedicinske og forskningsm\u00e6ssige form\u00e5l.<\/p>\n","protected":false},"excerpt":{"rendered":"<div class=\"woocommerce-product-details__short-description\">\n<p>K\u00f8b W-18 piller til salg UK, Europa online Vores forsendelses- og leveringsomkostninger er 100 % sikre og bekvemme. bestil W-18 piller og f\u00e5 fantastisk kvalitet fra os<\/p>\n<p>W-18 til salg | K\u00f8b W-18 online | Hvor kan man k\u00f8be W-18 online- Hvor kan man k\u00f8be W-18 piller online. Dette produkt er blevet fremstillet og testet til at opfylde ISO17025:2005 og Guide 34:2009 retningslinjer<\/p>\n<\/p><\/div>\n","protected":false},"featured_media":5627,"comment_status":"open","ping_status":"closed","template":"","meta":[],"product_brand":[],"product_cat":[1117],"product_tag":[3307,3310,3317,3309,3308,3313,3314,3315,3316,3318,3320,3319,3321,3311,3312],"class_list":{"0":"post-5616","1":"product","2":"type-product","3":"status-publish","4":"has-post-thumbnail","6":"product_cat-kob-smerte-sove-sex-piller","7":"product_tag-buy-w-18","8":"product_tag-w-18-kb","9":"product_tag-w-18-piller-kb","10":"product_tag-k-c3-b8b-w-18-piller","11":"product_tag-kb-w-18-stoffer","12":"product_tag-w-18-effect","13":"product_tag-w-18-for-sale","14":"product_tag-w-18-online","15":"product_tag-w-18-orden","16":"product_tag-w-18-piller-effekt","17":"product_tag-w-18-piller-engros","18":"product_tag-w-18-piller-bestilling","19":"product_tag-w-18-reddit","20":"product_tag-w-18-stoffer","21":"product_tag-w-18-lgemidler-til-salg","23":"first","24":"instock","25":"shipping-taxable","26":"purchasable","27":"product-type-variable"},"yoast_head":"<!-- This site is optimized with the Yoast SEO plugin v27.3 - https:\/\/yoast.com\/product\/yoast-seo-wordpress\/ -->\n<title>K\u00f8b W-18 piller - W-18 piller til salg- Bedste globale medicin<\/title>\n<meta name=\"description\" content=\"K\u00f8b W-18 piller til salg UK, Europa online Vores forsendelses- og leveringsomkostninger er 100 % sikre og bekvemme. bestil W-18 piller og f\u00e5 fantastisk kvalitet fra os\" \/>\n<meta name=\"robots\" content=\"index, follow, max-snippet:-1, max-image-preview:large, max-video-preview:-1\" \/>\n<link rel=\"canonical\" href=\"https:\/\/medicinasinc.com\/da\/product\/kob-w-18-piller\/\" \/>\n<meta property=\"og:locale\" content=\"en_US\" \/>\n<meta property=\"og:type\" content=\"article\" \/>\n<meta property=\"og:title\" content=\"K\u00f8b W-18 piller - W-18 piller til salg- Bedste globale medicin\" \/>\n<meta property=\"og:description\" content=\"K\u00f8b W-18 piller til salg UK, Europa online Vores forsendelses- og leveringsomkostninger er 100 % sikre og bekvemme. bestil W-18 piller og f\u00e5 fantastisk kvalitet fra os\" \/>\n<meta property=\"og:url\" content=\"https:\/\/medicinasinc.com\/da\/product\/kob-w-18-piller\/\" \/>\n<meta property=\"og:site_name\" content=\"Medicinas Inc\" \/>\n<meta property=\"article:modified_time\" content=\"2022-03-20T00:31:23+00:00\" \/>\n<meta property=\"og:image\" content=\"https:\/\/medicinasinc.com\/da\/wp-content\/uploads\/sites\/8\/2022\/02\/Buy-W-18-Pills.jpg\" \/>\n\t<meta property=\"og:image:width\" content=\"840\" \/>\n\t<meta property=\"og:image:height\" content=\"781\" \/>\n\t<meta property=\"og:image:type\" content=\"image\/jpeg\" \/>\n<meta name=\"twitter:card\" content=\"summary_large_image\" \/>\n<meta name=\"twitter:label1\" content=\"Est. reading time\" \/>\n\t<meta name=\"twitter:data1\" content=\"1 minute\" \/>\n<script type=\"application\/ld+json\" class=\"yoast-schema-graph\">{\"@context\":\"https:\\\/\\\/schema.org\",\"@graph\":[{\"@type\":\"WebPage\",\"@id\":\"https:\\\/\\\/medicinasinc.com\\\/da\\\/product\\\/kob-w-18-piller\\\/\",\"url\":\"https:\\\/\\\/medicinasinc.com\\\/da\\\/product\\\/kob-w-18-piller\\\/\",\"name\":\"K\u00f8b W-18 piller - W-18 piller til salg- Bedste globale medicin\",\"isPartOf\":{\"@id\":\"https:\\\/\\\/medicinasinc.com\\\/da\\\/#website\"},\"primaryImageOfPage\":{\"@id\":\"https:\\\/\\\/medicinasinc.com\\\/da\\\/product\\\/kob-w-18-piller\\\/#primaryimage\"},\"image\":{\"@id\":\"https:\\\/\\\/medicinasinc.com\\\/da\\\/product\\\/kob-w-18-piller\\\/#primaryimage\"},\"thumbnailUrl\":\"https:\\\/\\\/medicinasinc.com\\\/da\\\/wp-content\\\/uploads\\\/sites\\\/8\\\/2022\\\/02\\\/Buy-W-18-Pills.jpg\",\"datePublished\":\"2022-02-22T02:47:20+00:00\",\"dateModified\":\"2022-03-20T00:31:23+00:00\",\"description\":\"K\u00f8b W-18 piller til salg UK, Europa online Vores forsendelses- og leveringsomkostninger er 100 % sikre og bekvemme. bestil W-18 piller og f\u00e5 fantastisk kvalitet fra os\",\"breadcrumb\":{\"@id\":\"https:\\\/\\\/medicinasinc.com\\\/da\\\/product\\\/kob-w-18-piller\\\/#breadcrumb\"},\"inLanguage\":\"en-US\",\"potentialAction\":[{\"@type\":\"ReadAction\",\"target\":[\"https:\\\/\\\/medicinasinc.com\\\/da\\\/product\\\/kob-w-18-piller\\\/\"]}]},{\"@type\":\"ImageObject\",\"inLanguage\":\"en-US\",\"@id\":\"https:\\\/\\\/medicinasinc.com\\\/da\\\/product\\\/kob-w-18-piller\\\/#primaryimage\",\"url\":\"https:\\\/\\\/medicinasinc.com\\\/da\\\/wp-content\\\/uploads\\\/sites\\\/8\\\/2022\\\/02\\\/Buy-W-18-Pills.jpg\",\"contentUrl\":\"https:\\\/\\\/medicinasinc.com\\\/da\\\/wp-content\\\/uploads\\\/sites\\\/8\\\/2022\\\/02\\\/Buy-W-18-Pills.jpg\",\"width\":840,\"height\":781},{\"@type\":\"BreadcrumbList\",\"@id\":\"https:\\\/\\\/medicinasinc.com\\\/da\\\/product\\\/kob-w-18-piller\\\/#breadcrumb\",\"itemListElement\":[{\"@type\":\"ListItem\",\"position\":1,\"name\":\"Butik\",\"item\":\"https:\\\/\\\/medicinasinc.com\\\/da\\\/butik\\\/\"},{\"@type\":\"ListItem\",\"position\":2,\"name\":\"K\u00f8b W-18 piller\"}]},{\"@type\":\"WebSite\",\"@id\":\"https:\\\/\\\/medicinasinc.com\\\/da\\\/#website\",\"url\":\"https:\\\/\\\/medicinasinc.com\\\/da\\\/\",\"name\":\"Medicinas Inc\",\"description\":\"Health Medical Clinic\",\"potentialAction\":[{\"@type\":\"SearchAction\",\"target\":{\"@type\":\"EntryPoint\",\"urlTemplate\":\"https:\\\/\\\/medicinasinc.com\\\/da\\\/?s={search_term_string}\"},\"query-input\":{\"@type\":\"PropertyValueSpecification\",\"valueRequired\":true,\"valueName\":\"search_term_string\"}}],\"inLanguage\":\"en-US\"}]}<\/script>\n<!-- \/ Yoast SEO plugin. -->","yoast_head_json":{"title":"K\u00f8b W-18 piller - W-18 piller til salg- Bedste globale medicin","description":"K\u00f8b W-18 piller til salg UK, Europa online Vores forsendelses- og leveringsomkostninger er 100 % sikre og bekvemme. bestil W-18 piller og f\u00e5 fantastisk kvalitet fra os","robots":{"index":"index","follow":"follow","max-snippet":"max-snippet:-1","max-image-preview":"max-image-preview:large","max-video-preview":"max-video-preview:-1"},"canonical":"https:\/\/medicinasinc.com\/da\/product\/kob-w-18-piller\/","og_locale":"en_US","og_type":"article","og_title":"K\u00f8b W-18 piller - W-18 piller til salg- Bedste globale medicin","og_description":"K\u00f8b W-18 piller til salg UK, Europa online Vores forsendelses- og leveringsomkostninger er 100 % sikre og bekvemme. bestil W-18 piller og f\u00e5 fantastisk kvalitet fra os","og_url":"https:\/\/medicinasinc.com\/da\/product\/kob-w-18-piller\/","og_site_name":"Medicinas Inc","article_modified_time":"2022-03-20T00:31:23+00:00","og_image":[{"width":840,"height":781,"url":"https:\/\/medicinasinc.com\/da\/wp-content\/uploads\/sites\/8\/2022\/02\/Buy-W-18-Pills.jpg","type":"image\/jpeg"}],"twitter_card":"summary_large_image","twitter_misc":{"Est. reading time":"1 minute"},"schema":{"@context":"https:\/\/schema.org","@graph":[{"@type":"WebPage","@id":"https:\/\/medicinasinc.com\/da\/product\/kob-w-18-piller\/","url":"https:\/\/medicinasinc.com\/da\/product\/kob-w-18-piller\/","name":"K\u00f8b W-18 piller - W-18 piller til salg- Bedste globale medicin","isPartOf":{"@id":"https:\/\/medicinasinc.com\/da\/#website"},"primaryImageOfPage":{"@id":"https:\/\/medicinasinc.com\/da\/product\/kob-w-18-piller\/#primaryimage"},"image":{"@id":"https:\/\/medicinasinc.com\/da\/product\/kob-w-18-piller\/#primaryimage"},"thumbnailUrl":"https:\/\/medicinasinc.com\/da\/wp-content\/uploads\/sites\/8\/2022\/02\/Buy-W-18-Pills.jpg","datePublished":"2022-02-22T02:47:20+00:00","dateModified":"2022-03-20T00:31:23+00:00","description":"K\u00f8b W-18 piller til salg UK, Europa online Vores forsendelses- og leveringsomkostninger er 100 % sikre og bekvemme. bestil W-18 piller og f\u00e5 fantastisk kvalitet fra os","breadcrumb":{"@id":"https:\/\/medicinasinc.com\/da\/product\/kob-w-18-piller\/#breadcrumb"},"inLanguage":"en-US","potentialAction":[{"@type":"ReadAction","target":["https:\/\/medicinasinc.com\/da\/product\/kob-w-18-piller\/"]}]},{"@type":"ImageObject","inLanguage":"en-US","@id":"https:\/\/medicinasinc.com\/da\/product\/kob-w-18-piller\/#primaryimage","url":"https:\/\/medicinasinc.com\/da\/wp-content\/uploads\/sites\/8\/2022\/02\/Buy-W-18-Pills.jpg","contentUrl":"https:\/\/medicinasinc.com\/da\/wp-content\/uploads\/sites\/8\/2022\/02\/Buy-W-18-Pills.jpg","width":840,"height":781},{"@type":"BreadcrumbList","@id":"https:\/\/medicinasinc.com\/da\/product\/kob-w-18-piller\/#breadcrumb","itemListElement":[{"@type":"ListItem","position":1,"name":"Butik","item":"https:\/\/medicinasinc.com\/da\/butik\/"},{"@type":"ListItem","position":2,"name":"K\u00f8b W-18 piller"}]},{"@type":"WebSite","@id":"https:\/\/medicinasinc.com\/da\/#website","url":"https:\/\/medicinasinc.com\/da\/","name":"Medicinas Inc","description":"Health Medical Clinic","potentialAction":[{"@type":"SearchAction","target":{"@type":"EntryPoint","urlTemplate":"https:\/\/medicinasinc.com\/da\/?s={search_term_string}"},"query-input":{"@type":"PropertyValueSpecification","valueRequired":true,"valueName":"search_term_string"}}],"inLanguage":"en-US"}]}},"_links":{"self":[{"href":"https:\/\/medicinasinc.com\/da\/wp-json\/wp\/v2\/product\/5616","targetHints":{"allow":["GET"]}}],"collection":[{"href":"https:\/\/medicinasinc.com\/da\/wp-json\/wp\/v2\/product"}],"about":[{"href":"https:\/\/medicinasinc.com\/da\/wp-json\/wp\/v2\/types\/product"}],"replies":[{"embeddable":true,"href":"https:\/\/medicinasinc.com\/da\/wp-json\/wp\/v2\/comments?post=5616"}],"wp:featuredmedia":[{"embeddable":true,"href":"https:\/\/medicinasinc.com\/da\/wp-json\/wp\/v2\/media\/5627"}],"wp:attachment":[{"href":"https:\/\/medicinasinc.com\/da\/wp-json\/wp\/v2\/media?parent=5616"}],"wp:term":[{"taxonomy":"product_brand","embeddable":true,"href":"https:\/\/medicinasinc.com\/da\/wp-json\/wp\/v2\/product_brand?post=5616"},{"taxonomy":"product_cat","embeddable":true,"href":"https:\/\/medicinasinc.com\/da\/wp-json\/wp\/v2\/product_cat?post=5616"},{"taxonomy":"product_tag","embeddable":true,"href":"https:\/\/medicinasinc.com\/da\/wp-json\/wp\/v2\/product_tag?post=5616"}],"curies":[{"name":"wp","href":"https:\/\/api.w.org\/{rel}","templated":true}]}}