{"id":5615,"date":"2022-02-22T02:46:09","date_gmt":"2022-02-22T02:46:09","guid":{"rendered":"https:\/\/medicinasinc.com\/da\/?post_type=product&#038;p=5615"},"modified":"2022-03-20T00:31:31","modified_gmt":"2022-03-20T00:31:31","slug":"kob-hvid-pige-badesalt","status":"publish","type":"product","link":"https:\/\/medicinasinc.com\/da\/product\/kob-hvid-pige-badesalt\/","title":{"rendered":"K\u00f8b White Girl Badesalt"},"content":{"rendered":"<p>Du kan k\u00f8be White Girl Bath Salt p\u00e5 nettet.<br \/> White Girl Bath Salt kan k\u00f8bes online. Hvordan k\u00f8ber jeg dem?<\/p>\n<p>Hvor vil du k\u00f8be hvide piges badesalt? Der er ingen besv\u00e6r eller kejtethed, n\u00e5r du k\u00f8ber hvid pige badesalt fra Best Global Meds. For at sikre, at du sparer penge, n\u00e5r du k\u00f8ber hvide piges badesalt fra vores online apotek, arbejder vi h\u00e5rdt. N\u00e5r du k\u00f8ber noget fra Chemicals Lab, vil vi gerne have, at du betaler mindre og f\u00e5r mere.<\/p>\n<p>K\u00f8b nogle White Girl Bath Salts.<\/p>\n<p>Fra en legitim kilde kan du k\u00f8be White Girl Bath Salte online. Vi s\u00e6lger de bedste badeprodukter, som badesalte. Badesalte vil give dig et glat, sensuelt bad, der f\u00e5r dig til at f\u00f8le dig ren, efter du har brugt dem. Vores kunder kan dog v\u00e6re sikre p\u00e5, at de f\u00e5r de bedste produkter p\u00e5 markedet. Men vi s\u00e6lger og k\u00f8ber ogs\u00e5 andre koncentrerede badesalte til gode priser.<\/p>\n<p>Vores badesalte har en st\u00e6rk lugt.<\/p>\n<p>Der findes en masse forskellige slags White Girl Badesalte, og de er beregnet til at g\u00f8re din badeoplevelse endnu bedre. Et lille bel\u00f8b er alt, der skal til for at g\u00f8re en stor forskel. Du kan dog bare tilf\u00f8je en lille m\u00e6ngde til et varmt bad for naturligt at bl\u00f8dg\u00f8re vandet, hvilket vil f\u00e5 dig til at f\u00f8le dig meget energisk og glad efter. Det bruges dog til at ligne de naturlige varme kilder i det gr\u00e6ske hav. I starten skal du bruge meget lidt af White Girl-badesaltet, for for meget vil g\u00f8re dit badevand snavset og g\u00f8re dig ulykkelig. White Girl Bath Salts, p\u00e5 den anden side, kan hj\u00e6lpe dig med at komme til steder, du troede var umulige.<\/p>\n","protected":false},"excerpt":{"rendered":"<p>Vores Bestglobalmeds.com-butik s\u00e6lger White Girl Bath Salt til salg i Storbritannien, Europa og over hele verden! Du kan k\u00f8be det bedste White Girl Bath Salt her!<\/p>\n<p>Prisen p\u00e5 White Girl Bath Salt p\u00e5 internettet kan v\u00e6re for h\u00f8j.<\/p>\n<p>I bedste globale medicin kan du k\u00f8be White Girl badesalte fra dit eget hjem. White Girl badesalt er til salg.<\/p>\n<p>I dette tilf\u00e6lde kan du k\u00f8be badesalt p\u00e5 internettet White Girl 500mg Bath Salt<\/p>\n<p>Best Global Meds s\u00e6lger badesalte af h\u00f8j kvalitet, der vil give dig et glat, sensuelt bad, der f\u00e5r dig til at f\u00f8le dig ren.<\/p>\n<p>N\u00e5r du k\u00f8ber hvide pigebadesalt online hos os, kan du v\u00e6re sikker p\u00e5, at de vil v\u00e6re de bedste, du kan f\u00e5. Vi s\u00e6lger og k\u00f8ber andre koncentrerede badesalte til gode priser.<\/p>\n<p>Vores badesalte har en st\u00e6rk lugt.<\/p>\n<div class=\"product-next-previous\">\n<div class=\"product- forrige\"><\/div>\n<\/p><\/div>\n","protected":false},"featured_media":5625,"comment_status":"open","ping_status":"closed","template":"","meta":[],"product_brand":[],"product_cat":[2014],"product_tag":[3302,3299,3300,3301,3305,3306,3303,3304],"class_list":{"0":"post-5615","1":"product","2":"type-product","3":"status-publish","4":"has-post-thumbnail","6":"product_cat-kb-forskningskemikalier","7":"product_tag-bestil-hvid-pige-badesalt-online","8":"product_tag-buy-concentrated-white-girl-500mg-bath-salt-online","9":"product_tag-buy-white-girl-bath-salts-online","10":"product_tag-concentrated-white-girl-500mg-bath-salts","11":"product_tag-hvid-pige-badesalte","12":"product_tag-hvid-pige-badesalt-til-salg","13":"product_tag-hvor-kan-kbes-hvid-pige-badesalt","14":"product_tag-hvid-pige-500mg-badesalt-online","16":"first","17":"instock","18":"shipping-taxable","19":"purchasable","20":"product-type-variable","21":"has-default-attributes"},"yoast_head":"<!-- This site is optimized with the Yoast SEO plugin v27.3 - https:\/\/yoast.com\/product\/yoast-seo-wordpress\/ -->\n<title>K\u00f8b White Girl Bath Salt - Badesalt til salg - Best Global Meds<\/title>\n<meta name=\"description\" content=\"s\u00f8ger at k\u00f8be White Girl Bath Salt til salg i Storbritannien, Europa i vores Bestglobalmeds.com-butik med hurtig verdensomsp\u00e6ndende forsendelse! Det bedste hvide pigebadesalt til bestilling finder du her!\" \/>\n<meta name=\"robots\" content=\"index, follow, max-snippet:-1, max-image-preview:large, max-video-preview:-1\" \/>\n<link rel=\"canonical\" href=\"https:\/\/medicinasinc.com\/da\/product\/kob-hvid-pige-badesalt\/\" \/>\n<meta property=\"og:locale\" content=\"en_US\" \/>\n<meta property=\"og:type\" content=\"article\" \/>\n<meta property=\"og:title\" content=\"K\u00f8b White Girl Bath Salt - Badesalt til salg - Best Global Meds\" \/>\n<meta property=\"og:description\" content=\"s\u00f8ger at k\u00f8be White Girl Bath Salt til salg i Storbritannien, Europa i vores Bestglobalmeds.com-butik med hurtig verdensomsp\u00e6ndende forsendelse! Det bedste hvide pigebadesalt til bestilling finder du her!\" \/>\n<meta property=\"og:url\" content=\"https:\/\/medicinasinc.com\/da\/product\/kob-hvid-pige-badesalt\/\" \/>\n<meta property=\"og:site_name\" content=\"Medicinas Inc\" \/>\n<meta property=\"article:modified_time\" content=\"2022-03-20T00:31:31+00:00\" \/>\n<meta property=\"og:image\" content=\"https:\/\/medicinasinc.com\/da\/wp-content\/uploads\/sites\/8\/2022\/02\/Buy-White-Girl-Bath-Salt.jpg\" \/>\n\t<meta property=\"og:image:width\" content=\"600\" \/>\n\t<meta property=\"og:image:height\" content=\"600\" \/>\n\t<meta property=\"og:image:type\" content=\"image\/jpeg\" \/>\n<meta name=\"twitter:card\" content=\"summary_large_image\" \/>\n<meta name=\"twitter:label1\" content=\"Est. reading time\" \/>\n\t<meta name=\"twitter:data1\" content=\"2 minutes\" \/>\n<script type=\"application\/ld+json\" class=\"yoast-schema-graph\">{\"@context\":\"https:\\\/\\\/schema.org\",\"@graph\":[{\"@type\":\"WebPage\",\"@id\":\"https:\\\/\\\/medicinasinc.com\\\/da\\\/product\\\/kob-hvid-pige-badesalt\\\/\",\"url\":\"https:\\\/\\\/medicinasinc.com\\\/da\\\/product\\\/kob-hvid-pige-badesalt\\\/\",\"name\":\"K\u00f8b White Girl Bath Salt - Badesalt til salg - Best Global Meds\",\"isPartOf\":{\"@id\":\"https:\\\/\\\/medicinasinc.com\\\/da\\\/#website\"},\"primaryImageOfPage\":{\"@id\":\"https:\\\/\\\/medicinasinc.com\\\/da\\\/product\\\/kob-hvid-pige-badesalt\\\/#primaryimage\"},\"image\":{\"@id\":\"https:\\\/\\\/medicinasinc.com\\\/da\\\/product\\\/kob-hvid-pige-badesalt\\\/#primaryimage\"},\"thumbnailUrl\":\"https:\\\/\\\/medicinasinc.com\\\/da\\\/wp-content\\\/uploads\\\/sites\\\/8\\\/2022\\\/02\\\/Buy-White-Girl-Bath-Salt.jpg\",\"datePublished\":\"2022-02-22T02:46:09+00:00\",\"dateModified\":\"2022-03-20T00:31:31+00:00\",\"description\":\"s\u00f8ger at k\u00f8be White Girl Bath Salt til salg i Storbritannien, Europa i vores Bestglobalmeds.com-butik med hurtig verdensomsp\u00e6ndende forsendelse! Det bedste hvide pigebadesalt til bestilling finder du her!\",\"breadcrumb\":{\"@id\":\"https:\\\/\\\/medicinasinc.com\\\/da\\\/product\\\/kob-hvid-pige-badesalt\\\/#breadcrumb\"},\"inLanguage\":\"en-US\",\"potentialAction\":[{\"@type\":\"ReadAction\",\"target\":[\"https:\\\/\\\/medicinasinc.com\\\/da\\\/product\\\/kob-hvid-pige-badesalt\\\/\"]}]},{\"@type\":\"ImageObject\",\"inLanguage\":\"en-US\",\"@id\":\"https:\\\/\\\/medicinasinc.com\\\/da\\\/product\\\/kob-hvid-pige-badesalt\\\/#primaryimage\",\"url\":\"https:\\\/\\\/medicinasinc.com\\\/da\\\/wp-content\\\/uploads\\\/sites\\\/8\\\/2022\\\/02\\\/Buy-White-Girl-Bath-Salt.jpg\",\"contentUrl\":\"https:\\\/\\\/medicinasinc.com\\\/da\\\/wp-content\\\/uploads\\\/sites\\\/8\\\/2022\\\/02\\\/Buy-White-Girl-Bath-Salt.jpg\",\"width\":600,\"height\":600},{\"@type\":\"BreadcrumbList\",\"@id\":\"https:\\\/\\\/medicinasinc.com\\\/da\\\/product\\\/kob-hvid-pige-badesalt\\\/#breadcrumb\",\"itemListElement\":[{\"@type\":\"ListItem\",\"position\":1,\"name\":\"Butik\",\"item\":\"https:\\\/\\\/medicinasinc.com\\\/da\\\/butik\\\/\"},{\"@type\":\"ListItem\",\"position\":2,\"name\":\"K\u00f8b White Girl Badesalt\"}]},{\"@type\":\"WebSite\",\"@id\":\"https:\\\/\\\/medicinasinc.com\\\/da\\\/#website\",\"url\":\"https:\\\/\\\/medicinasinc.com\\\/da\\\/\",\"name\":\"Medicinas Inc\",\"description\":\"Health Medical Clinic\",\"potentialAction\":[{\"@type\":\"SearchAction\",\"target\":{\"@type\":\"EntryPoint\",\"urlTemplate\":\"https:\\\/\\\/medicinasinc.com\\\/da\\\/?s={search_term_string}\"},\"query-input\":{\"@type\":\"PropertyValueSpecification\",\"valueRequired\":true,\"valueName\":\"search_term_string\"}}],\"inLanguage\":\"en-US\"}]}<\/script>\n<!-- \/ Yoast SEO plugin. -->","yoast_head_json":{"title":"K\u00f8b White Girl Bath Salt - Badesalt til salg - Best Global Meds","description":"s\u00f8ger at k\u00f8be White Girl Bath Salt til salg i Storbritannien, Europa i vores Bestglobalmeds.com-butik med hurtig verdensomsp\u00e6ndende forsendelse! Det bedste hvide pigebadesalt til bestilling finder du her!","robots":{"index":"index","follow":"follow","max-snippet":"max-snippet:-1","max-image-preview":"max-image-preview:large","max-video-preview":"max-video-preview:-1"},"canonical":"https:\/\/medicinasinc.com\/da\/product\/kob-hvid-pige-badesalt\/","og_locale":"en_US","og_type":"article","og_title":"K\u00f8b White Girl Bath Salt - Badesalt til salg - Best Global Meds","og_description":"s\u00f8ger at k\u00f8be White Girl Bath Salt til salg i Storbritannien, Europa i vores Bestglobalmeds.com-butik med hurtig verdensomsp\u00e6ndende forsendelse! Det bedste hvide pigebadesalt til bestilling finder du her!","og_url":"https:\/\/medicinasinc.com\/da\/product\/kob-hvid-pige-badesalt\/","og_site_name":"Medicinas Inc","article_modified_time":"2022-03-20T00:31:31+00:00","og_image":[{"width":600,"height":600,"url":"https:\/\/medicinasinc.com\/da\/wp-content\/uploads\/sites\/8\/2022\/02\/Buy-White-Girl-Bath-Salt.jpg","type":"image\/jpeg"}],"twitter_card":"summary_large_image","twitter_misc":{"Est. reading time":"2 minutes"},"schema":{"@context":"https:\/\/schema.org","@graph":[{"@type":"WebPage","@id":"https:\/\/medicinasinc.com\/da\/product\/kob-hvid-pige-badesalt\/","url":"https:\/\/medicinasinc.com\/da\/product\/kob-hvid-pige-badesalt\/","name":"K\u00f8b White Girl Bath Salt - Badesalt til salg - Best Global Meds","isPartOf":{"@id":"https:\/\/medicinasinc.com\/da\/#website"},"primaryImageOfPage":{"@id":"https:\/\/medicinasinc.com\/da\/product\/kob-hvid-pige-badesalt\/#primaryimage"},"image":{"@id":"https:\/\/medicinasinc.com\/da\/product\/kob-hvid-pige-badesalt\/#primaryimage"},"thumbnailUrl":"https:\/\/medicinasinc.com\/da\/wp-content\/uploads\/sites\/8\/2022\/02\/Buy-White-Girl-Bath-Salt.jpg","datePublished":"2022-02-22T02:46:09+00:00","dateModified":"2022-03-20T00:31:31+00:00","description":"s\u00f8ger at k\u00f8be White Girl Bath Salt til salg i Storbritannien, Europa i vores Bestglobalmeds.com-butik med hurtig verdensomsp\u00e6ndende forsendelse! Det bedste hvide pigebadesalt til bestilling finder du her!","breadcrumb":{"@id":"https:\/\/medicinasinc.com\/da\/product\/kob-hvid-pige-badesalt\/#breadcrumb"},"inLanguage":"en-US","potentialAction":[{"@type":"ReadAction","target":["https:\/\/medicinasinc.com\/da\/product\/kob-hvid-pige-badesalt\/"]}]},{"@type":"ImageObject","inLanguage":"en-US","@id":"https:\/\/medicinasinc.com\/da\/product\/kob-hvid-pige-badesalt\/#primaryimage","url":"https:\/\/medicinasinc.com\/da\/wp-content\/uploads\/sites\/8\/2022\/02\/Buy-White-Girl-Bath-Salt.jpg","contentUrl":"https:\/\/medicinasinc.com\/da\/wp-content\/uploads\/sites\/8\/2022\/02\/Buy-White-Girl-Bath-Salt.jpg","width":600,"height":600},{"@type":"BreadcrumbList","@id":"https:\/\/medicinasinc.com\/da\/product\/kob-hvid-pige-badesalt\/#breadcrumb","itemListElement":[{"@type":"ListItem","position":1,"name":"Butik","item":"https:\/\/medicinasinc.com\/da\/butik\/"},{"@type":"ListItem","position":2,"name":"K\u00f8b White Girl Badesalt"}]},{"@type":"WebSite","@id":"https:\/\/medicinasinc.com\/da\/#website","url":"https:\/\/medicinasinc.com\/da\/","name":"Medicinas Inc","description":"Health Medical Clinic","potentialAction":[{"@type":"SearchAction","target":{"@type":"EntryPoint","urlTemplate":"https:\/\/medicinasinc.com\/da\/?s={search_term_string}"},"query-input":{"@type":"PropertyValueSpecification","valueRequired":true,"valueName":"search_term_string"}}],"inLanguage":"en-US"}]}},"_links":{"self":[{"href":"https:\/\/medicinasinc.com\/da\/wp-json\/wp\/v2\/product\/5615","targetHints":{"allow":["GET"]}}],"collection":[{"href":"https:\/\/medicinasinc.com\/da\/wp-json\/wp\/v2\/product"}],"about":[{"href":"https:\/\/medicinasinc.com\/da\/wp-json\/wp\/v2\/types\/product"}],"replies":[{"embeddable":true,"href":"https:\/\/medicinasinc.com\/da\/wp-json\/wp\/v2\/comments?post=5615"}],"wp:featuredmedia":[{"embeddable":true,"href":"https:\/\/medicinasinc.com\/da\/wp-json\/wp\/v2\/media\/5625"}],"wp:attachment":[{"href":"https:\/\/medicinasinc.com\/da\/wp-json\/wp\/v2\/media?parent=5615"}],"wp:term":[{"taxonomy":"product_brand","embeddable":true,"href":"https:\/\/medicinasinc.com\/da\/wp-json\/wp\/v2\/product_brand?post=5615"},{"taxonomy":"product_cat","embeddable":true,"href":"https:\/\/medicinasinc.com\/da\/wp-json\/wp\/v2\/product_cat?post=5615"},{"taxonomy":"product_tag","embeddable":true,"href":"https:\/\/medicinasinc.com\/da\/wp-json\/wp\/v2\/product_tag?post=5615"}],"curies":[{"name":"wp","href":"https:\/\/api.w.org\/{rel}","templated":true}]}}