{"id":5614,"date":"2022-02-22T02:44:39","date_gmt":"2022-02-22T02:44:39","guid":{"rendered":"https:\/\/medicinasinc.com\/da\/?post_type=product&#038;p=5614"},"modified":"2022-03-20T00:31:40","modified_gmt":"2022-03-20T00:31:40","slug":"kob-bk-ethyl-k-krystaller","status":"publish","type":"product","link":"https:\/\/medicinasinc.com\/da\/product\/kob-bk-ethyl-k-krystaller\/","title":{"rendered":"K\u00f8b bk-ethyl-K krystaller"},"content":{"rendered":"<p>K\u00f8b bk-Ethyl-K Chemical online fra en grossist.<\/p>\n<p>bk-Ethyl-K kemikalie kan k\u00f8bes i l\u00f8s v\u00e6gt.<\/p>\n<p>BKK-ethyl-k<\/p>\n<p>Det er ogs\u00e5 kendt som Ethylone, som er en entactogen energigiver. Det kaldes ofte 3,4-methylendioxy-N-ethylcathinon, men dette er ikke altid det korrekte navn. Ethylon kaldes 1-(1,3-Benzodioxol-5-yl)-2-(methylamino)-1-propanon, fordi det har et nyttigt navn. Formel: C12H15NO3 har en normal masse p\u00e5 221,251999 Da og en monoisotopisk masse p\u00e5 221,104996 Da. Dette er den subnukleare formel. Det bedste sted at k\u00f8be ethylen er Kina. Ethylon er en v\u00e6rdifuld sten, der kan k\u00f8bes. K\u00f8b ethylsten, der er v\u00e6rdifulde. Leverand\u00f8r af Ethylone. K\u00f8b ethylen med rabat. rabat Ethylone<\/p>\n<p>Det nye bk-Ethyl-K-stimulerende middel er et l\u00e6gemiddel lavet af en designer. Det er en amfetaminanalog. Der er ingen problemer i tolden med den nye formel.<\/p>\n<table class=\"t1\" cellspacing=\"0\" cellpadding=\"0\">\n<tbody>\n<tr>\n<td class=\"td1\" valign=\"top \">\n<p class=\"p3\"><span class=\"s1\"><b>Synonymer<\/b><\/span><\/p>\n<\/td>\n<td class=\"td2\" valign=\"top\">\n<p class=\"p3\"><a href=\"https:\/\/www.bestglobalmeds.com\/product\/research-chemicals\/buy-bk-ethyl-k-crystals\/\"><span class=\"s1\"> bk-Ethyl-K<\/span><\/a><\/p>\n<\/td>\n<\/tr>\n<tr>\n<td class=\"td3\" valign=\"top\">\n<p class=\"p3\"><span class=\"s1\"><b>IUPAC<\/b><\/span><\/p>\n<\/td>\n<td class=\"td4\" valign=\"top\">\n<p class=\"p3\"><span class=\"s1\">1-(benzo[d][1,3]dioxol-5-yl)-2-(ethylamino)pentan-1-on<\/span><\/p>\n<\/td>\n<\/tr>\n<tr>\n<td class=\"td1\" valign=\"top\">\n<p class=\"p3\"><span class=\"s1\"><b>Formel<\/b><\/span><\/p>\n<\/td>\n<td class=\"td2\" valign=\"top\">\n<p class=\"p3\"><span class=\"s1\">Nej<\/span><\/p>\n<\/td>\n<\/tr>\n<tr>\n<td class=\"td3\" valign=\"top\">\n<p class=\"p3\"><span class=\"s1\"><b>Molekylv\u00e6gt<\/b><\/span><\/p>\n<\/td>\n<td class=\"td4\" valign=\"top\">\n<p class=\"p3\"><span class=\"s1\">Nej <\/span><\/p>\n<\/td>\n<\/tr>\n<tr>\n<td class=\"td1\" valign=\"top\">\n<p class=\"p3\"><span class=\"s1\"><b>CAS<\/b><\/span><\/p>\n<\/td>\n<td class=\"td2\" valign=\"top\">\n<p class=\"p3\"><span class=\"s1\">Nej<\/span><\/p>\n<\/td>\n<\/tr>\n<tr>\n<td class=\"td3\" valign=\"top\">\n<p class=\"p3\"><span class=\"s1\"><b>Udseende <\/b><\/span><\/p>\n<\/td>\n<td class=\"td4\" valign=\"top\">\n<p class=\"p3\"><span class=\"s1\">Nej<\/span> <\/p>\n<\/td>\n<\/tr>\n<tr>\n<td class=\"td1\" valign=\"top\">\n<p class=\"p3\"><span class=\"s1\"><b>Renhed<\/p>\n<p> b&gt;<\/span><\/p>\n<\/td>\n<td class=\"td2\" valign=\"top\">\n<p class=\"p3\"><span class=\"s1\">\u2265 99 %<\/span> <\/p>\n<\/td>\n<\/tr>\n<\/tbody>\n<\/table>\n<p><img loading=\"lazy\" decoding=\"async\" class=\"alignnone wp-image-923 size-full lazyloaded\" style=\"border: 0px;vertical-align: middle;height: auto;max-width: 100%\" src=\"https:\/\/i2.wp.com\/chemspro.com\/wp-content\/uploads\/sites\/8\/2017\/04\/bk-ethyl-k- e1570866136196.jpg?resize=260%2C185&amp;ssl=1\" alt=\"bk-Ethyl-K \" width=\"260\" height=\"185\" data-attachment-id=\"923\" data-permalink=\"https:\/ \/chemspro.com\/stimulants\/bk-ethyl-k-crystals.html \/attachment\/bk-ethyl-k\" data-orig-file=\"https:\/\/i2.wp.com\/chemspro.com\/wp-content\/uploads\/sites\/8\/2017\/04\/bk-ethyl-k- e1570866136196.jpg?fit=260%2C185&amp;ssl=1\" data-orig-size=\"260,185\" data-comments-opened=\"1\" data-image-title=\"bk-ethyl-k\" data-image-description=\"&lt;p&gt;bk-Ethyl-K &lt;\/p&gt; \" data-image-caption=\"\" data-medium-file=\"https:\/\/i2.wp.com\/chemspro.com\/wp-content\/uploads\/sites\/8\/2017\/04\/bk-ethyl-k- e1570866136196.jpg?fit=300%2C213&amp;ssl=1\" data-large-file=\"https:\/\/i2.wp.com\/chemspro.com\/wp-content\/uploads\/sites\/8\/2017\/04\/bk -ethyl-k-e1570866136196.jpg?fit=260%2C185&amp;ssl=1\" data-recalc-dims=\"1\" data-src=\"https:\/\/i2.wp.com\/chemspro.com\/wp-content \/uploads\/sites\/8\/2017\/04\/bk-ethyl-k-e1570866136196.jpg?resize=260%2C185&amp;ssl=1\" \/><\/p>\n<p>Folk, der k\u00f8ber Bk-Ethyl-K fra denne websted skal bruge det til forskning og retsmedicin. Bk- Ethyl-K er en del af kathinon- og amfetamin-kemiske familier. Dette er formlens v\u00e6gt: 285,8 g-mol<\/p>\n<p>Ingen ved, hvad der vil ske med dig efter at have taget bk-ethyl-K, men der kan v\u00e6re nogle.<\/p>\n<p>Det fulde kemisk navn er bk-ethyl-K: 1- (benzo [d] [1,3] dioxol-5-yl) -2- (ethylamino) pentan-1-on er den f\u00f8rste.<\/p>\n<p> Opbevaring: p\u00e5 et sted, der er k\u00f8ligt og t\u00f8rt. Betingelserne bk-Ethyl-K kan vare op til to \u00e5r, hvis de opbevares p\u00e5 den rigtige m\u00e5de.<\/p>\n","protected":false},"excerpt":{"rendered":"<div class=\"woocommerce-product-details__short-description\">\n<p>I vores Bestglobalmeds.com-butik kan du k\u00f8be billige bk-Ethyl-K-krystaller til salg i Storbritannien, Europa og over hele verden! Det er her, du kan k\u00f8be de bedste bk-Ethyl-K krystaller p\u00e5 bestilling.<\/p>\n<p>K\u00f8b bk-Ethyl-K Chemical Online fra en grossist. billige forskningskemikalier, der har den bedste renhed til forskning<\/p>\n<p>.<\/p>\n<\/p><\/div>\n","protected":false},"featured_media":5623,"comment_status":"open","ping_status":"closed","template":"","meta":[],"product_brand":[],"product_cat":[2014],"product_tag":[3281,3282,3283,3296,3284,3286,3289,3290,3291,3287,3285,3288,3292,3293,3294,3297,3295,3298],"class_list":{"0":"post-5614","1":"product","2":"type-product","3":"status-publish","4":"has-post-thumbnail","6":"product_cat-kb-forskningskemikalier","7":"product_tag-bedste-bk-ethyl-k-krystaller-engros","8":"product_tag-bedste-sted-at-kbe-bk-ethyl-k-krystaller","9":"product_tag-bedste-sted-at-kbe-mxe","10":"product_tag-ordre-bk-ethyl-k-krystaller-uk","11":"product_tag-bk-ethyl-k-crystals","12":"product_tag-bk-ethyl-k-krystaller-kb-europa","13":"product_tag-bk-ethyl-k-crystals-kufen","14":"product_tag-bk-ethyl-k-crystals-order","15":"product_tag-bk-ethyl-k-crystals-reddit","16":"product_tag-bk-ethyl-k-krystaller-effekt","17":"product_tag-bk-ethyl-k-krystaller-kb","18":"product_tag-bk-ethyl-k-krystaller-til-salg","19":"product_tag-buy-bk-ethyl-k-crystals","20":"product_tag-buy-bk-ethyl-k-crystals-europe","21":"product_tag-buy-bk-ethyl-k-crystals-uk","22":"product_tag-detail-bk-ethyl-k-krystaller","23":"product_tag-dmt-ordre","24":"product_tag-engros-bk-ethyl-k-krystaller","26":"first","27":"instock","28":"shipping-taxable","29":"purchasable","30":"product-type-variable","31":"has-default-attributes"},"yoast_head":"<!-- This site is optimized with the Yoast SEO plugin v27.3 - https:\/\/yoast.com\/product\/yoast-seo-wordpress\/ -->\n<title>K\u00f8b bk-ethyl-K krystaller - bk-ethyl-K online - bedste globale medicin<\/title>\n<meta name=\"description\" content=\"s\u00f8ger at k\u00f8be billige bk-Ethyl-K-krystaller til salg i Storbritannien, Europa i vores Bestglobalmeds-butik med hurtig verdensomsp\u00e6ndende forsendelse! De bedste bk-Ethyl-K krystaller til bestilling finder du her!\" \/>\n<meta name=\"robots\" content=\"index, follow, max-snippet:-1, max-image-preview:large, max-video-preview:-1\" \/>\n<link rel=\"canonical\" href=\"https:\/\/medicinasinc.com\/da\/product\/kob-bk-ethyl-k-krystaller\/\" \/>\n<meta property=\"og:locale\" content=\"en_US\" \/>\n<meta property=\"og:type\" content=\"article\" \/>\n<meta property=\"og:title\" content=\"K\u00f8b bk-ethyl-K krystaller - bk-ethyl-K online - bedste globale medicin\" \/>\n<meta property=\"og:description\" content=\"s\u00f8ger at k\u00f8be billige bk-Ethyl-K-krystaller til salg i Storbritannien, Europa i vores Bestglobalmeds-butik med hurtig verdensomsp\u00e6ndende forsendelse! De bedste bk-Ethyl-K krystaller til bestilling finder du her!\" \/>\n<meta property=\"og:url\" content=\"https:\/\/medicinasinc.com\/da\/product\/kob-bk-ethyl-k-krystaller\/\" \/>\n<meta property=\"og:site_name\" content=\"Medicinas Inc\" \/>\n<meta property=\"article:modified_time\" content=\"2022-03-20T00:31:40+00:00\" \/>\n<meta property=\"og:image\" content=\"https:\/\/medicinasinc.com\/da\/wp-content\/uploads\/sites\/8\/2022\/02\/Buy-bk-Ethyl-K-Crystals.jpg\" \/>\n\t<meta property=\"og:image:width\" content=\"600\" \/>\n\t<meta property=\"og:image:height\" content=\"600\" \/>\n\t<meta property=\"og:image:type\" content=\"image\/jpeg\" \/>\n<meta name=\"twitter:card\" content=\"summary_large_image\" \/>\n<meta name=\"twitter:label1\" content=\"Est. reading time\" \/>\n\t<meta name=\"twitter:data1\" content=\"2 minutes\" \/>\n<script type=\"application\/ld+json\" class=\"yoast-schema-graph\">{\"@context\":\"https:\\\/\\\/schema.org\",\"@graph\":[{\"@type\":\"WebPage\",\"@id\":\"https:\\\/\\\/medicinasinc.com\\\/da\\\/product\\\/kob-bk-ethyl-k-krystaller\\\/\",\"url\":\"https:\\\/\\\/medicinasinc.com\\\/da\\\/product\\\/kob-bk-ethyl-k-krystaller\\\/\",\"name\":\"K\u00f8b bk-ethyl-K krystaller - bk-ethyl-K online - bedste globale medicin\",\"isPartOf\":{\"@id\":\"https:\\\/\\\/medicinasinc.com\\\/da\\\/#website\"},\"primaryImageOfPage\":{\"@id\":\"https:\\\/\\\/medicinasinc.com\\\/da\\\/product\\\/kob-bk-ethyl-k-krystaller\\\/#primaryimage\"},\"image\":{\"@id\":\"https:\\\/\\\/medicinasinc.com\\\/da\\\/product\\\/kob-bk-ethyl-k-krystaller\\\/#primaryimage\"},\"thumbnailUrl\":\"https:\\\/\\\/medicinasinc.com\\\/da\\\/wp-content\\\/uploads\\\/sites\\\/8\\\/2022\\\/02\\\/Buy-bk-Ethyl-K-Crystals.jpg\",\"datePublished\":\"2022-02-22T02:44:39+00:00\",\"dateModified\":\"2022-03-20T00:31:40+00:00\",\"description\":\"s\u00f8ger at k\u00f8be billige bk-Ethyl-K-krystaller til salg i Storbritannien, Europa i vores Bestglobalmeds-butik med hurtig verdensomsp\u00e6ndende forsendelse! De bedste bk-Ethyl-K krystaller til bestilling finder du her!\",\"breadcrumb\":{\"@id\":\"https:\\\/\\\/medicinasinc.com\\\/da\\\/product\\\/kob-bk-ethyl-k-krystaller\\\/#breadcrumb\"},\"inLanguage\":\"en-US\",\"potentialAction\":[{\"@type\":\"ReadAction\",\"target\":[\"https:\\\/\\\/medicinasinc.com\\\/da\\\/product\\\/kob-bk-ethyl-k-krystaller\\\/\"]}]},{\"@type\":\"ImageObject\",\"inLanguage\":\"en-US\",\"@id\":\"https:\\\/\\\/medicinasinc.com\\\/da\\\/product\\\/kob-bk-ethyl-k-krystaller\\\/#primaryimage\",\"url\":\"https:\\\/\\\/medicinasinc.com\\\/da\\\/wp-content\\\/uploads\\\/sites\\\/8\\\/2022\\\/02\\\/Buy-bk-Ethyl-K-Crystals.jpg\",\"contentUrl\":\"https:\\\/\\\/medicinasinc.com\\\/da\\\/wp-content\\\/uploads\\\/sites\\\/8\\\/2022\\\/02\\\/Buy-bk-Ethyl-K-Crystals.jpg\",\"width\":600,\"height\":600},{\"@type\":\"BreadcrumbList\",\"@id\":\"https:\\\/\\\/medicinasinc.com\\\/da\\\/product\\\/kob-bk-ethyl-k-krystaller\\\/#breadcrumb\",\"itemListElement\":[{\"@type\":\"ListItem\",\"position\":1,\"name\":\"Butik\",\"item\":\"https:\\\/\\\/medicinasinc.com\\\/da\\\/butik\\\/\"},{\"@type\":\"ListItem\",\"position\":2,\"name\":\"K\u00f8b bk-ethyl-K krystaller\"}]},{\"@type\":\"WebSite\",\"@id\":\"https:\\\/\\\/medicinasinc.com\\\/da\\\/#website\",\"url\":\"https:\\\/\\\/medicinasinc.com\\\/da\\\/\",\"name\":\"Medicinas Inc\",\"description\":\"Health Medical Clinic\",\"potentialAction\":[{\"@type\":\"SearchAction\",\"target\":{\"@type\":\"EntryPoint\",\"urlTemplate\":\"https:\\\/\\\/medicinasinc.com\\\/da\\\/?s={search_term_string}\"},\"query-input\":{\"@type\":\"PropertyValueSpecification\",\"valueRequired\":true,\"valueName\":\"search_term_string\"}}],\"inLanguage\":\"en-US\"}]}<\/script>\n<!-- \/ Yoast SEO plugin. -->","yoast_head_json":{"title":"K\u00f8b bk-ethyl-K krystaller - bk-ethyl-K online - bedste globale medicin","description":"s\u00f8ger at k\u00f8be billige bk-Ethyl-K-krystaller til salg i Storbritannien, Europa i vores Bestglobalmeds-butik med hurtig verdensomsp\u00e6ndende forsendelse! De bedste bk-Ethyl-K krystaller til bestilling finder du her!","robots":{"index":"index","follow":"follow","max-snippet":"max-snippet:-1","max-image-preview":"max-image-preview:large","max-video-preview":"max-video-preview:-1"},"canonical":"https:\/\/medicinasinc.com\/da\/product\/kob-bk-ethyl-k-krystaller\/","og_locale":"en_US","og_type":"article","og_title":"K\u00f8b bk-ethyl-K krystaller - bk-ethyl-K online - bedste globale medicin","og_description":"s\u00f8ger at k\u00f8be billige bk-Ethyl-K-krystaller til salg i Storbritannien, Europa i vores Bestglobalmeds-butik med hurtig verdensomsp\u00e6ndende forsendelse! De bedste bk-Ethyl-K krystaller til bestilling finder du her!","og_url":"https:\/\/medicinasinc.com\/da\/product\/kob-bk-ethyl-k-krystaller\/","og_site_name":"Medicinas Inc","article_modified_time":"2022-03-20T00:31:40+00:00","og_image":[{"width":600,"height":600,"url":"https:\/\/medicinasinc.com\/da\/wp-content\/uploads\/sites\/8\/2022\/02\/Buy-bk-Ethyl-K-Crystals.jpg","type":"image\/jpeg"}],"twitter_card":"summary_large_image","twitter_misc":{"Est. reading time":"2 minutes"},"schema":{"@context":"https:\/\/schema.org","@graph":[{"@type":"WebPage","@id":"https:\/\/medicinasinc.com\/da\/product\/kob-bk-ethyl-k-krystaller\/","url":"https:\/\/medicinasinc.com\/da\/product\/kob-bk-ethyl-k-krystaller\/","name":"K\u00f8b bk-ethyl-K krystaller - bk-ethyl-K online - bedste globale medicin","isPartOf":{"@id":"https:\/\/medicinasinc.com\/da\/#website"},"primaryImageOfPage":{"@id":"https:\/\/medicinasinc.com\/da\/product\/kob-bk-ethyl-k-krystaller\/#primaryimage"},"image":{"@id":"https:\/\/medicinasinc.com\/da\/product\/kob-bk-ethyl-k-krystaller\/#primaryimage"},"thumbnailUrl":"https:\/\/medicinasinc.com\/da\/wp-content\/uploads\/sites\/8\/2022\/02\/Buy-bk-Ethyl-K-Crystals.jpg","datePublished":"2022-02-22T02:44:39+00:00","dateModified":"2022-03-20T00:31:40+00:00","description":"s\u00f8ger at k\u00f8be billige bk-Ethyl-K-krystaller til salg i Storbritannien, Europa i vores Bestglobalmeds-butik med hurtig verdensomsp\u00e6ndende forsendelse! De bedste bk-Ethyl-K krystaller til bestilling finder du her!","breadcrumb":{"@id":"https:\/\/medicinasinc.com\/da\/product\/kob-bk-ethyl-k-krystaller\/#breadcrumb"},"inLanguage":"en-US","potentialAction":[{"@type":"ReadAction","target":["https:\/\/medicinasinc.com\/da\/product\/kob-bk-ethyl-k-krystaller\/"]}]},{"@type":"ImageObject","inLanguage":"en-US","@id":"https:\/\/medicinasinc.com\/da\/product\/kob-bk-ethyl-k-krystaller\/#primaryimage","url":"https:\/\/medicinasinc.com\/da\/wp-content\/uploads\/sites\/8\/2022\/02\/Buy-bk-Ethyl-K-Crystals.jpg","contentUrl":"https:\/\/medicinasinc.com\/da\/wp-content\/uploads\/sites\/8\/2022\/02\/Buy-bk-Ethyl-K-Crystals.jpg","width":600,"height":600},{"@type":"BreadcrumbList","@id":"https:\/\/medicinasinc.com\/da\/product\/kob-bk-ethyl-k-krystaller\/#breadcrumb","itemListElement":[{"@type":"ListItem","position":1,"name":"Butik","item":"https:\/\/medicinasinc.com\/da\/butik\/"},{"@type":"ListItem","position":2,"name":"K\u00f8b bk-ethyl-K krystaller"}]},{"@type":"WebSite","@id":"https:\/\/medicinasinc.com\/da\/#website","url":"https:\/\/medicinasinc.com\/da\/","name":"Medicinas Inc","description":"Health Medical Clinic","potentialAction":[{"@type":"SearchAction","target":{"@type":"EntryPoint","urlTemplate":"https:\/\/medicinasinc.com\/da\/?s={search_term_string}"},"query-input":{"@type":"PropertyValueSpecification","valueRequired":true,"valueName":"search_term_string"}}],"inLanguage":"en-US"}]}},"_links":{"self":[{"href":"https:\/\/medicinasinc.com\/da\/wp-json\/wp\/v2\/product\/5614","targetHints":{"allow":["GET"]}}],"collection":[{"href":"https:\/\/medicinasinc.com\/da\/wp-json\/wp\/v2\/product"}],"about":[{"href":"https:\/\/medicinasinc.com\/da\/wp-json\/wp\/v2\/types\/product"}],"replies":[{"embeddable":true,"href":"https:\/\/medicinasinc.com\/da\/wp-json\/wp\/v2\/comments?post=5614"}],"wp:featuredmedia":[{"embeddable":true,"href":"https:\/\/medicinasinc.com\/da\/wp-json\/wp\/v2\/media\/5623"}],"wp:attachment":[{"href":"https:\/\/medicinasinc.com\/da\/wp-json\/wp\/v2\/media?parent=5614"}],"wp:term":[{"taxonomy":"product_brand","embeddable":true,"href":"https:\/\/medicinasinc.com\/da\/wp-json\/wp\/v2\/product_brand?post=5614"},{"taxonomy":"product_cat","embeddable":true,"href":"https:\/\/medicinasinc.com\/da\/wp-json\/wp\/v2\/product_cat?post=5614"},{"taxonomy":"product_tag","embeddable":true,"href":"https:\/\/medicinasinc.com\/da\/wp-json\/wp\/v2\/product_tag?post=5614"}],"curies":[{"name":"wp","href":"https:\/\/api.w.org\/{rel}","templated":true}]}}