{"id":5592,"date":"2022-02-22T02:23:26","date_gmt":"2022-02-22T02:23:26","guid":{"rendered":"https:\/\/medicinasinc.com\/da\/?post_type=product&#038;p=5592"},"modified":"2022-03-20T00:31:50","modified_gmt":"2022-03-20T00:31:50","slug":"kob-eth-lad-pulver","status":"publish","type":"product","link":"https:\/\/medicinasinc.com\/da\/product\/kob-eth-lad-pulver\/","title":{"rendered":"K\u00f8b ETH-LAD Pulver"},"content":{"rendered":"<p>En kilde til at f\u00e5 ETH-LAD-pulver, ETH-LAD til salg<\/p>\n<p>ETH-LAD-pulverproducent i Kina. Leverand\u00f8rer og grossister af ETH-LAD Powder. Kina forskning kemikalier til salg: ETH-LAD Powder<\/p>\n<p>Ladd, ogs\u00e5 kendt som ETH-LAD, er en cyklisk tetrahydroindol (ogs\u00e5 kendt som ETH-LAD eller ETH-LAD).<\/p>\n<p> Lysergamide familiemedlem quinolin-9-carboxamid. ETH-LAD er en LSD-analog, der f\u00f8rst p\u00e5 det seneste har v\u00e6ret tilg\u00e6ngelig for forskersamfundet, hvilket \u00e5bner op for et v\u00e6ld af muligheder for at studere dens virkninger. Som beskrevet i Alexander Shulgins TiHKAL-bog i 1970&#8217;erne, blev ETH-LAD syntetiseret af en japansk forskningsgruppe i 1970&#8217;erne.<\/p>\n<p>Produktbeskrivelse:<\/p>\n<p>Oprindelsesamter: Kina; Holland; Litauen; USA<br \/> ETH-LAD Powder er dets officielle navn.<br \/> MF: Ingen p\u00e5 nuv\u00e6rende tidspunkt.<br \/> renhed: st\u00f8rre end eller lig med 99,5 procent<br \/> Blotters i udseende<br \/> Plast- eller aluminiumsfoliepose til pakning<\/p>\n<p>Betalingsbetingelser:<\/p>\n<p>Den mindste ordrem\u00e6ngde er ti enheder. Betal med Bitcoin, Money Gram, Bankoverf\u00f8rsel eller en hvilken som helst metode, du kan lide.<\/p>\n<p>Sampler er tilg\u00e6ngelige gratis.<\/p>\n<p>Gratis bonuspr\u00f8ver er altid inkluderet i hver ordre. Fem forskellige varer, der hver vejer to gram.<br \/> Et pr\u00f8ves\u00e6t med 10 eller flere varer, der vejer 5-10 gram hver, koster $400 og inkluderer levering. Kontakt os venligst for at afgive en ordre.<\/p>\n<p>Leverings- og forsendelsesbetingelser:<\/p>\n<p>Efter at have modtaget betaling, vil produkterne blive afsendt inden for en hverdag.<br \/> UPS, EMS, DHL, TNT eller FEDEX vil blive brugt til at sende varerne. For hvert land v\u00e6lger vi den bedste kurer og den sikreste forsendelsesmetode for dig.<br \/> 5,-14 dage for EMS-leveringstid. 4-7 dage for DHL, UPS og FedEx.<br \/> Rusland, Australien og Canada har alle strenge toldregler, som vi kan hj\u00e6lpe dig med.<br \/> I de fleste tilf\u00e6lde vil du modtage din ordre inden for fire til syv dage. Varerne vil blive sendt igen, hvis de g\u00e5r tabt eller ikke modtages af en eller anden grund.<\/p>\n<p>Kontakt os venligst, hvis du har brug for andre oplysninger.<\/p>\n<p>Bem\u00e6rk:<\/p>\n<p>Vi har en stor global kundebase og ser frem til at arbejde sammen med dig p\u00e5 lang sigt. For yderligere information, t\u00f8v ikke med at kontakte os. Vi vil g\u00f8re alt, hvad vi kan for at hj\u00e6lpe dig. Mange tak!<\/p>\n","protected":false},"excerpt":{"rendered":"<div class=\"g\">\n<div data-hveid=\"CAUQAA\" data-ved=\"2ahUKEwiXmcfFl6nzAhVLQEEAHXkQAPMQFSgAegQIBRAA\">\n<div class=\"tF2Cxc\">\n<div class=\"IsZvec\">\n<div>\n<p>Vores bedste globale medicin online shop tilbyder hurtig verdensomsp\u00e6ndende levering af ETH-LAD pulver, som er fremstillet i Europa og Storbritannien. Find det bedste ETH-LAD-pulver p\u00e5 markedet lige her.<br \/> Distribut\u00f8r af farmaceutiske mellemprodukter og forskningskemikalier fra Kinas ETH-LAD-pulverleverand\u00f8r<br \/> Du kan k\u00f8be ETH-LAD-pulver fra denne side. <br \/> Europ\u00e6isk leverand\u00f8r af ETH-LAD pulver.<br \/> En analog af LSD kaldet ETH-LAD Powder kan k\u00f8bes online.<br \/> I lighed med LSD er ETH-LAD et hallucinogent stof.<\/p>\n<p>LSD analog ETH-LAD pulver. Den aktive dosis af ETH-LAD, et psykedelisk l\u00e6gemiddel med en r\u00e6kke styrker mellem 20 og 150 mikrogram, er sammenlignelig med dosis af LSD.<\/p>\n<p>ETH-LAD-pulver kan k\u00f8bes.<\/p>\n<p>6-ethyl-6-nor-lysergic acid diethylamide IUPAC er ETH-LAD Pulver<\/p>\n<p>Ordrer vil blive afsendt fra f\u00f8lgende lande: Frankrig, Tyskland, Storbritannien og Sverige.<\/p>\n<\/p><\/div>\n<\/p><\/div>\n<\/p><\/div>\n<\/p><\/div>\n<\/p><\/div>\n","protected":false},"featured_media":5604,"comment_status":"open","ping_status":"closed","template":"","meta":[],"product_brand":[],"product_cat":[2014],"product_tag":[3279,3263,3264,3277,3265,3266,3276,3267,3269,3270,3271,3273,3274,3268,3272,3275,3278,3280],"class_list":{"0":"post-5592","1":"product","2":"type-product","3":"status-publish","4":"has-post-thumbnail","6":"product_cat-kb-forskningskemikalier","7":"product_tag-bestille-eth-lad-pulver","8":"product_tag-buy-eth-lad-powder","9":"product_tag-buy-eth-lad-powder-uk","10":"product_tag-eth-lad-anmeldelse","11":"product_tag-eth-lad-buy","12":"product_tag-eth-lad-effekt","13":"product_tag-eth-lad-detailhandler","14":"product_tag-eth-lad-order","15":"product_tag-eth-lad-powder-effect","16":"product_tag-eth-lad-pudder-europa","17":"product_tag-eth-lad-powder-for-sale","18":"product_tag-eth-lad-powder-uk","19":"product_tag-eth-lad-powder-wholesale","20":"product_tag-eth-lad-pulver","21":"product_tag-eth-lad-pudder-detalje","22":"product_tag-eth-lad-reddit","23":"product_tag-eth-lad-wholesale","24":"product_tag-hvor-kan-kbes-eth-lad-pulver","26":"first","27":"instock","28":"shipping-taxable","29":"purchasable","30":"product-type-variable","31":"has-default-attributes"},"yoast_head":"<!-- This site is optimized with the Yoast SEO plugin v27.3 - https:\/\/yoast.com\/product\/yoast-seo-wordpress\/ -->\n<title>Buy ETH-LAD powder - ETH-LAD Powder Online - Best Global Meds<\/title>\n<meta name=\"description\" content=\"K\u00f8b ETH-LAD pulver Europa, Storbritannien Online i vores Bestglobalmeds online shop med hurtig levering over hele verden! Det bedste ETH-LAD pulver til bestilling finder du her!\" \/>\n<meta name=\"robots\" content=\"index, follow, max-snippet:-1, max-image-preview:large, max-video-preview:-1\" \/>\n<link rel=\"canonical\" href=\"https:\/\/medicinasinc.com\/da\/product\/kob-eth-lad-pulver\/\" \/>\n<meta property=\"og:locale\" content=\"en_US\" \/>\n<meta property=\"og:type\" content=\"article\" \/>\n<meta property=\"og:title\" content=\"Buy ETH-LAD powder - ETH-LAD Powder Online - Best Global Meds\" \/>\n<meta property=\"og:description\" content=\"K\u00f8b ETH-LAD pulver Europa, Storbritannien Online i vores Bestglobalmeds online shop med hurtig levering over hele verden! Det bedste ETH-LAD pulver til bestilling finder du her!\" \/>\n<meta property=\"og:url\" content=\"https:\/\/medicinasinc.com\/da\/product\/kob-eth-lad-pulver\/\" \/>\n<meta property=\"og:site_name\" content=\"Medicinas Inc\" \/>\n<meta property=\"article:modified_time\" content=\"2022-03-20T00:31:50+00:00\" \/>\n<meta property=\"og:image\" content=\"https:\/\/medicinasinc.com\/da\/wp-content\/uploads\/sites\/8\/2022\/02\/Buy-ETH-LAD-Powder.jpg\" \/>\n\t<meta property=\"og:image:width\" content=\"600\" \/>\n\t<meta property=\"og:image:height\" content=\"600\" \/>\n\t<meta property=\"og:image:type\" content=\"image\/jpeg\" \/>\n<meta name=\"twitter:card\" content=\"summary_large_image\" \/>\n<meta name=\"twitter:label1\" content=\"Est. reading time\" \/>\n\t<meta name=\"twitter:data1\" content=\"2 minutes\" \/>\n<script type=\"application\/ld+json\" class=\"yoast-schema-graph\">{\"@context\":\"https:\\\/\\\/schema.org\",\"@graph\":[{\"@type\":\"WebPage\",\"@id\":\"https:\\\/\\\/medicinasinc.com\\\/da\\\/product\\\/kob-eth-lad-pulver\\\/\",\"url\":\"https:\\\/\\\/medicinasinc.com\\\/da\\\/product\\\/kob-eth-lad-pulver\\\/\",\"name\":\"Buy ETH-LAD powder - ETH-LAD Powder Online - Best Global Meds\",\"isPartOf\":{\"@id\":\"https:\\\/\\\/medicinasinc.com\\\/da\\\/#website\"},\"primaryImageOfPage\":{\"@id\":\"https:\\\/\\\/medicinasinc.com\\\/da\\\/product\\\/kob-eth-lad-pulver\\\/#primaryimage\"},\"image\":{\"@id\":\"https:\\\/\\\/medicinasinc.com\\\/da\\\/product\\\/kob-eth-lad-pulver\\\/#primaryimage\"},\"thumbnailUrl\":\"https:\\\/\\\/medicinasinc.com\\\/da\\\/wp-content\\\/uploads\\\/sites\\\/8\\\/2022\\\/02\\\/Buy-ETH-LAD-Powder.jpg\",\"datePublished\":\"2022-02-22T02:23:26+00:00\",\"dateModified\":\"2022-03-20T00:31:50+00:00\",\"description\":\"K\u00f8b ETH-LAD pulver Europa, Storbritannien Online i vores Bestglobalmeds online shop med hurtig levering over hele verden! Det bedste ETH-LAD pulver til bestilling finder du her!\",\"breadcrumb\":{\"@id\":\"https:\\\/\\\/medicinasinc.com\\\/da\\\/product\\\/kob-eth-lad-pulver\\\/#breadcrumb\"},\"inLanguage\":\"en-US\",\"potentialAction\":[{\"@type\":\"ReadAction\",\"target\":[\"https:\\\/\\\/medicinasinc.com\\\/da\\\/product\\\/kob-eth-lad-pulver\\\/\"]}]},{\"@type\":\"ImageObject\",\"inLanguage\":\"en-US\",\"@id\":\"https:\\\/\\\/medicinasinc.com\\\/da\\\/product\\\/kob-eth-lad-pulver\\\/#primaryimage\",\"url\":\"https:\\\/\\\/medicinasinc.com\\\/da\\\/wp-content\\\/uploads\\\/sites\\\/8\\\/2022\\\/02\\\/Buy-ETH-LAD-Powder.jpg\",\"contentUrl\":\"https:\\\/\\\/medicinasinc.com\\\/da\\\/wp-content\\\/uploads\\\/sites\\\/8\\\/2022\\\/02\\\/Buy-ETH-LAD-Powder.jpg\",\"width\":600,\"height\":600},{\"@type\":\"BreadcrumbList\",\"@id\":\"https:\\\/\\\/medicinasinc.com\\\/da\\\/product\\\/kob-eth-lad-pulver\\\/#breadcrumb\",\"itemListElement\":[{\"@type\":\"ListItem\",\"position\":1,\"name\":\"Butik\",\"item\":\"https:\\\/\\\/medicinasinc.com\\\/da\\\/butik\\\/\"},{\"@type\":\"ListItem\",\"position\":2,\"name\":\"K\u00f8b ETH-LAD Pulver\"}]},{\"@type\":\"WebSite\",\"@id\":\"https:\\\/\\\/medicinasinc.com\\\/da\\\/#website\",\"url\":\"https:\\\/\\\/medicinasinc.com\\\/da\\\/\",\"name\":\"Medicinas Inc\",\"description\":\"Health Medical Clinic\",\"potentialAction\":[{\"@type\":\"SearchAction\",\"target\":{\"@type\":\"EntryPoint\",\"urlTemplate\":\"https:\\\/\\\/medicinasinc.com\\\/da\\\/?s={search_term_string}\"},\"query-input\":{\"@type\":\"PropertyValueSpecification\",\"valueRequired\":true,\"valueName\":\"search_term_string\"}}],\"inLanguage\":\"en-US\"}]}<\/script>\n<!-- \/ Yoast SEO plugin. -->","yoast_head_json":{"title":"Buy ETH-LAD powder - ETH-LAD Powder Online - Best Global Meds","description":"K\u00f8b ETH-LAD pulver Europa, Storbritannien Online i vores Bestglobalmeds online shop med hurtig levering over hele verden! Det bedste ETH-LAD pulver til bestilling finder du her!","robots":{"index":"index","follow":"follow","max-snippet":"max-snippet:-1","max-image-preview":"max-image-preview:large","max-video-preview":"max-video-preview:-1"},"canonical":"https:\/\/medicinasinc.com\/da\/product\/kob-eth-lad-pulver\/","og_locale":"en_US","og_type":"article","og_title":"Buy ETH-LAD powder - ETH-LAD Powder Online - Best Global Meds","og_description":"K\u00f8b ETH-LAD pulver Europa, Storbritannien Online i vores Bestglobalmeds online shop med hurtig levering over hele verden! Det bedste ETH-LAD pulver til bestilling finder du her!","og_url":"https:\/\/medicinasinc.com\/da\/product\/kob-eth-lad-pulver\/","og_site_name":"Medicinas Inc","article_modified_time":"2022-03-20T00:31:50+00:00","og_image":[{"width":600,"height":600,"url":"https:\/\/medicinasinc.com\/da\/wp-content\/uploads\/sites\/8\/2022\/02\/Buy-ETH-LAD-Powder.jpg","type":"image\/jpeg"}],"twitter_card":"summary_large_image","twitter_misc":{"Est. reading time":"2 minutes"},"schema":{"@context":"https:\/\/schema.org","@graph":[{"@type":"WebPage","@id":"https:\/\/medicinasinc.com\/da\/product\/kob-eth-lad-pulver\/","url":"https:\/\/medicinasinc.com\/da\/product\/kob-eth-lad-pulver\/","name":"Buy ETH-LAD powder - ETH-LAD Powder Online - Best Global Meds","isPartOf":{"@id":"https:\/\/medicinasinc.com\/da\/#website"},"primaryImageOfPage":{"@id":"https:\/\/medicinasinc.com\/da\/product\/kob-eth-lad-pulver\/#primaryimage"},"image":{"@id":"https:\/\/medicinasinc.com\/da\/product\/kob-eth-lad-pulver\/#primaryimage"},"thumbnailUrl":"https:\/\/medicinasinc.com\/da\/wp-content\/uploads\/sites\/8\/2022\/02\/Buy-ETH-LAD-Powder.jpg","datePublished":"2022-02-22T02:23:26+00:00","dateModified":"2022-03-20T00:31:50+00:00","description":"K\u00f8b ETH-LAD pulver Europa, Storbritannien Online i vores Bestglobalmeds online shop med hurtig levering over hele verden! Det bedste ETH-LAD pulver til bestilling finder du her!","breadcrumb":{"@id":"https:\/\/medicinasinc.com\/da\/product\/kob-eth-lad-pulver\/#breadcrumb"},"inLanguage":"en-US","potentialAction":[{"@type":"ReadAction","target":["https:\/\/medicinasinc.com\/da\/product\/kob-eth-lad-pulver\/"]}]},{"@type":"ImageObject","inLanguage":"en-US","@id":"https:\/\/medicinasinc.com\/da\/product\/kob-eth-lad-pulver\/#primaryimage","url":"https:\/\/medicinasinc.com\/da\/wp-content\/uploads\/sites\/8\/2022\/02\/Buy-ETH-LAD-Powder.jpg","contentUrl":"https:\/\/medicinasinc.com\/da\/wp-content\/uploads\/sites\/8\/2022\/02\/Buy-ETH-LAD-Powder.jpg","width":600,"height":600},{"@type":"BreadcrumbList","@id":"https:\/\/medicinasinc.com\/da\/product\/kob-eth-lad-pulver\/#breadcrumb","itemListElement":[{"@type":"ListItem","position":1,"name":"Butik","item":"https:\/\/medicinasinc.com\/da\/butik\/"},{"@type":"ListItem","position":2,"name":"K\u00f8b ETH-LAD Pulver"}]},{"@type":"WebSite","@id":"https:\/\/medicinasinc.com\/da\/#website","url":"https:\/\/medicinasinc.com\/da\/","name":"Medicinas Inc","description":"Health Medical Clinic","potentialAction":[{"@type":"SearchAction","target":{"@type":"EntryPoint","urlTemplate":"https:\/\/medicinasinc.com\/da\/?s={search_term_string}"},"query-input":{"@type":"PropertyValueSpecification","valueRequired":true,"valueName":"search_term_string"}}],"inLanguage":"en-US"}]}},"_links":{"self":[{"href":"https:\/\/medicinasinc.com\/da\/wp-json\/wp\/v2\/product\/5592","targetHints":{"allow":["GET"]}}],"collection":[{"href":"https:\/\/medicinasinc.com\/da\/wp-json\/wp\/v2\/product"}],"about":[{"href":"https:\/\/medicinasinc.com\/da\/wp-json\/wp\/v2\/types\/product"}],"replies":[{"embeddable":true,"href":"https:\/\/medicinasinc.com\/da\/wp-json\/wp\/v2\/comments?post=5592"}],"wp:featuredmedia":[{"embeddable":true,"href":"https:\/\/medicinasinc.com\/da\/wp-json\/wp\/v2\/media\/5604"}],"wp:attachment":[{"href":"https:\/\/medicinasinc.com\/da\/wp-json\/wp\/v2\/media?parent=5592"}],"wp:term":[{"taxonomy":"product_brand","embeddable":true,"href":"https:\/\/medicinasinc.com\/da\/wp-json\/wp\/v2\/product_brand?post=5592"},{"taxonomy":"product_cat","embeddable":true,"href":"https:\/\/medicinasinc.com\/da\/wp-json\/wp\/v2\/product_cat?post=5592"},{"taxonomy":"product_tag","embeddable":true,"href":"https:\/\/medicinasinc.com\/da\/wp-json\/wp\/v2\/product_tag?post=5592"}],"curies":[{"name":"wp","href":"https:\/\/api.w.org\/{rel}","templated":true}]}}